{"id":17,"date":"2023-02-13T13:47:59","date_gmt":"2023-02-13T13:47:59","guid":{"rendered":"https:\/\/new.vwdtest.com\/lt\/?page_id=17"},"modified":"2025-11-25T12:21:11","modified_gmt":"2025-11-25T12:21:11","slug":"homepage","status":"publish","type":"page","link":"https:\/\/vwdtest.com\/lt\/","title":{"rendered":"Homepage"},"content":{"rendered":"\r\n\r\n\r\n<div class=\"container hb\">\r\n\t<div class=\"row\"> \r\n\t\t\t<div class=\"col-12 col-lg-5 home-upper\">\r\n\t<div class=\"col-12 col-lg-9 d-none d-lg-flex\">\r\n\t\t\t\t<div class=\"hb__video ltr\">\r\n\t\t\t\t\t<div class=\"hb__video-img play_video\"  data-video=\"video_hb\"><img decoding=\"async\" src=\"https:\/\/vwdtest.com\/lt\/wp-content\/uploads\/sites\/15\/2023\/12\/VWD-thumbs-Corrales-English.png\" class=\"hb__video-image\"><\/div>\r\n\t\t\t\t\t<div class=\"hb__video-text\">\r\n\t\t\t\t\t\t<h3 class=\"hb__video-title\">Su\u017einokite apie<br \/>\r\nVWDtest iniciatyv\u0105<\/h3>\r\n\t\t\t\t\t\t<button id=\"home_video\" class=\"hb__video-button button__large play_video\" data-video=\"video_hb\">\u017di\u016br\u0117ti<\/button>\r\n\t\t\t\t\t<\/div>\r\n\t\t\t\t<\/div>\r\n\t\t\t<\/div>\r\n\t\t\t<h3><strong>VWDtest.com suk\u016br\u0117 prof. Corralesas-Medina (Majamio universiteto klinikin\u0117s pediatrijos doc.), prof. Berntorpas (Lundo universiteto klinikini\u0173 koaguliacijos tyrim\u0173 prof.) ir tarptautini\u0173 ekspert\u0173 komanda. Kraujavimo sutrikim\u0173 ekspertai susib\u016br\u0117, kad atsakyt\u0173 \u012f j\u016bs\u0173 klausimus apie per didelio kraujavimo simptomus ir  <a href=\"https:\/\/vwdtest.com\/lt\/von-willebrand-disease\/\">von Willebrando lig\u0105 <\/a>(VWL).<\/strong><\/h3>\t\t\t<h1>Kaip j\u016bs save apib\u016bdintum\u0117te?<\/h1>\r\n\t\t\t\t<h3><strong>Ar nerimaujate, kad per daug kraujuojate? Galb\u016bt jums da\u017enai kraujuoja i\u0161 nosies ar vargina gausios m\u0117nesin\u0117s, o gal smarkiai kraujuojate po vizito pas odontolog\u0105 ar \u012fvykus nelaimingam atsitikimui? Svetain\u0117je VWDtest.com rasite atsakymus, jei jums neramu d\u0117l kraujavimo.<\/strong><\/h3>\n<h4>Taip pat rasite informacijos apie<a href=\"https:\/\/vwdtest.com\/lt\/von-willebrand-disease\/\"> von Willebrando lig\u0105<\/a> \u2013 da\u017eniausiai pasitaikant\u012f kraujavimo sutrikim\u0105, nes daugelis \u0161ia liga sergan\u010di\u0173 \u017emoni\u0173 ne\u017eino apie savo b\u016bkl\u0119 ir tod\u0117l negauna reikiamos pagalbos.<\/h4>\n\t\t\t\r\n\t\t<\/div> \t\t<div class=\"col-12 col-lg-7\">\r\n\t\t\t<div class=\"hb__persons row\">\r\n\t\t\t\t\t\t\t\t\t\t\t\r\n\t\t\t\t<div class=\"hb__person col-6\" id=\"person_1\">\r\n\t\t\t\t\t<img decoding=\"async\" class=\"hb__person-image hbi\" src=\"https:\/\/vwdtest.com\/lt\/wp-content\/uploads\/sites\/15\/2023\/03\/bleed-too-much.png\" alt=\"A\u0161 daug kraujuoju\">\r\n\t\t\t\t\t<a href=\"https:\/\/vwdtest.com\/lt\/i-bleed-a-lot\/\" class=\"hb__person-button hbb\">\r\n\t\t\t\t\t\t<div class=\"hb__person-text\">\r\n\t\t\t\t\t\t\t<span class=\"hb__person-content\">A\u0161 daug kraujuoju<span class=\"hb__person-content-arrow\"><\/span><\/span>\r\n\t\t\t\t\t\t\t<span class=\"hb__person-bg\">\r\n\t\t\t\t\t\t\t\t<span class=\"hb__person-arrow triangle up hba\"><\/span>\r\n\t\t\t\t\t\t\t<\/span>\r\n\t\t\t\t\t\t<\/div>\r\n\t\t\t\t\t\t\r\n\t\t\t\t\t<\/a>\r\n\t\t\t\t<\/div>\r\n\t\t\t\t\t\t\t\t\r\n\t\t\t\t<div class=\"hb__person col-6\" id=\"person_2\">\r\n\t\t\t\t\t<img decoding=\"async\" class=\"hb__person-image hbi\" src=\"https:\/\/vwdtest.com\/lt\/wp-content\/uploads\/sites\/15\/2023\/07\/vwd-person2.png\" alt=\"Mane vargina &lt;br&gt; sunkios m\u0117nesin\u0117s\">\r\n\t\t\t\t\t<a href=\"https:\/\/vwdtest.com\/lt\/heavy-periods\/\" class=\"hb__person-button hbb\">\r\n\t\t\t\t\t\t<div class=\"hb__person-text\">\r\n\t\t\t\t\t\t\t<span class=\"hb__person-content\">Mane vargina <br> sunkios m\u0117nesin\u0117s<span class=\"hb__person-content-arrow\"><\/span><\/span>\r\n\t\t\t\t\t\t\t<span class=\"hb__person-bg\">\r\n\t\t\t\t\t\t\t\t<span class=\"hb__person-arrow triangle up hba\"><\/span>\r\n\t\t\t\t\t\t\t<\/span>\r\n\t\t\t\t\t\t<\/div>\r\n\t\t\t\t\t\t\r\n\t\t\t\t\t<\/a>\r\n\t\t\t\t<\/div>\r\n\t\t\t\t\t\t\t\t\r\n\t\t\t\t<div class=\"hb__person col-6\" id=\"person_3\">\r\n\t\t\t\t\t<img decoding=\"async\" class=\"hb__person-image hbi\" src=\"https:\/\/vwdtest.com\/lt\/wp-content\/uploads\/sites\/15\/2023\/08\/Worried-patients-1.png\" alt=\"Esu susir\u016bpin\u0119s&lt;br&gt;t\u0117vas\">\r\n\t\t\t\t\t<a href=\"https:\/\/vwdtest.com\/lt\/i-am-a-worried-parent\/\" class=\"hb__person-button hbb\">\r\n\t\t\t\t\t\t<div class=\"hb__person-text\">\r\n\t\t\t\t\t\t\t<span class=\"hb__person-content\">Esu susir\u016bpin\u0119s<br>t\u0117vas<span class=\"hb__person-content-arrow\"><\/span><\/span>\r\n\t\t\t\t\t\t\t<span class=\"hb__person-bg\">\r\n\t\t\t\t\t\t\t\t<span class=\"hb__person-arrow triangle up hba\"><\/span>\r\n\t\t\t\t\t\t\t<\/span>\r\n\t\t\t\t\t\t<\/div>\r\n\t\t\t\t\t\t\r\n\t\t\t\t\t<\/a>\r\n\t\t\t\t<\/div>\r\n\t\t\t\t\t\t\t\t\r\n\t\t\t\t<div class=\"hb__person col-6\" id=\"person_4\">\r\n\t\t\t\t\t<img decoding=\"async\" class=\"hb__person-image hbi\" src=\"https:\/\/vwdtest.com\/lt\/wp-content\/uploads\/sites\/15\/2023\/08\/bnr-img4-1.png\" alt=\"Gyvenu su VWL\">\r\n\t\t\t\t\t<a href=\"https:\/\/vwdtest.com\/lt\/i-live-with-vwd\/\" class=\"hb__person-button hbb\">\r\n\t\t\t\t\t\t<div class=\"hb__person-text\">\r\n\t\t\t\t\t\t\t<span class=\"hb__person-content\">Gyvenu su VWL<span class=\"hb__person-content-arrow\"><\/span><\/span>\r\n\t\t\t\t\t\t\t<span class=\"hb__person-bg\">\r\n\t\t\t\t\t\t\t\t<span class=\"hb__person-arrow triangle up hba\"><\/span>\r\n\t\t\t\t\t\t\t<\/span>\r\n\t\t\t\t\t\t<\/div>\r\n\t\t\t\t\t\t\r\n\t\t\t\t\t<\/a>\r\n\t\t\t\t<\/div>\r\n\t\t\t\t\t\t\t\t\t\t\t\t<\/div>\r\n\t<\/div>\r\n\t<div class=\"row d-lg-none\">\r\n\t\t<div class=\"col-12 col-lg-4\">\r\n\t\t\t<div class=\"hb__video\">\r\n\t\t\t\t<div class=\"hb__video-img play_video\" data-video=\"video_hb\"><img decoding=\"async\" src=\"https:\/\/vwdtest.com\/lt\/wp-content\/uploads\/sites\/15\/2023\/12\/VWD-thumbs-Corrales-English.png\" class=\"hb__video-image\"><\/div>\r\n\t\t\t\t<div class=\"hb__video-text\">\r\n\t\t\t\t\t<h3 class=\"hb__video-title\">Su\u017einokite apie<br \/>\r\nVWDtest iniciatyv\u0105<\/h3>\r\n\t\t\t\t\t<button class=\"hb__video-button button__large play_video\" data-video=\"video_hb\">\u017di\u016br\u0117ti<\/button>\r\n\t\t\t\t<\/div>\r\n\t\t\t<\/div>\r\n\t\t<\/div>\r\n\t<\/div>\r\n<\/div>\r\n<div class=\"video\" id=\"video_hb\">\r\n\t\t<div class=\"video__box\">\r\n\t\t<div class=\"popup-close-icon\"><img decoding=\"async\" src=\"https:\/\/vwdtest.com\/fr\/wp-content\/uploads\/sites\/22\/2023\/09\/cross-icon1.svg\" alt=\"cross-icon\"><\/div>\r\n\t\t\t<video width=\"320\" height=\"240\" controls>\r\n\t\t\t\t<source src=\"https:\/\/vwdtest.com\/lt\/wp-content\/uploads\/sites\/15\/2025\/11\/VWD_Lithuania-Sonata-1920x1080-1.mp4\" type=\"video\/mp4\">\r\n\t\t\t\tYour browser does not support the video tag.\r\n\t\t\t\t\t\t\t<\/video>\t\r\n\t\t<\/div>\r\n\t<\/div>\r\n\r\n\r\n\n\n<div class=\"default-block container\">\n<div style=\"height:60px\" aria-hidden=\"true\" class=\"wp-block-spacer\"><\/div>\n<\/div>\n\n\r\n\r\n<div class=\"container take-test\">\r\n\t<div class=\"row\">\r\n\t\t<div class=\"col-12 take-test__bg\">\r\n\r\n\t\t\t<div class=\"take-test__items\">\r\n\t\t\t\t<div class=\"row\">\r\n\t\t\t\t\t<div class=\"take-test__item bleed\">\r\n\t\t\t\t\t\t<h2 class=\"take-test__sticker\">AR PER DAUG KRAUJUOJU?<\/h2>\r\n\t\t\t\t\t<\/div>\r\n\t\t\t\t\t<div class=\"take-test__item online-test\">\r\n\t\t\t\t\t\t<h3 class=\"take-test__counter take-test__counter--red\">\r\n\t\t\t\t\t\t\t<span class=\"take-test__counter-number\">52.629<\/span>\r\n\t\t\t\t\t\t\t<span class=\"take-test__counter-text\">\u017emoni\u0173 pasidar\u0117 test\u0105<\/span>\r\n\t\t\t\t\t\t<\/h3>\r\n\t\t\t\t\t<\/div>\r\n\t\t\t\t\t<div class=\"take-test__item people-identify\">\r\n\t\t\t\t\t\t<h3 class=\"take-test__counter take-test__counter--green\">\r\n\t\t\t\t\t\t\t<span class=\"take-test__counter-number\">19.229<\/span>\r\n\t\t\t\t\t\t\t<span class=\"take-test__counter-text\">buvo nustatyti \u017emon\u0117s, turintys galim\u0105 kraujavimo sutrikim\u0105<\/span>\r\n\t\t\t\t\t\t<\/h3>\r\n\t\t\t\t\t<\/div>\r\n\t\t\t\t\t<div class=\"take-test__item take-test-take\">\r\n\t\t\t\t\t\t<h3 class=\"take-test__title\">Atlikite test\u0105, kad geriau suprastum\u0117te kraujavimo simptomus.<\/h3>\r\n\t\t\t\t\t<\/div>\r\n\t\t\t\t\t<div class=\"take-test__item test-btn\">\r\n\t\t\t\t\t\t<h3 class=\"take-test__buttonContainer\">\r\n\t\t\t\t\t\t<a href=\"https:\/\/vwdtest.com\/lt\/take-test\/\" id=\"home_take_test\" class=\"button take-test__button\">Atlikite test\u0105<\/a>\r\n\t\t\t\t\t\t<\/h3>\r\n\t\t\t\t\t<\/div>\r\n\t\t\t\t<\/div>\r\n\t\t\t<\/div>\r\n\t\t<\/div>\r\n\t<\/div>\r\n<\/div>","protected":false},"excerpt":{"rendered":"","protected":false},"author":1,"featured_media":0,"parent":0,"menu_order":0,"comment_status":"closed","ping_status":"closed","template":"","meta":{"inline_featured_image":false},"acf":[],"yoast_head":"<!-- This site is optimized with the Yoast SEO plugin v20.4 - https:\/\/yoast.com\/wordpress\/plugins\/seo\/ -->\n<title>Homepage - Lithuania<\/title>\n<meta name=\"robots\" content=\"index, follow, max-snippet:-1, max-image-preview:large, max-video-preview:-1\" \/>\n<link rel=\"canonical\" href=\"https:\/\/vwdtest.com\/lt\/\" \/>\n<meta property=\"og:locale\" content=\"en_US\" \/>\n<meta property=\"og:type\" content=\"article\" \/>\n<meta property=\"og:title\" content=\"Homepage - Lithuania\" \/>\n<meta property=\"og:url\" content=\"https:\/\/vwdtest.com\/lt\/\" \/>\n<meta property=\"og:site_name\" content=\"Lithuania\" \/>\n<meta property=\"article:modified_time\" content=\"2025-11-25T12:21:11+00:00\" \/>\n<meta name=\"twitter:card\" content=\"summary_large_image\" \/>\n<script type=\"application\/ld+json\" class=\"yoast-schema-graph\">{\"@context\":\"https:\/\/schema.org\",\"@graph\":[{\"@type\":\"WebPage\",\"@id\":\"https:\/\/vwdtest.com\/lt\/\",\"url\":\"https:\/\/vwdtest.com\/lt\/\",\"name\":\"Homepage - Lithuania\",\"isPartOf\":{\"@id\":\"https:\/\/vwdtest.com\/lt\/#website\"},\"datePublished\":\"2023-02-13T13:47:59+00:00\",\"dateModified\":\"2025-11-25T12:21:11+00:00\",\"breadcrumb\":{\"@id\":\"https:\/\/vwdtest.com\/lt\/#breadcrumb\"},\"inLanguage\":\"en-US\",\"potentialAction\":[{\"@type\":\"ReadAction\",\"target\":[\"https:\/\/vwdtest.com\/lt\/\"]}]},{\"@type\":\"BreadcrumbList\",\"@id\":\"https:\/\/vwdtest.com\/lt\/#breadcrumb\",\"itemListElement\":[{\"@type\":\"ListItem\",\"position\":1,\"name\":\"Home\",\"item\":\"https:\/\/vwdtest.com\/lt\/\"},{\"@type\":\"ListItem\",\"position\":2,\"name\":\"Homepage\"}]},{\"@type\":\"WebSite\",\"@id\":\"https:\/\/vwdtest.com\/lt\/#website\",\"url\":\"https:\/\/vwdtest.com\/lt\/\",\"name\":\"Lithuania\",\"description\":\"\",\"potentialAction\":[{\"@type\":\"SearchAction\",\"target\":{\"@type\":\"EntryPoint\",\"urlTemplate\":\"https:\/\/vwdtest.com\/lt\/?s={search_term_string}\"},\"query-input\":\"required name=search_term_string\"}],\"inLanguage\":\"en-US\"}]}<\/script>\n<!-- \/ Yoast SEO plugin. -->","yoast_head_json":{"title":"Homepage - Lithuania","robots":{"index":"index","follow":"follow","max-snippet":"max-snippet:-1","max-image-preview":"max-image-preview:large","max-video-preview":"max-video-preview:-1"},"canonical":"https:\/\/vwdtest.com\/lt\/","og_locale":"en_US","og_type":"article","og_title":"Homepage - Lithuania","og_url":"https:\/\/vwdtest.com\/lt\/","og_site_name":"Lithuania","article_modified_time":"2025-11-25T12:21:11+00:00","twitter_card":"summary_large_image","schema":{"@context":"https:\/\/schema.org","@graph":[{"@type":"WebPage","@id":"https:\/\/vwdtest.com\/lt\/","url":"https:\/\/vwdtest.com\/lt\/","name":"Homepage - Lithuania","isPartOf":{"@id":"https:\/\/vwdtest.com\/lt\/#website"},"datePublished":"2023-02-13T13:47:59+00:00","dateModified":"2025-11-25T12:21:11+00:00","breadcrumb":{"@id":"https:\/\/vwdtest.com\/lt\/#breadcrumb"},"inLanguage":"en-US","potentialAction":[{"@type":"ReadAction","target":["https:\/\/vwdtest.com\/lt\/"]}]},{"@type":"BreadcrumbList","@id":"https:\/\/vwdtest.com\/lt\/#breadcrumb","itemListElement":[{"@type":"ListItem","position":1,"name":"Home","item":"https:\/\/vwdtest.com\/lt\/"},{"@type":"ListItem","position":2,"name":"Homepage"}]},{"@type":"WebSite","@id":"https:\/\/vwdtest.com\/lt\/#website","url":"https:\/\/vwdtest.com\/lt\/","name":"Lithuania","description":"","potentialAction":[{"@type":"SearchAction","target":{"@type":"EntryPoint","urlTemplate":"https:\/\/vwdtest.com\/lt\/?s={search_term_string}"},"query-input":"required name=search_term_string"}],"inLanguage":"en-US"}]}},"_links":{"self":[{"href":"https:\/\/vwdtest.com\/lt\/wp-json\/wp\/v2\/pages\/17"}],"collection":[{"href":"https:\/\/vwdtest.com\/lt\/wp-json\/wp\/v2\/pages"}],"about":[{"href":"https:\/\/vwdtest.com\/lt\/wp-json\/wp\/v2\/types\/page"}],"author":[{"embeddable":true,"href":"https:\/\/vwdtest.com\/lt\/wp-json\/wp\/v2\/users\/1"}],"replies":[{"embeddable":true,"href":"https:\/\/vwdtest.com\/lt\/wp-json\/wp\/v2\/comments?post=17"}],"version-history":[{"count":132,"href":"https:\/\/vwdtest.com\/lt\/wp-json\/wp\/v2\/pages\/17\/revisions"}],"predecessor-version":[{"id":2320,"href":"https:\/\/vwdtest.com\/lt\/wp-json\/wp\/v2\/pages\/17\/revisions\/2320"}],"wp:attachment":[{"href":"https:\/\/vwdtest.com\/lt\/wp-json\/wp\/v2\/media?parent=17"}],"curies":[{"name":"wp","href":"https:\/\/api.w.org\/{rel}","templated":true}]}}