{"id":138,"date":"2023-02-16T10:15:43","date_gmt":"2023-02-16T10:15:43","guid":{"rendered":"https:\/\/new.vwdtest.com\/lt\/?page_id=138"},"modified":"2025-09-26T11:19:45","modified_gmt":"2025-09-26T11:19:45","slug":"heavy-periods","status":"publish","type":"page","link":"https:\/\/vwdtest.com\/lt\/heavy-periods\/","title":{"rendered":"Mane vargina sunkios m\u0117nesin\u0117s"},"content":{"rendered":"<div class=\"default-block container\">\n<figure class=\"wp-block-video\"><video autoplay controls muted preload=\"auto\" src=\"https:\/\/vwdtest.com\/lt\/wp-content\/uploads\/sites\/15\/2025\/01\/VWD-Bleeding-girl_720.mp4\" playsinline><\/video><\/figure>\n<\/div>\n\n<div class=\"default-block container\">\n<h3>Ar j\u016bs\u0173 m\u0117nesin\u0117s per gausios ar trunka per ilgai?<\/h3>\n<\/div>\n\n<div class=\"default-block container\">\n<p><h5 class=\"bleeding-symptoms-title helpful live\">Ar menstruacij\u0173 metu jau\u010diat\u0117s nuolat pavargusi ir sunku susikaupti per pamokas ar darbe? Ar esate tokia i\u0161sekusi, kad vengiate i\u0161eiti i\u0161 nam\u0173? Ar menstruacij\u0173 metu jau\u010diate skausmingus spazmus? Ar po lengvos mank\u0161tos jums tr\u016bksta oro? Ar d\u0117l kraujavimo vasar\u0105 bijote d\u0117v\u0117ti baltus drabu\u017eius?<\/h5><\/p>\n<\/div>\n\n<div class=\"default-block container\">\n<p class=\"full\">Jei \u012f kur\u012f nors i\u0161 \u0161i\u0173 klausim\u0173 atsakysite \u201etaip\u201c, yra tikimyb\u0117, kad susiduriate su <a href=\"https:\/\/vwdtest.com\/lt\/bleeding-symptoms\/#hmb\">sunkiu menstruaciniu kraujavimu<\/a>. Gausios m\u0117nesin\u0117s, arba menoragija, yra gana da\u017enas rei\u0161kinys ir gali labai paveikti kasdien\u012f gyvenim\u0105 bei <a href=\"https:\/\/vwdtest.com\/lt\/i-live-with-vwd\/#mental-health\">fizin\u0119 ar psichin\u0119 sveikat\u0105<\/a>. Ma\u017edaug 1 i\u0161 4 moter\u0173 ir mergai\u010di\u0173 vis\u0105 gyvenim\u0105 patiria gausaus menstruacinio kraujavimo simptomus. Nors gausus menstruacinis kraujavimas yra da\u017enas, jis neretai nuvertinamas. Tai rei\u0161kia, kad daugelis moter\u0173 ir mergin\u0173 ken\u010dia be reikalo, o juk tai yra pagydoma.<sup>1\u20133<\/sup><\/p>\n<\/div>\n\n<img decoding=\"async\" src=\"https:\/\/vwdtest.com\/lt\/wp-content\/uploads\/sites\/15\/2023\/02\/periods.webp\" alt=\"Mane vargina sunkios m\u0117nesin\u0117s\" class=\"page_thumbnail d-xl-none\">\r\n\n\n<div class=\"default-block container\">\n<h3>Sunkaus menstruacinio kraujavimo prie\u017eastys<\/h3>\n<\/div>\n\n<div class=\"default-block container\">\n<p class=\"full\">Yra \u012fvairi\u0173 galim\u0173 <a href=\"https:\/\/vwdtest.com\/lt\/bleeding-symptoms\/#hmb\">sunkaus menstruacinio kraujavimo prie\u017eas\u010di\u0173<\/a>. Norint pasirinkti tinkam\u0105 gydym\u0105, svarbu \u017einoti tiksli\u0105 prie\u017east\u012f.<sup>3<\/sup> Ma\u017edaug 1 i\u0161 5 moter\u0173, kurioms b\u016bdingas gausus menstruacinis kraujavimas, turi pagrindin\u012f kraujavimo sutrikim\u0105. Da\u017eniausias kraujavimo sutrikimas yra <a href=\"https:\/\/vwdtest.com\/lt\/von-willebrand-disease\/\" target=\"_blank\" rel=\"noreferrer noopener\">von Willebrando liga<\/a> ( VWL). Beveik vis\u0173 VWL sergan\u010di\u0173 moter\u0173 menstruacijos sunkios. Deja, pernelyg da\u017enai VWL nelaikoma stipraus menstruacinio kraujavimo prie\u017eastimi. Be to, kai kurie gydymo b\u016bdai, kuriais kontroliuojamas gausus menstruacinis kraujavimas, neapsaugos moter\u0173, sergan\u010di\u0173 VWL, nuo kit\u0173 ligos komplikacij\u0173. Nenusta\u010dius diagnoz\u0117s, \u0161ioms moterims gresia gausus kraujavimas n\u0117\u0161tumo metu, taip pat per gimdym\u0105 ir po jo. VWL yra gydoma, tod\u0117l jei diagnoz\u0117 \u017einoma prie\u0161 n\u0117\u0161tum\u0105, kraujavimas gali b\u016bti kontroliuojamas ir moterys, sergan\u010dios VWL, gali pastoti \u012fprasta.<sup>2,4<\/sup><\/p>\n<\/div>\n\n<div class=\"default-block container\">\n<h3>Galite b\u016bti ne vienintel\u0117 \u0161eimoje, kuriai b\u016bdingos gausios m\u0117nesin\u0117s<\/h3>\n<\/div>\n\n<div class=\"default-block container\">\n<p class=\"full\">Jei nesate tikra d\u0117l m\u0117nesini\u0173, galb\u016bt jas aptar\u0117te su kitomis savo \u0161eimos moterimis. J\u016bs\u0173 mama, teta ar sesuo gali patirti pana\u0161\u0173 kraujavim\u0105 ir pasakyti, kad j\u016bs\u0173 m\u0117nesin\u0117s yra normalios. Ta\u010diau tai ne visada tiesa. Be kit\u0173 prie\u017eas\u010di\u0173, menstruacinis kraujavimas gali b\u016bti sunkus d\u0117l paveldim\u0173 kraujavimo sutrikim\u0173.<sup>2,3<\/sup> \u0160ie sutrikimai gali b\u016bti b\u016bdingi ir kitiems \u0161eimos nariams. Jei m\u0117nesin\u0117s turi \u012ftakos kasdieniam j\u016bs\u0173 gyvenimui ir savijautai, rekomenduojame apie kraujavim\u0105 pasikalb\u0117ti su gydytoju.<\/p>\n<\/div>\n\n<div class=\"default-block container\">\n<h3>Su\u017einokite, ar j\u016bs\u0173 kraujavimas yra ne per didelis<\/h3>\n<\/div>\n\n<div class=\"default-block container\">\n<p class=\"full\"><em>Kiek kraujavimo yra per daug?<\/em> \u012e \u0161\u012f klausim\u0105 kartais sunku atsakyti. Tipi\u0161ki sunkaus menstruacinio kraujavimo po\u017eymiai yra kraujavimas, trunkantis ilgiau nei savait\u0119, poreikis keisti paket\u0105 ar tampon\u0105 kas kelias valandas, jai kraujas prateka per drabu\u017eius ar \u012f patalyn\u0119, jei dideli kraujo kre\u0161uliai.<sup>5<\/sup> Nor\u0117dami su\u017einoti daugiau apie menstruacin\u012f kraujavim\u0105, mokslininkai suk\u016br\u0117 <a href=\"#\" id=\"showPdf\">paprast\u0105 menstruacij\u0173 vertinimo lentel\u0119<\/a>. \u0160ioje lentel\u0117je galite pa\u017eym\u0117ti, kiek higienini\u0173 produkt\u0173 sunaudojate kasdien. \u0160i informacija pad\u0117s jums ir j\u016bs\u0173 gydytojui i\u0161siai\u0161kinti, ar patiriate sunk\u0173 menstruacin\u012f kraujavim\u0105.<sup>6<\/sup><\/p>\n<div class=\"video test\" id=\"\">\n\n    <div class=\"video__box\">\n        <div class=\"popup-main-wrapper\">\n            <div class=\"popup-wrapper\">\n                <div class=\"popup-close-icon\"><img decoding=\"async\" src=\"https:\/\/vwdtest.com\/fr\/wp-content\/uploads\/sites\/22\/2023\/09\/cross-icon1.svg\" alt=\"cross-icon\">\n                <\/div>\n                \n            <\/div>\n        <\/div>\n\n    <\/div>\n<\/div>\n<\/div>\n\n<div class=\"default-block container\">\n<div style=\"height:30px\" aria-hidden=\"true\" class=\"wp-block-spacer\"><\/div>\n<\/div>\n\n<div class=\"default-block container\">\n<div class=\"is-content-justification-right is-layout-flex wp-container-1 wp-block-buttons\">\n<div class=\"wp-block-button download increase_download_count\"><a class=\"wp-block-button__link wp-element-button\" href=\"https:\/\/vwdtest.com\/lt\/wp-content\/uploads\/sites\/15\/2025\/09\/PBAC-0025-LT.pdf\" target=\"_blank\" rel=\"noreferrer noopener\" download>Atsisi\u0173skite menstruacij\u0173 vertinimo lentel\u0119<\/a><\/div>\n<\/div>\n<\/div>\n\n<div class=\"default-block container\">\n<div style=\"height:30px\" aria-hidden=\"true\" class=\"wp-block-spacer\"><\/div>\n<\/div>\n\n<div class=\"default-block container\">\n<div style=\"height:60px\" aria-hidden=\"true\" class=\"wp-block-spacer\"><\/div>\n<\/div>\n\n<div class=\"default-block container\">\n<p class=\"full\">Kartais moterys ir mergait\u0117s, susidurian\u010dios su sunkiu menstruaciniu kraujavimu, da\u017enai kraujuoja ir i\u0161 <a href=\"\/lt\/bleeding-symptoms\/#nosebleed\">nosies<\/a> arba <a data-type=\"page\" data-id=\"69\" href=\"https:\/\/vwdtest.com\/lt\/bleeding-symptoms\/#oral-bleed\">danten\u0173<\/a>. Kai netenkama daug kraujo, gali atsirasti <a href=\"https:\/\/vwdtest.com\/lt\/bleeding-symptoms\/#fatigue\">gele\u017eies tr\u016bkumas ir anemija<\/a>, tod\u0117l jausit\u0117s pavarg\u0119 ir i\u0161sek\u0119. Jei patyr\u0117te bet kur\u012f i\u0161 \u0161i\u0173 simptom\u0173 arba kraujuojate i\u0161traukus dant\u012f ar po nedidel\u0117s chirurgin\u0117s proced\u016bros, rekomenduojame pasinaudoti m\u016bs\u0173 <a href=\"https:\/\/vwdtest.com\/lt\/take-test\/\">kraujavimo testu<\/a>. Mokslininkai suk\u016br\u0117 \u0161\u012f test\u0105, kad pad\u0117t\u0173 i\u0161siai\u0161kinti, ar j\u016bs\u0173 kraujavimas yra per didelis, ar ne.<sup>2<\/sup> Tai u\u017etruks tik kelias minutes ir atskleis, ar d\u0117l kraujavimo tur\u0117tum\u0117te kreiptis \u012f gydytoj\u0105. Jei ruo\u0161iat\u0117s operacijai, tai gali b\u016bti dar svarbiau.<\/p>\n<\/div>\n\n<div class=\"default-block container\">\n<div class=\"is-content-justification-right is-layout-flex wp-container-2 wp-block-buttons\">\n<div class=\"wp-block-button take-test\"><a class=\"wp-block-button__link wp-element-button\" href=\"\/lt\/take-test\">Atlikite test\u0105<\/a><\/div>\n<\/div>\n<\/div>\n\n<div class=\"default-block container\">\n<h6>\u0160altiniai<\/h6>\n<\/div>\n\n<div class=\"default-block container\">\n<ol type=\"1\"><div class=\"default-block container\">\n<li>Fraser IS et al. <em>Int J Gynaecol Obstet <\/em>2015; 128:196-200.<\/li>\n<\/div>\n\n<div class=\"default-block container\">\n<li>Corrales-Medina FF et al. <em>Blood Rev <\/em>2022; 101018. <\/li>\n<\/div>\n\n<div class=\"default-block container\">\n<li><a href=\"https:\/\/www.acog.org\/womens-health\/faqs\/heavy-menstrual-bleeding\" target=\"_blank\" rel=\"noreferrer noopener\">https:\/\/www.acog.org\/womens-health\/faqs\/heavy-menstrual-bleeding<\/a>; last accessed Jan 2023.<\/li>\n<\/div>\n\n<div class=\"default-block container\">\n<li><a href=\"https:\/\/www.cdc.gov\/ncbddd\/vwd\/women.html\" target=\"_blank\" rel=\"noreferrer noopener\">https:\/\/www.cdc.gov\/ncbddd\/vwd\/women.html<\/a>; last accessed Jan 2023.<\/li>\n<\/div>\n\n<div class=\"default-block container\">\n<li><a href=\"https:\/\/www.nhs.uk\/conditions\/heavy-periods\/\" target=\"_blank\" rel=\"noreferrer noopener\">https:\/\/www.nhs.uk\/conditions\/heavy-periods\/<\/a>; last accessed Jan 2023.<\/li>\n<\/div>\n\n<div class=\"default-block container\">\n<li>Higham JM et al. <em>Br J Obstet Gynaecol <\/em>1990; 97:734-9.<\/li>\n<\/div><\/ol>\n<\/div>","protected":false},"excerpt":{"rendered":"<p>Ar j\u016bs\u0173 m\u0117nesin\u0117s per gausios ar trunka per ilgai? Ar menstruacij\u0173 metu jau\u010diat\u0117s nuolat pavargusi ir sunku susikaupti per pamokas ar darbe? Ar esate tokia i\u0161sekusi, kad vengiate i\u0161eiti i\u0161 nam\u0173? Ar menstruacij\u0173 metu jau\u010diate skausmingus spazmus? Ar po lengvos mank\u0161tos jums tr\u016bksta oro? Ar d\u0117l kraujavimo vasar\u0105 bijote d\u0117v\u0117ti baltus drabu\u017eius? Jei \u012f kur\u012f [&hellip;]<\/p>\n","protected":false},"author":1,"featured_media":227,"parent":0,"menu_order":0,"comment_status":"closed","ping_status":"closed","template":"","meta":{"inline_featured_image":false},"acf":[],"yoast_head":"<!-- This site is optimized with the Yoast SEO plugin v20.4 - https:\/\/yoast.com\/wordpress\/plugins\/seo\/ -->\n<title>Mane vargina sunkios m\u0117nesin\u0117s - Lithuania<\/title>\n<meta name=\"robots\" content=\"index, follow, max-snippet:-1, max-image-preview:large, max-video-preview:-1\" \/>\n<link rel=\"canonical\" href=\"https:\/\/vwdtest.com\/lt\/heavy-periods\/\" \/>\n<meta property=\"og:locale\" content=\"en_US\" \/>\n<meta property=\"og:type\" content=\"article\" \/>\n<meta property=\"og:title\" content=\"Mane vargina sunkios m\u0117nesin\u0117s - Lithuania\" \/>\n<meta property=\"og:description\" content=\"Ar j\u016bs\u0173 m\u0117nesin\u0117s per gausios ar trunka per ilgai? Ar menstruacij\u0173 metu jau\u010diat\u0117s nuolat pavargusi ir sunku susikaupti per pamokas ar darbe? Ar esate tokia i\u0161sekusi, kad vengiate i\u0161eiti i\u0161 nam\u0173? Ar menstruacij\u0173 metu jau\u010diate skausmingus spazmus? Ar po lengvos mank\u0161tos jums tr\u016bksta oro? Ar d\u0117l kraujavimo vasar\u0105 bijote d\u0117v\u0117ti baltus drabu\u017eius? Jei \u012f kur\u012f [&hellip;]\" \/>\n<meta property=\"og:url\" content=\"https:\/\/vwdtest.com\/lt\/heavy-periods\/\" \/>\n<meta property=\"og:site_name\" content=\"Lithuania\" \/>\n<meta property=\"article:modified_time\" content=\"2025-09-26T11:19:45+00:00\" \/>\n<meta property=\"og:image\" content=\"https:\/\/vwdtest.com\/lt\/wp-content\/uploads\/sites\/15\/2023\/02\/periods.webp\" \/>\n\t<meta property=\"og:image:width\" content=\"674\" \/>\n\t<meta property=\"og:image:height\" content=\"929\" \/>\n\t<meta property=\"og:image:type\" content=\"image\/webp\" \/>\n<meta name=\"twitter:card\" content=\"summary_large_image\" \/>\n<meta name=\"twitter:label1\" content=\"Est. reading time\" \/>\n\t<meta name=\"twitter:data1\" content=\"3 minutes\" \/>\n<script type=\"application\/ld+json\" class=\"yoast-schema-graph\">{\"@context\":\"https:\/\/schema.org\",\"@graph\":[{\"@type\":\"WebPage\",\"@id\":\"https:\/\/vwdtest.com\/lt\/heavy-periods\/\",\"url\":\"https:\/\/vwdtest.com\/lt\/heavy-periods\/\",\"name\":\"Mane vargina sunkios m\u0117nesin\u0117s - Lithuania\",\"isPartOf\":{\"@id\":\"https:\/\/vwdtest.com\/lt\/#website\"},\"datePublished\":\"2023-02-16T10:15:43+00:00\",\"dateModified\":\"2025-09-26T11:19:45+00:00\",\"breadcrumb\":{\"@id\":\"https:\/\/vwdtest.com\/lt\/heavy-periods\/#breadcrumb\"},\"inLanguage\":\"en-US\",\"potentialAction\":[{\"@type\":\"ReadAction\",\"target\":[\"https:\/\/vwdtest.com\/lt\/heavy-periods\/\"]}]},{\"@type\":\"BreadcrumbList\",\"@id\":\"https:\/\/vwdtest.com\/lt\/heavy-periods\/#breadcrumb\",\"itemListElement\":[{\"@type\":\"ListItem\",\"position\":1,\"name\":\"Home\",\"item\":\"https:\/\/vwdtest.com\/lt\/\"},{\"@type\":\"ListItem\",\"position\":2,\"name\":\"Mane vargina sunkios m\u0117nesin\u0117s\"}]},{\"@type\":\"WebSite\",\"@id\":\"https:\/\/vwdtest.com\/lt\/#website\",\"url\":\"https:\/\/vwdtest.com\/lt\/\",\"name\":\"Lithuania\",\"description\":\"\",\"potentialAction\":[{\"@type\":\"SearchAction\",\"target\":{\"@type\":\"EntryPoint\",\"urlTemplate\":\"https:\/\/vwdtest.com\/lt\/?s={search_term_string}\"},\"query-input\":\"required name=search_term_string\"}],\"inLanguage\":\"en-US\"}]}<\/script>\n<!-- \/ Yoast SEO plugin. -->","yoast_head_json":{"title":"Mane vargina sunkios m\u0117nesin\u0117s - Lithuania","robots":{"index":"index","follow":"follow","max-snippet":"max-snippet:-1","max-image-preview":"max-image-preview:large","max-video-preview":"max-video-preview:-1"},"canonical":"https:\/\/vwdtest.com\/lt\/heavy-periods\/","og_locale":"en_US","og_type":"article","og_title":"Mane vargina sunkios m\u0117nesin\u0117s - Lithuania","og_description":"Ar j\u016bs\u0173 m\u0117nesin\u0117s per gausios ar trunka per ilgai? Ar menstruacij\u0173 metu jau\u010diat\u0117s nuolat pavargusi ir sunku susikaupti per pamokas ar darbe? Ar esate tokia i\u0161sekusi, kad vengiate i\u0161eiti i\u0161 nam\u0173? Ar menstruacij\u0173 metu jau\u010diate skausmingus spazmus? Ar po lengvos mank\u0161tos jums tr\u016bksta oro? Ar d\u0117l kraujavimo vasar\u0105 bijote d\u0117v\u0117ti baltus drabu\u017eius? Jei \u012f kur\u012f [&hellip;]","og_url":"https:\/\/vwdtest.com\/lt\/heavy-periods\/","og_site_name":"Lithuania","article_modified_time":"2025-09-26T11:19:45+00:00","og_image":[{"width":674,"height":929,"url":"https:\/\/vwdtest.com\/lt\/wp-content\/uploads\/sites\/15\/2023\/02\/periods.webp","type":"image\/webp"}],"twitter_card":"summary_large_image","twitter_misc":{"Est. reading time":"3 minutes"},"schema":{"@context":"https:\/\/schema.org","@graph":[{"@type":"WebPage","@id":"https:\/\/vwdtest.com\/lt\/heavy-periods\/","url":"https:\/\/vwdtest.com\/lt\/heavy-periods\/","name":"Mane vargina sunkios m\u0117nesin\u0117s - Lithuania","isPartOf":{"@id":"https:\/\/vwdtest.com\/lt\/#website"},"datePublished":"2023-02-16T10:15:43+00:00","dateModified":"2025-09-26T11:19:45+00:00","breadcrumb":{"@id":"https:\/\/vwdtest.com\/lt\/heavy-periods\/#breadcrumb"},"inLanguage":"en-US","potentialAction":[{"@type":"ReadAction","target":["https:\/\/vwdtest.com\/lt\/heavy-periods\/"]}]},{"@type":"BreadcrumbList","@id":"https:\/\/vwdtest.com\/lt\/heavy-periods\/#breadcrumb","itemListElement":[{"@type":"ListItem","position":1,"name":"Home","item":"https:\/\/vwdtest.com\/lt\/"},{"@type":"ListItem","position":2,"name":"Mane vargina sunkios m\u0117nesin\u0117s"}]},{"@type":"WebSite","@id":"https:\/\/vwdtest.com\/lt\/#website","url":"https:\/\/vwdtest.com\/lt\/","name":"Lithuania","description":"","potentialAction":[{"@type":"SearchAction","target":{"@type":"EntryPoint","urlTemplate":"https:\/\/vwdtest.com\/lt\/?s={search_term_string}"},"query-input":"required name=search_term_string"}],"inLanguage":"en-US"}]}},"_links":{"self":[{"href":"https:\/\/vwdtest.com\/lt\/wp-json\/wp\/v2\/pages\/138"}],"collection":[{"href":"https:\/\/vwdtest.com\/lt\/wp-json\/wp\/v2\/pages"}],"about":[{"href":"https:\/\/vwdtest.com\/lt\/wp-json\/wp\/v2\/types\/page"}],"author":[{"embeddable":true,"href":"https:\/\/vwdtest.com\/lt\/wp-json\/wp\/v2\/users\/1"}],"replies":[{"embeddable":true,"href":"https:\/\/vwdtest.com\/lt\/wp-json\/wp\/v2\/comments?post=138"}],"version-history":[{"count":78,"href":"https:\/\/vwdtest.com\/lt\/wp-json\/wp\/v2\/pages\/138\/revisions"}],"predecessor-version":[{"id":2298,"href":"https:\/\/vwdtest.com\/lt\/wp-json\/wp\/v2\/pages\/138\/revisions\/2298"}],"wp:featuredmedia":[{"embeddable":true,"href":"https:\/\/vwdtest.com\/lt\/wp-json\/wp\/v2\/media\/227"}],"wp:attachment":[{"href":"https:\/\/vwdtest.com\/lt\/wp-json\/wp\/v2\/media?parent=138"}],"curies":[{"name":"wp","href":"https:\/\/api.w.org\/{rel}","templated":true}]}}