{"id":1091,"date":"2023-08-14T07:57:20","date_gmt":"2023-08-14T07:57:20","guid":{"rendered":"https:\/\/new.vwdtest.com\/lt\/?page_id=1091"},"modified":"2025-10-09T12:01:32","modified_gmt":"2025-10-09T12:01:32","slug":"family-doctor-paediatrician","status":"publish","type":"page","link":"https:\/\/vwdtest.com\/lt\/family-doctor-paediatrician\/","title":{"rendered":"\u0160EIMOS GYDYTOJAS \/ PEDIATRAS"},"content":{"rendered":"<div class=\"default-block container\">\n<p><h5 class=\"bleeding-symptoms-title vwd\">VWL sergantys vaikai taip pat gali patirti emocini\u0173 ir elgesio sunkum\u0173 mokykloje ir \u0161eimos gyvenime, nes jau\u010dia kraujavimo baim\u0119, o d\u0117l da\u017eno kraujavimo sutrinka ir mokyklos lankymas. <sup>4 <\/sup>Be to, kraujavimo baim\u0117 taip pat gali b\u016bti didel\u0117 <a href=\"https:\/\/vwdtest.com\/lt\/i-live-with-vwd\/#mental-health\">psichologin\u0117 na\u0161ta <\/a> vaiko glob\u0117jams ir paskatinti juos apriboti fizin\u0119 bei socialin\u0119 vaiko veikl\u0105, kuri yra svarbi normaliai jo raidai.<sup>5<\/sup><\/h5><\/p>\n<\/div>\n\n<img decoding=\"async\" src=\"https:\/\/vwdtest.com\/lt\/wp-content\/uploads\/sites\/15\/2023\/08\/paediatrician-img.png\" alt=\"\u0160EIMOS GYDYTOJAS \/ PEDIATRAS\" class=\"page_thumbnail d-xl-none\">\r\n\n\n<div class=\"default-block container\">\n<h3>\u0160eimos gydytoj\u0173 ir pediatr\u0173 vaidmuo<\/h3>\n<\/div>\n\n<div class=\"default-block container\">\n<p class=\"full\">VWL yra labiausiai paplit\u0119s vaik\u0173 kraujavimo sutrikimas.<sup>6 <\/sup>Da\u017eni kraujavimo simptomai vaikams, sergantiems VWL, yra <a href=\"https:\/\/vwdtest.com\/lt\/bleeding-symptoms\/#easy-bruising\">lengvas kraujosruv\u0173 susidarymas<\/a>, kraujavimas i\u0161 burnos ir <a href=\"https:\/\/vwdtest.com\/lt\/bleeding-symptoms\/#nosebleed\">nosies<\/a>, ir u\u017esit\u0119s\u0119s kraujavimas i\u0161 nedideli\u0173 \u017eaizd\u0173 ar po operacijos.<sup>2 <\/sup>Kaip \u0161eimos gydytojas ar pediatras, da\u017enai b\u016bsite pirmas medicinos specialistas, kuris pamatys tokius simptomus turin\u010dius vaikus ir j\u016bs\u0173 u\u017eduotis bus nustatyti, ar vaikas nepasi\u017eymi per dideliu kraujavimu, kur\u012f toliau tur\u0117t\u0173 tirti specialistas.<sup>7 <\/sup>Tiek suaugusiesiems, tiek vaikams, turintiems kraujavimo sutrikim\u0173, kraujavimo istorijos fiksavimas yra pirmas diagnoz\u0117s \u017eingsnis. Vertinant vaiko kraujavimo istorij\u0105, labai svarbu atsi\u017evelgti \u012f paciento am\u017ei\u0173 ir raidos geb\u0117jimus. K\u016bdikiams, kurie dar ma\u017eai juda, retai atsiranda kraujosruv\u0173, ta\u010diau ne\u012fprastas kraujavimas gali pasireik\u0161ti po apipjaustymo ar kraujo pa\u0117mimo.<sup>2,7<\/sup> Vaikams vis daugiau judant, daug\u0117ja smulki\u0173 \u012fbr\u0117\u017eim\u0173 ir kraujosruv\u0173 d\u0117l sm\u016bgi\u0173 ar kritimo. Ta\u010diau jei kraujosruvos yra didesn\u0117s arba atsiranda da\u017eniau nei \u012fprasta, gali b\u016bti \u012ftariamas kraujavimo sutrikimas. Vaikams, sergantiems VWL, gali atsirasti m\u0117lyni\u0173 ne\u012fprastose vietose, pvz., ant nugaros ar pilvo. Tokios m\u0117lyn\u0117s gali b\u016bti klaidingai laikomos prievartos prie\u0161 vaikus po\u017eymiais, o t\u0117vai gali jaudintis d\u0117l toki\u0173 \u012ftarim\u0173.<sup>8 <\/sup>Galiausiai, mergait\u0117ms sulaukus brendimo, <a href=\"https:\/\/vwdtest.com\/lt\/bleeding-symptoms\/#hmb\">smarkus menstruacinis kraujavimas<\/a> tampa da\u017eniausiai pasitaikan\u010diu VWL kraujavimo simptomu. Aptariant \u0161iuos simptomus su pacientais ir j\u0173 glob\u0117jais, svarbu atsi\u017evelgti ir \u012f \u0161eimos kraujavimo istorij\u0105, nes pasikartojantis per didelis kraujavimas gali b\u016bti per menkai \u012fvertintas \u0161eimoje.<sup>2,9<\/sup><\/p>\n<\/div>\n\n<div class=\"default-block container\">\n<p class=\"full\">Gali b\u016bti sud\u0117tinga nuspr\u0119sti, ar kraujavimo simptomai yra ne\u012fprasti.<sup>7 <\/sup>Norint pirm\u0105 kart\u0105 \u012fvertinti kraujavimo simptomus, ypa\u010d pacientams, kuriems numatyta operacija, rekomenduojame atlikti m\u016bs\u0173 <a href=\"\/lt\/take-test\">kraujavimo test\u0105<\/a>. Testas parodys, ar reikalingi tolesni tyrimai \u2013 ir tai gali pakeisti j\u016bs\u0173 paciento gyvenim\u0105!<\/p>\n<\/div>\n\n<div class=\"default-block container\">\n<p class=\"full\">Galutin\u0117 VWL diagnoz\u0117 yra sud\u0117tingo proceso rezultatas.<sup>2<\/sup> Tod\u0117l rekomenduojame susisiekti su netoliese esan\u010diu <a href=\"https:\/\/vwdtest.com\/lt\/helpful-resources\/\">hemofilijos gydymo centru<\/a>, jei reikalingas tolesnis diagnostinis \u012fvertinimas. \u012evairi\u0173 specialist\u0173 gydymo centro komandos suteiks optimali\u0105 pagalb\u0105 pacientams, turintiems kraujavimo sutrikim\u0173. VWDtest irgi pateikia daugiau informacijos apie ligos <a href=\"https:\/\/vwdtest.com\/lt\/i-live-with-vwd\/\">etiologij\u0105<\/a>, <a href=\"https:\/\/vwdtest.com\/lt\/i-live-with-vwd\/\">diagnoz\u0119<\/a> ir <a href=\"https:\/\/vwdtest.com\/lt\/i-live-with-vwd\/\">valdym\u0105<\/a>, taip pat \u012f\u017evalg\u0173, koks yra tipi\u0161kas VWL sergan\u010di\u0173 pacient\u0173 <a href=\"\/lt\/helpful-resources\/#journey\">gyvenimas<\/a>.<\/p>\n<\/div>\n\n<div class=\"default-block container\">\n<h6>\u0160altiniai<\/h6>\n<\/div>\n\n<div class=\"default-block container\">\n<ol type=\"1\"><div class=\"default-block container\">\n<li>Atiq F et al. <em>EClinicalMedicine<\/em> 2021; 32:100726.<\/li>\n<\/div>\n\n<div class=\"default-block container\">\n<li>Corrales-Medina FF et al. <em>Blood Rev <\/em>2023; 58:101018.<\/li>\n<\/div>\n\n<div class=\"default-block container\">\n<li>Patel PN et al. Int J <em>Pediatr Otorhinolaryngol<\/em> 2017; 100:216-22.<\/li>\n<\/div>\n\n<div class=\"default-block container\">\n<li>de Wee EM et al. <em>J Thromb Haemost<\/em> 2011; 9:502-9.<\/li>\n<\/div>\n\n<div class=\"default-block container\">\n<li><a href=\"https:\/\/www.hemophilia.org\/sites\/default\/files\/document\/files\/nurses-guide-chapter-13a-child-development-with-bleeding-disorder-transition.pdf\" target=\"_blank\" rel=\"noreferrer noopener\">https:\/\/www.hemophilia.org\/sites\/default\/files\/document\/files\/nurses-guide-chapter-13a-child-development-with-bleeding-disorder-transition.pdf<\/a>; last accessed Mar 2023.<\/li>\n<\/div>\n\n<div class=\"default-block container\">\n<li>Klaassen R and Halton <em>JM Paediatr Child Health<\/em> 2002; 7:245-9.<\/li>\n<\/div>\n\n<div class=\"default-block container\">\n<li>Van Ommen CH and Peters M. <em>Eur J Pediatr<\/em> 2012; 171:1-10.<\/li>\n<\/div>\n\n<div class=\"default-block container\">\n<li>Jackson J et al. <em>Child Abuse Negl<\/em> 2012; 36:127-34.<\/li>\n<\/div>\n\n<div class=\"default-block container\">\n<li>VanderMeulen H, et al. <em>Hematology Am Soc Hematol Educ Program<\/em> 2022 1: 631-6.<\/li>\n<\/div><\/ol>\n<\/div>","protected":false},"excerpt":{"rendered":"<p>VWL sergantys vaikai taip pat gali patirti emocini\u0173 ir elgesio sunkum\u0173 mokykloje ir \u0161eimos gyvenime, nes jau\u010dia kraujavimo baim\u0119, o d\u0117l da\u017eno kraujavimo sutrinka ir mokyklos lankymas. 4 Be to, kraujavimo baim\u0117 taip pat gali b\u016bti didel\u0117 psichologin\u0117 na\u0161ta vaiko glob\u0117jams ir paskatinti juos apriboti fizin\u0119 bei socialin\u0119 vaiko veikl\u0105, kuri yra svarbi normaliai jo [&hellip;]<\/p>\n","protected":false},"author":1,"featured_media":1095,"parent":0,"menu_order":0,"comment_status":"closed","ping_status":"closed","template":"","meta":{"inline_featured_image":false},"acf":[],"yoast_head":"<!-- This site is optimized with the Yoast SEO plugin v20.4 - https:\/\/yoast.com\/wordpress\/plugins\/seo\/ -->\n<title>\u0160EIMOS GYDYTOJAS \/ PEDIATRAS - Lithuania<\/title>\n<meta name=\"robots\" content=\"index, follow, max-snippet:-1, max-image-preview:large, max-video-preview:-1\" \/>\n<link rel=\"canonical\" href=\"https:\/\/vwdtest.com\/lt\/family-doctor-paediatrician\/\" \/>\n<meta property=\"og:locale\" content=\"en_US\" \/>\n<meta property=\"og:type\" content=\"article\" \/>\n<meta property=\"og:title\" content=\"\u0160EIMOS GYDYTOJAS \/ PEDIATRAS - Lithuania\" \/>\n<meta property=\"og:description\" content=\"VWL sergantys vaikai taip pat gali patirti emocini\u0173 ir elgesio sunkum\u0173 mokykloje ir \u0161eimos gyvenime, nes jau\u010dia kraujavimo baim\u0119, o d\u0117l da\u017eno kraujavimo sutrinka ir mokyklos lankymas. 4 Be to, kraujavimo baim\u0117 taip pat gali b\u016bti didel\u0117 psichologin\u0117 na\u0161ta vaiko glob\u0117jams ir paskatinti juos apriboti fizin\u0119 bei socialin\u0119 vaiko veikl\u0105, kuri yra svarbi normaliai jo [&hellip;]\" \/>\n<meta property=\"og:url\" content=\"https:\/\/vwdtest.com\/lt\/family-doctor-paediatrician\/\" \/>\n<meta property=\"og:site_name\" content=\"Lithuania\" \/>\n<meta property=\"article:modified_time\" content=\"2025-10-09T12:01:32+00:00\" \/>\n<meta property=\"og:image\" content=\"https:\/\/vwdtest.com\/lt\/wp-content\/uploads\/sites\/15\/2023\/08\/paediatrician-img.png\" \/>\n\t<meta property=\"og:image:width\" content=\"687\" \/>\n\t<meta property=\"og:image:height\" content=\"799\" \/>\n\t<meta property=\"og:image:type\" content=\"image\/png\" \/>\n<meta name=\"twitter:card\" content=\"summary_large_image\" \/>\n<meta name=\"twitter:label1\" content=\"Est. reading time\" \/>\n\t<meta name=\"twitter:data1\" content=\"2 minutes\" \/>\n<script type=\"application\/ld+json\" class=\"yoast-schema-graph\">{\"@context\":\"https:\/\/schema.org\",\"@graph\":[{\"@type\":\"WebPage\",\"@id\":\"https:\/\/vwdtest.com\/lt\/family-doctor-paediatrician\/\",\"url\":\"https:\/\/vwdtest.com\/lt\/family-doctor-paediatrician\/\",\"name\":\"\u0160EIMOS GYDYTOJAS \/ PEDIATRAS - Lithuania\",\"isPartOf\":{\"@id\":\"https:\/\/vwdtest.com\/lt\/#website\"},\"datePublished\":\"2023-08-14T07:57:20+00:00\",\"dateModified\":\"2025-10-09T12:01:32+00:00\",\"breadcrumb\":{\"@id\":\"https:\/\/vwdtest.com\/lt\/family-doctor-paediatrician\/#breadcrumb\"},\"inLanguage\":\"en-US\",\"potentialAction\":[{\"@type\":\"ReadAction\",\"target\":[\"https:\/\/vwdtest.com\/lt\/family-doctor-paediatrician\/\"]}]},{\"@type\":\"BreadcrumbList\",\"@id\":\"https:\/\/vwdtest.com\/lt\/family-doctor-paediatrician\/#breadcrumb\",\"itemListElement\":[{\"@type\":\"ListItem\",\"position\":1,\"name\":\"Home\",\"item\":\"https:\/\/vwdtest.com\/lt\/\"},{\"@type\":\"ListItem\",\"position\":2,\"name\":\"\u0160EIMOS GYDYTOJAS \/ PEDIATRAS\"}]},{\"@type\":\"WebSite\",\"@id\":\"https:\/\/vwdtest.com\/lt\/#website\",\"url\":\"https:\/\/vwdtest.com\/lt\/\",\"name\":\"Lithuania\",\"description\":\"\",\"potentialAction\":[{\"@type\":\"SearchAction\",\"target\":{\"@type\":\"EntryPoint\",\"urlTemplate\":\"https:\/\/vwdtest.com\/lt\/?s={search_term_string}\"},\"query-input\":\"required name=search_term_string\"}],\"inLanguage\":\"en-US\"}]}<\/script>\n<!-- \/ Yoast SEO plugin. -->","yoast_head_json":{"title":"\u0160EIMOS GYDYTOJAS \/ PEDIATRAS - Lithuania","robots":{"index":"index","follow":"follow","max-snippet":"max-snippet:-1","max-image-preview":"max-image-preview:large","max-video-preview":"max-video-preview:-1"},"canonical":"https:\/\/vwdtest.com\/lt\/family-doctor-paediatrician\/","og_locale":"en_US","og_type":"article","og_title":"\u0160EIMOS GYDYTOJAS \/ PEDIATRAS - Lithuania","og_description":"VWL sergantys vaikai taip pat gali patirti emocini\u0173 ir elgesio sunkum\u0173 mokykloje ir \u0161eimos gyvenime, nes jau\u010dia kraujavimo baim\u0119, o d\u0117l da\u017eno kraujavimo sutrinka ir mokyklos lankymas. 4 Be to, kraujavimo baim\u0117 taip pat gali b\u016bti didel\u0117 psichologin\u0117 na\u0161ta vaiko glob\u0117jams ir paskatinti juos apriboti fizin\u0119 bei socialin\u0119 vaiko veikl\u0105, kuri yra svarbi normaliai jo [&hellip;]","og_url":"https:\/\/vwdtest.com\/lt\/family-doctor-paediatrician\/","og_site_name":"Lithuania","article_modified_time":"2025-10-09T12:01:32+00:00","og_image":[{"width":687,"height":799,"url":"https:\/\/vwdtest.com\/lt\/wp-content\/uploads\/sites\/15\/2023\/08\/paediatrician-img.png","type":"image\/png"}],"twitter_card":"summary_large_image","twitter_misc":{"Est. reading time":"2 minutes"},"schema":{"@context":"https:\/\/schema.org","@graph":[{"@type":"WebPage","@id":"https:\/\/vwdtest.com\/lt\/family-doctor-paediatrician\/","url":"https:\/\/vwdtest.com\/lt\/family-doctor-paediatrician\/","name":"\u0160EIMOS GYDYTOJAS \/ PEDIATRAS - Lithuania","isPartOf":{"@id":"https:\/\/vwdtest.com\/lt\/#website"},"datePublished":"2023-08-14T07:57:20+00:00","dateModified":"2025-10-09T12:01:32+00:00","breadcrumb":{"@id":"https:\/\/vwdtest.com\/lt\/family-doctor-paediatrician\/#breadcrumb"},"inLanguage":"en-US","potentialAction":[{"@type":"ReadAction","target":["https:\/\/vwdtest.com\/lt\/family-doctor-paediatrician\/"]}]},{"@type":"BreadcrumbList","@id":"https:\/\/vwdtest.com\/lt\/family-doctor-paediatrician\/#breadcrumb","itemListElement":[{"@type":"ListItem","position":1,"name":"Home","item":"https:\/\/vwdtest.com\/lt\/"},{"@type":"ListItem","position":2,"name":"\u0160EIMOS GYDYTOJAS \/ PEDIATRAS"}]},{"@type":"WebSite","@id":"https:\/\/vwdtest.com\/lt\/#website","url":"https:\/\/vwdtest.com\/lt\/","name":"Lithuania","description":"","potentialAction":[{"@type":"SearchAction","target":{"@type":"EntryPoint","urlTemplate":"https:\/\/vwdtest.com\/lt\/?s={search_term_string}"},"query-input":"required name=search_term_string"}],"inLanguage":"en-US"}]}},"_links":{"self":[{"href":"https:\/\/vwdtest.com\/lt\/wp-json\/wp\/v2\/pages\/1091"}],"collection":[{"href":"https:\/\/vwdtest.com\/lt\/wp-json\/wp\/v2\/pages"}],"about":[{"href":"https:\/\/vwdtest.com\/lt\/wp-json\/wp\/v2\/types\/page"}],"author":[{"embeddable":true,"href":"https:\/\/vwdtest.com\/lt\/wp-json\/wp\/v2\/users\/1"}],"replies":[{"embeddable":true,"href":"https:\/\/vwdtest.com\/lt\/wp-json\/wp\/v2\/comments?post=1091"}],"version-history":[{"count":39,"href":"https:\/\/vwdtest.com\/lt\/wp-json\/wp\/v2\/pages\/1091\/revisions"}],"predecessor-version":[{"id":2312,"href":"https:\/\/vwdtest.com\/lt\/wp-json\/wp\/v2\/pages\/1091\/revisions\/2312"}],"wp:featuredmedia":[{"embeddable":true,"href":"https:\/\/vwdtest.com\/lt\/wp-json\/wp\/v2\/media\/1095"}],"wp:attachment":[{"href":"https:\/\/vwdtest.com\/lt\/wp-json\/wp\/v2\/media?parent=1091"}],"curies":[{"name":"wp","href":"https:\/\/api.w.org\/{rel}","templated":true}]}}