{"id":811,"date":"2023-04-27T13:02:19","date_gmt":"2023-04-27T13:02:19","guid":{"rendered":"https:\/\/new.vwdtest.com\/it\/?page_id=811"},"modified":"2024-04-03T00:44:41","modified_gmt":"2024-04-03T00:44:41","slug":"i-am-a-worried-parent","status":"publish","type":"page","link":"https:\/\/vwdtest.com\/it\/i-am-a-worried-parent\/","title":{"rendered":"Sono un genitore preoccupato"},"content":{"rendered":"<div class=\"default-block container\">\n<h2 class=\"worried-parent\">Mio figlio sanguina troppo?<\/h2>\n<\/div>\n\n<div class=\"default-block container\">\n<h5 class=\"bleeding-symptoms-title worried\">Sei preoccupato per le ricorrenti epistassi (sangue dal naso) di tuo figlio? Tuo figlio si procura lividi pi\u00f9 facilmente e pi\u00f9 spesso dei suoi coetanei? Il tuo bambino ha sanguinato pi\u00f9 a lungo del previsto dopo una recente visita dal dentista o un piccolo intervento chirurgico? Temi che il ciclo di tua figlia possa essere troppo abbondante?<\/h5>\n<\/div>\n\n<div class=\"default-block container\">\n<p class=\"full\">Ci sono molte ragioni per cui tuo figlio pu\u00f2 sanguinare di tanto in tanto. I bambini giocano ed esplorano il mondo che li circonda. In questo modo gli incidenti sono inevitabili e talvolta tuo figlio avr\u00e0 dei lividi o una piccola ferita dopo un incidente del genere. Occasionalmente, anche una lesione avvenuta senza incidente pu\u00f2 portare a sanguinamento. Nella maggior parte dei casi, il nostro corpo ferma rapidamente l\u2019emorragia attraverso un processo chiamato coagulazione del sangue. Tuttavia, in alcuni bambini si formano pi\u00f9 facilmente lividi e sanguinano pi\u00f9 spesso di altri. Fortunatamente, questo tipo di sanguinamento pu\u00f2 spesso essere trattato o prevenuto. Se sei preoccupato perch\u00e9 tuo figlio sembra sanguinare troppo spesso e troppo facilmente, \u00e8 importante identificare prima la causa e poi scegliere il trattamento adeguato.<\/p>\n<\/div>\n\n<div class=\"default-block container\">\n<h2>Cause di sanguinamento frequente nei bambini<\/h2>\n<\/div>\n\n<div class=\"default-block container\">\n<p class=\"full\">Trovare la ragione dei sintomi di sanguinamento di tuo figlio non \u00e8 sempre semplice, perch\u00e9 ci sono molte possibili ragioni per il sanguinamento. Il <a href=\"https:\/\/vwdtest.com\/it\/bleeding-symptoms\/#nosebleed\">sangue dal naso<\/a>, ad esempio, pu\u00f2 essere causato dal toccarsi frequentemente l&#8217;interno del naso o da aria secca, da una ferita, un raffreddore, un&#8217;allergia, o semplicemente dal soffiarsi con troppa forza il naso.<sup>1<\/sup> <a href=\"https:\/\/vwdtest.com\/it\/bleeding-symptoms\/#oral-bleed\">Il sanguinamento dalla bocca<\/a> pu\u00f2 anche essere causato da un incidente, dalla perdita di un dente da latte, da un morso o da un&#8217;infiammazione delle gengive.<sup>2<\/sup> Il sangue frequente dal naso e le gengive sanguinanti possono anche essere un sintomo di un problema medico di tipo pi\u00f9 serio, ad esempio un disturbo emorragico. In generale, i disturbi emorragici sono rari. Sfortunatamente, la malattia emorragica ereditaria pi\u00f9 comune, la <a href=\"https:\/\/vwdtest.com\/it\/von-willebrand-disease\/\">malattia di von Willebrand (VWD)<\/a>, spesso non viene diagnosticata. Senza diagnosi e trattamento, i bambini affetti da VWD possono manifestare gravi emorragie. Oltre ai frequenti sanguinamenti dal naso e dalle gengive, i sintomi di sanguinamento pi\u00f9 comuni nei bambini affetti da VWD sono <a href=\"https:\/\/vwdtest.com\/it\/bleeding-symptoms\/#easy-bruising\">facilit\u00e0 nei lividi<\/a> , e sanguinamento prolungato da <a href=\"https:\/\/vwdtest.com\/it\/bleeding-symptoms\/#minor-wounds\">ferite minori<\/a> o dopo <a href=\"https:\/\/vwdtest.com\/it\/i-live-with-vwd\/#surgery\">estrazioni o interventi chirurgici ai denti.<\/a> Quando le ragazze con VWD entrano nella pubert\u00e0, <a href=\"https:\/\/vwdtest.com\/it\/bleeding-symptoms\/#hmb\">un abbondante sanguinamento mestruale<\/a> diventa il sintomo pi\u00f9 comune.<sup>3<\/sup><\/p>\n<\/div>\n\n<div class=\"default-block container\">\n<h2>Sintomi di sanguinamento in famiglia<\/h2>\n<\/div>\n\n<div class=\"default-block container\">\n<p class=\"full\">I disturbi emorragici ereditari spesso colpiscono pi\u00f9 membri di una famiglia per generazioni. Se anche uno dei genitori, i nonni o altri parenti mostrano segni di sanguinamento eccessivo, potresti chiederti se il sanguinamento che osservi nel tuo bambino \u00e8 normale. Tuttavia, se il sanguinamento o i lividi compromettono il benessere di tuo figlio, dovresti discutere dei <a href=\"https:\/\/vwdtest.com\/it\/bleeding-symptoms\/\" target=\"_blank\" rel=\"noreferrer noopener\">sintomi<\/a> con il medico.<\/p>\n<\/div>\n\n<div class=\"default-block container\">\n<h2>Scopri se il sanguinamento di tuo figlio \u00e8 nella norma<\/h2>\n<\/div>\n\n<div class=\"default-block container\">\n<p class=\"full\">Quanto il sanguinamento \u00e8 eccessivo? Poich\u00e9 \u00e8 difficile rispondere a questa domanda, i medici hanno sviluppato test che possono aiutare a valutare i sintomi del sanguinamento. Su VWDtest.com puoi sottoporti a uno di questi test. Se tuo figlio ha ricorrente sangue dal naso, si procura facilmente lividi o mostra altri sintomi di sanguinamento sopra elencati, ti consigliamo vivamente di dedicare qualche minuto ad eseguire il test. Il test \u00e8 un breve questionario sui segni e sintomi di un possibile disturbo emorragico e il risultato ti dir\u00e0 se tu e tuo figlio dovreste consultare un medico.<\/p>\n<\/div>\n\n<div class=\"default-block container\">\n<div class=\"is-content-justification-right is-layout-flex wp-container-1 wp-block-buttons\">\n<div class=\"wp-block-button take-test\"><a class=\"wp-block-button__link wp-element-button\" href=\"https:\/\/vwdtest.com\/it\/take-test\/\">Fai il test<\/a><\/div>\n<\/div>\n<\/div>\n\n<div class=\"default-block container\">\n<h6>Riferimenti<\/h6>\n<\/div>\n\n<div class=\"default-block container\">\n<ol><div class=\"default-block container\">\n<li><a href=\"https:\/\/www.hopkinsmedicine.org\/health\/conditions-and-diseases\/nosebleeds\" target=\"_blank\" rel=\"noreferrer noopener\">https:\/\/www.hopkinsmedicine.org\/health\/conditions-and-diseases\/nosebleeds<\/a> ultimo accesso marzo 2023.<\/li>\n<\/div>\n\n<div class=\"default-block container\">\n<li><a href=\"https:\/\/www.childrensmn.org\/educationmaterials\/childrensmn\/article\/15581\/mouth-bleeding-with-a-bleeding-disorder\/\" target=\"_blank\" rel=\"noreferrer noopener\">https:\/\/www.childrensmn.org\/educationmaterials\/childrensmn\/article\/15581\/mouth-bleeding-with-a-bleeding-disorder\/<\/a> ultimo accesso marzo 2023.<\/li>\n<\/div>\n\n<div class=\"default-block container\">\n<li><a target=\"_blank\" href=\"https:\/\/pubmed.ncbi.nlm.nih.gov\/36210240\/\" rel=\"noreferrer noopener\">Corrales-Medina FF et al. Blood Rev<\/a> 2022; 58:101018.<\/li>\n<\/div><\/ol>\n<\/div>","protected":false},"excerpt":{"rendered":"<p>Mio figlio sanguina troppo? Sei preoccupato per le ricorrenti epistassi (sangue dal naso) di tuo figlio? Tuo figlio si procura lividi pi\u00f9 facilmente e pi\u00f9 spesso dei suoi coetanei? Il tuo bambino ha sanguinato pi\u00f9 a lungo del previsto dopo una recente visita dal dentista o un piccolo intervento chirurgico? Temi che il ciclo di [&hellip;]<\/p>\n","protected":false},"author":1,"featured_media":996,"parent":0,"menu_order":0,"comment_status":"closed","ping_status":"closed","template":"","meta":{"inline_featured_image":false},"acf":[],"yoast_head":"<!-- This site is optimized with the Yoast SEO plugin v20.4 - https:\/\/yoast.com\/wordpress\/plugins\/seo\/ -->\n<title>Sono un genitore preoccupato - Italy<\/title>\n<meta name=\"robots\" content=\"index, follow, max-snippet:-1, max-image-preview:large, max-video-preview:-1\" \/>\n<link rel=\"canonical\" href=\"https:\/\/vwdtest.com\/it\/i-am-a-worried-parent\/\" \/>\n<meta property=\"og:locale\" content=\"en_US\" \/>\n<meta property=\"og:type\" content=\"article\" \/>\n<meta property=\"og:title\" content=\"Sono un genitore preoccupato - Italy\" \/>\n<meta property=\"og:description\" content=\"Mio figlio sanguina troppo? Sei preoccupato per le ricorrenti epistassi (sangue dal naso) di tuo figlio? Tuo figlio si procura lividi pi\u00f9 facilmente e pi\u00f9 spesso dei suoi coetanei? Il tuo bambino ha sanguinato pi\u00f9 a lungo del previsto dopo una recente visita dal dentista o un piccolo intervento chirurgico? Temi che il ciclo di [&hellip;]\" \/>\n<meta property=\"og:url\" content=\"https:\/\/vwdtest.com\/it\/i-am-a-worried-parent\/\" \/>\n<meta property=\"og:site_name\" content=\"Italy\" \/>\n<meta property=\"article:modified_time\" content=\"2024-04-03T00:44:41+00:00\" \/>\n<meta property=\"og:image\" content=\"https:\/\/vwdtest.com\/it\/wp-content\/uploads\/sites\/46\/2023\/07\/Worried-patients-1-1.png\" \/>\n\t<meta property=\"og:image:width\" content=\"828\" \/>\n\t<meta property=\"og:image:height\" content=\"982\" \/>\n\t<meta property=\"og:image:type\" content=\"image\/png\" \/>\n<meta name=\"twitter:card\" content=\"summary_large_image\" \/>\n<meta name=\"twitter:label1\" content=\"Est. reading time\" \/>\n\t<meta name=\"twitter:data1\" content=\"3 minutes\" \/>\n<script type=\"application\/ld+json\" class=\"yoast-schema-graph\">{\"@context\":\"https:\/\/schema.org\",\"@graph\":[{\"@type\":\"WebPage\",\"@id\":\"https:\/\/vwdtest.com\/it\/i-am-a-worried-parent\/\",\"url\":\"https:\/\/vwdtest.com\/it\/i-am-a-worried-parent\/\",\"name\":\"Sono un genitore preoccupato - Italy\",\"isPartOf\":{\"@id\":\"https:\/\/vwdtest.com\/it\/#website\"},\"datePublished\":\"2023-04-27T13:02:19+00:00\",\"dateModified\":\"2024-04-03T00:44:41+00:00\",\"breadcrumb\":{\"@id\":\"https:\/\/vwdtest.com\/it\/i-am-a-worried-parent\/#breadcrumb\"},\"inLanguage\":\"en-US\",\"potentialAction\":[{\"@type\":\"ReadAction\",\"target\":[\"https:\/\/vwdtest.com\/it\/i-am-a-worried-parent\/\"]}]},{\"@type\":\"BreadcrumbList\",\"@id\":\"https:\/\/vwdtest.com\/it\/i-am-a-worried-parent\/#breadcrumb\",\"itemListElement\":[{\"@type\":\"ListItem\",\"position\":1,\"name\":\"Home\",\"item\":\"https:\/\/vwdtest.com\/it\/\"},{\"@type\":\"ListItem\",\"position\":2,\"name\":\"Sono un genitore preoccupato\"}]},{\"@type\":\"WebSite\",\"@id\":\"https:\/\/vwdtest.com\/it\/#website\",\"url\":\"https:\/\/vwdtest.com\/it\/\",\"name\":\"Italy\",\"description\":\"\",\"potentialAction\":[{\"@type\":\"SearchAction\",\"target\":{\"@type\":\"EntryPoint\",\"urlTemplate\":\"https:\/\/vwdtest.com\/it\/?s={search_term_string}\"},\"query-input\":\"required name=search_term_string\"}],\"inLanguage\":\"en-US\"}]}<\/script>\n<!-- \/ Yoast SEO plugin. -->","yoast_head_json":{"title":"Sono un genitore preoccupato - Italy","robots":{"index":"index","follow":"follow","max-snippet":"max-snippet:-1","max-image-preview":"max-image-preview:large","max-video-preview":"max-video-preview:-1"},"canonical":"https:\/\/vwdtest.com\/it\/i-am-a-worried-parent\/","og_locale":"en_US","og_type":"article","og_title":"Sono un genitore preoccupato - Italy","og_description":"Mio figlio sanguina troppo? Sei preoccupato per le ricorrenti epistassi (sangue dal naso) di tuo figlio? Tuo figlio si procura lividi pi\u00f9 facilmente e pi\u00f9 spesso dei suoi coetanei? Il tuo bambino ha sanguinato pi\u00f9 a lungo del previsto dopo una recente visita dal dentista o un piccolo intervento chirurgico? Temi che il ciclo di [&hellip;]","og_url":"https:\/\/vwdtest.com\/it\/i-am-a-worried-parent\/","og_site_name":"Italy","article_modified_time":"2024-04-03T00:44:41+00:00","og_image":[{"width":828,"height":982,"url":"https:\/\/vwdtest.com\/it\/wp-content\/uploads\/sites\/46\/2023\/07\/Worried-patients-1-1.png","type":"image\/png"}],"twitter_card":"summary_large_image","twitter_misc":{"Est. reading time":"3 minutes"},"schema":{"@context":"https:\/\/schema.org","@graph":[{"@type":"WebPage","@id":"https:\/\/vwdtest.com\/it\/i-am-a-worried-parent\/","url":"https:\/\/vwdtest.com\/it\/i-am-a-worried-parent\/","name":"Sono un genitore preoccupato - Italy","isPartOf":{"@id":"https:\/\/vwdtest.com\/it\/#website"},"datePublished":"2023-04-27T13:02:19+00:00","dateModified":"2024-04-03T00:44:41+00:00","breadcrumb":{"@id":"https:\/\/vwdtest.com\/it\/i-am-a-worried-parent\/#breadcrumb"},"inLanguage":"en-US","potentialAction":[{"@type":"ReadAction","target":["https:\/\/vwdtest.com\/it\/i-am-a-worried-parent\/"]}]},{"@type":"BreadcrumbList","@id":"https:\/\/vwdtest.com\/it\/i-am-a-worried-parent\/#breadcrumb","itemListElement":[{"@type":"ListItem","position":1,"name":"Home","item":"https:\/\/vwdtest.com\/it\/"},{"@type":"ListItem","position":2,"name":"Sono un genitore preoccupato"}]},{"@type":"WebSite","@id":"https:\/\/vwdtest.com\/it\/#website","url":"https:\/\/vwdtest.com\/it\/","name":"Italy","description":"","potentialAction":[{"@type":"SearchAction","target":{"@type":"EntryPoint","urlTemplate":"https:\/\/vwdtest.com\/it\/?s={search_term_string}"},"query-input":"required name=search_term_string"}],"inLanguage":"en-US"}]}},"_links":{"self":[{"href":"https:\/\/vwdtest.com\/it\/wp-json\/wp\/v2\/pages\/811"}],"collection":[{"href":"https:\/\/vwdtest.com\/it\/wp-json\/wp\/v2\/pages"}],"about":[{"href":"https:\/\/vwdtest.com\/it\/wp-json\/wp\/v2\/types\/page"}],"author":[{"embeddable":true,"href":"https:\/\/vwdtest.com\/it\/wp-json\/wp\/v2\/users\/1"}],"replies":[{"embeddable":true,"href":"https:\/\/vwdtest.com\/it\/wp-json\/wp\/v2\/comments?post=811"}],"version-history":[{"count":53,"href":"https:\/\/vwdtest.com\/it\/wp-json\/wp\/v2\/pages\/811\/revisions"}],"predecessor-version":[{"id":2784,"href":"https:\/\/vwdtest.com\/it\/wp-json\/wp\/v2\/pages\/811\/revisions\/2784"}],"wp:featuredmedia":[{"embeddable":true,"href":"https:\/\/vwdtest.com\/it\/wp-json\/wp\/v2\/media\/996"}],"wp:attachment":[{"href":"https:\/\/vwdtest.com\/it\/wp-json\/wp\/v2\/media?parent=811"}],"curies":[{"name":"wp","href":"https:\/\/api.w.org\/{rel}","templated":true}]}}