{"id":795,"date":"2023-04-27T12:33:04","date_gmt":"2023-04-27T12:33:04","guid":{"rendered":"https:\/\/new.vwdtest.com\/it\/?page_id=795"},"modified":"2024-04-02T23:59:10","modified_gmt":"2024-04-02T23:59:10","slug":"i-bleed-a-lot","status":"publish","type":"page","link":"https:\/\/vwdtest.com\/it\/i-bleed-a-lot\/","title":{"rendered":"Sanguino molto"},"content":{"rendered":"<div class=\"default-block container\">\n<h2>Sanguini troppo?<\/h2>\n<\/div>\n\n<div class=\"default-block container\">\n<h5 class=\"bleeding-symptoms-title helpful live\">Ti stai chiedendo perch\u00e9 hai cos\u00ec tante perdite di sangue dal naso? Le tue gengive sanguinano dopo aver usato il filo interdentale o aver lavato i denti? Ti capita spesso di scoprire lividi sul tuo corpo e non ricordi da dove potrebbero provenire? Hai recentemente avuto un sanguinamento eccessivo dopo un piccolo incidente o una visita dal dentista?<\/h5> <p class=\"full\">La maggior parte delle persone sanguina di tanto in tanto. La causa dell\u2019emorragia pu\u00f2 variare, ma nella maggior parte dei casi il nostro corpo arresta rapidamente l\u2019emorragia attraverso un processo chiamato coagulazione del sangue. Tuttavia, alcune persone sanguinano pi\u00f9 spesso e pi\u00f9 a lungo di altre e questo tipo di sanguinamento pu\u00f2 spesso essere trattato o prevenuto. Quindi, se rispondi \u201cs\u00ec\u201d ad almeno una delle domande precedenti, la tua emorragia potrebbe meritare ulteriori indagini.<\/p>\n<\/div>\n\n<div class=\"default-block container\">\n<h2>Cause di sanguinamento eccessivo o prolungato<\/h2>\n<\/div>\n\n<div class=\"default-block container\">\n<p class=\"full push-text\">Esistono molte possibili cause di sanguinamento eccessivo o prolungato. Identificare la causa dei sintomi emorragici \u00e8 molto importante per determinare il trattamento appropriato. Il sanguinamento pu\u00f2 essere causato da alcuni medicinali, ad esempio antidolorifici come l\u2019aspirina o anticoagulanti. Anche alcune condizioni mediche, come malattie epatiche o renali e cancro, possono causare sanguinamento.<sup>1,2<\/sup> Esiste anche la possibilit\u00e0 che il sanguinamento sia dovuto a un disturbo emorragico. I disturbi emorragici sono malattie rare e possono essere ereditari o acquisiti. Il disturbo emorragico ereditario pi\u00f9 comune \u00e8 la <a href=\"https:\/\/vwdtest.com\/it\/von-willebrand-disease\/\">malattia di von Willebrand<\/a> (VWD). La VWD spesso non viene diagnosticata. Senza diagnosi e trattamento, le persone affette da VWD sono a rischio di gravi emorragie. Le persone affette da VWD hanno spesso <a href=\"https:\/\/vwdtest.com\/it\/bleeding-symptoms\/#nosebleed\">naso<\/a> e <a href=\"https:\/\/vwdtest.com\/it\/bleeding-symptoms\/#oral-bleed\">la gengiva sanguina<\/a>, <a href=\"https:\/\/vwdtest.com\/it\/bleeding-symptoms\/#easy-bruising\">si presenta facilmente lividi <\/a> e potrebbero verificarsi sanguinamenti eccessivi dopo le <a href=\"https:\/\/vwdtest.com\/it\/i-live-with-vwd\/#surgery\">estrazioni dei denti<\/a>, <a href=\"https:\/\/vwdtest.com\/it\/bleeding-symptoms\/#bleed-surgery\">interventi chirurgici o piccoli incidenti<\/a>. Tra le donne affette da VWD, <a href=\"https:\/\/vwdtest.com\/it\/bleeding-symptoms\/#hmb\">un abbondante sanguinamento mestruale<\/a> \u00e8 il sintomo pi\u00f9 comune.<sup>3&lt;\/sup <\/p>\n<\/div>\n\n<div class=\"default-block container\">\n<h2>Potresti non essere l&#8217;unico nella tua famiglia ad avere sintomi di sanguinamento<\/h2>\n<\/div>\n\n<div class=\"default-block container\">\n<p class=\"full push-text\">Se anche i tuoi fratelli, i tuoi genitori o altri parenti manifestano sintomi di sanguinamento, potresti pensare che siano normali. Tuttavia, questo non \u00e8 sempre vero. L&#8217;emorragia pu\u00f2 essere causata da una malattia emorragica ereditaria, che spesso colpisce pi\u00f9 di un membro della famiglia. Se il tuo sanguinamento influisce sulla tua vita quotidiana e sul tuo benessere, ti consigliamo di parlarne con il tuo medico.<\/p>\n<\/div>\n\n<div class=\"default-block container\">\n<h2>Scopri se il tuo sanguinamento \u00e8 normale<\/h2>\n<\/div>\n\n<div class=\"default-block container\">\n<p class=\"full push-text\">Il mio sanguinamento \u00e8 normale o no? Trovare la risposta a questa domanda non \u00e8 sempre semplice. Per facilitare la valutazione dei sintomi di sanguinamento, i ricercatori hanno sviluppato test di sanguinamento.<sup>3<\/sup> Uno di questi test \u00e8 disponibile su questo sito web. Se non sei sicuro di eventuali sintomi di sanguinamento che hai riscontrato, ti consigliamo vivamente di eseguire il test di sanguinamento. Questo potrebbe essere ancora pi\u00f9 importante se stai per sottoporti ad un intervento chirurgico. Il completamento del test richiede solo pochi minuti e ti dir\u00e0 se dovresti consultare un medico a causa dell&#8217;emorragia.<\/p>\n<\/div>\n\n<div class=\"default-block container\">\n<h6>Riferimenti<\/h6>\n<\/div>\n\n<div class=\"default-block container\">\n<ol><div class=\"default-block container\">\n<li><a href=\"https:\/\/my.clevelandclinic.org\/health\/symptoms\/21654-hemorrhage\" target=\"_blank\" rel=\"noreferrer noopener\">https:\/\/my.clevelandclinic.org\/health\/symptoms\/21654-hemorrhage<\/a> ; ultimo accesso marzo 2023.<\/li>\n<\/div>\n\n<div class=\"default-block container\">\n<li><a href=\"https:\/\/www.drugs.com\/cg\/postoperative-bleeding.html\" target=\"_blank\" rel=\"noreferrer noopener\">https:\/\/www.drugs.com\/cg\/postoperative-bleeding.html<\/a> ; ultimo accesso marzo 2023.<\/li>\n<\/div>\n\n<div class=\"default-block container\">\n<li><a href=\"https:\/\/pubmed.ncbi.nlm.nih.gov\/36210240\/\" target=\"_blank\" rel=\"noreferrer noopener\">Corrales-Medina FF et al. Blood Rev<\/a> 2022; 58:101018.<\/li>\n<\/div><\/ol>\n<\/div>","protected":false},"excerpt":{"rendered":"<p>Sanguini troppo? Ti stai chiedendo perch\u00e9 hai cos\u00ec tante perdite di sangue dal naso? Le tue gengive sanguinano dopo aver usato il filo interdentale o aver lavato i denti? Ti capita spesso di scoprire lividi sul tuo corpo e non ricordi da dove potrebbero provenire? Hai recentemente avuto un sanguinamento eccessivo dopo un piccolo incidente [&hellip;]<\/p>\n","protected":false},"author":1,"featured_media":788,"parent":0,"menu_order":0,"comment_status":"closed","ping_status":"closed","template":"","meta":{"inline_featured_image":false},"acf":[],"yoast_head":"<!-- This site is optimized with the Yoast SEO plugin v20.4 - https:\/\/yoast.com\/wordpress\/plugins\/seo\/ -->\n<title>Sanguino molto - Italy<\/title>\n<meta name=\"robots\" content=\"index, follow, max-snippet:-1, max-image-preview:large, max-video-preview:-1\" \/>\n<link rel=\"canonical\" href=\"https:\/\/vwdtest.com\/it\/i-bleed-a-lot\/\" \/>\n<meta property=\"og:locale\" content=\"en_US\" \/>\n<meta property=\"og:type\" content=\"article\" \/>\n<meta property=\"og:title\" content=\"Sanguino molto - Italy\" \/>\n<meta property=\"og:description\" content=\"Sanguini troppo? Ti stai chiedendo perch\u00e9 hai cos\u00ec tante perdite di sangue dal naso? Le tue gengive sanguinano dopo aver usato il filo interdentale o aver lavato i denti? Ti capita spesso di scoprire lividi sul tuo corpo e non ricordi da dove potrebbero provenire? Hai recentemente avuto un sanguinamento eccessivo dopo un piccolo incidente [&hellip;]\" \/>\n<meta property=\"og:url\" content=\"https:\/\/vwdtest.com\/it\/i-bleed-a-lot\/\" \/>\n<meta property=\"og:site_name\" content=\"Italy\" \/>\n<meta property=\"article:modified_time\" content=\"2024-04-02T23:59:10+00:00\" \/>\n<meta property=\"og:image\" content=\"https:\/\/vwdtest.com\/it\/wp-content\/uploads\/sites\/46\/2023\/04\/Person-who-bleads-1.png\" \/>\n\t<meta property=\"og:image:width\" content=\"679\" \/>\n\t<meta property=\"og:image:height\" content=\"976\" \/>\n\t<meta property=\"og:image:type\" content=\"image\/png\" \/>\n<meta name=\"twitter:card\" content=\"summary_large_image\" \/>\n<meta name=\"twitter:label1\" content=\"Est. reading time\" \/>\n\t<meta name=\"twitter:data1\" content=\"3 minutes\" \/>\n<script type=\"application\/ld+json\" class=\"yoast-schema-graph\">{\"@context\":\"https:\/\/schema.org\",\"@graph\":[{\"@type\":\"WebPage\",\"@id\":\"https:\/\/vwdtest.com\/it\/i-bleed-a-lot\/\",\"url\":\"https:\/\/vwdtest.com\/it\/i-bleed-a-lot\/\",\"name\":\"Sanguino molto - Italy\",\"isPartOf\":{\"@id\":\"https:\/\/vwdtest.com\/it\/#website\"},\"datePublished\":\"2023-04-27T12:33:04+00:00\",\"dateModified\":\"2024-04-02T23:59:10+00:00\",\"breadcrumb\":{\"@id\":\"https:\/\/vwdtest.com\/it\/i-bleed-a-lot\/#breadcrumb\"},\"inLanguage\":\"en-US\",\"potentialAction\":[{\"@type\":\"ReadAction\",\"target\":[\"https:\/\/vwdtest.com\/it\/i-bleed-a-lot\/\"]}]},{\"@type\":\"BreadcrumbList\",\"@id\":\"https:\/\/vwdtest.com\/it\/i-bleed-a-lot\/#breadcrumb\",\"itemListElement\":[{\"@type\":\"ListItem\",\"position\":1,\"name\":\"Home\",\"item\":\"https:\/\/vwdtest.com\/it\/\"},{\"@type\":\"ListItem\",\"position\":2,\"name\":\"Sanguino molto\"}]},{\"@type\":\"WebSite\",\"@id\":\"https:\/\/vwdtest.com\/it\/#website\",\"url\":\"https:\/\/vwdtest.com\/it\/\",\"name\":\"Italy\",\"description\":\"\",\"potentialAction\":[{\"@type\":\"SearchAction\",\"target\":{\"@type\":\"EntryPoint\",\"urlTemplate\":\"https:\/\/vwdtest.com\/it\/?s={search_term_string}\"},\"query-input\":\"required name=search_term_string\"}],\"inLanguage\":\"en-US\"}]}<\/script>\n<!-- \/ Yoast SEO plugin. -->","yoast_head_json":{"title":"Sanguino molto - Italy","robots":{"index":"index","follow":"follow","max-snippet":"max-snippet:-1","max-image-preview":"max-image-preview:large","max-video-preview":"max-video-preview:-1"},"canonical":"https:\/\/vwdtest.com\/it\/i-bleed-a-lot\/","og_locale":"en_US","og_type":"article","og_title":"Sanguino molto - Italy","og_description":"Sanguini troppo? Ti stai chiedendo perch\u00e9 hai cos\u00ec tante perdite di sangue dal naso? Le tue gengive sanguinano dopo aver usato il filo interdentale o aver lavato i denti? Ti capita spesso di scoprire lividi sul tuo corpo e non ricordi da dove potrebbero provenire? Hai recentemente avuto un sanguinamento eccessivo dopo un piccolo incidente [&hellip;]","og_url":"https:\/\/vwdtest.com\/it\/i-bleed-a-lot\/","og_site_name":"Italy","article_modified_time":"2024-04-02T23:59:10+00:00","og_image":[{"width":679,"height":976,"url":"https:\/\/vwdtest.com\/it\/wp-content\/uploads\/sites\/46\/2023\/04\/Person-who-bleads-1.png","type":"image\/png"}],"twitter_card":"summary_large_image","twitter_misc":{"Est. reading time":"3 minutes"},"schema":{"@context":"https:\/\/schema.org","@graph":[{"@type":"WebPage","@id":"https:\/\/vwdtest.com\/it\/i-bleed-a-lot\/","url":"https:\/\/vwdtest.com\/it\/i-bleed-a-lot\/","name":"Sanguino molto - Italy","isPartOf":{"@id":"https:\/\/vwdtest.com\/it\/#website"},"datePublished":"2023-04-27T12:33:04+00:00","dateModified":"2024-04-02T23:59:10+00:00","breadcrumb":{"@id":"https:\/\/vwdtest.com\/it\/i-bleed-a-lot\/#breadcrumb"},"inLanguage":"en-US","potentialAction":[{"@type":"ReadAction","target":["https:\/\/vwdtest.com\/it\/i-bleed-a-lot\/"]}]},{"@type":"BreadcrumbList","@id":"https:\/\/vwdtest.com\/it\/i-bleed-a-lot\/#breadcrumb","itemListElement":[{"@type":"ListItem","position":1,"name":"Home","item":"https:\/\/vwdtest.com\/it\/"},{"@type":"ListItem","position":2,"name":"Sanguino molto"}]},{"@type":"WebSite","@id":"https:\/\/vwdtest.com\/it\/#website","url":"https:\/\/vwdtest.com\/it\/","name":"Italy","description":"","potentialAction":[{"@type":"SearchAction","target":{"@type":"EntryPoint","urlTemplate":"https:\/\/vwdtest.com\/it\/?s={search_term_string}"},"query-input":"required name=search_term_string"}],"inLanguage":"en-US"}]}},"_links":{"self":[{"href":"https:\/\/vwdtest.com\/it\/wp-json\/wp\/v2\/pages\/795"}],"collection":[{"href":"https:\/\/vwdtest.com\/it\/wp-json\/wp\/v2\/pages"}],"about":[{"href":"https:\/\/vwdtest.com\/it\/wp-json\/wp\/v2\/types\/page"}],"author":[{"embeddable":true,"href":"https:\/\/vwdtest.com\/it\/wp-json\/wp\/v2\/users\/1"}],"replies":[{"embeddable":true,"href":"https:\/\/vwdtest.com\/it\/wp-json\/wp\/v2\/comments?post=795"}],"version-history":[{"count":56,"href":"https:\/\/vwdtest.com\/it\/wp-json\/wp\/v2\/pages\/795\/revisions"}],"predecessor-version":[{"id":2756,"href":"https:\/\/vwdtest.com\/it\/wp-json\/wp\/v2\/pages\/795\/revisions\/2756"}],"wp:featuredmedia":[{"embeddable":true,"href":"https:\/\/vwdtest.com\/it\/wp-json\/wp\/v2\/media\/788"}],"wp:attachment":[{"href":"https:\/\/vwdtest.com\/it\/wp-json\/wp\/v2\/media?parent=795"}],"curies":[{"name":"wp","href":"https:\/\/api.w.org\/{rel}","templated":true}]}}