{"id":263,"date":"2023-02-21T21:22:33","date_gmt":"2023-02-21T21:22:33","guid":{"rendered":"https:\/\/new.vwdtest.com\/it\/?page_id=263"},"modified":"2024-04-03T04:53:21","modified_gmt":"2024-04-03T04:53:21","slug":"dichiarazione-legale","status":"publish","type":"page","link":"https:\/\/vwdtest.com\/it\/dichiarazione-legale\/","title":{"rendered":"Dichiarazione legale"},"content":{"rendered":"<div class=\"default-block container\">\n<h2>Termini di utilizzo<\/h2>\n<\/div>\n\n<div class=\"default-block container\">\n<p>Questo sito web \u00e8 finanziato da Octapharma AG, Seidenstrasse 2, 8853 Lachen SZ, Svizzera e sviluppato in collaborazione con gli esperti medici Dott. Fernando Corrales-Medina (Professore associato di Pediatria Clinica, University of Miami-Miller School of Medicine, USA), Prof. Erik Berntorp (Professore di Ricerca Clinica sulla coagulazione, Universit\u00e0 di Lund, Svezia) e il loro team di esperti internazionali in disturbi emorragici (di seguito denominato \u201cGruppo di esperti internazionali\u201d).<\/p>\n<\/div>\n\n<div class=\"default-block container\">\n<p>Questo \u00e8 un sito web non promozionale inteso a supportare una campagna di sensibilizzazione sulla malattia condotta dal gruppo di esperti internazionali e destinato esclusivamente a scopi informativi generali. Non si deve interpretare nulla di questo sito come una promozione o pubblicit\u00e0 per qualsiasi prodotto o per l&#8217;uso di qualsiasi prodotto del gruppo delle societ\u00e0 Octapharma.<\/p>\n<\/div>\n\n<div class=\"default-block container\">\n<p>Octapharma AG insieme ai suoi subappaltatori supporta la manutenzione e la gestione del sito web. Utilizzando questo sito Web l&#8217;utente accetta di rispettare i termini e le condizioni indicati di seguito e tutte le leggi applicabili. Se non accetti di rispettare questi termini e condizioni, non utilizzare questo sito web.<\/p>\n<\/div>\n\n<div class=\"default-block container\">\n<h2>Modifiche al sito web e Condizioni d&#8217;uso<\/h2>\n<\/div>\n\n<div class=\"default-block container\">\n<p>Octapharma AG si riserva il diritto di apportare cambiamenti, modifiche, aggiunte, cancellazioni e correzioni a questo sito web in qualsiasi momento e senza preavviso. Octapharma AG pu\u00f2 inoltre revocare l&#8217;accesso a questo sito web in qualsiasi momento e senza preavviso.<\/p>\n<\/div>\n\n<div class=\"default-block container\">\n<p>Octapharma AG pu\u00f2 in qualsiasi momento modificare di tanto in tanto le presenti Condizioni d&#8217;uso aggiornando questa pubblicazione. Continuando ad accedere a questo sito Web, sei vincolato da tali revisioni e dovresti pertanto visitare periodicamente questa pagina per rivedere i Termini di Utilizzo per assicurarti di comprendere i termini applicabili in quel momento.<\/p>\n<\/div>\n\n<div class=\"default-block container\">\n<h2>Protezione dal virus<\/h2>\n<\/div>\n\n<div class=\"default-block container\">\n<p>Octapharma AG non garantisce n\u00e9 dichiara che questo sito web o le e-mail ricevute da Octapharma AG in base alla funzione della mailing list saranno ininterrotti o esenti da virus o esenti da altri componenti dannosi. Octapharma AG (compresi i suoi direttori, affiliati, funzionari, dipendenti, agenti, appaltatori, successori e cessionari) non si assume alcuna responsabilit\u00e0 per eventuali danni causati alle apparecchiature dell&#8217;utente in seguito all&#8217;accesso a questo sito Web, al download di qualsiasi contenuto da questo sito Web o al ricevere e-mail da Octapharma AG in base alla funzione della mailing list.<\/p>\n<\/div>\n\n<div class=\"default-block container\">\n<h2>Informazioni mediche<\/h2>\n<\/div>\n\n<div class=\"default-block container\">\n<p>Il contenuto medico del sito web \u00e8 stato sviluppato e approvato dal gruppo di esperti internazionali. Le informazioni inoltre non intendono fornire informazioni mediche complete. Dovresti sempre ottenere informazioni mediche complete sui medicinali soggetti a prescrizione o sui dispositivi medici (compresi i loro usi medici, benefici e i possibili effetti avversi) discutendo l&#8217;uso appropriato di qualsiasi medicinale\/dispositivo medico direttamente con il tuo medico prescrittore o, se del caso, con altro consulente medico. Le informazioni mediche fornite non costituiscono e non intendono costituire alcun incentivo a raccomandare, acquistare, prescrivere, vendere o somministrare un particolare prodotto delle societ\u00e0 del gruppo Octapharma.<\/p>\n<\/div>\n\n<div class=\"default-block container\">\n<h2>Tutela del diritto d&#8217;autore<\/h2>\n<\/div>\n\n<div class=\"default-block container\">\n<p>Il copyright di tutto il materiale contenuto in questo sito web \u00e8 di propriet\u00e0 di Octapharma AG, se non diversamente indicato.<\/p>\n<\/div>\n\n<div class=\"default-block container\">\n<p>Octapharma AG si riserva tutti i diritti sul contenuto e sul design di questo sito web. Salvo autorizzazione scritta di Octapharma AG, non \u00e8 consentito riprodurre, utilizzare o copiare alcun contenuto di questo sito Web, inclusi nomi, loghi, design, informazioni sui prodotti e qualsiasi altro materiale\/informazione utilizzata in questo sito Web (di seguito collettivamente denominati &#8220;Informazioni&#8221; ). Non \u00e8 possibile utilizzare commercialmente alcuna informazione e non \u00e8 possibile far s\u00ec che nessuna delle informazioni venga inserita in un frame o incorporata in un altro sito Web senza previa autorizzazione scritta di Octapharma AG.<\/p>\n<\/div>\n\n<div class=\"default-block container\">\n<p>Tutte le informazioni a cui si fa riferimento in questo sito Web sono di propriet\u00e0 dei rispettivi proprietari e non devono essere utilizzate in tutto o in parte in alcuna giurisdizione senza il previo consenso scritto del relativo proprietario. N\u00e9 dovr\u00e0 essere utilizzata alcuna grafica che sia sostanzialmente simile a qualsiasi marchio, logo o nome a cui si fa riferimento in questo sito.<\/p>\n<\/div>\n\n<div class=\"default-block container\">\n<h2>Nessuna garanzia o rappresentanza<\/h2>\n<\/div>\n\n<div class=\"default-block container\">\n<p>Le Informazioni sono fornite \u201ccos\u00ec come sono\u201d e senza garanzie di alcun tipo, esplicite o implicite.<\/p>\n<\/div>\n\n<div class=\"default-block container\">\n<p>Nella misura massima consentita dalla legge, Octapharma AG declina espressamente tutte le dichiarazioni e garanzie, esplicite o implicite, in relazione a o in relazione a questo sito Web &#8211; incluse, senza limitazione, qualsiasi dichiarazione o garanzia di qualsiasi tipo in relazione a:<\/p>\n<\/div>\n\n<div class=\"default-block container\">\n<ul><div class=\"default-block container\">\n<li>L&#8217;accuratezza o la completezza di qualsiasi informazione contenuta in questo sito Web;<\/li>\n<\/div>\n\n<div class=\"default-block container\">\n<li>L&#8217;accuratezza o la completezza di qualsiasi informazione contenuta in qualsiasi sito Web collegato tramite collegamento ipertestuale a questo sito Web.<\/li>\n<\/div>\n\n<div class=\"default-block container\">\n<li>Le Informazioni sono fornite presupponendo che tutte le persone che accedono al sito web si assumono la responsabilit\u00e0 di valutare l&#8217;accuratezza del suo contenuto e che fanno affidamento su di esso interamente a proprio rischio. Octapharma AG (compresi i suoi direttori, affiliati, funzionari, dipendenti, agenti, appaltatori, successori e cessionari) non si assume alcuna responsabilit\u00e0 per perdite o danni subiti da qualsiasi persona a seguito dell&#8217;affidamento riposto sulle Informazioni o su qualsiasi altra informazione incorporata per riferimento .<\/li>\n<\/div><\/ul>\n<\/div>\n\n<div class=\"default-block container\">\n<h2>Codice di condotta applicabile<\/h2>\n<\/div>\n\n<div class=\"default-block container\">\n<p>Octapharma AG si impegna a rispettare le disposizioni del codice di condotta IFPMA. L&#8217;ultima versione di tale codice \u00e8 disponibile al seguente collegamento:&nbsp;<a href=\"https:\/\/www.ifpma.org\/resource-centre\/ifpma-code-of-practice\/\" target=\"_blank\" rel=\"noreferrer noopener\">https:\/\/www.ifpma.org\/resource-centre\/ifpma-code-of-practice\/<\/a><\/p>\n<\/div>\n\n<div class=\"default-block container\">\n<h2>Limitazione delle responsabilit\u00e0<\/h2>\n<\/div>\n\n<div class=\"default-block container\">\n<p>In nessun caso Octapharma AG (compresi i suoi direttori, affiliati, funzionari, dipendenti, agenti, appaltatori, successori e cessionari) sar\u00e0 responsabile per eventuali danni diretti, indiretti, punitivi, incidentali, speciali, consequenziali o qualsiasi danno di qualsiasi tipo, inclusi, senza limitazione, danni per perdita di utilizzo, dati, guadagni o opportunit\u00e0 perse, derivanti da o in qualsiasi modo connessi all&#8217;uso o alle prestazioni di questo sito web.<\/p>\n<\/div>\n\n<div class=\"default-block container\">\n<h2>Sito web di terze parti<\/h2>\n<\/div>\n\n<div class=\"default-block container\">\n<p>Per vostra comodit\u00e0, Octapharma AG pu\u00f2 fornire, su questo sito web, collegamenti a siti web gestiti da altre entit\u00e0. Se utilizzi questi siti Web, lascerai questo sito Web. Se decidi di visitare un qualsiasi sito collegato, lo fai a tuo rischio ed \u00e8 tua responsabilit\u00e0 adottare tutte le misure di protezione contro virus o altri elementi distruttivi.<\/p>\n<\/div>\n\n<div class=\"default-block container\">\n<p>Octapharma AG (compresi i suoi direttori, affiliati, funzionari, dipendenti, agenti, appaltatori, successori e cessionari) non fornisce alcuna garanzia o dichiarazione in merito e non approva eventuali siti Web collegati o le informazioni in essi visualizzate o qualsiasi prodotto o servizio ivi descritto.<\/p>\n<\/div>\n\n<div class=\"default-block container\">\n<p>I collegamenti non implicano che Octapharma AG sia affiliata o associata o sia legalmente autorizzata a utilizzare qualsiasi marchio, nome commerciale, logo o simbolo di copyright visualizzato o accessibile tramite i collegamenti, o che qualsiasi sito Web collegato sia autorizzato a utilizzare qualsiasi marchio, nome commerciale, logo o simbolo di copyright di Octapharma AG.<\/p>\n<\/div>\n\n<div class=\"default-block container\">\n<p>Tutti i link a questo sito web devono essere approvati da Octapharma AG. Octapharma AG si riserva il diritto di revocare il consenso al collegamento in qualsiasi momento a sua esclusiva discrezione.<\/p>\n<\/div>\n\n<div class=\"default-block container\">\n<h2>Legge applicabile<\/h2>\n<\/div>\n\n<div class=\"default-block container\">\n<p>I presenti termini di utilizzo, nonch\u00e9 l&#8217;informativa sulla privacy e la risoluzione di qualsiasi controversia relativa a questi termini di utilizzo e\/o all&#8217;informativa sulla privacy saranno interpretati in conformit\u00e0 con le leggi della Svizzera. Foro competente esclusivo \u00e8 Lachen, SZ, Svizzera.<\/p>\n<\/div>","protected":false},"excerpt":{"rendered":"<p>Termini di utilizzo Questo sito web \u00e8 finanziato da Octapharma AG, Seidenstrasse 2, 8853 Lachen SZ, Svizzera e sviluppato in collaborazione con gli esperti medici Dott. Fernando Corrales-Medina (Professore associato di Pediatria Clinica, University of Miami-Miller School of Medicine, USA), Prof. Erik Berntorp (Professore di Ricerca Clinica sulla coagulazione, Universit\u00e0 di Lund, Svezia) e il [&hellip;]<\/p>\n","protected":false},"author":1,"featured_media":0,"parent":0,"menu_order":0,"comment_status":"closed","ping_status":"closed","template":"front-page.php","meta":{"inline_featured_image":false},"acf":[],"yoast_head":"<!-- This site is optimized with the Yoast SEO plugin v20.4 - https:\/\/yoast.com\/wordpress\/plugins\/seo\/ -->\n<title>Dichiarazione legale - Italy<\/title>\n<meta name=\"robots\" content=\"index, follow, max-snippet:-1, max-image-preview:large, max-video-preview:-1\" \/>\n<link rel=\"canonical\" href=\"https:\/\/vwdtest.com\/it\/dichiarazione-legale\/\" \/>\n<meta property=\"og:locale\" content=\"en_US\" \/>\n<meta property=\"og:type\" content=\"article\" \/>\n<meta property=\"og:title\" content=\"Dichiarazione legale - Italy\" \/>\n<meta property=\"og:description\" content=\"Termini di utilizzo Questo sito web \u00e8 finanziato da Octapharma AG, Seidenstrasse 2, 8853 Lachen SZ, Svizzera e sviluppato in collaborazione con gli esperti medici Dott. Fernando Corrales-Medina (Professore associato di Pediatria Clinica, University of Miami-Miller School of Medicine, USA), Prof. Erik Berntorp (Professore di Ricerca Clinica sulla coagulazione, Universit\u00e0 di Lund, Svezia) e il [&hellip;]\" \/>\n<meta property=\"og:url\" content=\"https:\/\/vwdtest.com\/it\/dichiarazione-legale\/\" \/>\n<meta property=\"og:site_name\" content=\"Italy\" \/>\n<meta property=\"article:modified_time\" content=\"2024-04-03T04:53:21+00:00\" \/>\n<meta name=\"twitter:card\" content=\"summary_large_image\" \/>\n<meta name=\"twitter:label1\" content=\"Est. reading time\" \/>\n\t<meta name=\"twitter:data1\" content=\"6 minutes\" \/>\n<script type=\"application\/ld+json\" class=\"yoast-schema-graph\">{\"@context\":\"https:\/\/schema.org\",\"@graph\":[{\"@type\":\"WebPage\",\"@id\":\"https:\/\/vwdtest.com\/it\/dichiarazione-legale\/\",\"url\":\"https:\/\/vwdtest.com\/it\/dichiarazione-legale\/\",\"name\":\"Dichiarazione legale - Italy\",\"isPartOf\":{\"@id\":\"https:\/\/vwdtest.com\/it\/#website\"},\"datePublished\":\"2023-02-21T21:22:33+00:00\",\"dateModified\":\"2024-04-03T04:53:21+00:00\",\"breadcrumb\":{\"@id\":\"https:\/\/vwdtest.com\/it\/dichiarazione-legale\/#breadcrumb\"},\"inLanguage\":\"en-US\",\"potentialAction\":[{\"@type\":\"ReadAction\",\"target\":[\"https:\/\/vwdtest.com\/it\/dichiarazione-legale\/\"]}]},{\"@type\":\"BreadcrumbList\",\"@id\":\"https:\/\/vwdtest.com\/it\/dichiarazione-legale\/#breadcrumb\",\"itemListElement\":[{\"@type\":\"ListItem\",\"position\":1,\"name\":\"Home\",\"item\":\"https:\/\/vwdtest.com\/it\/\"},{\"@type\":\"ListItem\",\"position\":2,\"name\":\"Dichiarazione legale\"}]},{\"@type\":\"WebSite\",\"@id\":\"https:\/\/vwdtest.com\/it\/#website\",\"url\":\"https:\/\/vwdtest.com\/it\/\",\"name\":\"Italy\",\"description\":\"\",\"potentialAction\":[{\"@type\":\"SearchAction\",\"target\":{\"@type\":\"EntryPoint\",\"urlTemplate\":\"https:\/\/vwdtest.com\/it\/?s={search_term_string}\"},\"query-input\":\"required name=search_term_string\"}],\"inLanguage\":\"en-US\"}]}<\/script>\n<!-- \/ Yoast SEO plugin. -->","yoast_head_json":{"title":"Dichiarazione legale - Italy","robots":{"index":"index","follow":"follow","max-snippet":"max-snippet:-1","max-image-preview":"max-image-preview:large","max-video-preview":"max-video-preview:-1"},"canonical":"https:\/\/vwdtest.com\/it\/dichiarazione-legale\/","og_locale":"en_US","og_type":"article","og_title":"Dichiarazione legale - Italy","og_description":"Termini di utilizzo Questo sito web \u00e8 finanziato da Octapharma AG, Seidenstrasse 2, 8853 Lachen SZ, Svizzera e sviluppato in collaborazione con gli esperti medici Dott. Fernando Corrales-Medina (Professore associato di Pediatria Clinica, University of Miami-Miller School of Medicine, USA), Prof. Erik Berntorp (Professore di Ricerca Clinica sulla coagulazione, Universit\u00e0 di Lund, Svezia) e il [&hellip;]","og_url":"https:\/\/vwdtest.com\/it\/dichiarazione-legale\/","og_site_name":"Italy","article_modified_time":"2024-04-03T04:53:21+00:00","twitter_card":"summary_large_image","twitter_misc":{"Est. reading time":"6 minutes"},"schema":{"@context":"https:\/\/schema.org","@graph":[{"@type":"WebPage","@id":"https:\/\/vwdtest.com\/it\/dichiarazione-legale\/","url":"https:\/\/vwdtest.com\/it\/dichiarazione-legale\/","name":"Dichiarazione legale - Italy","isPartOf":{"@id":"https:\/\/vwdtest.com\/it\/#website"},"datePublished":"2023-02-21T21:22:33+00:00","dateModified":"2024-04-03T04:53:21+00:00","breadcrumb":{"@id":"https:\/\/vwdtest.com\/it\/dichiarazione-legale\/#breadcrumb"},"inLanguage":"en-US","potentialAction":[{"@type":"ReadAction","target":["https:\/\/vwdtest.com\/it\/dichiarazione-legale\/"]}]},{"@type":"BreadcrumbList","@id":"https:\/\/vwdtest.com\/it\/dichiarazione-legale\/#breadcrumb","itemListElement":[{"@type":"ListItem","position":1,"name":"Home","item":"https:\/\/vwdtest.com\/it\/"},{"@type":"ListItem","position":2,"name":"Dichiarazione legale"}]},{"@type":"WebSite","@id":"https:\/\/vwdtest.com\/it\/#website","url":"https:\/\/vwdtest.com\/it\/","name":"Italy","description":"","potentialAction":[{"@type":"SearchAction","target":{"@type":"EntryPoint","urlTemplate":"https:\/\/vwdtest.com\/it\/?s={search_term_string}"},"query-input":"required name=search_term_string"}],"inLanguage":"en-US"}]}},"_links":{"self":[{"href":"https:\/\/vwdtest.com\/it\/wp-json\/wp\/v2\/pages\/263"}],"collection":[{"href":"https:\/\/vwdtest.com\/it\/wp-json\/wp\/v2\/pages"}],"about":[{"href":"https:\/\/vwdtest.com\/it\/wp-json\/wp\/v2\/types\/page"}],"author":[{"embeddable":true,"href":"https:\/\/vwdtest.com\/it\/wp-json\/wp\/v2\/users\/1"}],"replies":[{"embeddable":true,"href":"https:\/\/vwdtest.com\/it\/wp-json\/wp\/v2\/comments?post=263"}],"version-history":[{"count":8,"href":"https:\/\/vwdtest.com\/it\/wp-json\/wp\/v2\/pages\/263\/revisions"}],"predecessor-version":[{"id":2812,"href":"https:\/\/vwdtest.com\/it\/wp-json\/wp\/v2\/pages\/263\/revisions\/2812"}],"wp:attachment":[{"href":"https:\/\/vwdtest.com\/it\/wp-json\/wp\/v2\/media?parent=263"}],"curies":[{"name":"wp","href":"https:\/\/api.w.org\/{rel}","templated":true}]}}