{"id":259,"date":"2023-02-21T21:13:32","date_gmt":"2023-02-21T21:13:32","guid":{"rendered":"https:\/\/new.vwdtest.com\/it\/?page_id=259"},"modified":"2024-04-04T04:27:14","modified_gmt":"2024-04-04T04:27:14","slug":"hcp-vwd","status":"publish","type":"page","link":"https:\/\/vwdtest.com\/it\/hcp-vwd\/","title":{"rendered":"Operatori sanitari e VWD"},"content":{"rendered":"\r\n\r\n<div class=\"container hb\">\r\n\t<div class=\"row\">\r\n\t\t<div class=\"col-12 col-lg-6 rtl\">\t\t<div class=\"hb__video ltr\">\r\n\t\t\t<div class=\"hb__video-img play_video\" data-video=\"video_hba\"><img decoding=\"async\" src=\"https:\/\/vwdtest.com\/it\/wp-content\/uploads\/sites\/46\/2023\/12\/VWD-thumbs-Corrales-English.png\"\r\n\t\t\t\t\tclass=\"hb__video-image\"><\/div>\r\n\t\t\t<div class=\"hb__video-text\">\r\n\t\t\t\t<h3 class=\"hb__video-title\">\r\n\t\t\t\t\tScopri di pi\u00f9 su<br \/>\r\nl&#8217;iniziativa VWDtest\t\t\t\t<\/h3>\r\n\t\t\t\t<button id=\"hcp_video\" class=\"hb__video-button button__large play_video\" data-video=\"video_hba\">\r\n\t\t\t\t\tVisualizzazione\t\t\t\t<\/button>\r\n\t\t\t<\/div>\r\n\t\t<\/div>\r\n\t\t<div class=\"hb__add-text\">\r\n\t\t\t<h3><strong>VWDtest.com \u00e8 stato sviluppato dal Dott. Fernando Corrales-Medina (Professore Associato di Pediatria Clinica, University of Miami-Miller School of Medicine, USA), dal Professor Erik Berntorp (Professore di Ricerca Clinica sulla Coagulazione, Lund University, Svezia) e dal loro team di esperti internazionali in disturbi emorragici per rispondere alle tue domande sui sintomi emorragici anomali e sulla <a href=\"https:\/\/vwdtest.com\/it\/von-willebrand-disease\/\">malattia di von Willebrand <\/a>(VWD).<\/strong><\/h3>\n\t\t<\/div>\r\n\t\t<h1>\r\n\t\t\tTutti insieme: prendersi cura delle persone con VWD\t\t<\/h1>\r\n\t\t<ul>\n<li>Uno dei tuoi pazienti \u00e8 preoccupato per le frequenti epistassi o per menorragia?<\/li>\n<li>Un genitore \u00e8 preoccupato perch\u00e9 suo figlio \u00e8 incline a ecchimosi?<\/li>\n<li>Sei stato contattato da un paziente affetto dalla malattia di von Willebrand che richiede cure o a uno dei tuoi pazienti \u00e8 stata recentemente diagnosticata tale patologia?<\/li>\n<li>Ti stai chiedendo se un sanguinamento che ha avuto luogo durante una procedura eseguita di recente suggerisce un disturbo emorragico non diagnosticato?<\/li>\n<\/ul>\n<h4>Molti pazienti con la <span class=\"TextRun SCXP212752330 BCX0\" lang=\"EN-GB\" xml:lang=\"EN-GB\" data-scheme-color=\"@FF0000,,\" data-usefontface=\"false\" data-contrast=\"none\"><span class=\"NormalTextRun SCXP212752330 BCX0\"><a href=\"https:\/\/vwdtest.com\/it\/von-willebrand-disease\/\">Malattia di Von Willebrand<\/a> (VWD<\/span><\/span><span class=\"TextRun SCXP212752330 BCX0\" lang=\"EN-GB\" xml:lang=\"EN-GB\" data-usefontface=\"false\" data-contrast=\"none\"> <span class=\"NormalTextRun SCXP212752330 BCX0\">) <\/span><\/span>non sono consapevoli della loro condizione e la loro diagnosi rimane una sfida. VWDtest.com fornisce un supporto per l&#8217;identificazione e la diagnosi di pazienti con disturbi emorragici. Troverai anche indicazioni sul tuo ruolo all&#8217;interno del percorso del tuo paziente e consigli di esperti sulla gestione della VWD. La diagnosi e la gestione della VWD rispondono sempre ad un&#8217;attivit\u00e0 multidisciplinare e il tuo contributo e la tua competenza sono essenziali per garantire che i pazienti ricevano le cure che meritano.<\/h4>\n\t<\/div>\r\n\t<div class=\"col-12 col-lg-6\">\r\n\t<div class=\"hb__persons row\">\r\n\t\t\t\t\t\t\t\t\r\n\t\t\t\t<div class=\"hb__person col-6\" id=\"person_1\">\r\n\t\t\t\t\t<img decoding=\"async\" class=\"hb__person-image hbi\" src=\"https:\/\/vwdtest.com\/it\/wp-content\/uploads\/sites\/46\/2023\/02\/gynaecologist.png\"\r\n\t\t\t\t\t\talt=\"GINECOLOGO&lt;br&gt;\/ OSTETRICA\">\r\n\t\t\t\t\t<a href=\"https:\/\/vwdtest.com\/it\/vwd-and-gynaecology-obstetrics\/\" class=\"hb__person-button hbb\">\r\n\t\t\t\t\t\t<div class=\"hb__person-text\">\r\n\t\t\t\t\t\t\t<span class=\"hb__person-content\">\r\n\t\t\t\t\t\t\t\tGINECOLOGO<br>\/ OSTETRICA<span class=\"hb__person-content-arrow\"><\/span>\r\n\t\t\t\t\t\t\t<\/span>\r\n\t\t\t\t\t\t\t<span class=\"hb__person-bg\">\r\n\t\t\t\t\t\t\t\t<span class=\"hb__person-arrow triangle up hba\"><\/span>\r\n\t\t\t\t\t\t\t<\/span>\r\n\t\t\t\t\t\t<\/div>\r\n\t\t\t\t\t<\/a>\r\n\t\t\t\t<\/div>\r\n\t\t\t\t\t\t\t\r\n\t\t\t\t<div class=\"hb__person col-6\" id=\"person_2\">\r\n\t\t\t\t\t<img decoding=\"async\" class=\"hb__person-image hbi\" src=\"https:\/\/vwdtest.com\/it\/wp-content\/uploads\/sites\/46\/2023\/02\/dentist.png\"\r\n\t\t\t\t\t\talt=\"DENTISTA\">\r\n\t\t\t\t\t<a href=\"https:\/\/vwdtest.com\/it\/vwd-e-odontoiatria\/\" class=\"hb__person-button hbb\">\r\n\t\t\t\t\t\t<div class=\"hb__person-text\">\r\n\t\t\t\t\t\t\t<span class=\"hb__person-content\">\r\n\t\t\t\t\t\t\t\tDENTISTA<span class=\"hb__person-content-arrow\"><\/span>\r\n\t\t\t\t\t\t\t<\/span>\r\n\t\t\t\t\t\t\t<span class=\"hb__person-bg\">\r\n\t\t\t\t\t\t\t\t<span class=\"hb__person-arrow triangle up hba\"><\/span>\r\n\t\t\t\t\t\t\t<\/span>\r\n\t\t\t\t\t\t<\/div>\r\n\t\t\t\t\t<\/a>\r\n\t\t\t\t<\/div>\r\n\t\t\t\t\t\t\t\r\n\t\t\t\t<div class=\"hb__person col-6\" id=\"person_3\">\r\n\t\t\t\t\t<img decoding=\"async\" class=\"hb__person-image hbi\" src=\"https:\/\/vwdtest.com\/it\/wp-content\/uploads\/sites\/46\/2023\/02\/family-doctor.png\"\r\n\t\t\t\t\t\talt=\"MEDICO DI FAMIGLIA \/ &lt;br&gt;PEDIATRA\">\r\n\t\t\t\t\t<a href=\"https:\/\/vwdtest.com\/it\/medico-di-famiglia-pediatra\/\" class=\"hb__person-button hbb\">\r\n\t\t\t\t\t\t<div class=\"hb__person-text\">\r\n\t\t\t\t\t\t\t<span class=\"hb__person-content\">\r\n\t\t\t\t\t\t\t\tMEDICO DI FAMIGLIA \/ <br>PEDIATRA<span class=\"hb__person-content-arrow\"><\/span>\r\n\t\t\t\t\t\t\t<\/span>\r\n\t\t\t\t\t\t\t<span class=\"hb__person-bg\">\r\n\t\t\t\t\t\t\t\t<span class=\"hb__person-arrow triangle up hba\"><\/span>\r\n\t\t\t\t\t\t\t<\/span>\r\n\t\t\t\t\t\t<\/div>\r\n\t\t\t\t\t<\/a>\r\n\t\t\t\t<\/div>\r\n\t\t\t\t\t\t\t\r\n\t\t\t\t<div class=\"hb__person col-6\" id=\"person_4\">\r\n\t\t\t\t\t<img decoding=\"async\" class=\"hb__person-image hbi\" src=\"https:\/\/vwdtest.com\/it\/wp-content\/uploads\/sites\/46\/2023\/02\/resources.png\"\r\n\t\t\t\t\t\talt=\"Risorse&lt;br&gt;per i medici\">\r\n\t\t\t\t\t<a href=\"https:\/\/vwdtest.com\/it\/clinician-materials\/\" class=\"hb__person-button hbb\">\r\n\t\t\t\t\t\t<div class=\"hb__person-text\">\r\n\t\t\t\t\t\t\t<span class=\"hb__person-content\">\r\n\t\t\t\t\t\t\t\tRisorse<br>per i medici<span class=\"hb__person-content-arrow\"><\/span>\r\n\t\t\t\t\t\t\t<\/span>\r\n\t\t\t\t\t\t\t<span class=\"hb__person-bg\">\r\n\t\t\t\t\t\t\t\t<span class=\"hb__person-arrow triangle up hba\"><\/span>\r\n\t\t\t\t\t\t\t<\/span>\r\n\t\t\t\t\t\t<\/div>\r\n\t\t\t\t\t<\/a>\r\n\t\t\t\t<\/div>\r\n\t\t\t\t\t\t\t\t\t\t<\/div>\r\n<\/div>\r\n<!-- <div class=\"row\">\r\n\t<div class=\"col-12 col-lg-5\">\r\n\t\t<div class=\"hb__video\">\r\n\t\t\t<div class=\"hb__video-img play_video\" data-video=\"video_hba\"><img decoding=\"async\" src=\"https:\/\/vwdtest.com\/it\/wp-content\/uploads\/sites\/46\/2023\/12\/VWD-thumbs-Corrales-English.png\"\r\n\t\t\t\t\tclass=\"hb__video-image\"><\/div>\r\n\t\t\t<div class=\"hb__video-text\">\r\n\t\t\t\t<h3 class=\"hb__video-title\">\r\n\t\t\t\t\tScopri di pi\u00f9 su<br \/>\r\nl'iniziativa VWDtest\t\t\t\t<\/h3>\r\n\t\t\t\t<button class=\"hb__video-button button__large play_video\" data-video=\"video_hba\">\r\n\t\t\t\t\tVisualizzazione\t\t\t\t<\/button>\r\n\t\t\t<\/div>\r\n\t\t<\/div>\r\n\t<\/div>\r\n\t<div class=\"col-12 col-lg-7\">\r\n\t\t<div class=\"hb__add-text\">\r\n\t\t\t<h3><strong>VWDtest.com \u00e8 stato sviluppato dal Dott. Fernando Corrales-Medina (Professore Associato di Pediatria Clinica, University of Miami-Miller School of Medicine, USA), dal Professor Erik Berntorp (Professore di Ricerca Clinica sulla Coagulazione, Lund University, Svezia) e dal loro team di esperti internazionali in disturbi emorragici per rispondere alle tue domande sui sintomi emorragici anomali e sulla <a href=\"https:\/\/vwdtest.com\/it\/von-willebrand-disease\/\">malattia di von Willebrand <\/a>(VWD).<\/strong><\/h3>\n\t\t<\/div>\r\n\t<\/div>\r\n<\/div> -->\r\n<\/div>\r\n\r\n<div class=\"video\" id=\"video_hba\">\r\n\t<div class=\"video__box\">\r\n\t\t<div class=\"popup-close-icon\"><img\r\n\t\t\t\tsrc=\"https:\/\/vwdtest.com\/fr\/wp-content\/uploads\/sites\/22\/2023\/09\/cross-icon1.svg\" alt=\"cross-icon\">\r\n\t\t<\/div>\r\n\t\t<video width=\"320\" height=\"240\" controls>\r\n\t\t\t<source src=\"https:\/\/vwdtest.com\/it\/wp-content\/uploads\/sites\/46\/2023\/12\/VWD-Test-Main-Video_12_Corrales-EN.mp4\" type=\"video\/mp4\">\r\n\t\t\tYour browser does not support the video tag.\r\n\t\t\t\t\t<\/video>\r\n\t<\/div>\r\n<\/div>","protected":false},"excerpt":{"rendered":"","protected":false},"author":1,"featured_media":0,"parent":0,"menu_order":0,"comment_status":"closed","ping_status":"closed","template":"front-page.php","meta":{"inline_featured_image":false},"acf":[],"yoast_head":"<!-- This site is optimized with the Yoast SEO plugin v20.4 - https:\/\/yoast.com\/wordpress\/plugins\/seo\/ -->\n<title>Operatori sanitari e VWD - Italy<\/title>\n<meta name=\"robots\" content=\"index, follow, max-snippet:-1, max-image-preview:large, max-video-preview:-1\" \/>\n<link rel=\"canonical\" href=\"https:\/\/vwdtest.com\/it\/hcp-vwd\/\" \/>\n<meta property=\"og:locale\" content=\"en_US\" \/>\n<meta property=\"og:type\" content=\"article\" \/>\n<meta property=\"og:title\" content=\"Operatori sanitari e VWD - Italy\" \/>\n<meta property=\"og:url\" content=\"https:\/\/vwdtest.com\/it\/hcp-vwd\/\" \/>\n<meta property=\"og:site_name\" content=\"Italy\" \/>\n<meta property=\"article:modified_time\" content=\"2024-04-04T04:27:14+00:00\" \/>\n<meta name=\"twitter:card\" content=\"summary_large_image\" \/>\n<script type=\"application\/ld+json\" class=\"yoast-schema-graph\">{\"@context\":\"https:\/\/schema.org\",\"@graph\":[{\"@type\":\"WebPage\",\"@id\":\"https:\/\/vwdtest.com\/it\/hcp-vwd\/\",\"url\":\"https:\/\/vwdtest.com\/it\/hcp-vwd\/\",\"name\":\"Operatori sanitari e VWD - Italy\",\"isPartOf\":{\"@id\":\"https:\/\/vwdtest.com\/it\/#website\"},\"datePublished\":\"2023-02-21T21:13:32+00:00\",\"dateModified\":\"2024-04-04T04:27:14+00:00\",\"breadcrumb\":{\"@id\":\"https:\/\/vwdtest.com\/it\/hcp-vwd\/#breadcrumb\"},\"inLanguage\":\"en-US\",\"potentialAction\":[{\"@type\":\"ReadAction\",\"target\":[\"https:\/\/vwdtest.com\/it\/hcp-vwd\/\"]}]},{\"@type\":\"BreadcrumbList\",\"@id\":\"https:\/\/vwdtest.com\/it\/hcp-vwd\/#breadcrumb\",\"itemListElement\":[{\"@type\":\"ListItem\",\"position\":1,\"name\":\"Home\",\"item\":\"https:\/\/vwdtest.com\/it\/\"},{\"@type\":\"ListItem\",\"position\":2,\"name\":\"Operatori sanitari e VWD\"}]},{\"@type\":\"WebSite\",\"@id\":\"https:\/\/vwdtest.com\/it\/#website\",\"url\":\"https:\/\/vwdtest.com\/it\/\",\"name\":\"Italy\",\"description\":\"\",\"potentialAction\":[{\"@type\":\"SearchAction\",\"target\":{\"@type\":\"EntryPoint\",\"urlTemplate\":\"https:\/\/vwdtest.com\/it\/?s={search_term_string}\"},\"query-input\":\"required name=search_term_string\"}],\"inLanguage\":\"en-US\"}]}<\/script>\n<!-- \/ Yoast SEO plugin. -->","yoast_head_json":{"title":"Operatori sanitari e VWD - Italy","robots":{"index":"index","follow":"follow","max-snippet":"max-snippet:-1","max-image-preview":"max-image-preview:large","max-video-preview":"max-video-preview:-1"},"canonical":"https:\/\/vwdtest.com\/it\/hcp-vwd\/","og_locale":"en_US","og_type":"article","og_title":"Operatori sanitari e VWD - Italy","og_url":"https:\/\/vwdtest.com\/it\/hcp-vwd\/","og_site_name":"Italy","article_modified_time":"2024-04-04T04:27:14+00:00","twitter_card":"summary_large_image","schema":{"@context":"https:\/\/schema.org","@graph":[{"@type":"WebPage","@id":"https:\/\/vwdtest.com\/it\/hcp-vwd\/","url":"https:\/\/vwdtest.com\/it\/hcp-vwd\/","name":"Operatori sanitari e VWD - Italy","isPartOf":{"@id":"https:\/\/vwdtest.com\/it\/#website"},"datePublished":"2023-02-21T21:13:32+00:00","dateModified":"2024-04-04T04:27:14+00:00","breadcrumb":{"@id":"https:\/\/vwdtest.com\/it\/hcp-vwd\/#breadcrumb"},"inLanguage":"en-US","potentialAction":[{"@type":"ReadAction","target":["https:\/\/vwdtest.com\/it\/hcp-vwd\/"]}]},{"@type":"BreadcrumbList","@id":"https:\/\/vwdtest.com\/it\/hcp-vwd\/#breadcrumb","itemListElement":[{"@type":"ListItem","position":1,"name":"Home","item":"https:\/\/vwdtest.com\/it\/"},{"@type":"ListItem","position":2,"name":"Operatori sanitari e VWD"}]},{"@type":"WebSite","@id":"https:\/\/vwdtest.com\/it\/#website","url":"https:\/\/vwdtest.com\/it\/","name":"Italy","description":"","potentialAction":[{"@type":"SearchAction","target":{"@type":"EntryPoint","urlTemplate":"https:\/\/vwdtest.com\/it\/?s={search_term_string}"},"query-input":"required name=search_term_string"}],"inLanguage":"en-US"}]}},"_links":{"self":[{"href":"https:\/\/vwdtest.com\/it\/wp-json\/wp\/v2\/pages\/259"}],"collection":[{"href":"https:\/\/vwdtest.com\/it\/wp-json\/wp\/v2\/pages"}],"about":[{"href":"https:\/\/vwdtest.com\/it\/wp-json\/wp\/v2\/types\/page"}],"author":[{"embeddable":true,"href":"https:\/\/vwdtest.com\/it\/wp-json\/wp\/v2\/users\/1"}],"replies":[{"embeddable":true,"href":"https:\/\/vwdtest.com\/it\/wp-json\/wp\/v2\/comments?post=259"}],"version-history":[{"count":78,"href":"https:\/\/vwdtest.com\/it\/wp-json\/wp\/v2\/pages\/259\/revisions"}],"predecessor-version":[{"id":2835,"href":"https:\/\/vwdtest.com\/it\/wp-json\/wp\/v2\/pages\/259\/revisions\/2835"}],"wp:attachment":[{"href":"https:\/\/vwdtest.com\/it\/wp-json\/wp\/v2\/media?parent=259"}],"curies":[{"name":"wp","href":"https:\/\/api.w.org\/{rel}","templated":true}]}}