{"id":19,"date":"2023-02-13T13:51:56","date_gmt":"2023-02-13T13:51:56","guid":{"rendered":"https:\/\/new.vwdtest.com\/it\/?page_id=19"},"modified":"2024-04-02T21:47:45","modified_gmt":"2024-04-02T21:47:45","slug":"von-willebrand-disease","status":"publish","type":"page","link":"https:\/\/vwdtest.com\/it\/von-willebrand-disease\/","title":{"rendered":"Ulteriori informazioni sulla malattia di von Willebrand"},"content":{"rendered":"<div class=\"default-block container\">\n<h2>La malattia di Von Willebrand (VWD) \u00e8<br>il disturbo emorragico pi\u00f9 comune<\/h2>\n<\/div>\n\n<div class=\"default-block container\">\n<h5 class=\"bleeding-symptoms-title live\">Quando un vaso sanguigno viene danneggiato, alcuni globuli rossi si uniscono per chiudere la ferita e fermare l\u2019emorragia. Questo processo \u00e8 chiamato coagulazione. Nelle persone con disturbi emorragici, come la VWD o l\u2019emofilia, la coagulazione del sangue non funziona correttamente. Pertanto, <strong>le persone affette da VWD tendono a sanguinare pi\u00f9 frequentemente e pi\u00f9 a lungo<\/strong>, ad esempio durante eventi come <a href=\"https:\/\/vwdtest.com\/it\/bleeding-symptoms\/#nosebleed\">sangue dal naso<\/a>, <a href=\"https:\/\/vwdtest.com\/it\/bleeding-symptoms\/#oral-bleed\">sanguinamenti gengivali<\/a>, o dopo <a href=\"https:\/\/vwdtest.com\/it\/bleeding-symptoms\/#minor-wounds\"> ferite lievi <\/a>. Le donne affette da VWD spesso sperimentano <a href=\"https:\/\/vwdtest.com\/it\/bleeding-symptoms\/#hmb\"> sanguinamento mestruale abbondante<\/a>. Nelle persone affette da VWD, il sanguinamento \u00e8 causato da difetti nella proteina del fattore von Willebrand (VWF), importante per la coagulazione del sangue.<sup>1<\/sup><\/h5>\n<\/div>\n\n<img decoding=\"async\" src=\"https:\/\/vwdtest.com\/it\/wp-content\/uploads\/sites\/46\/2023\/02\/hero2.webp\" alt=\"Ulteriori informazioni sulla malattia di von Willebrand\" class=\"page_thumbnail d-xl-none\">\r\n\n\n<div class=\"default-block container\">\n<figure class=\"is-layout-flex wp-block-gallery-1 wp-block-gallery has-nested-images columns-default is-cropped\"><div class=\"default-block container\">\n<figure class=\"wp-block-image size-full\"><img decoding=\"async\" loading=\"lazy\" width=\"868\" height=\"484\" data-id=\"1569\"  src=\"https:\/\/vwdtest.com\/it\/wp-content\/uploads\/sites\/46\/2023\/09\/Illustration-01-1.png\" alt=\"\" class=\"wp-image-1569\" srcset=\"https:\/\/vwdtest.com\/it\/wp-content\/uploads\/sites\/46\/2023\/09\/Illustration-01-1.png 868w, https:\/\/vwdtest.com\/it\/wp-content\/uploads\/sites\/46\/2023\/09\/Illustration-01-1-300x167.png 300w, https:\/\/vwdtest.com\/it\/wp-content\/uploads\/sites\/46\/2023\/09\/Illustration-01-1-768x428.png 768w\" sizes=\"(max-width: 868px) 100vw, 868px\" \/><\/figure>\n<\/div><\/figure>\n<\/div>\n\n<div class=\"default-block container\">\n<h2><strong>Il fattore di von Willebrand (VWF) \u00e8 importante per la coagulazione del sangue<\/strong><\/h2>\n<\/div>\n\n<div class=\"default-block container\">\n<p class=\"full\">Il VWF (fattore di von Willebrand) \u00e8 una proteina che circola nel sangue. \u00c8 prodotto dalle cellule dei vasi sanguigni e delle ossa e rilasciato nel flusso sanguigno. In caso di infortunio, il <strong>VWF interviene con altre proteine \u200b\u200bper fermare l&#8217;emorragia formando un coagulo di sangue<\/strong>. Nelle persone affette da VWD, il corpo non produce abbastanza VWF o la proteina non funziona correttamente. Di conseguenza, la coagulazione del sangue non funziona correttamente e il sanguinamento potrebbe prolungarsi.<sup>2<\/sup><\/p>\n<\/div>\n\n\r\n\r\n<div class=\"styledBox\">\r\n    <h2 class=\"styledBox__title\">Esistono tre tipi principali di VWD<\/h2>\r\n\r\n    <ul class=\"styledBox__list\">\r\n            <li class=\"styledBox__item\">\r\n            <p><strong>VWD di tipo 1: <\/strong>circa 3 persone su 4 affette da VWD hanno il tipo 1, il che lo rende il tipo pi\u00f9 comune della malattia. Queste persone hanno bassi livelli di proteina VWF.<sup>2<\/sup><\/p>\n        <\/li>\r\n            <li class=\"styledBox__item\">\r\n            <p><strong>VWD di tipo 2:<\/strong> le persone con VWD di tipo 2 hanno la proteina VWF che non funziona correttamente.<sup>2<\/sup><\/p>\n        <\/li>\r\n            <li class=\"styledBox__item\">\r\n            <p><strong>VWD di tipo 3:<\/strong> spesso pi\u00f9 grave del tipo 1 o 2, questa \u00e8 la forma pi\u00f9 rara della malattia. Le persone con VWD di tipo 3 hanno livelli molto bassi della proteina VWF.<sup>2<\/sup><\/p>\n        <\/li>\r\n        <\/ul>\r\n<\/div>\n\n<div class=\"default-block container\">\n<h2>Qual \u00e8 la differenza tra VWD ed emofilia?<\/h2>\n<\/div>\n\n<div class=\"default-block container\">\n<p class=\"full\">Sia la VWD che l&#8217;emofilia sono disturbi emorragici. Le persone con entrambe le malattie hanno un rischio maggiore di sanguinamento, ma le parti del corpo in cui solitamente si verifica il sanguinamento non sono le stesse per le persone con VWD o emofilia. I disturbi sono causati da difetti in diverse proteine: la VWD \u00e8 causata da difetti nella proteina VWF, mentre l&#8217;emofilia si verifica a causa della mancanza parziale o totale di proteine \u200b\u200bchiamate fattore VIII e fattore IX. Queste diverse cause implicano che le patologie abbiano trattamenti diversi.<sup>3,4<\/sup><\/p>\n<\/div>\n\n<div class=\"default-block container\">\n<h2><strong>La VWD pu\u00f2 essere<\/strong> <strong>trattata<\/strong><\/h2>\n<\/div>\n\n<div class=\"default-block container\">\n<p class=\"full\">Non esiste una cura per la VWD, ma esistono <a href=\"https:\/\/vwdtest.com\/it\/i-live-with-vwd\/\">trattamenti efficaci<\/a>. La maggior parte delle persone affette da VWD presentano sintomi molto lievi che possono gestire da soli nella vita di tutti i giorni. Tuttavia, le persone affette da forme gravi di VWD possono avere sanguinamenti pi\u00f9 gravi e frequenti, con un&#8217; influenza maggiore sulla loro vita.<sup>1<\/sup><\/p>\n<\/div>\n\n<div class=\"default-block container\">\n<p class=\"full\"><strong>Se soffri di VWD, \u00e8 importante iscriversi presso un centro di cura locale specializzato in disturbi emorragici.<\/strong> Lo staff del <a href=\"https:\/\/vwdtest.com\/it\/helpful-resources\/\">centro di trattamento<\/a> risponder\u00e0 a tutte le tue domande e ti guider\u00e0 nella gestione della malattia, in modo che tu possa vivere una vita in buona salute. <\/p>\n<\/div>\n\n<div class=\"default-block container\">\n<p class=\"full\">Raccomandiamo inoltre di contattare le <a href=\"https:\/\/vwdtest.com\/it\/helpful-resources\/\">associazioni dei pazienti<\/a> locali. Ci sono pi\u00f9 persone affette da disturbi emorragici di quanto potresti pensare e saranno felici di condividere le loro esperienze con te.<\/p>\n<\/div>\n\n<div class=\"default-block container\">\n<div class=\"is-layout-flex wp-container-5 wp-block-columns are-vertically-aligned-center\">\n<div class=\"is-layout-flow wp-block-column is-vertically-aligned-center\"><div class=\"default-block container\">\n<figure class=\"wp-block-image aligncenter size-full\"><img decoding=\"async\" loading=\"lazy\" width=\"259\" height=\"325\" src=\"https:\/\/vwdtest.com\/it\/wp-content\/uploads\/sites\/46\/2023\/02\/Illustration-03.png\" alt=\"\" class=\"wp-image-26\" srcset=\"https:\/\/vwdtest.com\/it\/wp-content\/uploads\/sites\/46\/2023\/02\/Illustration-03.png 259w, https:\/\/vwdtest.com\/it\/wp-content\/uploads\/sites\/46\/2023\/02\/Illustration-03-239x300.png 239w\" sizes=\"(max-width: 259px) 100vw, 259px\" \/><\/figure>\n<\/div><\/div>\n\n\n\n<div class=\"is-layout-flow wp-block-column is-vertically-aligned-center\"><div class=\"default-block container\">\n<h2>Fino all\u20191% della popolazione mondiale pu\u00f2 essere affetta da VWD<\/h2>\n<\/div>\n\n<div class=\"default-block container\">\n<p>La VWD \u00e8 solitamente ereditaria e colpisce sia maschi che femmine di tutte le et\u00e0, compresi i bambini. Le donne hanno maggiori probabilit\u00e0 di manifestare sintomi di VWD rispetto agli uomini a causa del sanguinamento che si verifica durante le mestruazioni, la gravidanza e il parto.<br><br><strong>Molte persone presentano sintomi lievi e potrebbero non rendersi conto di avere la VWD.<\/strong><\/p>\n<\/div><\/div>\n<\/div>\n<\/div>\n\n<div class=\"default-block container\">\n<div class=\"is-layout-flex wp-container-10 wp-block-columns are-vertically-aligned-center\">\n<div class=\"is-layout-flow wp-block-column is-vertically-aligned-center\"><div class=\"default-block container\">\n<div class=\"is-layout-flex wp-container-8 wp-block-columns\">\n<div class=\"is-layout-flow wp-block-column\"><div class=\"default-block container\">\n<h2><strong>Le persone affette da VWD spesso attendono molti anni per una diagnosi<\/strong><\/h2>\n<\/div>\n\n<div class=\"default-block container\">\n<p class=\"orange\">Spesso \u00e8 difficile dire se il sanguinamento \u00e8 nella norma o meno. Inoltre, molte persone non sono a conoscenza dei disturbi emorragici come la VWD. Per questi motivi, le persone affette da VWD spesso devono attendere diversi anni dai primi sintomi di sanguinamento alla diagnosi definitiva. Questo ritardo \u00e8 maggiore per i pazienti di sesso femminile rispetto a quelli di sesso maschile. <b>Senza diagnosi e trattamento, i pazienti possono soffrire di sanguinamenti frequenti, carenza di ferro, dolore e ridotta qualit\u00e0 di vita. <\/b>Anche se i sintomi del sanguinamento sono lievi nella vita quotidiana, esiste il rischio di sanguinamento grave durante un intervento chirurgico o in seguito a un incidente.<sup>1<\/sup><\/p>\n<\/div>\n\n<div class=\"default-block container\">\n<p>Pertanto,<mark class=\"has-inline-color has-orange-color\"> <\/mark><strong>\u00e8 importante essere consapevole dei sintomi emorragici e dei disturbi emorragici, come la VWD<\/strong>. Se non sei sicuro degli eventuali sanguinamenti che hai riscontrato, esegui il nostro test del sanguinamento.<\/p>\n<\/div><\/div>\n\n\n\n<div class=\"is-layout-flow wp-block-column is-vertically-aligned-center\"><div class=\"default-block container\">\n<figure class=\"wp-block-image aligncenter size-full is-style-default\"><img decoding=\"async\" loading=\"lazy\" width=\"480\" height=\"331\" src=\"https:\/\/vwdtest.com\/it\/wp-content\/uploads\/sites\/46\/2023\/02\/Fill-47-1.png\" alt=\"\" class=\"wp-image-50\" srcset=\"https:\/\/vwdtest.com\/it\/wp-content\/uploads\/sites\/46\/2023\/02\/Fill-47-1.png 480w, https:\/\/vwdtest.com\/it\/wp-content\/uploads\/sites\/46\/2023\/02\/Fill-47-1-300x207.png 300w\" sizes=\"(max-width: 480px) 100vw, 480px\" \/><\/figure>\n<\/div><\/div>\n<\/div>\n<\/div><\/div>\n<\/div>\n<\/div>\n\n<div class=\"default-block container\">\n<h2><strong>Per diagnosticare la VWD sono necessari un\u2019anamnesi emorragica e test di laboratorio<\/strong><\/h2>\n<\/div>\n\n<div class=\"default-block container\">\n<p class=\"full\">La VWD \u00e8 rara e non tutti i medici hanno familiarit\u00e0 con la malattia. Pertanto, <strong>una diagnosi definitiva dovrebbe essere fatta da un medico specializzato in disturbi emorragici<\/strong>. Una diagnosi di VWD implica sempre un percorso. Inizialmente, il medico deve analizzare eventuali sanguinamenti che tu e possibilmente altri membri della tua famiglia potreste aver sperimentato. Questa informazioni sono definite \u201cstoria del sanguinamento\u201d. Per valutare la storia completa dei sanguinamenti, il medico ti porr\u00e0 una serie di domande. Se l&#8217;anamnesi di sanguinamento suggerisce che potresti avere un disturbo emorragico, il tuo sangue deve essere analizzato in un laboratorio specializzato.<sup>1<\/sup> Con i risultati degli esami del sangue, il medico formuler\u00e0 una diagnosi definitiva. <\/p>\n<\/div>\n\n<div class=\"default-block container\">\n<p class=\"full\"><strong>Prima avrai la diagnosi, prima potrai iniziare a fare scelte informate sul tuo trattamento e sul tuo stile di vita.<\/strong><\/p>\n<\/div>\n\n<div class=\"default-block container\">\n<h6>Riferimenti<\/h6>\n<\/div>\n\n<div class=\"default-block container\">\n<ol><div class=\"default-block container\">\n<li>Corrales-Medina FF et al. Sangue Rev 2022; 101018.<a id=\"_msocom_1\"><\/a><\/li>\n<\/div>\n\n<div class=\"default-block container\">\n<li><a id=\"_msocom_1\"><\/a>Leebeek FWG e Eikenboom JCJ. N Engl J Med 2016; 21:2067-80.<\/li>\n<\/div>\n\n<div class=\"default-block container\">\n<li>Srivastava A et al. Emofilia 2020; 26(Suppl 6):1-158.<\/li>\n<\/div>\n\n<div class=\"default-block container\">\n<li>Connell NT et al. Avv. Sangue 2021; 5:301-25.<\/li>\n<\/div><\/ol>\n<\/div>","protected":false},"excerpt":{"rendered":"<p>La malattia di Von Willebrand (VWD) \u00e8il disturbo emorragico pi\u00f9 comune Quando un vaso sanguigno viene danneggiato, alcuni globuli rossi si uniscono per chiudere la ferita e fermare l\u2019emorragia. Questo processo \u00e8 chiamato coagulazione. Nelle persone con disturbi emorragici, come la VWD o l\u2019emofilia, la coagulazione del sangue non funziona correttamente. Pertanto, le persone affette [&hellip;]<\/p>\n","protected":false},"author":1,"featured_media":231,"parent":0,"menu_order":0,"comment_status":"closed","ping_status":"closed","template":"","meta":{"inline_featured_image":false},"acf":[],"yoast_head":"<!-- This site is optimized with the Yoast SEO plugin v20.4 - https:\/\/yoast.com\/wordpress\/plugins\/seo\/ -->\n<title>Ulteriori informazioni sulla malattia di von Willebrand - Italy<\/title>\n<meta name=\"robots\" content=\"index, follow, max-snippet:-1, max-image-preview:large, max-video-preview:-1\" \/>\n<link rel=\"canonical\" href=\"https:\/\/vwdtest.com\/it\/von-willebrand-disease\/\" \/>\n<meta property=\"og:locale\" content=\"en_US\" \/>\n<meta property=\"og:type\" content=\"article\" \/>\n<meta property=\"og:title\" content=\"Ulteriori informazioni sulla malattia di von Willebrand - Italy\" \/>\n<meta property=\"og:description\" content=\"La malattia di Von Willebrand (VWD) \u00e8il disturbo emorragico pi\u00f9 comune Quando un vaso sanguigno viene danneggiato, alcuni globuli rossi si uniscono per chiudere la ferita e fermare l\u2019emorragia. Questo processo \u00e8 chiamato coagulazione. Nelle persone con disturbi emorragici, come la VWD o l\u2019emofilia, la coagulazione del sangue non funziona correttamente. Pertanto, le persone affette [&hellip;]\" \/>\n<meta property=\"og:url\" content=\"https:\/\/vwdtest.com\/it\/von-willebrand-disease\/\" \/>\n<meta property=\"og:site_name\" content=\"Italy\" \/>\n<meta property=\"article:modified_time\" content=\"2024-04-02T21:47:45+00:00\" \/>\n<meta property=\"og:image\" content=\"https:\/\/vwdtest.com\/it\/wp-content\/uploads\/sites\/46\/2023\/02\/hero2.webp\" \/>\n\t<meta property=\"og:image:width\" content=\"774\" \/>\n\t<meta property=\"og:image:height\" content=\"927\" \/>\n\t<meta property=\"og:image:type\" content=\"image\/webp\" \/>\n<meta name=\"twitter:card\" content=\"summary_large_image\" \/>\n<meta name=\"twitter:label1\" content=\"Est. reading time\" \/>\n\t<meta name=\"twitter:data1\" content=\"5 minutes\" \/>\n<script type=\"application\/ld+json\" class=\"yoast-schema-graph\">{\"@context\":\"https:\/\/schema.org\",\"@graph\":[{\"@type\":\"WebPage\",\"@id\":\"https:\/\/vwdtest.com\/it\/von-willebrand-disease\/\",\"url\":\"https:\/\/vwdtest.com\/it\/von-willebrand-disease\/\",\"name\":\"Ulteriori informazioni sulla malattia di von Willebrand - Italy\",\"isPartOf\":{\"@id\":\"https:\/\/vwdtest.com\/it\/#website\"},\"datePublished\":\"2023-02-13T13:51:56+00:00\",\"dateModified\":\"2024-04-02T21:47:45+00:00\",\"breadcrumb\":{\"@id\":\"https:\/\/vwdtest.com\/it\/von-willebrand-disease\/#breadcrumb\"},\"inLanguage\":\"en-US\",\"potentialAction\":[{\"@type\":\"ReadAction\",\"target\":[\"https:\/\/vwdtest.com\/it\/von-willebrand-disease\/\"]}]},{\"@type\":\"BreadcrumbList\",\"@id\":\"https:\/\/vwdtest.com\/it\/von-willebrand-disease\/#breadcrumb\",\"itemListElement\":[{\"@type\":\"ListItem\",\"position\":1,\"name\":\"Home\",\"item\":\"https:\/\/vwdtest.com\/it\/\"},{\"@type\":\"ListItem\",\"position\":2,\"name\":\"Ulteriori informazioni sulla malattia di von Willebrand\"}]},{\"@type\":\"WebSite\",\"@id\":\"https:\/\/vwdtest.com\/it\/#website\",\"url\":\"https:\/\/vwdtest.com\/it\/\",\"name\":\"Italy\",\"description\":\"\",\"potentialAction\":[{\"@type\":\"SearchAction\",\"target\":{\"@type\":\"EntryPoint\",\"urlTemplate\":\"https:\/\/vwdtest.com\/it\/?s={search_term_string}\"},\"query-input\":\"required name=search_term_string\"}],\"inLanguage\":\"en-US\"}]}<\/script>\n<!-- \/ Yoast SEO plugin. -->","yoast_head_json":{"title":"Ulteriori informazioni sulla malattia di von Willebrand - Italy","robots":{"index":"index","follow":"follow","max-snippet":"max-snippet:-1","max-image-preview":"max-image-preview:large","max-video-preview":"max-video-preview:-1"},"canonical":"https:\/\/vwdtest.com\/it\/von-willebrand-disease\/","og_locale":"en_US","og_type":"article","og_title":"Ulteriori informazioni sulla malattia di von Willebrand - Italy","og_description":"La malattia di Von Willebrand (VWD) \u00e8il disturbo emorragico pi\u00f9 comune Quando un vaso sanguigno viene danneggiato, alcuni globuli rossi si uniscono per chiudere la ferita e fermare l\u2019emorragia. Questo processo \u00e8 chiamato coagulazione. Nelle persone con disturbi emorragici, come la VWD o l\u2019emofilia, la coagulazione del sangue non funziona correttamente. Pertanto, le persone affette [&hellip;]","og_url":"https:\/\/vwdtest.com\/it\/von-willebrand-disease\/","og_site_name":"Italy","article_modified_time":"2024-04-02T21:47:45+00:00","og_image":[{"width":774,"height":927,"url":"https:\/\/vwdtest.com\/it\/wp-content\/uploads\/sites\/46\/2023\/02\/hero2.webp","type":"image\/webp"}],"twitter_card":"summary_large_image","twitter_misc":{"Est. reading time":"5 minutes"},"schema":{"@context":"https:\/\/schema.org","@graph":[{"@type":"WebPage","@id":"https:\/\/vwdtest.com\/it\/von-willebrand-disease\/","url":"https:\/\/vwdtest.com\/it\/von-willebrand-disease\/","name":"Ulteriori informazioni sulla malattia di von Willebrand - Italy","isPartOf":{"@id":"https:\/\/vwdtest.com\/it\/#website"},"datePublished":"2023-02-13T13:51:56+00:00","dateModified":"2024-04-02T21:47:45+00:00","breadcrumb":{"@id":"https:\/\/vwdtest.com\/it\/von-willebrand-disease\/#breadcrumb"},"inLanguage":"en-US","potentialAction":[{"@type":"ReadAction","target":["https:\/\/vwdtest.com\/it\/von-willebrand-disease\/"]}]},{"@type":"BreadcrumbList","@id":"https:\/\/vwdtest.com\/it\/von-willebrand-disease\/#breadcrumb","itemListElement":[{"@type":"ListItem","position":1,"name":"Home","item":"https:\/\/vwdtest.com\/it\/"},{"@type":"ListItem","position":2,"name":"Ulteriori informazioni sulla malattia di von Willebrand"}]},{"@type":"WebSite","@id":"https:\/\/vwdtest.com\/it\/#website","url":"https:\/\/vwdtest.com\/it\/","name":"Italy","description":"","potentialAction":[{"@type":"SearchAction","target":{"@type":"EntryPoint","urlTemplate":"https:\/\/vwdtest.com\/it\/?s={search_term_string}"},"query-input":"required name=search_term_string"}],"inLanguage":"en-US"}]}},"_links":{"self":[{"href":"https:\/\/vwdtest.com\/it\/wp-json\/wp\/v2\/pages\/19"}],"collection":[{"href":"https:\/\/vwdtest.com\/it\/wp-json\/wp\/v2\/pages"}],"about":[{"href":"https:\/\/vwdtest.com\/it\/wp-json\/wp\/v2\/types\/page"}],"author":[{"embeddable":true,"href":"https:\/\/vwdtest.com\/it\/wp-json\/wp\/v2\/users\/1"}],"replies":[{"embeddable":true,"href":"https:\/\/vwdtest.com\/it\/wp-json\/wp\/v2\/comments?post=19"}],"version-history":[{"count":104,"href":"https:\/\/vwdtest.com\/it\/wp-json\/wp\/v2\/pages\/19\/revisions"}],"predecessor-version":[{"id":2713,"href":"https:\/\/vwdtest.com\/it\/wp-json\/wp\/v2\/pages\/19\/revisions\/2713"}],"wp:featuredmedia":[{"embeddable":true,"href":"https:\/\/vwdtest.com\/it\/wp-json\/wp\/v2\/media\/231"}],"wp:attachment":[{"href":"https:\/\/vwdtest.com\/it\/wp-json\/wp\/v2\/media?parent=19"}],"curies":[{"name":"wp","href":"https:\/\/api.w.org\/{rel}","templated":true}]}}