{"id":138,"date":"2023-02-16T10:15:43","date_gmt":"2023-02-16T10:15:43","guid":{"rendered":"https:\/\/new.vwdtest.com\/it\/?page_id=138"},"modified":"2025-09-26T12:21:07","modified_gmt":"2025-09-26T12:21:07","slug":"heavy-periods","status":"publish","type":"page","link":"https:\/\/vwdtest.com\/it\/heavy-periods\/","title":{"rendered":"Ho un ciclo mestruale abbondante"},"content":{"rendered":"<div class=\"default-block container\">\n<p><\/p>\n<\/div>\n\n<div class=\"default-block container\">\n<h3>I tuoi cicli mestruali sono troppo abbondanti o durano troppo a lungo?<\/h3>\n<\/div>\n\n<div class=\"default-block container\">\n<h5 class=\"bleeding-symptoms-title helpful live\">Durante il ciclo ti senti costantemente stanca e fai fatica a concentrarti durante le lezioni o al lavoro? Ti senti cos\u00ec stanca da evitare di uscire? Hai crampi dolorosi durante il ciclo? Ti manca il fiato dopo un leggero esercizio fisico? Temi di indossare abiti bianchi in estate a causa del sanguinamento mestruale?<\/h5>\n<\/div>\n\n<div class=\"default-block container\">\n<p class=\"full\">Se rispondi &#8220;s\u00ec&#8221; a una qualsiasi di queste domande, \u00e8 possibile che tu possa riscontrare <a href=\"https:\/\/vwdtest.com\/it\/bleeding-symptoms\/#hmb\" data-type=\"page\" data-id=\"69\">sanguinamento mestruale abbondante<\/a>. Il sanguinamento mestruale abbondante, o menorragia, \u00e8 piuttosto comune e pu\u00f2 influenzare in modo significativo la tua vita quotidiana e la tua salute <a href=\"https:\/\/vwdtest.com\/it\/i-live-with-vwd\/#mental-health\">fisica o salute mentale<\/a>. Circa 1 donna e ragazza su 4 sperimenta sintomi di sanguinamento mestruale abbondante durante la propria esistenza. Sebbene il sanguinamento mestruale abbondante sia frequente, viene spesso trascurato. Ci\u00f2 significa che molte donne e ragazze soffrono inutilmente perch\u00e9 il sanguinamento mestruale abbondante \u00e8 curabile.<sup>1-3<\/sup><\/p>\n<\/div>\n\n<img decoding=\"async\" src=\"https:\/\/vwdtest.com\/it\/wp-content\/uploads\/sites\/46\/2023\/02\/periods.webp\" alt=\"Ho un ciclo mestruale abbondante\" class=\"page_thumbnail d-xl-none\">\r\n\n\n<div class=\"default-block container\">\n<h3>Cause di cicli mestruali abbondanti<\/h3>\n<\/div>\n\n<div class=\"default-block container\">\n<p class=\"full\">Esistono diverse cause potenziali del <a data-type=\"page\" data-id=\"69\" href=\"https:\/\/vwdtest.com\/it\/bleeding-symptoms\/#hmb\">sanguinamento mestruale abbondante<\/a>. Conoscere la causa esatta \u00e8 importante per scegliere il trattamento giusto.<sup>3<\/sup> Circa 1 donna su 5 con sanguinamento mestruale abbondante \u00e8 affetta da un disturbo emorragico. Il disturbo emorragico pi\u00f9 comune \u00e8 la <a href=\"https:\/\/vwdtest.com\/it\/von-willebrand-disease\/\" target=\"_blank\" rel=\"noreferrer noopener\">malattia di von Willebrand <\/a> (VWD). Quasi tutte le donne affette da VWD hanno un sanguinamento mestruale abbondante. Sfortunatamente, la VWD viene troppo spesso trascurata come causa di sanguinamento mestruale abbondante. Inoltre, alcuni trattamenti che controllano il sanguinamento mestruale abbondante non proteggono le donne affette da VWD da altre complicanze della malattia. Senza diagnosi, queste donne rimangono a rischio di sanguinamento eccessivo durante la gravidanza cos\u00ec come durante e dopo il <a href=\"https:\/\/vwdtest.com\/it\/i-live-with-vwd\/#childbirth\">parto<\/a>. La VWD \u00e8 curabile, quindi se la diagnosi \u00e8 nota prima della gravidanza, il sanguinamento pu\u00f2 essere controllato e le donne affette da VWD possono avere gravidanze nella norma.<sup>2,4<\/sup><\/p>\n<\/div>\n\n<div class=\"default-block container\">\n<h3>Potresti non essere l&#8217;unica nella tua famiglia ad avere cicli mestruali abbondanti<\/h3>\n<\/div>\n\n<div class=\"default-block container\">\n<p class=\"full\">Se hai dubbi sul tuo ciclo mestruale, potresti averne parlato con altre donne della tua famiglia. Tua madre, una zia o una sorella potrebbero avere un sanguinamento simile e dirti che il tuo ciclo \u00e8 nella norma. Tuttavia, questo non \u00e8 sempre vero. Tra le altre cause, un sanguinamento mestruale abbondante pu\u00f2 essere dovuto a disturbi emorragici ereditari.<sup>2,3<\/sup> Questi disturbi possono essere presenti in pi\u00f9 membri di una famiglia. Se le tue mestruazioni influenzano la tua vita quotidiana e il tuo benessere, ti consigliamo di parlare con il tuo medico del tuo sanguinamento.<\/p>\n<\/div>\n\n<div class=\"default-block container\">\n<h3>Scopri se il tuo sanguinamento \u00e8 nella norma<\/h3>\n<\/div>\n\n<div class=\"default-block container\">\n<p class=\"full\">Quando un sanguinamento \u00e8 eccessivo? A questa domanda a volte \u00e8 difficile rispondere. I segni tipici di un ciclo mestruale abbondante includono un sanguinamento che dura per pi\u00f9 di una settimana, necessit\u00e0 di cambiare l&#8217;assorbente o il tampone dopo poche ore, il sanguinamento che compare sugli abiti o sulla biancheria da letto e una formazione di grossi coaguli di sangue.<sup>5<\/sup> Per aiutarti e per saperne di pi\u00f9 sul sanguinamento mestruale, gli scienziati hanno ideato una semplice <a href=\"#\" id=\"showPdf\">scheda di punteggio del ciclo<\/a>. In questa scheda puoi annotare quanti prodotti sanitari usi ogni giorno durante il ciclo mestruale. Queste informazioni aiuteranno te e il tuo medico a scoprire se hai un sanguinamento mestruale abbondante.<sup>6<\/sup><\/p>\n<div class=\"video test\">\n\n    <div class=\"video__box\">\n        <div class=\"popup-main-wrapper\">\n            <div class=\"popup-wrapper\">\n                <div class=\"popup-close-icon\"><img decoding=\"async\" src=\"https:\/\/vwdtest.com\/fr\/wp-content\/uploads\/sites\/22\/2023\/09\/cross-icon1.svg\" alt=\"cross-icon\">\n                <\/div>\n                \n            <\/div>\n        <\/div>\n\n    <\/div>\n<\/div>\n<\/div>\n\n<div class=\"default-block container\">\n<div style=\"height:30px\" aria-hidden=\"true\" class=\"wp-block-spacer\"><\/div>\n<\/div>\n\n<div class=\"default-block container\">\n<div class=\"is-content-justification-right is-layout-flex wp-container-1 wp-block-buttons\">\n<div class=\"wp-block-button download increase_download_count\"><a class=\"wp-block-button__link wp-element-button\" href=\"http:\/\/vwdtest.com\/it\/wp-content\/uploads\/sites\/46\/2025\/09\/PBAC-0025-IT.pdf\" target=\"_blank\" rel=\"noreferrer noopener\" download>Scarica la scheda punteggio<\/a><\/div>\n<\/div>\n<\/div>\n\n<div class=\"default-block container\">\n<div style=\"height:30px\" aria-hidden=\"true\" class=\"wp-block-spacer\"><\/div>\n<\/div>\n\n<div class=\"default-block container\">\n<div style=\"height:60px\" aria-hidden=\"true\" class=\"wp-block-spacer\"><\/div>\n<\/div>\n\n<div class=\"default-block container\">\n<p class=\"full\">A volte anche le donne e le ragazze con mestruazioni abbondanti sanguinano frequentemente dal <a data-type=\"page\" data-id=\"69\" href=\"https:\/\/vwdtest.com\/it\/bleeding-symptoms\/#nosebleed\">naso<\/a> o dalle <a data-type=\"page\" data-id=\"69\" href=\"https:\/\/vwdtest.com\/it\/bleeding-symptoms\/#mental-health\">gengive<\/a>. La perdita di sangue pu\u00f2 portare a <a data-type=\"page\" data-id=\"69\" href=\"https:\/\/vwdtest.com\/it\/bleeding-symptoms\/#fatigue\">carenza di ferro e anemia<\/a>, e ti fanno sentire stanco ed esausto. Se hai riscontrato uno di questi sintomi o hai sanguinato dopo l&#8217;estrazione di un dente o dopo un altro intervento chirurgico minore, ti consigliamo di consultare il nostro <a data-type=\"page\" data-id=\"58\" href=\"https:\/\/vwdtest.com\/it\/take-test\/\">test di sanguinamento<\/a>. I ricercatori hanno sviluppato questo test per aiutarti a scoprire se il tuo sanguinamento \u00e8 nella norma.<sup>2<\/sup> Ci vogliono solo pochi minuti per completarlo e ti dir\u00e0 se dovresti consultare un medico a causa del sanguinamento . Ci\u00f2 potrebbe essere ancora pi\u00f9 importante se stai per sottoporti a un intervento chirurgico.<\/p>\n<\/div>\n\n<div class=\"default-block container\">\n<div class=\"is-content-justification-right is-layout-flex wp-container-2 wp-block-buttons\">\n<div class=\"wp-block-button take-test\"><a class=\"wp-block-button__link wp-element-button\" href=\"\/ro\/take-test\">Fai il test<\/a><\/div>\n<\/div>\n<\/div>\n\n<div class=\"default-block container\">\n<h6>Riferimenti<\/h6>\n<\/div>\n\n<div class=\"default-block container\">\n<ol type=\"1\"><div class=\"default-block container\">\n<li>Fraser IS et al. Int J Gynaecol Obstet 2015; 128:196-200.<\/li>\n<\/div>\n\n<div class=\"default-block container\">\n<li><a href=\"https:\/\/pubmed.ncbi.nlm.nih.gov\/36210240\/\" target=\"_blank\" rel=\"noreferrer noopener\">Corrales-Medina FF et al. <em>Blood Rev<\/em><\/a><em> <\/em>2022; 101018. <\/li>\n<\/div>\n\n<div class=\"default-block container\">\n<li><a href=\"https:\/\/www.acog.org\/womens-health\/faqs\/heavy-menstrual-bleeding\" target=\"_blank\" rel=\"noreferrer noopener\">https:\/\/www.acog.org\/womens-health\/faqs\/heavy-menstrual-bleeding<\/a>; ultimo accesso gennaio 2023.<\/li>\n<\/div>\n\n<div class=\"default-block container\">\n<li><a href=\"https:\/\/www.cdc.gov\/ncbddd\/vwd\/women.html\" target=\"_blank\" rel=\"noreferrer noopener\">https:\/\/www.cdc.gov\/ncbddd\/vwd\/women.html<\/a>; ultimo accesso gennaio 2023.<\/li>\n<\/div>\n\n<div class=\"default-block container\">\n<li><a href=\"https:\/\/www.nhs.uk\/conditions\/heavy-periods\/\" target=\"_blank\" rel=\"noreferrer noopener\">https:\/\/www.nhs.uk\/conditions\/heavy-periods\/<\/a>; ultimo accesso gennaio 2023.<\/li>\n<\/div>\n\n<div class=\"default-block container\">\n<li>Higham JM et al. Fr. J Obstet Gynaecol 1990; 97:734-9.<\/li>\n<\/div><\/ol>\n<\/div>","protected":false},"excerpt":{"rendered":"<p>I tuoi cicli mestruali sono troppo abbondanti o durano troppo a lungo? Durante il ciclo ti senti costantemente stanca e fai fatica a concentrarti durante le lezioni o al lavoro? Ti senti cos\u00ec stanca da evitare di uscire? Hai crampi dolorosi durante il ciclo? Ti manca il fiato dopo un leggero esercizio fisico? Temi di [&hellip;]<\/p>\n","protected":false},"author":1,"featured_media":227,"parent":0,"menu_order":0,"comment_status":"closed","ping_status":"closed","template":"","meta":{"inline_featured_image":false},"acf":[],"yoast_head":"<!-- This site is optimized with the Yoast SEO plugin v20.4 - https:\/\/yoast.com\/wordpress\/plugins\/seo\/ -->\n<title>Ho un ciclo mestruale abbondante - Italy<\/title>\n<meta name=\"robots\" content=\"index, follow, max-snippet:-1, max-image-preview:large, max-video-preview:-1\" \/>\n<link rel=\"canonical\" href=\"https:\/\/vwdtest.com\/it\/heavy-periods\/\" \/>\n<meta property=\"og:locale\" content=\"en_US\" \/>\n<meta property=\"og:type\" content=\"article\" \/>\n<meta property=\"og:title\" content=\"Ho un ciclo mestruale abbondante - Italy\" \/>\n<meta property=\"og:description\" content=\"I tuoi cicli mestruali sono troppo abbondanti o durano troppo a lungo? Durante il ciclo ti senti costantemente stanca e fai fatica a concentrarti durante le lezioni o al lavoro? Ti senti cos\u00ec stanca da evitare di uscire? Hai crampi dolorosi durante il ciclo? Ti manca il fiato dopo un leggero esercizio fisico? Temi di [&hellip;]\" \/>\n<meta property=\"og:url\" content=\"https:\/\/vwdtest.com\/it\/heavy-periods\/\" \/>\n<meta property=\"og:site_name\" content=\"Italy\" \/>\n<meta property=\"article:modified_time\" content=\"2025-09-26T12:21:07+00:00\" \/>\n<meta property=\"og:image\" content=\"http:\/\/vwdtest.com\/it\/wp-content\/uploads\/sites\/46\/2023\/02\/periods.webp\" \/>\n\t<meta property=\"og:image:width\" content=\"674\" \/>\n\t<meta property=\"og:image:height\" content=\"929\" \/>\n\t<meta property=\"og:image:type\" content=\"image\/webp\" \/>\n<meta name=\"twitter:card\" content=\"summary_large_image\" \/>\n<meta name=\"twitter:label1\" content=\"Est. reading time\" \/>\n\t<meta name=\"twitter:data1\" content=\"4 minutes\" \/>\n<script type=\"application\/ld+json\" class=\"yoast-schema-graph\">{\"@context\":\"https:\/\/schema.org\",\"@graph\":[{\"@type\":\"WebPage\",\"@id\":\"https:\/\/vwdtest.com\/it\/heavy-periods\/\",\"url\":\"https:\/\/vwdtest.com\/it\/heavy-periods\/\",\"name\":\"Ho un ciclo mestruale abbondante - Italy\",\"isPartOf\":{\"@id\":\"https:\/\/vwdtest.com\/it\/#website\"},\"datePublished\":\"2023-02-16T10:15:43+00:00\",\"dateModified\":\"2025-09-26T12:21:07+00:00\",\"breadcrumb\":{\"@id\":\"https:\/\/vwdtest.com\/it\/heavy-periods\/#breadcrumb\"},\"inLanguage\":\"en-US\",\"potentialAction\":[{\"@type\":\"ReadAction\",\"target\":[\"https:\/\/vwdtest.com\/it\/heavy-periods\/\"]}]},{\"@type\":\"BreadcrumbList\",\"@id\":\"https:\/\/vwdtest.com\/it\/heavy-periods\/#breadcrumb\",\"itemListElement\":[{\"@type\":\"ListItem\",\"position\":1,\"name\":\"Home\",\"item\":\"https:\/\/vwdtest.com\/it\/\"},{\"@type\":\"ListItem\",\"position\":2,\"name\":\"Ho un ciclo mestruale abbondante\"}]},{\"@type\":\"WebSite\",\"@id\":\"https:\/\/vwdtest.com\/it\/#website\",\"url\":\"https:\/\/vwdtest.com\/it\/\",\"name\":\"Italy\",\"description\":\"\",\"potentialAction\":[{\"@type\":\"SearchAction\",\"target\":{\"@type\":\"EntryPoint\",\"urlTemplate\":\"https:\/\/vwdtest.com\/it\/?s={search_term_string}\"},\"query-input\":\"required name=search_term_string\"}],\"inLanguage\":\"en-US\"}]}<\/script>\n<!-- \/ Yoast SEO plugin. -->","yoast_head_json":{"title":"Ho un ciclo mestruale abbondante - Italy","robots":{"index":"index","follow":"follow","max-snippet":"max-snippet:-1","max-image-preview":"max-image-preview:large","max-video-preview":"max-video-preview:-1"},"canonical":"https:\/\/vwdtest.com\/it\/heavy-periods\/","og_locale":"en_US","og_type":"article","og_title":"Ho un ciclo mestruale abbondante - Italy","og_description":"I tuoi cicli mestruali sono troppo abbondanti o durano troppo a lungo? Durante il ciclo ti senti costantemente stanca e fai fatica a concentrarti durante le lezioni o al lavoro? Ti senti cos\u00ec stanca da evitare di uscire? Hai crampi dolorosi durante il ciclo? Ti manca il fiato dopo un leggero esercizio fisico? Temi di [&hellip;]","og_url":"https:\/\/vwdtest.com\/it\/heavy-periods\/","og_site_name":"Italy","article_modified_time":"2025-09-26T12:21:07+00:00","og_image":[{"width":674,"height":929,"url":"http:\/\/vwdtest.com\/it\/wp-content\/uploads\/sites\/46\/2023\/02\/periods.webp","type":"image\/webp"}],"twitter_card":"summary_large_image","twitter_misc":{"Est. reading time":"4 minutes"},"schema":{"@context":"https:\/\/schema.org","@graph":[{"@type":"WebPage","@id":"https:\/\/vwdtest.com\/it\/heavy-periods\/","url":"https:\/\/vwdtest.com\/it\/heavy-periods\/","name":"Ho un ciclo mestruale abbondante - Italy","isPartOf":{"@id":"https:\/\/vwdtest.com\/it\/#website"},"datePublished":"2023-02-16T10:15:43+00:00","dateModified":"2025-09-26T12:21:07+00:00","breadcrumb":{"@id":"https:\/\/vwdtest.com\/it\/heavy-periods\/#breadcrumb"},"inLanguage":"en-US","potentialAction":[{"@type":"ReadAction","target":["https:\/\/vwdtest.com\/it\/heavy-periods\/"]}]},{"@type":"BreadcrumbList","@id":"https:\/\/vwdtest.com\/it\/heavy-periods\/#breadcrumb","itemListElement":[{"@type":"ListItem","position":1,"name":"Home","item":"https:\/\/vwdtest.com\/it\/"},{"@type":"ListItem","position":2,"name":"Ho un ciclo mestruale abbondante"}]},{"@type":"WebSite","@id":"https:\/\/vwdtest.com\/it\/#website","url":"https:\/\/vwdtest.com\/it\/","name":"Italy","description":"","potentialAction":[{"@type":"SearchAction","target":{"@type":"EntryPoint","urlTemplate":"https:\/\/vwdtest.com\/it\/?s={search_term_string}"},"query-input":"required name=search_term_string"}],"inLanguage":"en-US"}]}},"_links":{"self":[{"href":"https:\/\/vwdtest.com\/it\/wp-json\/wp\/v2\/pages\/138"}],"collection":[{"href":"https:\/\/vwdtest.com\/it\/wp-json\/wp\/v2\/pages"}],"about":[{"href":"https:\/\/vwdtest.com\/it\/wp-json\/wp\/v2\/types\/page"}],"author":[{"embeddable":true,"href":"https:\/\/vwdtest.com\/it\/wp-json\/wp\/v2\/users\/1"}],"replies":[{"embeddable":true,"href":"https:\/\/vwdtest.com\/it\/wp-json\/wp\/v2\/comments?post=138"}],"version-history":[{"count":118,"href":"https:\/\/vwdtest.com\/it\/wp-json\/wp\/v2\/pages\/138\/revisions"}],"predecessor-version":[{"id":2884,"href":"https:\/\/vwdtest.com\/it\/wp-json\/wp\/v2\/pages\/138\/revisions\/2884"}],"wp:featuredmedia":[{"embeddable":true,"href":"https:\/\/vwdtest.com\/it\/wp-json\/wp\/v2\/media\/227"}],"wp:attachment":[{"href":"https:\/\/vwdtest.com\/it\/wp-json\/wp\/v2\/media?parent=138"}],"curies":[{"name":"wp","href":"https:\/\/api.w.org\/{rel}","templated":true}]}}