{"id":1091,"date":"2023-08-14T07:57:20","date_gmt":"2023-08-14T07:57:20","guid":{"rendered":"https:\/\/new.vwdtest.com\/it\/?page_id=1091"},"modified":"2025-10-09T12:27:52","modified_gmt":"2025-10-09T12:27:52","slug":"medico-di-famiglia-pediatra","status":"publish","type":"page","link":"https:\/\/vwdtest.com\/it\/medico-di-famiglia-pediatra\/","title":{"rendered":"MEDICO DI FAMIGLIA\/PEDIATRA"},"content":{"rendered":"<div class=\"default-block container\">\n<p><\/p>\n<\/div>\n\n<img decoding=\"async\" src=\"https:\/\/vwdtest.com\/it\/wp-content\/uploads\/sites\/46\/2023\/08\/paediatrician-img.png\" alt=\"MEDICO DI FAMIGLIA\/PEDIATRA\" class=\"page_thumbnail d-xl-none\">\r\n\n\n<div class=\"default-block container\">\n<p><h5 class=\"bleeding-symptoms-title vwd\">I bambini affetti da VWD possono anche sperimentare sfide emotive e comportamentali a scuola e nella vita familiare a causa della paura di sanguinare, e sanguinamenti frequenti possono portare all&#8217;assenza da scuola. <sup>4<\/sup>Inoltre, la paura di sanguinare pu\u00f2 presentare anche un sostanziale <a href=\"https:\/\/vwdtest.com\/it\/i-live-with-vwd\/#mental-health\"> carico psicologico<\/a> per chi si prende cura del bambino e spingerli a limitare le attivit\u00e0 fisiche e sociali importanti per il normale sviluppo del bambino.<sup>5<\/sup><\/h5><\/p>\n<\/div>\n\n<div class=\"default-block container\">\n<h3>Il ruolo dei medici di famiglia e dei pediatri<\/h3>\n<\/div>\n\n<div class=\"default-block container\">\n<p class=\"full\">La VWD \u00e8 il disturbo emorragico pi\u00f9 comune nei bambini.<sup>6 <\/sup>I sintomi di sanguinamento frequenti nei bambini affetti da VWD includono <a href=\"https:\/\/vwdtest.com\/it\/bleeding-symptoms\/#easy-bruising\">facilit\u00e0 alle ecchimosi (lividi)<\/a>, sanguinamento dalla bocca e dal <a href=\"https:\/\/vwdtest.com\/it\/bleeding-symptoms\/#nosebleed\">naso<\/a> e sanguinamento prolungato da ferite minori e dopo interventi chirurgici.<sup>2 <\/sup>In qualit\u00e0 di medico di famiglia o pediatra sarai spesso il primo professionista medico a visitare bambini con tali sintomi e il tuo compito sar\u00e0 determinare se il bambino ha una modalit\u00e0 di sanguinamento anomalo che merita ulteriori indagini da parte di uno specialista.<sup>7 <\/sup>Sia per gli adulti che per i bambini con un possibile disturbo emorragico, l&#8217;analisi dell&#8217;anamnesi emorragica \u00e8 il primo passo verso la diagnosi. Quando si valuta la storia di sanguinamento di un bambino, \u00e8 fondamentale prendere in considerazione l\u2019et\u00e0 e le capacit\u00e0 di sviluppo del paziente. I neonati che non sono ancora in grado di muoversi e mostrano raramente segni di lividi, ma possono manifestare sanguinamenti insoliti dopo la circoncisione o i prelievi di sangue.<sup>2,7 <\/sup>Man mano che i bambini diventano pi\u00f9 mobili, piccoli graffi e contusioni dovuti a urti o cadute diventano pi\u00f9 frequenti. Tuttavia, lividi pi\u00f9 grandi o che si verificano pi\u00f9 frequentemente del previsto possono far sorgere il sospetto di un disturbo emorragico. Nei bambini affetti da VWD possono verificarsi anche lividi in luoghi insoliti, come la schiena o l&#8217;addome. Tali lividi potrebbero essere scambiati per segni di abusi sui minori e i genitori potrebbero essere preoccupati per questa possibilit\u00e0.<sup>8 <\/sup>Infine, quando le ragazze entrano nella pubert\u00e0, il <a href=\"https:\/\/vwdtest.com\/it\/bleeding-symptoms\/#hmb\">sanguinamento mestruale abbondante<\/a> diventa il sintomo emorragico pi\u00f9 comune della VWD. Quando si parla di questi sintomi con i pazienti e con i loro caregiver, \u00e8 importante includere anche la storia familiare dei sanguinamenti, poich\u00e9 sanguinamenti anomali ricorrenti possono essere banalizzati all&#8217;interno della famiglia.<sup>2,9<\/sup><\/p>\n<\/div>\n\n<div class=\"default-block container\">\n<p class=\"full\">Decidere se i sintomi del sanguinamento sono insoliti pu\u00f2 essere una sfida.<sup>7 <\/sup>Per una prima valutazione dei sintomi del sanguinamento, e soprattutto per i pazienti destinati a un intervento chirurgico, si consiglia di eseguire il nostro <a href=\"\/it\/take-test\">test di sanguinamento<\/a> con il tuo paziente. Il test mostrer\u00e0 se sono necessarie ulteriori indagini e potrebbe cambiare la vita del tuo paziente.<\/p>\n<\/div>\n\n<div class=\"default-block container\">\n<p class=\"full\">Una diagnosi definitiva di VWD \u00e8 il risultato di un processo impegnativo.<sup>2<\/sup> Pertanto, ti consigliamo di contattare un <a href=\"https:\/\/vwdtest.com\/it\/helpful-resources\/\">centro di cura dell&#8217;emofilia<\/a> se \u00e8 indicata un&#8217;ulteriore valutazione diagnostica. I team multidisciplinari del centro di trattamento forniranno anche un\u2019assistenza ottimale ai pazienti con disturbi emorragici. VWDtest offre inoltre ulteriori informazioni sull&#8217;<a href=\"https:\/\/vwdtest.com\/it\/i-live-with-vwd\/\">eziologia<\/a>, <a href=\"https:\/\/vwdtest.com\/it\/i-live-with-vwd\/\">diagnosi<\/a> e <a href=\"https:\/\/vwdtest.com\/it\/i-live-with-vwd\/\"> gestione della VWD<\/a>, nonch\u00e9 informazioni dettagliate sul tipico <a href=\"\/it\/helpful-resources\/#journey\">percorso <\/a>dei pazienti affetti da VWD.<\/p>\n<\/div>\n\n<div class=\"default-block container\">\n<h6>Riferimenti<\/h6>\n<\/div>\n\n<div class=\"default-block container\">\n<ol type=\"1\"><div class=\"default-block container\">\n<li>Atiq F et al. EClinicalMedicine 2021; 32:100726.<\/li>\n<\/div>\n\n<div class=\"default-block container\">\n<li><a href=\"https:\/\/pubmed.ncbi.nlm.nih.gov\/36210240\/\" target=\"_blank\" rel=\"noreferrer noopener\">Corrales-Medina FF et al. <em>Blood Rev <\/em><\/a>2023; 58:101018.<\/li>\n<\/div>\n\n<div class=\"default-block container\">\n<li>Patel PN et al. Int J Pediatr Otorhinolaryngol 2017; 100:216-22.<\/li>\n<\/div>\n\n<div class=\"default-block container\">\n<li>de Wee EM et al. J Trombo Haemost 2011; 9:502-9.<\/li>\n<\/div>\n\n<div class=\"default-block container\">\n<li><a href=\"https:\/\/www.hemophilia.org\/sites\/default\/files\/document\/files\/nurses-guide-chapter-13a-child-development-with-bleeding-disorder-transition.pdf\" target=\"_blank\" rel=\"noreferrer noopener\">https:\/\/www.hemophilia.org\/sites\/default\/files\/document\/files\/nurses-guide-chapter-13a-child-development-with-bleeding-disorder-transition.pdf<\/a>; ultimo accesso marzo 2023.<\/li>\n<\/div>\n\n<div class=\"default-block container\">\n<li>Klaassen R e Halton JM Paediatr Child Health 2002; 7:245-9.<\/li>\n<\/div>\n\n<div class=\"default-block container\">\n<li>Van Ommen CH e Peters M. Eur J Pediatr 2012; 171:1-10.<\/li>\n<\/div>\n\n<div class=\"default-block container\">\n<li>Jackson J et al. Abusi sui minori Negl 2012; 36:127-34.<\/li>\n<\/div>\n\n<div class=\"default-block container\">\n<li>VanderMeulen H, et al. Ematologia Am Soc Hematol Educ Programma 2022 1: 631-6.<\/li>\n<\/div><\/ol>\n<\/div>","protected":false},"excerpt":{"rendered":"<p>I bambini affetti da VWD possono anche sperimentare sfide emotive e comportamentali a scuola e nella vita familiare a causa della paura di sanguinare, e sanguinamenti frequenti possono portare all&#8217;assenza da scuola. 4Inoltre, la paura di sanguinare pu\u00f2 presentare anche un sostanziale carico psicologico per chi si prende cura del bambino e spingerli a limitare [&hellip;]<\/p>\n","protected":false},"author":1,"featured_media":1095,"parent":0,"menu_order":0,"comment_status":"closed","ping_status":"closed","template":"","meta":{"inline_featured_image":false},"acf":[],"yoast_head":"<!-- This site is optimized with the Yoast SEO plugin v20.4 - https:\/\/yoast.com\/wordpress\/plugins\/seo\/ -->\n<title>MEDICO DI FAMIGLIA\/PEDIATRA - Italy<\/title>\n<meta name=\"robots\" content=\"index, follow, max-snippet:-1, max-image-preview:large, max-video-preview:-1\" \/>\n<link rel=\"canonical\" href=\"https:\/\/vwdtest.com\/it\/medico-di-famiglia-pediatra\/\" \/>\n<meta property=\"og:locale\" content=\"en_US\" \/>\n<meta property=\"og:type\" content=\"article\" \/>\n<meta property=\"og:title\" content=\"MEDICO DI FAMIGLIA\/PEDIATRA - Italy\" \/>\n<meta property=\"og:description\" content=\"I bambini affetti da VWD possono anche sperimentare sfide emotive e comportamentali a scuola e nella vita familiare a causa della paura di sanguinare, e sanguinamenti frequenti possono portare all&#8217;assenza da scuola. 4Inoltre, la paura di sanguinare pu\u00f2 presentare anche un sostanziale carico psicologico per chi si prende cura del bambino e spingerli a limitare [&hellip;]\" \/>\n<meta property=\"og:url\" content=\"https:\/\/vwdtest.com\/it\/medico-di-famiglia-pediatra\/\" \/>\n<meta property=\"og:site_name\" content=\"Italy\" \/>\n<meta property=\"article:modified_time\" content=\"2025-10-09T12:27:52+00:00\" \/>\n<meta property=\"og:image\" content=\"http:\/\/vwdtest.com\/it\/wp-content\/uploads\/sites\/46\/2023\/08\/paediatrician-img.png\" \/>\n\t<meta property=\"og:image:width\" content=\"687\" \/>\n\t<meta property=\"og:image:height\" content=\"799\" \/>\n\t<meta property=\"og:image:type\" content=\"image\/png\" \/>\n<meta name=\"twitter:card\" content=\"summary_large_image\" \/>\n<meta name=\"twitter:label1\" content=\"Est. reading time\" \/>\n\t<meta name=\"twitter:data1\" content=\"3 minutes\" \/>\n<script type=\"application\/ld+json\" class=\"yoast-schema-graph\">{\"@context\":\"https:\/\/schema.org\",\"@graph\":[{\"@type\":\"WebPage\",\"@id\":\"https:\/\/vwdtest.com\/it\/medico-di-famiglia-pediatra\/\",\"url\":\"https:\/\/vwdtest.com\/it\/medico-di-famiglia-pediatra\/\",\"name\":\"MEDICO DI FAMIGLIA\/PEDIATRA - Italy\",\"isPartOf\":{\"@id\":\"https:\/\/vwdtest.com\/it\/#website\"},\"datePublished\":\"2023-08-14T07:57:20+00:00\",\"dateModified\":\"2025-10-09T12:27:52+00:00\",\"breadcrumb\":{\"@id\":\"https:\/\/vwdtest.com\/it\/medico-di-famiglia-pediatra\/#breadcrumb\"},\"inLanguage\":\"en-US\",\"potentialAction\":[{\"@type\":\"ReadAction\",\"target\":[\"https:\/\/vwdtest.com\/it\/medico-di-famiglia-pediatra\/\"]}]},{\"@type\":\"BreadcrumbList\",\"@id\":\"https:\/\/vwdtest.com\/it\/medico-di-famiglia-pediatra\/#breadcrumb\",\"itemListElement\":[{\"@type\":\"ListItem\",\"position\":1,\"name\":\"Home\",\"item\":\"https:\/\/vwdtest.com\/it\/\"},{\"@type\":\"ListItem\",\"position\":2,\"name\":\"MEDICO DI FAMIGLIA\/PEDIATRA\"}]},{\"@type\":\"WebSite\",\"@id\":\"https:\/\/vwdtest.com\/it\/#website\",\"url\":\"https:\/\/vwdtest.com\/it\/\",\"name\":\"Italy\",\"description\":\"\",\"potentialAction\":[{\"@type\":\"SearchAction\",\"target\":{\"@type\":\"EntryPoint\",\"urlTemplate\":\"https:\/\/vwdtest.com\/it\/?s={search_term_string}\"},\"query-input\":\"required name=search_term_string\"}],\"inLanguage\":\"en-US\"}]}<\/script>\n<!-- \/ Yoast SEO plugin. -->","yoast_head_json":{"title":"MEDICO DI FAMIGLIA\/PEDIATRA - Italy","robots":{"index":"index","follow":"follow","max-snippet":"max-snippet:-1","max-image-preview":"max-image-preview:large","max-video-preview":"max-video-preview:-1"},"canonical":"https:\/\/vwdtest.com\/it\/medico-di-famiglia-pediatra\/","og_locale":"en_US","og_type":"article","og_title":"MEDICO DI FAMIGLIA\/PEDIATRA - Italy","og_description":"I bambini affetti da VWD possono anche sperimentare sfide emotive e comportamentali a scuola e nella vita familiare a causa della paura di sanguinare, e sanguinamenti frequenti possono portare all&#8217;assenza da scuola. 4Inoltre, la paura di sanguinare pu\u00f2 presentare anche un sostanziale carico psicologico per chi si prende cura del bambino e spingerli a limitare [&hellip;]","og_url":"https:\/\/vwdtest.com\/it\/medico-di-famiglia-pediatra\/","og_site_name":"Italy","article_modified_time":"2025-10-09T12:27:52+00:00","og_image":[{"width":687,"height":799,"url":"http:\/\/vwdtest.com\/it\/wp-content\/uploads\/sites\/46\/2023\/08\/paediatrician-img.png","type":"image\/png"}],"twitter_card":"summary_large_image","twitter_misc":{"Est. reading time":"3 minutes"},"schema":{"@context":"https:\/\/schema.org","@graph":[{"@type":"WebPage","@id":"https:\/\/vwdtest.com\/it\/medico-di-famiglia-pediatra\/","url":"https:\/\/vwdtest.com\/it\/medico-di-famiglia-pediatra\/","name":"MEDICO DI FAMIGLIA\/PEDIATRA - Italy","isPartOf":{"@id":"https:\/\/vwdtest.com\/it\/#website"},"datePublished":"2023-08-14T07:57:20+00:00","dateModified":"2025-10-09T12:27:52+00:00","breadcrumb":{"@id":"https:\/\/vwdtest.com\/it\/medico-di-famiglia-pediatra\/#breadcrumb"},"inLanguage":"en-US","potentialAction":[{"@type":"ReadAction","target":["https:\/\/vwdtest.com\/it\/medico-di-famiglia-pediatra\/"]}]},{"@type":"BreadcrumbList","@id":"https:\/\/vwdtest.com\/it\/medico-di-famiglia-pediatra\/#breadcrumb","itemListElement":[{"@type":"ListItem","position":1,"name":"Home","item":"https:\/\/vwdtest.com\/it\/"},{"@type":"ListItem","position":2,"name":"MEDICO DI FAMIGLIA\/PEDIATRA"}]},{"@type":"WebSite","@id":"https:\/\/vwdtest.com\/it\/#website","url":"https:\/\/vwdtest.com\/it\/","name":"Italy","description":"","potentialAction":[{"@type":"SearchAction","target":{"@type":"EntryPoint","urlTemplate":"https:\/\/vwdtest.com\/it\/?s={search_term_string}"},"query-input":"required name=search_term_string"}],"inLanguage":"en-US"}]}},"_links":{"self":[{"href":"https:\/\/vwdtest.com\/it\/wp-json\/wp\/v2\/pages\/1091"}],"collection":[{"href":"https:\/\/vwdtest.com\/it\/wp-json\/wp\/v2\/pages"}],"about":[{"href":"https:\/\/vwdtest.com\/it\/wp-json\/wp\/v2\/types\/page"}],"author":[{"embeddable":true,"href":"https:\/\/vwdtest.com\/it\/wp-json\/wp\/v2\/users\/1"}],"replies":[{"embeddable":true,"href":"https:\/\/vwdtest.com\/it\/wp-json\/wp\/v2\/comments?post=1091"}],"version-history":[{"count":49,"href":"https:\/\/vwdtest.com\/it\/wp-json\/wp\/v2\/pages\/1091\/revisions"}],"predecessor-version":[{"id":2894,"href":"https:\/\/vwdtest.com\/it\/wp-json\/wp\/v2\/pages\/1091\/revisions\/2894"}],"wp:featuredmedia":[{"embeddable":true,"href":"https:\/\/vwdtest.com\/it\/wp-json\/wp\/v2\/media\/1095"}],"wp:attachment":[{"href":"https:\/\/vwdtest.com\/it\/wp-json\/wp\/v2\/media?parent=1091"}],"curies":[{"name":"wp","href":"https:\/\/api.w.org\/{rel}","templated":true}]}}