{"id":1088,"date":"2023-08-14T07:52:15","date_gmt":"2023-08-14T07:52:15","guid":{"rendered":"https:\/\/new.vwdtest.com\/it\/?page_id=1088"},"modified":"2025-09-26T12:21:28","modified_gmt":"2025-09-26T12:21:28","slug":"vwd-and-gynaecology-obstetrics","status":"publish","type":"page","link":"https:\/\/vwdtest.com\/it\/vwd-and-gynaecology-obstetrics\/","title":{"rendered":"VWD E GINECOLOGIA \/ OSTETRICIA"},"content":{"rendered":"<div class=\"default-block container\">\n<h5 class=\"bleeding-symptoms-title vwd\">Si stima che i disturbi della coagulazione, inclusa la <a href=\"https:\/\/vwdtest.com\/it\/von-willebrand-disease\/\">malattia di von Willebrand (VWD)<\/a>, siano responsabili di sanguinamenti mestruali abbondanti (HMB) in una donna su cinque affetta da questa condizione.<sup>1 <\/sup>I disturbi emorragici sono anche un importante fattore di rischio per un sanguinamento eccessivo durante il parto e il postpartum. Nonostante il ruolo preminente dei disturbi emorragici come cause di sanguinamento vaginale eccessivo e il fatto che la VWD sia il disturbo emorragico pi\u00f9 comune, solo una piccola parte delle donne che presentano un sanguinamento vaginale eccessivo vengono sottoposte al test per la VWD.<sup>2<\/sup><\/h5>\n<\/div>\n\n<img decoding=\"async\" src=\"https:\/\/vwdtest.com\/it\/wp-content\/uploads\/sites\/46\/2023\/08\/gynaecology-img.png\" alt=\"VWD E GINECOLOGIA \/ OSTETRICIA\" class=\"page_thumbnail d-xl-none\">\r\n\n\n<div class=\"default-block container\">\n<p class=\"full\">La VWD spesso non viene diagnosticata o la diagnosi \u00e8 ritardata. Senza diagnosi e trattamento, le pazienti potrebbero sperimentare gravi conseguenze fisiche e psicologiche legate all&#8217;HMB, tra cui affaticamento, anemia, ansia e depressione.<sup>1<\/sup><\/p>\n<\/div>\n\n<div class=\"default-block container\">\n<h3>Il ruolo dei ginecologi e degli ostetrici<\/h3>\n<\/div>\n\n<div class=\"default-block container\">\n<p class=\"full push-text\">Quasi tutte le donne affette da VWD in et\u00e0 riproduttiva sperimentano un eccessivo sanguinamento vaginale.<sup>3<\/sup> Inoltre, i cicli mestruali abbondanti sono spesso il primo sintomo evidente di sanguinamento quando le ragazze con VWD entrano nella pubert\u00e0 . In qualit\u00e0 di ginecologo od ostetrico, sei spesso il primo operatore sanitario con cui queste ragazze, o chi si prende cura di loro, parlano della loro diffusa tendenza al sanguinamento. Il vostro consulto rappresenta quindi una prima opportunit\u00e0 per aiutare a identificare i pazienti che potrebbero trarre beneficio da un&#8217;ulteriore valutazione diagnostica di un disturbo emorragico. Questa opportunit\u00e0 \u00e8 particolarmente importante nelle societ\u00e0 che stigmatizzano il sanguinamento vaginale o per le pazienti che potrebbero essere diventate inattente rispetto alla patologia e potrebbero sentirsi inascoltate o poco comprese.<sup>2<\/sup> Inoltre, poich\u00e9 i disturbi emorragici come la VWD sono ereditari, una diagnosi di VWD spesso aiuta a identificare ulteriori membri della famiglia a rischio.<\/p>\n<\/div>\n\n<div class=\"default-block container\">\n<p class=\"full push-text\">Sebbene una maggiore consapevolezza tra gli operatori sanitari e i pazienti sia il passo pi\u00f9 importante per identificare i pazienti a rischio di sanguinamento, la diagnosi della VWD rimane un compito impegnativo a causa della complessit\u00e0 del processo diagnostico.<sup> 2<\/sup> Se una delle tue pazienti ha recentemente presentato un sanguinamento vaginale eccessivo, ti consigliamo di chiedere alla paziente di documentare il suo ciclo mestruale con la nostra <a href=\"\/it\/heavy-periods\/#showPdf\">tabella di valutazione del ciclo<\/a>. Puoi anche suggerire di eseguire il nostro <a href=\"https:\/\/vwdtest.com\/it\/take-test\/\">test di sanguinamento<\/a> con la tua paziente. Il test ti aiuter\u00e0 a prendere una prima decisione sulla necessit\u00e0 o meno di ulteriori indagini e potrebbe cambiare la vita della tua paziente.<\/p>\n<\/div>\n\n<div class=\"default-block container\">\n<p class=\"full push-text\">Esistono diverse opzioni terapeutiche per le donne affette da VWD e HMB e sono disponibili linee guida per la gestione dell&#8217;HMB dovuto alla VWD.<sup>4<\/sup> Il trattamento deve essere personalizzato, considerando fattori quali et\u00e0, stile di vita, desiderio di gravidanza e altre necessit\u00e0 del paziente. \u00c8 importante notare che alcuni trattamenti, ad es. contraccettivi, sono spesso efficaci nel controllare l&#8217;HMB, ma non proteggono i pazienti affetti da VWD dal sanguinamento dopo un trauma, un incidente o durante una <a href=\"\/it\/i-live-with-vwd\/#surgery\">chirurgia<\/a>, quindi una diagnosi completa \u00e8 fondamentale. Inoltre, l\u2019eccessivo sanguinamento vaginale \u00e8 spesso accolto con stigmatizzazione. Insieme alle limitazioni nella vita quotidiana, nelle attivit\u00e0 fisiche e nelle interazioni sociali dovute all&#8217;HMB, questa mancanza di riconoscimento della patologia pu\u00f2 comportare un pesante <a href=\"https:\/\/vwdtest.com\/it\/i-live-with-vwd\/#mental-health\">carico psicologico<\/a> sui tuoi pazienti.<sup>5,6<\/sup> Senza un supporto sociale sufficiente, i tuoi pazienti affetti da VWD potrebbero sviluppare ansia e depressione.<\/p>\n<\/div>\n\n<div class=\"default-block container\">\n<p class=\"full push-text\">Le donne affette da VWD possono avere <a href=\"https:\/\/vwdtest.com\/it\/i-live-with-vwd\/#childbirth\">gravidanze<\/a> standard con nascituri in salute. Tuttavia, senza diagnosi e trattamento, potrebbero verificarsi sanguinamenti eccessivi durante e dopo il parto. Pertanto, un&#8217;attenta pianificazione e monitoraggio sono essenziali per garantire un parto nella norma. Quando possibile, la gravidanza e il parto dovrebbero essere argomenti affrontati e pianificati con largo anticipo insieme a un team multidisciplinare che includa un ematologo specializzato in <a href=\"https:\/\/vwdtest.com\/it\/helpful-resources\/\">un centro di trattamento dedicato<\/a>.<sup>8,9<\/sup> VWDtest offre anche ulteriori informazioni sull&#8217; <a href=\"https:\/\/vwdtest.com\/it\/i-live-with-vwd\/\"> eziologia<\/a>, la <a href=\"https:\/\/vwdtest.com\/it\/i-live-with-vwd\/\">diagnosi<\/a> e <a href=\"https:\/\/vwdtest.com\/it\/i-live-with-vwd\/\">gestione della VWD<\/a>, nonch\u00e9 approfondimenti sul tipico <a href=\"https:\/\/vwdtest.com\/it\/helpful-resources\/#journey\">percorso<\/a> dei pazienti con VWD.<\/p>\n<\/div>\n\n<div class=\"default-block container\">\n<h6>Riferimenti<\/h6>\n<\/div>\n\n<div class=\"default-block container\">\n<ol type=\"1\"><div class=\"default-block container\">\n<li>Kadir RA et al. Lancetta 1998; 351:485-9.<\/li>\n<\/div>\n\n<div class=\"default-block container\">\n<li><a href=\"https:\/\/pubmed.ncbi.nlm.nih.gov\/36210240\/\" target=\"_blank\" rel=\"noreferrer noopener\">Corrales-Medina FF et al. <em>Blood Rev<\/em><\/a> 2023; 58:101018.<\/li>\n<\/div>\n\n<div class=\"default-block container\">\n<li>de Wee EM, et al. Trombo Haemost 2012; 108:683-92.<\/li>\n<\/div>\n\n<div class=\"default-block container\">\n<li>Connell NT et al. Avv. Sangue 2021; 5:301-25.<\/li>\n<\/div>\n\n<div class=\"default-block container\">\n<li>VanderMeulen H, et al. Ematologia Am Soc Hematol Educ Programma 2022 1: 631-6.<\/li>\n<\/div>\n\n<div class=\"default-block container\">\n<li>Sanigorska A, et al. Res Pract Thromb Haemost 2022; 6:e12652.<\/li>\n<\/div>\n\n<div class=\"default-block container\">\n<li>Roberts JC, et al. Emofilia 2022; doi: 10.1111\/hae.14725.<\/li>\n<\/div>\n\n<div class=\"default-block container\">\n<li>Leebeek FWG, et al. Sangue 2020; 136:2143-50.<\/li>\n<\/div>\n\n<div class=\"default-block container\">\n<li>Janbain M e Kouides P Int J Women&#8217;s Health 2022; 14:1307-13.<\/li>\n<\/div><\/ol>\n<\/div>","protected":false},"excerpt":{"rendered":"<p>Si stima che i disturbi della coagulazione, inclusa la malattia di von Willebrand (VWD), siano responsabili di sanguinamenti mestruali abbondanti (HMB) in una donna su cinque affetta da questa condizione.1 I disturbi emorragici sono anche un importante fattore di rischio per un sanguinamento eccessivo durante il parto e il postpartum. Nonostante il ruolo preminente dei [&hellip;]<\/p>\n","protected":false},"author":1,"featured_media":1096,"parent":0,"menu_order":0,"comment_status":"closed","ping_status":"closed","template":"","meta":{"inline_featured_image":false},"acf":[],"yoast_head":"<!-- This site is optimized with the Yoast SEO plugin v20.4 - https:\/\/yoast.com\/wordpress\/plugins\/seo\/ -->\n<title>VWD E GINECOLOGIA \/ OSTETRICIA - Italy<\/title>\n<meta name=\"robots\" content=\"index, follow, max-snippet:-1, max-image-preview:large, max-video-preview:-1\" \/>\n<link rel=\"canonical\" href=\"https:\/\/vwdtest.com\/it\/vwd-and-gynaecology-obstetrics\/\" \/>\n<meta property=\"og:locale\" content=\"en_US\" \/>\n<meta property=\"og:type\" content=\"article\" \/>\n<meta property=\"og:title\" content=\"VWD E GINECOLOGIA \/ OSTETRICIA - Italy\" \/>\n<meta property=\"og:description\" content=\"Si stima che i disturbi della coagulazione, inclusa la malattia di von Willebrand (VWD), siano responsabili di sanguinamenti mestruali abbondanti (HMB) in una donna su cinque affetta da questa condizione.1 I disturbi emorragici sono anche un importante fattore di rischio per un sanguinamento eccessivo durante il parto e il postpartum. Nonostante il ruolo preminente dei [&hellip;]\" \/>\n<meta property=\"og:url\" content=\"https:\/\/vwdtest.com\/it\/vwd-and-gynaecology-obstetrics\/\" \/>\n<meta property=\"og:site_name\" content=\"Italy\" \/>\n<meta property=\"article:modified_time\" content=\"2025-09-26T12:21:28+00:00\" \/>\n<meta property=\"og:image\" content=\"http:\/\/vwdtest.com\/it\/wp-content\/uploads\/sites\/46\/2023\/08\/gynaecology-img.png\" \/>\n\t<meta property=\"og:image:width\" content=\"611\" \/>\n\t<meta property=\"og:image:height\" content=\"904\" \/>\n\t<meta property=\"og:image:type\" content=\"image\/png\" \/>\n<meta name=\"twitter:card\" content=\"summary_large_image\" \/>\n<meta name=\"twitter:label1\" content=\"Est. reading time\" \/>\n\t<meta name=\"twitter:data1\" content=\"4 minutes\" \/>\n<script type=\"application\/ld+json\" class=\"yoast-schema-graph\">{\"@context\":\"https:\/\/schema.org\",\"@graph\":[{\"@type\":\"WebPage\",\"@id\":\"https:\/\/vwdtest.com\/it\/vwd-and-gynaecology-obstetrics\/\",\"url\":\"https:\/\/vwdtest.com\/it\/vwd-and-gynaecology-obstetrics\/\",\"name\":\"VWD E GINECOLOGIA \/ OSTETRICIA - Italy\",\"isPartOf\":{\"@id\":\"https:\/\/vwdtest.com\/it\/#website\"},\"datePublished\":\"2023-08-14T07:52:15+00:00\",\"dateModified\":\"2025-09-26T12:21:28+00:00\",\"breadcrumb\":{\"@id\":\"https:\/\/vwdtest.com\/it\/vwd-and-gynaecology-obstetrics\/#breadcrumb\"},\"inLanguage\":\"en-US\",\"potentialAction\":[{\"@type\":\"ReadAction\",\"target\":[\"https:\/\/vwdtest.com\/it\/vwd-and-gynaecology-obstetrics\/\"]}]},{\"@type\":\"BreadcrumbList\",\"@id\":\"https:\/\/vwdtest.com\/it\/vwd-and-gynaecology-obstetrics\/#breadcrumb\",\"itemListElement\":[{\"@type\":\"ListItem\",\"position\":1,\"name\":\"Home\",\"item\":\"https:\/\/vwdtest.com\/it\/\"},{\"@type\":\"ListItem\",\"position\":2,\"name\":\"VWD E GINECOLOGIA \/ OSTETRICIA\"}]},{\"@type\":\"WebSite\",\"@id\":\"https:\/\/vwdtest.com\/it\/#website\",\"url\":\"https:\/\/vwdtest.com\/it\/\",\"name\":\"Italy\",\"description\":\"\",\"potentialAction\":[{\"@type\":\"SearchAction\",\"target\":{\"@type\":\"EntryPoint\",\"urlTemplate\":\"https:\/\/vwdtest.com\/it\/?s={search_term_string}\"},\"query-input\":\"required name=search_term_string\"}],\"inLanguage\":\"en-US\"}]}<\/script>\n<!-- \/ Yoast SEO plugin. -->","yoast_head_json":{"title":"VWD E GINECOLOGIA \/ OSTETRICIA - Italy","robots":{"index":"index","follow":"follow","max-snippet":"max-snippet:-1","max-image-preview":"max-image-preview:large","max-video-preview":"max-video-preview:-1"},"canonical":"https:\/\/vwdtest.com\/it\/vwd-and-gynaecology-obstetrics\/","og_locale":"en_US","og_type":"article","og_title":"VWD E GINECOLOGIA \/ OSTETRICIA - Italy","og_description":"Si stima che i disturbi della coagulazione, inclusa la malattia di von Willebrand (VWD), siano responsabili di sanguinamenti mestruali abbondanti (HMB) in una donna su cinque affetta da questa condizione.1 I disturbi emorragici sono anche un importante fattore di rischio per un sanguinamento eccessivo durante il parto e il postpartum. Nonostante il ruolo preminente dei [&hellip;]","og_url":"https:\/\/vwdtest.com\/it\/vwd-and-gynaecology-obstetrics\/","og_site_name":"Italy","article_modified_time":"2025-09-26T12:21:28+00:00","og_image":[{"width":611,"height":904,"url":"http:\/\/vwdtest.com\/it\/wp-content\/uploads\/sites\/46\/2023\/08\/gynaecology-img.png","type":"image\/png"}],"twitter_card":"summary_large_image","twitter_misc":{"Est. reading time":"4 minutes"},"schema":{"@context":"https:\/\/schema.org","@graph":[{"@type":"WebPage","@id":"https:\/\/vwdtest.com\/it\/vwd-and-gynaecology-obstetrics\/","url":"https:\/\/vwdtest.com\/it\/vwd-and-gynaecology-obstetrics\/","name":"VWD E GINECOLOGIA \/ OSTETRICIA - Italy","isPartOf":{"@id":"https:\/\/vwdtest.com\/it\/#website"},"datePublished":"2023-08-14T07:52:15+00:00","dateModified":"2025-09-26T12:21:28+00:00","breadcrumb":{"@id":"https:\/\/vwdtest.com\/it\/vwd-and-gynaecology-obstetrics\/#breadcrumb"},"inLanguage":"en-US","potentialAction":[{"@type":"ReadAction","target":["https:\/\/vwdtest.com\/it\/vwd-and-gynaecology-obstetrics\/"]}]},{"@type":"BreadcrumbList","@id":"https:\/\/vwdtest.com\/it\/vwd-and-gynaecology-obstetrics\/#breadcrumb","itemListElement":[{"@type":"ListItem","position":1,"name":"Home","item":"https:\/\/vwdtest.com\/it\/"},{"@type":"ListItem","position":2,"name":"VWD E GINECOLOGIA \/ OSTETRICIA"}]},{"@type":"WebSite","@id":"https:\/\/vwdtest.com\/it\/#website","url":"https:\/\/vwdtest.com\/it\/","name":"Italy","description":"","potentialAction":[{"@type":"SearchAction","target":{"@type":"EntryPoint","urlTemplate":"https:\/\/vwdtest.com\/it\/?s={search_term_string}"},"query-input":"required name=search_term_string"}],"inLanguage":"en-US"}]}},"_links":{"self":[{"href":"https:\/\/vwdtest.com\/it\/wp-json\/wp\/v2\/pages\/1088"}],"collection":[{"href":"https:\/\/vwdtest.com\/it\/wp-json\/wp\/v2\/pages"}],"about":[{"href":"https:\/\/vwdtest.com\/it\/wp-json\/wp\/v2\/types\/page"}],"author":[{"embeddable":true,"href":"https:\/\/vwdtest.com\/it\/wp-json\/wp\/v2\/users\/1"}],"replies":[{"embeddable":true,"href":"https:\/\/vwdtest.com\/it\/wp-json\/wp\/v2\/comments?post=1088"}],"version-history":[{"count":84,"href":"https:\/\/vwdtest.com\/it\/wp-json\/wp\/v2\/pages\/1088\/revisions"}],"predecessor-version":[{"id":2886,"href":"https:\/\/vwdtest.com\/it\/wp-json\/wp\/v2\/pages\/1088\/revisions\/2886"}],"wp:featuredmedia":[{"embeddable":true,"href":"https:\/\/vwdtest.com\/it\/wp-json\/wp\/v2\/media\/1096"}],"wp:attachment":[{"href":"https:\/\/vwdtest.com\/it\/wp-json\/wp\/v2\/media?parent=1088"}],"curies":[{"name":"wp","href":"https:\/\/api.w.org\/{rel}","templated":true}]}}