{"id":811,"date":"2023-04-27T13:02:19","date_gmt":"2023-04-27T13:02:19","guid":{"rendered":"https:\/\/new.vwdtest.com\/hu\/?page_id=811"},"modified":"2025-03-24T09:20:48","modified_gmt":"2025-03-24T09:20:48","slug":"i-am-a-worried-parent","status":"publish","type":"page","link":"https:\/\/vwdtest.com\/hu\/i-am-a-worried-parent\/","title":{"rendered":"Agg\u00f3d\u00f3 sz\u00fcl\u0151 vagyok"},"content":{"rendered":"<div class=\"default-block container\">\n<h2 class=\"worried-parent\">T\u00fal sokat v\u00e9rzik a gyermekem?<\/h2>\n<\/div>\n\n<div class=\"default-block container\">\n<h5 class=\"bleeding-symptoms-title worried\">Agg\u00f3dik gyermeke visszat\u00e9r\u0151 orrv\u00e9rz\u00e9sei miatt? Gyermeke horzsol\u00e1sai k\u00f6nnyebben \u00e9s gyakrabban v\u00e9reznek a t\u00e1rsaihoz k\u00e9pest? Gyermeke a v\u00e1rtn\u00e1l hosszabb ideig v\u00e9rzett egy k\u00f6zelm\u00faltbeli fogorvosi kezel\u00e9s vagy egy kisebb m\u0171t\u00e9t ut\u00e1n? Agg\u00f3dik, hogy a l\u00e1nya menstru\u00e1ci\u00f3ja t\u00fal er\u0151s lehet?<\/h5>\n<\/div>\n\n<div class=\"default-block container\">\n<p class=\"full\">Sz\u00e1mos oka lehet annak, hogy gyermeke id\u0151nk\u00e9nt v\u00e9rzik. A gyerekek j\u00e1tszanak \u00e9s felfedezik a k\u00f6r\u00fcl\u00f6tt\u00fck l\u00e9v\u0151 vil\u00e1got. Ennek sor\u00e1n a balesetek elker\u00fclhetetlenek, \u00e9s n\u00e9ha gyermek\u00e9nek z\u00faz\u00f3d\u00e1sai vagy kis sebei keletkeznek egy baleset sor\u00e1n. El\u0151fordul, hogy baleset n\u00e9lk\u00fcl bek\u00f6vetkezett s\u00e9r\u00fcl\u00e9s is v\u00e9rz\u00e9shez vezethet. A legt\u00f6bb esetben test\u00fcnk gyorsan el\u00e1ll\u00edtja a v\u00e9rz\u00e9st a v\u00e9ralvad\u00e1snak nevezett folyamat r\u00e9v\u00e9n. N\u00e9h\u00e1ny gyermek horzsol\u00e1sai azonban k\u00f6nnyebben \u00e9s gyakrabban v\u00e9reznek, mint m\u00e1sok\u00e9. Szerencs\u00e9re ez a fajta v\u00e9rz\u00e9s gyakran kezelhet\u0151 vagy megel\u0151zhet\u0151. Ha agg\u00f3dik, mert \u00fagy t\u0171nik, hogy gyermeke t\u00fal gyakran \u00e9s t\u00fal k\u00f6nnyen v\u00e9rzik, fontos, hogy el\u0151sz\u00f6r tal\u00e1lja meg az ok\u00e1t, majd v\u00e1lassza ki a megfelel\u0151 kezel\u00e9st.<\/p>\n<\/div>\n\n<div class=\"default-block container\">\n<h2>A gyermekek gyakori v\u00e9rz\u00e9s\u00e9nek okai<\/h2>\n<\/div>\n\n<div class=\"default-block container\">\n<p class=\"full\">A gyermek v\u00e9rz\u00e9si t\u00fcneteinek ok\u00e1t nem mindig egyszer\u0171 megtal\u00e1lni, mert a v\u00e9rz\u00e9snek sokf\u00e9le oka lehet. Az <a href=\"\/hu\/bleeding-symptoms\/#nosebleed\">orrv\u00e9rz\u00e9st<\/a> okozhatja p\u00e9ld\u00e1ul az orr piszk\u00e1l\u00e1sa, a sz\u00e1raz leveg\u0151, egy s\u00e9r\u00fcl\u00e9s, megf\u00e1z\u00e1s, allergia, vagy egyszer\u0171en az, ha valaki t\u00fal er\u0151sen f\u00fajja ki az orr\u00e1t.<sup>1<\/sup> A <a href=\"\/hu\/bleeding-symptoms\/#oral-bleed\">sz\u00e1jban a v\u00e9rz\u00e9st<\/a> baleset, egy tejfog elveszt\u00e9se, \u00f6nharap\u00e1s vagy \u00ednygyullad\u00e1s is okozhatja.<sup>2<\/sup> A gyakori orrv\u00e9rz\u00e9s \u00e9s  a v\u00e9rz\u0151 \u00edny s\u00falyosabb eg\u00e9szs\u00e9gi \u00e1llapot, p\u00e9ld\u00e1ul egy m\u00e9g fel nem ismert v\u00e9rz\u00e9si rendelleness\u00e9g t\u00fcnete is lehet. \u00c1ltal\u00e1ban a v\u00e9rz\u00e9si rendelleness\u00e9gek ritk\u00e1k. Sajnos a leggyakoribb \u00f6r\u00f6kletes v\u00e9rz\u00e9si rendelleness\u00e9g, a <a href=\"\/hu\/von-willebrand-disease\/\">von Willebrand betegs\u00e9g (VWD)<\/a> gyakran diagnosztiz\u00e1latlan marad. Diagn\u00f3zis \u00e9s kezel\u00e9s n\u00e9lk\u00fcl a VWD-ben szenved\u0151 gyermekekn\u00e9l s\u00falyos v\u00e9rz\u00e9s tapasztalhat\u00f3. A gyakori orrv\u00e9rz\u00e9s \u00e9s \u00ednyv\u00e9rz\u00e9s mellett a VWD-ben szenved\u0151 gyermekekn\u00e9l a leggyakoribb v\u00e9rz\u00e9si t\u00fcnetek a <a href=\"\/hu\/bleeding-symptoms\/#easy-bruising\">k\u00f6nny\u0171 v\u00e9ral\u00e1fut\u00e1sok<\/a>, valamint elh\u00faz\u00f3d\u00f3 v\u00e9rz\u00e9s <a href=\"\/hu\/bleeding-symptoms\/#minor-wounds\">kisebb sebekb\u0151l<\/a>,  tov\u00e1bb\u00e1 <a href=\"\/hu\/i-live-with-vwd\/#surgery\">fogh\u00faz\u00e1s vagy m\u0171t\u00e9t<\/a> ut\u00e1n. Ahogy a VWD-s l\u00e1nyok bel\u00e9pnek a pubert\u00e1skorba, az <a href=\"\/hu\/bleeding-symptoms\/#hmb\">er\u0151s menstru\u00e1ci\u00f3s v\u00e9rz\u00e9s<\/a> v\u00e1lik a leggyakoribb t\u00fcnett\u00e9.<sup>3<\/sup><\/p>\n<\/div>\n\n<div class=\"default-block container\">\n<h2>V\u00e9rz\u00e9ses t\u00fcnetek a csal\u00e1dban<\/h2>\n<\/div>\n\n<div class=\"default-block container\">\n<p class=\"full\">Az \u00f6r\u00f6kletes v\u00e9rz\u00e9si rendelleness\u00e9gek gyakran gener\u00e1ci\u00f3kon kereszt\u00fcl \u00e9rintik a csal\u00e1d t\u00f6bb tagj\u00e1t. Ha az egyik sz\u00fcl\u0151n\u00e9l, nagysz\u00fcl\u0151n\u00e9l vagy m\u00e1s rokonn\u00e1l fokozott v\u00e9rz\u00e9s \u00e9szlelhet\u0151, felmer\u00fclhet, hogy a gyermek\u00e9n\u00e9l megfigyelt v\u00e9rz\u00e9s norm\u00e1lis-e. Ha a v\u00e9rz\u00e9s vagy v\u00e9ral\u00e1fut\u00e1s befoly\u00e1solja gyermeke j\u00f3 k\u00f6z\u00e9rzet\u00e9t, besz\u00e9lje meg a <a href=\"\/hu\/bleeding-symptoms\/\">t\u00fcneteket<\/a> orvos\u00e1val.<\/p>\n<\/div>\n\n<div class=\"default-block container\">\n<h2>Tudja meg, hogy gyermeke v\u00e9rz\u00e9se norm\u00e1lis-e<\/h2>\n<\/div>\n\n<div class=\"default-block container\">\n<p class=\"full\">Mit tekint\u00fcnk t\u00fal sok v\u00e9rz\u00e9snek? Mivel ezt a k\u00e9rd\u00e9st neh\u00e9z megv\u00e1laszolni, az orvosok olyan teszteket fejlesztettek ki, amelyek seg\u00edthetnek a v\u00e9rz\u00e9s t\u00fcneteinek \u00e9rt\u00e9kel\u00e9s\u00e9ben. A vwdtest.com\/hu oldalon elv\u00e9gezheti az al\u00e1bbi tesztek egyik\u00e9t. Ha gyermek\u00e9nek visszat\u00e9r\u0151 orrv\u00e9rz\u00e9se van,  z\u00faz\u00f3d\u00e1sai k\u00f6nnyen v\u00e9reznek, vagy a fenti v\u00e9rz\u00e9si t\u00fcnetek b\u00e1rmelyik\u00e9t mutatja, kifejezetten javasoljuk, hogy sz\u00e1njon n\u00e9h\u00e1ny percet a teszt elv\u00e9gz\u00e9s\u00e9re.  A  lehets\u00e9ges v\u00e9rz\u00e9si rendelleness\u00e9g jeleir\u0151l \u00e9s t\u00fcneteir\u0151l t\u00e1j\u00e9koztathat a teszt r\u00f6vid k\u00e9rd\u0151\u00edv\u00e9nek kit\u00f6lt\u00e9se.     Az eredm\u00e9ny megmutatja, hogy \u00d6nnek \u00e9s gyermek\u00e9nek orvoshoz kell-e fordulnia.<\/p>\n<\/div>\n\n<div class=\"default-block container\">\n<div class=\"is-content-justification-right is-layout-flex wp-container-1 wp-block-buttons\">\n<div class=\"wp-block-button take-test\"><a class=\"wp-block-button__link wp-element-button\" href=\"https:\/\/vwdtest.com\/hu\/take-test\/\">T\u00f6ltse ki a tesztet<\/a><\/div>\n<\/div>\n<\/div>\n\n<div class=\"default-block container\">\n<h6>Referenci\u00e1k<\/h6>\n<\/div>\n\n<div class=\"default-block container\">\n<ol><div class=\"default-block container\">\n<li><a href=\"https:\/\/www.hopkinsmedicine.org\/health\/conditions-and-diseases\/nosebleeds\" target=\"_blank\" rel=\"noreferrer noopener\">https:\/\/www.hopkinsmedicine.org\/health\/conditions-and-diseases\/nosebleeds<\/a> last accessed Mar 2023.<\/li>\n<\/div>\n\n<div class=\"default-block container\">\n<li><a href=\"https:\/\/www.childrensmn.org\/educationmaterials\/childrensmn\/article\/15581\/mouth-bleeding-with-a-bleeding-disorder\/\" target=\"_blank\" rel=\"noreferrer noopener\">https:\/\/www.childrensmn.org\/educationmaterials\/childrensmn\/article\/15581\/mouth-bleeding-with-a-bleeding-disorder\/<\/a> last accessed Mar 2023.<\/li>\n<\/div>\n\n<div class=\"default-block container\">\n<li><a href=\"https:\/\/pubmed.ncbi.nlm.nih.gov\/36210240\/\" target=\"_blank\" rel=\"noreferrer noopener\">Corrales-Medina FF et al. Blood Rev<\/a> 2023; 58:101018.<\/li>\n<\/div><\/ol>\n<\/div>","protected":false},"excerpt":{"rendered":"<p>T\u00fal sokat v\u00e9rzik a gyermekem? Agg\u00f3dik gyermeke visszat\u00e9r\u0151 orrv\u00e9rz\u00e9sei miatt? Gyermeke horzsol\u00e1sai k\u00f6nnyebben \u00e9s gyakrabban v\u00e9reznek a t\u00e1rsaihoz k\u00e9pest? Gyermeke a v\u00e1rtn\u00e1l hosszabb ideig v\u00e9rzett egy k\u00f6zelm\u00faltbeli fogorvosi kezel\u00e9s vagy egy kisebb m\u0171t\u00e9t ut\u00e1n? Agg\u00f3dik, hogy a l\u00e1nya menstru\u00e1ci\u00f3ja t\u00fal er\u0151s lehet? Sz\u00e1mos oka lehet annak, hogy gyermeke id\u0151nk\u00e9nt v\u00e9rzik. A gyerekek j\u00e1tszanak \u00e9s felfedezik [&hellip;]<\/p>\n","protected":false},"author":1,"featured_media":996,"parent":0,"menu_order":0,"comment_status":"closed","ping_status":"closed","template":"","meta":{"inline_featured_image":false},"acf":[],"yoast_head":"<!-- This site is optimized with the Yoast SEO plugin v20.4 - https:\/\/yoast.com\/wordpress\/plugins\/seo\/ -->\n<title>Agg\u00f3d\u00f3 sz\u00fcl\u0151 vagyok - Hungary<\/title>\n<meta name=\"robots\" content=\"noindex, follow\" \/>\n<meta property=\"og:locale\" content=\"en_US\" \/>\n<meta property=\"og:type\" content=\"article\" \/>\n<meta property=\"og:title\" content=\"Agg\u00f3d\u00f3 sz\u00fcl\u0151 vagyok - Hungary\" \/>\n<meta property=\"og:description\" content=\"T\u00fal sokat v\u00e9rzik a gyermekem? Agg\u00f3dik gyermeke visszat\u00e9r\u0151 orrv\u00e9rz\u00e9sei miatt? Gyermeke horzsol\u00e1sai k\u00f6nnyebben \u00e9s gyakrabban v\u00e9reznek a t\u00e1rsaihoz k\u00e9pest? Gyermeke a v\u00e1rtn\u00e1l hosszabb ideig v\u00e9rzett egy k\u00f6zelm\u00faltbeli fogorvosi kezel\u00e9s vagy egy kisebb m\u0171t\u00e9t ut\u00e1n? Agg\u00f3dik, hogy a l\u00e1nya menstru\u00e1ci\u00f3ja t\u00fal er\u0151s lehet? Sz\u00e1mos oka lehet annak, hogy gyermeke id\u0151nk\u00e9nt v\u00e9rzik. A gyerekek j\u00e1tszanak \u00e9s felfedezik [&hellip;]\" \/>\n<meta property=\"og:url\" content=\"https:\/\/vwdtest.com\/hu\/i-am-a-worried-parent\/\" \/>\n<meta property=\"og:site_name\" content=\"Hungary\" \/>\n<meta property=\"article:modified_time\" content=\"2025-03-24T09:20:48+00:00\" \/>\n<meta property=\"og:image\" content=\"https:\/\/vwdtest.com\/hu\/wp-content\/uploads\/sites\/63\/2023\/07\/Worried-patients-1-1.png\" \/>\n\t<meta property=\"og:image:width\" content=\"828\" \/>\n\t<meta property=\"og:image:height\" content=\"982\" \/>\n\t<meta property=\"og:image:type\" content=\"image\/png\" \/>\n<meta name=\"twitter:card\" content=\"summary_large_image\" \/>\n<meta name=\"twitter:label1\" content=\"Est. reading time\" \/>\n\t<meta name=\"twitter:data1\" content=\"2 minutes\" \/>\n<script type=\"application\/ld+json\" class=\"yoast-schema-graph\">{\"@context\":\"https:\/\/schema.org\",\"@graph\":[{\"@type\":\"WebPage\",\"@id\":\"https:\/\/vwdtest.com\/hu\/i-am-a-worried-parent\/\",\"url\":\"https:\/\/vwdtest.com\/hu\/i-am-a-worried-parent\/\",\"name\":\"Agg\u00f3d\u00f3 sz\u00fcl\u0151 vagyok - Hungary\",\"isPartOf\":{\"@id\":\"https:\/\/vwdtest.com\/hu\/#website\"},\"datePublished\":\"2023-04-27T13:02:19+00:00\",\"dateModified\":\"2025-03-24T09:20:48+00:00\",\"breadcrumb\":{\"@id\":\"https:\/\/vwdtest.com\/hu\/i-am-a-worried-parent\/#breadcrumb\"},\"inLanguage\":\"en-US\",\"potentialAction\":[{\"@type\":\"ReadAction\",\"target\":[\"https:\/\/vwdtest.com\/hu\/i-am-a-worried-parent\/\"]}]},{\"@type\":\"BreadcrumbList\",\"@id\":\"https:\/\/vwdtest.com\/hu\/i-am-a-worried-parent\/#breadcrumb\",\"itemListElement\":[{\"@type\":\"ListItem\",\"position\":1,\"name\":\"Home\",\"item\":\"https:\/\/vwdtest.com\/hu\/\"},{\"@type\":\"ListItem\",\"position\":2,\"name\":\"Agg\u00f3d\u00f3 sz\u00fcl\u0151 vagyok\"}]},{\"@type\":\"WebSite\",\"@id\":\"https:\/\/vwdtest.com\/hu\/#website\",\"url\":\"https:\/\/vwdtest.com\/hu\/\",\"name\":\"Hungary\",\"description\":\"\",\"potentialAction\":[{\"@type\":\"SearchAction\",\"target\":{\"@type\":\"EntryPoint\",\"urlTemplate\":\"https:\/\/vwdtest.com\/hu\/?s={search_term_string}\"},\"query-input\":\"required name=search_term_string\"}],\"inLanguage\":\"en-US\"}]}<\/script>\n<!-- \/ Yoast SEO plugin. -->","yoast_head_json":{"title":"Agg\u00f3d\u00f3 sz\u00fcl\u0151 vagyok - Hungary","robots":{"index":"noindex","follow":"follow"},"og_locale":"en_US","og_type":"article","og_title":"Agg\u00f3d\u00f3 sz\u00fcl\u0151 vagyok - Hungary","og_description":"T\u00fal sokat v\u00e9rzik a gyermekem? Agg\u00f3dik gyermeke visszat\u00e9r\u0151 orrv\u00e9rz\u00e9sei miatt? Gyermeke horzsol\u00e1sai k\u00f6nnyebben \u00e9s gyakrabban v\u00e9reznek a t\u00e1rsaihoz k\u00e9pest? Gyermeke a v\u00e1rtn\u00e1l hosszabb ideig v\u00e9rzett egy k\u00f6zelm\u00faltbeli fogorvosi kezel\u00e9s vagy egy kisebb m\u0171t\u00e9t ut\u00e1n? Agg\u00f3dik, hogy a l\u00e1nya menstru\u00e1ci\u00f3ja t\u00fal er\u0151s lehet? Sz\u00e1mos oka lehet annak, hogy gyermeke id\u0151nk\u00e9nt v\u00e9rzik. A gyerekek j\u00e1tszanak \u00e9s felfedezik [&hellip;]","og_url":"https:\/\/vwdtest.com\/hu\/i-am-a-worried-parent\/","og_site_name":"Hungary","article_modified_time":"2025-03-24T09:20:48+00:00","og_image":[{"width":828,"height":982,"url":"https:\/\/vwdtest.com\/hu\/wp-content\/uploads\/sites\/63\/2023\/07\/Worried-patients-1-1.png","type":"image\/png"}],"twitter_card":"summary_large_image","twitter_misc":{"Est. reading time":"2 minutes"},"schema":{"@context":"https:\/\/schema.org","@graph":[{"@type":"WebPage","@id":"https:\/\/vwdtest.com\/hu\/i-am-a-worried-parent\/","url":"https:\/\/vwdtest.com\/hu\/i-am-a-worried-parent\/","name":"Agg\u00f3d\u00f3 sz\u00fcl\u0151 vagyok - Hungary","isPartOf":{"@id":"https:\/\/vwdtest.com\/hu\/#website"},"datePublished":"2023-04-27T13:02:19+00:00","dateModified":"2025-03-24T09:20:48+00:00","breadcrumb":{"@id":"https:\/\/vwdtest.com\/hu\/i-am-a-worried-parent\/#breadcrumb"},"inLanguage":"en-US","potentialAction":[{"@type":"ReadAction","target":["https:\/\/vwdtest.com\/hu\/i-am-a-worried-parent\/"]}]},{"@type":"BreadcrumbList","@id":"https:\/\/vwdtest.com\/hu\/i-am-a-worried-parent\/#breadcrumb","itemListElement":[{"@type":"ListItem","position":1,"name":"Home","item":"https:\/\/vwdtest.com\/hu\/"},{"@type":"ListItem","position":2,"name":"Agg\u00f3d\u00f3 sz\u00fcl\u0151 vagyok"}]},{"@type":"WebSite","@id":"https:\/\/vwdtest.com\/hu\/#website","url":"https:\/\/vwdtest.com\/hu\/","name":"Hungary","description":"","potentialAction":[{"@type":"SearchAction","target":{"@type":"EntryPoint","urlTemplate":"https:\/\/vwdtest.com\/hu\/?s={search_term_string}"},"query-input":"required name=search_term_string"}],"inLanguage":"en-US"}]}},"_links":{"self":[{"href":"https:\/\/vwdtest.com\/hu\/wp-json\/wp\/v2\/pages\/811"}],"collection":[{"href":"https:\/\/vwdtest.com\/hu\/wp-json\/wp\/v2\/pages"}],"about":[{"href":"https:\/\/vwdtest.com\/hu\/wp-json\/wp\/v2\/types\/page"}],"author":[{"embeddable":true,"href":"https:\/\/vwdtest.com\/hu\/wp-json\/wp\/v2\/users\/1"}],"replies":[{"embeddable":true,"href":"https:\/\/vwdtest.com\/hu\/wp-json\/wp\/v2\/comments?post=811"}],"version-history":[{"count":83,"href":"https:\/\/vwdtest.com\/hu\/wp-json\/wp\/v2\/pages\/811\/revisions"}],"predecessor-version":[{"id":3780,"href":"https:\/\/vwdtest.com\/hu\/wp-json\/wp\/v2\/pages\/811\/revisions\/3780"}],"wp:featuredmedia":[{"embeddable":true,"href":"https:\/\/vwdtest.com\/hu\/wp-json\/wp\/v2\/media\/996"}],"wp:attachment":[{"href":"https:\/\/vwdtest.com\/hu\/wp-json\/wp\/v2\/media?parent=811"}],"curies":[{"name":"wp","href":"https:\/\/api.w.org\/{rel}","templated":true}]}}