{"id":795,"date":"2023-04-27T12:33:04","date_gmt":"2023-04-27T12:33:04","guid":{"rendered":"https:\/\/new.vwdtest.com\/hu\/?page_id=795"},"modified":"2026-01-19T14:41:44","modified_gmt":"2026-01-19T14:41:44","slug":"i-bleed-a-lot","status":"publish","type":"page","link":"https:\/\/vwdtest.com\/hu\/i-bleed-a-lot\/","title":{"rendered":"T\u00fal sokat v\u00e9rzek?"},"content":{"rendered":"<div class=\"default-block container\">\n<p><\/p>\n<\/div>\n\n<div class=\"default-block container\">\n<p><\/p>\n<\/div>\n\n<div class=\"default-block container\">\n<h2>T\u00fal sokat v\u00e9rzik?<\/h2>\n<\/div>\n\n<div class=\"default-block container\">\n<h5 class=\"bleeding-symptoms-title helpful live\">Tudni akarja, hogy mi\u00e9rt van olyan sokszor orrv\u00e9rz\u00e9se? V\u00e9rzik az \u00ednye fogselyem haszn\u00e1lat vagy fogmos\u00e1s ut\u00e1n? Gyakran fedez fel v\u00e9ral\u00e1fut\u00e1sokat a test\u00e9n, \u00e9s nem eml\u00e9kszik, honnan sz\u00e1rmazhatnak? Tapasztalt-e mostan\u00e1ban t\u00falzott v\u00e9rz\u00e9st kisebb baleset vagy fogorvosi kezel\u00e9s ut\u00e1n?<\/h5> <p class=\"full\">A legt\u00f6bb ember id\u0151nk\u00e9nt v\u00e9rzik. A v\u00e9rz\u00e9s oka v\u00e1ltoz\u00f3, de a leggyakrabban test\u00fcnk gyorsan el\u00e1ll\u00edtja a v\u00e9rz\u00e9st a v\u00e9ralvad\u00e1snak nevezett folyamat seg\u00edts\u00e9g\u00e9vel. Vannak azonban olyan p\u00e1ciensek, akik m\u00e1sokn\u00e1l gyakrabban \u00e9s hosszabb ideig v\u00e9reznek, de ez a fajta v\u00e9rz\u00e9s gyakran kezelhet\u0151 vagy megel\u0151zhet\u0151. Vagyis, ha a fenti k\u00e9rd\u00e9sek k\u00f6z\u00fcl legal\u00e1bb egyre &#8220;igen&#8221; a v\u00e1lasza, az \u00d6n v\u00e9rz\u00e9se tov\u00e1bbi vizsg\u00e1latot tehet sz\u00fcks\u00e9gess\u00e9.<\/p>\n<\/div>\n\n<div class=\"default-block container\">\n<h2>A t\u00falzott vagy hosszan tart\u00f3 v\u00e9rz\u00e9s okai<\/h2>\n<\/div>\n\n<div class=\"default-block container\">\n<p class=\"full push-text\">A t\u00falzott vagy hosszan tart\u00f3 v\u00e9rz\u00e9snek sz\u00e1mos oka lehet. A v\u00e9rz\u00e9ses t\u00fcnetek ok\u00e1nak meg\u00e1llap\u00edt\u00e1sa nagyon fontos a megfelel\u0151 kezel\u00e9s meghat\u00e1roz\u00e1s\u00e1hoz. A v\u00e9rz\u00e9st bizonyos gy\u00f3gyszerek, p\u00e9ld\u00e1ul f\u00e1jdalomcsillap\u00edt\u00f3k, mint az aszpirin vagy v\u00e9rh\u00edg\u00edt\u00f3k (v\u00e9ralvad\u00e1sg\u00e1tl\u00f3k) okozhatj\u00e1k. Bizonyos eg\u00e9szs\u00e9gi \u00e1llapotok, mint a m\u00e1j- vagy vesebetegs\u00e9g valamint a r\u00e1k, szint\u00e9n v\u00e9rz\u00e9st okozhatnak.<sup>1,2<\/sup> Az is lehets\u00e9ges, hogy v\u00e9rz\u00e9se egy v\u00e9rz\u00e9si rendelleness\u00e9g k\u00f6vetkezm\u00e9nye. A v\u00e9rz\u00e9si rendelleness\u00e9gek ritka betegs\u00e9gek, \u00e9s \u00f6r\u00f6kletesek vagy szerzettek lehetnek. A leggyakoribb \u00f6r\u00f6kletes v\u00e9rz\u00e9si rendelleness\u00e9g a <a href=\"\/hu\/von-willebrand-disease\/\">von Willebrand betegs\u00e9g<\/a> (VWD). A VWD-t gyakran nem ismerik fel. Diagn\u00f3zis \u00e9s kezel\u00e9s n\u00e9lk\u00fcl a VWD-ben szenved\u0151 emberek eset\u00e9ben a s\u00falyos v\u00e9rz\u00e9s kock\u00e1zata is fenn\u00e1ll. A VWD-ben szenved\u0151knek sokszor gyakori az <a href=\"\/hu\/bleeding-symptoms\/#nosebleed\">orr<\/a>&#8211; \u00e9s <a href=\"\/hu\/bleeding-symptoms\/#oral-bleed\">\u00ednyv\u00e9rz\u00e9se<\/a>,  tov\u00e1bb\u00e1 <a href=\"\/hu\/bleeding-symptoms\/#easy-bruising\">horzsol\u00e1saik is k\u00f6nnyen v\u00e9reznek<\/a> \u00e9s t\u00falzott v\u00e9rz\u00e9st tapasztalhatnak <a href=\"\/hu\/i-live-with-vwd\/#surgery\">fogh\u00faz\u00e1sok<\/a>, <a href=\"bleeding-symptoms\/#bleed-surgery\">m\u0171t\u00e9tek vagy kisebb balesetek<\/a> ut\u00e1n. A VWD-ben szenved\u0151 n\u0151k k\u00f6r\u00e9ben az <a href=\"\/hu\/bleeding-symptoms\/#hmb\">er\u0151s menstru\u00e1ci\u00f3s v\u00e9rz\u00e9s<\/a> a leggyakoribb t\u00fcnet.<sup>3<\/sup><\/p>\n<\/div>\n\n<div class=\"default-block container\">\n<h2>Lehet, hogy nem \u00d6n az egyetlen a csal\u00e1dj\u00e1ban, akinek v\u00e9rz\u00e9ses t\u00fcnetei vannak<\/h2>\n<\/div>\n\n<div class=\"default-block container\">\n<p class=\"full push-text\">Ha testv\u00e9rei, sz\u00fclei vagy m\u00e1s rokonai is v\u00e9rz\u00e9ses t\u00fcneteket tapasztalnak, azt gondolhatja, hogy az \u00d6nn\u00e9l jelentkez\u0151 v\u00e9rz\u00e9sek term\u00e9szetesek. Ez azonban nem mindig igaz. V\u00e9rz\u00e9s\u00e9t egy \u00f6r\u00f6kletes v\u00e9rz\u00e9si rendelleness\u00e9g is okozhatja, amely gyakran egyn\u00e9l t\u00f6bb csal\u00e1dtagot \u00e9rint. Ha a v\u00e9rz\u00e9s befoly\u00e1solja mindennapi \u00e9let\u00e9t \u00e9s j\u00f3 k\u00f6z\u00e9rzet\u00e9t, javasoljuk, hogy besz\u00e9lje meg ezt orvos\u00e1val.<\/p>\n<\/div>\n\n<div class=\"default-block container\">\n<h2>Tudja meg, hogy rendellenesnek sz\u00e1m\u00edt-e az \u00d6n v\u00e9rz\u00e9se<\/h2>\n<\/div>\n\n<div class=\"default-block container\">\n<p class=\"full push-text\">Norm\u00e1lis a v\u00e9rz\u00e9sem? Vagy m\u00e9gsem? A v\u00e1lasz nem mindig egyszer\u0171. A v\u00e9rz\u00e9ses t\u00fcnetek \u00e9rt\u00e9kel\u00e9s\u00e9re a kutat\u00f3k v\u00e9rz\u00e9sel foglalkoz\u00f3 tesztk\u00e9rd\u00e9seket fejlesztettek ki.<sup>3<\/sup> Az egyik ilyen teszt el\u00e9rhet\u0151 ezen a weboldalon. Ha bizonytalan b\u00e1rmilyen v\u00e9rz\u00e9ses t\u00fcnet\u00e9vel kapcsolatosan, nyomat\u00e9kosan javasolt a jelen v\u00e9rz\u00e9ses teszt kit\u00f6lt\u00e9se. K\u00fcl\u00f6n\u00f6sen fontos ez, ha m\u0171t\u00e9t el\u0151tt \u00e1ll. A teszt kit\u00f6lt\u00e9se csak n\u00e9h\u00e1ny percet vesz ig\u00e9nybe, \u00e9s megmutatja, hogy a v\u00e9rz\u00e9s miatt orvoshoz kell-e fordulnia.<\/p>\n<\/div>\n\n<div class=\"default-block container\">\n<h6>Referenci\u00e1k<\/h6>\n<\/div>\n\n<div class=\"default-block container\">\n<ol><div class=\"default-block container\">\n<li><a href=\"https:\/\/my.clevelandclinic.org\/health\/symptoms\/21654-hemorrhage\" target=\"_blank\" rel=\"noreferrer noopener\">https:\/\/my.clevelandclinic.org\/health\/symptoms\/21654-hemorrhage<\/a>; friss\u00edtve: 2023 m\u00e1rcius.<\/li>\n<\/div>\n\n<div class=\"default-block container\">\n<li><a href=\"https:\/\/www.drugs.com\/cg\/postoperative-bleeding.html\" target=\"_blank\" rel=\"noreferrer noopener\">https:\/\/www.drugs.com\/cg\/postoperative-bleeding.html<\/a>; friss\u00edtve: 2023 m\u00e1rcius..<\/li>\n<\/div>\n\n<div class=\"default-block container\">\n<li><a href=\"https:\/\/pubmed.ncbi.nlm.nih.gov\/36210240\/\" target=\"_blank\" rel=\"noreferrer noopener\">Corrales-Medina FF et al. Blood Rev<\/a> 2023; 58:101018.<\/li>\n<\/div><\/ol>\n<\/div>","protected":false},"excerpt":{"rendered":"<p>T\u00fal sokat v\u00e9rzik? Tudni akarja, hogy mi\u00e9rt van olyan sokszor orrv\u00e9rz\u00e9se? V\u00e9rzik az \u00ednye fogselyem haszn\u00e1lat vagy fogmos\u00e1s ut\u00e1n? Gyakran fedez fel v\u00e9ral\u00e1fut\u00e1sokat a test\u00e9n, \u00e9s nem eml\u00e9kszik, honnan sz\u00e1rmazhatnak? Tapasztalt-e mostan\u00e1ban t\u00falzott v\u00e9rz\u00e9st kisebb baleset vagy fogorvosi kezel\u00e9s ut\u00e1n? A legt\u00f6bb ember id\u0151nk\u00e9nt v\u00e9rzik. A v\u00e9rz\u00e9s oka v\u00e1ltoz\u00f3, de a leggyakrabban test\u00fcnk gyorsan el\u00e1ll\u00edtja [&hellip;]<\/p>\n","protected":false},"author":1,"featured_media":788,"parent":0,"menu_order":0,"comment_status":"closed","ping_status":"closed","template":"","meta":{"inline_featured_image":false},"acf":[],"yoast_head":"<!-- This site is optimized with the Yoast SEO plugin v20.4 - https:\/\/yoast.com\/wordpress\/plugins\/seo\/ -->\n<title>T\u00fal sokat v\u00e9rzek? - Hungary<\/title>\n<meta name=\"robots\" content=\"noindex, follow\" \/>\n<meta property=\"og:locale\" content=\"en_US\" \/>\n<meta property=\"og:type\" content=\"article\" \/>\n<meta property=\"og:title\" content=\"T\u00fal sokat v\u00e9rzek? - Hungary\" \/>\n<meta property=\"og:description\" content=\"T\u00fal sokat v\u00e9rzik? Tudni akarja, hogy mi\u00e9rt van olyan sokszor orrv\u00e9rz\u00e9se? V\u00e9rzik az \u00ednye fogselyem haszn\u00e1lat vagy fogmos\u00e1s ut\u00e1n? Gyakran fedez fel v\u00e9ral\u00e1fut\u00e1sokat a test\u00e9n, \u00e9s nem eml\u00e9kszik, honnan sz\u00e1rmazhatnak? Tapasztalt-e mostan\u00e1ban t\u00falzott v\u00e9rz\u00e9st kisebb baleset vagy fogorvosi kezel\u00e9s ut\u00e1n? A legt\u00f6bb ember id\u0151nk\u00e9nt v\u00e9rzik. A v\u00e9rz\u00e9s oka v\u00e1ltoz\u00f3, de a leggyakrabban test\u00fcnk gyorsan el\u00e1ll\u00edtja [&hellip;]\" \/>\n<meta property=\"og:url\" content=\"https:\/\/vwdtest.com\/hu\/i-bleed-a-lot\/\" \/>\n<meta property=\"og:site_name\" content=\"Hungary\" \/>\n<meta property=\"article:modified_time\" content=\"2026-01-19T14:41:44+00:00\" \/>\n<meta property=\"og:image\" content=\"https:\/\/vwdtest.com\/hu\/wp-content\/uploads\/sites\/63\/2023\/04\/Person-who-bleads-1.png\" \/>\n\t<meta property=\"og:image:width\" content=\"679\" \/>\n\t<meta property=\"og:image:height\" content=\"976\" \/>\n\t<meta property=\"og:image:type\" content=\"image\/png\" \/>\n<meta name=\"twitter:card\" content=\"summary_large_image\" \/>\n<meta name=\"twitter:label1\" content=\"Est. reading time\" \/>\n\t<meta name=\"twitter:data1\" content=\"2 minutes\" \/>\n<script type=\"application\/ld+json\" class=\"yoast-schema-graph\">{\"@context\":\"https:\/\/schema.org\",\"@graph\":[{\"@type\":\"WebPage\",\"@id\":\"https:\/\/vwdtest.com\/hu\/i-bleed-a-lot\/\",\"url\":\"https:\/\/vwdtest.com\/hu\/i-bleed-a-lot\/\",\"name\":\"T\u00fal sokat v\u00e9rzek? - Hungary\",\"isPartOf\":{\"@id\":\"https:\/\/vwdtest.com\/hu\/#website\"},\"datePublished\":\"2023-04-27T12:33:04+00:00\",\"dateModified\":\"2026-01-19T14:41:44+00:00\",\"breadcrumb\":{\"@id\":\"https:\/\/vwdtest.com\/hu\/i-bleed-a-lot\/#breadcrumb\"},\"inLanguage\":\"en-US\",\"potentialAction\":[{\"@type\":\"ReadAction\",\"target\":[\"https:\/\/vwdtest.com\/hu\/i-bleed-a-lot\/\"]}]},{\"@type\":\"BreadcrumbList\",\"@id\":\"https:\/\/vwdtest.com\/hu\/i-bleed-a-lot\/#breadcrumb\",\"itemListElement\":[{\"@type\":\"ListItem\",\"position\":1,\"name\":\"Home\",\"item\":\"https:\/\/vwdtest.com\/hu\/\"},{\"@type\":\"ListItem\",\"position\":2,\"name\":\"T\u00fal sokat v\u00e9rzek?\"}]},{\"@type\":\"WebSite\",\"@id\":\"https:\/\/vwdtest.com\/hu\/#website\",\"url\":\"https:\/\/vwdtest.com\/hu\/\",\"name\":\"Hungary\",\"description\":\"\",\"potentialAction\":[{\"@type\":\"SearchAction\",\"target\":{\"@type\":\"EntryPoint\",\"urlTemplate\":\"https:\/\/vwdtest.com\/hu\/?s={search_term_string}\"},\"query-input\":\"required name=search_term_string\"}],\"inLanguage\":\"en-US\"}]}<\/script>\n<!-- \/ Yoast SEO plugin. -->","yoast_head_json":{"title":"T\u00fal sokat v\u00e9rzek? - Hungary","robots":{"index":"noindex","follow":"follow"},"og_locale":"en_US","og_type":"article","og_title":"T\u00fal sokat v\u00e9rzek? - Hungary","og_description":"T\u00fal sokat v\u00e9rzik? Tudni akarja, hogy mi\u00e9rt van olyan sokszor orrv\u00e9rz\u00e9se? V\u00e9rzik az \u00ednye fogselyem haszn\u00e1lat vagy fogmos\u00e1s ut\u00e1n? Gyakran fedez fel v\u00e9ral\u00e1fut\u00e1sokat a test\u00e9n, \u00e9s nem eml\u00e9kszik, honnan sz\u00e1rmazhatnak? Tapasztalt-e mostan\u00e1ban t\u00falzott v\u00e9rz\u00e9st kisebb baleset vagy fogorvosi kezel\u00e9s ut\u00e1n? A legt\u00f6bb ember id\u0151nk\u00e9nt v\u00e9rzik. A v\u00e9rz\u00e9s oka v\u00e1ltoz\u00f3, de a leggyakrabban test\u00fcnk gyorsan el\u00e1ll\u00edtja [&hellip;]","og_url":"https:\/\/vwdtest.com\/hu\/i-bleed-a-lot\/","og_site_name":"Hungary","article_modified_time":"2026-01-19T14:41:44+00:00","og_image":[{"width":679,"height":976,"url":"https:\/\/vwdtest.com\/hu\/wp-content\/uploads\/sites\/63\/2023\/04\/Person-who-bleads-1.png","type":"image\/png"}],"twitter_card":"summary_large_image","twitter_misc":{"Est. reading time":"2 minutes"},"schema":{"@context":"https:\/\/schema.org","@graph":[{"@type":"WebPage","@id":"https:\/\/vwdtest.com\/hu\/i-bleed-a-lot\/","url":"https:\/\/vwdtest.com\/hu\/i-bleed-a-lot\/","name":"T\u00fal sokat v\u00e9rzek? - Hungary","isPartOf":{"@id":"https:\/\/vwdtest.com\/hu\/#website"},"datePublished":"2023-04-27T12:33:04+00:00","dateModified":"2026-01-19T14:41:44+00:00","breadcrumb":{"@id":"https:\/\/vwdtest.com\/hu\/i-bleed-a-lot\/#breadcrumb"},"inLanguage":"en-US","potentialAction":[{"@type":"ReadAction","target":["https:\/\/vwdtest.com\/hu\/i-bleed-a-lot\/"]}]},{"@type":"BreadcrumbList","@id":"https:\/\/vwdtest.com\/hu\/i-bleed-a-lot\/#breadcrumb","itemListElement":[{"@type":"ListItem","position":1,"name":"Home","item":"https:\/\/vwdtest.com\/hu\/"},{"@type":"ListItem","position":2,"name":"T\u00fal sokat v\u00e9rzek?"}]},{"@type":"WebSite","@id":"https:\/\/vwdtest.com\/hu\/#website","url":"https:\/\/vwdtest.com\/hu\/","name":"Hungary","description":"","potentialAction":[{"@type":"SearchAction","target":{"@type":"EntryPoint","urlTemplate":"https:\/\/vwdtest.com\/hu\/?s={search_term_string}"},"query-input":"required name=search_term_string"}],"inLanguage":"en-US"}]}},"_links":{"self":[{"href":"https:\/\/vwdtest.com\/hu\/wp-json\/wp\/v2\/pages\/795"}],"collection":[{"href":"https:\/\/vwdtest.com\/hu\/wp-json\/wp\/v2\/pages"}],"about":[{"href":"https:\/\/vwdtest.com\/hu\/wp-json\/wp\/v2\/types\/page"}],"author":[{"embeddable":true,"href":"https:\/\/vwdtest.com\/hu\/wp-json\/wp\/v2\/users\/1"}],"replies":[{"embeddable":true,"href":"https:\/\/vwdtest.com\/hu\/wp-json\/wp\/v2\/comments?post=795"}],"version-history":[{"count":96,"href":"https:\/\/vwdtest.com\/hu\/wp-json\/wp\/v2\/pages\/795\/revisions"}],"predecessor-version":[{"id":4176,"href":"https:\/\/vwdtest.com\/hu\/wp-json\/wp\/v2\/pages\/795\/revisions\/4176"}],"wp:featuredmedia":[{"embeddable":true,"href":"https:\/\/vwdtest.com\/hu\/wp-json\/wp\/v2\/media\/788"}],"wp:attachment":[{"href":"https:\/\/vwdtest.com\/hu\/wp-json\/wp\/v2\/media?parent=795"}],"curies":[{"name":"wp","href":"https:\/\/api.w.org\/{rel}","templated":true}]}}