{"id":460,"date":"2025-03-19T14:51:06","date_gmt":"2025-03-19T14:51:06","guid":{"rendered":"https:\/\/new.vwdtest.com\/hu\/?page_id=460"},"modified":"2026-03-30T09:32:40","modified_gmt":"2026-03-30T09:32:40","slug":"heavy-periods","status":"publish","type":"page","link":"https:\/\/vwdtest.com\/hu\/heavy-periods\/","title":{"rendered":"Er\u0151sek a menstru\u00e1ci\u00f3s v\u00e9rz\u00e9seim"},"content":{"rendered":"<div class=\"default-block container\">\n<h3>T\u00fal er\u0151s a menstru\u00e1ci\u00f3ja, vagy t\u00fal sok\u00e1ig tart?<\/h3>\n<\/div>\n\n<div class=\"default-block container\">\n<figure class=\"wp-block-video\"><video autoplay controls muted preload=\"auto\" src=\"https:\/\/vwdtest.com\/hu\/wp-content\/uploads\/sites\/63\/2026\/03\/VWD-Bleeding-girl_720.mp4\" playsinline><\/video><\/figure>\n<\/div>\n\n<div class=\"default-block container\">\n<p>Ha b\u00e1rmelyik k\u00e9rd\u00e9sre \u201eigen\u201d a v\u00e1lasza, elk\u00e9pzelhet\u0151, hogy <a href=\"https:\/\/vwdtest.com\/hu\/bleeding-symptoms\/\" data-type=\"page\" data-id=\"69\">er\u0151s menstru\u00e1ci\u00f3s v\u00e9rz\u00e9sben<\/a> szenved. Az er\u0151s menstru\u00e1ci\u00f3s v\u00e9rz\u00e9s, vagy menorrhagia, viszonylag gyakori, \u00e9s jelent\u0151sen befoly\u00e1solhatja mindennapi \u00e9let\u00e9t, <a href=\"\/hu\/i-live-with-vwd\/#mental-health\">fizikai vagy ment\u00e1lis eg\u00e9szs\u00e9g\u00e9t<\/a>. K\u00f6r\u00fclbel\u00fcl minden 4. n\u0151 \u00e9s l\u00e1ny tapasztal er\u0151s menstru\u00e1ci\u00f3s v\u00e9rz\u00e9s t\u00fcneteit \u00e9lete sor\u00e1n. B\u00e1r az er\u0151s menstru\u00e1ci\u00f3s v\u00e9rz\u00e9s gyakori, gyakran figyelmen k\u00edv\u00fcl hagyj\u00e1k. Ez azt jelenti, hogy sok n\u0151 \u00e9s l\u00e1ny feleslegesen szenved, mivel az er\u0151s menstru\u00e1ci\u00f3s v\u00e9rz\u00e9s kezelhet\u0151.<sup>1-3<\/sup><\/p>\n<\/div>\n\n<img decoding=\"async\" src=\"https:\/\/vwdtest.com\/hu\/wp-content\/uploads\/sites\/63\/2023\/02\/periods.webp\" alt=\"Er\u0151sek a menstru\u00e1ci\u00f3s v\u00e9rz\u00e9seim\" class=\"page_thumbnail d-xl-none\">\r\n\n\n<div class=\"default-block container\">\n<h3>Az er\u0151s menstru\u00e1ci\u00f3s v\u00e9rz\u00e9s okai<\/h3>\n<\/div>\n\n<div class=\"default-block container\">\n<p>Az <a href=\"https:\/\/vwdtest.com\/hu\/bleeding-symptoms\/\" data-type=\"page\" data-id=\"69\">er\u0151s menstru\u00e1ci\u00f3s v\u00e9rz\u00e9s<\/a> m\u00f6g\u00f6tt sz\u00e1mos lehets\u00e9ges ok \u00e1llhat. A pontos ok ismerete fontos a megfelel\u0151 kezel\u00e9s kiv\u00e1laszt\u00e1s\u00e1hoz.<sup>3<\/sup> Az er\u0151s menstru\u00e1ci\u00f3s v\u00e9rz\u00e9ses n\u0151k k\u00f6z\u00fcl k\u00f6r\u00fclbel\u00fcl minden 5. n\u0151nek van valamilyen v\u00e9rz\u00e9si rendelleness\u00e9ge. A leggyakoribb v\u00e9rz\u00e9si rendelleness\u00e9g a <a href=\"https:\/\/vwdtest.com\/hu\/von-willebrand-disease\/\" data-type=\"page\" data-id=\"19\">von Willebrand-betegs\u00e9g (VWD)<\/a>. Szinte minden n\u0151, aki VWD-ben szenved, er\u0151s menstru\u00e1ci\u00f3s v\u00e9rz\u00e9st tapasztal. Sajnos a VWD gyakran figyelmen k\u00edv\u00fcl marad, mint az er\u0151s menstru\u00e1ci\u00f3s v\u00e9rz\u00e9s oka. Ezen k\u00edv\u00fcl egyes kezel\u00e9sek, amelyek az er\u0151s menstru\u00e1ci\u00f3s v\u00e9rz\u00e9st kontroll\u00e1lj\u00e1k, nem v\u00e9dik meg a VWD-s n\u0151ket a betegs\u00e9g egy\u00e9b sz\u00f6v\u0151dm\u00e9nyeit\u0151l. Diagn\u00f3zis hi\u00e1ny\u00e1ban ezek a n\u0151k tov\u00e1bbra is vesz\u00e9lyeztetettek a t\u00falzott v\u00e9rz\u00e9ssel a terhess\u00e9g alatt, valamint a <a href=\"\/hu\/i-live-with-vwd\/#childbirth\">sz\u00fcl\u00e9s<\/a> alatt \u00e9s ut\u00e1n. A VWD kezelhet\u0151, ez\u00e9rt ha a diagn\u00f3zist m\u00e9g a terhess\u00e9g el\u0151tt fel\u00e1ll\u00edtj\u00e1k, a v\u00e9rz\u00e9s kontroll\u00e1lhat\u00f3, \u00e9s a VWD-s n\u0151k norm\u00e1l terhess\u00e9get \u00e9lhetnek meg.<sup>2,4<\/sup><\/p>\n<\/div>\n\n<div class=\"default-block container\">\n<h3>Lehet, hogy nem csak \u00d6n szenved er\u0151s menstru\u00e1ci\u00f3s v\u00e9rz\u00e9st\u0151l a csal\u00e1dj\u00e1ban<\/h3>\n<\/div>\n\n<div class=\"default-block container\">\n<p>Ha nem biztos a menstru\u00e1ci\u00f3j\u00e1ban, lehet, hogy m\u00e1s n\u0151kkel is besz\u00e9lt a csal\u00e1dj\u00e1ban. Az \u00e9desanyja, egy nagyn\u00e9nje vagy egy n\u0151v\u00e9re hasonl\u00f3 v\u00e9rz\u00e9st tapasztalhat, \u00e9s azt mondhatja, hogy az \u00d6n menstru\u00e1ci\u00f3ja norm\u00e1lis. Azonban ez nem mindig igaz. Az er\u0151s menstru\u00e1ci\u00f3s v\u00e9rz\u00e9s t\u00f6bbek k\u00f6z\u00f6tt \u00f6r\u00f6kletes v\u00e9rz\u00e9si rendelleness\u00e9gek miatt is el\u0151fordulhat.<sup>2,3<\/sup> Ezek a rendelleness\u00e9gek t\u00f6bb csal\u00e1dtagot is \u00e9rinthetnek. Ha a menstru\u00e1ci\u00f3ja befoly\u00e1solja a mindennapi \u00e9let\u00e9t \u00e9s k\u00f6z\u00e9rzet\u00e9t, javasoljuk, hogy besz\u00e9ljen orvos\u00e1val a v\u00e9rz\u00e9sr\u0151l.<\/p>\n<\/div>\n\n<div class=\"default-block container\">\n<h3>Tudja meg, hogy a v\u00e9rz\u00e9se norm\u00e1lis-e<\/h3>\n<\/div>\n\n<div class=\"default-block container\">\n<p><em>Mennyire sz\u00e1m\u00edt t\u00falz\u00e1snak a v\u00e9rz\u00e9s?<\/em> Ezt a k\u00e9rd\u00e9st n\u00e9ha neh\u00e9z megv\u00e1laszolni. Az er\u0151s menstru\u00e1ci\u00f3s v\u00e9rz\u00e9s tipikus jelei k\u00f6z\u00e9 tartozik a h\u00e9t napn\u00e1l hosszabb v\u00e9rz\u00e9s, az, hogy minden p\u00e1r \u00f3r\u00e1ban cser\u00e9lni kell a bet\u00e9tet vagy tampont, a v\u00e9rz\u00e9s \u00e1tsziv\u00e1rg\u00e1sa a ruh\u00e1kra vagy az \u00e1gynem\u0171re, valamint a nagy v\u00e9r\u00f6mlenyek \u00e1tjut\u00e1sa.<sup>5<\/sup> Annak \u00e9rdek\u00e9ben, hogy t\u00f6bbet tudjon meg a menstru\u00e1ci\u00f3s v\u00e9rz\u00e9s\u00e9r\u0151l, a tud\u00f3sok kifejlesztettek egy <a href=\"#\" id=\"showPdf\">egyszer\u0171 pontoz\u00f3lapot<\/a>. Ezen a lapon feljegyezheti, h\u00e1ny higi\u00e9niai term\u00e9ket haszn\u00e1l naponta. Ez az inform\u00e1ci\u00f3 seg\u00edthet \u00d6nnek \u00e9s orvos\u00e1nak meg\u00e1llap\u00edtani, hogy er\u0151s menstru\u00e1ci\u00f3s v\u00e9rz\u00e9se van-e.<sup>6<\/sup><\/p>\n<\/div>\n\n<div class=\"default-block container\">\n<div style=\"height:30px\" aria-hidden=\"true\" class=\"wp-block-spacer\"><\/div>\n<\/div>\n\n<div class=\"default-block container\">\n<div class=\"is-content-justification-right is-layout-flex wp-container-1 wp-block-buttons\">\n<div class=\"wp-block-button download\"><a class=\"wp-block-button__link wp-element-button\" href=\"https:\/\/vwdtest.com\/hu\/wp-content\/uploads\/sites\/63\/2025\/09\/PBAC-0025-HU.pdf\" target=\"_blank\" rel=\"noreferrer noopener\" download>T\u00f6ltse le a pontoz\u00f3lapot<\/a><\/div>\n<\/div>\n<\/div>\n\n<div class=\"default-block container\">\n<div style=\"height:60px\" aria-hidden=\"true\" class=\"wp-block-spacer\"><\/div>\n<\/div>\n\n<div class=\"default-block container\">\n<p><em>Tapasztal egy\u00e9b v\u00e9rz\u00e9si t\u00fcneteket is?<\/em> N\u00e9ha azok a n\u0151k \u00e9s l\u00e1nyok, akik er\u0151s menstru\u00e1ci\u00f3s v\u00e9rz\u00e9sben szenvednek, gyakran v\u00e9rzenek az <a href=\"https:\/\/vwdtest.com\/hu\/bleeding-symptoms\/#nosebleed\" data-type=\"page\" data-id=\"69\">orrukb\u00f3l<\/a> vagy az <a href=\"https:\/\/vwdtest.com\/hu\/bleeding-symptoms\/#oral-bleed\" data-type=\"page\" data-id=\"69\">\u00edny\u00fckb\u0151l<\/a> is. A v\u00e9rvesztes\u00e9g <a href=\"https:\/\/vwdtest.com\/hu\/bleeding-symptoms\/#fatigue\" data-type=\"page\" data-id=\"69\">vashi\u00e1nyhoz \u00e9s v\u00e9rszeg\u00e9nys\u00e9ghez<\/a> vezethet, ami f\u00e1radts\u00e1got \u00e9s kimer\u00fclts\u00e9get okozhat. Ha b\u00e1rmelyik ilyen t\u00fcnetet tapasztalta, vagy v\u00e9rzett fogh\u00faz\u00e1s vagy m\u00e1s kisebb m\u0171t\u00e9ti beavatkoz\u00e1s ut\u00e1n, javasoljuk, hogy v\u00e9gezze el <a href=\"https:\/\/vwdtest.com\/hu\/take-test\/\" data-type=\"page\" data-id=\"58\">v\u00e9rz\u00e9si teszt\u00fcnket<\/a>. A kutat\u00f3k ezt a tesztet annak \u00e9rdek\u00e9ben fejlesztett\u00e9k ki, hogy seg\u00edtsen kider\u00edteni, hogy a v\u00e9rz\u00e9se norm\u00e1lis-e vagy sem.<sup>2<\/sup> Csak n\u00e9h\u00e1ny percet vesz ig\u00e9nybe, \u00e9s megmondja, hogy orvoshoz kell-e fordulnia a v\u00e9rz\u00e9s miatt. Ez k\u00fcl\u00f6n\u00f6sen fontos lehet, ha m\u0171t\u00e9t el\u0151tt \u00e1ll.<\/p>\n<\/div>\n\n<div class=\"default-block container\">\n<div style=\"height:30px\" aria-hidden=\"true\" class=\"wp-block-spacer\"><\/div>\n<\/div>\n\n<div class=\"default-block container\">\n<div class=\"is-content-justification-right is-layout-flex wp-container-2 wp-block-buttons\">\n<div class=\"wp-block-button take-test\"><a class=\"wp-block-button__link wp-element-button\" href=\"\/hu\/take-test\">T\u00f6ltse ki a tesztet<\/a><\/div>\n<\/div>\n<\/div>\n\n<div class=\"default-block container\">\n<h6>Referenci\u00e1k<\/h6>\n<\/div>\n\n<div class=\"default-block container\">\n<ol type=\"1\"><div class=\"default-block container\">\n<li>Fraser IS et al. <em>Int J Gynaecol Obstet <\/em>2015; 128:196-200.<\/li>\n<\/div>\n\n<div class=\"default-block container\">\n<li>Corrales-Medina FF et al. <em>Blood Rev <\/em>2022; 101018. <\/li>\n<\/div>\n\n<div class=\"default-block container\">\n<li><a href=\"https:\/\/www.acog.org\/womens-health\/faqs\/heavy-menstrual-bleeding\">https:\/\/www.acog.org\/womens-health\/faqs\/heavy-menstrual-bleeding<\/a>; last accessed Jan 2023.<\/li>\n<\/div>\n\n<div class=\"default-block container\">\n<li><a href=\"https:\/\/www.cdc.gov\/ncbddd\/vwd\/women.html\">https:\/\/www.cdc.gov\/ncbddd\/vwd\/women.html<\/a>; last accessed Jan 2023.<\/li>\n<\/div>\n\n<div class=\"default-block container\">\n<li><a href=\"https:\/\/www.nhs.uk\/conditions\/heavy-periods\/\">https:\/\/www.nhs.uk\/conditions\/heavy-periods\/<\/a>; last accessed Jan 2023.<\/li>\n<\/div>\n\n<div class=\"default-block container\">\n<li>Higham JM et al. <em>Br J Obstet Gynaecol <\/em>1990; 97:734-9.<\/li>\n<\/div><\/ol>\n<\/div>","protected":false},"excerpt":{"rendered":"<p>T\u00fal er\u0151s a menstru\u00e1ci\u00f3ja, vagy t\u00fal sok\u00e1ig tart? Ha b\u00e1rmelyik k\u00e9rd\u00e9sre \u201eigen\u201d a v\u00e1lasza, elk\u00e9pzelhet\u0151, hogy er\u0151s menstru\u00e1ci\u00f3s v\u00e9rz\u00e9sben szenved. Az er\u0151s menstru\u00e1ci\u00f3s v\u00e9rz\u00e9s, vagy menorrhagia, viszonylag gyakori, \u00e9s jelent\u0151sen befoly\u00e1solhatja mindennapi \u00e9let\u00e9t, fizikai vagy ment\u00e1lis eg\u00e9szs\u00e9g\u00e9t. K\u00f6r\u00fclbel\u00fcl minden 4. n\u0151 \u00e9s l\u00e1ny tapasztal er\u0151s menstru\u00e1ci\u00f3s v\u00e9rz\u00e9s t\u00fcneteit \u00e9lete sor\u00e1n. B\u00e1r az er\u0151s menstru\u00e1ci\u00f3s v\u00e9rz\u00e9s [&hellip;]<\/p>\n","protected":false},"author":1,"featured_media":227,"parent":0,"menu_order":0,"comment_status":"closed","ping_status":"closed","template":"","meta":{"inline_featured_image":false},"acf":[],"yoast_head":"<!-- This site is optimized with the Yoast SEO plugin v20.4 - https:\/\/yoast.com\/wordpress\/plugins\/seo\/ -->\n<title>Er\u0151sek a menstru\u00e1ci\u00f3s v\u00e9rz\u00e9seim - Hungary<\/title>\n<meta name=\"robots\" content=\"noindex, follow\" \/>\n<meta property=\"og:locale\" content=\"en_US\" \/>\n<meta property=\"og:type\" content=\"article\" \/>\n<meta property=\"og:title\" content=\"Er\u0151sek a menstru\u00e1ci\u00f3s v\u00e9rz\u00e9seim - Hungary\" \/>\n<meta property=\"og:description\" content=\"T\u00fal er\u0151s a menstru\u00e1ci\u00f3ja, vagy t\u00fal sok\u00e1ig tart? Ha b\u00e1rmelyik k\u00e9rd\u00e9sre \u201eigen\u201d a v\u00e1lasza, elk\u00e9pzelhet\u0151, hogy er\u0151s menstru\u00e1ci\u00f3s v\u00e9rz\u00e9sben szenved. Az er\u0151s menstru\u00e1ci\u00f3s v\u00e9rz\u00e9s, vagy menorrhagia, viszonylag gyakori, \u00e9s jelent\u0151sen befoly\u00e1solhatja mindennapi \u00e9let\u00e9t, fizikai vagy ment\u00e1lis eg\u00e9szs\u00e9g\u00e9t. K\u00f6r\u00fclbel\u00fcl minden 4. n\u0151 \u00e9s l\u00e1ny tapasztal er\u0151s menstru\u00e1ci\u00f3s v\u00e9rz\u00e9s t\u00fcneteit \u00e9lete sor\u00e1n. B\u00e1r az er\u0151s menstru\u00e1ci\u00f3s v\u00e9rz\u00e9s [&hellip;]\" \/>\n<meta property=\"og:url\" content=\"https:\/\/vwdtest.com\/hu\/heavy-periods\/\" \/>\n<meta property=\"og:site_name\" content=\"Hungary\" \/>\n<meta property=\"article:modified_time\" content=\"2026-03-30T09:32:40+00:00\" \/>\n<meta property=\"og:image\" content=\"https:\/\/vwdtest.com\/hu\/wp-content\/uploads\/sites\/63\/2023\/02\/periods.webp\" \/>\n\t<meta property=\"og:image:width\" content=\"674\" \/>\n\t<meta property=\"og:image:height\" content=\"929\" \/>\n\t<meta property=\"og:image:type\" content=\"image\/webp\" \/>\n<meta name=\"twitter:card\" content=\"summary_large_image\" \/>\n<meta name=\"twitter:label1\" content=\"Est. reading time\" \/>\n\t<meta name=\"twitter:data1\" content=\"3 minutes\" \/>\n<script type=\"application\/ld+json\" class=\"yoast-schema-graph\">{\"@context\":\"https:\/\/schema.org\",\"@graph\":[{\"@type\":\"WebPage\",\"@id\":\"https:\/\/vwdtest.com\/hu\/heavy-periods\/\",\"url\":\"https:\/\/vwdtest.com\/hu\/heavy-periods\/\",\"name\":\"Er\u0151sek a menstru\u00e1ci\u00f3s v\u00e9rz\u00e9seim - Hungary\",\"isPartOf\":{\"@id\":\"https:\/\/vwdtest.com\/hu\/#website\"},\"datePublished\":\"2025-03-19T14:51:06+00:00\",\"dateModified\":\"2026-03-30T09:32:40+00:00\",\"breadcrumb\":{\"@id\":\"https:\/\/vwdtest.com\/hu\/heavy-periods\/#breadcrumb\"},\"inLanguage\":\"en-US\",\"potentialAction\":[{\"@type\":\"ReadAction\",\"target\":[\"https:\/\/vwdtest.com\/hu\/heavy-periods\/\"]}]},{\"@type\":\"BreadcrumbList\",\"@id\":\"https:\/\/vwdtest.com\/hu\/heavy-periods\/#breadcrumb\",\"itemListElement\":[{\"@type\":\"ListItem\",\"position\":1,\"name\":\"Home\",\"item\":\"https:\/\/vwdtest.com\/hu\/\"},{\"@type\":\"ListItem\",\"position\":2,\"name\":\"Er\u0151sek a menstru\u00e1ci\u00f3s v\u00e9rz\u00e9seim\"}]},{\"@type\":\"WebSite\",\"@id\":\"https:\/\/vwdtest.com\/hu\/#website\",\"url\":\"https:\/\/vwdtest.com\/hu\/\",\"name\":\"Hungary\",\"description\":\"\",\"potentialAction\":[{\"@type\":\"SearchAction\",\"target\":{\"@type\":\"EntryPoint\",\"urlTemplate\":\"https:\/\/vwdtest.com\/hu\/?s={search_term_string}\"},\"query-input\":\"required name=search_term_string\"}],\"inLanguage\":\"en-US\"}]}<\/script>\n<!-- \/ Yoast SEO plugin. -->","yoast_head_json":{"title":"Er\u0151sek a menstru\u00e1ci\u00f3s v\u00e9rz\u00e9seim - Hungary","robots":{"index":"noindex","follow":"follow"},"og_locale":"en_US","og_type":"article","og_title":"Er\u0151sek a menstru\u00e1ci\u00f3s v\u00e9rz\u00e9seim - Hungary","og_description":"T\u00fal er\u0151s a menstru\u00e1ci\u00f3ja, vagy t\u00fal sok\u00e1ig tart? Ha b\u00e1rmelyik k\u00e9rd\u00e9sre \u201eigen\u201d a v\u00e1lasza, elk\u00e9pzelhet\u0151, hogy er\u0151s menstru\u00e1ci\u00f3s v\u00e9rz\u00e9sben szenved. Az er\u0151s menstru\u00e1ci\u00f3s v\u00e9rz\u00e9s, vagy menorrhagia, viszonylag gyakori, \u00e9s jelent\u0151sen befoly\u00e1solhatja mindennapi \u00e9let\u00e9t, fizikai vagy ment\u00e1lis eg\u00e9szs\u00e9g\u00e9t. K\u00f6r\u00fclbel\u00fcl minden 4. n\u0151 \u00e9s l\u00e1ny tapasztal er\u0151s menstru\u00e1ci\u00f3s v\u00e9rz\u00e9s t\u00fcneteit \u00e9lete sor\u00e1n. B\u00e1r az er\u0151s menstru\u00e1ci\u00f3s v\u00e9rz\u00e9s [&hellip;]","og_url":"https:\/\/vwdtest.com\/hu\/heavy-periods\/","og_site_name":"Hungary","article_modified_time":"2026-03-30T09:32:40+00:00","og_image":[{"width":674,"height":929,"url":"https:\/\/vwdtest.com\/hu\/wp-content\/uploads\/sites\/63\/2023\/02\/periods.webp","type":"image\/webp"}],"twitter_card":"summary_large_image","twitter_misc":{"Est. reading time":"3 minutes"},"schema":{"@context":"https:\/\/schema.org","@graph":[{"@type":"WebPage","@id":"https:\/\/vwdtest.com\/hu\/heavy-periods\/","url":"https:\/\/vwdtest.com\/hu\/heavy-periods\/","name":"Er\u0151sek a menstru\u00e1ci\u00f3s v\u00e9rz\u00e9seim - Hungary","isPartOf":{"@id":"https:\/\/vwdtest.com\/hu\/#website"},"datePublished":"2025-03-19T14:51:06+00:00","dateModified":"2026-03-30T09:32:40+00:00","breadcrumb":{"@id":"https:\/\/vwdtest.com\/hu\/heavy-periods\/#breadcrumb"},"inLanguage":"en-US","potentialAction":[{"@type":"ReadAction","target":["https:\/\/vwdtest.com\/hu\/heavy-periods\/"]}]},{"@type":"BreadcrumbList","@id":"https:\/\/vwdtest.com\/hu\/heavy-periods\/#breadcrumb","itemListElement":[{"@type":"ListItem","position":1,"name":"Home","item":"https:\/\/vwdtest.com\/hu\/"},{"@type":"ListItem","position":2,"name":"Er\u0151sek a menstru\u00e1ci\u00f3s v\u00e9rz\u00e9seim"}]},{"@type":"WebSite","@id":"https:\/\/vwdtest.com\/hu\/#website","url":"https:\/\/vwdtest.com\/hu\/","name":"Hungary","description":"","potentialAction":[{"@type":"SearchAction","target":{"@type":"EntryPoint","urlTemplate":"https:\/\/vwdtest.com\/hu\/?s={search_term_string}"},"query-input":"required name=search_term_string"}],"inLanguage":"en-US"}]}},"_links":{"self":[{"href":"https:\/\/vwdtest.com\/hu\/wp-json\/wp\/v2\/pages\/460"}],"collection":[{"href":"https:\/\/vwdtest.com\/hu\/wp-json\/wp\/v2\/pages"}],"about":[{"href":"https:\/\/vwdtest.com\/hu\/wp-json\/wp\/v2\/types\/page"}],"author":[{"embeddable":true,"href":"https:\/\/vwdtest.com\/hu\/wp-json\/wp\/v2\/users\/1"}],"replies":[{"embeddable":true,"href":"https:\/\/vwdtest.com\/hu\/wp-json\/wp\/v2\/comments?post=460"}],"version-history":[{"count":48,"href":"https:\/\/vwdtest.com\/hu\/wp-json\/wp\/v2\/pages\/460\/revisions"}],"predecessor-version":[{"id":4234,"href":"https:\/\/vwdtest.com\/hu\/wp-json\/wp\/v2\/pages\/460\/revisions\/4234"}],"wp:featuredmedia":[{"embeddable":true,"href":"https:\/\/vwdtest.com\/hu\/wp-json\/wp\/v2\/media\/227"}],"wp:attachment":[{"href":"https:\/\/vwdtest.com\/hu\/wp-json\/wp\/v2\/media?parent=460"}],"curies":[{"name":"wp","href":"https:\/\/api.w.org\/{rel}","templated":true}]}}