{"id":3,"date":"2023-02-13T11:33:55","date_gmt":"2023-02-13T11:33:55","guid":{"rendered":"https:\/\/new.vwdtest.com\/hu\/?page_id=3"},"modified":"2026-01-04T15:16:43","modified_gmt":"2026-01-04T15:16:43","slug":"privacy-policy","status":"publish","type":"page","link":"https:\/\/vwdtest.com\/hu\/privacy-policy\/","title":{"rendered":"Adatv\u00e9delmi t\u00e1j\u00e9koztat\u00f3"},"content":{"rendered":"<div class=\"default-block container\">\n<p>A <a href=\"http:\/\/www.vwdtest.com\/hu\">www.vwdtest.com\/hu<\/a> egy online szolg\u00e1ltat\u00e1s, amelyet az Octapharma AG (Seidenstrasse 2, 8853 Lachen, Sv\u00e1jc; a tov\u00e1bbiakban: \u201eOctapharma\u201d vagy \u201emi\u201d vagy \u201eminket\u201d) finansz\u00edroz \u00e9s m\u0171k\u00f6dtet, egy VWD-specialist\u00e1kb\u00f3l \u00e9s szak\u00e9rt\u0151kb\u0151l \u00e1ll\u00f3 bizotts\u00e1g fel\u00fcgyelete alatt.<\/p>\n<\/div>\n\n<div class=\"default-block container\">\n<p>Ez a dedik\u00e1lt bizotts\u00e1g, bele\u00e9rtve az Octapharm\u00e1t is, tiszteletben tartja az egy\u00e9nek szem\u00e9lyes adataikhoz f\u0171z\u0151d\u0151 jogait. Jelen Adatv\u00e9delmi nyilatkozat (\u201enyilatkozat\u201d) ismerteti, hogyan ker\u00fclnek feldolgoz\u00e1sra az \u00d6n szem\u00e9lyes adatai, amikor megl\u00e1togatja a <a href=\"http:\/\/www.vwdtest.com\/hu\">www.vwdtest.com\/hu<\/a> weboldalt.<\/p>\n<\/div>\n\n<div class=\"default-block container\">\n<p>Az Octapharma Pharmazeutika Produktionsgesellschaft m.b.H. (Oberlaaer Strasse 235, 1100 B\u00e9cs, Ausztria) az EU\/EGT ter\u00fclet\u00e9n az \u00c1ltal\u00e1nos Adatv\u00e9delmi Rendelet (GDPR) 27. cikke alapj\u00e1n kijel\u00f6lt k\u00e9pvisel\u0151nk.<\/p>\n<\/div>\n\n<div class=\"default-block container\">\n<h2>Inform\u00e1ci\u00f3gy\u0171jt\u00e9s<\/h2>\n<\/div>\n\n<div class=\"default-block container\">\n<p>A <a href=\"http:\/\/www.vwdtest.com\/hu\">www.vwdtest.com\/hu<\/a> megfelel\u0151 m\u0171k\u00f6dtet\u00e9se \u00e9rdek\u00e9ben bizonyos inform\u00e1ci\u00f3k napl\u00f3z\u00e1sra ker\u00fclhetnek, \u00e9s a l\u00e1togat\u00e1sok kategoriz\u00e1lhat\u00f3k olyan adatok alapj\u00e1n, mint a domain n\u00e9v, a b\u00f6ng\u00e9sz\u0151 t\u00edpusa \u00e9s verzi\u00f3ja, a vwdtest.com\/hu weboldalon megl\u00e1togatott oldalak, valamint az URL-c\u00edm, amelyre a felhaszn\u00e1l\u00f3 a vwdtest.com\/hu elhagy\u00e1sa ut\u00e1n tov\u00e1bbhalad. Mindez a weboldal teljes\u00edtm\u00e9ny\u00e9nek folyamatos jav\u00edt\u00e1sa \u00e9rdek\u00e9ben t\u00f6rt\u00e9nik. Ezeket az inform\u00e1ci\u00f3kat kiz\u00e1r\u00f3lag \u00f6sszes\u00edtett form\u00e1ban haszn\u00e1ljuk fel, \u00e9s a szem\u00e9lyes adatok ennek megfelel\u0151en anonimiz\u00e1l\u00e1sra ker\u00fclnek.<\/p>\n<\/div>\n\n<div class=\"default-block container\">\n<h2>Szem\u00e9lyes adatok nyilv\u00e1noss\u00e1gra hozatala \u00e9s felhaszn\u00e1l\u00e1sa<\/h2>\n<\/div>\n\n<div class=\"default-block container\">\n<p>Az inform\u00e1ci\u00f3kat harmadik felek sz\u00e1m\u00e1ra nem adjuk ki, kiv\u00e9ve abban az esetben, ha a harmadik f\u00e9l olyan besz\u00e1ll\u00edt\u00f3 vagy alv\u00e1llalkoz\u00f3, aki r\u00e9szt vesz az egy\u00e9ni inform\u00e1ci\u00f3k\u00e9r\u00e9s teljes\u00edt\u00e9s\u00e9ben a vwdtest.com\/hu weboldalon, vagy aki r\u00e9szt vesz a <a href=\"http:\/\/www.vwdtest.com\/hu\">www.vwdtest.com\/hu<\/a> fejleszt\u00e9s\u00e9ben \u00e9s m\u0171k\u00f6dtet\u00e9s\u00e9ben.<\/p>\n<\/div>\n\n<div class=\"default-block container\">\n<h2>Az \u00d6n jogai<\/h2>\n<\/div>\n\n<div class=\"default-block container\">\n<p>Ha agg\u00e1lyai mer\u00fclnek fel szem\u00e9lyes adataival kapcsolatban a <a href=\"http:\/\/www.vwdtest.com\/hu\">www.vwdtest.com\/hu<\/a> weboldal l\u00e1togat\u00e1sa sor\u00e1n, k\u00e9rheti, hogy t\u00e1j\u00e9koztassuk az \u00d6nr\u0151l t\u00e1rolt \u00e9s feldolgozott adatokr\u00f3l. Ezenk\u00edv\u00fcl joga van k\u00e9rni szem\u00e9lyes adatainak z\u00e1rol\u00e1s\u00e1t vagy t\u00f6rl\u00e9s\u00e9t (kiv\u00e9ve, ha a vonatkoz\u00f3 jogszab\u00e1lyok \u00e9s el\u0151\u00edr\u00e1sok az adatok meg\u0151rz\u00e9s\u00e9t \u00edrj\u00e1k el\u0151), tiltakozhat adatai feldolgoz\u00e1sa ellen, k\u00e9rheti a pontatlan adatok helyesb\u00edt\u00e9s\u00e9t, valamint jogosult adatait egy harmadik f\u00e9l r\u00e9sz\u00e9re tov\u00e1bb\u00edttatni. Amennyiben alkalmazand\u00f3, joga van panaszt beny\u00fajtani egy fel\u00fcgyeleti hat\u00f3s\u00e1gn\u00e1l is.<\/p>\n<\/div>\n\n<div class=\"default-block container\">\n<p>Ha b\u00e1rmilyen tov\u00e1bbi k\u00e9rd\u00e9se vagy agg\u00e1lya mer\u00fcl fel ezzel az adatv\u00e9delmi nyilatkozattal kapcsolatban, vagy szeretn\u00e9 adatait t\u00f6r\u00f6ltetni adatb\u00e1zisunkb\u00f3l, k\u00e9rj\u00fck, k\u00fcldj\u00f6n e-mailt az al\u00e1bbi c\u00edmre:&nbsp;<a href=\"mailto:dataprivacy@octapharma.com\" target=\"_blank\" rel=\"noreferrer noopener\">dataprivacy@octapharma.com<\/a>.<\/p>\n<\/div>\n\n<div class=\"default-block container\">\n<p>Fenntartjuk a jogot, hogy ezt a nyilatkozatot b\u00e1rmikor friss\u00edts\u00fck vagy m\u00f3dos\u00edtsuk a weboldalon k\u00f6zz\u00e9tett \u00faj v\u00e1ltozat \u00fatj\u00e1n.<\/p>\n<\/div>","protected":false},"excerpt":{"rendered":"<p>A www.vwdtest.com\/hu egy online szolg\u00e1ltat\u00e1s, amelyet az Octapharma AG (Seidenstrasse 2, 8853 Lachen, Sv\u00e1jc; a tov\u00e1bbiakban: \u201eOctapharma\u201d vagy \u201emi\u201d vagy \u201eminket\u201d) finansz\u00edroz \u00e9s m\u0171k\u00f6dtet, egy VWD-specialist\u00e1kb\u00f3l \u00e9s szak\u00e9rt\u0151kb\u0151l \u00e1ll\u00f3 bizotts\u00e1g fel\u00fcgyelete alatt. Ez a dedik\u00e1lt bizotts\u00e1g, bele\u00e9rtve az Octapharm\u00e1t is, tiszteletben tartja az egy\u00e9nek szem\u00e9lyes adataikhoz f\u0171z\u0151d\u0151 jogait. Jelen Adatv\u00e9delmi nyilatkozat (\u201enyilatkozat\u201d) ismerteti, hogyan ker\u00fclnek [&hellip;]<\/p>\n","protected":false},"author":1,"featured_media":0,"parent":0,"menu_order":0,"comment_status":"closed","ping_status":"open","template":"front-page.php","meta":{"inline_featured_image":false},"acf":[],"yoast_head":"<!-- This site is optimized with the Yoast SEO plugin v20.4 - https:\/\/yoast.com\/wordpress\/plugins\/seo\/ -->\n<title>Adatv\u00e9delmi t\u00e1j\u00e9koztat\u00f3 - Hungary<\/title>\n<meta name=\"robots\" content=\"noindex, follow\" \/>\n<meta property=\"og:locale\" content=\"en_US\" \/>\n<meta property=\"og:type\" content=\"article\" \/>\n<meta property=\"og:title\" content=\"Adatv\u00e9delmi t\u00e1j\u00e9koztat\u00f3 - Hungary\" \/>\n<meta property=\"og:description\" content=\"A www.vwdtest.com\/hu egy online szolg\u00e1ltat\u00e1s, amelyet az Octapharma AG (Seidenstrasse 2, 8853 Lachen, Sv\u00e1jc; a tov\u00e1bbiakban: \u201eOctapharma\u201d vagy \u201emi\u201d vagy \u201eminket\u201d) finansz\u00edroz \u00e9s m\u0171k\u00f6dtet, egy VWD-specialist\u00e1kb\u00f3l \u00e9s szak\u00e9rt\u0151kb\u0151l \u00e1ll\u00f3 bizotts\u00e1g fel\u00fcgyelete alatt. Ez a dedik\u00e1lt bizotts\u00e1g, bele\u00e9rtve az Octapharm\u00e1t is, tiszteletben tartja az egy\u00e9nek szem\u00e9lyes adataikhoz f\u0171z\u0151d\u0151 jogait. Jelen Adatv\u00e9delmi nyilatkozat (\u201enyilatkozat\u201d) ismerteti, hogyan ker\u00fclnek [&hellip;]\" \/>\n<meta property=\"og:url\" content=\"https:\/\/vwdtest.com\/hu\/privacy-policy\/\" \/>\n<meta property=\"og:site_name\" content=\"Hungary\" \/>\n<meta property=\"article:modified_time\" content=\"2026-01-04T15:16:43+00:00\" \/>\n<meta name=\"twitter:card\" content=\"summary_large_image\" \/>\n<meta name=\"twitter:label1\" content=\"Est. reading time\" \/>\n\t<meta name=\"twitter:data1\" content=\"2 minutes\" \/>\n<script type=\"application\/ld+json\" class=\"yoast-schema-graph\">{\"@context\":\"https:\/\/schema.org\",\"@graph\":[{\"@type\":\"WebPage\",\"@id\":\"https:\/\/vwdtest.com\/hu\/privacy-policy\/\",\"url\":\"https:\/\/vwdtest.com\/hu\/privacy-policy\/\",\"name\":\"Adatv\u00e9delmi t\u00e1j\u00e9koztat\u00f3 - Hungary\",\"isPartOf\":{\"@id\":\"https:\/\/vwdtest.com\/hu\/#website\"},\"datePublished\":\"2023-02-13T11:33:55+00:00\",\"dateModified\":\"2026-01-04T15:16:43+00:00\",\"breadcrumb\":{\"@id\":\"https:\/\/vwdtest.com\/hu\/privacy-policy\/#breadcrumb\"},\"inLanguage\":\"en-US\",\"potentialAction\":[{\"@type\":\"ReadAction\",\"target\":[\"https:\/\/vwdtest.com\/hu\/privacy-policy\/\"]}]},{\"@type\":\"BreadcrumbList\",\"@id\":\"https:\/\/vwdtest.com\/hu\/privacy-policy\/#breadcrumb\",\"itemListElement\":[{\"@type\":\"ListItem\",\"position\":1,\"name\":\"Home\",\"item\":\"https:\/\/vwdtest.com\/hu\/\"},{\"@type\":\"ListItem\",\"position\":2,\"name\":\"Adatv\u00e9delmi t\u00e1j\u00e9koztat\u00f3\"}]},{\"@type\":\"WebSite\",\"@id\":\"https:\/\/vwdtest.com\/hu\/#website\",\"url\":\"https:\/\/vwdtest.com\/hu\/\",\"name\":\"Hungary\",\"description\":\"\",\"potentialAction\":[{\"@type\":\"SearchAction\",\"target\":{\"@type\":\"EntryPoint\",\"urlTemplate\":\"https:\/\/vwdtest.com\/hu\/?s={search_term_string}\"},\"query-input\":\"required name=search_term_string\"}],\"inLanguage\":\"en-US\"}]}<\/script>\n<!-- \/ Yoast SEO plugin. -->","yoast_head_json":{"title":"Adatv\u00e9delmi t\u00e1j\u00e9koztat\u00f3 - Hungary","robots":{"index":"noindex","follow":"follow"},"og_locale":"en_US","og_type":"article","og_title":"Adatv\u00e9delmi t\u00e1j\u00e9koztat\u00f3 - Hungary","og_description":"A www.vwdtest.com\/hu egy online szolg\u00e1ltat\u00e1s, amelyet az Octapharma AG (Seidenstrasse 2, 8853 Lachen, Sv\u00e1jc; a tov\u00e1bbiakban: \u201eOctapharma\u201d vagy \u201emi\u201d vagy \u201eminket\u201d) finansz\u00edroz \u00e9s m\u0171k\u00f6dtet, egy VWD-specialist\u00e1kb\u00f3l \u00e9s szak\u00e9rt\u0151kb\u0151l \u00e1ll\u00f3 bizotts\u00e1g fel\u00fcgyelete alatt. Ez a dedik\u00e1lt bizotts\u00e1g, bele\u00e9rtve az Octapharm\u00e1t is, tiszteletben tartja az egy\u00e9nek szem\u00e9lyes adataikhoz f\u0171z\u0151d\u0151 jogait. Jelen Adatv\u00e9delmi nyilatkozat (\u201enyilatkozat\u201d) ismerteti, hogyan ker\u00fclnek [&hellip;]","og_url":"https:\/\/vwdtest.com\/hu\/privacy-policy\/","og_site_name":"Hungary","article_modified_time":"2026-01-04T15:16:43+00:00","twitter_card":"summary_large_image","twitter_misc":{"Est. reading time":"2 minutes"},"schema":{"@context":"https:\/\/schema.org","@graph":[{"@type":"WebPage","@id":"https:\/\/vwdtest.com\/hu\/privacy-policy\/","url":"https:\/\/vwdtest.com\/hu\/privacy-policy\/","name":"Adatv\u00e9delmi t\u00e1j\u00e9koztat\u00f3 - Hungary","isPartOf":{"@id":"https:\/\/vwdtest.com\/hu\/#website"},"datePublished":"2023-02-13T11:33:55+00:00","dateModified":"2026-01-04T15:16:43+00:00","breadcrumb":{"@id":"https:\/\/vwdtest.com\/hu\/privacy-policy\/#breadcrumb"},"inLanguage":"en-US","potentialAction":[{"@type":"ReadAction","target":["https:\/\/vwdtest.com\/hu\/privacy-policy\/"]}]},{"@type":"BreadcrumbList","@id":"https:\/\/vwdtest.com\/hu\/privacy-policy\/#breadcrumb","itemListElement":[{"@type":"ListItem","position":1,"name":"Home","item":"https:\/\/vwdtest.com\/hu\/"},{"@type":"ListItem","position":2,"name":"Adatv\u00e9delmi t\u00e1j\u00e9koztat\u00f3"}]},{"@type":"WebSite","@id":"https:\/\/vwdtest.com\/hu\/#website","url":"https:\/\/vwdtest.com\/hu\/","name":"Hungary","description":"","potentialAction":[{"@type":"SearchAction","target":{"@type":"EntryPoint","urlTemplate":"https:\/\/vwdtest.com\/hu\/?s={search_term_string}"},"query-input":"required name=search_term_string"}],"inLanguage":"en-US"}]}},"_links":{"self":[{"href":"https:\/\/vwdtest.com\/hu\/wp-json\/wp\/v2\/pages\/3"}],"collection":[{"href":"https:\/\/vwdtest.com\/hu\/wp-json\/wp\/v2\/pages"}],"about":[{"href":"https:\/\/vwdtest.com\/hu\/wp-json\/wp\/v2\/types\/page"}],"author":[{"embeddable":true,"href":"https:\/\/vwdtest.com\/hu\/wp-json\/wp\/v2\/users\/1"}],"replies":[{"embeddable":true,"href":"https:\/\/vwdtest.com\/hu\/wp-json\/wp\/v2\/comments?post=3"}],"version-history":[{"count":9,"href":"https:\/\/vwdtest.com\/hu\/wp-json\/wp\/v2\/pages\/3\/revisions"}],"predecessor-version":[{"id":4092,"href":"https:\/\/vwdtest.com\/hu\/wp-json\/wp\/v2\/pages\/3\/revisions\/4092"}],"wp:attachment":[{"href":"https:\/\/vwdtest.com\/hu\/wp-json\/wp\/v2\/media?parent=3"}],"curies":[{"name":"wp","href":"https:\/\/api.w.org\/{rel}","templated":true}]}}