{"id":266,"date":"2023-02-21T21:23:10","date_gmt":"2023-02-21T21:23:10","guid":{"rendered":"https:\/\/new.vwdtest.com\/hu\/?page_id=266"},"modified":"2025-03-24T13:29:08","modified_gmt":"2025-03-24T13:29:08","slug":"cookie-preferences","status":"publish","type":"page","link":"https:\/\/vwdtest.com\/hu\/cookie-preferences\/","title":{"rendered":"S\u00fctibe\u00e1ll\u00edt\u00e1sok"},"content":{"rendered":"<div class=\"default-block container\">\n<h2>Inform\u00e1ci\u00f3 a s\u00fctikr\u0151l<\/h2>\n<\/div>\n\n<div class=\"default-block container\">\n<p>A s\u00fctik olyan adatdarabok, amelyeket egy weboldal \u00e1tk\u00fcldhet a felhaszn\u00e1l\u00f3 webb\u00f6ng\u00e9sz\u0151j\u00e9be. Amikor ell\u00e1togat a <a href=\"http:\/\/www.vwdtest.com\/hu\">www.vwdtest.com\/hu<\/a> weboldalra, ha a b\u00f6ng\u00e9sz\u0151je az alap\u00e9rtelmezett be\u00e1ll\u00edt\u00e1sokat haszn\u00e1lja \u00e9s elfogadja a s\u00fctiket, beleegyez\u00e9s\u00e9t adja ahhoz, hogy ezen a weboldalon l\u00e9v\u0151 s\u00fctik el legyenek t\u00e1rolva a sz\u00e1m\u00edt\u00f3g\u00e9p\u00e9n. Az elmentett s\u00fctik a <a href=\"http:\/\/www.vwdtest.com\/hu\">www.vwdtest.com\/hu<\/a> weboldal elhagy\u00e1sa ut\u00e1n is a sz\u00e1m\u00edt\u00f3g\u00e9p\u00e9n maradhatnak.<\/p>\n<\/div>\n\n<div class=\"default-block container\">\n<p>Ha nem k\u00edv\u00e1nja, hogy ez megt\u00f6rt\u00e9njen, be\u00e1ll\u00edthatja a webb\u00f6ng\u00e9sz\u0151j\u00e9t \u00fagy, hogy elutas\u00edtja a s\u00fctiket, vagy figyelmeztet\u00e9st k\u00e9rhet, amikor s\u00fctiket haszn\u00e1lnak. Ezen k\u00edv\u00fcl manu\u00e1lisan is t\u00f6r\u00f6lheti \u0151ket a b\u00f6ng\u00e9sz\u0151 be\u00e1ll\u00edt\u00e1saiban. A <a href=\"http:\/\/www.vwdtest.com\/hu\">www.vwdtest.com\/hu<\/a> weboldal legt\u00f6bb eleme tov\u00e1bbra is m\u0171k\u00f6dni fog, ha letiltja a s\u00fctiket a webb\u00f6ng\u00e9sz\u0151j\u00e9ben.<\/p>\n<\/div>\n\n<div class=\"default-block container\">\n<p>Tov\u00e1bbi inform\u00e1ci\u00f3kat tal\u00e1l a s\u00fctikr\u0151l, bele\u00e9rtve azt is, hogyan tekintheti meg, hogy mely s\u00fctik ker\u00fcltek be\u00e1ll\u00edt\u00e1sra az \u00d6n eszk\u00f6z\u00e9n, \u00e9s hogyan kezelheti, illetve t\u00f6r\u00f6lheti \u0151ket a <a href=\"http:\/\/www.aboutcookies.org\">www.aboutcookies.org<\/a> oldalon.<\/p>\n<\/div>\n\n<div class=\"default-block container\">\n<p>A <a href=\"http:\/\/www.vwdtest.com\/hu\">www.vwdtest.com\/hu<\/a> weboldalon k\u00fcl\u00f6nb\u00f6z\u0151 t\u00edpus\u00fa s\u00fctik ker\u00fclnek haszn\u00e1latra:<\/p>\n<\/div>\n\n<div class=\"default-block container\">\n<p><strong>Sz\u00fcks\u00e9ges s\u00fctik<\/strong><\/p>\n<\/div>\n\n<div class=\"default-block container\">\n<figure class=\"wp-block-table\"><table><thead><tr><th>S\u00fcti t\u00edpusa<\/th><th>N\u00e9v<\/th><th>C\u00e9l<\/th><th>Lej\u00e1rat<\/th><\/tr><\/thead><tbody><tr><td>Matomo<\/td><td>mtm_cookie_consent<\/td><td>Ezt a s\u00fctit arra t\u00e1rolj\u00e1k, hogy megjegyezz\u00e9k, hogy a felhaszn\u00e1l\u00f3 beleegyezett a s\u00fctik t\u00e1rol\u00e1s\u00e1ba \u00e9s haszn\u00e1lat\u00e1ba.<\/td><td>30 \u00e9v<\/td><\/tr><\/tbody><\/table><\/figure>\n<\/div>\n\n<div class=\"default-block container\">\n<p><strong>Teljes\u00edtm\u00e9ny s\u00fctik<\/strong><\/p>\n<\/div>\n\n<div class=\"default-block container\">\n<figure class=\"wp-block-table\"><table><thead><tr><th>S\u00fcti t\u00edpusa<\/th><th>N\u00e9v<\/th><th>C\u00e9l<\/th><th>Lej\u00e1rat<\/th><\/tr><\/thead><tbody><tr><td>Matomo<\/td><td>_pk_id<\/td><td>Ezt arra haszn\u00e1lj\u00e1k, hogy t\u00e1rolj\u00e1k a felhaszn\u00e1l\u00f3 n\u00e9h\u00e1ny adat\u00e1t, p\u00e9ld\u00e1ul az egyedi l\u00e1togat\u00f3i azonos\u00edt\u00f3t.<\/td><td>1 \u00e9v, 1 h\u00f3nap<\/td><\/tr><tr><td><\/td><td>_pk_ref<\/td><td>Ezt arra haszn\u00e1lj\u00e1k, hogy t\u00e1rolj\u00e1k az attrib\u00faci\u00f3s inform\u00e1ci\u00f3kat, a hivatkoz\u00f3t, amellyel el\u0151sz\u00f6r l\u00e1togatt\u00e1k meg az oldalt.<\/td><td>6 h\u00f3nap<\/td><\/tr><tr><td><\/td><td>_pk_ses<\/td><td>Ezt arra haszn\u00e1lj\u00e1k, hogy t\u00e1rolj\u00e1k az egyedi munkamenet-azonos\u00edt\u00f3t.<\/td><td>30 perc<\/td><\/tr><tr><td><\/td><td>_pk_cvar<\/td><td>Ezt arra haszn\u00e1lj\u00e1k, hogy t\u00e1rolj\u00e1k az egyedi munkamenet-azonos\u00edt\u00f3t.<\/td><td>30 perc<\/td><\/tr><tr><td><\/td><td>_pk_hsr<\/td><td>Ezt arra haszn\u00e1lj\u00e1k, hogy t\u00e1rolj\u00e1k az egyedi munkamenet-azonos\u00edt\u00f3t.<\/td><td>30 perc<\/td><\/tr><tr><td><\/td><td>_pk_testcookie<\/td><td>Ezt arra haszn\u00e1lj\u00e1k, hogy ellen\u0151rizz\u00e9k, hogy a l\u00e1togat\u00f3 b\u00f6ng\u00e9sz\u0151je t\u00e1mogatja-e a s\u00fctiket.<\/td><td>Munkamenet<\/td><\/tr><tr><td><\/td><td>Matomo_sessid<\/td><td>Ezt arra haszn\u00e1lj\u00e1k, hogy t\u00e1rolj\u00e1k az egyedi munkamenet-azonos\u00edt\u00f3t.<\/td><td>Munkamenet<\/td><\/tr><\/tbody><\/table><\/figure>\n<\/div>\n\n<div class=\"default-block container\">\n<p>Ha akt\u00edvan m\u00f3dos\u00edtja a be\u00e1ll\u00edt\u00e1sokat a teljes\u00edtm\u00e9ny s\u00fctik enged\u00e9lyez\u00e9s\u00e9re, akkor beleegyez\u00e9s\u00e9t adja ahhoz, hogy a Matomo inform\u00e1ci\u00f3kat gy\u0171jts\u00f6n arr\u00f3l, hogyan haszn\u00e1lja \u00e9s navig\u00e1l a weboldalon. E folyamat sor\u00e1n az IP-c\u00edme anonimiz\u00e1lva lesz. Ezt az inform\u00e1ci\u00f3t arra haszn\u00e1ljuk, hogy jav\u00edtsuk a felhaszn\u00e1l\u00f3i \u00e9lm\u00e9nyt minden l\u00e1togat\u00f3 sz\u00e1m\u00e1ra.<\/p>\n<\/div>\n\n<div class=\"default-block container\">\n<p><strong>Funkcionalit\u00e1si s\u00fctik<\/strong><\/p>\n<\/div>\n\n<div class=\"default-block container\">\n<p>Ezek olyan s\u00fctik, amelyek nem alapvet\u0151 fontoss\u00e1g\u00faak, de jav\u00edtj\u00e1k a <a href=\"http:\/\/www.vwdtest.com\/hu\">www.vwdtest.com\/hu<\/a> haszn\u00e1lat\u00e1t:<\/p>\n<\/div>\n\n<div class=\"default-block container\">\n<figure class=\"wp-block-table\"><table><thead><tr><th>S\u00fcti t\u00edpusa<\/th><th>N\u00e9v<\/th><th>Lej\u00e1rat<\/th><th>C\u00e9l<\/th><\/tr><\/thead><tbody><tr><td>Persistent cookie<\/td><td>cookieconsent_status<\/td><td>1 \u00e9v<\/td><td>Ez a s\u00fcti egy olyan szkripthez kapcsol\u00f3dik, amely s\u00fctit figyelmeztet\u0151 \u00e9rtes\u00edt\u00e9st jelen\u00edt meg a weboldalon. Ezt arra haszn\u00e1lj\u00e1k, hogy r\u00f6gz\u00edts\u00e9k, mikor z\u00e1rta be a felhaszn\u00e1l\u00f3 az \u00e9rtes\u00edt\u00e9st, hogy az ne jelenjen meg ism\u00e9telt l\u00e1togat\u00e1sokkor.<\/td><\/tr><\/tbody><\/table><\/figure>\n<\/div>","protected":false},"excerpt":{"rendered":"<p>Inform\u00e1ci\u00f3 a s\u00fctikr\u0151l A s\u00fctik olyan adatdarabok, amelyeket egy weboldal \u00e1tk\u00fcldhet a felhaszn\u00e1l\u00f3 webb\u00f6ng\u00e9sz\u0151j\u00e9be. Amikor ell\u00e1togat a www.vwdtest.com\/hu weboldalra, ha a b\u00f6ng\u00e9sz\u0151je az alap\u00e9rtelmezett be\u00e1ll\u00edt\u00e1sokat haszn\u00e1lja \u00e9s elfogadja a s\u00fctiket, beleegyez\u00e9s\u00e9t adja ahhoz, hogy ezen a weboldalon l\u00e9v\u0151 s\u00fctik el legyenek t\u00e1rolva a sz\u00e1m\u00edt\u00f3g\u00e9p\u00e9n. Az elmentett s\u00fctik a www.vwdtest.com\/hu weboldal elhagy\u00e1sa ut\u00e1n is a sz\u00e1m\u00edt\u00f3g\u00e9p\u00e9n [&hellip;]<\/p>\n","protected":false},"author":1,"featured_media":0,"parent":0,"menu_order":0,"comment_status":"closed","ping_status":"closed","template":"front-page.php","meta":{"inline_featured_image":false},"acf":[],"yoast_head":"<!-- This site is optimized with the Yoast SEO plugin v20.4 - https:\/\/yoast.com\/wordpress\/plugins\/seo\/ -->\n<title>S\u00fctibe\u00e1ll\u00edt\u00e1sok - Hungary<\/title>\n<meta name=\"robots\" content=\"noindex, follow\" \/>\n<meta property=\"og:locale\" content=\"en_US\" \/>\n<meta property=\"og:type\" content=\"article\" \/>\n<meta property=\"og:title\" content=\"S\u00fctibe\u00e1ll\u00edt\u00e1sok - Hungary\" \/>\n<meta property=\"og:description\" content=\"Inform\u00e1ci\u00f3 a s\u00fctikr\u0151l A s\u00fctik olyan adatdarabok, amelyeket egy weboldal \u00e1tk\u00fcldhet a felhaszn\u00e1l\u00f3 webb\u00f6ng\u00e9sz\u0151j\u00e9be. Amikor ell\u00e1togat a www.vwdtest.com\/hu weboldalra, ha a b\u00f6ng\u00e9sz\u0151je az alap\u00e9rtelmezett be\u00e1ll\u00edt\u00e1sokat haszn\u00e1lja \u00e9s elfogadja a s\u00fctiket, beleegyez\u00e9s\u00e9t adja ahhoz, hogy ezen a weboldalon l\u00e9v\u0151 s\u00fctik el legyenek t\u00e1rolva a sz\u00e1m\u00edt\u00f3g\u00e9p\u00e9n. Az elmentett s\u00fctik a www.vwdtest.com\/hu weboldal elhagy\u00e1sa ut\u00e1n is a sz\u00e1m\u00edt\u00f3g\u00e9p\u00e9n [&hellip;]\" \/>\n<meta property=\"og:url\" content=\"https:\/\/vwdtest.com\/hu\/cookie-preferences\/\" \/>\n<meta property=\"og:site_name\" content=\"Hungary\" \/>\n<meta property=\"article:modified_time\" content=\"2025-03-24T13:29:08+00:00\" \/>\n<meta name=\"twitter:card\" content=\"summary_large_image\" \/>\n<meta name=\"twitter:label1\" content=\"Est. reading time\" \/>\n\t<meta name=\"twitter:data1\" content=\"2 minutes\" \/>\n<script type=\"application\/ld+json\" class=\"yoast-schema-graph\">{\"@context\":\"https:\/\/schema.org\",\"@graph\":[{\"@type\":\"WebPage\",\"@id\":\"https:\/\/vwdtest.com\/hu\/cookie-preferences\/\",\"url\":\"https:\/\/vwdtest.com\/hu\/cookie-preferences\/\",\"name\":\"S\u00fctibe\u00e1ll\u00edt\u00e1sok - Hungary\",\"isPartOf\":{\"@id\":\"https:\/\/vwdtest.com\/hu\/#website\"},\"datePublished\":\"2023-02-21T21:23:10+00:00\",\"dateModified\":\"2025-03-24T13:29:08+00:00\",\"breadcrumb\":{\"@id\":\"https:\/\/vwdtest.com\/hu\/cookie-preferences\/#breadcrumb\"},\"inLanguage\":\"en-US\",\"potentialAction\":[{\"@type\":\"ReadAction\",\"target\":[\"https:\/\/vwdtest.com\/hu\/cookie-preferences\/\"]}]},{\"@type\":\"BreadcrumbList\",\"@id\":\"https:\/\/vwdtest.com\/hu\/cookie-preferences\/#breadcrumb\",\"itemListElement\":[{\"@type\":\"ListItem\",\"position\":1,\"name\":\"Home\",\"item\":\"https:\/\/vwdtest.com\/hu\/\"},{\"@type\":\"ListItem\",\"position\":2,\"name\":\"S\u00fctibe\u00e1ll\u00edt\u00e1sok\"}]},{\"@type\":\"WebSite\",\"@id\":\"https:\/\/vwdtest.com\/hu\/#website\",\"url\":\"https:\/\/vwdtest.com\/hu\/\",\"name\":\"Hungary\",\"description\":\"\",\"potentialAction\":[{\"@type\":\"SearchAction\",\"target\":{\"@type\":\"EntryPoint\",\"urlTemplate\":\"https:\/\/vwdtest.com\/hu\/?s={search_term_string}\"},\"query-input\":\"required name=search_term_string\"}],\"inLanguage\":\"en-US\"}]}<\/script>\n<!-- \/ Yoast SEO plugin. -->","yoast_head_json":{"title":"S\u00fctibe\u00e1ll\u00edt\u00e1sok - Hungary","robots":{"index":"noindex","follow":"follow"},"og_locale":"en_US","og_type":"article","og_title":"S\u00fctibe\u00e1ll\u00edt\u00e1sok - Hungary","og_description":"Inform\u00e1ci\u00f3 a s\u00fctikr\u0151l A s\u00fctik olyan adatdarabok, amelyeket egy weboldal \u00e1tk\u00fcldhet a felhaszn\u00e1l\u00f3 webb\u00f6ng\u00e9sz\u0151j\u00e9be. Amikor ell\u00e1togat a www.vwdtest.com\/hu weboldalra, ha a b\u00f6ng\u00e9sz\u0151je az alap\u00e9rtelmezett be\u00e1ll\u00edt\u00e1sokat haszn\u00e1lja \u00e9s elfogadja a s\u00fctiket, beleegyez\u00e9s\u00e9t adja ahhoz, hogy ezen a weboldalon l\u00e9v\u0151 s\u00fctik el legyenek t\u00e1rolva a sz\u00e1m\u00edt\u00f3g\u00e9p\u00e9n. Az elmentett s\u00fctik a www.vwdtest.com\/hu weboldal elhagy\u00e1sa ut\u00e1n is a sz\u00e1m\u00edt\u00f3g\u00e9p\u00e9n [&hellip;]","og_url":"https:\/\/vwdtest.com\/hu\/cookie-preferences\/","og_site_name":"Hungary","article_modified_time":"2025-03-24T13:29:08+00:00","twitter_card":"summary_large_image","twitter_misc":{"Est. reading time":"2 minutes"},"schema":{"@context":"https:\/\/schema.org","@graph":[{"@type":"WebPage","@id":"https:\/\/vwdtest.com\/hu\/cookie-preferences\/","url":"https:\/\/vwdtest.com\/hu\/cookie-preferences\/","name":"S\u00fctibe\u00e1ll\u00edt\u00e1sok - Hungary","isPartOf":{"@id":"https:\/\/vwdtest.com\/hu\/#website"},"datePublished":"2023-02-21T21:23:10+00:00","dateModified":"2025-03-24T13:29:08+00:00","breadcrumb":{"@id":"https:\/\/vwdtest.com\/hu\/cookie-preferences\/#breadcrumb"},"inLanguage":"en-US","potentialAction":[{"@type":"ReadAction","target":["https:\/\/vwdtest.com\/hu\/cookie-preferences\/"]}]},{"@type":"BreadcrumbList","@id":"https:\/\/vwdtest.com\/hu\/cookie-preferences\/#breadcrumb","itemListElement":[{"@type":"ListItem","position":1,"name":"Home","item":"https:\/\/vwdtest.com\/hu\/"},{"@type":"ListItem","position":2,"name":"S\u00fctibe\u00e1ll\u00edt\u00e1sok"}]},{"@type":"WebSite","@id":"https:\/\/vwdtest.com\/hu\/#website","url":"https:\/\/vwdtest.com\/hu\/","name":"Hungary","description":"","potentialAction":[{"@type":"SearchAction","target":{"@type":"EntryPoint","urlTemplate":"https:\/\/vwdtest.com\/hu\/?s={search_term_string}"},"query-input":"required name=search_term_string"}],"inLanguage":"en-US"}]}},"_links":{"self":[{"href":"https:\/\/vwdtest.com\/hu\/wp-json\/wp\/v2\/pages\/266"}],"collection":[{"href":"https:\/\/vwdtest.com\/hu\/wp-json\/wp\/v2\/pages"}],"about":[{"href":"https:\/\/vwdtest.com\/hu\/wp-json\/wp\/v2\/types\/page"}],"author":[{"embeddable":true,"href":"https:\/\/vwdtest.com\/hu\/wp-json\/wp\/v2\/users\/1"}],"replies":[{"embeddable":true,"href":"https:\/\/vwdtest.com\/hu\/wp-json\/wp\/v2\/comments?post=266"}],"version-history":[{"count":6,"href":"https:\/\/vwdtest.com\/hu\/wp-json\/wp\/v2\/pages\/266\/revisions"}],"predecessor-version":[{"id":3871,"href":"https:\/\/vwdtest.com\/hu\/wp-json\/wp\/v2\/pages\/266\/revisions\/3871"}],"wp:attachment":[{"href":"https:\/\/vwdtest.com\/hu\/wp-json\/wp\/v2\/media?parent=266"}],"curies":[{"name":"wp","href":"https:\/\/api.w.org\/{rel}","templated":true}]}}