{"id":263,"date":"2023-02-21T21:22:33","date_gmt":"2023-02-21T21:22:33","guid":{"rendered":"https:\/\/new.vwdtest.com\/hu\/?page_id=263"},"modified":"2026-01-04T15:14:31","modified_gmt":"2026-01-04T15:14:31","slug":"legal-statement","status":"publish","type":"page","link":"https:\/\/vwdtest.com\/hu\/legal-statement\/","title":{"rendered":"Jogi nyilatkozat"},"content":{"rendered":"<div class=\"default-block container\">\n<h2>Felhaszn\u00e1l\u00e1si felt\u00e9telek<\/h2>\n<\/div>\n\n<div class=\"default-block container\">\n<p>Ez a weboldal az Octapharma AG (Seidenstrasse 2, 8853 Lachen, Sv\u00e1jc) finansz\u00edroz\u00e1s\u00e1val k\u00e9sz\u00fclt, \u00e9s orvosi szak\u00e9rt\u0151k, Dr. Fernando Corrales-Medina (klinikai gyermekgy\u00f3gy\u00e1szat adjunktus professzora, Miller Egyetem Orvostudom\u00e1nyi Kar, Miami, USA), Erik Berntorp professzor (klinikai v\u00e9ralvad\u00e1si kutat\u00e1s professzora, Lundi Egyetem, Sv\u00e9dorsz\u00e1g) \u00e9s nemzetk\u00f6zi v\u00e9rz\u00e9si rendelleness\u00e9gekkel foglalkoz\u00f3 szak\u00e9rt\u0151i csapata (a tov\u00e1bbiakban: &#8220;Nemzetk\u00f6zi szak\u00e9rt\u0151i csoport&#8221;) k\u00f6zrem\u0171k\u00f6d\u00e9s\u00e9vel fejlesztett\u00e9k.<\/p>\n<\/div>\n\n<div class=\"default-block container\">\n<p>Ez nem prom\u00f3ci\u00f3s weboldal, hanem a Nemzetk\u00f6zi szak\u00e9rt\u0151i csoport vezetett betegs\u00e9gfelismer\u00e9si kamp\u00e1ny t\u00e1mogat\u00e1s\u00e1ra hozt\u00e1k l\u00e9tre, \u00e9s kiz\u00e1r\u00f3lag \u00e1ltal\u00e1nos t\u00e1j\u00e9koztat\u00e1si c\u00e9lokat szolg\u00e1l. A weboldalon tal\u00e1lhat\u00f3 inform\u00e1ci\u00f3kat nem szabad semmilyen term\u00e9k vagy az Octapharma c\u00e9gcsoport b\u00e1rmely term\u00e9k\u00e9nek haszn\u00e1lat\u00e1ra vonatkoz\u00f3 prom\u00f3ci\u00f3k\u00e9nt vagy hirdet\u00e9sk\u00e9nt \u00e9rtelmezni.<\/p>\n<\/div>\n\n<div class=\"default-block container\">\n<p>Az Octapharma AG a v\u00e1llalkoz\u00f3ival egy\u00fctt t\u00e1mogatja a weboldal karbantart\u00e1s\u00e1t \u00e9s kezel\u00e9s\u00e9t. A weboldal haszn\u00e1lat\u00e1val \u00d6n beleegyezik abba, hogy betartja az al\u00e1bbi felt\u00e9teleket \u00e9s az alkalmazand\u00f3 jogszab\u00e1lyokat. Ha nem \u00e9rt egyet e felt\u00e9telek betart\u00e1s\u00e1val, ne haszn\u00e1lja ezt a weboldalt.<\/p>\n<\/div>\n\n<div class=\"default-block container\">\n<h2>A weboldal \u00e9s a Felhaszn\u00e1l\u00e1si felt\u00e9telek m\u00f3dos\u00edt\u00e1sa<\/h2>\n<\/div>\n\n<div class=\"default-block container\">\n<p>Az Octapharma AG fenntartja a jogot, hogy b\u00e1rmikor, el\u0151zetes \u00e9rtes\u00edt\u00e9s n\u00e9lk\u00fcl v\u00e1ltoztat\u00e1sokat, m\u00f3dos\u00edt\u00e1sokat, kieg\u00e9sz\u00edt\u00e9seket, t\u00f6rl\u00e9seket \u00e9s jav\u00edt\u00e1sokat hajtson v\u00e9gre ezen a weboldalon. Az Octapharma AG b\u00e1rmikor, el\u0151zetes \u00e9rtes\u00edt\u00e9s n\u00e9lk\u00fcl visszavonhatja a hozz\u00e1f\u00e9r\u00e9st ehhez a weboldalhoz.<\/p>\n<\/div>\n\n<div class=\"default-block container\">\n<p>Az Octapharma AG b\u00e1rmikor m\u00f3dos\u00edthatja a Felhaszn\u00e1l\u00e1si felt\u00e9teleket azzal, hogy friss\u00edti ezt a k\u00f6zz\u00e9t\u00e9telt. A weboldal tov\u00e1bbi haszn\u00e1lat\u00e1val \u00d6n elfogadja ezeket a m\u00f3dos\u00edt\u00e1sokat, ez\u00e9rt id\u0151r\u0151l id\u0151re \u00e9rdemes ell\u00e1togatni erre az oldalra, hogy \u00e1ttekintse a Felhaszn\u00e1l\u00e1si felt\u00e9teleket, \u00e9s megbizonyosodjon arr\u00f3l, hogy meg\u00e9rti azokat a felt\u00e9teleket, amelyek az adott id\u0151pontban \u00e9rv\u00e9nyesek.<\/p>\n<\/div>\n\n<div class=\"default-block container\">\n<h2>V\u00edrusv\u00e9delem<\/h2>\n<\/div>\n\n<div class=\"default-block container\">\n<p>Az Octapharma AG nem v\u00e1llal garanci\u00e1t, \u00e9s nem ny\u00fajt biztos\u00edt\u00e9kot arra, hogy ez a weboldal vagy az Octapharma AG-t\u00f3l a levelez\u0151lista szolg\u00e1ltat\u00e1s keret\u00e9ben kapott e-mailek megszak\u00edt\u00e1smentesek, v\u00edrusmentesek vagy mentesek m\u00e1s k\u00e1ros \u00f6sszetev\u0151kt\u0151l. Az Octapharma AG (bele\u00e9rtve annak igazgat\u00f3it, le\u00e1nyv\u00e1llalatait, tiszts\u00e9gvisel\u0151it, alkalmazottait, \u00fcgyn\u00f6keit, v\u00e1llalkoz\u00f3it, jogut\u00f3djait \u00e9s megb\u00edzottjait) nem v\u00e1llal felel\u0151ss\u00e9get semmilyen k\u00e1r\u00e9rt, amely a weboldal el\u00e9r\u00e9s\u00e9b\u0151l, annak b\u00e1rmely tartalm\u00e1nak let\u00f6lt\u00e9s\u00e9b\u0151l vagy az Octapharma AG-t\u00f3l a levelez\u0151lista szolg\u00e1ltat\u00e1s keret\u00e9ben kapott e-mailek fogad\u00e1s\u00e1b\u00f3l ered\u0151leg keletkezik a berendez\u00e9seiben.<\/p>\n<\/div>\n\n<div class=\"default-block container\">\n<h2>Orvosi inform\u00e1ci\u00f3<\/h2>\n<\/div>\n\n<div class=\"default-block container\">\n<p>A weboldalon tal\u00e1lhat\u00f3 orvosi tartalmat nemzetk\u00f6zi szak\u00e9rt\u0151i csoport dolgozta ki \u00e9s hagyta j\u00f3v\u00e1. Az inform\u00e1ci\u00f3k nem tekintend\u0151k teljes k\u00f6r\u0171 orvosi t\u00e1j\u00e9koztat\u00e1snak. Mindig teljes k\u00f6r\u0171 orvosi inform\u00e1ci\u00f3t kell beszereznie az \u00d6n \u00e1ltal fel\u00edrt gy\u00f3gyszerekr\u0151l vagy orvosi eszk\u00f6z\u00f6kr\u0151l (bele\u00e9rtve azok j\u00f3t\u00e9kony orvosi alkalmaz\u00e1sait \u00e9s esetleges mell\u00e9khat\u00e1sait), az\u00e1ltal, hogy k\u00f6zvetlen\u00fcl konzult\u00e1l a fel\u00edr\u00f3 orvossal, vagy sz\u00fcks\u00e9g eset\u00e9n m\u00e1s orvosi tan\u00e1csad\u00f3val. Az itt biztos\u00edtott orvosi inform\u00e1ci\u00f3k nem k\u00e9pezik, \u00e9s nem is c\u00e9lozz\u00e1k, hogy b\u00e1rmilyen \u00f6szt\u00f6nz\u00e9st jelentsenek egy adott Octapharma c\u00e9gcsoport term\u00e9k\u00e9nek aj\u00e1nl\u00e1s\u00e1ra, megv\u00e1s\u00e1rl\u00e1s\u00e1ra, fel\u00edr\u00e1s\u00e1ra, elad\u00e1s\u00e1ra vagy alkalmaz\u00e1s\u00e1ra.<\/p>\n<\/div>\n\n<div class=\"default-block container\">\n<h2>Szerz\u0151i jogi v\u00e9delem<\/h2>\n<\/div>\n\n<div class=\"default-block container\">\n<p>A weboldalon tal\u00e1lhat\u00f3 minden anyag szerz\u0151i joga az Octapharma AG tulajdon\u00e1t k\u00e9pezi, hacsak m\u00e1sk\u00e9nt nem szerepel.<\/p>\n<\/div>\n\n<div class=\"default-block container\">\n<p>Az Octapharma AG fenntart minden jogot a weboldal tartalm\u00e1ra \u00e9s diz\u00e1jnj\u00e1ra vonatkoz\u00f3an. Hacsak az Octapharma AG \u00edr\u00e1sbeli enged\u00e9lyt nem ad, \u00d6n nem m\u00e1solhatja, haszn\u00e1lhatja vagy reproduk\u00e1lhatja a weboldalon tal\u00e1lhat\u00f3 b\u00e1rmely tartalmat, bele\u00e9rtve a neveket, log\u00f3kat, terveket, term\u00e9kinform\u00e1ci\u00f3kat \u00e9s egy\u00e9b anyagokat\/inform\u00e1ci\u00f3kat (a tov\u00e1bbiakban egy\u00fctt &#8220;Inform\u00e1ci\u00f3k&#8221;). Az Inform\u00e1ci\u00f3kat nem haszn\u00e1lhatja kereskedelmi c\u00e9lokra, \u00e9s nem helyezheti el vagy \u00e1gyazhatja be \u0151ket m\u00e1s weboldalon az Octapharma AG el\u0151zetes \u00edr\u00e1sbeli enged\u00e9lye n\u00e9lk\u00fcl.<\/p>\n<\/div>\n\n<div class=\"default-block container\">\n<p>A weboldalon tal\u00e1lhat\u00f3 minden inform\u00e1ci\u00f3 az illet\u0151 tulajdonos tulajdon\u00e1t k\u00e9pezi, \u00e9s azt sem teljes eg\u00e9sz\u00e9ben, sem r\u00e9szben nem szabad felhaszn\u00e1lni semmilyen joghat\u00f3s\u00e1g alatt a tulajdonos el\u0151zetes \u00edr\u00e1sbeli beleegyez\u00e9se n\u00e9lk\u00fcl. Tov\u00e1bb\u00e1, semmilyen grafikai elemet, amely l\u00e9nyeg\u00e9ben hasonl\u00edt b\u00e1rmely v\u00e9djegyre, log\u00f3ra vagy n\u00e9vre, amely a weboldalon szerepel, nem szabad ilyen m\u00f3don haszn\u00e1lni.<\/p>\n<\/div>\n\n<div class=\"default-block container\">\n<h2>Nincsenek j\u00f3t\u00e1ll\u00e1sok vagy k\u00e9pviseletek<\/h2>\n<\/div>\n\n<div class=\"default-block container\">\n<p>Az Inform\u00e1ci\u00f3k \u201ejelenlegi \u00e1llapot\u00e1ban\u201d, mindenf\u00e9le kifejezett vagy hallgat\u00f3lagos j\u00f3t\u00e1ll\u00e1s n\u00e9lk\u00fcl ker\u00fclnek biztos\u00edt\u00e1sra.<\/p>\n<\/div>\n\n<div class=\"default-block container\">\n<p>A t\u00f6rv\u00e9ny \u00e1ltal engedett legnagyobb m\u00e9rt\u00e9kben az Octapharma AG kifejezetten elh\u00e1r\u00edt minden k\u00e9pviseletet \u00e9s j\u00f3t\u00e1ll\u00e1st, legyenek azok kifejezettek vagy hallgat\u00f3lagosak, e weboldallal kapcsolatban vagy arra vonatkoz\u00f3an \u2013 bele\u00e9rtve, de nem kiz\u00e1r\u00f3lagosan, mindenf\u00e9le k\u00e9pviseletet vagy j\u00f3t\u00e1ll\u00e1st a k\u00f6vetkez\u0151kkel kapcsolatban:<\/p>\n<\/div>\n\n<div class=\"default-block container\">\n<ul><div class=\"default-block container\">\n<li>A weboldalon tal\u00e1lhat\u00f3 b\u00e1rmely Inform\u00e1ci\u00f3 pontoss\u00e1ga vagy teljess\u00e9ge;<\/li>\n<\/div>\n\n<div class=\"default-block container\">\n<li>A weboldalhoz kapcsol\u00f3d\u00f3, annak hivatkozott weboldalain tal\u00e1lhat\u00f3 b\u00e1rmely Inform\u00e1ci\u00f3 pontoss\u00e1ga vagy teljess\u00e9ge.<\/li>\n<\/div>\n\n<div class=\"default-block container\">\n<li>Az inform\u00e1ci\u00f3k biztos\u00edt\u00e1sa azon alapul, hogy minden olyan szem\u00e9ly, aki hozz\u00e1f\u00e9r a weboldalhoz, v\u00e1llalja annak felel\u0151ss\u00e9g\u00e9t, hogy \u00e9rt\u00e9keli a tartalom pontoss\u00e1g\u00e1t, \u00e9s hogy teljes m\u00e9rt\u00e9kben saj\u00e1t kock\u00e1zat\u00e1ra t\u00e1maszkodik. Az Octapharma AG (bele\u00e9rtve annak igazgat\u00f3it, le\u00e1nyv\u00e1llalatait, tiszts\u00e9gvisel\u0151it, alkalmazottait, \u00fcgyn\u00f6keit, v\u00e1llalkoz\u00f3it, jogut\u00f3djait \u00e9s megb\u00edzottjait) nem v\u00e1llal felel\u0151ss\u00e9get semmilyen vesztes\u00e9g\u00e9rt vagy k\u00e1r\u00e9rt, amely b\u00e1rkinek keletkezik az Inform\u00e1ci\u00f3kra vagy b\u00e1rmely egy\u00e9b inform\u00e1ci\u00f3ra val\u00f3 t\u00e1maszkod\u00e1s k\u00f6vetkezt\u00e9ben.<\/li>\n<\/div><\/ul>\n<\/div>\n\n<div class=\"default-block container\">\n<h2>Alkalmazand\u00f3 magatart\u00e1si k\u00f3dex<\/h2>\n<\/div>\n\n<div class=\"default-block container\">\n<p>Az Octapharma AG t\u00f6rekszik az IFPMA Magatart\u00e1si K\u00f3dex rendelkez\u00e9seinek betart\u00e1s\u00e1ra. A k\u00f3dex leg\u00fajabb verzi\u00f3ja az al\u00e1bbi linken \u00e9rhet\u0151 el:&nbsp;<a href=\"https:\/\/www.ifpma.org\/resource-centre\/ifpma-code-of-practice\/\" target=\"_blank\" rel=\"noreferrer noopener\">https:\/\/www.ifpma.org\/resource-centre\/ifpma-code-of-practice\/<\/a><\/p>\n<\/div>\n\n<div class=\"default-block container\">\n<h2>Felel\u0151ss\u00e9g korl\u00e1toz\u00e1sa<\/h2>\n<\/div>\n\n<div class=\"default-block container\">\n<p>Az Octapharma AG (bele\u00e9rtve annak igazgat\u00f3it, le\u00e1nyv\u00e1llalatait, tiszts\u00e9gvisel\u0151it, alkalmazottait, \u00fcgyn\u00f6keit, v\u00e1llalkoz\u00f3it, jogut\u00f3djait \u00e9s megb\u00edzottjait) semmilyen esetben nem tehet\u0151 felel\u0151ss\u00e9 sem k\u00f6zvetlen, sem k\u00f6zvetett, b\u00fcntet\u0151 jelleg\u0171, v\u00e9letlenszer\u0171, k\u00fcl\u00f6nleges vagy k\u00f6vetkezm\u00e9nyi k\u00e1rok\u00e9rt, illetve semmilyen egy\u00e9b k\u00e1r\u00e9rt \u2013 ide\u00e9rtve, de nem kiz\u00e1r\u00f3lagosan, a haszn\u00e1latveszt\u00e9sb\u0151l, adatveszt\u00e9sb\u0151l, elmaradt haszonb\u00f3l vagy elveszett lehet\u0151s\u00e9gekb\u0151l ered\u0151 k\u00e1rokat \u2013, amelyek e weboldal haszn\u00e1lat\u00e1b\u00f3l vagy teljes\u00edtm\u00e9ny\u00e9vel \u00f6sszef\u00fcgg\u00e9sben mer\u00fclnek fel.<\/p>\n<\/div>\n\n<div class=\"default-block container\">\n<h2>Harmadik felek weboldalai<\/h2>\n<\/div>\n\n<div class=\"default-block container\">\n<p>Az \u00d6n k\u00e9nyelme \u00e9rdek\u00e9ben az Octapharma AG ezen a weboldalon hivatkoz\u00e1sokat biztos\u00edthat m\u00e1s szervezetek \u00e1ltal \u00fczemeltetett weboldalakra. Amennyiben ezeket a weboldalakat haszn\u00e1lja, elhagyja ezt a weboldalt. Ha \u00fagy d\u00f6nt, hogy megl\u00e1togat egy hivatkozott weboldalt, azt saj\u00e1t felel\u0151ss\u00e9g\u00e9re teszi, \u00e9s \u00d6n felel\u0151s minden sz\u00fcks\u00e9ges \u00f3vint\u00e9zked\u00e9s megt\u00e9tel\u00e9\u00e9rt a v\u00edrusok vagy egy\u00e9b k\u00e1ros elemek elleni v\u00e9delem \u00e9rdek\u00e9ben.<\/p>\n<\/div>\n\n<div class=\"default-block container\">\n<p>Az Octapharma AG (bele\u00e9rtve annak igazgat\u00f3it, le\u00e1nyv\u00e1llalatait, tiszts\u00e9gvisel\u0151it, alkalmazottait, \u00fcgyn\u00f6keit, v\u00e1llalkoz\u00f3it, jogut\u00f3djait \u00e9s megb\u00edzottjait) semmilyen garanci\u00e1t vagy felel\u0151ss\u00e9get nem v\u00e1llal a hivatkozott weboldalak tartalm\u00e1ra, az ott megjelen\u0151 inform\u00e1ci\u00f3kra, valamint az ott le\u00edrt term\u00e9kekre vagy szolg\u00e1ltat\u00e1sokra vonatkoz\u00f3an, \u00e9s nem is t\u00e1mogatja azokat.<\/p>\n<\/div>\n\n<div class=\"default-block container\">\n<p>A hivatkoz\u00e1sok nem jelentik azt, hogy az Octapharma AG kapcsolatban \u00e1llna vagy t\u00e1rsulna a hivatkozott weboldalakkal, illetve hogy jogilag enged\u00e9lyezve lenne sz\u00e1m\u00e1ra a hivatkoz\u00e1sokon kereszt\u00fcl el\u00e9rhet\u0151 v\u00e9djegyek, kereskedelmi nevek, log\u00f3k vagy szerz\u0151i jogi szimb\u00f3lumok haszn\u00e1lata, vagy hogy b\u00e1rmely hivatkozott weboldal jogosult lenne az Octapharma AG v\u00e9djegyeinek, kereskedelmi neveinek, log\u00f3inak vagy szerz\u0151i jogi szimb\u00f3lumainak haszn\u00e1lat\u00e1ra.<\/p>\n<\/div>\n\n<div class=\"default-block container\">\n<p>Minden, erre a weboldalra mutat\u00f3 hivatkoz\u00e1st az Octapharma AG-nak j\u00f3v\u00e1 kell hagynia. Az Octapharma AG fenntartja a jogot, hogy ezt a hozz\u00e1j\u00e1rul\u00e1st saj\u00e1t bel\u00e1t\u00e1sa szerint b\u00e1rmikor visszavonja.<\/p>\n<\/div>\n\n<div class=\"default-block container\">\n<h2>Alkalmazand\u00f3 jog<\/h2>\n<\/div>\n\n<div class=\"default-block container\">\n<p>A jelen felhaszn\u00e1l\u00e1si felt\u00e9teleket, valamint az adatv\u00e9delmi nyilatkozatot, tov\u00e1bb\u00e1 a felhaszn\u00e1l\u00e1si felt\u00e9telekkel \u00e9s\/vagy az adatv\u00e9delmi nyilatkozattal kapcsolatos vit\u00e1k rendez\u00e9s\u00e9t a sv\u00e1jci jog szerint kell \u00e9rtelmezni. Az illet\u00e9kes kiz\u00e1r\u00f3lagos joghat\u00f3s\u00e1g Lachen, Sv\u00e1jc.<\/p>\n<\/div>","protected":false},"excerpt":{"rendered":"<p>Felhaszn\u00e1l\u00e1si felt\u00e9telek Ez a weboldal az Octapharma AG (Seidenstrasse 2, 8853 Lachen, Sv\u00e1jc) finansz\u00edroz\u00e1s\u00e1val k\u00e9sz\u00fclt, \u00e9s orvosi szak\u00e9rt\u0151k, Dr. Fernando Corrales-Medina (klinikai gyermekgy\u00f3gy\u00e1szat adjunktus professzora, Miller Egyetem Orvostudom\u00e1nyi Kar, Miami, USA), Erik Berntorp professzor (klinikai v\u00e9ralvad\u00e1si kutat\u00e1s professzora, Lundi Egyetem, Sv\u00e9dorsz\u00e1g) \u00e9s nemzetk\u00f6zi v\u00e9rz\u00e9si rendelleness\u00e9gekkel foglalkoz\u00f3 szak\u00e9rt\u0151i csapata (a tov\u00e1bbiakban: &#8220;Nemzetk\u00f6zi szak\u00e9rt\u0151i csoport&#8221;) k\u00f6zrem\u0171k\u00f6d\u00e9s\u00e9vel fejlesztett\u00e9k. [&hellip;]<\/p>\n","protected":false},"author":1,"featured_media":0,"parent":0,"menu_order":0,"comment_status":"closed","ping_status":"closed","template":"front-page.php","meta":{"inline_featured_image":false},"acf":[],"yoast_head":"<!-- This site is optimized with the Yoast SEO plugin v20.4 - https:\/\/yoast.com\/wordpress\/plugins\/seo\/ -->\n<title>Jogi nyilatkozat - Hungary<\/title>\n<meta name=\"robots\" content=\"noindex, follow\" \/>\n<meta property=\"og:locale\" content=\"en_US\" \/>\n<meta property=\"og:type\" content=\"article\" \/>\n<meta property=\"og:title\" content=\"Jogi nyilatkozat - Hungary\" \/>\n<meta property=\"og:description\" content=\"Felhaszn\u00e1l\u00e1si felt\u00e9telek Ez a weboldal az Octapharma AG (Seidenstrasse 2, 8853 Lachen, Sv\u00e1jc) finansz\u00edroz\u00e1s\u00e1val k\u00e9sz\u00fclt, \u00e9s orvosi szak\u00e9rt\u0151k, Dr. Fernando Corrales-Medina (klinikai gyermekgy\u00f3gy\u00e1szat adjunktus professzora, Miller Egyetem Orvostudom\u00e1nyi Kar, Miami, USA), Erik Berntorp professzor (klinikai v\u00e9ralvad\u00e1si kutat\u00e1s professzora, Lundi Egyetem, Sv\u00e9dorsz\u00e1g) \u00e9s nemzetk\u00f6zi v\u00e9rz\u00e9si rendelleness\u00e9gekkel foglalkoz\u00f3 szak\u00e9rt\u0151i csapata (a tov\u00e1bbiakban: &#8220;Nemzetk\u00f6zi szak\u00e9rt\u0151i csoport&#8221;) k\u00f6zrem\u0171k\u00f6d\u00e9s\u00e9vel fejlesztett\u00e9k. [&hellip;]\" \/>\n<meta property=\"og:url\" content=\"https:\/\/vwdtest.com\/hu\/legal-statement\/\" \/>\n<meta property=\"og:site_name\" content=\"Hungary\" \/>\n<meta property=\"article:modified_time\" content=\"2026-01-04T15:14:31+00:00\" \/>\n<meta name=\"twitter:card\" content=\"summary_large_image\" \/>\n<meta name=\"twitter:label1\" content=\"Est. reading time\" \/>\n\t<meta name=\"twitter:data1\" content=\"5 minutes\" \/>\n<script type=\"application\/ld+json\" class=\"yoast-schema-graph\">{\"@context\":\"https:\/\/schema.org\",\"@graph\":[{\"@type\":\"WebPage\",\"@id\":\"https:\/\/vwdtest.com\/hu\/legal-statement\/\",\"url\":\"https:\/\/vwdtest.com\/hu\/legal-statement\/\",\"name\":\"Jogi nyilatkozat - Hungary\",\"isPartOf\":{\"@id\":\"https:\/\/vwdtest.com\/hu\/#website\"},\"datePublished\":\"2023-02-21T21:22:33+00:00\",\"dateModified\":\"2026-01-04T15:14:31+00:00\",\"breadcrumb\":{\"@id\":\"https:\/\/vwdtest.com\/hu\/legal-statement\/#breadcrumb\"},\"inLanguage\":\"en-US\",\"potentialAction\":[{\"@type\":\"ReadAction\",\"target\":[\"https:\/\/vwdtest.com\/hu\/legal-statement\/\"]}]},{\"@type\":\"BreadcrumbList\",\"@id\":\"https:\/\/vwdtest.com\/hu\/legal-statement\/#breadcrumb\",\"itemListElement\":[{\"@type\":\"ListItem\",\"position\":1,\"name\":\"Home\",\"item\":\"https:\/\/vwdtest.com\/hu\/\"},{\"@type\":\"ListItem\",\"position\":2,\"name\":\"Jogi nyilatkozat\"}]},{\"@type\":\"WebSite\",\"@id\":\"https:\/\/vwdtest.com\/hu\/#website\",\"url\":\"https:\/\/vwdtest.com\/hu\/\",\"name\":\"Hungary\",\"description\":\"\",\"potentialAction\":[{\"@type\":\"SearchAction\",\"target\":{\"@type\":\"EntryPoint\",\"urlTemplate\":\"https:\/\/vwdtest.com\/hu\/?s={search_term_string}\"},\"query-input\":\"required name=search_term_string\"}],\"inLanguage\":\"en-US\"}]}<\/script>\n<!-- \/ Yoast SEO plugin. -->","yoast_head_json":{"title":"Jogi nyilatkozat - Hungary","robots":{"index":"noindex","follow":"follow"},"og_locale":"en_US","og_type":"article","og_title":"Jogi nyilatkozat - Hungary","og_description":"Felhaszn\u00e1l\u00e1si felt\u00e9telek Ez a weboldal az Octapharma AG (Seidenstrasse 2, 8853 Lachen, Sv\u00e1jc) finansz\u00edroz\u00e1s\u00e1val k\u00e9sz\u00fclt, \u00e9s orvosi szak\u00e9rt\u0151k, Dr. Fernando Corrales-Medina (klinikai gyermekgy\u00f3gy\u00e1szat adjunktus professzora, Miller Egyetem Orvostudom\u00e1nyi Kar, Miami, USA), Erik Berntorp professzor (klinikai v\u00e9ralvad\u00e1si kutat\u00e1s professzora, Lundi Egyetem, Sv\u00e9dorsz\u00e1g) \u00e9s nemzetk\u00f6zi v\u00e9rz\u00e9si rendelleness\u00e9gekkel foglalkoz\u00f3 szak\u00e9rt\u0151i csapata (a tov\u00e1bbiakban: &#8220;Nemzetk\u00f6zi szak\u00e9rt\u0151i csoport&#8221;) k\u00f6zrem\u0171k\u00f6d\u00e9s\u00e9vel fejlesztett\u00e9k. [&hellip;]","og_url":"https:\/\/vwdtest.com\/hu\/legal-statement\/","og_site_name":"Hungary","article_modified_time":"2026-01-04T15:14:31+00:00","twitter_card":"summary_large_image","twitter_misc":{"Est. reading time":"5 minutes"},"schema":{"@context":"https:\/\/schema.org","@graph":[{"@type":"WebPage","@id":"https:\/\/vwdtest.com\/hu\/legal-statement\/","url":"https:\/\/vwdtest.com\/hu\/legal-statement\/","name":"Jogi nyilatkozat - Hungary","isPartOf":{"@id":"https:\/\/vwdtest.com\/hu\/#website"},"datePublished":"2023-02-21T21:22:33+00:00","dateModified":"2026-01-04T15:14:31+00:00","breadcrumb":{"@id":"https:\/\/vwdtest.com\/hu\/legal-statement\/#breadcrumb"},"inLanguage":"en-US","potentialAction":[{"@type":"ReadAction","target":["https:\/\/vwdtest.com\/hu\/legal-statement\/"]}]},{"@type":"BreadcrumbList","@id":"https:\/\/vwdtest.com\/hu\/legal-statement\/#breadcrumb","itemListElement":[{"@type":"ListItem","position":1,"name":"Home","item":"https:\/\/vwdtest.com\/hu\/"},{"@type":"ListItem","position":2,"name":"Jogi nyilatkozat"}]},{"@type":"WebSite","@id":"https:\/\/vwdtest.com\/hu\/#website","url":"https:\/\/vwdtest.com\/hu\/","name":"Hungary","description":"","potentialAction":[{"@type":"SearchAction","target":{"@type":"EntryPoint","urlTemplate":"https:\/\/vwdtest.com\/hu\/?s={search_term_string}"},"query-input":"required name=search_term_string"}],"inLanguage":"en-US"}]}},"_links":{"self":[{"href":"https:\/\/vwdtest.com\/hu\/wp-json\/wp\/v2\/pages\/263"}],"collection":[{"href":"https:\/\/vwdtest.com\/hu\/wp-json\/wp\/v2\/pages"}],"about":[{"href":"https:\/\/vwdtest.com\/hu\/wp-json\/wp\/v2\/types\/page"}],"author":[{"embeddable":true,"href":"https:\/\/vwdtest.com\/hu\/wp-json\/wp\/v2\/users\/1"}],"replies":[{"embeddable":true,"href":"https:\/\/vwdtest.com\/hu\/wp-json\/wp\/v2\/comments?post=263"}],"version-history":[{"count":16,"href":"https:\/\/vwdtest.com\/hu\/wp-json\/wp\/v2\/pages\/263\/revisions"}],"predecessor-version":[{"id":4090,"href":"https:\/\/vwdtest.com\/hu\/wp-json\/wp\/v2\/pages\/263\/revisions\/4090"}],"wp:attachment":[{"href":"https:\/\/vwdtest.com\/hu\/wp-json\/wp\/v2\/media?parent=263"}],"curies":[{"name":"wp","href":"https:\/\/api.w.org\/{rel}","templated":true}]}}