{"id":259,"date":"2023-02-21T21:13:32","date_gmt":"2023-02-21T21:13:32","guid":{"rendered":"https:\/\/new.vwdtest.com\/hu\/?page_id=259"},"modified":"2026-01-20T21:22:34","modified_gmt":"2026-01-20T21:22:34","slug":"hcp-vwd","status":"publish","type":"page","link":"https:\/\/vwdtest.com\/hu\/hcp-vwd\/","title":{"rendered":"Az eg\u00e9szs\u00e9g\u00fcgyi szakszem\u00e9lyzet \u00e9s a VWD"},"content":{"rendered":"\r\n\r\n<div class=\"container hb\">\r\n\t<div class=\"row\">\r\n\t\t<div class=\"col-12 col-lg-6 rtl\">\t\t<div class=\"hb__video ltr\">\r\n\t\t\t<div class=\"hb__video-img play_video\" data-video=\"video_hba\"><img decoding=\"async\" src=\"https:\/\/vwdtest.com\/hu\/wp-content\/uploads\/sites\/63\/2023\/12\/VWD-thumbs-Corrales-English.png\"\r\n\t\t\t\t\tclass=\"hb__video-image\"><\/div>\r\n\t\t\t<div class=\"hb__video-text\">\r\n\t\t\t\t<h3 class=\"hb__video-title\">\r\n\t\t\t\t\tTudjon meg t\u00f6bbet a<br \/>\r\nVWDtest kezdem\u00e9nyez\u00e9sr\u0151l\t\t\t\t<\/h3>\r\n\t\t\t\t<button id=\"hcp_video\" class=\"hb__video-button button__large play_video\" data-video=\"video_hba\">\r\n\t\t\t\t\tMegn\u00e9zem\t\t\t\t<\/button>\r\n\t\t\t<\/div>\r\n\t\t<\/div>\r\n\t\t<div class=\"hb__add-text\">\r\n\t\t\t<h3><strong>vwdtest.com\/hu Dr. Fernando Corrales-Medina (a klinikai gyermekgy\u00f3gy\u00e1szat docense, Miami-Miller Egyetem Orvostudom\u00e1nyi Kara, USA), Erik Berntorp professzor (a klinikai v\u00e9ralvad\u00e1si kutat\u00e1s professzora, Lundi Egyetem, Sv\u00e9dorsz\u00e1g) \u00e9s a v\u00e9rz\u00e9si rendelleness\u00e9gek nemzetk\u00f6zi szak\u00e9rt\u0151ib\u0151l \u00e1ll\u00f3 csapatuk fejlesztette ki, hogy megv\u00e1laszolja a rendellenes v\u00e9rz\u00e9si t\u00fcnetekkel \u00e9s\u00a0 a <\/strong><a href=\"https:\/\/vwdtest.com\/hu\/von-willebrand-disease\/\">von Willebrand-k\u00f3rral <\/a><strong>(VWD) kapcsolatos k\u00e9rd\u00e9seit.<\/strong><\/h3>\n\t\t<\/div>\r\n\t\t<h1>\r\n\t\t\tEgy\u00fctt: A VWD-vel \u00e9l\u0151 emberek gondoz\u00e1sa\t\t<\/h1>\r\n\t\t<ul>\n<li>Agg\u00f3dik valamelyik betege gyakori orrv\u00e9rz\u00e9se vagy neh\u00e9z menstru\u00e1ci\u00f3ja miatt?<\/li>\n<li>Agg\u00f3dhat-e egy sz\u00fcl\u0151 az\u00e9rt, mert gyermeke nagyon k\u00f6nnyen megs\u00e9r\u00fcl?<\/li>\n<li>Kapcsolatba l\u00e9pett-e \u00d6nnel egy von Willebrand-k\u00f3rban szenved\u0151 beteg, aki kezel\u00e9st k\u00e9rt, vagy az egyik r\u00e9gi beteg\u00e9n\u00e9l nemr\u00e9giben diagnosztiz\u00e1lt\u00e1k a betegs\u00e9get?<\/li>\n<li>K\u00edv\u00e1ncsi arra, hogy egy nemr\u00e9giben elv\u00e9gzett elj\u00e1r\u00e1s sor\u00e1n fell\u00e9p\u0151 v\u00e9rz\u00e9s nem diagnosztiz\u00e1lt v\u00e9rz\u00e9si rendelleness\u00e9gre utal-e?<\/li>\n<\/ul>\n<div id=\"ts-body\">\n<div class=\"css-44 ts-pivot-container\">\n<div id=\"ContentContainer\">\n<div>\n<div>\n<div role=\"tabpanel\" aria-labelledby=\"Pivot0-Tab0\">\n<div class=\"ts-lookup-pivot\">\n<div id=\"Lookup\" class=\"ts-pivot-lookup-component\">\n<div class=\"ms-Grid ts-grid\">\n<div class=\"ms-Grid-row\">\n<div class=\"ts-textfield-container \" lang=\"hu\">\n<div class=\"ts-alignment-view-container\">\n<div id=\"ts-alignment-view-idtgt\" class=\"ts-alignment-view ms-font-m ts-alignment-view-tgt ts-ltr-left-zero\" aria-hidden=\"false\">\n<div role=\"label\"><span id=\"tgtAlignment_0\" class=\"ts-alignment-element\" data-is-focusable=\"true\">Sok<\/span> <a href=\"\/hu\/von-willebrand-disease\/\"><span id=\"tgtAlignment_1\" class=\"ts-alignment-element\" data-is-focusable=\"true\">Von<\/span> <span id=\"tgtAlignment_2\" class=\"ts-alignment-element\" data-is-focusable=\"true\">Willebrand<\/span><span id=\"tgtAlignment_3\" class=\"ts-alignment-element\" data-is-focusable=\"true\">&#8211;<\/span><span id=\"tgtAlignment_4\" class=\"ts-alignment-element\" data-is-focusable=\"true\">k\u00f3rban<\/span><\/a> <span id=\"tgtAlignment_5\" class=\"ts-alignment-element\" data-is-focusable=\"true\">(<\/span><span id=\"tgtAlignment_6\" class=\"ts-alignment-element\" data-is-focusable=\"true\">VWD<\/span><span id=\"tgtAlignment_7\" class=\"ts-alignment-element\" data-is-focusable=\"true\">)<\/span> <span id=\"tgtAlignment_8\" class=\"ts-alignment-element\" data-is-focusable=\"true\">szenved\u0151<\/span> <span id=\"tgtAlignment_9\" class=\"ts-alignment-element\" data-is-focusable=\"true\">beteg<\/span> <span id=\"tgtAlignment_10\" class=\"ts-alignment-element\" data-is-focusable=\"true\">nincs<\/span> <span id=\"tgtAlignment_11\" class=\"ts-alignment-element\" data-is-focusable=\"true\">tiszt\u00e1ban<\/span> <span id=\"tgtAlignment_12\" class=\"ts-alignment-element\" data-is-focusable=\"true\">\u00e1llapot\u00e1val<\/span><span id=\"tgtAlignment_13\" class=\"ts-alignment-element\" data-is-focusable=\"true\">,<\/span> <span id=\"tgtAlignment_14\" class=\"ts-alignment-element\" data-is-focusable=\"true\">\u00e9s<\/span> <span id=\"tgtAlignment_15\" class=\"ts-alignment-element\" data-is-focusable=\"true\">diagnosztiz\u00e1l\u00e1suk<\/span>\u00a0<span id=\"tgtAlignment_16\" class=\"ts-alignment-element\" data-is-focusable=\"true\">tov\u00e1bbra<\/span> <span id=\"tgtAlignment_17\" class=\"ts-alignment-element\" data-is-focusable=\"true\">is<\/span> <span id=\"tgtAlignment_18\" class=\"ts-alignment-element\" data-is-focusable=\"true\">kih\u00edv\u00e1st<\/span> <span id=\"tgtAlignment_19\" class=\"ts-alignment-element\" data-is-focusable=\"true\">jelent<\/span><span id=\"tgtAlignment_20\" class=\"ts-alignment-element\" data-is-focusable=\"true\">.<\/span> <span id=\"tgtAlignment_21\" class=\"ts-alignment-element\" data-is-focusable=\"true\">vwdtest.com\/hu<\/span> <span id=\"tgtAlignment_22\" class=\"ts-alignment-element\" data-is-focusable=\"true\">seg\u00edts\u00e9get<\/span> <span id=\"tgtAlignment_23\" class=\"ts-alignment-element\" data-is-focusable=\"true\">ny\u00fajt<\/span> <span id=\"tgtAlignment_24\" class=\"ts-alignment-element\" data-is-focusable=\"true\">a<\/span> <span id=\"tgtAlignment_25\" class=\"ts-alignment-element\" data-is-focusable=\"true\">v\u00e9rz\u00e9si<\/span> <span id=\"tgtAlignment_26\" class=\"ts-alignment-element\" data-is-focusable=\"true\">rendelleness\u00e9gekben<\/span> <span id=\"tgtAlignment_27\" class=\"ts-alignment-element\" data-is-focusable=\"true\">szenved\u0151<\/span> <span id=\"tgtAlignment_28\" class=\"ts-alignment-element\" data-is-focusable=\"true\">betegek<\/span> <span id=\"tgtAlignment_29\" class=\"ts-alignment-element\" data-is-focusable=\"true\">azonos\u00edt\u00e1s\u00e1ban<\/span> <span id=\"tgtAlignment_30\" class=\"ts-alignment-element\" data-is-focusable=\"true\">\u00e9s<\/span> <span id=\"tgtAlignment_31\" class=\"ts-alignment-element\" data-is-focusable=\"true\">diagnosztiz\u00e1l\u00e1s\u00e1ban<\/span><span id=\"tgtAlignment_32\" class=\"ts-alignment-element\" data-is-focusable=\"true\">.<\/span> <span id=\"tgtAlignment_33\" class=\"ts-alignment-element\" data-is-focusable=\"true\">\u00datmutat\u00e1st<\/span> <span id=\"tgtAlignment_34\" class=\"ts-alignment-element\" data-is-focusable=\"true\">is<\/span> <span id=\"tgtAlignment_35\" class=\"ts-alignment-element\" data-is-focusable=\"true\">tal\u00e1l<\/span> <span id=\"tgtAlignment_36\" class=\"ts-alignment-element\" data-is-focusable=\"true\">a<\/span> <span id=\"tgtAlignment_37\" class=\"ts-alignment-element\" data-is-focusable=\"true\">beteg\u00fat<\/span> <span id=\"tgtAlignment_38\" class=\"ts-alignment-element\" data-is-focusable=\"true\">sor\u00e1n<\/span> bet\u00f6lt\u00f6tt <span id=\"tgtAlignment_39\" class=\"ts-alignment-element\" data-is-focusable=\"true\">szerep\u00e9r\u0151l<\/span><span id=\"tgtAlignment_40\" class=\"ts-alignment-element\" data-is-focusable=\"true\">,<\/span> <span id=\"tgtAlignment_41\" class=\"ts-alignment-element\" data-is-focusable=\"true\">valamint<\/span> <span id=\"tgtAlignment_42\" class=\"ts-alignment-element\" data-is-focusable=\"true\">szak\u00e9rt\u0151i<\/span> <span id=\"tgtAlignment_43\" class=\"ts-alignment-element\" data-is-focusable=\"true\">tan\u00e1csokat<\/span> a <span id=\"tgtAlignment_44\" class=\"ts-alignment-element\" data-is-focusable=\"true\">VWD<\/span> menedzs<span id=\"tgtAlignment_45\" class=\"ts-alignment-element\" data-is-focusable=\"true\">el\u00e9s\u00e9hez<\/span><span id=\"tgtAlignment_46\" class=\"ts-alignment-element\" data-is-focusable=\"true\">.<\/span> <span id=\"tgtAlignment_47\" class=\"ts-alignment-element\" data-is-focusable=\"true\">A<\/span> <span id=\"tgtAlignment_48\" class=\"ts-alignment-element\" data-is-focusable=\"true\">VWD<\/span> <span id=\"tgtAlignment_49\" class=\"ts-alignment-element\" data-is-focusable=\"true\">diagnosztiz\u00e1l\u00e1sa<\/span> <span id=\"tgtAlignment_50\" class=\"ts-alignment-element\" data-is-focusable=\"true\">\u00e9s<\/span> <span id=\"tgtAlignment_51\" class=\"ts-alignment-element\" data-is-focusable=\"true\">kezel\u00e9se<\/span> <span id=\"tgtAlignment_52\" class=\"ts-alignment-element\" data-is-focusable=\"true\">mindig<\/span> <span id=\"tgtAlignment_53\" class=\"ts-alignment-element\" data-is-focusable=\"true\">multidiszciplin\u00e1ris<\/span> <span id=\"tgtAlignment_54\" class=\"ts-alignment-element\" data-is-focusable=\"true\">er\u0151fesz\u00edt\u00e9sek eredm\u00e9nye<\/span><span id=\"tgtAlignment_55\" class=\"ts-alignment-element\" data-is-focusable=\"true\">,<\/span> <span id=\"tgtAlignment_56\" class=\"ts-alignment-element\" data-is-focusable=\"true\">\u00e9s<\/span> <span id=\"tgtAlignment_57\" class=\"ts-alignment-element\" data-is-focusable=\"true\">az<\/span> <span id=\"tgtAlignment_58\" class=\"ts-alignment-element\" data-is-focusable=\"true\">\u00d6n<\/span> <span id=\"tgtAlignment_59\" class=\"ts-alignment-element\" data-is-focusable=\"true\">hozz\u00e1j\u00e1rul\u00e1sa<\/span> <span id=\"tgtAlignment_60\" class=\"ts-alignment-element\" data-is-focusable=\"true\">\u00e9s<\/span> <span id=\"tgtAlignment_61\" class=\"ts-alignment-element\" data-is-focusable=\"true\">szak\u00e9rtelme<\/span> <span id=\"tgtAlignment_62\" class=\"ts-alignment-element\" data-is-focusable=\"true\">elengedhetetlen<\/span> <span id=\"tgtAlignment_63\" class=\"ts-alignment-element\" data-is-focusable=\"true\">annak<\/span> <span id=\"tgtAlignment_64\" class=\"ts-alignment-element\" data-is-focusable=\"true\">biztos\u00edt\u00e1s\u00e1hoz<\/span><span id=\"tgtAlignment_65\" class=\"ts-alignment-element\" data-is-focusable=\"true\">,<\/span> <span id=\"tgtAlignment_66\" class=\"ts-alignment-element\" data-is-focusable=\"true\">hogy<\/span> <span id=\"tgtAlignment_67\" class=\"ts-alignment-element\" data-is-focusable=\"true\">a<\/span> <span id=\"tgtAlignment_68\" class=\"ts-alignment-element\" data-is-focusable=\"true\">betegek<\/span> <span id=\"tgtAlignment_70\" class=\"ts-alignment-element\" data-is-focusable=\"true\">a<\/span> <span id=\"tgtAlignment_71\" class=\"ts-alignment-element\" data-is-focusable=\"true\">meg\u00e9rdemelt<\/span> <span id=\"tgtAlignment_72\" class=\"ts-alignment-element\" data-is-focusable=\"true\">ell\u00e1t\u00e1st megkapj\u00e1k<\/span><span id=\"tgtAlignment_73\" class=\"ts-alignment-element\" data-is-focusable=\"true\">.<\/span><\/div>\n<\/div>\n<\/div>\n<\/div>\n<\/div>\n<\/div>\n<\/div>\n<\/div>\n<\/div>\n<\/div>\n<\/div>\n<\/div>\n<\/div>\n<\/div>\n\t<\/div>\r\n\t<div class=\"col-12 col-lg-6\">\r\n\t<div class=\"hb__persons row\">\r\n\t\t\t\t\t\t\t\t\r\n\t\t\t\t<div class=\"hb__person col-6\" id=\"person_1\">\r\n\t\t\t\t\t<img decoding=\"async\" class=\"hb__person-image hbi\" src=\"https:\/\/vwdtest.com\/hu\/wp-content\/uploads\/sites\/63\/2023\/02\/gynaecologist.png\"\r\n\t\t\t\t\t\talt=\"N\u0150GY\u00d3GY\u00c1SZ&lt;br&gt;\/ SZ\u00dcL\u00c9SZ\">\r\n\t\t\t\t\t<a href=\"https:\/\/vwdtest.com\/hu\/vwd-and-gynaecology-obstetrics\/\" class=\"hb__person-button hbb\">\r\n\t\t\t\t\t\t<div class=\"hb__person-text\">\r\n\t\t\t\t\t\t\t<span class=\"hb__person-content\">\r\n\t\t\t\t\t\t\t\tN\u0150GY\u00d3GY\u00c1SZ<br>\/ SZ\u00dcL\u00c9SZ<span class=\"hb__person-content-arrow\"><\/span>\r\n\t\t\t\t\t\t\t<\/span>\r\n\t\t\t\t\t\t\t<span class=\"hb__person-bg\">\r\n\t\t\t\t\t\t\t\t<span class=\"hb__person-arrow triangle up hba\"><\/span>\r\n\t\t\t\t\t\t\t<\/span>\r\n\t\t\t\t\t\t<\/div>\r\n\t\t\t\t\t<\/a>\r\n\t\t\t\t<\/div>\r\n\t\t\t\t\t\t\t\r\n\t\t\t\t<div class=\"hb__person col-6\" id=\"person_2\">\r\n\t\t\t\t\t<img decoding=\"async\" class=\"hb__person-image hbi\" src=\"https:\/\/vwdtest.com\/hu\/wp-content\/uploads\/sites\/63\/2023\/02\/dentist.png\"\r\n\t\t\t\t\t\talt=\"FOGORVOS\">\r\n\t\t\t\t\t<a href=\"https:\/\/vwdtest.com\/hu\/vwd-and-denstistry\/\" class=\"hb__person-button hbb\">\r\n\t\t\t\t\t\t<div class=\"hb__person-text\">\r\n\t\t\t\t\t\t\t<span class=\"hb__person-content\">\r\n\t\t\t\t\t\t\t\tFOGORVOS<span class=\"hb__person-content-arrow\"><\/span>\r\n\t\t\t\t\t\t\t<\/span>\r\n\t\t\t\t\t\t\t<span class=\"hb__person-bg\">\r\n\t\t\t\t\t\t\t\t<span class=\"hb__person-arrow triangle up hba\"><\/span>\r\n\t\t\t\t\t\t\t<\/span>\r\n\t\t\t\t\t\t<\/div>\r\n\t\t\t\t\t<\/a>\r\n\t\t\t\t<\/div>\r\n\t\t\t\t\t\t\t\r\n\t\t\t\t<div class=\"hb__person col-6\" id=\"person_3\">\r\n\t\t\t\t\t<img decoding=\"async\" class=\"hb__person-image hbi\" src=\"https:\/\/vwdtest.com\/hu\/wp-content\/uploads\/sites\/63\/2023\/02\/family-doctor.png\"\r\n\t\t\t\t\t\talt=\"CSAL\u00c1DORVOS \/ &lt;br&gt;GYERMEKORVOS\">\r\n\t\t\t\t\t<a href=\"https:\/\/vwdtest.com\/hu\/family-doctor-paediatrician\/\" class=\"hb__person-button hbb\">\r\n\t\t\t\t\t\t<div class=\"hb__person-text\">\r\n\t\t\t\t\t\t\t<span class=\"hb__person-content\">\r\n\t\t\t\t\t\t\t\tCSAL\u00c1DORVOS \/ <br>GYERMEKORVOS<span class=\"hb__person-content-arrow\"><\/span>\r\n\t\t\t\t\t\t\t<\/span>\r\n\t\t\t\t\t\t\t<span class=\"hb__person-bg\">\r\n\t\t\t\t\t\t\t\t<span class=\"hb__person-arrow triangle up hba\"><\/span>\r\n\t\t\t\t\t\t\t<\/span>\r\n\t\t\t\t\t\t<\/div>\r\n\t\t\t\t\t<\/a>\r\n\t\t\t\t<\/div>\r\n\t\t\t\t\t\t\t\r\n\t\t\t\t<div class=\"hb__person col-6\" id=\"person_4\">\r\n\t\t\t\t\t<img decoding=\"async\" class=\"hb__person-image hbi\" src=\"https:\/\/vwdtest.com\/hu\/wp-content\/uploads\/sites\/63\/2023\/02\/resources.png\"\r\n\t\t\t\t\t\talt=\"Forr\u00e1sok&lt;br&gt;klinikusok sz\u00e1m\u00e1ra\">\r\n\t\t\t\t\t<a href=\"https:\/\/vwdtest.com\/hu\/clinician-materials\/\" class=\"hb__person-button hbb\">\r\n\t\t\t\t\t\t<div class=\"hb__person-text\">\r\n\t\t\t\t\t\t\t<span class=\"hb__person-content\">\r\n\t\t\t\t\t\t\t\tForr\u00e1sok<br>klinikusok sz\u00e1m\u00e1ra<span class=\"hb__person-content-arrow\"><\/span>\r\n\t\t\t\t\t\t\t<\/span>\r\n\t\t\t\t\t\t\t<span class=\"hb__person-bg\">\r\n\t\t\t\t\t\t\t\t<span class=\"hb__person-arrow triangle up hba\"><\/span>\r\n\t\t\t\t\t\t\t<\/span>\r\n\t\t\t\t\t\t<\/div>\r\n\t\t\t\t\t<\/a>\r\n\t\t\t\t<\/div>\r\n\t\t\t\t\t\t\t\t\t\t<\/div>\r\n<\/div>\r\n<!-- <div class=\"row\">\r\n\t<div class=\"col-12 col-lg-5\">\r\n\t\t<div class=\"hb__video\">\r\n\t\t\t<div class=\"hb__video-img play_video\" data-video=\"video_hba\"><img decoding=\"async\" src=\"https:\/\/vwdtest.com\/hu\/wp-content\/uploads\/sites\/63\/2023\/12\/VWD-thumbs-Corrales-English.png\"\r\n\t\t\t\t\tclass=\"hb__video-image\"><\/div>\r\n\t\t\t<div class=\"hb__video-text\">\r\n\t\t\t\t<h3 class=\"hb__video-title\">\r\n\t\t\t\t\tTudjon meg t\u00f6bbet a<br \/>\r\nVWDtest kezdem\u00e9nyez\u00e9sr\u0151l\t\t\t\t<\/h3>\r\n\t\t\t\t<button class=\"hb__video-button button__large play_video\" data-video=\"video_hba\">\r\n\t\t\t\t\tMegn\u00e9zem\t\t\t\t<\/button>\r\n\t\t\t<\/div>\r\n\t\t<\/div>\r\n\t<\/div>\r\n\t<div class=\"col-12 col-lg-7\">\r\n\t\t<div class=\"hb__add-text\">\r\n\t\t\t<h3><strong>vwdtest.com\/hu Dr. Fernando Corrales-Medina (a klinikai gyermekgy\u00f3gy\u00e1szat docense, Miami-Miller Egyetem Orvostudom\u00e1nyi Kara, USA), Erik Berntorp professzor (a klinikai v\u00e9ralvad\u00e1si kutat\u00e1s professzora, Lundi Egyetem, Sv\u00e9dorsz\u00e1g) \u00e9s a v\u00e9rz\u00e9si rendelleness\u00e9gek nemzetk\u00f6zi szak\u00e9rt\u0151ib\u0151l \u00e1ll\u00f3 csapatuk fejlesztette ki, hogy megv\u00e1laszolja a rendellenes v\u00e9rz\u00e9si t\u00fcnetekkel \u00e9s\u00a0 a <\/strong><a href=\"https:\/\/vwdtest.com\/hu\/von-willebrand-disease\/\">von Willebrand-k\u00f3rral <\/a><strong>(VWD) kapcsolatos k\u00e9rd\u00e9seit.<\/strong><\/h3>\n\t\t<\/div>\r\n\t<\/div>\r\n<\/div> -->\r\n<\/div>\r\n\r\n<div class=\"video\" id=\"video_hba\">\r\n\t<div class=\"video__box\">\r\n\t\t<div class=\"popup-close-icon\"><img\r\n\t\t\t\tsrc=\"https:\/\/vwdtest.com\/fr\/wp-content\/uploads\/sites\/22\/2023\/09\/cross-icon1.svg\" alt=\"cross-icon\">\r\n\t\t<\/div>\r\n\t\t<video width=\"320\" height=\"240\" controls>\r\n\t\t\t<source src=\"https:\/\/vwdtest.com\/hu\/wp-content\/uploads\/sites\/63\/2026\/01\/0-as-video.mp4\" type=\"video\/mp4\">\r\n\t\t\tYour browser does not support the video tag.\r\n\t\t\t\t\t<\/video>\r\n\t<\/div>\r\n<\/div>","protected":false},"excerpt":{"rendered":"","protected":false},"author":1,"featured_media":0,"parent":0,"menu_order":0,"comment_status":"closed","ping_status":"closed","template":"front-page.php","meta":{"inline_featured_image":false},"acf":[],"yoast_head":"<!-- This site is optimized with the Yoast SEO plugin v20.4 - https:\/\/yoast.com\/wordpress\/plugins\/seo\/ -->\n<title>Az eg\u00e9szs\u00e9g\u00fcgyi szakszem\u00e9lyzet \u00e9s a VWD - Hungary<\/title>\n<meta name=\"robots\" content=\"noindex, follow\" \/>\n<meta property=\"og:locale\" content=\"en_US\" \/>\n<meta property=\"og:type\" content=\"article\" \/>\n<meta property=\"og:title\" content=\"Az eg\u00e9szs\u00e9g\u00fcgyi szakszem\u00e9lyzet \u00e9s a VWD - Hungary\" \/>\n<meta property=\"og:url\" content=\"https:\/\/vwdtest.com\/hu\/hcp-vwd\/\" \/>\n<meta property=\"og:site_name\" content=\"Hungary\" \/>\n<meta property=\"article:modified_time\" content=\"2026-01-20T21:22:34+00:00\" \/>\n<meta name=\"twitter:card\" content=\"summary_large_image\" \/>\n<script type=\"application\/ld+json\" class=\"yoast-schema-graph\">{\"@context\":\"https:\/\/schema.org\",\"@graph\":[{\"@type\":\"WebPage\",\"@id\":\"https:\/\/vwdtest.com\/hu\/hcp-vwd\/\",\"url\":\"https:\/\/vwdtest.com\/hu\/hcp-vwd\/\",\"name\":\"Az eg\u00e9szs\u00e9g\u00fcgyi szakszem\u00e9lyzet \u00e9s a VWD - Hungary\",\"isPartOf\":{\"@id\":\"https:\/\/vwdtest.com\/hu\/#website\"},\"datePublished\":\"2023-02-21T21:13:32+00:00\",\"dateModified\":\"2026-01-20T21:22:34+00:00\",\"breadcrumb\":{\"@id\":\"https:\/\/vwdtest.com\/hu\/hcp-vwd\/#breadcrumb\"},\"inLanguage\":\"en-US\",\"potentialAction\":[{\"@type\":\"ReadAction\",\"target\":[\"https:\/\/vwdtest.com\/hu\/hcp-vwd\/\"]}]},{\"@type\":\"BreadcrumbList\",\"@id\":\"https:\/\/vwdtest.com\/hu\/hcp-vwd\/#breadcrumb\",\"itemListElement\":[{\"@type\":\"ListItem\",\"position\":1,\"name\":\"Home\",\"item\":\"https:\/\/vwdtest.com\/hu\/\"},{\"@type\":\"ListItem\",\"position\":2,\"name\":\"Az eg\u00e9szs\u00e9g\u00fcgyi szakszem\u00e9lyzet \u00e9s a VWD\"}]},{\"@type\":\"WebSite\",\"@id\":\"https:\/\/vwdtest.com\/hu\/#website\",\"url\":\"https:\/\/vwdtest.com\/hu\/\",\"name\":\"Hungary\",\"description\":\"\",\"potentialAction\":[{\"@type\":\"SearchAction\",\"target\":{\"@type\":\"EntryPoint\",\"urlTemplate\":\"https:\/\/vwdtest.com\/hu\/?s={search_term_string}\"},\"query-input\":\"required name=search_term_string\"}],\"inLanguage\":\"en-US\"}]}<\/script>\n<!-- \/ Yoast SEO plugin. -->","yoast_head_json":{"title":"Az eg\u00e9szs\u00e9g\u00fcgyi szakszem\u00e9lyzet \u00e9s a VWD - Hungary","robots":{"index":"noindex","follow":"follow"},"og_locale":"en_US","og_type":"article","og_title":"Az eg\u00e9szs\u00e9g\u00fcgyi szakszem\u00e9lyzet \u00e9s a VWD - Hungary","og_url":"https:\/\/vwdtest.com\/hu\/hcp-vwd\/","og_site_name":"Hungary","article_modified_time":"2026-01-20T21:22:34+00:00","twitter_card":"summary_large_image","schema":{"@context":"https:\/\/schema.org","@graph":[{"@type":"WebPage","@id":"https:\/\/vwdtest.com\/hu\/hcp-vwd\/","url":"https:\/\/vwdtest.com\/hu\/hcp-vwd\/","name":"Az eg\u00e9szs\u00e9g\u00fcgyi szakszem\u00e9lyzet \u00e9s a VWD - Hungary","isPartOf":{"@id":"https:\/\/vwdtest.com\/hu\/#website"},"datePublished":"2023-02-21T21:13:32+00:00","dateModified":"2026-01-20T21:22:34+00:00","breadcrumb":{"@id":"https:\/\/vwdtest.com\/hu\/hcp-vwd\/#breadcrumb"},"inLanguage":"en-US","potentialAction":[{"@type":"ReadAction","target":["https:\/\/vwdtest.com\/hu\/hcp-vwd\/"]}]},{"@type":"BreadcrumbList","@id":"https:\/\/vwdtest.com\/hu\/hcp-vwd\/#breadcrumb","itemListElement":[{"@type":"ListItem","position":1,"name":"Home","item":"https:\/\/vwdtest.com\/hu\/"},{"@type":"ListItem","position":2,"name":"Az eg\u00e9szs\u00e9g\u00fcgyi szakszem\u00e9lyzet \u00e9s a VWD"}]},{"@type":"WebSite","@id":"https:\/\/vwdtest.com\/hu\/#website","url":"https:\/\/vwdtest.com\/hu\/","name":"Hungary","description":"","potentialAction":[{"@type":"SearchAction","target":{"@type":"EntryPoint","urlTemplate":"https:\/\/vwdtest.com\/hu\/?s={search_term_string}"},"query-input":"required name=search_term_string"}],"inLanguage":"en-US"}]}},"_links":{"self":[{"href":"https:\/\/vwdtest.com\/hu\/wp-json\/wp\/v2\/pages\/259"}],"collection":[{"href":"https:\/\/vwdtest.com\/hu\/wp-json\/wp\/v2\/pages"}],"about":[{"href":"https:\/\/vwdtest.com\/hu\/wp-json\/wp\/v2\/types\/page"}],"author":[{"embeddable":true,"href":"https:\/\/vwdtest.com\/hu\/wp-json\/wp\/v2\/users\/1"}],"replies":[{"embeddable":true,"href":"https:\/\/vwdtest.com\/hu\/wp-json\/wp\/v2\/comments?post=259"}],"version-history":[{"count":104,"href":"https:\/\/vwdtest.com\/hu\/wp-json\/wp\/v2\/pages\/259\/revisions"}],"predecessor-version":[{"id":4220,"href":"https:\/\/vwdtest.com\/hu\/wp-json\/wp\/v2\/pages\/259\/revisions\/4220"}],"wp:attachment":[{"href":"https:\/\/vwdtest.com\/hu\/wp-json\/wp\/v2\/media?parent=259"}],"curies":[{"name":"wp","href":"https:\/\/api.w.org\/{rel}","templated":true}]}}