{"id":138,"date":"2023-02-16T10:15:43","date_gmt":"2023-02-16T10:15:43","guid":{"rendered":"https:\/\/new.vwdtest.com\/hu\/?page_id=138"},"modified":"2025-04-08T08:49:51","modified_gmt":"2025-04-08T08:49:51","slug":"nehez-idoszakok","status":"publish","type":"page","link":"https:\/\/vwdtest.com\/hu\/nehez-idoszakok\/","title":{"rendered":"Neh\u00e9z id\u0151szakaim vannak"},"content":{"rendered":"<div class=\"default-block container\">\n<h3>T\u00fal neh\u00e9z vagy t\u00fal sok\u00e1ig tart a menstru\u00e1ci\u00f3ja?<\/h3>\n<\/div>\n\n<div class=\"default-block container\">\n<h5 class=\"bleeding-symptoms-title helpful live\">A menstru\u00e1ci\u00f3 alatt folyamatosan f\u00e1radtnak \u00e9rzi mag\u00e1t, \u00e9s nehezen tud koncentr\u00e1lni az \u00f3r\u00e1kon vagy a munkahelyen? Annyira kimer\u00fcltnek \u00e9rzed magad, hogy elker\u00fcl\u00f6d a kimozdul\u00e1st? F\u00e1jdalmas g\u00f6rcs\u00f6ket tapasztal a menstru\u00e1ci\u00f3 alatt? L\u00e9gszomj van k\u00f6nny\u0171 edz\u00e9s ut\u00e1n? F\u00e9lsz ny\u00e1ron feh\u00e9r ruh\u00e1t viselni a v\u00e9rz\u00e9sed miatt?\n<\/h5>\n<\/div>\n\n<div class=\"default-block container\">\n<p class=\"full\">Ha b\u00e1rmelyik k\u00e9rd\u00e9sre &#8220;igen&#8221;-nel v\u00e1laszol, fenn\u00e1ll annak az es\u00e9lye, hogy <a href=\"https:\/\/vwdtest.com\/hu\/bleeding-symptoms\/#hmb\" data-type=\"page\" data-id=\"69\">er\u0151s menstru\u00e1ci\u00f3s v\u00e9rz\u00e9st tapasztal<\/a>. A s\u00falyos menstru\u00e1ci\u00f3s v\u00e9rz\u00e9s vagy menorrhagia meglehet\u0151sen gyakori, \u00e9s jelent\u0151sen befoly\u00e1solhatja mindennapi \u00e9let\u00e9t \u00e9s  <a href=\"https:\/\/vwdtest.com\/hu\/i-live-with-vwd\/#mental-health\">a fizikai vagy ment\u00e1lis eg\u00e9szs\u00e9g\u00e9t<\/a>. 4-b\u0151l k\u00f6r\u00fclbel\u00fcl 1 n\u0151 \u00e9s l\u00e1ny tapasztalja az er\u0151s menstru\u00e1ci\u00f3s v\u00e9rz\u00e9s t\u00fcneteit eg\u00e9sz \u00e9let\u00e9ben. B\u00e1r a s\u00falyos menstru\u00e1ci\u00f3s v\u00e9rz\u00e9s gyakori, gyakran figyelmen k\u00edv\u00fcl hagyj\u00e1k. Ez azt jelenti, hogy sok n\u0151 \u00e9s l\u00e1ny sz\u00fcks\u00e9gtelen\u00fcl szenved, mert az er\u0151s menstru\u00e1ci\u00f3s v\u00e9rz\u00e9s kezelhet\u0151.<sup>1-3<\/sup><\/p>\n<\/div>\n\n<img decoding=\"async\" src=\"https:\/\/vwdtest.com\/hu\/wp-content\/uploads\/sites\/63\/2023\/02\/periods.webp\" alt=\"Neh\u00e9z id\u0151szakaim vannak\" class=\"page_thumbnail d-xl-none\">\r\n\n\n<div class=\"default-block container\">\n<h3>A neh\u00e9z id\u0151szakok okai<\/h3>\n<\/div>\n\n<div class=\"default-block container\">\n<p class=\"full\">Az er\u0151s menstru\u00e1ci\u00f3s v\u00e9rz\u00e9snek sz\u00e1mos lehets\u00e9ges oka lehet <a data-type=\"page\" data-id=\"69\" href=\"https:\/\/vwdtest.com\/hu\/bleeding-symptoms\/#hmb\">heavy menstrual bleeding<\/a>. A pontos ok ismerete fontos a megfelel\u0151 kezel\u00e9s kiv\u00e1laszt\u00e1s\u00e1hoz.<sup>3<\/sup> Az er\u0151s menstru\u00e1ci\u00f3s v\u00e9rz\u00e9sben szenved\u0151 n\u0151k k\u00f6z\u00fcl 5-b\u0151l k\u00f6r\u00fclbel\u00fcl 1-nek van v\u00e9rz\u00e9si rendelleness\u00e9ge. A leggyakoribb v\u00e9rz\u00e9si rendelleness\u00e9g <a href=\"https:\/\/vwdtest.com\/hu\/von-willebrand-disease\/\" rel=\"noreferrer noopener\">von Willebrand disease<\/a> (VWD). Szinte minden VWD-ben szenved\u0151 n\u0151nek er\u0151s menstru\u00e1ci\u00f3s v\u00e9rz\u00e9se van. Sajnos a VWD-t t\u00fal gyakran figyelmen k\u00edv\u00fcl hagyj\u00e1k, mint a s\u00falyos menstru\u00e1ci\u00f3s v\u00e9rz\u00e9s ok\u00e1t. Ezenk\u00edv\u00fcl n\u00e9h\u00e1ny kezel\u00e9s, amely szab\u00e1lyozza a s\u00falyos menstru\u00e1ci\u00f3s v\u00e9rz\u00e9st, nem v\u00e9di meg a VWD-ben szenved\u0151 n\u0151ket a betegs\u00e9g egy\u00e9b sz\u00f6v\u0151dm\u00e9nyeit\u0151l. Diagn\u00f3zis n\u00e9lk\u00fcl ezekn\u00e9l a n\u0151kn\u00e9l tov\u00e1bbra is fenn\u00e1ll a t\u00falzott v\u00e9rz\u00e9s kock\u00e1zata a terhess\u00e9g alatt, valamint sz\u00fcl\u00e9s alatt \u00e9s ut\u00e1n<a href=\"https:\/\/vwdtest.com\/hu\/i-live-with-vwd\/#childbirth\">childbirth<\/a>. A VWD kezelhet\u0151, \u00edgy ha a diagn\u00f3zis a terhess\u00e9g el\u0151tt ismert, a v\u00e9rz\u00e9s szab\u00e1lyozhat\u00f3, \u00e9s a VWD-ben szenved\u0151 n\u0151k norm\u00e1lis terhess\u00e9get \u00e9lhetnek.<sup>2,4<\/sup><\/p>\n<\/div>\n\n<div class=\"default-block container\">\n<h3>Lehet, hogy nem \u00d6n az egyetlen a csal\u00e1dj\u00e1ban, akinek v\u00e9rz\u00e9ses t\u00fcnetei vannak <\/h3>\n<\/div>\n\n<div class=\"default-block container\">\n<p class=\"full\">Ha bizonytalan a menstru\u00e1ci\u00f3val kapcsolatban, lehet, hogy megbesz\u00e9li \u0151ket a csal\u00e1d m\u00e1s n\u0151tagjaival. \u00c9desanyja, nagyn\u00e9nje vagy n\u0151v\u00e9re hasonl\u00f3 v\u00e9rz\u00e9st tapasztalhat, \u00e9s elmondhatja \u00d6nnek, hogy a menstru\u00e1ci\u00f3ja norm\u00e1lis. Ez azonban nem mindig igaz. T\u00f6bbek k\u00f6z\u00f6tt a s\u00falyos menstru\u00e1ci\u00f3s v\u00e9rz\u00e9s \u00f6r\u00f6kletes v\u00e9rz\u00e9si rendelleness\u00e9gek k\u00f6vetkezm\u00e9nye lehet. <sup>2,3<\/sup> Ezek a rendelleness\u00e9gek a csal\u00e1d t\u00f6bb tagj\u00e1t is \u00e9rinthetik. Ha a menstru\u00e1ci\u00f3ja befoly\u00e1solja mindennapi \u00e9let\u00e9t \u00e9s j\u00f3l\u00e9t\u00e9t, javasoljuk, hogy besz\u00e9ljen orvos\u00e1val a v\u00e9rz\u00e9s\u00e9r\u0151l.<\/p>\n<\/div>\n\n<div class=\"default-block container\">\n<h3>Tudja meg, hogy v\u00e9rz\u00e9se norm\u00e1lis-e<\/h3>\n<\/div>\n\n<div class=\"default-block container\">\n<p class=\"full\">Mennyi v\u00e9rz\u00e9s t\u00fal sok? Ezt a k\u00e9rd\u00e9st n\u00e9ha neh\u00e9z megv\u00e1laszolni. A s\u00falyos menstru\u00e1ci\u00f3s v\u00e9rz\u00e9s tipikus jelei k\u00f6z\u00e9 tartozik a t\u00f6bb mint egy h\u00e9tig tart\u00f3 v\u00e9rz\u00e9s, n\u00e9h\u00e1ny \u00f3r\u00e1nk\u00e9nt cser\u00e9lni kell a bet\u00e9tet vagy a tampont, v\u00e9rzik a ruh\u00e1ja vagy \u00e1gynem\u0171je, \u00e9s nagy v\u00e9rr\u00f6g\u00f6k keletkeznek.<sup>5<\/sup> Annak \u00e9rdek\u00e9ben, hogy t\u00f6bbet tudjon meg a menstru\u00e1ci\u00f3s v\u00e9rz\u00e9sr\u0151l, a tud\u00f3sok kifejlesztettek egy egyszer\u0171 <a href=\"#\" id=\"showPdf\"> egyszer\u0171 menstru\u00e1ci\u00f3s pontk\u00e1rty\u00e1t<\/a>. Ebben a k\u00e1rty\u00e1ban megjegyezheti, hogy h\u00e1ny eg\u00e9szs\u00e9g\u00fcgyi term\u00e9ket haszn\u00e1l naponta. Ez az inform\u00e1ci\u00f3 seg\u00edt \u00d6nnek \u00e9s kezel\u0151orvos\u00e1nak kider\u00edteni, ha er\u0151s menstru\u00e1ci\u00f3s v\u00e9rz\u00e9se van.<sup>6<\/sup><\/p>\n<div class=\"video test\" id=\"\">\n\n    <div class=\"video__box\">\n        <div class=\"popup-main-wrapper\">\n            <div class=\"popup-wrapper\">\n                <div class=\"popup-close-icon\"><img decoding=\"async\" src=\"https:\/\/vwdtest.com\/hu\/fr\/wp-content\/uploads\/sites\/63\/sites\/22\/2023\/09\/cross-icon1.svg\" alt=\"cross-icon\">\n                <\/div>\n                \n            <\/div>\n        <\/div>\n\n    <\/div>\n<\/div>\n<\/div>\n\n<div class=\"default-block container\">\n<div style=\"height:30px\" aria-hidden=\"true\" class=\"wp-block-spacer\"><\/div>\n<\/div>\n\n<div class=\"default-block container\">\n<div class=\"is-content-justification-right is-layout-flex wp-container-1 wp-block-buttons\">\n<div class=\"wp-block-button download increase_download_count\"><a class=\"wp-block-button__link wp-element-button\" href=\"https:\/\/vwdtest.com\/hu\/wp-content\/uploads\/sites\/63\/2023\/09\/8815-PBAC-HR-proof-4.pdf\" target=\"_blank\" rel=\"noreferrer noopener\">Pontoz\u00e1si K\u00e1rtya Let\u00f6lt\u00e9se<\/a><\/div>\n<\/div>\n<\/div>\n\n<div class=\"default-block container\">\n<div style=\"height:30px\" aria-hidden=\"true\" class=\"wp-block-spacer\"><\/div>\n<\/div>\n\n<div class=\"default-block container\">\n<div style=\"height:60px\" aria-hidden=\"true\" class=\"wp-block-spacer\"><\/div>\n<\/div>\n\n<div class=\"default-block container\">\n<p class=\"full\">N\u00e9ha az er\u0151s menstru\u00e1ci\u00f3s v\u00e9rz\u00e9sben szenved\u0151 n\u0151k \u00e9s l\u00e1nyok gyakran v\u00e9reznek az <a data-type=\"page\" data-id=\"69\" href=\"https:\/\/vwdtest.com\/hu\/bleeding-symptoms\/#nosebleed\"><\/a>orrb\u00f3l vagy az <a data-type=\"page\" data-id=\"69\" href=\"https:\/\/vwdtest.com\/hu\/bleeding-symptoms\/#oral-bleed\">\u00edny\u00fckb\u0151l<\/a>. A v\u00e9rvesztes\u00e9g <a data-type=\"page\" data-id=\"69\" href=\"https:\/\/vwdtest.com\/hu\/bleeding-symptoms\/#fatigue\">vashi\u00e1nyhoz \u00e9s v\u00e9rszeg\u00e9nys\u00e9ghez vezethet<\/a>, f\u00e1radtnak \u00e9s kimer\u00fcltnek \u00e9rezheti mag\u00e1t. Ha ezen t\u00fcnetek b\u00e1rmelyik\u00e9t tapasztalta, vagy fogh\u00faz\u00e1s vagy m\u00e1s kisebb m\u0171t\u00e9ti beavatkoz\u00e1s ut\u00e1n v\u00e9rzett, javasoljuk, hogy v\u00e9gezze el <a data-type=\"page\" data-id=\"58\" href=\"https:\/\/vwdtest.com\/hu\/take-test\/\">v\u00e9rz\u00e9si teszt\u00fcnket<\/a>. A kutat\u00f3k az\u00e9rt fejlesztett\u00e9k ki ezt a tesztet, hogy seg\u00edtsen kider\u00edteni, hogy a v\u00e9rz\u00e9se norm\u00e1lis-e vagy <sup>sem.2<\/sup> Csak n\u00e9h\u00e1ny percet vesz ig\u00e9nybe, \u00e9s megmondja, hogy orvoshoz kell-e fordulnia a v\u00e9rz\u00e9se miatt. Ez m\u00e9g fontosabb lehet, ha m\u0171t\u00e9t el\u0151tt \u00e1ll<\/p>\n<\/div>\n\n<div class=\"default-block container\">\n<div class=\"is-content-justification-right is-layout-flex wp-container-2 wp-block-buttons\">\n<div class=\"wp-block-button take-test\"><a class=\"wp-block-button__link wp-element-button\" href=\"\/take-test\">T\u00f6ltse ki a tesztet<\/a><\/div>\n<\/div>\n<\/div>\n\n<div class=\"default-block container\">\n<h6>References<\/h6>\n<\/div>\n\n<div class=\"default-block container\">\n<ol type=\"1\"><div class=\"default-block container\">\n<li>Fraser IS et al. Int J Gynaecol Obstet 2015; 128:196-200.<\/li>\n<\/div>\n\n<div class=\"default-block container\">\n<li><a href=\"https:\/\/pubmed.ncbi.nlm.nih.gov\/36210240\/\" target=\"_blank\" rel=\"noreferrer noopener\">Corrales-Medina FF et al. <em>Blood Rev<\/em><\/a><em> <\/em>2023; 58:101018. <\/li>\n<\/div>\n\n<div class=\"default-block container\">\n<li><a href=\"https:\/\/www.acog.org\/womens-health\/faqs\/heavy-menstrual-bleeding\" target=\"_blank\" rel=\"noreferrer noopener\">https:\/\/www.acog.org\/womens-health\/faqs\/heavy-menstrual-bleeding<\/a>; last accessed Jan 2023..<\/li>\n<\/div>\n\n<div class=\"default-block container\">\n<li><a href=\"https:\/\/www.cdc.gov\/ncbddd\/vwd\/women.html\" target=\"_blank\" rel=\"noreferrer noopener\">https:\/\/www.cdc.gov\/ncbddd\/vwd\/women.html<\/a>; last accessed Jan 2023.<\/li>\n<\/div>\n\n<div class=\"default-block container\">\n<li><a href=\"https:\/\/www.nhs.uk\/conditions\/heavy-periods\/\" target=\"_blank\" rel=\"noreferrer noopener\">https:\/\/www.nhs.uk\/conditions\/heavy-periods\/<\/a>; last accessed Jan 2023.<\/li>\n<\/div>\n\n<div class=\"default-block container\">\n<li>Higham JM et al. Br J Obstet Gynaecol 1990; 97:734-9.<\/li>\n<\/div><\/ol>\n<\/div>","protected":false},"excerpt":{"rendered":"<p>T\u00fal neh\u00e9z vagy t\u00fal sok\u00e1ig tart a menstru\u00e1ci\u00f3ja? A menstru\u00e1ci\u00f3 alatt folyamatosan f\u00e1radtnak \u00e9rzi mag\u00e1t, \u00e9s nehezen tud koncentr\u00e1lni az \u00f3r\u00e1kon vagy a munkahelyen? Annyira kimer\u00fcltnek \u00e9rzed magad, hogy elker\u00fcl\u00f6d a kimozdul\u00e1st? F\u00e1jdalmas g\u00f6rcs\u00f6ket tapasztal a menstru\u00e1ci\u00f3 alatt? L\u00e9gszomj van k\u00f6nny\u0171 edz\u00e9s ut\u00e1n? F\u00e9lsz ny\u00e1ron feh\u00e9r ruh\u00e1t viselni a v\u00e9rz\u00e9sed miatt? Ha b\u00e1rmelyik k\u00e9rd\u00e9sre &#8220;igen&#8221;-nel [&hellip;]<\/p>\n","protected":false},"author":1,"featured_media":227,"parent":0,"menu_order":0,"comment_status":"closed","ping_status":"closed","template":"","meta":{"inline_featured_image":false},"acf":[],"yoast_head":"<!-- This site is optimized with the Yoast SEO plugin v20.4 - https:\/\/yoast.com\/wordpress\/plugins\/seo\/ -->\n<title>Neh\u00e9z id\u0151szakaim vannak - Hungary<\/title>\n<meta name=\"robots\" content=\"noindex, follow\" \/>\n<meta property=\"og:locale\" content=\"en_US\" \/>\n<meta property=\"og:type\" content=\"article\" \/>\n<meta property=\"og:title\" content=\"Neh\u00e9z id\u0151szakaim vannak - Hungary\" \/>\n<meta property=\"og:description\" content=\"T\u00fal neh\u00e9z vagy t\u00fal sok\u00e1ig tart a menstru\u00e1ci\u00f3ja? A menstru\u00e1ci\u00f3 alatt folyamatosan f\u00e1radtnak \u00e9rzi mag\u00e1t, \u00e9s nehezen tud koncentr\u00e1lni az \u00f3r\u00e1kon vagy a munkahelyen? Annyira kimer\u00fcltnek \u00e9rzed magad, hogy elker\u00fcl\u00f6d a kimozdul\u00e1st? F\u00e1jdalmas g\u00f6rcs\u00f6ket tapasztal a menstru\u00e1ci\u00f3 alatt? L\u00e9gszomj van k\u00f6nny\u0171 edz\u00e9s ut\u00e1n? F\u00e9lsz ny\u00e1ron feh\u00e9r ruh\u00e1t viselni a v\u00e9rz\u00e9sed miatt? Ha b\u00e1rmelyik k\u00e9rd\u00e9sre &#8220;igen&#8221;-nel [&hellip;]\" \/>\n<meta property=\"og:url\" content=\"https:\/\/vwdtest.com\/hu\/nehez-idoszakok\/\" \/>\n<meta property=\"og:site_name\" content=\"Hungary\" \/>\n<meta property=\"article:modified_time\" content=\"2025-04-08T08:49:51+00:00\" \/>\n<meta property=\"og:image\" content=\"https:\/\/vwdtest.com\/hu\/wp-content\/uploads\/sites\/63\/2023\/02\/periods.webp\" \/>\n\t<meta property=\"og:image:width\" content=\"674\" \/>\n\t<meta property=\"og:image:height\" content=\"929\" \/>\n\t<meta property=\"og:image:type\" content=\"image\/webp\" \/>\n<meta name=\"twitter:card\" content=\"summary_large_image\" \/>\n<meta name=\"twitter:label1\" content=\"Est. reading time\" \/>\n\t<meta name=\"twitter:data1\" content=\"3 minutes\" \/>\n<script type=\"application\/ld+json\" class=\"yoast-schema-graph\">{\"@context\":\"https:\/\/schema.org\",\"@graph\":[{\"@type\":\"WebPage\",\"@id\":\"https:\/\/vwdtest.com\/hu\/nehez-idoszakok\/\",\"url\":\"https:\/\/vwdtest.com\/hu\/nehez-idoszakok\/\",\"name\":\"Neh\u00e9z id\u0151szakaim vannak - Hungary\",\"isPartOf\":{\"@id\":\"https:\/\/vwdtest.com\/hu\/#website\"},\"datePublished\":\"2023-02-16T10:15:43+00:00\",\"dateModified\":\"2025-04-08T08:49:51+00:00\",\"breadcrumb\":{\"@id\":\"https:\/\/vwdtest.com\/hu\/nehez-idoszakok\/#breadcrumb\"},\"inLanguage\":\"en-US\",\"potentialAction\":[{\"@type\":\"ReadAction\",\"target\":[\"https:\/\/vwdtest.com\/hu\/nehez-idoszakok\/\"]}]},{\"@type\":\"BreadcrumbList\",\"@id\":\"https:\/\/vwdtest.com\/hu\/nehez-idoszakok\/#breadcrumb\",\"itemListElement\":[{\"@type\":\"ListItem\",\"position\":1,\"name\":\"Home\",\"item\":\"https:\/\/vwdtest.com\/hu\/\"},{\"@type\":\"ListItem\",\"position\":2,\"name\":\"Neh\u00e9z id\u0151szakaim vannak\"}]},{\"@type\":\"WebSite\",\"@id\":\"https:\/\/vwdtest.com\/hu\/#website\",\"url\":\"https:\/\/vwdtest.com\/hu\/\",\"name\":\"Hungary\",\"description\":\"\",\"potentialAction\":[{\"@type\":\"SearchAction\",\"target\":{\"@type\":\"EntryPoint\",\"urlTemplate\":\"https:\/\/vwdtest.com\/hu\/?s={search_term_string}\"},\"query-input\":\"required name=search_term_string\"}],\"inLanguage\":\"en-US\"}]}<\/script>\n<!-- \/ Yoast SEO plugin. -->","yoast_head_json":{"title":"Neh\u00e9z id\u0151szakaim vannak - Hungary","robots":{"index":"noindex","follow":"follow"},"og_locale":"en_US","og_type":"article","og_title":"Neh\u00e9z id\u0151szakaim vannak - Hungary","og_description":"T\u00fal neh\u00e9z vagy t\u00fal sok\u00e1ig tart a menstru\u00e1ci\u00f3ja? A menstru\u00e1ci\u00f3 alatt folyamatosan f\u00e1radtnak \u00e9rzi mag\u00e1t, \u00e9s nehezen tud koncentr\u00e1lni az \u00f3r\u00e1kon vagy a munkahelyen? Annyira kimer\u00fcltnek \u00e9rzed magad, hogy elker\u00fcl\u00f6d a kimozdul\u00e1st? F\u00e1jdalmas g\u00f6rcs\u00f6ket tapasztal a menstru\u00e1ci\u00f3 alatt? L\u00e9gszomj van k\u00f6nny\u0171 edz\u00e9s ut\u00e1n? F\u00e9lsz ny\u00e1ron feh\u00e9r ruh\u00e1t viselni a v\u00e9rz\u00e9sed miatt? Ha b\u00e1rmelyik k\u00e9rd\u00e9sre &#8220;igen&#8221;-nel [&hellip;]","og_url":"https:\/\/vwdtest.com\/hu\/nehez-idoszakok\/","og_site_name":"Hungary","article_modified_time":"2025-04-08T08:49:51+00:00","og_image":[{"width":674,"height":929,"url":"https:\/\/vwdtest.com\/hu\/wp-content\/uploads\/sites\/63\/2023\/02\/periods.webp","type":"image\/webp"}],"twitter_card":"summary_large_image","twitter_misc":{"Est. reading time":"3 minutes"},"schema":{"@context":"https:\/\/schema.org","@graph":[{"@type":"WebPage","@id":"https:\/\/vwdtest.com\/hu\/nehez-idoszakok\/","url":"https:\/\/vwdtest.com\/hu\/nehez-idoszakok\/","name":"Neh\u00e9z id\u0151szakaim vannak - Hungary","isPartOf":{"@id":"https:\/\/vwdtest.com\/hu\/#website"},"datePublished":"2023-02-16T10:15:43+00:00","dateModified":"2025-04-08T08:49:51+00:00","breadcrumb":{"@id":"https:\/\/vwdtest.com\/hu\/nehez-idoszakok\/#breadcrumb"},"inLanguage":"en-US","potentialAction":[{"@type":"ReadAction","target":["https:\/\/vwdtest.com\/hu\/nehez-idoszakok\/"]}]},{"@type":"BreadcrumbList","@id":"https:\/\/vwdtest.com\/hu\/nehez-idoszakok\/#breadcrumb","itemListElement":[{"@type":"ListItem","position":1,"name":"Home","item":"https:\/\/vwdtest.com\/hu\/"},{"@type":"ListItem","position":2,"name":"Neh\u00e9z id\u0151szakaim vannak"}]},{"@type":"WebSite","@id":"https:\/\/vwdtest.com\/hu\/#website","url":"https:\/\/vwdtest.com\/hu\/","name":"Hungary","description":"","potentialAction":[{"@type":"SearchAction","target":{"@type":"EntryPoint","urlTemplate":"https:\/\/vwdtest.com\/hu\/?s={search_term_string}"},"query-input":"required name=search_term_string"}],"inLanguage":"en-US"}]}},"_links":{"self":[{"href":"https:\/\/vwdtest.com\/hu\/wp-json\/wp\/v2\/pages\/138"}],"collection":[{"href":"https:\/\/vwdtest.com\/hu\/wp-json\/wp\/v2\/pages"}],"about":[{"href":"https:\/\/vwdtest.com\/hu\/wp-json\/wp\/v2\/types\/page"}],"author":[{"embeddable":true,"href":"https:\/\/vwdtest.com\/hu\/wp-json\/wp\/v2\/users\/1"}],"replies":[{"embeddable":true,"href":"https:\/\/vwdtest.com\/hu\/wp-json\/wp\/v2\/comments?post=138"}],"version-history":[{"count":133,"href":"https:\/\/vwdtest.com\/hu\/wp-json\/wp\/v2\/pages\/138\/revisions"}],"predecessor-version":[{"id":3885,"href":"https:\/\/vwdtest.com\/hu\/wp-json\/wp\/v2\/pages\/138\/revisions\/3885"}],"wp:featuredmedia":[{"embeddable":true,"href":"https:\/\/vwdtest.com\/hu\/wp-json\/wp\/v2\/media\/227"}],"wp:attachment":[{"href":"https:\/\/vwdtest.com\/hu\/wp-json\/wp\/v2\/media?parent=138"}],"curies":[{"name":"wp","href":"https:\/\/api.w.org\/{rel}","templated":true}]}}