{"id":263,"date":"2023-02-21T21:22:33","date_gmt":"2023-02-21T21:22:33","guid":{"rendered":"https:\/\/new.vwdtest.com\/hr\/?page_id=263"},"modified":"2024-02-19T09:15:14","modified_gmt":"2024-02-19T09:15:14","slug":"legal-statement","status":"publish","type":"page","link":"https:\/\/vwdtest.com\/hr\/legal-statement\/","title":{"rendered":"Pravna izjava"},"content":{"rendered":"<div class=\"default-block container\">\n<h2>Uvjeti kori\u0161tenja<\/h2>\n<\/div>\n\n<div class=\"default-block container\">\n<p>Ovu web stranicu financira Octapharma AG, Seidenstrasse 2, 8853 Lachen SZ, \u0160vicarska, a razvijena je u suradnji s medicinskim stru\u010dnjacima dr. Fernando Corrales-Medinom (izvanredni profesor klini\u010dke pedijatrije, Medicinski fakultet Sveu\u010dili\u0161ta Miami-Miller, SAD), profesor Erik Berntorp (profesor klini\u010dkog istra\u017eivanja koagulacije, Sveu\u010dili\u0161te Lund, \u0160vedska) i njihov tim me\u0111unarodnih stru\u010dnjaka za poreme\u0107aje krvarenja (u daljnjem tekstu \u201eMe\u0111unarodna stru\u010dna skupina\u201d).<\/p>\n<\/div>\n\n<div class=\"default-block container\">\n<p>Ovo je nepromid\u017ebeno web mjesto namijenjeno podr\u0161ci kampanji podizanja svijesti o bolesti koju vodi me\u0111unarodna stru\u010dna skupina i namijenjeno je samo za op\u0107e informativne svrhe. Ni\u0161ta na ovoj web stranici ne smijete tuma\u010diti kao promid\u017ebu ili reklamu za bilo koji proizvod ili za kori\u0161tenje bilo kojeg proizvoda grupe tvrtki Octapharma.<\/p>\n<\/div>\n\n<div class=\"default-block container\">\n<p>Octapharma AG zajedno sa svojim podizvo\u0111a\u010dima podr\u017eava odr\u017eavanje i upravljanje web stranicama. Kori\u0161tenjem ove web stranice suglasni ste po\u0161tivati \u200b\u200bdolje navedene odredbe i uvjete te sve primjenjive zakone. Ako se ne sla\u017eete s ovim uvjetima i odredbama, nemojte koristiti ovu web stranicu.<\/p>\n<\/div>\n\n<div class=\"default-block container\">\n<h2>Izmjene web stranice i Uvjeta kori\u0161tenja<\/h2>\n<\/div>\n\n<div class=\"default-block container\">\n<p>Octapharma AG pridr\u017eava pravo izmjene, modifikacije, dodavanja, brisanja i ispravka na ovoj web stranici u bilo koje vrijeme i bez prethodne najave. Octapharma AG tako\u0111er mo\u017ee povu\u0107i pristup ovoj web stranici u bilo kojem trenutku bez prethodne obavijesti.<\/p>\n<\/div>\n\n<div class=\"default-block container\">\n<h2>Za\u0161tita od virusa<\/h2>\n<\/div>\n\n<div class=\"default-block container\">\n<p>Octapharma AG ne jam\u010di niti izjavljuje da \u0107e ova web stranica ili e-po\u0161ta primljena od Octapharma AG u skladu s popisom za slanje biti neprekinuta ili bez virusa ili bez drugih \u0161tetnih komponenti. Octapharma AG (uklju\u010duju\u0107i njegove direktore, podru\u017enice, slu\u017ebenike, zaposlenike, agente, izvo\u0111a\u010de, nasljednike i opunomo\u0107enike) ne snosi nikakvu odgovornost za bilo kakvu \u0161tetu nastalu va\u0161oj opremi kao rezultat pristupa ovoj web stranici, preuzimanja bilo kojeg sadr\u017eaja s ove web stranice ili primanje e-po\u0161te od Octapharma AG u skladu s popisom adresara.<\/p>\n<\/div>\n\n<div class=\"default-block container\">\n<h2>Medicinske informacije<\/h2>\n<\/div>\n\n<div class=\"default-block container\">\n<p>Medicinski sadr\u017eaj internetske stranice izradila je i odobrila Me\u0111unarodna stru\u010dna skupina. Informacije nadalje nisu namijenjene pru\u017eanju potpunih medicinskih podataka. Uvijek biste trebali dobiti potpune medicinske informacije o lijekovima ili medicinskim ure\u0111ajima koji se izdaju na recept (uklju\u010duju\u0107i njihovu korisnu medicinsku upotrebu i mogu\u0107e \u0161tetne u\u010dinke) razgovaraju\u0107i o prikladnoj upotrebi bilo kojeg lijeka\/medicinskih ure\u0111aja izravno sa svojim lije\u010dnikom koji vam je propisao lijek ili, gdje je to prikladno, s drugim medicinskim savjetnikom. Pru\u017eeni medicinski podaci ne predstavljaju i nemaju namjeru predstavljati nikakav poticaj za preporuku, kupnju, propisivanje, prodaju ili primjenu odre\u0111enog proizvoda grupe tvrtki Octapharma.<\/p>\n<\/div>\n\n<div class=\"default-block container\">\n<h2>Za\u0161tita autorskih prava<\/h2>\n<\/div>\n\n<div class=\"default-block container\">\n<p>Autorska prava na sav materijal sadr\u017ean na ovoj web stranici u vlasni\u0161tvu su Octapharma AG, osim ako nije druga\u010dije nazna\u010deno.<\/p>\n<\/div>\n\n<div class=\"default-block container\">\n<p>Octapharma AG pridr\u017eava sva prava na sadr\u017eaj i dizajn ove web stranice. Osim ako vam Octapharma AG nije dopu\u0161teno u pisanom obliku, ne smijete reproducirati, koristiti ili kopirati bilo koji sadr\u017eaj na ovoj web stranici, uklju\u010duju\u0107i imena, logotipe, dizajn, informacije o proizvodu i bilo koji drugi materijal\/informacije kori\u0161tene na ovoj web stranici (u daljnjem tekstu zajedno &#8220;Informacije&#8221; ). Ne smijete komercijalno koristiti bilo koje Podatke i ne smijete uzrokovati da se bilo koji od Podataka uokviri ili ugradi u drugu web stranicu bez prethodnog pismenog dopu\u0161tenja Octapharma AG.<\/p>\n<\/div>\n\n<div class=\"default-block container\">\n<p>Sve informacije navedene na ovoj web stranici vlasni\u0161tvo su njihovih vlasnika i ne smiju se koristiti u cijelosti ili djelomi\u010dno u bilo kojoj jurisdikciji bez prethodnog pisanog pristanka vlasnika. Niti se smije koristiti bilo koja grafika koja je bitno sli\u010dna bilo kojem za\u0161titnom znaku, logotipu ili nazivu koji se spominje na ovoj web stranici.<\/p>\n<\/div>\n\n<div class=\"default-block container\">\n<h2>Bez jamstava ili zastupanja<\/h2>\n<\/div>\n\n<div class=\"default-block container\">\n<p>Podaci se daju &#8220;kakvi jesu&#8221; i bez bilo kakvih jamstava, izri\u010ditih ili podrazumijevanih.<\/p>\n<\/div>\n\n<div class=\"default-block container\">\n<p>U najve\u0107oj mjeri dopu\u0161tenoj zakonom, Octapharma AG se izri\u010dito odri\u010de svih izjava i jamstava, izri\u010ditih ili implicitnih, u vezi s ovom web stranicom ili u vezi s njom \u2013 uklju\u010duju\u0107i, bez ograni\u010denja, bilo koju izjavu ili jamstvo bilo koje vrste u vezi s:<\/p>\n<\/div>\n\n<div class=\"default-block container\">\n<ul><div class=\"default-block container\">\n<li>To\u010dnost ili potpunost bilo koje informacije sadr\u017eane na ovoj web stranici;<\/li>\n<\/div>\n\n<div class=\"default-block container\">\n<li>To\u010dnost ili potpunost bilo koje informacije sadr\u017eane na bilo kojoj web stranici hipervezom na ovu web stranicu.<\/li>\n<\/div>\n\n<div class=\"default-block container\">\n<li>Informacije su dane na temelju toga da sve osobe koje pristupaju web stranici preuzimaju odgovornost za procjenu to\u010dnosti sadr\u017eaja te da se na njih oslanjaju u potpunosti na vlastitu odgovornost. Octapharma AG (uklju\u010duju\u0107i njezine direktore, podru\u017enice, slu\u017ebenike, zaposlenike, agente, izvo\u0111a\u010de, nasljednike i opunomo\u0107enike) ne snosi nikakvu odgovornost za gubitke ili \u0161tete koje je pretrpjela bilo koja osoba kao rezultat oslanjanja na Informacije ili bilo koje druge informacije uklju\u010dene referencom .<\/li>\n<\/div><\/ul>\n<\/div>\n\n<div class=\"default-block container\">\n<h2>Primjenjivi kodeks pona\u0161anja<\/h2>\n<\/div>\n\n<div class=\"default-block container\">\n<p>Octapharma AG nastoji se pridr\u017eavati odredbi IFPMA kodeksa prakse. Najnoviju verziju navedenog koda mo\u017eete prona\u0107i na sljede\u0107oj poveznici:&nbsp;<a rel=\"noreferrer noopener\" href=\"https:\/\/www.ifpma.org\/resource-centre\/ifpma-code-of-practice\/\" target=\"_blank\">https:\/\/www.ifpma.org\/resource-centre\/ifpma-code-of-practice\/<\/a><\/p>\n<\/div>\n\n<div class=\"default-block container\">\n<h2>Ograni\u010denje obveza<\/h2>\n<\/div>\n\n<div class=\"default-block container\">\n<p>Ni u kojem slu\u010daju Octapharma AG (uklju\u010duju\u0107i njegove direktore, podru\u017enice, slu\u017ebenike, zaposlenike, agente, izvo\u0111a\u010de, nasljednike i opunomo\u0107enike) ne\u0107e biti odgovorna za bilo kakvu izravnu, neizravnu, kaznenu, slu\u010dajnu, posebnu, posljedi\u010dnu \u0161tetu ili bilo kakvu \u0161tetu uklju\u010duju\u0107i, bez ograni\u010denja, \u0161tete zbog gubitka kori\u0161tenja, podataka, zarade ili izgubljenih prilika, koje proizlaze iz ili su na bilo koji na\u010din povezane s kori\u0161tenjem ili izvedbom ove web stranice.<\/p>\n<\/div>\n\n<div class=\"default-block container\">\n<h2>Web stranica tre\u0107e strane<\/h2>\n<\/div>\n\n<div class=\"default-block container\">\n<p>Kako bi vam bilo lak\u0161e, Octapharma AG mo\u017ee na ovoj web stranici pru\u017eiti poveznice na web stranice kojima upravljaju drugi entiteti. Ako koristite ove web stranice, napustit \u0107ete ovu web stranicu. Ako odlu\u010dite posjetiti bilo koje povezano web mjesto, \u010dinite to na vlastiti rizik i va\u0161a je odgovornost poduzeti sve mjere za\u0161tite od virusa ili drugih destruktivnih elemenata.<\/p>\n<\/div>\n\n<div class=\"default-block container\">\n<p>Octapharma AG (uklju\u010duju\u0107i svoje direktore, podru\u017enice, slu\u017ebenike, zaposlenike, agente, izvo\u0111a\u010de, nasljednike i opunomo\u0107enike) ne daje nikakva jamstva niti izjave u vezi s bilo kojim povezanim web-mjestima ili informacijama koje se na njima pojavljuju ili bilo kojim proizvodima ili tamo opisane usluge.<\/p>\n<\/div>\n\n<div class=\"default-block container\">\n<p>Veze ne impliciraju da je Octapharma AG pridru\u017eena ili povezana s, ili da je zakonski ovla\u0161tena za kori\u0161tenje bilo kojeg za\u0161titnog znaka, trgova\u010dkog imena, logotipa ili simbola autorskog prava prikazanog ili dostupnog preko veza, ili da je bilo koja povezana web stranica ovla\u0161tena za kori\u0161tenje bilo koji za\u0161titni znak, trgova\u010dki naziv, logotip ili simbol autorskih prava tvrtke Octapharma AG.<\/p>\n<\/div>\n\n<div class=\"default-block container\">\n<p>Sve veze na ovu web stranicu mora odobriti Octapharma AG. Octapharma AG pridr\u017eava pravo opoziva ovog pristanka za povezivanje u bilo kojem trenutku prema vlastitom naho\u0111enju.<\/p>\n<\/div>\n\n<div class=\"default-block container\">\n<h2>Mjerodavno pravo<\/h2>\n<\/div>\n\n<div class=\"default-block container\">\n<p>Ovi uvjeti kori\u0161tenja kao i izjava o privatnosti i rje\u0161avanje bilo kakvog spora povezanog s ovim uvjetima kori\u0161tenja i\/ili izjavom o privatnosti tuma\u010dit \u0107e se u skladu sa zakonima \u0160vicarske. Isklju\u010divo mjesto jurisdikcije bit \u0107e Lachen, SZ, \u0160vicarska.<\/p>\n<\/div>","protected":false},"excerpt":{"rendered":"<p>Uvjeti kori\u0161tenja Ovu web stranicu financira Octapharma AG, Seidenstrasse 2, 8853 Lachen SZ, \u0160vicarska, a razvijena je u suradnji s medicinskim stru\u010dnjacima dr. Fernando Corrales-Medinom (izvanredni profesor klini\u010dke pedijatrije, Medicinski fakultet Sveu\u010dili\u0161ta Miami-Miller, SAD), profesor Erik Berntorp (profesor klini\u010dkog istra\u017eivanja koagulacije, Sveu\u010dili\u0161te Lund, \u0160vedska) i njihov tim me\u0111unarodnih stru\u010dnjaka za poreme\u0107aje krvarenja (u daljnjem tekstu [&hellip;]<\/p>\n","protected":false},"author":1,"featured_media":0,"parent":0,"menu_order":0,"comment_status":"closed","ping_status":"closed","template":"front-page.php","meta":{"inline_featured_image":false},"acf":[],"yoast_head":"<!-- This site is optimized with the Yoast SEO plugin v20.4 - https:\/\/yoast.com\/wordpress\/plugins\/seo\/ -->\n<title>Pravna izjava - Croatia<\/title>\n<meta name=\"robots\" content=\"index, follow, max-snippet:-1, max-image-preview:large, max-video-preview:-1\" \/>\n<link rel=\"canonical\" href=\"https:\/\/vwdtest.com\/hr\/legal-statement\/\" \/>\n<meta property=\"og:locale\" content=\"en_US\" \/>\n<meta property=\"og:type\" content=\"article\" \/>\n<meta property=\"og:title\" content=\"Pravna izjava - Croatia\" \/>\n<meta property=\"og:description\" content=\"Uvjeti kori\u0161tenja Ovu web stranicu financira Octapharma AG, Seidenstrasse 2, 8853 Lachen SZ, \u0160vicarska, a razvijena je u suradnji s medicinskim stru\u010dnjacima dr. Fernando Corrales-Medinom (izvanredni profesor klini\u010dke pedijatrije, Medicinski fakultet Sveu\u010dili\u0161ta Miami-Miller, SAD), profesor Erik Berntorp (profesor klini\u010dkog istra\u017eivanja koagulacije, Sveu\u010dili\u0161te Lund, \u0160vedska) i njihov tim me\u0111unarodnih stru\u010dnjaka za poreme\u0107aje krvarenja (u daljnjem tekstu [&hellip;]\" \/>\n<meta property=\"og:url\" content=\"https:\/\/vwdtest.com\/hr\/legal-statement\/\" \/>\n<meta property=\"og:site_name\" content=\"Croatia\" \/>\n<meta property=\"article:modified_time\" content=\"2024-02-19T09:15:14+00:00\" \/>\n<meta name=\"twitter:card\" content=\"summary_large_image\" \/>\n<meta name=\"twitter:label1\" content=\"Est. reading time\" \/>\n\t<meta name=\"twitter:data1\" content=\"5 minutes\" \/>\n<script type=\"application\/ld+json\" class=\"yoast-schema-graph\">{\"@context\":\"https:\/\/schema.org\",\"@graph\":[{\"@type\":\"WebPage\",\"@id\":\"https:\/\/vwdtest.com\/hr\/legal-statement\/\",\"url\":\"https:\/\/vwdtest.com\/hr\/legal-statement\/\",\"name\":\"Pravna izjava - Croatia\",\"isPartOf\":{\"@id\":\"https:\/\/vwdtest.com\/hr\/#website\"},\"datePublished\":\"2023-02-21T21:22:33+00:00\",\"dateModified\":\"2024-02-19T09:15:14+00:00\",\"breadcrumb\":{\"@id\":\"https:\/\/vwdtest.com\/hr\/legal-statement\/#breadcrumb\"},\"inLanguage\":\"en-US\",\"potentialAction\":[{\"@type\":\"ReadAction\",\"target\":[\"https:\/\/vwdtest.com\/hr\/legal-statement\/\"]}]},{\"@type\":\"BreadcrumbList\",\"@id\":\"https:\/\/vwdtest.com\/hr\/legal-statement\/#breadcrumb\",\"itemListElement\":[{\"@type\":\"ListItem\",\"position\":1,\"name\":\"Home\",\"item\":\"https:\/\/vwdtest.com\/hr\/\"},{\"@type\":\"ListItem\",\"position\":2,\"name\":\"Pravna izjava\"}]},{\"@type\":\"WebSite\",\"@id\":\"https:\/\/vwdtest.com\/hr\/#website\",\"url\":\"https:\/\/vwdtest.com\/hr\/\",\"name\":\"Croatia\",\"description\":\"\",\"potentialAction\":[{\"@type\":\"SearchAction\",\"target\":{\"@type\":\"EntryPoint\",\"urlTemplate\":\"https:\/\/vwdtest.com\/hr\/?s={search_term_string}\"},\"query-input\":\"required name=search_term_string\"}],\"inLanguage\":\"en-US\"}]}<\/script>\n<!-- \/ Yoast SEO plugin. -->","yoast_head_json":{"title":"Pravna izjava - Croatia","robots":{"index":"index","follow":"follow","max-snippet":"max-snippet:-1","max-image-preview":"max-image-preview:large","max-video-preview":"max-video-preview:-1"},"canonical":"https:\/\/vwdtest.com\/hr\/legal-statement\/","og_locale":"en_US","og_type":"article","og_title":"Pravna izjava - Croatia","og_description":"Uvjeti kori\u0161tenja Ovu web stranicu financira Octapharma AG, Seidenstrasse 2, 8853 Lachen SZ, \u0160vicarska, a razvijena je u suradnji s medicinskim stru\u010dnjacima dr. Fernando Corrales-Medinom (izvanredni profesor klini\u010dke pedijatrije, Medicinski fakultet Sveu\u010dili\u0161ta Miami-Miller, SAD), profesor Erik Berntorp (profesor klini\u010dkog istra\u017eivanja koagulacije, Sveu\u010dili\u0161te Lund, \u0160vedska) i njihov tim me\u0111unarodnih stru\u010dnjaka za poreme\u0107aje krvarenja (u daljnjem tekstu [&hellip;]","og_url":"https:\/\/vwdtest.com\/hr\/legal-statement\/","og_site_name":"Croatia","article_modified_time":"2024-02-19T09:15:14+00:00","twitter_card":"summary_large_image","twitter_misc":{"Est. reading time":"5 minutes"},"schema":{"@context":"https:\/\/schema.org","@graph":[{"@type":"WebPage","@id":"https:\/\/vwdtest.com\/hr\/legal-statement\/","url":"https:\/\/vwdtest.com\/hr\/legal-statement\/","name":"Pravna izjava - Croatia","isPartOf":{"@id":"https:\/\/vwdtest.com\/hr\/#website"},"datePublished":"2023-02-21T21:22:33+00:00","dateModified":"2024-02-19T09:15:14+00:00","breadcrumb":{"@id":"https:\/\/vwdtest.com\/hr\/legal-statement\/#breadcrumb"},"inLanguage":"en-US","potentialAction":[{"@type":"ReadAction","target":["https:\/\/vwdtest.com\/hr\/legal-statement\/"]}]},{"@type":"BreadcrumbList","@id":"https:\/\/vwdtest.com\/hr\/legal-statement\/#breadcrumb","itemListElement":[{"@type":"ListItem","position":1,"name":"Home","item":"https:\/\/vwdtest.com\/hr\/"},{"@type":"ListItem","position":2,"name":"Pravna izjava"}]},{"@type":"WebSite","@id":"https:\/\/vwdtest.com\/hr\/#website","url":"https:\/\/vwdtest.com\/hr\/","name":"Croatia","description":"","potentialAction":[{"@type":"SearchAction","target":{"@type":"EntryPoint","urlTemplate":"https:\/\/vwdtest.com\/hr\/?s={search_term_string}"},"query-input":"required name=search_term_string"}],"inLanguage":"en-US"}]}},"_links":{"self":[{"href":"https:\/\/vwdtest.com\/hr\/wp-json\/wp\/v2\/pages\/263"}],"collection":[{"href":"https:\/\/vwdtest.com\/hr\/wp-json\/wp\/v2\/pages"}],"about":[{"href":"https:\/\/vwdtest.com\/hr\/wp-json\/wp\/v2\/types\/page"}],"author":[{"embeddable":true,"href":"https:\/\/vwdtest.com\/hr\/wp-json\/wp\/v2\/users\/1"}],"replies":[{"embeddable":true,"href":"https:\/\/vwdtest.com\/hr\/wp-json\/wp\/v2\/comments?post=263"}],"version-history":[{"count":8,"href":"https:\/\/vwdtest.com\/hr\/wp-json\/wp\/v2\/pages\/263\/revisions"}],"predecessor-version":[{"id":2449,"href":"https:\/\/vwdtest.com\/hr\/wp-json\/wp\/v2\/pages\/263\/revisions\/2449"}],"wp:attachment":[{"href":"https:\/\/vwdtest.com\/hr\/wp-json\/wp\/v2\/media?parent=263"}],"curies":[{"name":"wp","href":"https:\/\/api.w.org\/{rel}","templated":true}]}}