{"id":89,"date":"2023-02-14T13:03:21","date_gmt":"2023-02-14T13:03:21","guid":{"rendered":"https:\/\/new.vwdtest.com\/fr\/?page_id=89"},"modified":"2025-10-09T12:04:55","modified_gmt":"2025-10-09T12:04:55","slug":"vwd-and-denstistry","status":"publish","type":"page","link":"https:\/\/vwdtest.com\/fr\/vwd-and-denstistry\/","title":{"rendered":"MW ET DENTISTERIE"},"content":{"rendered":"<div class=\"default-block container\">\n<h5 class=\"bleeding-symptoms-title dentist\">Patients atteints de troubles de la coagulation tels que l&#8217;h\u00e9mophilie ou <a href=\"https:\/\/vwdtest.com\/fr\/von-willebrand-disease\/\" target=\"_blank\" rel=\"noreferrer noopener\">maladie de von Willebrand (MVW)<\/a>&nbsp; pr\u00e9sente un risque accru de saignement buccal, y compris lors de soins dentaires de routine.<sup>1,2<\/sup> Des saignements peuvent survenir m\u00eame apr\u00e8s le brossage des dents. ou l&#8217;utilisation de la soie dentaire, et la peur des saignements peuvent emp\u00eacher les patients de maintenir une bonne hygi\u00e8ne bucco-dentaire et de consulter r\u00e9guli\u00e8rement leur dentiste.<sup>2-4<\/sup> M\u00eame les patients qui consultent leur fournisseur de soins dentaires peuvent \u00e9prouver des appr\u00e9hensions \u00e0 l&#8217;\u00e9gard des proc\u00e9dures dentaires en raison de mauvaises exp\u00e9riences ant\u00e9rieures. , ou craignent qu&#8217;ils ne soient pas trait\u00e9s.<sup>4<\/sup> De plus, de nombreux patients atteints de la maladie de von Willebrand ne sont pas diagnostiqu\u00e9s et ignorent que leurs saignements ne sont pas normaux.<sup>5<\/sup><\/h5>\n<\/div>\n\n<img decoding=\"async\" src=\"https:\/\/vwdtest.com\/fr\/wp-content\/uploads\/sites\/22\/2023\/02\/Dentist-button.png\" alt=\"MW ET DENTISTERIE\" class=\"page_thumbnail d-xl-none\">\r\n\n\n<div class=\"default-block container\">\n<p class=\"full\">Le risque de saignement et l&#8217;anxi\u00e9t\u00e9 qui en r\u00e9sulte contribuent \u00e0 une mauvaise sant\u00e9 dentaire des enfants et des adolescents atteints de troubles de la coagulation.<sup>2<\/sup> Sans \u00e9ducation et traitement ad\u00e9quats, ces patients peuvent entrer dans un cercle vicieux. de saignements de gencives fr\u00e9quents, de soins dentaires n\u00e9glig\u00e9s et de d\u00e9t\u00e9rioration de la sant\u00e9 bucco-dentaire.<sup>3<\/sup> Pour prot\u00e9ger leur sant\u00e9 bucco-dentaire et leur qualit\u00e9 de vie, ces patients et leurs soignants d\u00e9pendent fortement d&#8217;un prestataire de soins dentaires de confiance qui leur fournit une formation sur des soins pr\u00e9ventifs et assure des contr\u00f4les r\u00e9guliers.<\/p>\n<\/div>\n\n<div class=\"default-block container\">\n<h3>Le r\u00f4le des prestataires de soins dentaires<\/h3>\n<\/div>\n\n<div class=\"default-block container\">\n<p class=\"full\">En tant que prestataire de soins dentaires, vous \u00eates dans une position unique pour aider \u00e0 identifier les patients qui pourraient b\u00e9n\u00e9ficier d&#8217;une \u00e9valuation diagnostique plus approfondie pour un trouble de la coagulation. Pour de nombreuses personnes, les visites chez leur dentiste local constituent le seul contact r\u00e9gulier avec leur syst\u00e8me de sant\u00e9 local.<sup>2<\/sup> De plus, une extraction dentaire peut souvent \u00eatre la premi\u00e8re intervention chirurgicale \u2013 et donc un d\u00e9fi h\u00e9mostatique majeur \u2013 pour de nombreux patients. Par cons\u00e9quent, un saignement excessif pendant ou apr\u00e8s une telle proc\u00e9dure peut \u00eatre la premi\u00e8re opportunit\u00e9 de diagnostic d&#8217;un trouble de la coagulation non reconnu.<\/p>\n<\/div>\n\n<div class=\"default-block container\">\n<p class=\"full\">Le diagnostic de la maladie de von Willebrand reste une t\u00e2che difficile en raison du manque de sensibilisation et de la complexit\u00e9 du bilan diagnostique.<sup>5<\/sup> Si vous avez r\u00e9cemment observ\u00e9 un saignement inattendu chez l&#8217;un de vos patients, nous vous recommandons d&#8217;effectuer notre <a href=\"https:\/\/vwdtest.com\/fr\/take-test\/\" data-type=\"page\" data-id=\"58\">test de saignement<\/a> avec votre patient. Le test montrera si des examens plus approfondis sont indiqu\u00e9s \u2013 et pourraient changer la vie de votre patient&nbsp;!<\/p>\n<\/div>\n\n<div class=\"default-block container\">\n<p class=\"full\">\u00c9tant donn\u00e9 que les patients souffrant de troubles de la coagulation peuvent \u00e9viter les examens dentaires par crainte de saignement, des visites de suivi r\u00e9guli\u00e8res doivent \u00eatre encourag\u00e9es pour prot\u00e9ger la sant\u00e9 bucco-dentaire et la qualit\u00e9 de vie des patients.<sup>4<\/sup> Pour les praticiens dentaires qui souhaitent traiter des patients atteints de troubles de la coagulation, des recommandations de prise en charge sont disponibles.<sup>3,6<\/sup> G\u00e9n\u00e9ralement, la prise en charge dentaire des patients atteints de la maladie de von Willebrand est similaire \u00e0 celle des patients h\u00e9mophiles.<sup>3. <\/sup> La majorit\u00e9 des traitements non chirurgicaux de routine peuvent \u00eatre dispens\u00e9s dans un cabinet dentaire g\u00e9n\u00e9ral apr\u00e8s consultation d&#8217;un h\u00e9matologue, en particulier chez les patients atteints de la maladie de von Willebrand l\u00e9g\u00e8re.<sup>3<\/sup> Seul le traitement des patients pr\u00e9sentant une maladie mod\u00e9r\u00e9e ou grave et les travaux dentaires invasifs doivent \u00eatre effectu\u00e9s en milieu hospitalier et selon un plan de traitement.<sup>3,6<\/sup><\/p>\n<\/div>\n\n<div class=\"default-block container\">\n<p class=\"full\">Pour trouver le centre de traitement de l&#8217;h\u00e9mophilie le plus proche, veuillez <a data-type=\"page\" data-id=\"17\" href=\"https:\/\/vwdtest.com\/fr\/\"> cliquez ici.<\/a> VWDtest.com propose \u00e9galement de plus amples informations sur l&#8217;\u00e9tiologie, le diagnostic et la prise en charge de la maladie de von Willebrand, ainsi qu&#8217;un aper\u00e7u du parcours typique des patients atteints de la maladie de von Willebrand.<\/p>\n<\/div>\n\n<div class=\"default-block container\">\n<h6>Les r\u00e9f\u00e9rences<\/h6>\n<\/div>\n\n<div class=\"default-block container\">\n<ol type=\"1\"><div class=\"default-block container\">\n<li>de WeeEM, et al. Thromb H\u00e9most 2012&nbsp;; 108&nbsp;:&nbsp;683-92.<\/li>\n<\/div>\n\n<div class=\"default-block container\">\n<li>Brown MC et coll. H\u00e9mophilie 2022&nbsp;; 28&nbsp;:&nbsp;73-9.<\/li>\n<\/div>\n\n<div class=\"default-block container\">\n<li>Anderson JAM et coll. Br Dent J 2013&nbsp;; 215&nbsp;:&nbsp;497-504.<\/li>\n<\/div>\n\n<div class=\"default-block container\">\n<li>Kalsi H et coll. H\u00e9mophilie 2012&nbsp;; 18&nbsp;:&nbsp;510-5.<\/li>\n<\/div>\n\n<div class=\"default-block container\">\n<li>Corrales-Medina FF et al. Sang R\u00e9v 2022&nbsp;; 101018.<\/li>\n<\/div>\n\n<div class=\"default-block container\">\n<li>Lignes directrices de la FMH pour le traitement dentaire des patients atteints de troubles de la coagulation h\u00e9r\u00e9ditaires&nbsp;;<a target=\"_blank\" href=\"https:\/\/elearning.wfh.org\/resource\/guidelines-for-dental-treatment-of-patients-with-inherited-bleeding-disorders\/\" rel=\"noopener\">https:\/\/elearning.wfh.org\/resource\/guidelines-for-dental-treatment-of-patients-with-inherited-bleeding-disorders\/<\/a>; consult\u00e9 pour la derni\u00e8re fois en novembre 2022.<\/li>\n<\/div><\/ol>\n<\/div>","protected":false},"excerpt":{"rendered":"<p>Patients atteints de troubles de la coagulation tels que l&#8217;h\u00e9mophilie ou maladie de von Willebrand (MVW)&nbsp; pr\u00e9sente un risque accru de saignement buccal, y compris lors de soins dentaires de routine.1,2 Des saignements peuvent survenir m\u00eame apr\u00e8s le brossage des dents. ou l&#8217;utilisation de la soie dentaire, et la peur des saignements peuvent emp\u00eacher les [&hellip;]<\/p>\n","protected":false},"author":1,"featured_media":233,"parent":0,"menu_order":0,"comment_status":"closed","ping_status":"closed","template":"","meta":{"inline_featured_image":false},"acf":[],"yoast_head":"<!-- This site is optimized with the Yoast SEO plugin v20.4 - https:\/\/yoast.com\/wordpress\/plugins\/seo\/ -->\n<title>MW ET DENTISTERIE - France<\/title>\n<meta name=\"robots\" content=\"index, follow, max-snippet:-1, max-image-preview:large, max-video-preview:-1\" \/>\n<link rel=\"canonical\" href=\"https:\/\/vwdtest.com\/fr\/vwd-and-denstistry\/\" \/>\n<meta property=\"og:locale\" content=\"en_US\" \/>\n<meta property=\"og:type\" content=\"article\" \/>\n<meta property=\"og:title\" content=\"MW ET DENTISTERIE - France\" \/>\n<meta property=\"og:description\" content=\"Patients atteints de troubles de la coagulation tels que l&#8217;h\u00e9mophilie ou maladie de von Willebrand (MVW)&nbsp; pr\u00e9sente un risque accru de saignement buccal, y compris lors de soins dentaires de routine.1,2 Des saignements peuvent survenir m\u00eame apr\u00e8s le brossage des dents. ou l&#8217;utilisation de la soie dentaire, et la peur des saignements peuvent emp\u00eacher les [&hellip;]\" \/>\n<meta property=\"og:url\" content=\"https:\/\/vwdtest.com\/fr\/vwd-and-denstistry\/\" \/>\n<meta property=\"og:site_name\" content=\"France\" \/>\n<meta property=\"article:modified_time\" content=\"2025-10-09T12:04:55+00:00\" \/>\n<meta property=\"og:image\" content=\"https:\/\/vwdtest.com\/fr\/wp-content\/uploads\/sites\/22\/2023\/02\/Dentist-button.png\" \/>\n\t<meta property=\"og:image:width\" content=\"772\" \/>\n\t<meta property=\"og:image:height\" content=\"1021\" \/>\n\t<meta property=\"og:image:type\" content=\"image\/png\" \/>\n<meta name=\"twitter:card\" content=\"summary_large_image\" \/>\n<meta name=\"twitter:label1\" content=\"Est. reading time\" \/>\n\t<meta name=\"twitter:data1\" content=\"3 minutes\" \/>\n<script type=\"application\/ld+json\" class=\"yoast-schema-graph\">{\"@context\":\"https:\/\/schema.org\",\"@graph\":[{\"@type\":\"WebPage\",\"@id\":\"https:\/\/vwdtest.com\/fr\/vwd-and-denstistry\/\",\"url\":\"https:\/\/vwdtest.com\/fr\/vwd-and-denstistry\/\",\"name\":\"MW ET DENTISTERIE - France\",\"isPartOf\":{\"@id\":\"https:\/\/vwdtest.com\/fr\/#website\"},\"datePublished\":\"2023-02-14T13:03:21+00:00\",\"dateModified\":\"2025-10-09T12:04:55+00:00\",\"breadcrumb\":{\"@id\":\"https:\/\/vwdtest.com\/fr\/vwd-and-denstistry\/#breadcrumb\"},\"inLanguage\":\"en-US\",\"potentialAction\":[{\"@type\":\"ReadAction\",\"target\":[\"https:\/\/vwdtest.com\/fr\/vwd-and-denstistry\/\"]}]},{\"@type\":\"BreadcrumbList\",\"@id\":\"https:\/\/vwdtest.com\/fr\/vwd-and-denstistry\/#breadcrumb\",\"itemListElement\":[{\"@type\":\"ListItem\",\"position\":1,\"name\":\"Home\",\"item\":\"https:\/\/vwdtest.com\/fr\/\"},{\"@type\":\"ListItem\",\"position\":2,\"name\":\"MW ET DENTISTERIE\"}]},{\"@type\":\"WebSite\",\"@id\":\"https:\/\/vwdtest.com\/fr\/#website\",\"url\":\"https:\/\/vwdtest.com\/fr\/\",\"name\":\"France\",\"description\":\"\",\"potentialAction\":[{\"@type\":\"SearchAction\",\"target\":{\"@type\":\"EntryPoint\",\"urlTemplate\":\"https:\/\/vwdtest.com\/fr\/?s={search_term_string}\"},\"query-input\":\"required name=search_term_string\"}],\"inLanguage\":\"en-US\"}]}<\/script>\n<!-- \/ Yoast SEO plugin. -->","yoast_head_json":{"title":"MW ET DENTISTERIE - France","robots":{"index":"index","follow":"follow","max-snippet":"max-snippet:-1","max-image-preview":"max-image-preview:large","max-video-preview":"max-video-preview:-1"},"canonical":"https:\/\/vwdtest.com\/fr\/vwd-and-denstistry\/","og_locale":"en_US","og_type":"article","og_title":"MW ET DENTISTERIE - France","og_description":"Patients atteints de troubles de la coagulation tels que l&#8217;h\u00e9mophilie ou maladie de von Willebrand (MVW)&nbsp; pr\u00e9sente un risque accru de saignement buccal, y compris lors de soins dentaires de routine.1,2 Des saignements peuvent survenir m\u00eame apr\u00e8s le brossage des dents. ou l&#8217;utilisation de la soie dentaire, et la peur des saignements peuvent emp\u00eacher les [&hellip;]","og_url":"https:\/\/vwdtest.com\/fr\/vwd-and-denstistry\/","og_site_name":"France","article_modified_time":"2025-10-09T12:04:55+00:00","og_image":[{"width":772,"height":1021,"url":"https:\/\/vwdtest.com\/fr\/wp-content\/uploads\/sites\/22\/2023\/02\/Dentist-button.png","type":"image\/png"}],"twitter_card":"summary_large_image","twitter_misc":{"Est. reading time":"3 minutes"},"schema":{"@context":"https:\/\/schema.org","@graph":[{"@type":"WebPage","@id":"https:\/\/vwdtest.com\/fr\/vwd-and-denstistry\/","url":"https:\/\/vwdtest.com\/fr\/vwd-and-denstistry\/","name":"MW ET DENTISTERIE - France","isPartOf":{"@id":"https:\/\/vwdtest.com\/fr\/#website"},"datePublished":"2023-02-14T13:03:21+00:00","dateModified":"2025-10-09T12:04:55+00:00","breadcrumb":{"@id":"https:\/\/vwdtest.com\/fr\/vwd-and-denstistry\/#breadcrumb"},"inLanguage":"en-US","potentialAction":[{"@type":"ReadAction","target":["https:\/\/vwdtest.com\/fr\/vwd-and-denstistry\/"]}]},{"@type":"BreadcrumbList","@id":"https:\/\/vwdtest.com\/fr\/vwd-and-denstistry\/#breadcrumb","itemListElement":[{"@type":"ListItem","position":1,"name":"Home","item":"https:\/\/vwdtest.com\/fr\/"},{"@type":"ListItem","position":2,"name":"MW ET DENTISTERIE"}]},{"@type":"WebSite","@id":"https:\/\/vwdtest.com\/fr\/#website","url":"https:\/\/vwdtest.com\/fr\/","name":"France","description":"","potentialAction":[{"@type":"SearchAction","target":{"@type":"EntryPoint","urlTemplate":"https:\/\/vwdtest.com\/fr\/?s={search_term_string}"},"query-input":"required name=search_term_string"}],"inLanguage":"en-US"}]}},"_links":{"self":[{"href":"https:\/\/vwdtest.com\/fr\/wp-json\/wp\/v2\/pages\/89"}],"collection":[{"href":"https:\/\/vwdtest.com\/fr\/wp-json\/wp\/v2\/pages"}],"about":[{"href":"https:\/\/vwdtest.com\/fr\/wp-json\/wp\/v2\/types\/page"}],"author":[{"embeddable":true,"href":"https:\/\/vwdtest.com\/fr\/wp-json\/wp\/v2\/users\/1"}],"replies":[{"embeddable":true,"href":"https:\/\/vwdtest.com\/fr\/wp-json\/wp\/v2\/comments?post=89"}],"version-history":[{"count":42,"href":"https:\/\/vwdtest.com\/fr\/wp-json\/wp\/v2\/pages\/89\/revisions"}],"predecessor-version":[{"id":2205,"href":"https:\/\/vwdtest.com\/fr\/wp-json\/wp\/v2\/pages\/89\/revisions\/2205"}],"wp:featuredmedia":[{"embeddable":true,"href":"https:\/\/vwdtest.com\/fr\/wp-json\/wp\/v2\/media\/233"}],"wp:attachment":[{"href":"https:\/\/vwdtest.com\/fr\/wp-json\/wp\/v2\/media?parent=89"}],"curies":[{"name":"wp","href":"https:\/\/api.w.org\/{rel}","templated":true}]}}