{"id":811,"date":"2023-04-27T13:02:19","date_gmt":"2023-04-27T13:02:19","guid":{"rendered":"https:\/\/new.vwdtest.com\/fr\/?page_id=811"},"modified":"2025-03-05T13:45:18","modified_gmt":"2025-03-05T13:45:18","slug":"i-am-a-worried-parent","status":"publish","type":"page","link":"https:\/\/vwdtest.com\/fr\/i-am-a-worried-parent\/","title":{"rendered":"je suis un parent inquiet"},"content":{"rendered":"<div class=\"default-block container\">\n<h2 class=\"worried-parent\">Mon enfant saigne-t-il trop ?<\/h2>\n<\/div>\n\n<div class=\"default-block container\">\n<h5 class=\"bleeding-symptoms-title worried\">Les saignements de nez r\u00e9currents de votre enfant vous inqui\u00e8tent&nbsp;? Votre enfant a-t-il des bleus plus facilement et plus souvent que ses pairs ? Votre enfant a-t-il saign\u00e9 plus longtemps que pr\u00e9vu apr\u00e8s une r\u00e9cente visite chez le dentiste ou une intervention chirurgicale mineure ? Craignez-vous que les r\u00e8gles de votre fille soient trop abondantes&nbsp;?<\/h5>\n<\/div>\n\n<div class=\"default-block container\">\n<p class=\"full\">Il existe de nombreuses raisons pour lesquelles votre enfant peut saigner de temps en temps. Les enfants jouent et explorent le monde qui les entoure. Ce faisant, les accidents sont in\u00e9vitables, et parfois votre enfant aura des bleus ou une petite blessure apr\u00e8s un tel accident. Parfois, une blessure survenue sans accident peut \u00e9galement entra\u00eener une h\u00e9morragie. Dans la plupart des cas, notre corps arr\u00eate rapidement le saignement gr\u00e2ce \u00e0 un processus appel\u00e9 la coagulation sanguine. Cependant, certains enfants ont plus facilement des bleus et saignent plus souvent que d\u2019autres. Heureusement, ce type de saignement peut souvent \u00eatre trait\u00e9 ou \u00e9vit\u00e9. Si vous \u00eates inquiet parce que votre enfant semble saigner trop souvent et trop facilement, il est important d&#8217;abord d&#8217;en identifier la cause, puis de choisir le traitement appropri\u00e9.<\/p>\n<\/div>\n\n<div class=\"default-block container\">\n<h2>Causes des saignements fr\u00e9quents chez les enfants<\/h2>\n<\/div>\n\n<div class=\"default-block container\">\n<p class=\"full\">Trouver la raison des sympt\u00f4mes de saignement de votre enfant nest pas toujours simple, car il existe de nombreuses raisons possibles de saignement. Les <a href=\"https:\/\/vwdtest.com\/fr\/bleeding-symptoms\/#nosebleed\">saignements de nez<\/a>, par exemple, peuvent \u00eatre caus\u00e9s par le fait de se curer le nez, l&#8217;air sec, une blessure, un rhume ou un allergie, ou simplement en se mouchant trop fort.<sup>1<\/sup> Un <a href=\"https:\/\/vwdtest.com\/fr\/bleeding-symptoms\/#oral-bleed\">saignement de la bouche<\/a> peut \u00e9galement \u00eatre caus\u00e9 par un accident, la perte d&#8217;une dent de lait, une morsure ou une inflammation des gencives.<sup>2<\/sup> Des saignements de nez fr\u00e9quents et des saignements des gencives peuvent \u00e9galement \u00eatre le sympt\u00f4me d&#8217;un probl\u00e8me m\u00e9dical plus grave, par exemple un trouble de la coagulation sous-jacent. En g\u00e9n\u00e9ral, les troubles de la coagulation sont rares. Malheureusement, le trouble h\u00e9morragique h\u00e9r\u00e9ditaire le plus courant, la <a href=\"https:\/\/vwdtest.com\/fr\/von-willebrand-disease\/\">maladie de von Willebrand (MVW)<\/a>, est souvent non diagnostiqu\u00e9e. Sans diagnostic ni traitement, les enfants atteints de la maladie de von Willebrand peuvent pr\u00e9senter des saignements graves. Outre les saignements de nez et de gencives fr\u00e9quents, les sympt\u00f4mes h\u00e9morragiques les plus courants chez les enfants atteints de la maladie de von Willebrand sont les <a href=\"https:\/\/vwdtest.com\/fr\/bleeding-symptoms\/#easy-bruising\">ecchymoses faciles<\/a> et les saignements prolong\u00e9s d\u00fbs \u00e0 des <a href=\"https:\/\/vwdtest.com\/fr\/bleeding-symptoms\/#minor-wounds\">plaies mineures<\/a> et apr\u00e8s <a href=\"https:\/\/vwdtest.com\/fr\/i-live-with-vwd\/#surgery\">extractions dentaires ou chirurgie.<\/a> Quand les filles atteintes de la maladie de von Willebrand commencent la pubert\u00e9, <a href=\"https:\/\/vwdtest.com\/fr\/bleeding-symptoms\/#hmb\">les saignements menstruels abondants<\/a> deviennent les sympt\u00f4mes les plus courants.<sup>3<\/sup><\/p>\n<\/div>\n\n<div class=\"default-block container\">\n<h2>Sympt\u00f4mes h\u00e9morragiques dans la famille<\/h2>\n<\/div>\n\n<div class=\"default-block container\">\n<p class=\"full\">Les troubles h\u00e9r\u00e9ditaires de la coagulation touchent souvent plusieurs membres d&#8217;une famille sur plusieurs g\u00e9n\u00e9rations. Si l&#8217;un des parents, des grands-parents ou d&#8217;autres membres de la famille pr\u00e9sentent \u00e9galement des signes de saignements excessifs, vous vous demandez peut-\u00eatre si le saignement que vous observez chez votre enfant est normal. Si le saignement ou les ecchymoses affectent le bien-\u00eatre de votre enfant, il est recommand\u00e9 de discuter des <a href=\"https:\/\/vwdtest.com\/fr\/bleeding-symptoms\/\" target=\"_blank\" rel=\"ne r\u00e9f\u00e9rez pas noopener\">sympt\u00f4mes<\/a> \u00e0 votre m\u00e9decin.<\/p>\n<\/div>\n\n<div class=\"default-block container\">\n<h2>D\u00e9couvrez si les saignements de votre enfant sont normaux<\/h2>\n<\/div>\n\n<div class=\"default-block container\">\n<p class=\"full\">Quelle quantit\u00e9 de saignement est &#8220;trop&#8221;\u00a0? Comme il s\u2019agit d\u2019une question difficile \u00e0 r\u00e9pondre, les m\u00e9decins ont d\u00e9velopp\u00e9 des tests qui peuvent aider \u00e0 \u00e9valuer les sympt\u00f4mes h\u00e9morragiques. Sur VWDtest.com, vous pouvez passer l&#8217;un de ces tests. Si votre enfant a des saignements de nez r\u00e9currents, des ecchymoses faciles ou pr\u00e9sente tout autre sympt\u00f4me h\u00e9morragique, nous vous recommandons fortement de prendre quelques minutes pour passer le test. Le test est un questionnaire court sur les signes et sympt\u00f4mes d&#8217;un \u00e9ventuel trouble de la coagulation, et le r\u00e9sultat vous dira si vous et votre enfant devriez consulter un m\u00e9decin.<\/p>\n<\/div>\n\n<div class=\"default-block container\">\n<div class=\"is-content-justification-right is-layout-flex wp-container-1 wp-block-buttons\">\n<div class=\"wp-block-button take-test\"><a class=\"wp-block-button__link wp-element-button\" href=\"https:\/\/vwdtest.com\/fr\/take-test\/\">Faire le test<\/a><\/div>\n<\/div>\n<\/div>\n\n<div class=\"default-block container\">\n<h6>Les r\u00e9f\u00e9rences<\/h6>\n<\/div>\n\n<div class=\"default-block container\">\n<ol><div class=\"default-block container\">\n<li><a href=\"https:\/\/www.hopkinsmedicine.org\/health\/conditions-and-diseases\/nosebleeds\" target=\"_blank\" rel=\"noreferrer noopener\">https:\/\/www.hopkinsmedicine.org\/health\/conditions-and-diseases\/nosebleeds<\/a> derni\u00e8re consultation en mars 2023.<\/li>\n<\/div>\n\n<div class=\"default-block container\">\n<li><a href=\"https:\/\/www.childrensmn.org\/educationmaterials\/childrensmn\/article\/15581\/mouth-bleeding-with-a-bleeding-disorder\/\" target=\"_blank\" rel=\"noreferrer noopener\">https:\/\/www.childrensmn.org\/educationmaterials\/childrensmn\/article\/15581\/mouth-bleeding-with-a-bleeding-disorder\/<\/a> derni\u00e8re consultation en mars 2023.<\/li>\n<\/div>\n\n<div class=\"default-block container\">\n<li>Corrales-Medina FF et al. Blood R\u00e9v 2022\u00a0; 58:101018.<\/li>\n<\/div><\/ol>\n<\/div>","protected":false},"excerpt":{"rendered":"<p>Mon enfant saigne-t-il trop ? Les saignements de nez r\u00e9currents de votre enfant vous inqui\u00e8tent&nbsp;? Votre enfant a-t-il des bleus plus facilement et plus souvent que ses pairs ? Votre enfant a-t-il saign\u00e9 plus longtemps que pr\u00e9vu apr\u00e8s une r\u00e9cente visite chez le dentiste ou une intervention chirurgicale mineure ? Craignez-vous que les r\u00e8gles de [&hellip;]<\/p>\n","protected":false},"author":1,"featured_media":996,"parent":0,"menu_order":0,"comment_status":"closed","ping_status":"closed","template":"","meta":{"inline_featured_image":false},"acf":[],"yoast_head":"<!-- This site is optimized with the Yoast SEO plugin v20.4 - https:\/\/yoast.com\/wordpress\/plugins\/seo\/ -->\n<title>je suis un parent inquiet - France<\/title>\n<meta name=\"robots\" content=\"index, follow, max-snippet:-1, max-image-preview:large, max-video-preview:-1\" \/>\n<link rel=\"canonical\" href=\"https:\/\/vwdtest.com\/fr\/i-am-a-worried-parent\/\" \/>\n<meta property=\"og:locale\" content=\"en_US\" \/>\n<meta property=\"og:type\" content=\"article\" \/>\n<meta property=\"og:title\" content=\"je suis un parent inquiet - France\" \/>\n<meta property=\"og:description\" content=\"Mon enfant saigne-t-il trop ? Les saignements de nez r\u00e9currents de votre enfant vous inqui\u00e8tent&nbsp;? Votre enfant a-t-il des bleus plus facilement et plus souvent que ses pairs ? Votre enfant a-t-il saign\u00e9 plus longtemps que pr\u00e9vu apr\u00e8s une r\u00e9cente visite chez le dentiste ou une intervention chirurgicale mineure ? Craignez-vous que les r\u00e8gles de [&hellip;]\" \/>\n<meta property=\"og:url\" content=\"https:\/\/vwdtest.com\/fr\/i-am-a-worried-parent\/\" \/>\n<meta property=\"og:site_name\" content=\"France\" \/>\n<meta property=\"article:modified_time\" content=\"2025-03-05T13:45:18+00:00\" \/>\n<meta property=\"og:image\" content=\"https:\/\/vwdtest.com\/fr\/wp-content\/uploads\/sites\/22\/2023\/07\/Worried-patients-1-1.png\" \/>\n\t<meta property=\"og:image:width\" content=\"828\" \/>\n\t<meta property=\"og:image:height\" content=\"982\" \/>\n\t<meta property=\"og:image:type\" content=\"image\/png\" \/>\n<meta name=\"twitter:card\" content=\"summary_large_image\" \/>\n<meta name=\"twitter:label1\" content=\"Est. reading time\" \/>\n\t<meta name=\"twitter:data1\" content=\"3 minutes\" \/>\n<script type=\"application\/ld+json\" class=\"yoast-schema-graph\">{\"@context\":\"https:\/\/schema.org\",\"@graph\":[{\"@type\":\"WebPage\",\"@id\":\"https:\/\/vwdtest.com\/fr\/i-am-a-worried-parent\/\",\"url\":\"https:\/\/vwdtest.com\/fr\/i-am-a-worried-parent\/\",\"name\":\"je suis un parent inquiet - France\",\"isPartOf\":{\"@id\":\"https:\/\/vwdtest.com\/fr\/#website\"},\"datePublished\":\"2023-04-27T13:02:19+00:00\",\"dateModified\":\"2025-03-05T13:45:18+00:00\",\"breadcrumb\":{\"@id\":\"https:\/\/vwdtest.com\/fr\/i-am-a-worried-parent\/#breadcrumb\"},\"inLanguage\":\"en-US\",\"potentialAction\":[{\"@type\":\"ReadAction\",\"target\":[\"https:\/\/vwdtest.com\/fr\/i-am-a-worried-parent\/\"]}]},{\"@type\":\"BreadcrumbList\",\"@id\":\"https:\/\/vwdtest.com\/fr\/i-am-a-worried-parent\/#breadcrumb\",\"itemListElement\":[{\"@type\":\"ListItem\",\"position\":1,\"name\":\"Home\",\"item\":\"https:\/\/vwdtest.com\/fr\/\"},{\"@type\":\"ListItem\",\"position\":2,\"name\":\"je suis un parent inquiet\"}]},{\"@type\":\"WebSite\",\"@id\":\"https:\/\/vwdtest.com\/fr\/#website\",\"url\":\"https:\/\/vwdtest.com\/fr\/\",\"name\":\"France\",\"description\":\"\",\"potentialAction\":[{\"@type\":\"SearchAction\",\"target\":{\"@type\":\"EntryPoint\",\"urlTemplate\":\"https:\/\/vwdtest.com\/fr\/?s={search_term_string}\"},\"query-input\":\"required name=search_term_string\"}],\"inLanguage\":\"en-US\"}]}<\/script>\n<!-- \/ Yoast SEO plugin. -->","yoast_head_json":{"title":"je suis un parent inquiet - France","robots":{"index":"index","follow":"follow","max-snippet":"max-snippet:-1","max-image-preview":"max-image-preview:large","max-video-preview":"max-video-preview:-1"},"canonical":"https:\/\/vwdtest.com\/fr\/i-am-a-worried-parent\/","og_locale":"en_US","og_type":"article","og_title":"je suis un parent inquiet - France","og_description":"Mon enfant saigne-t-il trop ? Les saignements de nez r\u00e9currents de votre enfant vous inqui\u00e8tent&nbsp;? Votre enfant a-t-il des bleus plus facilement et plus souvent que ses pairs ? Votre enfant a-t-il saign\u00e9 plus longtemps que pr\u00e9vu apr\u00e8s une r\u00e9cente visite chez le dentiste ou une intervention chirurgicale mineure ? Craignez-vous que les r\u00e8gles de [&hellip;]","og_url":"https:\/\/vwdtest.com\/fr\/i-am-a-worried-parent\/","og_site_name":"France","article_modified_time":"2025-03-05T13:45:18+00:00","og_image":[{"width":828,"height":982,"url":"https:\/\/vwdtest.com\/fr\/wp-content\/uploads\/sites\/22\/2023\/07\/Worried-patients-1-1.png","type":"image\/png"}],"twitter_card":"summary_large_image","twitter_misc":{"Est. reading time":"3 minutes"},"schema":{"@context":"https:\/\/schema.org","@graph":[{"@type":"WebPage","@id":"https:\/\/vwdtest.com\/fr\/i-am-a-worried-parent\/","url":"https:\/\/vwdtest.com\/fr\/i-am-a-worried-parent\/","name":"je suis un parent inquiet - France","isPartOf":{"@id":"https:\/\/vwdtest.com\/fr\/#website"},"datePublished":"2023-04-27T13:02:19+00:00","dateModified":"2025-03-05T13:45:18+00:00","breadcrumb":{"@id":"https:\/\/vwdtest.com\/fr\/i-am-a-worried-parent\/#breadcrumb"},"inLanguage":"en-US","potentialAction":[{"@type":"ReadAction","target":["https:\/\/vwdtest.com\/fr\/i-am-a-worried-parent\/"]}]},{"@type":"BreadcrumbList","@id":"https:\/\/vwdtest.com\/fr\/i-am-a-worried-parent\/#breadcrumb","itemListElement":[{"@type":"ListItem","position":1,"name":"Home","item":"https:\/\/vwdtest.com\/fr\/"},{"@type":"ListItem","position":2,"name":"je suis un parent inquiet"}]},{"@type":"WebSite","@id":"https:\/\/vwdtest.com\/fr\/#website","url":"https:\/\/vwdtest.com\/fr\/","name":"France","description":"","potentialAction":[{"@type":"SearchAction","target":{"@type":"EntryPoint","urlTemplate":"https:\/\/vwdtest.com\/fr\/?s={search_term_string}"},"query-input":"required name=search_term_string"}],"inLanguage":"en-US"}]}},"_links":{"self":[{"href":"https:\/\/vwdtest.com\/fr\/wp-json\/wp\/v2\/pages\/811"}],"collection":[{"href":"https:\/\/vwdtest.com\/fr\/wp-json\/wp\/v2\/pages"}],"about":[{"href":"https:\/\/vwdtest.com\/fr\/wp-json\/wp\/v2\/types\/page"}],"author":[{"embeddable":true,"href":"https:\/\/vwdtest.com\/fr\/wp-json\/wp\/v2\/users\/1"}],"replies":[{"embeddable":true,"href":"https:\/\/vwdtest.com\/fr\/wp-json\/wp\/v2\/comments?post=811"}],"version-history":[{"count":45,"href":"https:\/\/vwdtest.com\/fr\/wp-json\/wp\/v2\/pages\/811\/revisions"}],"predecessor-version":[{"id":1992,"href":"https:\/\/vwdtest.com\/fr\/wp-json\/wp\/v2\/pages\/811\/revisions\/1992"}],"wp:featuredmedia":[{"embeddable":true,"href":"https:\/\/vwdtest.com\/fr\/wp-json\/wp\/v2\/media\/996"}],"wp:attachment":[{"href":"https:\/\/vwdtest.com\/fr\/wp-json\/wp\/v2\/media?parent=811"}],"curies":[{"name":"wp","href":"https:\/\/api.w.org\/{rel}","templated":true}]}}