{"id":795,"date":"2023-04-27T12:33:04","date_gmt":"2023-04-27T12:33:04","guid":{"rendered":"https:\/\/new.vwdtest.com\/fr\/?page_id=795"},"modified":"2025-03-05T13:30:20","modified_gmt":"2025-03-05T13:30:20","slug":"i-bleed-a-lot","status":"publish","type":"page","link":"https:\/\/vwdtest.com\/fr\/i-bleed-a-lot\/","title":{"rendered":"je saigne beaucoup"},"content":{"rendered":"<div class=\"default-block container\">\n<h2>Saignez-vous trop ?<\/h2>\n<\/div>\n\n<div class=\"default-block container\">\n<h5 class=\"bleeding-symptoms-title helpful live\">Vous vous demandez pourquoi vous avez autant de saignements de nez ? Vos gencives saignent-elles apr\u00e8s avoir utilis\u00e9 la soie dentaire ou vous \u00eatre bross\u00e9 les dents ? Vous d\u00e9couvrez souvent des bleus sur votre corps et vous ne vous souvenez plus d\u2019o\u00f9 ils peuvent provenir ? Avez-vous r\u00e9cemment eu des saignements excessifs apr\u00e8s un accident mineur ou une visite chez le dentiste&nbsp;?<\/h5> <p class=\"full\">La plupart des gens saignent de temps en temps. La cause du saignement varie, mais dans la plupart des cas, notre corps arr\u00eate rapidement le saignement gr\u00e2ce \u00e0 un processus appel\u00e9 coagulation sanguine. Cependant, certaines personnes saignent plus souvent et plus longtemps que d\u2019autres, et ce type de saignement peut souvent \u00eatre trait\u00e9 ou \u00e9vit\u00e9. Donc, si vous r\u00e9pondez \u00ab oui \u00bb \u00e0 au moins une des questions ci-dessus, votre saignement pourrait m\u00e9riter une enqu\u00eate plus approfondie.<\/p>\n<\/div>\n\n<div class=\"default-block container\">\n<h2>Causes de saignements excessifs ou prolong\u00e9s<\/h2>\n<\/div>\n\n<div class=\"default-block container\">\n<p class=\"full push-text\">Il existe de nombreuses causes possibles de saignement excessif ou prolong\u00e9. Identifier la cause de vos sympt\u00f4mes h\u00e9morragiques est tr\u00e8s important pour d\u00e9terminer le traitement appropri\u00e9. Les saignements peuvent \u00eatre provoqu\u00e9s par certains m\u00e9dicaments, par exemple des analg\u00e9siques comme l&#8217;aspirine ou des anticoagulants. Certaines pathologies, telles qu&#8217;une maladie du foie ou des reins ou un cancer, peuvent \u00e9galement provoquer des saignements.<sup>1,2<\/sup> Il est \u00e9galement possible que vos saignements soient dus \u00e0 un trouble de la coagulation. Les troubles de la coagulation sont des maladies rares et peuvent \u00eatre h\u00e9r\u00e9ditaires ou acquises. Le trouble h\u00e9morragique h\u00e9r\u00e9ditaire le plus courant est la <a href=\"https:\/\/vwdtest.com\/fr\/von-willebrand-disease\/\">maladie de von Willebrand<\/a> (MVW). La maladie de von Willebrand est souvent non diagnostiqu\u00e9e. Sans diagnostic ni traitement, les personnes atteintes de la maladie de von Willebrand courent un risque de saignement grave. Les personnes atteintes de la maladie de von Willebrand ont souvent des saignements de <a href=\"https:\/\/vwdtest.com\/fr\/bleeding-symptoms\/#nosebleed\">nez<\/a> et des <a href=\"https:\/\/vwdtest.com\/fr\/bleeding-symptoms\/#oral-bleed\">gencives<\/a>, des <a href=\"https:\/\/vwdtest.com\/fr\/bleeding-symptoms\/#easy-bruising\">ecchymoses<\/a> et peuvent pr\u00e9senter des saignements excessifs apr\u00e8s des <a href=\"https:\/\/vwdtest.com\/fr\/i-live-with-vwd\/#surgery\">extractions dentaires<\/a>, <a href=\"https:\/\/vwdtest.com\/fr\/bleeding-symptoms\/#bleed-surgery\">chirurgie ou accidents mineurs<\/a>. Chez les femmes atteintes de la maladie de von Willebrand, les <a href=\"https:\/\/vwdtest.com\/fr\/bleeding-symptoms\/#hmb\">saignements menstruels abondants<\/a> sont le sympt\u00f4me le plus courant.<sup>3<\/sup><\/p>\n<\/div>\n\n<div class=\"default-block container\">\n<h2>Vous n&#8217;\u00eates peut-\u00eatre pas le seul dans votre famille \u00e0 pr\u00e9senter des sympt\u00f4mes de saignement.<\/h2>\n<\/div>\n\n<div class=\"default-block container\">\n<p class=\"full push-text\">Si vos fr\u00e8res et s\u0153urs, vos parents ou d&#8217;autres membres de votre famille pr\u00e9sentent \u00e9galement des sympt\u00f4mes de saignement, vous pensez peut-\u00eatre que ceux-ci sont normaux. Cependant, ce n&#8217;est pas toujours vrai. Votre saignement peut \u00eatre caus\u00e9 par un trouble de la coagulation h\u00e9r\u00e9ditaire, qui touche souvent plusieurs membres de la famille. Si vos saignements affectent votre vie quotidienne et votre bien-\u00eatre, il est recommand\u00e9 d&#8217;en discuter avec votre m\u00e9decin.<\/p>\n<\/div>\n\n<div class=\"default-block container\">\n<h2>D\u00e9couvrez si votre saignement est normal<\/h2>\n<\/div>\n\n<div class=\"default-block container\">\n<p class=\"full push-text\">Mes saignements sont-ils normaux ou non&nbsp;? Trouver la r\u00e9ponse \u00e0 cette question n\u2019est pas toujours simple. Pour faciliter l&#8217;\u00e9valuation des sympt\u00f4mes de saignement, les chercheurs ont mis au point des tests de saignement<sup>3<\/sup>. L&#8217;un de ces tests est disponible sur ce site Web. Si vous n\u2019\u00eates pas s\u00fbr d\u2019un sympt\u00f4me h\u00e9morragique que vous avez ressenti, nous vous recommandons fortement de passer un test de saignement. Cela peut \u00eatre encore plus important si vous \u00eates sur le point de subir une intervention chirurgicale. Le test ne prend que quelques minutes et il vous indiquera si vous devez consulter un m\u00e9decin en raison de votre saignement.<\/p>\n<\/div>\n\n<div class=\"default-block container\">\n<h6>Les r\u00e9f\u00e9rences<\/h6>\n<\/div>\n\n<div class=\"default-block container\">\n<ol><div class=\"default-block container\">\n<li><a href=\"https:\/\/my.clevelandclinic.org\/health\/symptoms\/21654-hemorrhage\" target=\"_blank\" rel=\"noreferrer noopener\">https:\/\/my.clevelandclinic.org\/health\/symptoms\/21654-hemorrhage<\/a> ; derni\u00e8re consultation en mars 2023.<\/li>\n<\/div>\n\n<div class=\"default-block container\">\n<li><a href=\"https:\/\/www.drugs.com\/cg\/postoperative-bleeding.html\" target=\"_blank\" rel=\"noreferrer noopener\">https:\/\/www.drugs.com\/cg\/postoperative-bleeding.html<\/a> ; derni\u00e8re consultation en mars 2023.<\/li>\n<\/div>\n\n<div class=\"default-block container\">\n<li>Corrales-Medina FF et al. Blood R\u00e9v 2022&nbsp;; 58:101018.<\/li>\n<\/div><\/ol>\n<\/div>","protected":false},"excerpt":{"rendered":"<p>Saignez-vous trop ? Vous vous demandez pourquoi vous avez autant de saignements de nez ? Vos gencives saignent-elles apr\u00e8s avoir utilis\u00e9 la soie dentaire ou vous \u00eatre bross\u00e9 les dents ? Vous d\u00e9couvrez souvent des bleus sur votre corps et vous ne vous souvenez plus d\u2019o\u00f9 ils peuvent provenir ? Avez-vous r\u00e9cemment eu des saignements [&hellip;]<\/p>\n","protected":false},"author":1,"featured_media":788,"parent":0,"menu_order":0,"comment_status":"closed","ping_status":"closed","template":"","meta":{"inline_featured_image":false},"acf":[],"yoast_head":"<!-- This site is optimized with the Yoast SEO plugin v20.4 - https:\/\/yoast.com\/wordpress\/plugins\/seo\/ -->\n<title>je saigne beaucoup - France<\/title>\n<meta name=\"robots\" content=\"index, follow, max-snippet:-1, max-image-preview:large, max-video-preview:-1\" \/>\n<link rel=\"canonical\" href=\"https:\/\/vwdtest.com\/fr\/i-bleed-a-lot\/\" \/>\n<meta property=\"og:locale\" content=\"en_US\" \/>\n<meta property=\"og:type\" content=\"article\" \/>\n<meta property=\"og:title\" content=\"je saigne beaucoup - France\" \/>\n<meta property=\"og:description\" content=\"Saignez-vous trop ? Vous vous demandez pourquoi vous avez autant de saignements de nez ? Vos gencives saignent-elles apr\u00e8s avoir utilis\u00e9 la soie dentaire ou vous \u00eatre bross\u00e9 les dents ? Vous d\u00e9couvrez souvent des bleus sur votre corps et vous ne vous souvenez plus d\u2019o\u00f9 ils peuvent provenir ? Avez-vous r\u00e9cemment eu des saignements [&hellip;]\" \/>\n<meta property=\"og:url\" content=\"https:\/\/vwdtest.com\/fr\/i-bleed-a-lot\/\" \/>\n<meta property=\"og:site_name\" content=\"France\" \/>\n<meta property=\"article:modified_time\" content=\"2025-03-05T13:30:20+00:00\" \/>\n<meta property=\"og:image\" content=\"https:\/\/vwdtest.com\/fr\/wp-content\/uploads\/sites\/22\/2023\/04\/Person-who-bleads-1.png\" \/>\n\t<meta property=\"og:image:width\" content=\"679\" \/>\n\t<meta property=\"og:image:height\" content=\"976\" \/>\n\t<meta property=\"og:image:type\" content=\"image\/png\" \/>\n<meta name=\"twitter:card\" content=\"summary_large_image\" \/>\n<meta name=\"twitter:label1\" content=\"Est. reading time\" \/>\n\t<meta name=\"twitter:data1\" content=\"3 minutes\" \/>\n<script type=\"application\/ld+json\" class=\"yoast-schema-graph\">{\"@context\":\"https:\/\/schema.org\",\"@graph\":[{\"@type\":\"WebPage\",\"@id\":\"https:\/\/vwdtest.com\/fr\/i-bleed-a-lot\/\",\"url\":\"https:\/\/vwdtest.com\/fr\/i-bleed-a-lot\/\",\"name\":\"je saigne beaucoup - France\",\"isPartOf\":{\"@id\":\"https:\/\/vwdtest.com\/fr\/#website\"},\"datePublished\":\"2023-04-27T12:33:04+00:00\",\"dateModified\":\"2025-03-05T13:30:20+00:00\",\"breadcrumb\":{\"@id\":\"https:\/\/vwdtest.com\/fr\/i-bleed-a-lot\/#breadcrumb\"},\"inLanguage\":\"en-US\",\"potentialAction\":[{\"@type\":\"ReadAction\",\"target\":[\"https:\/\/vwdtest.com\/fr\/i-bleed-a-lot\/\"]}]},{\"@type\":\"BreadcrumbList\",\"@id\":\"https:\/\/vwdtest.com\/fr\/i-bleed-a-lot\/#breadcrumb\",\"itemListElement\":[{\"@type\":\"ListItem\",\"position\":1,\"name\":\"Home\",\"item\":\"https:\/\/vwdtest.com\/fr\/\"},{\"@type\":\"ListItem\",\"position\":2,\"name\":\"je saigne beaucoup\"}]},{\"@type\":\"WebSite\",\"@id\":\"https:\/\/vwdtest.com\/fr\/#website\",\"url\":\"https:\/\/vwdtest.com\/fr\/\",\"name\":\"France\",\"description\":\"\",\"potentialAction\":[{\"@type\":\"SearchAction\",\"target\":{\"@type\":\"EntryPoint\",\"urlTemplate\":\"https:\/\/vwdtest.com\/fr\/?s={search_term_string}\"},\"query-input\":\"required name=search_term_string\"}],\"inLanguage\":\"en-US\"}]}<\/script>\n<!-- \/ Yoast SEO plugin. -->","yoast_head_json":{"title":"je saigne beaucoup - France","robots":{"index":"index","follow":"follow","max-snippet":"max-snippet:-1","max-image-preview":"max-image-preview:large","max-video-preview":"max-video-preview:-1"},"canonical":"https:\/\/vwdtest.com\/fr\/i-bleed-a-lot\/","og_locale":"en_US","og_type":"article","og_title":"je saigne beaucoup - France","og_description":"Saignez-vous trop ? Vous vous demandez pourquoi vous avez autant de saignements de nez ? Vos gencives saignent-elles apr\u00e8s avoir utilis\u00e9 la soie dentaire ou vous \u00eatre bross\u00e9 les dents ? Vous d\u00e9couvrez souvent des bleus sur votre corps et vous ne vous souvenez plus d\u2019o\u00f9 ils peuvent provenir ? Avez-vous r\u00e9cemment eu des saignements [&hellip;]","og_url":"https:\/\/vwdtest.com\/fr\/i-bleed-a-lot\/","og_site_name":"France","article_modified_time":"2025-03-05T13:30:20+00:00","og_image":[{"width":679,"height":976,"url":"https:\/\/vwdtest.com\/fr\/wp-content\/uploads\/sites\/22\/2023\/04\/Person-who-bleads-1.png","type":"image\/png"}],"twitter_card":"summary_large_image","twitter_misc":{"Est. reading time":"3 minutes"},"schema":{"@context":"https:\/\/schema.org","@graph":[{"@type":"WebPage","@id":"https:\/\/vwdtest.com\/fr\/i-bleed-a-lot\/","url":"https:\/\/vwdtest.com\/fr\/i-bleed-a-lot\/","name":"je saigne beaucoup - France","isPartOf":{"@id":"https:\/\/vwdtest.com\/fr\/#website"},"datePublished":"2023-04-27T12:33:04+00:00","dateModified":"2025-03-05T13:30:20+00:00","breadcrumb":{"@id":"https:\/\/vwdtest.com\/fr\/i-bleed-a-lot\/#breadcrumb"},"inLanguage":"en-US","potentialAction":[{"@type":"ReadAction","target":["https:\/\/vwdtest.com\/fr\/i-bleed-a-lot\/"]}]},{"@type":"BreadcrumbList","@id":"https:\/\/vwdtest.com\/fr\/i-bleed-a-lot\/#breadcrumb","itemListElement":[{"@type":"ListItem","position":1,"name":"Home","item":"https:\/\/vwdtest.com\/fr\/"},{"@type":"ListItem","position":2,"name":"je saigne beaucoup"}]},{"@type":"WebSite","@id":"https:\/\/vwdtest.com\/fr\/#website","url":"https:\/\/vwdtest.com\/fr\/","name":"France","description":"","potentialAction":[{"@type":"SearchAction","target":{"@type":"EntryPoint","urlTemplate":"https:\/\/vwdtest.com\/fr\/?s={search_term_string}"},"query-input":"required name=search_term_string"}],"inLanguage":"en-US"}]}},"_links":{"self":[{"href":"https:\/\/vwdtest.com\/fr\/wp-json\/wp\/v2\/pages\/795"}],"collection":[{"href":"https:\/\/vwdtest.com\/fr\/wp-json\/wp\/v2\/pages"}],"about":[{"href":"https:\/\/vwdtest.com\/fr\/wp-json\/wp\/v2\/types\/page"}],"author":[{"embeddable":true,"href":"https:\/\/vwdtest.com\/fr\/wp-json\/wp\/v2\/users\/1"}],"replies":[{"embeddable":true,"href":"https:\/\/vwdtest.com\/fr\/wp-json\/wp\/v2\/comments?post=795"}],"version-history":[{"count":45,"href":"https:\/\/vwdtest.com\/fr\/wp-json\/wp\/v2\/pages\/795\/revisions"}],"predecessor-version":[{"id":1975,"href":"https:\/\/vwdtest.com\/fr\/wp-json\/wp\/v2\/pages\/795\/revisions\/1975"}],"wp:featuredmedia":[{"embeddable":true,"href":"https:\/\/vwdtest.com\/fr\/wp-json\/wp\/v2\/media\/788"}],"wp:attachment":[{"href":"https:\/\/vwdtest.com\/fr\/wp-json\/wp\/v2\/media?parent=795"}],"curies":[{"name":"wp","href":"https:\/\/api.w.org\/{rel}","templated":true}]}}