{"id":266,"date":"2023-02-21T21:23:10","date_gmt":"2023-02-21T21:23:10","guid":{"rendered":"https:\/\/new.vwdtest.com\/fr\/?page_id=266"},"modified":"2024-03-05T12:31:37","modified_gmt":"2024-03-05T12:31:37","slug":"cookie-preferences","status":"publish","type":"page","link":"https:\/\/vwdtest.com\/fr\/cookie-preferences\/","title":{"rendered":"Pr\u00e9f\u00e9rences en mati\u00e8re de cookies"},"content":{"rendered":"<div class=\"default-block container\">\n<h2>Informations sur les cookies<\/h2>\n<\/div>\n\n<div class=\"default-block container\">\n<p>Les cookies sont des \u00e9l\u00e9ments de donn\u00e9es qu&#8217;un site Web peut transf\u00e9rer au navigateur Web d&#8217;un utilisateur. Lorsque vous visitez\u00a0<a href=\"http:\/\/www.vwdtest.com\/fr\" target=\"_blank\" rel=\"noreferrer noopener\">www.vwdtest.com<\/a>, si votre navigateur utilise les param\u00e8tres standard et qu&#8217;il accepte les cookies, vous donnez votre consentement pour les cookies de ce site soient stock\u00e9s sur votre ordinateur. Les cookies stock\u00e9s peuvent rester sur votre ordinateur apr\u00e8s votre d\u00e9part <a href=\"http:\/\/www.vwdtest.com\/fr\" target=\"_blank\" rel=\"noreferrer noopener\">www.vwdtest.com<\/a>.<\/p>\n<\/div>\n\n<div class=\"default-block container\">\n<p>Si vous ne souhaitez pas que cela se produise, vous pouvez r\u00e9gler votre navigateur Web pour refuser les cookies ou vous avertir lorsque des cookies sont utilis\u00e9s. Vous pouvez \u00e9galement les supprimer manuellement dans les param\u00e8tres de votre navigateur. La plupart des \u00e9l\u00e9ments de\u00a0<a href=\"https:\/\/www.vwdtest.com\/fr\" target=\"_blank\" rel=\"noreferrer noopener\">www.vwdtest.com<\/a>\u00a0fonctionneront toujours si vous d\u00e9sactivez les cookies dans les param\u00e8tres de votre navigateur Web.<\/p>\n<\/div>\n\n<div class=\"default-block container\">\n<p>Vous pouvez trouver plus d&#8217;informations sur les cookies, notamment comment savoir quels cookies ont \u00e9t\u00e9 install\u00e9s sur votre appareil et comment les g\u00e9rer et les supprimer sur&nbsp;<a rel=\"noreferrer noopener\" href=\"https:\/\/www.aboutcookies .org\/\" target=\"_blank\">www.aboutcookies.org<\/a>.<\/p>\n<\/div>\n\n<div class=\"default-block container\">\n<p>Sur\u00a0<a href=\"https:\/\/www.vwdtest.com\/fr\" target=\"_blank\" rel=\"noreferrer noopener\">www.vwdtest.com<\/a>\u00a0diff\u00e9rents types de cookies sont utilis\u00e9s\u00a0:<\/p>\n<\/div>\n\n<div class=\"default-block container\">\n<p><strong>Strictement n\u00e9cessaire<\/strong><\/p>\n<\/div>\n\n<div class=\"default-block container\">\n<figure class=\"wp-block-table\"><table><thead><tr><th>Type de cookie<\/th><th>Nom<\/th><th>But<\/th><th>Expires<\/th><\/tr><\/thead><tbody><tr><td>Matomo<\/td><td>mtm_cookie_consent<\/td><td>Ceci est stock\u00e9 pour rappeler que le consentement pour le stockage et l&#8217;utilisation des cookies a \u00e9t\u00e9 donn\u00e9 par l&#8217;utilisateur.<\/td><td>30 ans<\/td><\/tr><\/tbody><\/table><\/figure>\n<\/div>\n\n<div class=\"default-block container\">\n<p><strong>Performance cookies<\/strong><\/p>\n<\/div>\n\n<div class=\"default-block container\">\n<figure class=\"wp-block-table\"><table><thead><tr><th>Type de cookie<\/th><th>Nom<\/th><th>But<\/th><th>Expires<\/th><\/tr><\/thead><tbody><tr><td>Matomo<\/td><td>_pk_id<\/td><td>Ceci est utilis\u00e9 pour stocker quelques d\u00e9tails sur l&#8217;utilisateur, tels que l&#8217;identifiant unique du visiteur.<\/td><td>1 an, 1 mois<\/td><\/tr><tr><td>_pk_ref<\/td><td>Ceci est utilis\u00e9 pour stocker les informations d&#8217;attribution, le r\u00e9f\u00e9rent initialement utilis\u00e9 pour visiter le site Web.<\/td><td>6 mois<\/td><\/tr><tr><td>_pk_ses<\/td><td>Ceci est utilis\u00e9 pour stocker un identifiant de session unique.<\/td><td>30 minutes<\/td><\/tr><tr><td>_pk_cvar<\/td><td>Ceci est utilis\u00e9 pour stocker un identifiant de session unique.<\/td><td>30 minutes<\/td><\/tr><tr><td>_pk_hsr<\/td><td>Ceci est utilis\u00e9 pour stocker un identifiant de session unique.<\/td><td>30 minutes<\/td><\/tr><tr><td>_pk_testcookie<\/td><td>Ceci est utilis\u00e9 pour v\u00e9rifier si le navigateur du visiteur prend en charge les cookies.<\/td><td>Session<\/td><\/tr><tr><td>Matomo_sessid<\/td><td>Ceci est utilis\u00e9 pour stocker un identifiant de session unique.<\/td><td>Session<\/td><\/tr><tr><\/tr><\/tbody><\/table><\/figure>\n<\/div>\n\n<div class=\"default-block container\">\n<p>Si vous modifiez activement les param\u00e8tres pour autoriser les cookies de performance, vous consentez \u00e0 ce que Matomo collecte des informations sur la fa\u00e7on dont vous utilisez et naviguez sur notre site. Au cours de ce processus, votre adresse IP sera anonymis\u00e9e. Nous utilisons ces informations pour am\u00e9liorer l&#8217;exp\u00e9rience utilisateur de tous les visiteurs de notre page d&#8217;accueil.<\/p>\n<\/div>\n\n<div class=\"default-block container\">\n<p><strong>Cookies de fonctionnalit\u00e9<\/strong><\/p>\n<\/div>\n\n<div class=\"default-block container\">\n<p>Il s&#8217;agit de cookies qui ne sont pas essentiels, mais qui am\u00e9liorent votre utilisation de\u00a0<a href=\"https:\/\/www.vwdtest.com\/fr\" target=\"_blank\" rel=\"noreferrer noopener\">www.vwdtest.com<\/a>\u00a0:<\/p>\n<\/div>\n\n<div class=\"default-block container\">\n<figure class=\"wp-block-table\"><table><thead><tr><th>Type de cookie<\/th><th>Nom<\/th><th>Expire<\/th><th>But<\/th><\/tr><\/thead><tbody><tr><td>Cookie persistant<\/td><td>cookieconsent_status<\/td><td>1 years<\/td><td>Ce cookie est associ\u00e9 \u00e0 un script qui affiche une alerte de cookie sur le site Web. Il est utilis\u00e9 pour enregistrer le moment o\u00f9 l&#8217;utilisateur a ignor\u00e9 l&#8217;avis afin d&#8217;\u00e9viter qu&#8217;il ne r\u00e9apparaisse lors de visites ult\u00e9rieures.<\/td><\/tr><\/tbody><\/table><\/figure>\n<\/div>","protected":false},"excerpt":{"rendered":"<p>Informations sur les cookies Les cookies sont des \u00e9l\u00e9ments de donn\u00e9es qu&#8217;un site Web peut transf\u00e9rer au navigateur Web d&#8217;un utilisateur. Lorsque vous visitez\u00a0www.vwdtest.com, si votre navigateur utilise les param\u00e8tres standard et qu&#8217;il accepte les cookies, vous donnez votre consentement pour les cookies de ce site soient stock\u00e9s sur votre ordinateur. Les cookies stock\u00e9s peuvent [&hellip;]<\/p>\n","protected":false},"author":1,"featured_media":0,"parent":0,"menu_order":0,"comment_status":"closed","ping_status":"closed","template":"front-page.php","meta":{"inline_featured_image":false},"acf":[],"yoast_head":"<!-- This site is optimized with the Yoast SEO plugin v20.4 - https:\/\/yoast.com\/wordpress\/plugins\/seo\/ -->\n<title>Pr\u00e9f\u00e9rences en mati\u00e8re de cookies - France<\/title>\n<meta name=\"robots\" content=\"index, follow, max-snippet:-1, max-image-preview:large, max-video-preview:-1\" \/>\n<link rel=\"canonical\" href=\"https:\/\/vwdtest.com\/fr\/cookie-preferences\/\" \/>\n<meta property=\"og:locale\" content=\"en_US\" \/>\n<meta property=\"og:type\" content=\"article\" \/>\n<meta property=\"og:title\" content=\"Pr\u00e9f\u00e9rences en mati\u00e8re de cookies - France\" \/>\n<meta property=\"og:description\" content=\"Informations sur les cookies Les cookies sont des \u00e9l\u00e9ments de donn\u00e9es qu&#8217;un site Web peut transf\u00e9rer au navigateur Web d&#8217;un utilisateur. Lorsque vous visitez\u00a0www.vwdtest.com, si votre navigateur utilise les param\u00e8tres standard et qu&#8217;il accepte les cookies, vous donnez votre consentement pour les cookies de ce site soient stock\u00e9s sur votre ordinateur. Les cookies stock\u00e9s peuvent [&hellip;]\" \/>\n<meta property=\"og:url\" content=\"https:\/\/vwdtest.com\/fr\/cookie-preferences\/\" \/>\n<meta property=\"og:site_name\" content=\"France\" \/>\n<meta property=\"article:modified_time\" content=\"2024-03-05T12:31:37+00:00\" \/>\n<meta name=\"twitter:card\" content=\"summary_large_image\" \/>\n<meta name=\"twitter:label1\" content=\"Est. reading time\" \/>\n\t<meta name=\"twitter:data1\" content=\"2 minutes\" \/>\n<script type=\"application\/ld+json\" class=\"yoast-schema-graph\">{\"@context\":\"https:\/\/schema.org\",\"@graph\":[{\"@type\":\"WebPage\",\"@id\":\"https:\/\/vwdtest.com\/fr\/cookie-preferences\/\",\"url\":\"https:\/\/vwdtest.com\/fr\/cookie-preferences\/\",\"name\":\"Pr\u00e9f\u00e9rences en mati\u00e8re de cookies - France\",\"isPartOf\":{\"@id\":\"https:\/\/vwdtest.com\/fr\/#website\"},\"datePublished\":\"2023-02-21T21:23:10+00:00\",\"dateModified\":\"2024-03-05T12:31:37+00:00\",\"breadcrumb\":{\"@id\":\"https:\/\/vwdtest.com\/fr\/cookie-preferences\/#breadcrumb\"},\"inLanguage\":\"en-US\",\"potentialAction\":[{\"@type\":\"ReadAction\",\"target\":[\"https:\/\/vwdtest.com\/fr\/cookie-preferences\/\"]}]},{\"@type\":\"BreadcrumbList\",\"@id\":\"https:\/\/vwdtest.com\/fr\/cookie-preferences\/#breadcrumb\",\"itemListElement\":[{\"@type\":\"ListItem\",\"position\":1,\"name\":\"Home\",\"item\":\"https:\/\/vwdtest.com\/fr\/\"},{\"@type\":\"ListItem\",\"position\":2,\"name\":\"Pr\u00e9f\u00e9rences en mati\u00e8re de cookies\"}]},{\"@type\":\"WebSite\",\"@id\":\"https:\/\/vwdtest.com\/fr\/#website\",\"url\":\"https:\/\/vwdtest.com\/fr\/\",\"name\":\"France\",\"description\":\"\",\"potentialAction\":[{\"@type\":\"SearchAction\",\"target\":{\"@type\":\"EntryPoint\",\"urlTemplate\":\"https:\/\/vwdtest.com\/fr\/?s={search_term_string}\"},\"query-input\":\"required name=search_term_string\"}],\"inLanguage\":\"en-US\"}]}<\/script>\n<!-- \/ Yoast SEO plugin. -->","yoast_head_json":{"title":"Pr\u00e9f\u00e9rences en mati\u00e8re de cookies - France","robots":{"index":"index","follow":"follow","max-snippet":"max-snippet:-1","max-image-preview":"max-image-preview:large","max-video-preview":"max-video-preview:-1"},"canonical":"https:\/\/vwdtest.com\/fr\/cookie-preferences\/","og_locale":"en_US","og_type":"article","og_title":"Pr\u00e9f\u00e9rences en mati\u00e8re de cookies - France","og_description":"Informations sur les cookies Les cookies sont des \u00e9l\u00e9ments de donn\u00e9es qu&#8217;un site Web peut transf\u00e9rer au navigateur Web d&#8217;un utilisateur. Lorsque vous visitez\u00a0www.vwdtest.com, si votre navigateur utilise les param\u00e8tres standard et qu&#8217;il accepte les cookies, vous donnez votre consentement pour les cookies de ce site soient stock\u00e9s sur votre ordinateur. Les cookies stock\u00e9s peuvent [&hellip;]","og_url":"https:\/\/vwdtest.com\/fr\/cookie-preferences\/","og_site_name":"France","article_modified_time":"2024-03-05T12:31:37+00:00","twitter_card":"summary_large_image","twitter_misc":{"Est. reading time":"2 minutes"},"schema":{"@context":"https:\/\/schema.org","@graph":[{"@type":"WebPage","@id":"https:\/\/vwdtest.com\/fr\/cookie-preferences\/","url":"https:\/\/vwdtest.com\/fr\/cookie-preferences\/","name":"Pr\u00e9f\u00e9rences en mati\u00e8re de cookies - France","isPartOf":{"@id":"https:\/\/vwdtest.com\/fr\/#website"},"datePublished":"2023-02-21T21:23:10+00:00","dateModified":"2024-03-05T12:31:37+00:00","breadcrumb":{"@id":"https:\/\/vwdtest.com\/fr\/cookie-preferences\/#breadcrumb"},"inLanguage":"en-US","potentialAction":[{"@type":"ReadAction","target":["https:\/\/vwdtest.com\/fr\/cookie-preferences\/"]}]},{"@type":"BreadcrumbList","@id":"https:\/\/vwdtest.com\/fr\/cookie-preferences\/#breadcrumb","itemListElement":[{"@type":"ListItem","position":1,"name":"Home","item":"https:\/\/vwdtest.com\/fr\/"},{"@type":"ListItem","position":2,"name":"Pr\u00e9f\u00e9rences en mati\u00e8re de cookies"}]},{"@type":"WebSite","@id":"https:\/\/vwdtest.com\/fr\/#website","url":"https:\/\/vwdtest.com\/fr\/","name":"France","description":"","potentialAction":[{"@type":"SearchAction","target":{"@type":"EntryPoint","urlTemplate":"https:\/\/vwdtest.com\/fr\/?s={search_term_string}"},"query-input":"required name=search_term_string"}],"inLanguage":"en-US"}]}},"_links":{"self":[{"href":"https:\/\/vwdtest.com\/fr\/wp-json\/wp\/v2\/pages\/266"}],"collection":[{"href":"https:\/\/vwdtest.com\/fr\/wp-json\/wp\/v2\/pages"}],"about":[{"href":"https:\/\/vwdtest.com\/fr\/wp-json\/wp\/v2\/types\/page"}],"author":[{"embeddable":true,"href":"https:\/\/vwdtest.com\/fr\/wp-json\/wp\/v2\/users\/1"}],"replies":[{"embeddable":true,"href":"https:\/\/vwdtest.com\/fr\/wp-json\/wp\/v2\/comments?post=266"}],"version-history":[{"count":6,"href":"https:\/\/vwdtest.com\/fr\/wp-json\/wp\/v2\/pages\/266\/revisions"}],"predecessor-version":[{"id":1942,"href":"https:\/\/vwdtest.com\/fr\/wp-json\/wp\/v2\/pages\/266\/revisions\/1942"}],"wp:attachment":[{"href":"https:\/\/vwdtest.com\/fr\/wp-json\/wp\/v2\/media?parent=266"}],"curies":[{"name":"wp","href":"https:\/\/api.w.org\/{rel}","templated":true}]}}