{"id":263,"date":"2023-02-21T21:22:33","date_gmt":"2023-02-21T21:22:33","guid":{"rendered":"https:\/\/new.vwdtest.com\/fr\/?page_id=263"},"modified":"2024-02-19T09:50:39","modified_gmt":"2024-02-19T09:50:39","slug":"legal-statement","status":"publish","type":"page","link":"https:\/\/vwdtest.com\/fr\/legal-statement\/","title":{"rendered":"D\u00e9claration juridique"},"content":{"rendered":"<div class=\"default-block container\">\n<h2>Conditions d&#8217;utilisation<\/h2>\n<\/div>\n\n<div class=\"default-block container\">\n<p>Ce site Web est financ\u00e9 par Octapharma AG, Seidenstrasse 2, 8853 Lachen SZ, Suisse et d\u00e9velopp\u00e9 en collaboration avec les experts m\u00e9dicaux Dr Fernando Corrales-Medina (professeur agr\u00e9g\u00e9 de p\u00e9diatrie clinique, \u00c9cole de m\u00e9decine de l&#8217;Universit\u00e9 de Miami-Miller, \u00c9tats-Unis), professeur Erik Berntorp (Professeur de recherche clinique sur la coagulation, Universit\u00e9 de Lund, Su\u00e8de) et leur \u00e9quipe d&#8217;experts internationaux en troubles de la coagulation (ci-apr\u00e8s d\u00e9nomm\u00e9s \u00ab\u00a0Groupe d&#8217;experts internationaux\u00a0\u00bb).<\/p>\n<\/div>\n\n<div class=\"default-block container\">\n<p>Il s&#8217;agit d&#8217;un site Web non promotionnel destin\u00e9 \u00e0 soutenir une campagne de sensibilisation aux maladies men\u00e9e par le groupe d&#8217;experts international et destin\u00e9 uniquement \u00e0 des fins d&#8217;information g\u00e9n\u00e9rale. Vous ne devez rien interpr\u00e9ter sur ce site Web comme une promotion ou une publicit\u00e9 pour un produit ou pour l&#8217;utilisation d&#8217;un produit du groupe de soci\u00e9t\u00e9s Octapharma.<\/p>\n<\/div>\n\n<div class=\"default-block container\">\n<p>Octapharma AG, en collaboration avec ses sous-traitants, prend en charge la maintenance et la gestion du site Web. En utilisant ce site Web, vous acceptez de respecter les termes et conditions \u00e9nonc\u00e9s ci-dessous et toutes les lois applicables. Si vous n&#8217;acceptez pas de respecter ces termes et conditions, n&#8217;utilisez pas ce site Web.<\/p>\n<\/div>\n\n<div class=\"default-block container\">\n<h2>Modifications du site Web et des conditions d&#8217;utilisation<\/h2>\n<\/div>\n\n<div class=\"default-block container\">\n<p>Octapharma AG se r\u00e9serve le droit d&#8217;apporter des changements, des modifications, des ajouts, des suppressions et des corrections \u00e0 ce site Web \u00e0 tout moment et sans pr\u00e9avis. Octapharma AG peut \u00e9galement retirer l&#8217;acc\u00e8s \u00e0 ce site Internet \u00e0 tout moment et sans pr\u00e9avis.<\/p>\n<\/div>\n\n<div class=\"default-block container\">\n<p>Octapharma AG peut \u00e0 tout moment r\u00e9viser ces conditions d&#8217;utilisation de temps \u00e0 autre en mettant \u00e0 jour cette publication. En continuant \u00e0 acc\u00e9der \u00e0 ce site Web, vous \u00eates li\u00e9 par ces r\u00e9visions et devez donc visiter p\u00e9riodiquement cette page pour consulter les conditions d&#8217;utilisation afin de vous assurer que vous comprenez les conditions qui s&#8217;appliquent \u00e0 ce moment-l\u00e0.<\/p>\n<\/div>\n\n<div class=\"default-block container\">\n<h2>Virus protection<\/h2>\n<\/div>\n\n<div class=\"default-block container\">\n<p>Octapharma AG ne garantit ni ne d\u00e9clare que ce site Web ou les e-mails re\u00e7us d&#8217;Octapharma AG conform\u00e9ment \u00e0 la fonction de liste de diffusion seront ininterrompus ou exempts de virus ou d&#8217;autres composants nocifs. Octapharma AG (y compris ses administrateurs, soci\u00e9t\u00e9s affili\u00e9es, dirigeants, employ\u00e9s, agents, sous-traitants, successeurs et ayants droit) n&#8217;assume aucune responsabilit\u00e9 pour tout dommage caus\u00e9 \u00e0 votre \u00e9quipement suite \u00e0 l&#8217;acc\u00e8s \u00e0 ce site Web, au t\u00e9l\u00e9chargement de tout contenu de ce site Web ou recevoir des e-mails d&#8217;Octapharma AG conform\u00e9ment \u00e0 la fonction de liste de diffusion.<\/p>\n<\/div>\n\n<div class=\"default-block container\">\n<h2>Information m\u00e9dicale<\/h2>\n<\/div>\n\n<div class=\"default-block container\">\n<p>Le contenu m\u00e9dical du site Web a \u00e9t\u00e9 d\u00e9velopp\u00e9 et approuv\u00e9 par le groupe d&#8217;experts international. En outre, ces informations ne visent pas \u00e0 fournir des informations m\u00e9dicales compl\u00e8tes. Vous devez toujours obtenir des informations m\u00e9dicales compl\u00e8tes sur vos m\u00e9dicaments ou dispositifs m\u00e9dicaux sur ordonnance (y compris leurs utilisations m\u00e9dicales b\u00e9n\u00e9fiques et leurs effets ind\u00e9sirables possibles) en discutant de l&#8217;utilisation appropri\u00e9e de tout m\u00e9dicament\/dispositif m\u00e9dical directement avec votre m\u00e9decin prescripteur ou, le cas \u00e9ch\u00e9ant, avec un autre conseiller m\u00e9dical. Les informations m\u00e9dicales fournies ne constituent pas et n&#8217;ont pas l&#8217;intention de constituer une incitation \u00e0 recommander, acheter, prescrire, vendre ou administrer un produit particulier du groupe de soci\u00e9t\u00e9s Octapharma.<\/p>\n<\/div>\n\n<div class=\"default-block container\">\n<h2>Protection du droit d&#8217;auteur<\/h2>\n<\/div>\n\n<div class=\"default-block container\">\n<p>Les droits d&#8217;auteur sur tout le mat\u00e9riel contenu sur ce site Web appartiennent \u00e0 Octapharma AG, sauf indication contraire.<\/p>\n<\/div>\n\n<div class=\"default-block container\">\n<p>Octapharma AG se r\u00e9serve tous les droits sur le contenu et la conception de ce site Internet. Sauf autorisation \u00e9crite d&#8217;Octapharma AG, vous ne pouvez pas reproduire, utiliser ou copier tout contenu de ce site Web, y compris les noms, logos, designs, informations sur les produits et tout autre mat\u00e9riel\/information utilis\u00e9 sur ce site Web (ci-apr\u00e8s ensemble d\u00e9nomm\u00e9s les \u00ab&nbsp;Informations&nbsp;\u00bb ). Vous ne pouvez utiliser commercialement aucune information et vous ne pouvez pas faire en sorte qu&#8217;une quelconque information soit encadr\u00e9e ou int\u00e9gr\u00e9e dans un autre site Web sans l&#8217;autorisation \u00e9crite pr\u00e9alable d&#8217;Octapharma AG.<\/p>\n<\/div>\n\n<div class=\"default-block container\">\n<p>Toutes les informations mentionn\u00e9es sur ce site Web sont la propri\u00e9t\u00e9 de leur propri\u00e9taire respectif et ne doivent pas \u00eatre utilis\u00e9es en totalit\u00e9 ou en partie dans aucune juridiction sans le consentement \u00e9crit pr\u00e9alable de leur propri\u00e9taire. Aucun graphique substantiellement similaire \u00e0 une marque, un logo ou un nom mentionn\u00e9 sur ce site Web ne doit non plus \u00eatre utilis\u00e9 de cette mani\u00e8re.<\/p>\n<\/div>\n\n<div class=\"default-block container\">\n<h2>Aucune garantie ou repr\u00e9sentation<\/h2>\n<\/div>\n\n<div class=\"default-block container\">\n<p>Les informations sont fournies \u00ab telles quelles \u00bb et sans garantie d\u2019aucune sorte, expresse ou implicite.<\/p>\n<\/div>\n\n<div class=\"default-block container\">\n<p>Dans toute la mesure permise par la loi, Octapharma AG d\u00e9cline express\u00e9ment toute repr\u00e9sentation et garantie, expresse ou implicite, en relation avec ou \u00e0 l&#8217;\u00e9gard de ce site Web \u2013 y compris, sans limitation, toute repr\u00e9sentation ou garantie de quelque nature que ce soit en relation avec&nbsp;:<\/p>\n<\/div>\n\n<div class=\"default-block container\">\n<ul><div class=\"default-block container\">\n<li>L&#8217;exactitude ou l&#8217;exhaustivit\u00e9 de toute information contenue dans ce site Web&nbsp;;<\/li>\n<\/div>\n\n<div class=\"default-block container\">\n<li>L&#8217;exactitude ou l&#8217;exhaustivit\u00e9 de toute information contenue dans tout site Web li\u00e9 par un hyperlien \u00e0 ce site Web.<\/li>\n<\/div>\n\n<div class=\"default-block container\">\n<li>Les informations sont fournies sur la base que toutes les personnes acc\u00e9dant au site Web assument la responsabilit\u00e9 d&#8217;\u00e9valuer l&#8217;exactitude de son contenu et qu&#8217;elles s&#8217;en servent enti\u00e8rement \u00e0 leurs propres risques. Octapharma AG (y compris ses administrateurs, soci\u00e9t\u00e9s affili\u00e9es, dirigeants, employ\u00e9s, agents, sous-traitants, successeurs et ayants droit) n&#8217;assume aucune responsabilit\u00e9 pour les pertes ou dommages subis par toute personne en raison de la confiance accord\u00e9e aux informations ou \u00e0 toute autre information incorpor\u00e9e par r\u00e9f\u00e9rence. .<\/li>\n<\/div><\/ul>\n<\/div>\n\n<div class=\"default-block container\">\n<h2>Code de conduite applicable<\/h2>\n<\/div>\n\n<div class=\"default-block container\">\n<p>Octapharma AG s&#8217;efforce de respecter les dispositions du code de bonnes pratiques de l&#8217;IFPMA. La derni\u00e8re version dudit code est disponible sous le lien suivant&nbsp;:&nbsp;<a rel=\"noreferrer noopener\" href=\"https:\/\/www.ifpma.org\/resource-centre\/ifpma-code-of-practice\/\" target=\"_blank\">https:\/\/www.ifpma.org\/resource-centre\/ifpma-code-of-practice\/<\/a><\/p>\n<\/div>\n\n<div class=\"default-block container\">\n<h2>Limitation des responsabilit\u00e9s<\/h2>\n<\/div>\n\n<div class=\"default-block container\">\n<p>En aucun cas Octapharma AG (y compris ses administrateurs, soci\u00e9t\u00e9s affili\u00e9es, dirigeants, employ\u00e9s, agents, entrepreneurs, successeurs et ayants droit) ne sera responsable de tout dommage direct, indirect, punitif, accessoire, sp\u00e9cial, cons\u00e9cutif ou de tout dommage de quelque nature que ce soit, y compris, sans limitation, les dommages pour perte d&#8217;utilisation, de donn\u00e9es, de b\u00e9n\u00e9fices ou d&#8217;opportunit\u00e9s perdues, d\u00e9coulant de ou li\u00e9s de quelque mani\u00e8re que ce soit \u00e0 l&#8217;utilisation ou aux performances de ce site Web.<\/p>\n<\/div>\n\n<div class=\"default-block container\">\n<h2>Site Web tiers<\/h2>\n<\/div>\n\n<div class=\"default-block container\">\n<p>Pour votre commodit\u00e9, Octapharma AG peut fournir, sur ce site Web, des liens vers des sites Web exploit\u00e9s par d&#8217;autres entit\u00e9s. Si vous utilisez ces sites Web, vous quitterez ce site Web. Si vous d\u00e9cidez de visiter un site Web li\u00e9, vous le faites \u00e0 vos propres risques et il est de votre responsabilit\u00e9 de prendre toutes les mesures de protection pour vous pr\u00e9munir contre les virus ou autres \u00e9l\u00e9ments destructeurs.<\/p>\n<\/div>\n\n<div class=\"default-block container\">\n<p>Octapharma AG (y compris ses administrateurs, soci\u00e9t\u00e9s affili\u00e9es, dirigeants, employ\u00e9s, agents, sous-traitants, successeurs et ayants droit) ne fait aucune garantie ou repr\u00e9sentation concernant, et n&#8217;approuve pas, les sites Web li\u00e9s ou les informations qui y apparaissent ou l&#8217;un des produits ou services qui y sont d\u00e9crits. .<\/p>\n<\/div>\n\n<div class=\"default-block container\">\n<p>Les liens n&#8217;impliquent pas qu&#8217;Octapharma AG est affili\u00e9e ou associ\u00e9e, ou est l\u00e9galement autoris\u00e9e \u00e0 utiliser une marque, un nom commercial, un logo ou un symbole de droit d&#8217;auteur affich\u00e9 ou accessible via les liens, ou que tout site Web li\u00e9 est autoris\u00e9 \u00e0 utiliser une marque, nom commercial, logo ou symbole de droit d&#8217;auteur d&#8217;Octapharma AG.<\/p>\n<\/div>\n\n<div class=\"default-block container\">\n<p>Tous les liens vers ce site Web doivent \u00eatre approuv\u00e9s par Octapharma AG. Octapharma AG se r\u00e9serve le droit de r\u00e9voquer ce consentement au lien \u00e0 tout moment et \u00e0 sa seule discr\u00e9tion.<\/p>\n<\/div>\n\n<div class=\"default-block container\">\n<h2>Loi applicable<\/h2>\n<\/div>\n\n<div class=\"default-block container\">\n<p>Ces conditions d&#8217;utilisation ainsi que la d\u00e9claration de confidentialit\u00e9 et la r\u00e9solution de tout litige li\u00e9 \u00e0 ces conditions d&#8217;utilisation et\/ou \u00e0 la d\u00e9claration de confidentialit\u00e9 seront interpr\u00e9t\u00e9es conform\u00e9ment aux lois de la Suisse. Le for exclusif est Lachen, SZ, Suisse.<\/p>\n<\/div>","protected":false},"excerpt":{"rendered":"<p>Conditions d&#8217;utilisation Ce site Web est financ\u00e9 par Octapharma AG, Seidenstrasse 2, 8853 Lachen SZ, Suisse et d\u00e9velopp\u00e9 en collaboration avec les experts m\u00e9dicaux Dr Fernando Corrales-Medina (professeur agr\u00e9g\u00e9 de p\u00e9diatrie clinique, \u00c9cole de m\u00e9decine de l&#8217;Universit\u00e9 de Miami-Miller, \u00c9tats-Unis), professeur Erik Berntorp (Professeur de recherche clinique sur la coagulation, Universit\u00e9 de Lund, Su\u00e8de) et [&hellip;]<\/p>\n","protected":false},"author":1,"featured_media":0,"parent":0,"menu_order":0,"comment_status":"closed","ping_status":"closed","template":"front-page.php","meta":{"inline_featured_image":false},"acf":[],"yoast_head":"<!-- This site is optimized with the Yoast SEO plugin v20.4 - https:\/\/yoast.com\/wordpress\/plugins\/seo\/ -->\n<title>D\u00e9claration juridique - France<\/title>\n<meta name=\"robots\" content=\"index, follow, max-snippet:-1, max-image-preview:large, max-video-preview:-1\" \/>\n<link rel=\"canonical\" href=\"https:\/\/vwdtest.com\/fr\/legal-statement\/\" \/>\n<meta property=\"og:locale\" content=\"en_US\" \/>\n<meta property=\"og:type\" content=\"article\" \/>\n<meta property=\"og:title\" content=\"D\u00e9claration juridique - France\" \/>\n<meta property=\"og:description\" content=\"Conditions d&#8217;utilisation Ce site Web est financ\u00e9 par Octapharma AG, Seidenstrasse 2, 8853 Lachen SZ, Suisse et d\u00e9velopp\u00e9 en collaboration avec les experts m\u00e9dicaux Dr Fernando Corrales-Medina (professeur agr\u00e9g\u00e9 de p\u00e9diatrie clinique, \u00c9cole de m\u00e9decine de l&#8217;Universit\u00e9 de Miami-Miller, \u00c9tats-Unis), professeur Erik Berntorp (Professeur de recherche clinique sur la coagulation, Universit\u00e9 de Lund, Su\u00e8de) et [&hellip;]\" \/>\n<meta property=\"og:url\" content=\"https:\/\/vwdtest.com\/fr\/legal-statement\/\" \/>\n<meta property=\"og:site_name\" content=\"France\" \/>\n<meta property=\"article:modified_time\" content=\"2024-02-19T09:50:39+00:00\" \/>\n<meta name=\"twitter:card\" content=\"summary_large_image\" \/>\n<meta name=\"twitter:label1\" content=\"Est. reading time\" \/>\n\t<meta name=\"twitter:data1\" content=\"5 minutes\" \/>\n<script type=\"application\/ld+json\" class=\"yoast-schema-graph\">{\"@context\":\"https:\/\/schema.org\",\"@graph\":[{\"@type\":\"WebPage\",\"@id\":\"https:\/\/vwdtest.com\/fr\/legal-statement\/\",\"url\":\"https:\/\/vwdtest.com\/fr\/legal-statement\/\",\"name\":\"D\u00e9claration juridique - France\",\"isPartOf\":{\"@id\":\"https:\/\/vwdtest.com\/fr\/#website\"},\"datePublished\":\"2023-02-21T21:22:33+00:00\",\"dateModified\":\"2024-02-19T09:50:39+00:00\",\"breadcrumb\":{\"@id\":\"https:\/\/vwdtest.com\/fr\/legal-statement\/#breadcrumb\"},\"inLanguage\":\"en-US\",\"potentialAction\":[{\"@type\":\"ReadAction\",\"target\":[\"https:\/\/vwdtest.com\/fr\/legal-statement\/\"]}]},{\"@type\":\"BreadcrumbList\",\"@id\":\"https:\/\/vwdtest.com\/fr\/legal-statement\/#breadcrumb\",\"itemListElement\":[{\"@type\":\"ListItem\",\"position\":1,\"name\":\"Home\",\"item\":\"https:\/\/vwdtest.com\/fr\/\"},{\"@type\":\"ListItem\",\"position\":2,\"name\":\"D\u00e9claration juridique\"}]},{\"@type\":\"WebSite\",\"@id\":\"https:\/\/vwdtest.com\/fr\/#website\",\"url\":\"https:\/\/vwdtest.com\/fr\/\",\"name\":\"France\",\"description\":\"\",\"potentialAction\":[{\"@type\":\"SearchAction\",\"target\":{\"@type\":\"EntryPoint\",\"urlTemplate\":\"https:\/\/vwdtest.com\/fr\/?s={search_term_string}\"},\"query-input\":\"required name=search_term_string\"}],\"inLanguage\":\"en-US\"}]}<\/script>\n<!-- \/ Yoast SEO plugin. -->","yoast_head_json":{"title":"D\u00e9claration juridique - France","robots":{"index":"index","follow":"follow","max-snippet":"max-snippet:-1","max-image-preview":"max-image-preview:large","max-video-preview":"max-video-preview:-1"},"canonical":"https:\/\/vwdtest.com\/fr\/legal-statement\/","og_locale":"en_US","og_type":"article","og_title":"D\u00e9claration juridique - France","og_description":"Conditions d&#8217;utilisation Ce site Web est financ\u00e9 par Octapharma AG, Seidenstrasse 2, 8853 Lachen SZ, Suisse et d\u00e9velopp\u00e9 en collaboration avec les experts m\u00e9dicaux Dr Fernando Corrales-Medina (professeur agr\u00e9g\u00e9 de p\u00e9diatrie clinique, \u00c9cole de m\u00e9decine de l&#8217;Universit\u00e9 de Miami-Miller, \u00c9tats-Unis), professeur Erik Berntorp (Professeur de recherche clinique sur la coagulation, Universit\u00e9 de Lund, Su\u00e8de) et [&hellip;]","og_url":"https:\/\/vwdtest.com\/fr\/legal-statement\/","og_site_name":"France","article_modified_time":"2024-02-19T09:50:39+00:00","twitter_card":"summary_large_image","twitter_misc":{"Est. reading time":"5 minutes"},"schema":{"@context":"https:\/\/schema.org","@graph":[{"@type":"WebPage","@id":"https:\/\/vwdtest.com\/fr\/legal-statement\/","url":"https:\/\/vwdtest.com\/fr\/legal-statement\/","name":"D\u00e9claration juridique - France","isPartOf":{"@id":"https:\/\/vwdtest.com\/fr\/#website"},"datePublished":"2023-02-21T21:22:33+00:00","dateModified":"2024-02-19T09:50:39+00:00","breadcrumb":{"@id":"https:\/\/vwdtest.com\/fr\/legal-statement\/#breadcrumb"},"inLanguage":"en-US","potentialAction":[{"@type":"ReadAction","target":["https:\/\/vwdtest.com\/fr\/legal-statement\/"]}]},{"@type":"BreadcrumbList","@id":"https:\/\/vwdtest.com\/fr\/legal-statement\/#breadcrumb","itemListElement":[{"@type":"ListItem","position":1,"name":"Home","item":"https:\/\/vwdtest.com\/fr\/"},{"@type":"ListItem","position":2,"name":"D\u00e9claration juridique"}]},{"@type":"WebSite","@id":"https:\/\/vwdtest.com\/fr\/#website","url":"https:\/\/vwdtest.com\/fr\/","name":"France","description":"","potentialAction":[{"@type":"SearchAction","target":{"@type":"EntryPoint","urlTemplate":"https:\/\/vwdtest.com\/fr\/?s={search_term_string}"},"query-input":"required name=search_term_string"}],"inLanguage":"en-US"}]}},"_links":{"self":[{"href":"https:\/\/vwdtest.com\/fr\/wp-json\/wp\/v2\/pages\/263"}],"collection":[{"href":"https:\/\/vwdtest.com\/fr\/wp-json\/wp\/v2\/pages"}],"about":[{"href":"https:\/\/vwdtest.com\/fr\/wp-json\/wp\/v2\/types\/page"}],"author":[{"embeddable":true,"href":"https:\/\/vwdtest.com\/fr\/wp-json\/wp\/v2\/users\/1"}],"replies":[{"embeddable":true,"href":"https:\/\/vwdtest.com\/fr\/wp-json\/wp\/v2\/comments?post=263"}],"version-history":[{"count":6,"href":"https:\/\/vwdtest.com\/fr\/wp-json\/wp\/v2\/pages\/263\/revisions"}],"predecessor-version":[{"id":1904,"href":"https:\/\/vwdtest.com\/fr\/wp-json\/wp\/v2\/pages\/263\/revisions\/1904"}],"wp:attachment":[{"href":"https:\/\/vwdtest.com\/fr\/wp-json\/wp\/v2\/media?parent=263"}],"curies":[{"name":"wp","href":"https:\/\/api.w.org\/{rel}","templated":true}]}}