{"id":259,"date":"2023-02-21T21:13:32","date_gmt":"2023-02-21T21:13:32","guid":{"rendered":"https:\/\/new.vwdtest.com\/fr\/?page_id=259"},"modified":"2025-03-05T16:08:59","modified_gmt":"2025-03-05T16:08:59","slug":"hcp-vwd","status":"publish","type":"page","link":"https:\/\/vwdtest.com\/fr\/hcp-vwd\/","title":{"rendered":"HCP &amp; VWD"},"content":{"rendered":"\r\n\r\n<div class=\"container hb\">\r\n\t<div class=\"row\">\r\n\t\t<div class=\"col-12 col-lg-6 rtl\">\t\t<div class=\"hb__video ltr\">\r\n\t\t\t<div class=\"hb__video-img play_video\" data-video=\"video_hba\"><img decoding=\"async\" src=\"https:\/\/vwdtest.com\/fr\/wp-content\/uploads\/sites\/22\/2023\/12\/VWD-thumbs-Corrales-English.png\"\r\n\t\t\t\t\tclass=\"hb__video-image\"><\/div>\r\n\t\t\t<div class=\"hb__video-text\">\r\n\t\t\t\t<h3 class=\"hb__video-title\">\r\n\t\t\t\t\tRRenseignez-vous sur le<br \/>\r\nInitiative VWDtest\t\t\t\t<\/h3>\r\n\t\t\t\t<button id=\"hcp_video\" class=\"hb__video-button button__large play_video\" data-video=\"video_hba\">\r\n\t\t\t\t\tVoir\t\t\t\t<\/button>\r\n\t\t\t<\/div>\r\n\t\t<\/div>\r\n\t\t<div class=\"hb__add-text\">\r\n\t\t\t<h3><strong>VWDtest.com a \u00e9t\u00e9 d\u00e9velopp\u00e9 par le Dr Fernando Corrales-Medina (professeur agr\u00e9g\u00e9 de p\u00e9diatrie clinique, facult\u00e9 de m\u00e9decine de l&#8217;Universit\u00e9 de Miami-Miller, \u00c9tats-Unis), le professeur Erik Berntorp (professeur de recherche sur la coagulation clinique, Universit\u00e9 de Lund , Su\u00e8de) et leur \u00e9quipe d&#8217;experts internationaux en troubles de la coagulation pour r\u00e9pondre \u00e0 vos questions sur les sympt\u00f4mes de saignement anormaux et la <a href=\"https:\/\/vwdtest.com\/fr\/von-willebrand-disease\/\">maladie de von Willebrand <\/a >(VWD).<\/strong><\/h3>\n\t\t<\/div>\r\n\t\t<h1>\r\n\t\t\tTous ensemble\u00a0: prendre soin des personnes atteintes de la maladie de von Willebrand\t\t<\/h1>\r\n\t\t<ul>\n<li>L&#8217;un de vos patients s&#8217;inqui\u00e8te-t-il de saignements de nez fr\u00e9quents ou de r\u00e8gles abondantes\u00a0?<\/li>\n<li>Un parent est-il inquiet parce que son enfant a si facilement des bleus\u00a0?<\/li>\n<li>Avez-vous \u00e9t\u00e9 contact\u00e9 par un patient atteint de la maladie de von Willebrand cherchant \u00e0 se faire soigner, ou l&#8217;un de vos patients de longue date a-t-il r\u00e9cemment re\u00e7u un diagnostic de maladie\u00a0?<\/li>\n<li>Vous vous demandez si le saignement survenu lors d&#8217;une intervention r\u00e9cente sugg\u00e8re un trouble h\u00e9morragique non diagnostiqu\u00e9\u00a0?<\/li>\n<\/ul>\n<h4>De nombreux patients avec <a href=\"https:\/\/vwdtest.com\/fr\/von-willebrand-disease\/\">Maladie de von Willebrand<\/a> (MVW ) ignorent leur \u00e9tat et leur diagnostic reste un d\u00e9fi. VWDtest.com\/fr fournit une assistance pour l&#8217;identification et le diagnostic des patients atteints de troubles de la coagulation. Vous trouverez \u00e9galement des conseils sur votre r\u00f4le dans le parcours de votre patient et des conseils d\u2019experts sur la prise en charge de la maladie de von Willebrand. Le diagnostic et la prise en charge de la maladie de von Willebrand sont toujours des efforts multidisciplinaires, et votre contribution et votre expertise sont essentielles pour garantir que les patients re\u00e7oivent les soins qu ils m\u00e9ritent.<\/h4>\n\t<\/div>\r\n\t<div class=\"col-12 col-lg-6\">\r\n\t<div class=\"hb__persons row\">\r\n\t\t\t\t\t\t\t\t\r\n\t\t\t\t<div class=\"hb__person col-6\" id=\"person_1\">\r\n\t\t\t\t\t<img decoding=\"async\" class=\"hb__person-image hbi\" src=\"https:\/\/vwdtest.com\/fr\/wp-content\/uploads\/sites\/22\/2023\/02\/gynaecologist.png\"\r\n\t\t\t\t\t\talt=\"GYN\u00c9COLOGUE&lt;br&gt;\/ OBST\u00c9TRICIEN\">\r\n\t\t\t\t\t<a href=\"https:\/\/vwdtest.com\/fr\/vwd-and-gynaecology-obstetrics\/\" class=\"hb__person-button hbb\">\r\n\t\t\t\t\t\t<div class=\"hb__person-text\">\r\n\t\t\t\t\t\t\t<span class=\"hb__person-content\">\r\n\t\t\t\t\t\t\t\tGYN\u00c9COLOGUE<br>\/ OBST\u00c9TRICIEN<span class=\"hb__person-content-arrow\"><\/span>\r\n\t\t\t\t\t\t\t<\/span>\r\n\t\t\t\t\t\t\t<span class=\"hb__person-bg\">\r\n\t\t\t\t\t\t\t\t<span class=\"hb__person-arrow triangle up hba\"><\/span>\r\n\t\t\t\t\t\t\t<\/span>\r\n\t\t\t\t\t\t<\/div>\r\n\t\t\t\t\t<\/a>\r\n\t\t\t\t<\/div>\r\n\t\t\t\t\t\t\t\r\n\t\t\t\t<div class=\"hb__person col-6\" id=\"person_2\">\r\n\t\t\t\t\t<img decoding=\"async\" class=\"hb__person-image hbi\" src=\"https:\/\/vwdtest.com\/fr\/wp-content\/uploads\/sites\/22\/2023\/02\/dentist.png\"\r\n\t\t\t\t\t\talt=\"DENTISTE\">\r\n\t\t\t\t\t<a href=\"https:\/\/vwdtest.com\/fr\/vwd-and-denstistry\/\" class=\"hb__person-button hbb\">\r\n\t\t\t\t\t\t<div class=\"hb__person-text\">\r\n\t\t\t\t\t\t\t<span class=\"hb__person-content\">\r\n\t\t\t\t\t\t\t\tDENTISTE<span class=\"hb__person-content-arrow\"><\/span>\r\n\t\t\t\t\t\t\t<\/span>\r\n\t\t\t\t\t\t\t<span class=\"hb__person-bg\">\r\n\t\t\t\t\t\t\t\t<span class=\"hb__person-arrow triangle up hba\"><\/span>\r\n\t\t\t\t\t\t\t<\/span>\r\n\t\t\t\t\t\t<\/div>\r\n\t\t\t\t\t<\/a>\r\n\t\t\t\t<\/div>\r\n\t\t\t\t\t\t\t\r\n\t\t\t\t<div class=\"hb__person col-6\" id=\"person_3\">\r\n\t\t\t\t\t<img decoding=\"async\" class=\"hb__person-image hbi\" src=\"https:\/\/vwdtest.com\/fr\/wp-content\/uploads\/sites\/22\/2023\/02\/family-doctor.png\"\r\n\t\t\t\t\t\talt=\"M\u00c9DECIN DE FAMILLE&lt;br&gt;\/ P\u00c9DIATRE\">\r\n\t\t\t\t\t<a href=\"https:\/\/vwdtest.com\/fr\/family-doctor-paediatrician\/\" class=\"hb__person-button hbb\">\r\n\t\t\t\t\t\t<div class=\"hb__person-text\">\r\n\t\t\t\t\t\t\t<span class=\"hb__person-content\">\r\n\t\t\t\t\t\t\t\tM\u00c9DECIN DE FAMILLE<br>\/ P\u00c9DIATRE<span class=\"hb__person-content-arrow\"><\/span>\r\n\t\t\t\t\t\t\t<\/span>\r\n\t\t\t\t\t\t\t<span class=\"hb__person-bg\">\r\n\t\t\t\t\t\t\t\t<span class=\"hb__person-arrow triangle up hba\"><\/span>\r\n\t\t\t\t\t\t\t<\/span>\r\n\t\t\t\t\t\t<\/div>\r\n\t\t\t\t\t<\/a>\r\n\t\t\t\t<\/div>\r\n\t\t\t\t\t\t\t\r\n\t\t\t\t<div class=\"hb__person col-6\" id=\"person_4\">\r\n\t\t\t\t\t<img decoding=\"async\" class=\"hb__person-image hbi\" src=\"https:\/\/vwdtest.com\/fr\/wp-content\/uploads\/sites\/22\/2023\/02\/resources.png\"\r\n\t\t\t\t\t\talt=\"Ressources&lt;br&gt;pour les cliniciens\">\r\n\t\t\t\t\t<a href=\"https:\/\/vwdtest.com\/fr\/clinician-materials\/\" class=\"hb__person-button hbb\">\r\n\t\t\t\t\t\t<div class=\"hb__person-text\">\r\n\t\t\t\t\t\t\t<span class=\"hb__person-content\">\r\n\t\t\t\t\t\t\t\tRessources<br>pour les cliniciens<span class=\"hb__person-content-arrow\"><\/span>\r\n\t\t\t\t\t\t\t<\/span>\r\n\t\t\t\t\t\t\t<span class=\"hb__person-bg\">\r\n\t\t\t\t\t\t\t\t<span class=\"hb__person-arrow triangle up hba\"><\/span>\r\n\t\t\t\t\t\t\t<\/span>\r\n\t\t\t\t\t\t<\/div>\r\n\t\t\t\t\t<\/a>\r\n\t\t\t\t<\/div>\r\n\t\t\t\t\t\t\t\t\t\t<\/div>\r\n<\/div>\r\n<!-- <div class=\"row\">\r\n\t<div class=\"col-12 col-lg-5\">\r\n\t\t<div class=\"hb__video\">\r\n\t\t\t<div class=\"hb__video-img play_video\" data-video=\"video_hba\"><img decoding=\"async\" src=\"https:\/\/vwdtest.com\/fr\/wp-content\/uploads\/sites\/22\/2023\/12\/VWD-thumbs-Corrales-English.png\"\r\n\t\t\t\t\tclass=\"hb__video-image\"><\/div>\r\n\t\t\t<div class=\"hb__video-text\">\r\n\t\t\t\t<h3 class=\"hb__video-title\">\r\n\t\t\t\t\tRRenseignez-vous sur le<br \/>\r\nInitiative VWDtest\t\t\t\t<\/h3>\r\n\t\t\t\t<button class=\"hb__video-button button__large play_video\" data-video=\"video_hba\">\r\n\t\t\t\t\tVoir\t\t\t\t<\/button>\r\n\t\t\t<\/div>\r\n\t\t<\/div>\r\n\t<\/div>\r\n\t<div class=\"col-12 col-lg-7\">\r\n\t\t<div class=\"hb__add-text\">\r\n\t\t\t<h3><strong>VWDtest.com a \u00e9t\u00e9 d\u00e9velopp\u00e9 par le Dr Fernando Corrales-Medina (professeur agr\u00e9g\u00e9 de p\u00e9diatrie clinique, facult\u00e9 de m\u00e9decine de l&#8217;Universit\u00e9 de Miami-Miller, \u00c9tats-Unis), le professeur Erik Berntorp (professeur de recherche sur la coagulation clinique, Universit\u00e9 de Lund , Su\u00e8de) et leur \u00e9quipe d&#8217;experts internationaux en troubles de la coagulation pour r\u00e9pondre \u00e0 vos questions sur les sympt\u00f4mes de saignement anormaux et la <a href=\"https:\/\/vwdtest.com\/fr\/von-willebrand-disease\/\">maladie de von Willebrand <\/a >(VWD).<\/strong><\/h3>\n\t\t<\/div>\r\n\t<\/div>\r\n<\/div> -->\r\n<\/div>\r\n\r\n<div class=\"video\" id=\"video_hba\">\r\n\t<div class=\"video__box\">\r\n\t\t<div class=\"popup-close-icon\"><img\r\n\t\t\t\tsrc=\"https:\/\/vwdtest.com\/fr\/wp-content\/uploads\/sites\/22\/2023\/09\/cross-icon1.svg\" alt=\"cross-icon\">\r\n\t\t<\/div>\r\n\t\t<video width=\"320\" height=\"240\" controls>\r\n\t\t\t<source src=\"https:\/\/vwdtest.com\/fr\/wp-content\/uploads\/sites\/22\/2023\/12\/VWD-Test-Main-Video_12_Corrales-EN.mp4\" type=\"video\/mp4\">\r\n\t\t\tYour browser does not support the video tag.\r\n\t\t\t\t\t<\/video>\r\n\t<\/div>\r\n<\/div>","protected":false},"excerpt":{"rendered":"","protected":false},"author":1,"featured_media":0,"parent":0,"menu_order":0,"comment_status":"closed","ping_status":"closed","template":"front-page.php","meta":{"inline_featured_image":false},"acf":[],"yoast_head":"<!-- This site is optimized with the Yoast SEO plugin v20.4 - https:\/\/yoast.com\/wordpress\/plugins\/seo\/ -->\n<title>HCP &amp; VWD - France<\/title>\n<meta name=\"robots\" content=\"index, follow, max-snippet:-1, max-image-preview:large, max-video-preview:-1\" \/>\n<link rel=\"canonical\" href=\"https:\/\/vwdtest.com\/fr\/hcp-vwd\/\" \/>\n<meta property=\"og:locale\" content=\"en_US\" \/>\n<meta property=\"og:type\" content=\"article\" \/>\n<meta property=\"og:title\" content=\"HCP &amp; VWD - France\" \/>\n<meta property=\"og:url\" content=\"https:\/\/vwdtest.com\/fr\/hcp-vwd\/\" \/>\n<meta property=\"og:site_name\" content=\"France\" \/>\n<meta property=\"article:modified_time\" content=\"2025-03-05T16:08:59+00:00\" \/>\n<meta name=\"twitter:card\" content=\"summary_large_image\" \/>\n<script type=\"application\/ld+json\" class=\"yoast-schema-graph\">{\"@context\":\"https:\/\/schema.org\",\"@graph\":[{\"@type\":\"WebPage\",\"@id\":\"https:\/\/vwdtest.com\/fr\/hcp-vwd\/\",\"url\":\"https:\/\/vwdtest.com\/fr\/hcp-vwd\/\",\"name\":\"HCP &amp; VWD - France\",\"isPartOf\":{\"@id\":\"https:\/\/vwdtest.com\/fr\/#website\"},\"datePublished\":\"2023-02-21T21:13:32+00:00\",\"dateModified\":\"2025-03-05T16:08:59+00:00\",\"breadcrumb\":{\"@id\":\"https:\/\/vwdtest.com\/fr\/hcp-vwd\/#breadcrumb\"},\"inLanguage\":\"en-US\",\"potentialAction\":[{\"@type\":\"ReadAction\",\"target\":[\"https:\/\/vwdtest.com\/fr\/hcp-vwd\/\"]}]},{\"@type\":\"BreadcrumbList\",\"@id\":\"https:\/\/vwdtest.com\/fr\/hcp-vwd\/#breadcrumb\",\"itemListElement\":[{\"@type\":\"ListItem\",\"position\":1,\"name\":\"Home\",\"item\":\"https:\/\/vwdtest.com\/fr\/\"},{\"@type\":\"ListItem\",\"position\":2,\"name\":\"HCP &amp; VWD\"}]},{\"@type\":\"WebSite\",\"@id\":\"https:\/\/vwdtest.com\/fr\/#website\",\"url\":\"https:\/\/vwdtest.com\/fr\/\",\"name\":\"France\",\"description\":\"\",\"potentialAction\":[{\"@type\":\"SearchAction\",\"target\":{\"@type\":\"EntryPoint\",\"urlTemplate\":\"https:\/\/vwdtest.com\/fr\/?s={search_term_string}\"},\"query-input\":\"required name=search_term_string\"}],\"inLanguage\":\"en-US\"}]}<\/script>\n<!-- \/ Yoast SEO plugin. -->","yoast_head_json":{"title":"HCP &amp; VWD - France","robots":{"index":"index","follow":"follow","max-snippet":"max-snippet:-1","max-image-preview":"max-image-preview:large","max-video-preview":"max-video-preview:-1"},"canonical":"https:\/\/vwdtest.com\/fr\/hcp-vwd\/","og_locale":"en_US","og_type":"article","og_title":"HCP &amp; VWD - France","og_url":"https:\/\/vwdtest.com\/fr\/hcp-vwd\/","og_site_name":"France","article_modified_time":"2025-03-05T16:08:59+00:00","twitter_card":"summary_large_image","schema":{"@context":"https:\/\/schema.org","@graph":[{"@type":"WebPage","@id":"https:\/\/vwdtest.com\/fr\/hcp-vwd\/","url":"https:\/\/vwdtest.com\/fr\/hcp-vwd\/","name":"HCP &amp; VWD - France","isPartOf":{"@id":"https:\/\/vwdtest.com\/fr\/#website"},"datePublished":"2023-02-21T21:13:32+00:00","dateModified":"2025-03-05T16:08:59+00:00","breadcrumb":{"@id":"https:\/\/vwdtest.com\/fr\/hcp-vwd\/#breadcrumb"},"inLanguage":"en-US","potentialAction":[{"@type":"ReadAction","target":["https:\/\/vwdtest.com\/fr\/hcp-vwd\/"]}]},{"@type":"BreadcrumbList","@id":"https:\/\/vwdtest.com\/fr\/hcp-vwd\/#breadcrumb","itemListElement":[{"@type":"ListItem","position":1,"name":"Home","item":"https:\/\/vwdtest.com\/fr\/"},{"@type":"ListItem","position":2,"name":"HCP &amp; VWD"}]},{"@type":"WebSite","@id":"https:\/\/vwdtest.com\/fr\/#website","url":"https:\/\/vwdtest.com\/fr\/","name":"France","description":"","potentialAction":[{"@type":"SearchAction","target":{"@type":"EntryPoint","urlTemplate":"https:\/\/vwdtest.com\/fr\/?s={search_term_string}"},"query-input":"required name=search_term_string"}],"inLanguage":"en-US"}]}},"_links":{"self":[{"href":"https:\/\/vwdtest.com\/fr\/wp-json\/wp\/v2\/pages\/259"}],"collection":[{"href":"https:\/\/vwdtest.com\/fr\/wp-json\/wp\/v2\/pages"}],"about":[{"href":"https:\/\/vwdtest.com\/fr\/wp-json\/wp\/v2\/types\/page"}],"author":[{"embeddable":true,"href":"https:\/\/vwdtest.com\/fr\/wp-json\/wp\/v2\/users\/1"}],"replies":[{"embeddable":true,"href":"https:\/\/vwdtest.com\/fr\/wp-json\/wp\/v2\/comments?post=259"}],"version-history":[{"count":38,"href":"https:\/\/vwdtest.com\/fr\/wp-json\/wp\/v2\/pages\/259\/revisions"}],"predecessor-version":[{"id":2166,"href":"https:\/\/vwdtest.com\/fr\/wp-json\/wp\/v2\/pages\/259\/revisions\/2166"}],"wp:attachment":[{"href":"https:\/\/vwdtest.com\/fr\/wp-json\/wp\/v2\/media?parent=259"}],"curies":[{"name":"wp","href":"https:\/\/api.w.org\/{rel}","templated":true}]}}