{"id":19,"date":"2023-02-13T13:51:56","date_gmt":"2023-02-13T13:51:56","guid":{"rendered":"https:\/\/new.vwdtest.com\/fr\/?page_id=19"},"modified":"2024-02-27T11:14:49","modified_gmt":"2024-02-27T11:14:49","slug":"von-willebrand-disease","status":"publish","type":"page","link":"https:\/\/vwdtest.com\/fr\/von-willebrand-disease\/","title":{"rendered":"En savoir plus sur la maladie de von Willebrand"},"content":{"rendered":"<div class=\"default-block container\">\n<h2><strong>La maladie de von Willebrand (MVW) est <br>le trouble de la coagulation le plus courant<\/strong><\/h2>\n<\/div>\n\n<div class=\"default-block container\">\n<h5 class=\"bleeding-symptoms-title live\">Lorsqu un vaisseau sanguin est bless\u00e9, certains globules rouges se collent les uns aux autres pour fermer la plaie et arr\u00eater le saignement. Ce processus est appel\u00e9 coagulation. Chez les personnes atteintes de troubles de la coagulation, comme la maladie de von Willebrand ou l\u2019h\u00e9mophilie, la coagulation sanguine ne fonctionne pas correctement. Par cons\u00e9quent, les <strong>personnes atteintes de la maladie de von Willebrand ont tendance \u00e0 saigner plus fr\u00e9quemment et plus longtemps<\/strong>, par exemple des <a href=\"https:\/\/vwdtest.com\/fr\/bleeding-symptoms\/#nosebleed\">saignements de nez<\/a. >, <a href=\"https:\/\/vwdtest.com\/fr\/bleeding-symptoms\/#oral-bleed\">saignements des gencives<\/a>, ou apr\u00e8s <a href=\"https:\/\/vwdtest.com\/fr\/bleeding-symptoms\/#minor-wounds\"> blessures mineures <\/a>. Les femmes atteintes de la maladie de von Willebrand ont souvent des <a href=\"https:\/\/vwdtest.com\/fr\/bleeding-symptoms\/#hmb\"> saignements menstruels abondants<\/a>. Chez les personnes atteintes de la maladie de von Willebrand, le saignement est caus\u00e9 par des d\u00e9fauts dans la prot\u00e9ine du facteur von Willebrand (VWF), importante pour la coagulation sanguine.<sup>1<\/sup><\/h5>\n<\/div>\n\n<img decoding=\"async\" src=\"https:\/\/vwdtest.com\/fr\/wp-content\/uploads\/sites\/22\/2023\/02\/hero2.webp\" alt=\"En savoir plus sur la maladie de von Willebrand\" class=\"page_thumbnail d-xl-none\">\r\n\n\n<div class=\"default-block container\">\n<figure class=\"wp-block-image size-full\"><img decoding=\"async\" loading=\"lazy\" width=\"1024\" height=\"510\" src=\"https:\/\/vwdtest.com\/fr\/wp-content\/uploads\/sites\/22\/2023\/03\/Illustration-01-1024x510-1.png\" alt=\"\" class=\"wp-image-323\" srcset=\"https:\/\/vwdtest.com\/fr\/wp-content\/uploads\/sites\/22\/2023\/03\/Illustration-01-1024x510-1.png 1024w, https:\/\/vwdtest.com\/fr\/wp-content\/uploads\/sites\/22\/2023\/03\/Illustration-01-1024x510-1-300x149.png 300w, https:\/\/vwdtest.com\/fr\/wp-content\/uploads\/sites\/22\/2023\/03\/Illustration-01-1024x510-1-768x383.png 768w\" sizes=\"(max-width: 1024px) 100vw, 1024px\" \/><\/figure>\n<\/div>\n\n<div class=\"default-block container\">\n<h2><strong>Le facteur von Willebrand (FVW) est important pour la coagulation sanguine<\/strong><\/h2>\n<\/div>\n\n<div class=\"default-block container\">\n<p class=\"full\">Le VWF est une prot\u00e9ine qui circule dans le sang. Il est produit par les cellules des vaisseaux sanguins et des os et lib\u00e9r\u00e9 dans la circulation sanguine. En cas de blessure, le <b>VWF travaille avec d&#8217;autres prot\u00e9ines pour arr\u00eater le saignement en formant un caillot sanguin<\/b>. Chez les personnes atteintes de la maladie de von Willebrand, le corps ne produit pas suffisamment de FWW ou la prot\u00e9ine ne fonctionne pas correctement. En cons\u00e9quence, la coagulation du sang ne fonctionne pas correctement et les saignements peuvent \u00eatre prolong\u00e9s.<sup>2<\/sup><\/p>\n<\/div>\n\n\r\n\r\n<div class=\"styledBox\">\r\n    <h2 class=\"styledBox__title\">Il existe trois principaux types de maladie de von Willebrand<\/h2>\r\n\r\n    <ul class=\"styledBox__list\">\r\n            <li class=\"styledBox__item\">\r\n            <p><strong>MvW de type 1\u00a0: <\/strong>Environ 3 personnes atteintes de la maladie de von Willebrand sur 4 sont atteintes de la maladie de von Willebrand de type 1, ce qui en fait le type de maladie le plus courant. Ces personnes ont de faibles niveaux de prot\u00e9ine VWF.<sup>2<\/sup><\/p>\n        <\/li>\r\n            <li class=\"styledBox__item\">\r\n            <p><strong>MWW de type 2<\/strong>\u00a0: les personnes atteintes de la MWW de type 2 ont une prot\u00e9ine VWF qui ne fonctionne pas correctement.<sup>2<\/sup><\/p>\n        <\/li>\r\n            <li class=\"styledBox__item\">\r\n            <p><strong>MWW de type 3\u00a0:<\/strong> Souvent plus grave que les types 1 ou 2, il s&#8217;agit de la forme la plus rare de la maladie. Les personnes atteintes de la maladie de von Willebrand de type\u00a03 pr\u00e9sentent des taux tr\u00e8s faibles de prot\u00e9ine VWF.<sup>2<\/sup><\/p>\n        <\/li>\r\n        <\/ul>\r\n<\/div>\n\n<div class=\"default-block container\">\n<h2>Quelle est la diff\u00e9rence entre la maladie de von Willebrand et l&#8217;h\u00e9mophilie ?<\/h2>\n<\/div>\n\n<div class=\"default-block container\">\n<p class=\"full\">La maladie de von Willebrand et l&#8217;h\u00e9mophilie sont des troubles de la coagulation. Les personnes atteintes de l\u2019une ou l\u2019autre maladie ont un risque plus \u00e9lev\u00e9 de saignement, mais les parties du corps o\u00f9 se produisent habituellement les saignements ne sont pas les m\u00eames pour les personnes atteintes de la maladie de von Willebrand ou d\u2019h\u00e9mophilie. Les troubles sont caus\u00e9s par des d\u00e9fauts dans diff\u00e9rentes prot\u00e9ines : la maladie de von Willebrand est caus\u00e9e par des d\u00e9fauts dans la prot\u00e9ine VWF, tandis que l&#8217;h\u00e9mophilie est due \u00e0 un manque partiel ou total de prot\u00e9ines appel\u00e9es facteur VIII et facteur IX. Ces diff\u00e9rentes causes signifient que les maladies ont des traitements diff\u00e9rents.<sup>3,4<\/sup><\/p>\n<\/div>\n\n<div class=\"default-block container\">\n<h2><strong>La maladie de von Willebrand peut \u00eatre trait\u00e9e<\/strong><\/h2>\n<\/div>\n\n<div class=\"default-block container\">\n<p class=\"full\">Il n&#8217;existe aucun rem\u00e8de contre la maladie de von Willebrand, mais il existe des <a href=\"https:\/\/vwdtest.com\/fr\/i-live-with-vwd\/\">traitements efficaces<\/a>. La plupart des personnes atteintes de la maladie de von Willebrand pr\u00e9sentent des sympt\u00f4mes tr\u00e8s l\u00e9gers qu&#8217;elles peuvent g\u00e9rer elles-m\u00eames au quotidien. Cependant, les personnes atteintes de formes graves de la maladie de von Willebrand peuvent avoir des saignements plus graves et plus fr\u00e9quents, avec un impact plus important sur leur vie.<sup>1<\/sup><\/p>\n<\/div>\n\n<div class=\"default-block container\">\n<p class=\"full\"><strong>Si vous souffrez de la maladie de von Willebrand, il est important que vous vous inscriviez aupr\u00e8s d&#8217;un centre de traitement local sp\u00e9cialis\u00e9 dans les troubles de la coagulation.<\/strong> Le personnel du <a href=\"https:\/\/vwdtest.com\/fr\/helpful-resources\/\">traitement centre<\/a> r\u00e9pondra \u00e0 toutes vos questions et vous guidera dans la gestion de la maladie, afin que vous puissiez vivre une vie normale.<\/p>\n<\/div>\n\n<div class=\"default-block container\">\n<p class=\"full\">Nous vous recommandons \u00e9galement de contacter les <a href=\"https:\/\/vwdtest.com\/fr\/helpful-resources\/\">associations de patients<\/a> locales. Il y a plus de personnes atteintes de troubles de la coagulation que vous ne le pensez, et elles se feront un plaisir de partager leurs exp\u00e9riences avec vous.<\/p>\n<\/div>\n\n<div class=\"default-block container\">\n<div class=\"is-layout-flex wp-container-3 wp-block-columns are-vertically-aligned-center\">\n<div class=\"is-layout-flow wp-block-column is-vertically-aligned-center\"><div class=\"default-block container\">\n<figure class=\"wp-block-image aligncenter size-full\"><img decoding=\"async\" loading=\"lazy\" width=\"259\" height=\"325\" src=\"https:\/\/vwdtest.com\/fr\/wp-content\/uploads\/sites\/22\/2023\/02\/Illustration-03.png\" alt=\"\" class=\"wp-image-26\" srcset=\"https:\/\/vwdtest.com\/fr\/wp-content\/uploads\/sites\/22\/2023\/02\/Illustration-03.png 259w, https:\/\/vwdtest.com\/fr\/wp-content\/uploads\/sites\/22\/2023\/02\/Illustration-03-239x300.png 239w\" sizes=\"(max-width: 259px) 100vw, 259px\" \/><\/figure>\n<\/div><\/div>\n\n\n\n<div class=\"is-layout-flow wp-block-column is-vertically-aligned-center\"><div class=\"default-block container\">\n<h2>Jusqu&#8217;\u00e0 1&nbsp;% de la population mondiale pourrait \u00eatre atteinte de la maladie de von Willebrand<\/h2>\n<\/div>\n\n<div class=\"default-block container\">\n<p>La maladie de von Willebrand est g\u00e9n\u00e9ralement h\u00e9r\u00e9ditaire et touche aussi bien les hommes que les femmes de tous \u00e2ges, y compris les enfants. Les femmes sont plus susceptibles que les hommes de pr\u00e9senter des sympt\u00f4mes de la maladie de von Willebrand en raison des saignements qui surviennent\n menstruations, grossesse et accouchement.<br><br><strong>De nombreuses personnes pr\u00e9sentent des sympt\u00f4mes l\u00e9gers et peuvent ne pas se rendre compte qu&#8217;elles sont atteintes de la maladie de von Willebrand.<\/strong><br><br><\/p>\n<\/div><\/div>\n<\/div>\n<\/div>\n\n<div class=\"default-block container\">\n<div class=\"is-layout-flex wp-container-8 wp-block-columns are-vertically-aligned-center\">\n<div class=\"is-layout-flow wp-block-column is-vertically-aligned-center\"><div class=\"default-block container\">\n<div class=\"is-layout-flex wp-container-6 wp-block-columns\">\n<div class=\"is-layout-flow wp-block-column\"><div class=\"default-block container\">\n<h2><strong>Les personnes atteintes de la maladie de von Willebrand attendent souvent de nombreuses ann\u00e9es avant d&#8217;obtenir un diagnostic<\/strong><\/h2>\n<\/div>\n\n<div class=\"default-block container\">\n<p class=\"orange\">Il est souvent difficile de dire si un saignement est normal ou non. De plus, de nombreuses personnes ne sont pas conscientes des troubles de la coagulation tels que la maladie de von Willebrand. Pour ces raisons, les personnes atteintes de la maladie de von Willebrand doivent souvent attendre plusieurs ann\u00e9es entre les premiers sympt\u00f4mes h\u00e9morragiques et le diagnostic final. Ce d\u00e9lai est plus important pour les femmes que pour les hommes. <b>Sans diagnostic ni traitement, les patients peuvent souffrir de saignements fr\u00e9quents, d&#8217;une carence en fer, de douleurs et d&#8217;une qualit\u00e9 de vie r\u00e9duite. <\/b>M\u00eame si les sympt\u00f4mes de saignement sont l\u00e9gers dans la vie quotidienne, il existe un risque de saignement grave lors d&#8217;une intervention chirurgicale ou \u00e0 la suite d&#8217;un accident.<sup>1<\/sup><\/p>\n<\/div>\n\n<div class=\"default-block container\">\n<p>Par cons\u00e9quent,<mark style=\"background-color:rgba(0, 0, 0, 0)\" class=\"has-inline-color has- orange-color\"> <\/mark><strong>il est important d&#8217;\u00eatre conscient des sympt\u00f4mes h\u00e9morragiques et des troubles de la coagulation, tels que la maladie de von Willebrand<\/strong>. Si vous n&#8217;\u00eates pas s\u00fbr d&#8217;un saignement que vous avez ressenti, veuillez passer notre test de saignement.<\/p>\n<\/div><\/div>\n\n\n\n<div class=\"is-layout-flow wp-block-column is-vertically-aligned-center\"><div class=\"default-block container\">\n<figure class=\"wp-block-image aligncenter size-full is-style-default\"><img decoding=\"async\" loading=\"lazy\" width=\"480\" height=\"331\" src=\"https:\/\/vwdtest.com\/fr\/wp-content\/uploads\/sites\/22\/2023\/02\/Fill-47-1.png\" alt=\"\" class=\"wp-image-50\" srcset=\"https:\/\/vwdtest.com\/fr\/wp-content\/uploads\/sites\/22\/2023\/02\/Fill-47-1.png 480w, https:\/\/vwdtest.com\/fr\/wp-content\/uploads\/sites\/22\/2023\/02\/Fill-47-1-300x207.png 300w\" sizes=\"(max-width: 480px) 100vw, 480px\" \/><\/figure>\n<\/div><\/div>\n<\/div>\n<\/div><\/div>\n<\/div>\n<\/div>\n\n<div class=\"default-block container\">\n<h2><strong>Des ant\u00e9c\u00e9dents h\u00e9morragiques et des tests de laboratoire sont n\u00e9cessaires pour diagnostiquer la maladie de von Willebrand<\/strong><\/h2>\n<\/div>\n\n<div class=\"default-block container\">\n<p class=\"full\">La maladie de von Willebrand est rare et tous les m\u00e9decins ne connaissent pas cette maladie. Par cons\u00e9quent, <strong>un diagnostic d\u00e9finitif doit \u00eatre pos\u00e9 par un m\u00e9decin sp\u00e9cialis\u00e9 dans les troubles de la coagulation<\/strong>. Un diagnostic de maladie de von Willebrand est toujours un processus. Dans un premier temps, votre m\u00e9decin doit comprendre tout saignement que vous et \u00e9ventuellement d&#8217;autres membres de votre famille pourriez avoir subi. Cette information est appel\u00e9e \u00ab historique des saignements \u00bb. Pour \u00e9valuer l\u2019historique complet des saignements, votre m\u00e9decin vous posera une s\u00e9rie de questions. Si les ant\u00e9c\u00e9dents h\u00e9morragiques sugg\u00e8rent que vous souffrez d&#8217;un trouble de la coagulation, votre sang doit \u00eatre analys\u00e9 dans un laboratoire sp\u00e9cialis\u00e9.<sup>1<\/sup> Gr\u00e2ce aux r\u00e9sultats des analyses de sang, votre m\u00e9decin \u00e9tablira un diagnostic d\u00e9finitif. <\/p>\n<\/div>\n\n<div class=\"default-block container\">\n<p class=\"full\"><strong>Plus t\u00f4t vous aurez votre diagnostic, plus t\u00f4t vous pourrez commencer \u00e0 faire des choix \u00e9clair\u00e9s concernant votre traitement et votre mode de vie.<\/strong><\/p>\n<\/div>\n\n<div class=\"default-block container\">\n<h6>Les r\u00e9f\u00e9rences<\/h6>\n<\/div>\n\n<div class=\"default-block container\">\n<ol><div class=\"default-block container\">\n<li>Corrales-Medina FF et al. <em>Blood Rev <\/em>2022; 101018.<a id=\"_msocom_1\"><\/a><\/li>\n<\/div>\n\n<div class=\"default-block container\">\n<li><a id=\"_msocom_1\"><\/a>Leebeek FWG and Eikenboom JCJ. <em>N Engl J Med<\/em> 2016; 21:2067-80.<\/li>\n<\/div>\n\n<div class=\"default-block container\">\n<li>Srivastava A et al. <em>Haemophilia <\/em>2020; 26(Suppl 6):1-158.<\/li>\n<\/div>\n\n<div class=\"default-block container\">\n<li>Connell NT et al. <em>Blood Adv <\/em>2021; 5:301-25.<\/li>\n<\/div><\/ol>\n<\/div>","protected":false},"excerpt":{"rendered":"<p>La maladie de von Willebrand (MVW) est le trouble de la coagulation le plus courant Lorsqu un vaisseau sanguin est bless\u00e9, certains globules rouges se collent les uns aux autres pour fermer la plaie et arr\u00eater le saignement. Ce processus est appel\u00e9 coagulation. Chez les personnes atteintes de troubles de la coagulation, comme la maladie [&hellip;]<\/p>\n","protected":false},"author":1,"featured_media":231,"parent":0,"menu_order":0,"comment_status":"closed","ping_status":"closed","template":"","meta":{"inline_featured_image":false},"acf":[],"yoast_head":"<!-- This site is optimized with the Yoast SEO plugin v20.4 - https:\/\/yoast.com\/wordpress\/plugins\/seo\/ -->\n<title>En savoir plus sur la maladie de von Willebrand - France<\/title>\n<meta name=\"robots\" content=\"index, follow, max-snippet:-1, max-image-preview:large, max-video-preview:-1\" \/>\n<link rel=\"canonical\" href=\"https:\/\/vwdtest.com\/fr\/von-willebrand-disease\/\" \/>\n<meta property=\"og:locale\" content=\"en_US\" \/>\n<meta property=\"og:type\" content=\"article\" \/>\n<meta property=\"og:title\" content=\"En savoir plus sur la maladie de von Willebrand - France\" \/>\n<meta property=\"og:description\" content=\"La maladie de von Willebrand (MVW) est le trouble de la coagulation le plus courant Lorsqu un vaisseau sanguin est bless\u00e9, certains globules rouges se collent les uns aux autres pour fermer la plaie et arr\u00eater le saignement. Ce processus est appel\u00e9 coagulation. Chez les personnes atteintes de troubles de la coagulation, comme la maladie [&hellip;]\" \/>\n<meta property=\"og:url\" content=\"https:\/\/vwdtest.com\/fr\/von-willebrand-disease\/\" \/>\n<meta property=\"og:site_name\" content=\"France\" \/>\n<meta property=\"article:modified_time\" content=\"2024-02-27T11:14:49+00:00\" \/>\n<meta property=\"og:image\" content=\"https:\/\/vwdtest.com\/fr\/wp-content\/uploads\/sites\/22\/2023\/02\/hero2.webp\" \/>\n\t<meta property=\"og:image:width\" content=\"774\" \/>\n\t<meta property=\"og:image:height\" content=\"927\" \/>\n\t<meta property=\"og:image:type\" content=\"image\/webp\" \/>\n<meta name=\"twitter:card\" content=\"summary_large_image\" \/>\n<meta name=\"twitter:label1\" content=\"Est. reading time\" \/>\n\t<meta name=\"twitter:data1\" content=\"6 minutes\" \/>\n<script type=\"application\/ld+json\" class=\"yoast-schema-graph\">{\"@context\":\"https:\/\/schema.org\",\"@graph\":[{\"@type\":\"WebPage\",\"@id\":\"https:\/\/vwdtest.com\/fr\/von-willebrand-disease\/\",\"url\":\"https:\/\/vwdtest.com\/fr\/von-willebrand-disease\/\",\"name\":\"En savoir plus sur la maladie de von Willebrand - France\",\"isPartOf\":{\"@id\":\"https:\/\/vwdtest.com\/fr\/#website\"},\"datePublished\":\"2023-02-13T13:51:56+00:00\",\"dateModified\":\"2024-02-27T11:14:49+00:00\",\"breadcrumb\":{\"@id\":\"https:\/\/vwdtest.com\/fr\/von-willebrand-disease\/#breadcrumb\"},\"inLanguage\":\"en-US\",\"potentialAction\":[{\"@type\":\"ReadAction\",\"target\":[\"https:\/\/vwdtest.com\/fr\/von-willebrand-disease\/\"]}]},{\"@type\":\"BreadcrumbList\",\"@id\":\"https:\/\/vwdtest.com\/fr\/von-willebrand-disease\/#breadcrumb\",\"itemListElement\":[{\"@type\":\"ListItem\",\"position\":1,\"name\":\"Home\",\"item\":\"https:\/\/vwdtest.com\/fr\/\"},{\"@type\":\"ListItem\",\"position\":2,\"name\":\"En savoir plus sur la maladie de von Willebrand\"}]},{\"@type\":\"WebSite\",\"@id\":\"https:\/\/vwdtest.com\/fr\/#website\",\"url\":\"https:\/\/vwdtest.com\/fr\/\",\"name\":\"France\",\"description\":\"\",\"potentialAction\":[{\"@type\":\"SearchAction\",\"target\":{\"@type\":\"EntryPoint\",\"urlTemplate\":\"https:\/\/vwdtest.com\/fr\/?s={search_term_string}\"},\"query-input\":\"required name=search_term_string\"}],\"inLanguage\":\"en-US\"}]}<\/script>\n<!-- \/ Yoast SEO plugin. -->","yoast_head_json":{"title":"En savoir plus sur la maladie de von Willebrand - France","robots":{"index":"index","follow":"follow","max-snippet":"max-snippet:-1","max-image-preview":"max-image-preview:large","max-video-preview":"max-video-preview:-1"},"canonical":"https:\/\/vwdtest.com\/fr\/von-willebrand-disease\/","og_locale":"en_US","og_type":"article","og_title":"En savoir plus sur la maladie de von Willebrand - France","og_description":"La maladie de von Willebrand (MVW) est le trouble de la coagulation le plus courant Lorsqu un vaisseau sanguin est bless\u00e9, certains globules rouges se collent les uns aux autres pour fermer la plaie et arr\u00eater le saignement. Ce processus est appel\u00e9 coagulation. Chez les personnes atteintes de troubles de la coagulation, comme la maladie [&hellip;]","og_url":"https:\/\/vwdtest.com\/fr\/von-willebrand-disease\/","og_site_name":"France","article_modified_time":"2024-02-27T11:14:49+00:00","og_image":[{"width":774,"height":927,"url":"https:\/\/vwdtest.com\/fr\/wp-content\/uploads\/sites\/22\/2023\/02\/hero2.webp","type":"image\/webp"}],"twitter_card":"summary_large_image","twitter_misc":{"Est. reading time":"6 minutes"},"schema":{"@context":"https:\/\/schema.org","@graph":[{"@type":"WebPage","@id":"https:\/\/vwdtest.com\/fr\/von-willebrand-disease\/","url":"https:\/\/vwdtest.com\/fr\/von-willebrand-disease\/","name":"En savoir plus sur la maladie de von Willebrand - France","isPartOf":{"@id":"https:\/\/vwdtest.com\/fr\/#website"},"datePublished":"2023-02-13T13:51:56+00:00","dateModified":"2024-02-27T11:14:49+00:00","breadcrumb":{"@id":"https:\/\/vwdtest.com\/fr\/von-willebrand-disease\/#breadcrumb"},"inLanguage":"en-US","potentialAction":[{"@type":"ReadAction","target":["https:\/\/vwdtest.com\/fr\/von-willebrand-disease\/"]}]},{"@type":"BreadcrumbList","@id":"https:\/\/vwdtest.com\/fr\/von-willebrand-disease\/#breadcrumb","itemListElement":[{"@type":"ListItem","position":1,"name":"Home","item":"https:\/\/vwdtest.com\/fr\/"},{"@type":"ListItem","position":2,"name":"En savoir plus sur la maladie de von Willebrand"}]},{"@type":"WebSite","@id":"https:\/\/vwdtest.com\/fr\/#website","url":"https:\/\/vwdtest.com\/fr\/","name":"France","description":"","potentialAction":[{"@type":"SearchAction","target":{"@type":"EntryPoint","urlTemplate":"https:\/\/vwdtest.com\/fr\/?s={search_term_string}"},"query-input":"required name=search_term_string"}],"inLanguage":"en-US"}]}},"_links":{"self":[{"href":"https:\/\/vwdtest.com\/fr\/wp-json\/wp\/v2\/pages\/19"}],"collection":[{"href":"https:\/\/vwdtest.com\/fr\/wp-json\/wp\/v2\/pages"}],"about":[{"href":"https:\/\/vwdtest.com\/fr\/wp-json\/wp\/v2\/types\/page"}],"author":[{"embeddable":true,"href":"https:\/\/vwdtest.com\/fr\/wp-json\/wp\/v2\/users\/1"}],"replies":[{"embeddable":true,"href":"https:\/\/vwdtest.com\/fr\/wp-json\/wp\/v2\/comments?post=19"}],"version-history":[{"count":79,"href":"https:\/\/vwdtest.com\/fr\/wp-json\/wp\/v2\/pages\/19\/revisions"}],"predecessor-version":[{"id":1932,"href":"https:\/\/vwdtest.com\/fr\/wp-json\/wp\/v2\/pages\/19\/revisions\/1932"}],"wp:featuredmedia":[{"embeddable":true,"href":"https:\/\/vwdtest.com\/fr\/wp-json\/wp\/v2\/media\/231"}],"wp:attachment":[{"href":"https:\/\/vwdtest.com\/fr\/wp-json\/wp\/v2\/media?parent=19"}],"curies":[{"name":"wp","href":"https:\/\/api.w.org\/{rel}","templated":true}]}}