{"id":138,"date":"2023-02-16T10:15:43","date_gmt":"2023-02-16T10:15:43","guid":{"rendered":"https:\/\/new.vwdtest.com\/fr\/?page_id=138"},"modified":"2025-09-04T05:50:16","modified_gmt":"2025-09-04T05:50:16","slug":"heavy-periods","status":"publish","type":"page","link":"https:\/\/vwdtest.com\/fr\/heavy-periods\/","title":{"rendered":"j&#8217;ai des r\u00e8gles abondantes"},"content":{"rendered":"<div class=\"default-block container\">\n<h3>Vos r\u00e8gles sont trop abondantes ou durent trop longtemps ?<\/h3>\n<\/div>\n\n<div class=\"default-block container\">\n<h5 class=\"bleeding-symptoms-title helpful live\">Pendant vos r\u00e8gles, vous vous sentez constamment fatigu\u00e9e et avez du mal \u00e0 vous concentrer pendant les cours ou au travail ? Vous sentez-vous tellement \u00e9puis\u00e9e que vous \u00e9vitez de sortir ? Ressentez-vous des crampes douloureuses pendant vos r\u00e8gles ? \u00cates-vous essouffl\u00e9e apr\u00e8s un exercice l\u00e9ger ? Avez-vous peur de porter des v\u00eatements blancs en \u00e9t\u00e9 \u00e0 cause de vos saignements&nbsp;?<\/h5>\n<\/div>\n\n<div class=\"default-block container\">\n<p class=\"full\">Si vous r\u00e9pondez \u00ab oui \u00bb \u00e0 lune de ces questions, il est possible que vous ayez des <a href=\"https:\/\/vwdtest.com\/fr\/bleeding-symptoms\/#hmb\" data-id=\"69\">saignements menstruels abondants<\/a>. Les saignements menstruels abondants, ou m\u00e9norragies, sont plut\u00f4t courants et peuvent affecter consid\u00e9rablement votre vie quotidienne et <a href=\"https:\/\/vwdtest.com\/fr\/i-live-with-vwd\/#mental-health\">sant\u00e9 physique ou mentale<\/a>. Environ une femme et une fille sur quatre pr\u00e9sentent des sympt\u00f4mes de saignements menstruels abondants tout au long de leur vie. M\u00eame si les saignements menstruels abondants sont fr\u00e9quents, ils sont souvent n\u00e9glig\u00e9s. De nombreuses femmes et filles en souffrent malgr\u00e9 que les saignements menstruels abondants peuvent \u00eatre soign\u00e9s.<sup>1-3<\/sup><\/p>\n<\/div>\n\n<img decoding=\"async\" src=\"https:\/\/vwdtest.com\/fr\/wp-content\/uploads\/sites\/22\/2023\/02\/periods.webp\" alt=\"j&#8217;ai des r\u00e8gles abondantes\" class=\"page_thumbnail d-xl-none\">\r\n\n\n<div class=\"default-block container\">\n<h3>Causes des r\u00e8gles abondantes<\/h3>\n<\/div>\n\n<div class=\"default-block container\">\n<p class=\"full\">Il existe diverses causes potentielles aux <a data-type=\"page\" data-id=\"69\" href=\"https:\/\/vwdtest.com\/fr\/bleeding-symptoms\/#hmb\">saignements menstruels abondants<\/a>. Il est important de conna\u00eetre la cause exacte pour choisir le traitement appropri\u00e9<sup>3<\/sup>. Environ une femme sur cinq ayant des saignements menstruels abondants souffre d&#8217;un trouble de la coagulation sous-jacent. Le trouble de la coagulation le plus courant est la <a href=\"https:\/\/vwdtest.com\/fr\/von-willebrand-disease\/\" target=\"_blank\" rel=\"noreferrer noopener\">maladie de von Willebrand<\/a> (MVW). Presque toutes les femmes atteintes de la MVW ont des r\u00e8gels abondantes. Malheureusement, la MVW est tr\u00e8s souvent n\u00e9glig\u00e9e comme cause de saignements menstruels abondants. Certains traitements pour les saignements menstruels abondants ne prot\u00e9gent pas les femmes atteintes de la maladie de von Willebrand contre d\u2019autres complications de la maladie. Sans diagnostic, ces femmes restent expos\u00e9es \u00e0 un risque de saignement excessif, notament pendant la grossesse ainsi que pendant et apr\u00e8s l&#8217;<a href=\"https:\/\/vwdtest.com\/fr\/i-live-with-vwd\/#childbirth\">accouchement<\/a> . La maladie de von Willebrand peut \u00eatre trait\u00e9e&nbsp;: si le diagnostic est connu avant la grossesse, les saignements peuvent \u00eatre contr\u00f4l\u00e9s et les femmes atteintes de la MVW peuvent avoir une grossesse normale.<sup>2,4<\/sup><\/p>\n<\/div>\n\n<div class=\"default-block container\">\n<h3>Vous n&#8217;\u00eates peut-\u00eatre pas le seul dans votre famille \u00e0 avoir des r\u00e8gles abondantes<\/h3>\n<\/div>\n\n<div class=\"default-block container\">\n<p class=\"full\">Si vous n&#8217;\u00eates pas s\u00fbre de vos r\u00e8gles, vous en avez peut-\u00eatre discut\u00e9 avec d&#8217;autres femmes de votre famille. Votre m\u00e8re, une tante ou une s\u0153ur peut avoir des saignements similaires et vous pouvez penser que vos r\u00e8gles sont normales. Cependant, ce n&#8217;est pas toujours le cas. Entre autres, les saignements menstruels abondants peuvent \u00eatre dus \u00e0 des troubles de la coagulation h\u00e9r\u00e9ditaires, comme la MVW<sup>2,3<\/sup>. Ces troubles peuvent toucher plusieurs membres d&#8217;une famille. Si vos r\u00e8gles affectent votre vie quotidienne et votre bien-\u00eatre, nous vous recommandons de parler de vos saignements \u00e0 votre m\u00e9decin.<\/p>\n<\/div>\n\n<div class=\"default-block container\">\n<h3>D\u00e9couvrez si votre saignement est normal<\/h3>\n<\/div>\n\n<div class=\"default-block container\">\n<p class=\"full\">Quelle quantit\u00e9 de saignement &#8220;trop&#8221;&nbsp;? Il est parfois difficile de r\u00e9pondre \u00e0 cette question. Les signes typiques de saignements menstruels abondants incluent des saignements pendant plus dune semaine, la n\u00e9cessit\u00e9 de changer de serviette ou de tampon toutes les quelques heures, des saignements jusqu&#8217;\u00e0 vos v\u00eatements ou votre literie et la pr\u00e9sence de gros caillots sanguins.<sup>5<\/sup>. Pour vous aider \u00e0 en savoir plus sur vos saignements menstruels, des scientifiques ont d\u00e9velopp\u00e9 une simple <a href=\"#\" id=\"showPdf\">carte d&#8217;evaluation des r\u00e8gles simple<\/a>. Sur cette fiche, vous pouvez noter combien de produits sanitaires vous utilisez chaque jour. Ces informations vous aideront, vous et votre m\u00e9decin, \u00e0 d\u00e9terminer si vous avez des saignements menstruels abondants.<sup>6<\/sup><\/p>\n<div class=\"video test\" id=\"\">\n\n    <div class=\"video__box\">\n        <div class=\"popup-main-wrapper\">\n            <div class=\"popup-wrapper\">\n                <div class=\"popup-close-icon\"><img decoding=\"async\" src=\"https:\/\/vwdtest.com\/fr\/wp-content\/uploads\/sites\/22\/2023\/09\/cross-icon1.svg\" alt=\"cross-icon\">\n                <\/div>\n                \n            <\/div>\n        <\/div>\n\n    <\/div>\n<\/div>\n<\/div>\n\n<div class=\"default-block container\">\n<div style=\"height:30px\" aria-hidden=\"true\" class=\"wp-block-spacer\"><\/div>\n<\/div>\n\n<div class=\"default-block container\">\n<div class=\"is-content-justification-right is-layout-flex wp-container-1 wp-block-buttons\">\n<div class=\"wp-block-button download increase_download_count\"><a class=\"wp-block-button__link wp-element-button\" href=\"https:\/\/vwdtest.com\/fr\/wp-content\/uploads\/sites\/22\/2025\/09\/PBAC-0025-FR.pdf\" target=\"_blank\" rel=\"noreferrer noopener\" download>T\u00e9l\u00e9charger la carte d&#8217;\u00e9valuation des r\u00e8gles<\/a><\/div>\n<\/div>\n<\/div>\n\n<div class=\"default-block container\">\n<div style=\"height:30px\" aria-hidden=\"true\" class=\"wp-block-spacer\"><\/div>\n<\/div>\n\n<div class=\"default-block container\">\n<div style=\"height:60px\" aria-hidden=\"true\" class=\"wp-block-spacer\"><\/div>\n<\/div>\n\n<div class=\"default-block container\">\n<p class=\"full\">Parfois, les femmes et les filles ayant des saignements menstruels abondants saignent \u00e9galement fr\u00e9quemment du <a data-type=\"page\" data-id=\"69\" href=\"https:\/\/vwdtest.com\/fr\/bleeding-symptoms\/#nosebleed\">nez<\/a> ou des <a data-type=\"page\" data-id=\"69\" href=\"https:\/\/vwdtest.com\/fr\/bleeding-symptoms\/#oral-bleed\">gencives<\/a>. La perte de sang peut entra\u00eener une <a data-type=\"page\" data-id=\"69\" href=\"https:\/\/vwdtest.com\/fr\/bleeding-symptoms\/#fatigue\">carence en fer et an\u00e9mie<\/a>, et provoquer de la fatigue voire de l&#8217;\u00e9puisement. Si vous avez ressenti l&#8217;un de ces sympt\u00f4mes ou si vous avez saign\u00e9 apr\u00e8s une extraction dentaire ou une autre intervention chirurgicale mineure, nous vous recommandons de consulter notre <a data-type=\"page\" data-id=\"58\" href=\"https:\/\/vwdtest.com\/fr\/take-test\/\">test de saignement<\/a>. Les chercheurs ont d\u00e9velopp\u00e9 ce test pour vous aider \u00e0 d\u00e9terminer si vos saignements sont normaux ou non.<sup>2<\/sup> Cela ne prend que quelques minutes et il vous dira si vous devez consulter un m\u00e9decin en raison de vos saignements. Cela peut \u00eatre encore plus important si vous \u00eates sur le point de subir une intervention chirurgicale.<\/p>\n<\/div>\n\n<div class=\"default-block container\">\n<div class=\"is-content-justification-right is-layout-flex wp-container-2 wp-block-buttons\">\n<div class=\"wp-block-button take-test\"><a class=\"wp-block-button__link wp-element-button\" href=\"\/fr\/take-test\">Faire le test<\/a><\/div>\n<\/div>\n<\/div>\n\n<div class=\"default-block container\">\n<h6>Les r\u00e9f\u00e9rences<\/h6>\n<\/div>\n\n<div class=\"default-block container\">\n<ol type=\"1\"><div class=\"default-block container\">\n<li>Fraser IS et al. Int J Gynaecol Obstet 2015&nbsp;; 128&nbsp;:&nbsp;196-200.<\/li>\n<\/div>\n\n<div class=\"default-block container\">\n<li>Corrales-Medina FF et al. Blood R\u00e9v 2022&nbsp;; 101018.<\/li>\n<\/div>\n\n<div class=\"default-block container\">\n<li><a href=\"https:\/\/www.acog.org\/womens-health\/faqs\/heavy-menstrual-bleeding\" target=\"_blank\" rel=\"noreferrer noopener\">https:\/\/www.acog.org\/womens-health\/faqs\/heavy-menstrual-bleeding<\/a>; derni\u00e8re consultation en janvier 2023.<\/li>\n<\/div>\n\n<div class=\"default-block container\">\n<li><a href=\"https:\/\/www.cdc.gov\/ncbddd\/vwd\/women.html\" target=\"_blank\" rel=\"noreferrer noopener\">https:\/\/www.cdc.gov\/ncbddd\/vwd\/women.html<\/a>; derni\u00e8re consultation en janvier 2023.<\/li>\n<\/div>\n\n<div class=\"default-block container\">\n<li><a href=\"https:\/\/www.nhs.uk\/conditions\/heavy-periods\/\" target=\"_blank\" rel=\"noreferrer noopener\">https:\/\/www.nhs.uk\/conditions\/heavy-periods\/<\/a>; derni\u00e8re consultation en janvier 2023.<\/li>\n<\/div>\n\n<div class=\"default-block container\">\n<li>Higham JM et coll. Br. J Obstet Gynaecol 1990&nbsp;; 97&nbsp;:&nbsp;734-9.<\/li>\n<\/div><\/ol>\n<\/div>","protected":false},"excerpt":{"rendered":"<p>Vos r\u00e8gles sont trop abondantes ou durent trop longtemps ? Pendant vos r\u00e8gles, vous vous sentez constamment fatigu\u00e9e et avez du mal \u00e0 vous concentrer pendant les cours ou au travail ? Vous sentez-vous tellement \u00e9puis\u00e9e que vous \u00e9vitez de sortir ? Ressentez-vous des crampes douloureuses pendant vos r\u00e8gles ? \u00cates-vous essouffl\u00e9e apr\u00e8s un exercice [&hellip;]<\/p>\n","protected":false},"author":1,"featured_media":227,"parent":0,"menu_order":0,"comment_status":"closed","ping_status":"closed","template":"","meta":{"inline_featured_image":false},"acf":[],"yoast_head":"<!-- This site is optimized with the Yoast SEO plugin v20.4 - https:\/\/yoast.com\/wordpress\/plugins\/seo\/ -->\n<title>j&#039;ai des r\u00e8gles abondantes - France<\/title>\n<meta name=\"robots\" content=\"index, follow, max-snippet:-1, max-image-preview:large, max-video-preview:-1\" \/>\n<link rel=\"canonical\" href=\"https:\/\/vwdtest.com\/fr\/heavy-periods\/\" \/>\n<meta property=\"og:locale\" content=\"en_US\" \/>\n<meta property=\"og:type\" content=\"article\" \/>\n<meta property=\"og:title\" content=\"j&#039;ai des r\u00e8gles abondantes - France\" \/>\n<meta property=\"og:description\" content=\"Vos r\u00e8gles sont trop abondantes ou durent trop longtemps ? Pendant vos r\u00e8gles, vous vous sentez constamment fatigu\u00e9e et avez du mal \u00e0 vous concentrer pendant les cours ou au travail ? Vous sentez-vous tellement \u00e9puis\u00e9e que vous \u00e9vitez de sortir ? Ressentez-vous des crampes douloureuses pendant vos r\u00e8gles ? \u00cates-vous essouffl\u00e9e apr\u00e8s un exercice [&hellip;]\" \/>\n<meta property=\"og:url\" content=\"https:\/\/vwdtest.com\/fr\/heavy-periods\/\" \/>\n<meta property=\"og:site_name\" content=\"France\" \/>\n<meta property=\"article:modified_time\" content=\"2025-09-04T05:50:16+00:00\" \/>\n<meta property=\"og:image\" content=\"https:\/\/vwdtest.com\/fr\/wp-content\/uploads\/sites\/22\/2023\/02\/periods.webp\" \/>\n\t<meta property=\"og:image:width\" content=\"674\" \/>\n\t<meta property=\"og:image:height\" content=\"929\" \/>\n\t<meta property=\"og:image:type\" content=\"image\/webp\" \/>\n<meta name=\"twitter:card\" content=\"summary_large_image\" \/>\n<meta name=\"twitter:label1\" content=\"Est. reading time\" \/>\n\t<meta name=\"twitter:data1\" content=\"4 minutes\" \/>\n<script type=\"application\/ld+json\" class=\"yoast-schema-graph\">{\"@context\":\"https:\/\/schema.org\",\"@graph\":[{\"@type\":\"WebPage\",\"@id\":\"https:\/\/vwdtest.com\/fr\/heavy-periods\/\",\"url\":\"https:\/\/vwdtest.com\/fr\/heavy-periods\/\",\"name\":\"j'ai des r\u00e8gles abondantes - France\",\"isPartOf\":{\"@id\":\"https:\/\/vwdtest.com\/fr\/#website\"},\"datePublished\":\"2023-02-16T10:15:43+00:00\",\"dateModified\":\"2025-09-04T05:50:16+00:00\",\"breadcrumb\":{\"@id\":\"https:\/\/vwdtest.com\/fr\/heavy-periods\/#breadcrumb\"},\"inLanguage\":\"en-US\",\"potentialAction\":[{\"@type\":\"ReadAction\",\"target\":[\"https:\/\/vwdtest.com\/fr\/heavy-periods\/\"]}]},{\"@type\":\"BreadcrumbList\",\"@id\":\"https:\/\/vwdtest.com\/fr\/heavy-periods\/#breadcrumb\",\"itemListElement\":[{\"@type\":\"ListItem\",\"position\":1,\"name\":\"Home\",\"item\":\"https:\/\/vwdtest.com\/fr\/\"},{\"@type\":\"ListItem\",\"position\":2,\"name\":\"j&#8217;ai des r\u00e8gles abondantes\"}]},{\"@type\":\"WebSite\",\"@id\":\"https:\/\/vwdtest.com\/fr\/#website\",\"url\":\"https:\/\/vwdtest.com\/fr\/\",\"name\":\"France\",\"description\":\"\",\"potentialAction\":[{\"@type\":\"SearchAction\",\"target\":{\"@type\":\"EntryPoint\",\"urlTemplate\":\"https:\/\/vwdtest.com\/fr\/?s={search_term_string}\"},\"query-input\":\"required name=search_term_string\"}],\"inLanguage\":\"en-US\"}]}<\/script>\n<!-- \/ Yoast SEO plugin. -->","yoast_head_json":{"title":"j'ai des r\u00e8gles abondantes - France","robots":{"index":"index","follow":"follow","max-snippet":"max-snippet:-1","max-image-preview":"max-image-preview:large","max-video-preview":"max-video-preview:-1"},"canonical":"https:\/\/vwdtest.com\/fr\/heavy-periods\/","og_locale":"en_US","og_type":"article","og_title":"j'ai des r\u00e8gles abondantes - France","og_description":"Vos r\u00e8gles sont trop abondantes ou durent trop longtemps ? Pendant vos r\u00e8gles, vous vous sentez constamment fatigu\u00e9e et avez du mal \u00e0 vous concentrer pendant les cours ou au travail ? Vous sentez-vous tellement \u00e9puis\u00e9e que vous \u00e9vitez de sortir ? Ressentez-vous des crampes douloureuses pendant vos r\u00e8gles ? \u00cates-vous essouffl\u00e9e apr\u00e8s un exercice [&hellip;]","og_url":"https:\/\/vwdtest.com\/fr\/heavy-periods\/","og_site_name":"France","article_modified_time":"2025-09-04T05:50:16+00:00","og_image":[{"width":674,"height":929,"url":"https:\/\/vwdtest.com\/fr\/wp-content\/uploads\/sites\/22\/2023\/02\/periods.webp","type":"image\/webp"}],"twitter_card":"summary_large_image","twitter_misc":{"Est. reading time":"4 minutes"},"schema":{"@context":"https:\/\/schema.org","@graph":[{"@type":"WebPage","@id":"https:\/\/vwdtest.com\/fr\/heavy-periods\/","url":"https:\/\/vwdtest.com\/fr\/heavy-periods\/","name":"j'ai des r\u00e8gles abondantes - France","isPartOf":{"@id":"https:\/\/vwdtest.com\/fr\/#website"},"datePublished":"2023-02-16T10:15:43+00:00","dateModified":"2025-09-04T05:50:16+00:00","breadcrumb":{"@id":"https:\/\/vwdtest.com\/fr\/heavy-periods\/#breadcrumb"},"inLanguage":"en-US","potentialAction":[{"@type":"ReadAction","target":["https:\/\/vwdtest.com\/fr\/heavy-periods\/"]}]},{"@type":"BreadcrumbList","@id":"https:\/\/vwdtest.com\/fr\/heavy-periods\/#breadcrumb","itemListElement":[{"@type":"ListItem","position":1,"name":"Home","item":"https:\/\/vwdtest.com\/fr\/"},{"@type":"ListItem","position":2,"name":"j&#8217;ai des r\u00e8gles abondantes"}]},{"@type":"WebSite","@id":"https:\/\/vwdtest.com\/fr\/#website","url":"https:\/\/vwdtest.com\/fr\/","name":"France","description":"","potentialAction":[{"@type":"SearchAction","target":{"@type":"EntryPoint","urlTemplate":"https:\/\/vwdtest.com\/fr\/?s={search_term_string}"},"query-input":"required name=search_term_string"}],"inLanguage":"en-US"}]}},"_links":{"self":[{"href":"https:\/\/vwdtest.com\/fr\/wp-json\/wp\/v2\/pages\/138"}],"collection":[{"href":"https:\/\/vwdtest.com\/fr\/wp-json\/wp\/v2\/pages"}],"about":[{"href":"https:\/\/vwdtest.com\/fr\/wp-json\/wp\/v2\/types\/page"}],"author":[{"embeddable":true,"href":"https:\/\/vwdtest.com\/fr\/wp-json\/wp\/v2\/users\/1"}],"replies":[{"embeddable":true,"href":"https:\/\/vwdtest.com\/fr\/wp-json\/wp\/v2\/comments?post=138"}],"version-history":[{"count":107,"href":"https:\/\/vwdtest.com\/fr\/wp-json\/wp\/v2\/pages\/138\/revisions"}],"predecessor-version":[{"id":2183,"href":"https:\/\/vwdtest.com\/fr\/wp-json\/wp\/v2\/pages\/138\/revisions\/2183"}],"wp:featuredmedia":[{"embeddable":true,"href":"https:\/\/vwdtest.com\/fr\/wp-json\/wp\/v2\/media\/227"}],"wp:attachment":[{"href":"https:\/\/vwdtest.com\/fr\/wp-json\/wp\/v2\/media?parent=138"}],"curies":[{"name":"wp","href":"https:\/\/api.w.org\/{rel}","templated":true}]}}