{"id":1091,"date":"2023-08-14T07:57:20","date_gmt":"2023-08-14T07:57:20","guid":{"rendered":"https:\/\/new.vwdtest.com\/fr\/?page_id=1091"},"modified":"2025-10-09T12:04:52","modified_gmt":"2025-10-09T12:04:52","slug":"family-doctor-paediatrician","status":"publish","type":"page","link":"https:\/\/vwdtest.com\/fr\/family-doctor-paediatrician\/","title":{"rendered":"M\u00c9DECIN DE FAMILLE \/ P\u00c9DIATRE"},"content":{"rendered":"<div class=\"default-block container\">\n<p><\/p>\n<\/div>\n\n<img decoding=\"async\" src=\"https:\/\/vwdtest.com\/fr\/wp-content\/uploads\/sites\/22\/2023\/08\/paediatrician-img.png\" alt=\"M\u00c9DECIN DE FAMILLE \/ P\u00c9DIATRE\" class=\"page_thumbnail d-xl-none\">\r\n\n\n<div class=\"default-block container\">\n<p><h5 class=\"bleeding-symptoms-title vwd\">Les enfants atteints de la maladie de von Willebrand peuvent \u00e9galement rencontrer des difficult\u00e9s \u00e9motionnelles et comportementales \u00e0 l \u00e9cole et dans leur vie de famille en raison de la peur des saignements, et des saignements fr\u00e9quents peuvent conduire \u00e0 une absence de l \u00e9cole. <sup>4 <\/sup>De plus, la peur des saignements peut \u00e9galement pr\u00e9senter un <a href=\"https:\/\/vwdtest.com\/fr\/i-live-with-vwd\/#mental-health\">fardeau psychologique substantiel. <\/a> pour les personnes qui s occupent de l enfant et les inciter \u00e0 limiter les activit\u00e9s physiques et sociales importantes pour le d\u00e9veloppement normal de leur enfant.<sup>5<\/sup><\/h5><\/p>\n<\/div>\n\n<div class=\"default-block container\">\n<h3>Le r\u00f4le des m\u00e9decins de famille et des p\u00e9diatres<\/h3>\n<\/div>\n\n<div class=\"default-block container\">\n<p class=\"full\">La maladie de von Willebrand est le trouble de la coagulation le plus courant chez les enfants.<sup>6 <\/sup>Les sympt\u00f4mes h\u00e9morragiques fr\u00e9quents chez les enfants atteints de la maladie de von Willebrand comprennent des <a href=\"https:\/\/vwdtest.com\/fr\/bleeding-symptoms\/#easy-bruising\">ecchymoses faciles<\/a>, des saignements. de la bouche et du <a href=\"https:\/\/vwdtest.com\/fr\/bleeding-symptoms\/#nosebleed\">nez<\/a>, ainsi que des saignements prolong\u00e9s dus \u00e0 des blessures mineures et apr\u00e8s une intervention chirurgicale.<sup>2 <\/sup>En tant que m\u00e9decin de famille ou p\u00e9diatre, vous serez souvent le premier professionnel de la sant\u00e9. voir des enfants pr\u00e9sentant de tels sympt\u00f4mes et votre t\u00e2che consistera \u00e0 d\u00e9terminer si l&#8217;enfant pr\u00e9sente un profil de saignement anormal qui m\u00e9rite une enqu\u00eate plus approfondie par un sp\u00e9cialiste.<sup>7 <\/sup>Pour les adultes et les enfants pr\u00e9sentant un possible trouble de la coagulation, prendre le les ant\u00e9c\u00e9dents h\u00e9morragiques constituent la premi\u00e8re \u00e9tape du diagnostic. Lors de l\u2019\u00e9valuation des ant\u00e9c\u00e9dents h\u00e9morragiques d\u2019un enfant, il est crucial de prendre en compte l\u2019\u00e2ge et les capacit\u00e9s de d\u00e9veloppement du patient. Les nourrissons qui ne sont pas encore mobiles pr\u00e9sentent rarement des signes d&#8217;ecchymoses, mais peuvent pr\u00e9senter des saignements inhabituels apr\u00e8s une circoncision ou une prise de sang.<sup>2,7 <\/sup>\u00c0 mesure que les enfants deviennent plus mobiles, les \u00e9raflures et les ecchymoses mineures dues \u00e0 des bosses ou \u00e0 des chutes deviennent plus fr\u00e9quentes. Cependant, des ecchymoses plus importantes ou plus fr\u00e9quentes que pr\u00e9vu peuvent faire suspecter un trouble de la coagulation. Des ecchymoses \u00e0 des endroits inhabituels, comme le dos ou l\u2019abdomen, peuvent \u00e9galement survenir chez les enfants atteints de la maladie de von Willebrand. De telles ecchymoses peuvent \u00eatre confondues avec des signes de maltraitance envers les enfants et les parents peuvent s&#8217;inqui\u00e9ter de cette possibilit\u00e9.<sup>8 <\/sup>Enfin, \u00e0 mesure que les filles entrent dans la pubert\u00e9, des  <a href=\"https:\/\/vwdtest.com\/fr\/bleeding-symptoms\/#hmb\">saignements menstruels abondants<\/a>  deviennent le sympt\u00f4me h\u00e9morragique le plus courant de la maladie de von Willebrand. Lorsque l&#8217;on discute de ces sympt\u00f4mes avec les patients et leurs soignants, il est important d&#8217;inclure \u00e9galement les ant\u00e9c\u00e9dents familiaux d&#8217;h\u00e9morragie, car les saignements anormaux r\u00e9currents peuvent \u00eatre banalis\u00e9s au sein de la famille.<sup>2,9<\/sup><\/p>\n<\/div>\n\n<div class=\"default-block container\">\n<p class=\"full\">D\u00e9cider si les sympt\u00f4mes h\u00e9morragiques sont inhabituels peut \u00eatre un d\u00e9fi.<sup>7 <\/sup>Pour une premi\u00e8re \u00e9valuation des sympt\u00f4mes h\u00e9morragiques, et en particulier pour les patients devant subir une intervention chirurgicale, nous vous recommandons d&#8217;effectuer notre <a href=\"https:\/\/vwdtest.com\/fr\/take-test\/\">test de saignement<\/a> avec votre patient. Le test montrera si des examens plus approfondis sont indiqu\u00e9s \u2013 et pourraient changer la vie de votre patient&nbsp;!<\/p>\n<\/div>\n\n<div class=\"default-block container\">\n<p class=\"full\">Un diagnostic d\u00e9finitif de la maladie de von Willebrand est le r\u00e9sultat d&#8217;un processus \u00e9labor\u00e9.<sup>2<\/sup>Par cons\u00e9quent, nous vous recommandons de vous adresser \u00e0 un <a href=\"https:\/\/vwdtest.com\/fr\/helpful-resources\/\">traitement de l&#8217;h\u00e9mophilie \u00e0 proximit\u00e9 centre<\/a> si une \u00e9valuation diagnostique plus approfondie est indiqu\u00e9e. Les \u00e9quipes multidisciplinaires du centre de traitement prodigueront \u00e9galement des soins optimaux aux patients atteints de troubles de la coagulation. VWDtest propose \u00e9galement des informations suppl\u00e9mentaires sur l &#8216; <a href=\"https:\/\/vwdtest.com\/fr\/i-live-with-vwd\/\">\u00e9tiologie<\/a>, le <a href=\"https:\/\/vwdtest.com\/fr\/i-live-with-vwd\/\">diagnostic<\/a> et la <a href=\"https:\/\/vwdtest.com\/fr\/i-live-with-vwd\/\">gestion de la maladie de von Willebrand<\/a>. , ainsi qu&#8217;un aper\u00e7u du <a href=\"https:\/\/vwdtest.com\/fr\/helpful-resources\/#journey\">parcours <\/a>typique des patients atteints de la maladie de von Willebrand.<\/p>\n<\/div>\n\n<div class=\"default-block container\">\n<h6>Les r\u00e9f\u00e9rences<\/h6>\n<\/div>\n\n<div class=\"default-block container\">\n<ol type=\"1\"><div class=\"default-block container\">\n<li>Atiq F et coll. EClinicalMedicine 2021&nbsp;; 32:100726.<\/li>\n<\/div>\n\n<div class=\"default-block container\">\n<li>Corrales-Medina FF et al. Sang R\u00e9v 2023&nbsp;; 58:101018.<\/li>\n<\/div>\n\n<div class=\"default-block container\">\n<li>PatelPN et al. Int J Pediatr Otorhinolaryngol 2017&nbsp;; 100&nbsp;:&nbsp;216-22.<\/li>\n<\/div>\n\n<div class=\"default-block container\">\n<li>de WeeEM et al. J Thromb Haemost 2011&nbsp;; 9:502-9.<\/li>\n<\/div>\n\n<div class=\"default-block container\">\n<li><a href=\"https:\/\/www.hemophilia.org\/sites\/default\/files\/document\/files\/nurses-guide-chapter-13a-child-development-with-bleeding-disorder-transition.pdf\" target=\"_blank\" rel=\"noreferrer noopener\">https:\/\/www.hemophilia.org\/sites\/default\/files\/document\/files\/nurses-guide-chapter-13a-child-development-with-bleeding-disorder-transition.pdf<\/a>; derni\u00e8re consultation en mars 2023.<\/li>\n<\/div>\n\n<div class=\"default-block container\">\n<li>Klaassen R et Halton JM Paediatr Child Health 2002&nbsp;; 7:245-9.<\/li>\n<\/div>\n\n<div class=\"default-block container\">\n<li>Van Ommen CH et Peters M. Eur J Pediatr 2012&nbsp;; 171&nbsp;:&nbsp;1-10.<\/li>\n<\/div>\n\n<div class=\"default-block container\">\n<li>Jackson J et coll. Maltraitance des enfants Negl 2012&nbsp;; 36&nbsp;:&nbsp;127-34.<\/li>\n<\/div>\n\n<div class=\"default-block container\">\n<li>VanderMeulen H, et al. H\u00e9matologie Am Soc Hematol Educ Programme 2022 1&nbsp;: 631-6.<\/li>\n<\/div><\/ol>\n<\/div>","protected":false},"excerpt":{"rendered":"<p>Les enfants atteints de la maladie de von Willebrand peuvent \u00e9galement rencontrer des difficult\u00e9s \u00e9motionnelles et comportementales \u00e0 l \u00e9cole et dans leur vie de famille en raison de la peur des saignements, et des saignements fr\u00e9quents peuvent conduire \u00e0 une absence de l \u00e9cole. 4 De plus, la peur des saignements peut \u00e9galement pr\u00e9senter [&hellip;]<\/p>\n","protected":false},"author":1,"featured_media":1095,"parent":0,"menu_order":0,"comment_status":"closed","ping_status":"closed","template":"","meta":{"inline_featured_image":false},"acf":[],"yoast_head":"<!-- This site is optimized with the Yoast SEO plugin v20.4 - https:\/\/yoast.com\/wordpress\/plugins\/seo\/ -->\n<title>M\u00c9DECIN DE FAMILLE \/ P\u00c9DIATRE - France<\/title>\n<meta name=\"robots\" content=\"index, follow, max-snippet:-1, max-image-preview:large, max-video-preview:-1\" \/>\n<link rel=\"canonical\" href=\"https:\/\/vwdtest.com\/fr\/family-doctor-paediatrician\/\" \/>\n<meta property=\"og:locale\" content=\"en_US\" \/>\n<meta property=\"og:type\" content=\"article\" \/>\n<meta property=\"og:title\" content=\"M\u00c9DECIN DE FAMILLE \/ P\u00c9DIATRE - France\" \/>\n<meta property=\"og:description\" content=\"Les enfants atteints de la maladie de von Willebrand peuvent \u00e9galement rencontrer des difficult\u00e9s \u00e9motionnelles et comportementales \u00e0 l \u00e9cole et dans leur vie de famille en raison de la peur des saignements, et des saignements fr\u00e9quents peuvent conduire \u00e0 une absence de l \u00e9cole. 4 De plus, la peur des saignements peut \u00e9galement pr\u00e9senter [&hellip;]\" \/>\n<meta property=\"og:url\" content=\"https:\/\/vwdtest.com\/fr\/family-doctor-paediatrician\/\" \/>\n<meta property=\"og:site_name\" content=\"France\" \/>\n<meta property=\"article:modified_time\" content=\"2025-10-09T12:04:52+00:00\" \/>\n<meta property=\"og:image\" content=\"https:\/\/vwdtest.com\/fr\/wp-content\/uploads\/sites\/22\/2023\/08\/paediatrician-img.png\" \/>\n\t<meta property=\"og:image:width\" content=\"687\" \/>\n\t<meta property=\"og:image:height\" content=\"799\" \/>\n\t<meta property=\"og:image:type\" content=\"image\/png\" \/>\n<meta name=\"twitter:card\" content=\"summary_large_image\" \/>\n<meta name=\"twitter:label1\" content=\"Est. reading time\" \/>\n\t<meta name=\"twitter:data1\" content=\"3 minutes\" \/>\n<script type=\"application\/ld+json\" class=\"yoast-schema-graph\">{\"@context\":\"https:\/\/schema.org\",\"@graph\":[{\"@type\":\"WebPage\",\"@id\":\"https:\/\/vwdtest.com\/fr\/family-doctor-paediatrician\/\",\"url\":\"https:\/\/vwdtest.com\/fr\/family-doctor-paediatrician\/\",\"name\":\"M\u00c9DECIN DE FAMILLE \/ P\u00c9DIATRE - France\",\"isPartOf\":{\"@id\":\"https:\/\/vwdtest.com\/fr\/#website\"},\"datePublished\":\"2023-08-14T07:57:20+00:00\",\"dateModified\":\"2025-10-09T12:04:52+00:00\",\"breadcrumb\":{\"@id\":\"https:\/\/vwdtest.com\/fr\/family-doctor-paediatrician\/#breadcrumb\"},\"inLanguage\":\"en-US\",\"potentialAction\":[{\"@type\":\"ReadAction\",\"target\":[\"https:\/\/vwdtest.com\/fr\/family-doctor-paediatrician\/\"]}]},{\"@type\":\"BreadcrumbList\",\"@id\":\"https:\/\/vwdtest.com\/fr\/family-doctor-paediatrician\/#breadcrumb\",\"itemListElement\":[{\"@type\":\"ListItem\",\"position\":1,\"name\":\"Home\",\"item\":\"https:\/\/vwdtest.com\/fr\/\"},{\"@type\":\"ListItem\",\"position\":2,\"name\":\"M\u00c9DECIN DE FAMILLE \/ P\u00c9DIATRE\"}]},{\"@type\":\"WebSite\",\"@id\":\"https:\/\/vwdtest.com\/fr\/#website\",\"url\":\"https:\/\/vwdtest.com\/fr\/\",\"name\":\"France\",\"description\":\"\",\"potentialAction\":[{\"@type\":\"SearchAction\",\"target\":{\"@type\":\"EntryPoint\",\"urlTemplate\":\"https:\/\/vwdtest.com\/fr\/?s={search_term_string}\"},\"query-input\":\"required name=search_term_string\"}],\"inLanguage\":\"en-US\"}]}<\/script>\n<!-- \/ Yoast SEO plugin. -->","yoast_head_json":{"title":"M\u00c9DECIN DE FAMILLE \/ P\u00c9DIATRE - France","robots":{"index":"index","follow":"follow","max-snippet":"max-snippet:-1","max-image-preview":"max-image-preview:large","max-video-preview":"max-video-preview:-1"},"canonical":"https:\/\/vwdtest.com\/fr\/family-doctor-paediatrician\/","og_locale":"en_US","og_type":"article","og_title":"M\u00c9DECIN DE FAMILLE \/ P\u00c9DIATRE - France","og_description":"Les enfants atteints de la maladie de von Willebrand peuvent \u00e9galement rencontrer des difficult\u00e9s \u00e9motionnelles et comportementales \u00e0 l \u00e9cole et dans leur vie de famille en raison de la peur des saignements, et des saignements fr\u00e9quents peuvent conduire \u00e0 une absence de l \u00e9cole. 4 De plus, la peur des saignements peut \u00e9galement pr\u00e9senter [&hellip;]","og_url":"https:\/\/vwdtest.com\/fr\/family-doctor-paediatrician\/","og_site_name":"France","article_modified_time":"2025-10-09T12:04:52+00:00","og_image":[{"width":687,"height":799,"url":"https:\/\/vwdtest.com\/fr\/wp-content\/uploads\/sites\/22\/2023\/08\/paediatrician-img.png","type":"image\/png"}],"twitter_card":"summary_large_image","twitter_misc":{"Est. reading time":"3 minutes"},"schema":{"@context":"https:\/\/schema.org","@graph":[{"@type":"WebPage","@id":"https:\/\/vwdtest.com\/fr\/family-doctor-paediatrician\/","url":"https:\/\/vwdtest.com\/fr\/family-doctor-paediatrician\/","name":"M\u00c9DECIN DE FAMILLE \/ P\u00c9DIATRE - France","isPartOf":{"@id":"https:\/\/vwdtest.com\/fr\/#website"},"datePublished":"2023-08-14T07:57:20+00:00","dateModified":"2025-10-09T12:04:52+00:00","breadcrumb":{"@id":"https:\/\/vwdtest.com\/fr\/family-doctor-paediatrician\/#breadcrumb"},"inLanguage":"en-US","potentialAction":[{"@type":"ReadAction","target":["https:\/\/vwdtest.com\/fr\/family-doctor-paediatrician\/"]}]},{"@type":"BreadcrumbList","@id":"https:\/\/vwdtest.com\/fr\/family-doctor-paediatrician\/#breadcrumb","itemListElement":[{"@type":"ListItem","position":1,"name":"Home","item":"https:\/\/vwdtest.com\/fr\/"},{"@type":"ListItem","position":2,"name":"M\u00c9DECIN DE FAMILLE \/ P\u00c9DIATRE"}]},{"@type":"WebSite","@id":"https:\/\/vwdtest.com\/fr\/#website","url":"https:\/\/vwdtest.com\/fr\/","name":"France","description":"","potentialAction":[{"@type":"SearchAction","target":{"@type":"EntryPoint","urlTemplate":"https:\/\/vwdtest.com\/fr\/?s={search_term_string}"},"query-input":"required name=search_term_string"}],"inLanguage":"en-US"}]}},"_links":{"self":[{"href":"https:\/\/vwdtest.com\/fr\/wp-json\/wp\/v2\/pages\/1091"}],"collection":[{"href":"https:\/\/vwdtest.com\/fr\/wp-json\/wp\/v2\/pages"}],"about":[{"href":"https:\/\/vwdtest.com\/fr\/wp-json\/wp\/v2\/types\/page"}],"author":[{"embeddable":true,"href":"https:\/\/vwdtest.com\/fr\/wp-json\/wp\/v2\/users\/1"}],"replies":[{"embeddable":true,"href":"https:\/\/vwdtest.com\/fr\/wp-json\/wp\/v2\/comments?post=1091"}],"version-history":[{"count":34,"href":"https:\/\/vwdtest.com\/fr\/wp-json\/wp\/v2\/pages\/1091\/revisions"}],"predecessor-version":[{"id":2204,"href":"https:\/\/vwdtest.com\/fr\/wp-json\/wp\/v2\/pages\/1091\/revisions\/2204"}],"wp:featuredmedia":[{"embeddable":true,"href":"https:\/\/vwdtest.com\/fr\/wp-json\/wp\/v2\/media\/1095"}],"wp:attachment":[{"href":"https:\/\/vwdtest.com\/fr\/wp-json\/wp\/v2\/media?parent=1091"}],"curies":[{"name":"wp","href":"https:\/\/api.w.org\/{rel}","templated":true}]}}