{"id":1088,"date":"2023-08-14T07:52:15","date_gmt":"2023-08-14T07:52:15","guid":{"rendered":"https:\/\/new.vwdtest.com\/fr\/?page_id=1088"},"modified":"2024-02-27T11:14:39","modified_gmt":"2024-02-27T11:14:39","slug":"vwd-and-gynaecology-obstetrics","status":"publish","type":"page","link":"https:\/\/vwdtest.com\/fr\/vwd-and-gynaecology-obstetrics\/","title":{"rendered":"MW ET GYN\u00c9COLOGIE \/ OBST\u00c9TRIQUE"},"content":{"rendered":"<div class=\"default-block container\">\n<h5 class=\"bleeding-symptoms-title vwd\">Troubles de la coagulation, y compris la <a href=\"https:\/\/vwdtest.com\/fr\/von-willebrand-disease\/\">maladie de von Willebrand (MVW)<\/a> , seraient responsables de saignements menstruels abondants (HMB) chez une femme sur cinq atteinte de cette maladie.<sup>1 <\/sup>Les troubles de la coagulation constituent \u00e9galement un facteur de risque majeur de saignements excessifs pendant l&#8217;accouchement et apr\u00e8s l&#8217;accouchement. Malgr\u00e9 le r\u00f4le pr\u00e9dominant des troubles de la coagulation comme causes de saignements vaginaux excessifs et le fait que la maladie de von Willebrand soit le trouble de la coagulation le plus courant, seule une fraction des femmes pr\u00e9sentant des saignements vaginaux excessifs subissent un test de d\u00e9pistage de la maladie de von Willebrand<sup>2<\/sup>. <\/h5>\n<\/div>\n\n<img decoding=\"async\" src=\"https:\/\/vwdtest.com\/fr\/wp-content\/uploads\/sites\/22\/2023\/08\/gynaecology-img.png\" alt=\"MW ET GYN\u00c9COLOGIE \/ OBST\u00c9TRIQUE\" class=\"page_thumbnail d-xl-none\">\r\n\n\n<div class=\"default-block container\">\n<p class=\"full\">En raison du manque de sensibilisation et d&#8217;\u00e9ducation, la maladie de von Willebrand reste souvent non diagnostiqu\u00e9e ou le diagnostic est retard\u00e9. Sans diagnostic ni traitement, ces femmes peuvent subir de graves cons\u00e9quences physiques et psychologiques de leur HMB, notamment fatigue, an\u00e9mie, anxi\u00e9t\u00e9 et d\u00e9pression.<sup>1<\/sup><\/p>\n<\/div>\n\n<div class=\"default-block container\">\n<h3>Le r\u00f4le des gyn\u00e9cologues et obst\u00e9triciens<\/h3>\n<\/div>\n\n<div class=\"default-block container\">\n<p class=\"full\">Presque toutes les femmes atteintes de la maladie de von Willebrand en \u00e2ge de procr\u00e9er pr\u00e9sentent des saignements vaginaux excessifs.<sup>3<\/sup> De plus, les r\u00e8gles abondantes sont souvent le premier sympt\u00f4me h\u00e9morragique important lorsque les filles atteintes de la maladie de von Willebrand entrent dans la pubert\u00e9. En tant que gyn\u00e9cologue ou obst\u00e9tricien, vous \u00eates souvent le premier prestataire de soins avec lequel ces filles ou leurs soignants discutent d&#8217;une tendance h\u00e9morragique importante. Vos consultations repr\u00e9sentent donc une premi\u00e8re opportunit\u00e9 d\u2019aider \u00e0 identifier les patients qui pourraient b\u00e9n\u00e9ficier d\u2019une \u00e9valuation diagnostique plus approfondie d\u2019un trouble de la coagulation. Cette opportunit\u00e9 est particuli\u00e8rement importante dans les soci\u00e9t\u00e9s qui stigmatisent les saignements vaginaux, ou pour les patientes qui peuvent \u00eatre devenues insensibles \u00e0 leurs r\u00e8gles abondantes et qui peuvent se sentir ignor\u00e9es ou mal comprises.<sup>2<\/sup> De plus, \u00e9tant donn\u00e9 que les troubles de la coagulation tels que la maladie de von Willebrand sont h\u00e9r\u00e9ditaires Dans certaines conditions, un diagnostic de maladie de von Willebrand aide souvent \u00e0 identifier d&#8217;autres membres de la famille \u00e0 risque.<\/p>\n<\/div>\n\n<div class=\"default-block container\">\n<p class=\"full push-text\">Bien qu une sensibilisation accrue des prestataires de soins de sant\u00e9 et des patients constitue l \u00e9tape la plus importante pour identifier les patients \u00e0 risque de saignement, le diagnostic de la maladie de von Willebrand reste une t\u00e2che difficile en raison de la complexit\u00e9 du processus de diagnostic.<sup> 2<\/sup> Si l une de vos patientes a r\u00e9cemment pr\u00e9sent\u00e9 des saignements vaginaux excessifs, nous vous recommandons de demander \u00e0 votre patiente de documenter ses r\u00e8gles avec notre <a href=\"\/fr\/heavy-periods\/#showPdf\">tableau d \u00e9valuation des r\u00e8gles<\/a>. Vous pouvez \u00e9galement sugg\u00e9rer d effectuer notre <a href=\"https:\/\/vwdtest.com\/fr\/take-test\/\">test de saignement<\/a> avec votre patient. Le test vous aidera \u00e0 prendre une premi\u00e8re d\u00e9cision si des examens compl\u00e9mentaires sont n\u00e9cessaires \u2013 et pourrait changer la vie de votre patient <\/p>\n<\/div>\n\n<div class=\"default-block container\">\n<p class=\"full push-text\">Il existe plusieurs options de traitement pour les femmes atteintes de la maladie de von Willebrand et de HMB, et des lignes directrices pour la prise en charge de l HMB due \u00e0 la maladie de von Willebrand sont disponibles.<sup>4<\/sup> Le traitement doit \u00eatre individualis\u00e9, en prenant des facteurs tels que l\u2019\u00e2ge, le mode de vie, les souhaits de grossesse et d\u2019autres pr\u00e9f\u00e9rences du patient. Il est important de noter que certains traitements, par ex. Les contraceptifs, sont souvent efficaces pour contr\u00f4ler l HMB, mais ne prot\u00e9geront pas vos patients atteints de la maladie de von Willebrand des saignements apr\u00e8s un traumatisme, un accident ou pendant une <a class=\"linking\" data-target=\"surgery\" href=\"\/fr\/i-live-with -vwd\/#surgery\">chirurgie<\/a>, un diagnostic complet est donc crucial. De plus, les saignements vaginaux excessifs sont souvent stigmatis\u00e9s et rejet\u00e9s. Associ\u00e9 aux limitations dans la vie quotidienne, les activit\u00e9s physiques et les interactions sociales dues au HMB, ce manque de reconnaissance peut constituer un lourd <a href=\"https:\/\/vwdtest.com\/fr\/i-live-with-vwd\/#mental-health\" class=\"linking\" data-target=\"mental-health\">fardeau mental<\/a> sur vos patients.<sup>5,6<\/sup> Sans soutien social suffisant, vos patients atteints de la maladie de von Willebrand peuvent m\u00eame d\u00e9velopper de l anxi\u00e9t\u00e9 et de la d\u00e9pression.<\/p>\n<\/div>\n\n<div class=\"default-block container\">\n<p class=\"full push-text\">Les femmes atteintes de la maladie de von Willebrand peuvent avoir des <a href=\"https:\/\/vwdtest.com\/fr\/i-live-with-vwd\/#childbirth\">grossesses<\/a> r\u00e9ussies et donner naissance \u00e0 des b\u00e9b\u00e9s en bonne sant\u00e9. Cependant, sans diagnostic ni traitement, elles peuvent pr\u00e9senter des saignements excessifs pendant et apr\u00e8s l accouchement. Par cons\u00e9quent, une planification et un suivi minutieux sont essentiels pour garantir une livraison normale. Dans la mesure du possible, la grossesse et l accouchement doivent \u00eatre discut\u00e9s et planifi\u00e9s longtemps \u00e0 l avance et en collaboration avec une \u00e9quipe multidisciplinaire comprenant un h\u00e9matologue sp\u00e9cialis\u00e9 dans un <a href=\"https:\/\/vwdtest.com\/fr\/helpful-resources\/\">centre de traitement<\/a>.<sup>8,9<\/sup> VWDtest propose \u00e9galement des informations suppl\u00e9mentaires sur l <a href=\"https:\/\/vwdtest.com\/fr\/i-live-with-vwd\/\">\u00e9tiologie<\/a>, <a href=\"https:\/\/vwdtest.com\/fr\/i-live-with-vwd\/\">diagnostic <\/a>et <a href=\"https:\/\/vwdtest.com\/fr\/i-live-with-vwd\/\">gestion de la maladie de von Willebrand<\/a>, ainsi qu un aper\u00e7u du <a href=\"\/fr\/helpful-resources\/#journey\">parcours<\/a> typique des patients atteints de la maladie de von Willebrand.<\/p>\n<\/div>\n\n<div class=\"default-block container\">\n<h6>Les r\u00e9f\u00e9rences<\/h6>\n<\/div>\n\n<div class=\"default-block container\">\n<ol type=\"1\"><div class=\"default-block container\">\n<li>Kadir RA et coll. Lancet 1998&nbsp;; 351&nbsp;:&nbsp;485-9.<\/li>\n<\/div>\n\n<div class=\"default-block container\">\n<li>Corrales-Medina FF et al. Sang R\u00e9v 2023&nbsp;; 58:101018.<\/li>\n<\/div>\n\n<div class=\"default-block container\">\n<li>de WeeEM, et al. Thromb H\u00e9most 2012&nbsp;; 108&nbsp;:&nbsp;683-92.<\/li>\n<\/div>\n\n<div class=\"default-block container\">\n<li>Connell NT et coll. Sang Adv 2021&nbsp;; 5:301-25.<\/li>\n<\/div>\n\n<div class=\"default-block container\">\n<li>VanderMeulen H, et al. H\u00e9matologie Am Soc Hematol Educ Programme 2022 1&nbsp;: 631-6.<\/li>\n<\/div>\n\n<div class=\"default-block container\">\n<li>Sanigorska A, et al. Res Pract Thromb H\u00e9most 2022&nbsp;; 6&nbsp;:&nbsp;e12652.<\/li>\n<\/div>\n\n<div class=\"default-block container\">\n<li>Roberts JC et coll. H\u00e9mophilie 2022&nbsp;; est ce que je: 10.1111\/hae.14725.<\/li>\n<\/div>\n\n<div class=\"default-block container\">\n<li>Leebeek FWG, et al. Sang 2020&nbsp;; 136&nbsp;:&nbsp;2143-50.<\/li>\n<\/div>\n\n<div class=\"default-block container\">\n<li>Janbain M et Kouides P Int J Womens Health 2022&nbsp;; 14&nbsp;:&nbsp;1307-13.<\/li>\n<\/div><\/ol>\n<\/div>","protected":false},"excerpt":{"rendered":"<p>Troubles de la coagulation, y compris la maladie de von Willebrand (MVW) , seraient responsables de saignements menstruels abondants (HMB) chez une femme sur cinq atteinte de cette maladie.1 Les troubles de la coagulation constituent \u00e9galement un facteur de risque majeur de saignements excessifs pendant l&#8217;accouchement et apr\u00e8s l&#8217;accouchement. Malgr\u00e9 le r\u00f4le pr\u00e9dominant des troubles [&hellip;]<\/p>\n","protected":false},"author":1,"featured_media":1096,"parent":0,"menu_order":0,"comment_status":"closed","ping_status":"closed","template":"","meta":{"inline_featured_image":false},"acf":[],"yoast_head":"<!-- This site is optimized with the Yoast SEO plugin v20.4 - https:\/\/yoast.com\/wordpress\/plugins\/seo\/ -->\n<title>MW ET GYN\u00c9COLOGIE \/ OBST\u00c9TRIQUE - France<\/title>\n<meta name=\"robots\" content=\"index, follow, max-snippet:-1, max-image-preview:large, max-video-preview:-1\" \/>\n<link rel=\"canonical\" href=\"https:\/\/vwdtest.com\/fr\/vwd-and-gynaecology-obstetrics\/\" \/>\n<meta property=\"og:locale\" content=\"en_US\" \/>\n<meta property=\"og:type\" content=\"article\" \/>\n<meta property=\"og:title\" content=\"MW ET GYN\u00c9COLOGIE \/ OBST\u00c9TRIQUE - France\" \/>\n<meta property=\"og:description\" content=\"Troubles de la coagulation, y compris la maladie de von Willebrand (MVW) , seraient responsables de saignements menstruels abondants (HMB) chez une femme sur cinq atteinte de cette maladie.1 Les troubles de la coagulation constituent \u00e9galement un facteur de risque majeur de saignements excessifs pendant l&#8217;accouchement et apr\u00e8s l&#8217;accouchement. Malgr\u00e9 le r\u00f4le pr\u00e9dominant des troubles [&hellip;]\" \/>\n<meta property=\"og:url\" content=\"https:\/\/vwdtest.com\/fr\/vwd-and-gynaecology-obstetrics\/\" \/>\n<meta property=\"og:site_name\" content=\"France\" \/>\n<meta property=\"article:modified_time\" content=\"2024-02-27T11:14:39+00:00\" \/>\n<meta property=\"og:image\" content=\"https:\/\/vwdtest.com\/fr\/wp-content\/uploads\/sites\/22\/2023\/08\/gynaecology-img.png\" \/>\n\t<meta property=\"og:image:width\" content=\"611\" \/>\n\t<meta property=\"og:image:height\" content=\"904\" \/>\n\t<meta property=\"og:image:type\" content=\"image\/png\" \/>\n<meta name=\"twitter:card\" content=\"summary_large_image\" \/>\n<meta name=\"twitter:label1\" content=\"Est. reading time\" \/>\n\t<meta name=\"twitter:data1\" content=\"4 minutes\" \/>\n<script type=\"application\/ld+json\" class=\"yoast-schema-graph\">{\"@context\":\"https:\/\/schema.org\",\"@graph\":[{\"@type\":\"WebPage\",\"@id\":\"https:\/\/vwdtest.com\/fr\/vwd-and-gynaecology-obstetrics\/\",\"url\":\"https:\/\/vwdtest.com\/fr\/vwd-and-gynaecology-obstetrics\/\",\"name\":\"MW ET GYN\u00c9COLOGIE \/ OBST\u00c9TRIQUE - France\",\"isPartOf\":{\"@id\":\"https:\/\/vwdtest.com\/fr\/#website\"},\"datePublished\":\"2023-08-14T07:52:15+00:00\",\"dateModified\":\"2024-02-27T11:14:39+00:00\",\"breadcrumb\":{\"@id\":\"https:\/\/vwdtest.com\/fr\/vwd-and-gynaecology-obstetrics\/#breadcrumb\"},\"inLanguage\":\"en-US\",\"potentialAction\":[{\"@type\":\"ReadAction\",\"target\":[\"https:\/\/vwdtest.com\/fr\/vwd-and-gynaecology-obstetrics\/\"]}]},{\"@type\":\"BreadcrumbList\",\"@id\":\"https:\/\/vwdtest.com\/fr\/vwd-and-gynaecology-obstetrics\/#breadcrumb\",\"itemListElement\":[{\"@type\":\"ListItem\",\"position\":1,\"name\":\"Home\",\"item\":\"https:\/\/vwdtest.com\/fr\/\"},{\"@type\":\"ListItem\",\"position\":2,\"name\":\"MW ET GYN\u00c9COLOGIE \/ OBST\u00c9TRIQUE\"}]},{\"@type\":\"WebSite\",\"@id\":\"https:\/\/vwdtest.com\/fr\/#website\",\"url\":\"https:\/\/vwdtest.com\/fr\/\",\"name\":\"France\",\"description\":\"\",\"potentialAction\":[{\"@type\":\"SearchAction\",\"target\":{\"@type\":\"EntryPoint\",\"urlTemplate\":\"https:\/\/vwdtest.com\/fr\/?s={search_term_string}\"},\"query-input\":\"required name=search_term_string\"}],\"inLanguage\":\"en-US\"}]}<\/script>\n<!-- \/ Yoast SEO plugin. -->","yoast_head_json":{"title":"MW ET GYN\u00c9COLOGIE \/ OBST\u00c9TRIQUE - France","robots":{"index":"index","follow":"follow","max-snippet":"max-snippet:-1","max-image-preview":"max-image-preview:large","max-video-preview":"max-video-preview:-1"},"canonical":"https:\/\/vwdtest.com\/fr\/vwd-and-gynaecology-obstetrics\/","og_locale":"en_US","og_type":"article","og_title":"MW ET GYN\u00c9COLOGIE \/ OBST\u00c9TRIQUE - France","og_description":"Troubles de la coagulation, y compris la maladie de von Willebrand (MVW) , seraient responsables de saignements menstruels abondants (HMB) chez une femme sur cinq atteinte de cette maladie.1 Les troubles de la coagulation constituent \u00e9galement un facteur de risque majeur de saignements excessifs pendant l&#8217;accouchement et apr\u00e8s l&#8217;accouchement. Malgr\u00e9 le r\u00f4le pr\u00e9dominant des troubles [&hellip;]","og_url":"https:\/\/vwdtest.com\/fr\/vwd-and-gynaecology-obstetrics\/","og_site_name":"France","article_modified_time":"2024-02-27T11:14:39+00:00","og_image":[{"width":611,"height":904,"url":"https:\/\/vwdtest.com\/fr\/wp-content\/uploads\/sites\/22\/2023\/08\/gynaecology-img.png","type":"image\/png"}],"twitter_card":"summary_large_image","twitter_misc":{"Est. reading time":"4 minutes"},"schema":{"@context":"https:\/\/schema.org","@graph":[{"@type":"WebPage","@id":"https:\/\/vwdtest.com\/fr\/vwd-and-gynaecology-obstetrics\/","url":"https:\/\/vwdtest.com\/fr\/vwd-and-gynaecology-obstetrics\/","name":"MW ET GYN\u00c9COLOGIE \/ OBST\u00c9TRIQUE - France","isPartOf":{"@id":"https:\/\/vwdtest.com\/fr\/#website"},"datePublished":"2023-08-14T07:52:15+00:00","dateModified":"2024-02-27T11:14:39+00:00","breadcrumb":{"@id":"https:\/\/vwdtest.com\/fr\/vwd-and-gynaecology-obstetrics\/#breadcrumb"},"inLanguage":"en-US","potentialAction":[{"@type":"ReadAction","target":["https:\/\/vwdtest.com\/fr\/vwd-and-gynaecology-obstetrics\/"]}]},{"@type":"BreadcrumbList","@id":"https:\/\/vwdtest.com\/fr\/vwd-and-gynaecology-obstetrics\/#breadcrumb","itemListElement":[{"@type":"ListItem","position":1,"name":"Home","item":"https:\/\/vwdtest.com\/fr\/"},{"@type":"ListItem","position":2,"name":"MW ET GYN\u00c9COLOGIE \/ OBST\u00c9TRIQUE"}]},{"@type":"WebSite","@id":"https:\/\/vwdtest.com\/fr\/#website","url":"https:\/\/vwdtest.com\/fr\/","name":"France","description":"","potentialAction":[{"@type":"SearchAction","target":{"@type":"EntryPoint","urlTemplate":"https:\/\/vwdtest.com\/fr\/?s={search_term_string}"},"query-input":"required name=search_term_string"}],"inLanguage":"en-US"}]}},"_links":{"self":[{"href":"https:\/\/vwdtest.com\/fr\/wp-json\/wp\/v2\/pages\/1088"}],"collection":[{"href":"https:\/\/vwdtest.com\/fr\/wp-json\/wp\/v2\/pages"}],"about":[{"href":"https:\/\/vwdtest.com\/fr\/wp-json\/wp\/v2\/types\/page"}],"author":[{"embeddable":true,"href":"https:\/\/vwdtest.com\/fr\/wp-json\/wp\/v2\/users\/1"}],"replies":[{"embeddable":true,"href":"https:\/\/vwdtest.com\/fr\/wp-json\/wp\/v2\/comments?post=1088"}],"version-history":[{"count":42,"href":"https:\/\/vwdtest.com\/fr\/wp-json\/wp\/v2\/pages\/1088\/revisions"}],"predecessor-version":[{"id":1931,"href":"https:\/\/vwdtest.com\/fr\/wp-json\/wp\/v2\/pages\/1088\/revisions\/1931"}],"wp:featuredmedia":[{"embeddable":true,"href":"https:\/\/vwdtest.com\/fr\/wp-json\/wp\/v2\/media\/1096"}],"wp:attachment":[{"href":"https:\/\/vwdtest.com\/fr\/wp-json\/wp\/v2\/media?parent=1088"}],"curies":[{"name":"wp","href":"https:\/\/api.w.org\/{rel}","templated":true}]}}