{"id":2725,"date":"2023-02-13T11:33:55","date_gmt":"2023-02-13T11:33:55","guid":{"rendered":"https:\/\/new.vwdtest.com\/es\/privacy-policy\/"},"modified":"2024-04-03T06:51:23","modified_gmt":"2024-04-03T06:51:23","slug":"privacy-policy","status":"publish","type":"page","link":"https:\/\/vwdtest.com\/es\/privacy-policy\/","title":{"rendered":"Pol\u00edtica de privacidad"},"content":{"rendered":"<div class=\"default-block container\">\n<p class=\"full\"><a href=\"https:\/\/www.vwdtest.com\/es\/\" target=\"_blank\" rel=\"noreferrer noopener\">www.vwdtest.com<\/a> es un servicio en l\u00ednea fundado y brindado por Octapharma AG, Seidenstrasse 2, 8853 Lachen SZ, Suiza (en lo sucesivo \u00abOctapharma\u00bb o \u00abnosotros\u00bb), bajo el auspicio de una comisi\u00f3n especial formada por especialistas y expertos en la EVW.<\/p>\n<\/div>\n\n<div class=\"default-block container\">\n<p class=\"full\">Esta comisi\u00f3n especial, que incluye a Octapharma, respeta el derecho de las personas en lo relativo a sus datos personales. Esta Declaraci\u00f3n de Privacidad de los Datos (en los sucesivo \u00abdeclaraci\u00f3n\u00bb) describe c\u00f3mo se trata su informaci\u00f3n personal cuando visita <a href=\"https:\/\/www.vwdtest.com\/es\/\" target=\"_blank\" rel=\"noreferrer noopener\">www.vwdtest.com.<\/a><\/p>\n<\/div>\n\n<div class=\"default-block container\">\n<p class=\"full\">Octapharma Pharmazeutika Produktionsgesellschaft m.b.H., Oberlaaer Strasse 235, 1100 Viena, Austria ha sido designada como nuestra representante en la UE\/EEE de acuerdo con el Art\u00edculo 27 del RGPD.<\/p>\n<\/div>\n\n<div class=\"default-block container\">\n<h2>Recopilaci\u00f3n de la informaci\u00f3n<\/h2>\n<\/div>\n\n<div class=\"default-block container\">\n<p class=\"full\">Con el fin de gestionar adecuadamente el sitio www.vwdtest.com, podr\u00eda registrarse cierta informaci\u00f3n y las visitas podr\u00edan categorizarse en funci\u00f3n de elementos como nombre del dominio, tipo y versi\u00f3n del navegador, p\u00e1ginas visitadas dentro del sitio web vwdtest.com y la URL que visita el usuario tras abandonar vwdtest.com, para fines de mejora continua del funcionamiento del sitio web. Esta informaci\u00f3n se utiliza exclusivamente de forma agregada y los datos personales se anonimizan.<\/p>\n<\/div>\n\n<div class=\"default-block container\">\n<h2>Divulgaci\u00f3n y uso de la informaci\u00f3n personal<\/h2>\n<\/div>\n\n<div class=\"default-block container\">\n<p class=\"full\">No se divulgar\u00e1 informaci\u00f3n a terceros excepto cuando el tercero sea un proveedor o contratista que participe en el cumplimiento de la solicitud de informaci\u00f3n de vwdtest.com por parte de un individuo, o un proveedor o contratista que participe en el desarrollo y gesti\u00f3n del sitio web www.vwdtest.com.<\/p>\n<\/div>\n\n<div class=\"default-block container\">\n<h2>Sus derechos<\/h2>\n<\/div>\n\n<div class=\"default-block container\">\n<p class=\"full\">Si tiene alguna duda sobre sus datos personales cuando visita&nbsp;<a href=\"https:\/\/www.vwdtest.com\/es\/\" target=\"_blank\" rel=\"noreferrer noopener\">www.vwdtest.com<\/a>, puede solicitar que le proporcionen informaci\u00f3n sobre qu\u00e9 datos suyos se almacenan\/tratan. Adem\u00e1s, tiene derecho a que se bloqueen o eliminen sus datos personales (a menos que las leyes y normativa vigentes obliguen a almacenar esos datos), a oponerse al tratamiento de sus datos, a la correcci\u00f3n de datos incorrectos y a que se transfieran sus datos a un tercero. Tambi\u00e9n tiene derecho a presentar una reclamaci\u00f3n ante una autoridad de supervisi\u00f3n, si procede. <\/p>\n<\/div>\n\n<div class=\"default-block container\">\n<p class=\"full\">Si tiene alguna otra pregunta o duda sobre esta declaraci\u00f3n de privacidad o si desea que se eliminen sus datos de nuestra base de datos, env\u00ede un correo electr\u00f3nico a: <a href=\"mailto:dataprivacy@octapharma.com\" target=\"_blank\" rel=\"noreferrer noopener\">dataprivacy@octapharma.com<\/a><\/p>\n<\/div>\n\n<div class=\"default-block container\">\n<p class=\"full\">Podemos actualizar o modificar esta declaraci\u00f3n en cualquier momento publicando la declaraci\u00f3n modificada al sitio web.<\/p>\n<\/div>","protected":false},"excerpt":{"rendered":"<p>www.vwdtest.com es un servicio en l\u00ednea fundado y brindado por Octapharma AG, Seidenstrasse 2, 8853 Lachen SZ, Suiza (en lo sucesivo \u00abOctapharma\u00bb o \u00abnosotros\u00bb), bajo el auspicio de una comisi\u00f3n especial formada por especialistas y expertos en la EVW. Esta comisi\u00f3n especial, que incluye a Octapharma, respeta el derecho de las personas en lo relativo [&hellip;]<\/p>\n","protected":false},"author":1,"featured_media":0,"parent":0,"menu_order":0,"comment_status":"closed","ping_status":"open","template":"front-page.php","meta":{"inline_featured_image":false},"acf":[],"yoast_head":"<!-- This site is optimized with the Yoast SEO plugin v20.4 - https:\/\/yoast.com\/wordpress\/plugins\/seo\/ -->\n<title>Pol\u00edtica de privacidad - Spain<\/title>\n<meta name=\"robots\" content=\"index, follow, max-snippet:-1, max-image-preview:large, max-video-preview:-1\" \/>\n<link rel=\"canonical\" href=\"https:\/\/vwdtest.com\/es\/privacy-policy\/\" \/>\n<meta property=\"og:locale\" content=\"en_US\" \/>\n<meta property=\"og:type\" content=\"article\" \/>\n<meta property=\"og:title\" content=\"Pol\u00edtica de privacidad - Spain\" \/>\n<meta property=\"og:description\" content=\"www.vwdtest.com es un servicio en l\u00ednea fundado y brindado por Octapharma AG, Seidenstrasse 2, 8853 Lachen SZ, Suiza (en lo sucesivo \u00abOctapharma\u00bb o \u00abnosotros\u00bb), bajo el auspicio de una comisi\u00f3n especial formada por especialistas y expertos en la EVW. Esta comisi\u00f3n especial, que incluye a Octapharma, respeta el derecho de las personas en lo relativo [&hellip;]\" \/>\n<meta property=\"og:url\" content=\"https:\/\/vwdtest.com\/es\/privacy-policy\/\" \/>\n<meta property=\"og:site_name\" content=\"Spain\" \/>\n<meta property=\"article:modified_time\" content=\"2024-04-03T06:51:23+00:00\" \/>\n<meta name=\"twitter:card\" content=\"summary_large_image\" \/>\n<meta name=\"twitter:label1\" content=\"Est. reading time\" \/>\n\t<meta name=\"twitter:data1\" content=\"2 minutes\" \/>\n<script type=\"application\/ld+json\" class=\"yoast-schema-graph\">{\"@context\":\"https:\/\/schema.org\",\"@graph\":[{\"@type\":\"WebPage\",\"@id\":\"https:\/\/vwdtest.com\/es\/privacy-policy\/\",\"url\":\"https:\/\/vwdtest.com\/es\/privacy-policy\/\",\"name\":\"Pol\u00edtica de privacidad - Spain\",\"isPartOf\":{\"@id\":\"https:\/\/vwdtest.com\/es\/#website\"},\"datePublished\":\"2023-02-13T11:33:55+00:00\",\"dateModified\":\"2024-04-03T06:51:23+00:00\",\"breadcrumb\":{\"@id\":\"https:\/\/vwdtest.com\/es\/privacy-policy\/#breadcrumb\"},\"inLanguage\":\"en-US\",\"potentialAction\":[{\"@type\":\"ReadAction\",\"target\":[\"https:\/\/vwdtest.com\/es\/privacy-policy\/\"]}]},{\"@type\":\"BreadcrumbList\",\"@id\":\"https:\/\/vwdtest.com\/es\/privacy-policy\/#breadcrumb\",\"itemListElement\":[{\"@type\":\"ListItem\",\"position\":1,\"name\":\"Home\",\"item\":\"https:\/\/vwdtest.com\/es\/\"},{\"@type\":\"ListItem\",\"position\":2,\"name\":\"Pol\u00edtica de privacidad\"}]},{\"@type\":\"WebSite\",\"@id\":\"https:\/\/vwdtest.com\/es\/#website\",\"url\":\"https:\/\/vwdtest.com\/es\/\",\"name\":\"Spain\",\"description\":\"\",\"potentialAction\":[{\"@type\":\"SearchAction\",\"target\":{\"@type\":\"EntryPoint\",\"urlTemplate\":\"https:\/\/vwdtest.com\/es\/?s={search_term_string}\"},\"query-input\":\"required name=search_term_string\"}],\"inLanguage\":\"en-US\"}]}<\/script>\n<!-- \/ Yoast SEO plugin. -->","yoast_head_json":{"title":"Pol\u00edtica de privacidad - Spain","robots":{"index":"index","follow":"follow","max-snippet":"max-snippet:-1","max-image-preview":"max-image-preview:large","max-video-preview":"max-video-preview:-1"},"canonical":"https:\/\/vwdtest.com\/es\/privacy-policy\/","og_locale":"en_US","og_type":"article","og_title":"Pol\u00edtica de privacidad - Spain","og_description":"www.vwdtest.com es un servicio en l\u00ednea fundado y brindado por Octapharma AG, Seidenstrasse 2, 8853 Lachen SZ, Suiza (en lo sucesivo \u00abOctapharma\u00bb o \u00abnosotros\u00bb), bajo el auspicio de una comisi\u00f3n especial formada por especialistas y expertos en la EVW. Esta comisi\u00f3n especial, que incluye a Octapharma, respeta el derecho de las personas en lo relativo [&hellip;]","og_url":"https:\/\/vwdtest.com\/es\/privacy-policy\/","og_site_name":"Spain","article_modified_time":"2024-04-03T06:51:23+00:00","twitter_card":"summary_large_image","twitter_misc":{"Est. reading time":"2 minutes"},"schema":{"@context":"https:\/\/schema.org","@graph":[{"@type":"WebPage","@id":"https:\/\/vwdtest.com\/es\/privacy-policy\/","url":"https:\/\/vwdtest.com\/es\/privacy-policy\/","name":"Pol\u00edtica de privacidad - Spain","isPartOf":{"@id":"https:\/\/vwdtest.com\/es\/#website"},"datePublished":"2023-02-13T11:33:55+00:00","dateModified":"2024-04-03T06:51:23+00:00","breadcrumb":{"@id":"https:\/\/vwdtest.com\/es\/privacy-policy\/#breadcrumb"},"inLanguage":"en-US","potentialAction":[{"@type":"ReadAction","target":["https:\/\/vwdtest.com\/es\/privacy-policy\/"]}]},{"@type":"BreadcrumbList","@id":"https:\/\/vwdtest.com\/es\/privacy-policy\/#breadcrumb","itemListElement":[{"@type":"ListItem","position":1,"name":"Home","item":"https:\/\/vwdtest.com\/es\/"},{"@type":"ListItem","position":2,"name":"Pol\u00edtica de privacidad"}]},{"@type":"WebSite","@id":"https:\/\/vwdtest.com\/es\/#website","url":"https:\/\/vwdtest.com\/es\/","name":"Spain","description":"","potentialAction":[{"@type":"SearchAction","target":{"@type":"EntryPoint","urlTemplate":"https:\/\/vwdtest.com\/es\/?s={search_term_string}"},"query-input":"required name=search_term_string"}],"inLanguage":"en-US"}]}},"_links":{"self":[{"href":"https:\/\/vwdtest.com\/es\/wp-json\/wp\/v2\/pages\/2725"}],"collection":[{"href":"https:\/\/vwdtest.com\/es\/wp-json\/wp\/v2\/pages"}],"about":[{"href":"https:\/\/vwdtest.com\/es\/wp-json\/wp\/v2\/types\/page"}],"author":[{"embeddable":true,"href":"https:\/\/vwdtest.com\/es\/wp-json\/wp\/v2\/users\/1"}],"replies":[{"embeddable":true,"href":"https:\/\/vwdtest.com\/es\/wp-json\/wp\/v2\/comments?post=2725"}],"version-history":[{"count":8,"href":"https:\/\/vwdtest.com\/es\/wp-json\/wp\/v2\/pages\/2725\/revisions"}],"predecessor-version":[{"id":3278,"href":"https:\/\/vwdtest.com\/es\/wp-json\/wp\/v2\/pages\/2725\/revisions\/3278"}],"wp:attachment":[{"href":"https:\/\/vwdtest.com\/es\/wp-json\/wp\/v2\/media?parent=2725"}],"curies":[{"name":"wp","href":"https:\/\/api.w.org\/{rel}","templated":true}]}}