{"id":2723,"date":"2023-02-13T13:51:56","date_gmt":"2023-02-13T13:51:56","guid":{"rendered":"https:\/\/new.vwdtest.com\/es\/von-willebrand-disease\/"},"modified":"2024-04-03T06:29:23","modified_gmt":"2024-04-03T06:29:23","slug":"von-willebrand-disease","status":"publish","type":"page","link":"https:\/\/vwdtest.com\/es\/von-willebrand-disease\/","title":{"rendered":"\u00bfQu\u00e9 es la enfermedad de Von Willebrand?"},"content":{"rendered":"<div class=\"default-block container\">\n<h2><strong>La enfermedad de Von Willebrand (EVW) <br>es el trastorno de la coagulaci\u00f3n m\u00e1s habitual<\/strong><\/h2>\n<\/div>\n\n<div class=\"default-block container\">\n<h5 class=\"bleeding-symptoms-title live\">Cuando un vaso sangu\u00edneo se da\u00f1a, se activa un proceso llamado \u00abcoagulaci\u00f3n\u00bb,<strong> <\/strong>en el que las plaquetas se unen para cerrar la herida y detener el sangrado. En las personas con trastornos de la coagulaci\u00f3n, como la EVW o la hemofilia, este proceso no funciona correctamente, lo que provoca que tiendan<strong> a sangrar con mayor frecuencia y durante m\u00e1s tiempo<\/strong>; por ejemplo, les sangran la <a href=\"\/es\/bleeding-symptoms\/#nosebleed\">nariz<\/a> o las <a href=\"\/es\/bleeding-symptoms\/#oral-bleed\">enc\u00edas<\/a>, o sangran despu\u00e9s de <a href=\"\/es\/bleeding-symptoms\/#minor-wounds\">heridas menores<\/a>. Adem\u00e1s, las mujeres con esta enfermedad suelen presentar <a href=\"\/es\/bleeding-symptoms\/#hmb\">sangrados menstruales abundantes<\/a>. En el caso de la EVW, la causa de estos sangrados son defectos en una prote\u00edna llamada factor de Von Willebrand (FVW), que juega un papel importante en la coagulaci\u00f3n sangu\u00ednea.<sup>1<\/sup><\/h5>\n<\/div>\n\n<img decoding=\"async\" src=\"https:\/\/vwdtest.com\/es\/wp-content\/uploads\/sites\/55\/2023\/02\/hero2.webp\" alt=\"\u00bfQu\u00e9 es la enfermedad de Von Willebrand?\" class=\"page_thumbnail d-xl-none\">\r\n\n\n<div class=\"default-block container\">\n<figure class=\"is-layout-flex wp-block-gallery-1 wp-block-gallery has-nested-images columns-default is-cropped\"><div class=\"default-block container\">\n<figure class=\"wp-block-image size-full\"><img decoding=\"async\" data-id=\"1569\"  src=\"\/es\/wp-content\/uploads\/sites\/55\/2024\/03\/learn-vwd-ES.png\" alt=\"\" class=\"wp-image-1569\"\/><\/figure>\n<\/div><\/figure>\n<\/div>\n\n<div class=\"default-block container\">\n<h2><strong>El factor de Von Willebrand (FVW) es importante para la coagulaci\u00f3n sangu\u00ednea<\/strong><\/h2>\n<\/div>\n\n<div class=\"default-block container\">\n<p class=\"full\">El FVW es una prote\u00edna producida por c\u00e9lulas presentes en \ufefflos vasos sangu\u00edneos y en la m\u00e9dula \u00f3sea que la liberan al torrente sangu\u00edneo. Cuando se produce una lesi\u00f3n, <strong>el FVW act\u00faa junto con otras prote\u00ednas para detener el sangrado formando un tapon en la herida<\/strong>. Sin embargo, el organismo de las personas con la EVW no produce suficiente FVW o la prote\u00edna no funciona correctamente. Como resultado, la coagulaci\u00f3n no funciona adecuadamente y se sangra mas de lo normal.<sup>2<\/sup><\/p>\n<\/div>\n\n\r\n\r\n<div class=\"styledBox\">\r\n    <h2 class=\"styledBox__title\">Hay tres tipos principales de EVW:<\/h2>\r\n\r\n    <ul class=\"styledBox__list\">\r\n            <li class=\"styledBox__item\">\r\n            <p><strong>EVW de tipo 1: <\/strong>Alrededor de tres de cada cuatro personas con la EVW tienen el tipo 1, por lo que este es el tipo m\u00e1s frecuente de la enfermedad. Estas personas presentan niveles bajos de la prote\u00edna FVW.<sup>2<\/sup><\/p>\n        <\/li>\r\n            <li class=\"styledBox__item\">\r\n            <p><strong>EVW de tipo 2:<\/strong> En las personas con la EVW de tipo 2, la prote\u00edna FVW no funciona correctamente.<sup>2<\/sup><\/p>\n        <\/li>\r\n            <li class=\"styledBox__item\">\r\n            <p><strong>EVW de tipo 3:<\/strong> Suele ser m\u00e1s grave que los tipos 1 y 2, y es la forma menos habitual de la enfermedad. Las personas con la EVW de tipo 3 tienen niveles muy bajos de prote\u00edna FVW.<sup>2<\/sup><\/p>\n        <\/li>\r\n        <\/ul>\r\n<\/div>\n\n<div class=\"default-block container\">\n<h2>\u00bfEn qu\u00e9 se diferencian la EVW y la hemofilia?<\/h2>\n<\/div>\n\n<div class=\"default-block container\">\n<p class=\"full\">Tanto la EVW como la hemofilia son trastornos de la coagulaci\u00f3n que aumentan el riesgo de padecer sangrados, aunque las partes del cuerpo donde se suelen dar esos sangrados son diferentes para cada enfermedad. Estos trastornos est\u00e1n causados por defectos en prote\u00ednas diferentes: la EVW est\u00e1 causada por defectos en la prote\u00edna FVW, mientras que la hemofilia se debe a una ausencia parcial o completa de las prote\u00ednas factor VIII y factor IX. Debido a esta diferencia en la causa de las enfermedades, el tratamiento de cada una de ellas es distinto.<sup>3,4<\/sup><\/p>\n<\/div>\n\n<div class=\"default-block container\">\n<h2><strong>La EVW se puede tratar<\/strong><\/h2>\n<\/div>\n\n<div class=\"default-block container\">\n<p class=\"full\">No existe una cura para la EVW, pero s\u00ed hay <a href=\"\/es\/i-live-with-vwd\/\">tratamientos eficaces<\/a>. La mayor\u00eda de los pacientes tienen s\u00edntomas muy leves que pueden tratar ellos mismos en su vida diaria. Sin embargo, las personas con formas m\u00e1s graves de la enfermedad pueden presentar sangrados m\u00e1s graves y con mayor frecuencia, lo que tiene un impacto mayor en sus vidas.<sup>1<\/sup><\/p>\n<\/div>\n\n<div class=\"default-block container\">\n<p class=\"full\"><strong>Si tienes la EVW, es importante que vayas a un hospital especializado en trastornos de la coagulaci\u00f3n.<\/strong> El personal del <a href=\"\/es\/helpful-resources\/#region\">hospital<\/a> responder\u00e1 a todas tus preguntas y te aconsejar\u00e1 sobre c\u00f3mo controlar la enfermedad para que puedas vivir una vida normal.<\/p>\n<\/div>\n\n<div class=\"default-block container\">\n<p class=\"full\">Tambi\u00e9n te recomendamos que te pongas en contacto con<a href=\"\/es\/helpful-resources\/#region\"> la asociacion de pacientes<\/a> de tu zona. Hay m\u00e1s personas con trastornos de la coagulaci\u00f3n de las que imaginas y estar\u00e1n encantadas de compartir sus experiencias contigo.<\/p>\n<\/div>\n\n<div class=\"default-block container\">\n<div class=\"is-layout-flex wp-container-5 wp-block-columns are-vertically-aligned-center\">\n<div class=\"is-layout-flow wp-block-column is-vertically-aligned-center\"><div class=\"default-block container\">\n<figure class=\"wp-block-image aligncenter size-full\"><img decoding=\"async\" loading=\"lazy\" width=\"259\" height=\"325\" src=\"https:\/\/vwdtest.com\/es\/wp-content\/uploads\/sites\/55\/2023\/02\/Illustration-03.png\" alt=\"\" class=\"wp-image-26\" srcset=\"https:\/\/vwdtest.com\/es\/wp-content\/uploads\/sites\/55\/2023\/02\/Illustration-03.png 259w, https:\/\/vwdtest.com\/es\/wp-content\/uploads\/sites\/55\/2023\/02\/Illustration-03-239x300.png 239w\" sizes=\"(max-width: 259px) 100vw, 259px\" \/><\/figure>\n<\/div><\/div>\n\n\n\n<div class=\"is-layout-flow wp-block-column is-vertically-aligned-center\"><div class=\"default-block container\">\n<h2>Hasta el 1&nbsp;% de la poblaci\u00f3n mundial podr\u00eda tener la EVW<\/h2>\n<\/div>\n\n<div class=\"default-block container\">\n<p>La EVW suele ser hereditaria y afecta a hombres y mujeres de todas las edades, incluso ni\u00f1os y ni\u00f1as. Las mujeres tienen mayor probabilidad que los hombres de presentar s\u00edntomas, debido al sangrado que ocurre durante la menstruaci\u00f3n, el embarazo y el parto.<br><br><strong>Muchas personas presentan s\u00edntomas leves y no saben que tienen la EVW.<\/strong><\/p>\n<\/div><\/div>\n<\/div>\n<\/div>\n\n<div class=\"default-block container\">\n<div class=\"is-layout-flex wp-container-10 wp-block-columns are-vertically-aligned-center\">\n<div class=\"is-layout-flow wp-block-column is-vertically-aligned-center\"><div class=\"default-block container\">\n<div class=\"is-layout-flex wp-container-8 wp-block-columns\">\n<div class=\"is-layout-flow wp-block-column\"><div class=\"default-block container\">\n<h2><strong>Las personas con la EVW suelen esperar muchos a\u00f1os hasta que obtienen un diagn\u00f3stico<\/strong><\/h2>\n<\/div>\n\n<div class=\"default-block container\">\n<p class=\"orange\">A menudo, es dif\u00edcil determinar si un sangrado es normal o no. Adem\u00e1s, muchas personas no conocen los trastornos de la coagulaci\u00f3n como la EVW. Por estos motivos, en muchas ocasiones, transcurren varios a\u00f1os desde la aparici\u00f3n de los primeros s\u00edntomas de sangrado hasta el diagn\u00f3stico final. Este retraso suele ser superior en el caso de las mujeres que en el de los hombres. <b>Sin diagn\u00f3stico ni tratamiento, los pacientes pueden sufrir sangrados frecuentes, d\u00e9ficit de hierro, dolor y empeoramiento de la calidad de vida. <\/b>Aunque los s\u00edntomas de sangrado sean leves en la vida cotidiana, existe un riesgo de sangrado grave durante una cirug\u00eda o tras un accidente.<sup>1<\/sup><\/p>\n<\/div>\n\n<div class=\"default-block container\">\n<p>De ah\u00ed <strong>la importancia de conocer estos s\u00edntomas y los trastornos de la coagulaci\u00f3n como la EVW<\/strong>. Si tienes dudas sobre alg\u00fan sangrado que hayas tenido,<a href=\"https:\/\/vwdtest.com\/es\/take-test\/\"> haz nuestro test de sangrado<\/a>.<\/p>\n<\/div><\/div>\n\n\n\n<div class=\"is-layout-flow wp-block-column is-vertically-aligned-center\"><div class=\"default-block container\">\n<figure class=\"wp-block-image aligncenter size-full is-style-default\"><img decoding=\"async\" loading=\"lazy\" width=\"480\" height=\"331\" src=\"https:\/\/vwdtest.com\/es\/wp-content\/uploads\/sites\/55\/2023\/02\/Fill-47-1.png\" alt=\"\" class=\"wp-image-50\" srcset=\"https:\/\/vwdtest.com\/es\/wp-content\/uploads\/sites\/55\/2023\/02\/Fill-47-1.png 480w, https:\/\/vwdtest.com\/es\/wp-content\/uploads\/sites\/55\/2023\/02\/Fill-47-1-300x207.png 300w\" sizes=\"(max-width: 480px) 100vw, 480px\" \/><\/figure>\n<\/div><\/div>\n<\/div>\n<\/div><\/div>\n<\/div>\n<\/div>\n\n<div class=\"default-block container\">\n<h2><strong>Para diagnosticar la EVW, es necesario conocer los antecedentes de sangrado y hacer pruebas anal\u00edticas<\/strong><\/h2>\n<\/div>\n\n<div class=\"default-block container\">\n<p class=\"full\">La EVW es una enfermedad poco frecuente y no todos los m\u00e9dicos est\u00e1n familiarizados con ella, por lo que <strong>el diagn\u00f3stico definitivo debe hacerlo un m\u00e9dico especializado en trastornos de la coagulaci\u00f3n<\/strong>. En la primera etapa del proceso diagn\u00f3stico, tu m\u00e9dico necesitar\u00e1 conocer cualquier sangrado que hayas tenido t\u00fa y, probablemente, otros miembros de tu familia. Esta informaci\u00f3n es lo que se conoce como \u00abantecedentes de sangrado\u00bb. Para evaluar los antecedentes de sangrado completos, el m\u00e9dico te har\u00e1 una serie de preguntas. Si estos antecedentes sugieren que podr\u00edas tener un trastorno de la coagulaci\u00f3n, deber\u00e1s hacerte an\u00e1lisis de sangre en un laboratorio especializado.<sup>1<\/sup> Con los resultados de estos an\u00e1lisis, el m\u00e9dico podr\u00e1 hacer un diagn\u00f3stico definitivo.<\/p>\n<\/div>\n\n<div class=\"default-block container\">\n<p class=\"full\"><strong>Cuanto antes tengas tu diagn\u00f3stico, antes podr\u00e1s empezar a tomar decisiones informadas sobre tu tratamiento y estilo de vida.<\/strong><\/p>\n<\/div>\n\n<div class=\"default-block container\">\n<h6>Bibliograf\u00eda<\/h6>\n<\/div>\n\n<div class=\"default-block container\">\n<ol><div class=\"default-block container\">\n<li>Corrales-Medina FF et al. <em>Blood Rev <\/em>2022; 101018.<a id=\"_msocom_1\"><\/a><\/li>\n<\/div>\n\n<div class=\"default-block container\">\n<li><a id=\"_msocom_1\"><\/a>Leebeek FWG and Eikenboom JCJ. <em>N Engl J Med<\/em> 2016; 21:2067-80.<\/li>\n<\/div>\n\n<div class=\"default-block container\">\n<li>Srivastava A et al. <em>Haemophilia <\/em>2020; 26(Suppl 6):1-158.<\/li>\n<\/div>\n\n<div class=\"default-block container\">\n<li>Connell NT et al. <em>Blood Adv <\/em>2021; 5:301-25.<\/li>\n<\/div><\/ol>\n<\/div>","protected":false},"excerpt":{"rendered":"<p>La enfermedad de Von Willebrand (EVW) es el trastorno de la coagulaci\u00f3n m\u00e1s habitual Cuando un vaso sangu\u00edneo se da\u00f1a, se activa un proceso llamado \u00abcoagulaci\u00f3n\u00bb, en el que las plaquetas se unen para cerrar la herida y detener el sangrado. En las personas con trastornos de la coagulaci\u00f3n, como la EVW o la hemofilia, [&hellip;]<\/p>\n","protected":false},"author":1,"featured_media":2541,"parent":0,"menu_order":0,"comment_status":"closed","ping_status":"closed","template":"","meta":{"inline_featured_image":false},"acf":[],"yoast_head":"<!-- This site is optimized with the Yoast SEO plugin v20.4 - https:\/\/yoast.com\/wordpress\/plugins\/seo\/ -->\n<title>\u00bfQu\u00e9 es la enfermedad de Von Willebrand? - Spain<\/title>\n<meta name=\"robots\" content=\"index, follow, max-snippet:-1, max-image-preview:large, max-video-preview:-1\" \/>\n<link rel=\"canonical\" href=\"https:\/\/vwdtest.com\/es\/von-willebrand-disease\/\" \/>\n<meta property=\"og:locale\" content=\"en_US\" \/>\n<meta property=\"og:type\" content=\"article\" \/>\n<meta property=\"og:title\" content=\"\u00bfQu\u00e9 es la enfermedad de Von Willebrand? - Spain\" \/>\n<meta property=\"og:description\" content=\"La enfermedad de Von Willebrand (EVW) es el trastorno de la coagulaci\u00f3n m\u00e1s habitual Cuando un vaso sangu\u00edneo se da\u00f1a, se activa un proceso llamado \u00abcoagulaci\u00f3n\u00bb, en el que las plaquetas se unen para cerrar la herida y detener el sangrado. En las personas con trastornos de la coagulaci\u00f3n, como la EVW o la hemofilia, [&hellip;]\" \/>\n<meta property=\"og:url\" content=\"https:\/\/vwdtest.com\/es\/von-willebrand-disease\/\" \/>\n<meta property=\"og:site_name\" content=\"Spain\" \/>\n<meta property=\"article:modified_time\" content=\"2024-04-03T06:29:23+00:00\" \/>\n<meta property=\"og:image\" content=\"https:\/\/vwdtest.com\/es\/wp-content\/uploads\/sites\/55\/2023\/02\/hero2.webp\" \/>\n\t<meta property=\"og:image:width\" content=\"774\" \/>\n\t<meta property=\"og:image:height\" content=\"927\" \/>\n\t<meta property=\"og:image:type\" content=\"image\/webp\" \/>\n<meta name=\"twitter:card\" content=\"summary_large_image\" \/>\n<meta name=\"twitter:label1\" content=\"Est. reading time\" \/>\n\t<meta name=\"twitter:data1\" content=\"5 minutes\" \/>\n<script type=\"application\/ld+json\" class=\"yoast-schema-graph\">{\"@context\":\"https:\/\/schema.org\",\"@graph\":[{\"@type\":\"WebPage\",\"@id\":\"https:\/\/vwdtest.com\/es\/von-willebrand-disease\/\",\"url\":\"https:\/\/vwdtest.com\/es\/von-willebrand-disease\/\",\"name\":\"\u00bfQu\u00e9 es la enfermedad de Von Willebrand? - Spain\",\"isPartOf\":{\"@id\":\"https:\/\/vwdtest.com\/es\/#website\"},\"datePublished\":\"2023-02-13T13:51:56+00:00\",\"dateModified\":\"2024-04-03T06:29:23+00:00\",\"breadcrumb\":{\"@id\":\"https:\/\/vwdtest.com\/es\/von-willebrand-disease\/#breadcrumb\"},\"inLanguage\":\"en-US\",\"potentialAction\":[{\"@type\":\"ReadAction\",\"target\":[\"https:\/\/vwdtest.com\/es\/von-willebrand-disease\/\"]}]},{\"@type\":\"BreadcrumbList\",\"@id\":\"https:\/\/vwdtest.com\/es\/von-willebrand-disease\/#breadcrumb\",\"itemListElement\":[{\"@type\":\"ListItem\",\"position\":1,\"name\":\"Home\",\"item\":\"https:\/\/vwdtest.com\/es\/\"},{\"@type\":\"ListItem\",\"position\":2,\"name\":\"\u00bfQu\u00e9 es la enfermedad de Von Willebrand?\"}]},{\"@type\":\"WebSite\",\"@id\":\"https:\/\/vwdtest.com\/es\/#website\",\"url\":\"https:\/\/vwdtest.com\/es\/\",\"name\":\"Spain\",\"description\":\"\",\"potentialAction\":[{\"@type\":\"SearchAction\",\"target\":{\"@type\":\"EntryPoint\",\"urlTemplate\":\"https:\/\/vwdtest.com\/es\/?s={search_term_string}\"},\"query-input\":\"required name=search_term_string\"}],\"inLanguage\":\"en-US\"}]}<\/script>\n<!-- \/ Yoast SEO plugin. -->","yoast_head_json":{"title":"\u00bfQu\u00e9 es la enfermedad de Von Willebrand? - Spain","robots":{"index":"index","follow":"follow","max-snippet":"max-snippet:-1","max-image-preview":"max-image-preview:large","max-video-preview":"max-video-preview:-1"},"canonical":"https:\/\/vwdtest.com\/es\/von-willebrand-disease\/","og_locale":"en_US","og_type":"article","og_title":"\u00bfQu\u00e9 es la enfermedad de Von Willebrand? - Spain","og_description":"La enfermedad de Von Willebrand (EVW) es el trastorno de la coagulaci\u00f3n m\u00e1s habitual Cuando un vaso sangu\u00edneo se da\u00f1a, se activa un proceso llamado \u00abcoagulaci\u00f3n\u00bb, en el que las plaquetas se unen para cerrar la herida y detener el sangrado. En las personas con trastornos de la coagulaci\u00f3n, como la EVW o la hemofilia, [&hellip;]","og_url":"https:\/\/vwdtest.com\/es\/von-willebrand-disease\/","og_site_name":"Spain","article_modified_time":"2024-04-03T06:29:23+00:00","og_image":[{"width":774,"height":927,"url":"https:\/\/vwdtest.com\/es\/wp-content\/uploads\/sites\/55\/2023\/02\/hero2.webp","type":"image\/webp"}],"twitter_card":"summary_large_image","twitter_misc":{"Est. reading time":"5 minutes"},"schema":{"@context":"https:\/\/schema.org","@graph":[{"@type":"WebPage","@id":"https:\/\/vwdtest.com\/es\/von-willebrand-disease\/","url":"https:\/\/vwdtest.com\/es\/von-willebrand-disease\/","name":"\u00bfQu\u00e9 es la enfermedad de Von Willebrand? - Spain","isPartOf":{"@id":"https:\/\/vwdtest.com\/es\/#website"},"datePublished":"2023-02-13T13:51:56+00:00","dateModified":"2024-04-03T06:29:23+00:00","breadcrumb":{"@id":"https:\/\/vwdtest.com\/es\/von-willebrand-disease\/#breadcrumb"},"inLanguage":"en-US","potentialAction":[{"@type":"ReadAction","target":["https:\/\/vwdtest.com\/es\/von-willebrand-disease\/"]}]},{"@type":"BreadcrumbList","@id":"https:\/\/vwdtest.com\/es\/von-willebrand-disease\/#breadcrumb","itemListElement":[{"@type":"ListItem","position":1,"name":"Home","item":"https:\/\/vwdtest.com\/es\/"},{"@type":"ListItem","position":2,"name":"\u00bfQu\u00e9 es la enfermedad de Von Willebrand?"}]},{"@type":"WebSite","@id":"https:\/\/vwdtest.com\/es\/#website","url":"https:\/\/vwdtest.com\/es\/","name":"Spain","description":"","potentialAction":[{"@type":"SearchAction","target":{"@type":"EntryPoint","urlTemplate":"https:\/\/vwdtest.com\/es\/?s={search_term_string}"},"query-input":"required name=search_term_string"}],"inLanguage":"en-US"}]}},"_links":{"self":[{"href":"https:\/\/vwdtest.com\/es\/wp-json\/wp\/v2\/pages\/2723"}],"collection":[{"href":"https:\/\/vwdtest.com\/es\/wp-json\/wp\/v2\/pages"}],"about":[{"href":"https:\/\/vwdtest.com\/es\/wp-json\/wp\/v2\/types\/page"}],"author":[{"embeddable":true,"href":"https:\/\/vwdtest.com\/es\/wp-json\/wp\/v2\/users\/1"}],"replies":[{"embeddable":true,"href":"https:\/\/vwdtest.com\/es\/wp-json\/wp\/v2\/comments?post=2723"}],"version-history":[{"count":23,"href":"https:\/\/vwdtest.com\/es\/wp-json\/wp\/v2\/pages\/2723\/revisions"}],"predecessor-version":[{"id":3271,"href":"https:\/\/vwdtest.com\/es\/wp-json\/wp\/v2\/pages\/2723\/revisions\/3271"}],"wp:featuredmedia":[{"embeddable":true,"href":"https:\/\/vwdtest.com\/es\/wp-json\/wp\/v2\/media\/2541"}],"wp:attachment":[{"href":"https:\/\/vwdtest.com\/es\/wp-json\/wp\/v2\/media?parent=2723"}],"curies":[{"name":"wp","href":"https:\/\/api.w.org\/{rel}","templated":true}]}}