{"id":2720,"date":"2023-02-14T13:03:21","date_gmt":"2023-02-14T13:03:21","guid":{"rendered":"https:\/\/new.vwdtest.com\/es\/vwd-and-denstistry\/"},"modified":"2025-10-09T12:42:09","modified_gmt":"2025-10-09T12:42:09","slug":"vwd-and-denstistry","status":"publish","type":"page","link":"https:\/\/vwdtest.com\/es\/vwd-and-denstistry\/","title":{"rendered":"LA EVW Y LA ODONTOLOG\u00cdA"},"content":{"rendered":"<div class=\"default-block container\">\n<h5 class=\"bleeding-symptoms-title dentist\">Los pacientes con trastornos de la coagulaci\u00f3n, como la hemofilia o la <a href=\"\/es\/von-willebrand-disease\/\" target=\"_blank\" rel=\"noreferrer noopener\">enfermedad de Von Willebrand (EVW)<\/a>, tienen mayor riesgo de presentar hemorragias bucales, tambi\u00e9n durante las revisiones odontol\u00f3gicas peri\u00f3dicas.<sup>1,2<\/sup> Pueden aparecer sangrados incluso tras cepillarse los dientes o usar el hilo dental. El miedo a sangrar puede impedir que estos pacientes mantengan una buena higiene bucodental y acudan al dentista regularmente.<sup>2-4<\/sup> Incluso los pacientes que acuden al dentista podr\u00edan sentir recelo ante intervenciones odontol\u00f3gicas debido a experiencias negativas previas o a la preocupaci\u00f3n acerca de si recibir\u00e1n tratamiento.<sup>4<\/sup> Adem\u00e1s, muchos pacientes con la EVW no han recibido un diagn\u00f3stico y piensan que su sangrado es normal.<sup>5<\/sup><\/h5>\n<\/div>\n\n<img decoding=\"async\" src=\"https:\/\/vwdtest.com\/es\/wp-content\/uploads\/sites\/55\/2023\/02\/Dentist-button.png\" alt=\"LA EVW Y LA ODONTOLOG\u00cdA\" class=\"page_thumbnail d-xl-none\">\r\n\n\n<div class=\"default-block container\">\n<p class=\"full\">El riesgo de hemorragia y la ansiedad resultante contribuyen a una salud dental deficiente en menores y adolescentes con trastornos hemorr\u00e1gicos.<sup>2<\/sup> Sin la educaci\u00f3n y el tratamiento adecuados, estos pacientes podr\u00edan entrar en un c\u00edrculo vicioso de frecuentes sangrados de enc\u00edas, falta de atenci\u00f3n odontol\u00f3gica y salud bucodental deficiente.<sup>3<\/sup> Para proteger su salud bucodental y su calidad de vida, estos pacientes y sus cuidadores dependen en gran medida de un dentista de confianza que les eduque acerca de los cuidados preventivos y les realice revisiones peri\u00f3dicas.<\/p>\n<\/div>\n\n<div class=\"default-block container\">\n<h3>El papel de la odontolog\u00eda<\/h3>\n<\/div>\n\n<div class=\"default-block container\">\n<p class=\"full\">Como dentista, ocupa una posici\u00f3n privilegiada para ayudar a identificar a pacientes que podr\u00edan beneficiarse de la evaluaci\u00f3n diagn\u00f3stica de un trastorno hemorr\u00e1gico. Para muchas personas, las visitas al dentista son el \u00fanico contacto regular que tienen con el sistema sanitario local.<sup>2<\/sup> Es m\u00e1s, la extracci\u00f3n de un diente suele ser la primera cirug\u00eda de muchos pacientes y, por lo tanto, su primera situaci\u00f3n de exigencia hemost\u00e1tica mayor. Esto significa que una hemorragia excesiva durante o tras un procedimiento as\u00ed puede ser la primera oportunidad para diagnosticar un trastorno hemorr\u00e1gico no detectado hasta entonces.<\/p>\n<\/div>\n\n<div class=\"default-block container\">\n<p class=\"full\">Diagnosticar la EVW puede ser una tarea complicada debido a la falta de conocimiento y a la complejidad del proceso diagn\u00f3stico.<sup>5<\/sup> Si ha observado recientemente alg\u00fan sangrado inesperado en alguno de sus pacientes, le recomendamos que complete nuestro <a href=\"\/es\/take-test\/\">test de sangrado<\/a> con \u00e9l. Este test le mostrar\u00e1 si deben hacerse m\u00e1s pruebas y podr\u00eda cambiarle la vida a su paciente.<\/p>\n<\/div>\n\n<div class=\"default-block container\">\n<p class=\"full\">Dado que los pacientes con trastornos hemorr\u00e1gicos pueden evitar las revisiones con el dentista debido a su miedo a sangrar, es importante fomentar las revisiones peri\u00f3dicas para proteger la salud bucodental de los pacientes y su calidad de vida.<sup>4<\/sup> Para los dentistas que deseen tratar a pacientes con trastornos hemorr\u00e1gicos, existen recomendaciones de tratamiento disponibles.<sup>3,6<\/sup> La mayor\u00eda de los tratamientos habituales no quir\u00fargicos pueden realizarse en cl\u00ednicas dentales generales tras consultarlo con un hemat\u00f3logo, especialmente en el caso de pacientes con EVW leve.<sup>3<\/sup> Solo es necesario realizar en un hospital el tratamiento de pacientes con formas moderadas o graves de la enfermedad y los procedimientos odontol\u00f3gicos invasivos. Adem\u00e1s, en estos casos, deber\u00e1 seguirse un plan de tratamiento.<sup>3,6<\/sup><\/p>\n<\/div>\n\n<div class=\"default-block container\">\n<p class=\"full\">En VWDtest, encontrar\u00e1 m\u00e1s informaci\u00f3n sobre las <a href=\"\/es\/von-willebrand-disease\/\">causas<\/a>, el <a href=\"\/es\/von-willebrand-disease\/\">diagn\u00f3stico<\/a> y el <a href=\"\/es\/i-live-with-vwd\/#vwd-management\">tratamiento de la EVW<\/a>, as\u00ed como testimonios sobre las experiencias de pacientes con EVW.<\/p>\n<\/div>\n\n<div class=\"default-block container\">\n<h6>Bibliograf\u00eda<\/h6>\n<\/div>\n\n<div class=\"default-block container\">\n<ol type=\"1\"><div class=\"default-block container\">\n<li>de Wee EM, et al. <em>Thromb Haemost<\/em> 2012; 108:683-92.<\/li>\n<\/div>\n\n<div class=\"default-block container\">\n<li>Brown MC et al. <em>Haemophilia <\/em>2022; 28:73-9.<\/li>\n<\/div>\n\n<div class=\"default-block container\">\n<li>Anderson JAM et al. <em>Br Dent J<\/em> 2013; 215:497-504.<\/li>\n<\/div>\n\n<div class=\"default-block container\">\n<li>Kalsi H et al. <em>Haemophilia<\/em> 2012; 18:510-5.<\/li>\n<\/div>\n\n<div class=\"default-block container\">\n<li><a href=\"https:\/\/pubmed.ncbi.nlm.nih.gov\/36210240\/\" target=\"_blank\" rel=\"noreferrer noopener\">Corrales-Medina FF et al. <em>Blood Rev<\/em><\/a><em><a> <\/a><\/em>2023; 58:101018.<\/li>\n<\/div>\n\n<div class=\"default-block container\">\n<li>Directrices para el tratamiento odontol\u00f3gico de pacientes con trastornos de la coagulaci\u00f3n hereditarios de la FMH; <a href=\"https:\/\/elearning.wfh.org\/resource\/guidelines-for-dental-treatment-of-patients-with-inherited-bleeding-disorders\/\" target=\"_blank\" rel=\"noreferrer noopener\">https:\/\/elearning.wfh.org\/es\/resource\/guias-para-el-tratamiento-odontologico-de-pacientes-con-trastornos-de-la-coagulacion-hereditarios\/\/<\/a>; \u00faltimo acceso en noviembre de 2022.<\/li>\n<\/div><\/ol>\n<\/div>","protected":false},"excerpt":{"rendered":"<p>Los pacientes con trastornos de la coagulaci\u00f3n, como la hemofilia o la enfermedad de Von Willebrand (EVW), tienen mayor riesgo de presentar hemorragias bucales, tambi\u00e9n durante las revisiones odontol\u00f3gicas peri\u00f3dicas.1,2 Pueden aparecer sangrados incluso tras cepillarse los dientes o usar el hilo dental. El miedo a sangrar puede impedir que estos pacientes mantengan una buena [&hellip;]<\/p>\n","protected":false},"author":1,"featured_media":2542,"parent":0,"menu_order":0,"comment_status":"closed","ping_status":"closed","template":"","meta":{"inline_featured_image":false},"acf":[],"yoast_head":"<!-- This site is optimized with the Yoast SEO plugin v20.4 - https:\/\/yoast.com\/wordpress\/plugins\/seo\/ -->\n<title>LA EVW Y LA ODONTOLOG\u00cdA - Spain<\/title>\n<meta name=\"robots\" content=\"index, follow, max-snippet:-1, max-image-preview:large, max-video-preview:-1\" \/>\n<link rel=\"canonical\" href=\"https:\/\/vwdtest.com\/es\/vwd-and-denstistry\/\" \/>\n<meta property=\"og:locale\" content=\"en_US\" \/>\n<meta property=\"og:type\" content=\"article\" \/>\n<meta property=\"og:title\" content=\"LA EVW Y LA ODONTOLOG\u00cdA - Spain\" \/>\n<meta property=\"og:description\" content=\"Los pacientes con trastornos de la coagulaci\u00f3n, como la hemofilia o la enfermedad de Von Willebrand (EVW), tienen mayor riesgo de presentar hemorragias bucales, tambi\u00e9n durante las revisiones odontol\u00f3gicas peri\u00f3dicas.1,2 Pueden aparecer sangrados incluso tras cepillarse los dientes o usar el hilo dental. El miedo a sangrar puede impedir que estos pacientes mantengan una buena [&hellip;]\" \/>\n<meta property=\"og:url\" content=\"https:\/\/vwdtest.com\/es\/vwd-and-denstistry\/\" \/>\n<meta property=\"og:site_name\" content=\"Spain\" \/>\n<meta property=\"article:modified_time\" content=\"2025-10-09T12:42:09+00:00\" \/>\n<meta property=\"og:image\" content=\"https:\/\/vwdtest.com\/es\/wp-content\/uploads\/sites\/55\/2023\/02\/Dentist-button.png\" \/>\n\t<meta property=\"og:image:width\" content=\"772\" \/>\n\t<meta property=\"og:image:height\" content=\"1021\" \/>\n\t<meta property=\"og:image:type\" content=\"image\/png\" \/>\n<meta name=\"twitter:card\" content=\"summary_large_image\" \/>\n<meta name=\"twitter:label1\" content=\"Est. reading time\" \/>\n\t<meta name=\"twitter:data1\" content=\"3 minutes\" \/>\n<script type=\"application\/ld+json\" class=\"yoast-schema-graph\">{\"@context\":\"https:\/\/schema.org\",\"@graph\":[{\"@type\":\"WebPage\",\"@id\":\"https:\/\/vwdtest.com\/es\/vwd-and-denstistry\/\",\"url\":\"https:\/\/vwdtest.com\/es\/vwd-and-denstistry\/\",\"name\":\"LA EVW Y LA ODONTOLOG\u00cdA - Spain\",\"isPartOf\":{\"@id\":\"https:\/\/vwdtest.com\/es\/#website\"},\"datePublished\":\"2023-02-14T13:03:21+00:00\",\"dateModified\":\"2025-10-09T12:42:09+00:00\",\"breadcrumb\":{\"@id\":\"https:\/\/vwdtest.com\/es\/vwd-and-denstistry\/#breadcrumb\"},\"inLanguage\":\"en-US\",\"potentialAction\":[{\"@type\":\"ReadAction\",\"target\":[\"https:\/\/vwdtest.com\/es\/vwd-and-denstistry\/\"]}]},{\"@type\":\"BreadcrumbList\",\"@id\":\"https:\/\/vwdtest.com\/es\/vwd-and-denstistry\/#breadcrumb\",\"itemListElement\":[{\"@type\":\"ListItem\",\"position\":1,\"name\":\"Home\",\"item\":\"https:\/\/vwdtest.com\/es\/\"},{\"@type\":\"ListItem\",\"position\":2,\"name\":\"LA EVW Y LA ODONTOLOG\u00cdA\"}]},{\"@type\":\"WebSite\",\"@id\":\"https:\/\/vwdtest.com\/es\/#website\",\"url\":\"https:\/\/vwdtest.com\/es\/\",\"name\":\"Spain\",\"description\":\"\",\"potentialAction\":[{\"@type\":\"SearchAction\",\"target\":{\"@type\":\"EntryPoint\",\"urlTemplate\":\"https:\/\/vwdtest.com\/es\/?s={search_term_string}\"},\"query-input\":\"required name=search_term_string\"}],\"inLanguage\":\"en-US\"}]}<\/script>\n<!-- \/ Yoast SEO plugin. -->","yoast_head_json":{"title":"LA EVW Y LA ODONTOLOG\u00cdA - Spain","robots":{"index":"index","follow":"follow","max-snippet":"max-snippet:-1","max-image-preview":"max-image-preview:large","max-video-preview":"max-video-preview:-1"},"canonical":"https:\/\/vwdtest.com\/es\/vwd-and-denstistry\/","og_locale":"en_US","og_type":"article","og_title":"LA EVW Y LA ODONTOLOG\u00cdA - Spain","og_description":"Los pacientes con trastornos de la coagulaci\u00f3n, como la hemofilia o la enfermedad de Von Willebrand (EVW), tienen mayor riesgo de presentar hemorragias bucales, tambi\u00e9n durante las revisiones odontol\u00f3gicas peri\u00f3dicas.1,2 Pueden aparecer sangrados incluso tras cepillarse los dientes o usar el hilo dental. El miedo a sangrar puede impedir que estos pacientes mantengan una buena [&hellip;]","og_url":"https:\/\/vwdtest.com\/es\/vwd-and-denstistry\/","og_site_name":"Spain","article_modified_time":"2025-10-09T12:42:09+00:00","og_image":[{"width":772,"height":1021,"url":"https:\/\/vwdtest.com\/es\/wp-content\/uploads\/sites\/55\/2023\/02\/Dentist-button.png","type":"image\/png"}],"twitter_card":"summary_large_image","twitter_misc":{"Est. reading time":"3 minutes"},"schema":{"@context":"https:\/\/schema.org","@graph":[{"@type":"WebPage","@id":"https:\/\/vwdtest.com\/es\/vwd-and-denstistry\/","url":"https:\/\/vwdtest.com\/es\/vwd-and-denstistry\/","name":"LA EVW Y LA ODONTOLOG\u00cdA - Spain","isPartOf":{"@id":"https:\/\/vwdtest.com\/es\/#website"},"datePublished":"2023-02-14T13:03:21+00:00","dateModified":"2025-10-09T12:42:09+00:00","breadcrumb":{"@id":"https:\/\/vwdtest.com\/es\/vwd-and-denstistry\/#breadcrumb"},"inLanguage":"en-US","potentialAction":[{"@type":"ReadAction","target":["https:\/\/vwdtest.com\/es\/vwd-and-denstistry\/"]}]},{"@type":"BreadcrumbList","@id":"https:\/\/vwdtest.com\/es\/vwd-and-denstistry\/#breadcrumb","itemListElement":[{"@type":"ListItem","position":1,"name":"Home","item":"https:\/\/vwdtest.com\/es\/"},{"@type":"ListItem","position":2,"name":"LA EVW Y LA ODONTOLOG\u00cdA"}]},{"@type":"WebSite","@id":"https:\/\/vwdtest.com\/es\/#website","url":"https:\/\/vwdtest.com\/es\/","name":"Spain","description":"","potentialAction":[{"@type":"SearchAction","target":{"@type":"EntryPoint","urlTemplate":"https:\/\/vwdtest.com\/es\/?s={search_term_string}"},"query-input":"required name=search_term_string"}],"inLanguage":"en-US"}]}},"_links":{"self":[{"href":"https:\/\/vwdtest.com\/es\/wp-json\/wp\/v2\/pages\/2720"}],"collection":[{"href":"https:\/\/vwdtest.com\/es\/wp-json\/wp\/v2\/pages"}],"about":[{"href":"https:\/\/vwdtest.com\/es\/wp-json\/wp\/v2\/types\/page"}],"author":[{"embeddable":true,"href":"https:\/\/vwdtest.com\/es\/wp-json\/wp\/v2\/users\/1"}],"replies":[{"embeddable":true,"href":"https:\/\/vwdtest.com\/es\/wp-json\/wp\/v2\/comments?post=2720"}],"version-history":[{"count":12,"href":"https:\/\/vwdtest.com\/es\/wp-json\/wp\/v2\/pages\/2720\/revisions"}],"predecessor-version":[{"id":3391,"href":"https:\/\/vwdtest.com\/es\/wp-json\/wp\/v2\/pages\/2720\/revisions\/3391"}],"wp:featuredmedia":[{"embeddable":true,"href":"https:\/\/vwdtest.com\/es\/wp-json\/wp\/v2\/media\/2542"}],"wp:attachment":[{"href":"https:\/\/vwdtest.com\/es\/wp-json\/wp\/v2\/media?parent=2720"}],"curies":[{"name":"wp","href":"https:\/\/api.w.org\/{rel}","templated":true}]}}