{"id":2719,"date":"2023-02-16T10:15:43","date_gmt":"2023-02-16T10:15:43","guid":{"rendered":"https:\/\/new.vwdtest.com\/es\/heavy-periods\/"},"modified":"2025-09-04T12:21:06","modified_gmt":"2025-09-04T12:21:06","slug":"heavy-periods","status":"publish","type":"page","link":"https:\/\/vwdtest.com\/es\/heavy-periods\/","title":{"rendered":"Tengo reglas abundantes"},"content":{"rendered":"<div class=\"default-block container\">\n<figure class=\"wp-block-video\"><video autoplay controls muted preload=\"auto\" src=\"https:\/\/vwdtest.com\/es\/wp-content\/uploads\/sites\/55\/2025\/01\/VWD-Bleeding-girl_720.mp4\" playsinline><\/video><\/figure>\n<\/div>\n\n<div class=\"default-block container\">\n<h3>\u00bfTienes reglas demasiado abundantes o prolongadas?<\/h3>\n<\/div>\n\n<div class=\"default-block container\">\n<h5 class=\"bleeding-symptoms-title helpful live\">Cuando tienes la regla, \u00bfte sientes cansada constantemente y te cuesta concentrarte en clase o en el trabajo? \u00bfTe sientes agotada y evitas salir? \u00bfTienes c\u00f3licos dolorosos durante la regla? \u00bfTe cuesta respirar tras hacer ejercicio suave? \u00bfTe da miedo llevar ropa blanca en verano por el sangrado?<\/h5>\n<\/div>\n\n<div class=\"default-block container\">\n<p class=\"full\">Si has respondido \u00abs\u00ed\u00bb a alguna de estas preguntas, tal vez tengas <a href=\"\/es\/bleeding-symptoms\/#hmb\" data-type=\"page\" data-id=\"69\">sangrados menstruales abundantes<\/a> o hipermenorrea, un problema bastante habitual que puede afectar considerablemente a tu vida diaria y a tu <a href=\"\/es\/i-live-with-vwd\/#mental-health\">salud f\u00edsica y mental<\/a>. Aproximadamente una de cada cuatro mujeres y chicas tienen reglas abundantes a lo largo de su vida, pero, a pesar de ser algo habitual, no se le suele prestar atenci\u00f3n. Esto provoca que muchas de ellas sufran de manera innecesaria, ya que el sangrado menstrual abundante puede tratarse.<sup>1-3<\/sup><\/p>\n<\/div>\n\n<img decoding=\"async\" src=\"https:\/\/vwdtest.com\/es\/wp-content\/uploads\/sites\/55\/2023\/02\/periods.webp\" alt=\"Tengo reglas abundantes\" class=\"page_thumbnail d-xl-none\">\r\n\n\n<div class=\"default-block container\">\n<h3>Causas de la regla abundante<\/h3>\n<\/div>\n\n<div class=\"default-block container\">\n<p class=\"full\">Existen varias causas posibles para el <a data-type=\"page\" data-id=\"69\" href=\"\/es\/bleeding-symptoms\/#hmb\">sangrado menstrual abundante<\/a>, por lo que es importante identificar la causa concreta para escoger el tratamiento adecuado.<sup>3<\/sup> Aproximadamente una de cada cinco mujeres con sangrados menstruales abundantes tiene un trastorno de la coagulaci\u00f3n. El m\u00e1s habitual es la <a href=\"\/es\/von-willebrand-disease\/\" rel=\"noreferrer noopener\">enfermedad de Von Willebrand<\/a> (EVW), que provoca reglas abundantes a la mayor\u00eda de las mujeres que la padecen; sin embargo, esta causa suele pasarse por alto. Adem\u00e1s, algunos tratamientos que controlan el sangrado menstrual abundante no protegen a estas mujeres frente a otras complicaciones de la enfermedad. Si no cuentan con un diagn\u00f3stico, tambi\u00e9n pueden presentar un sangrado excesivo durante el embarazo y el <a href=\"\/es\/i-live-with-vwd\/#childbirth\">parto<\/a>, y tras estos. Existen tratamientos para la EVW y, si se conoce el diagn\u00f3stico antes del embarazo, puede controlarse el sangrado adecuadamente para que las mujeres que la padecen pueden tener embarazos normales.<sup>2,4<\/sup><\/p>\n<\/div>\n\n<div class=\"default-block container\">\n<h3>Tal vez no seas la \u00fanica mujer de tu familia con reglas abundantes <\/h3>\n<\/div>\n\n<div class=\"default-block container\">\n<p class=\"full\">Si tienes dudas sobre tus reglas, tal vez se lo hayas comentado a alguna mujer de tu familia. Tu madre, tu t\u00eda o tu hermana podr\u00edan tener un sangrado similar y decirte que es normal, pero no siempre es as\u00ed. Entre otros motivos, el sangrado menstrual abundante puede deberse a un trastorno de la coagulaci\u00f3n hereditario,<sup>2,3<\/sup> que podr\u00eda afectar a varios miembros de la familia. Si tus reglas afectan a tu vida diaria y bienestar, te recomendamos que hables de ello con tu m\u00e9dico.<\/p>\n<\/div>\n\n<div class=\"default-block container\">\n<h3>Averigua si tu sangrado es normal<\/h3>\n<\/div>\n\n<div class=\"default-block container\">\n<p class=\"full\">Cuando hablamos de sangrado, \u00bfcu\u00e1nto es demasiado? A veces, resulta dif\u00edcil responder a esta pregunta. Los signos t\u00edpicos de sangrado menstrual abundante incluyen sangrar durante m\u00e1s de una semana, necesitar cambiar de compresa o tamp\u00f3n cada pocas horas, manchar de sangre la ropa o las s\u00e1banas y expulsar grandes co\u00e1gulos de sangre.<sup>5<\/sup> Para ayudarte a conocer mejor tu sangrado menstrual, los cient\u00edficos han elaborado una <a href=\"#\" id=\"showPdf\">sencilla tabla de evaluaci\u00f3n del sangrado menstrual<\/a>, en la que podr\u00e1s anotar cu\u00e1ntos productos de higiene \u00edntima utilizas al d\u00eda. Esta informaci\u00f3n os ayudar\u00e1 a ti y a tu m\u00e9dico a determinar si tienes sangrados menstruales abundantes.<sup>6<\/sup><\/p>\n<div class=\"video test\" id=\"\">\n\n    <div class=\"video__box\">\n        <div class=\"popup-main-wrapper\">\n            <div class=\"popup-wrapper\">\n                <div class=\"popup-close-icon\"><img decoding=\"async\" src=\"https:\/\/vwdtest.com\/fr\/wp-content\/uploads\/sites\/22\/2023\/09\/cross-icon1.svg\" alt=\"cross-icon\">\n                <\/div>\n                \n            <\/div>\n        <\/div>\n\n    <\/div>\n<\/div>\n<\/div>\n\n<div class=\"default-block container\">\n<div style=\"height:30px\" aria-hidden=\"true\" class=\"wp-block-spacer\"><\/div>\n<\/div>\n\n<div class=\"default-block container\">\n<div class=\"is-content-justification-right is-layout-flex wp-container-1 wp-block-buttons\">\n<div class=\"wp-block-button download increase_download_count\"><a class=\"wp-block-button__link wp-element-button\" href=\"https:\/\/vwdtest.com\/es\/wp-content\/uploads\/sites\/55\/2025\/09\/PBAC-0025v2-ES.pdf\" target=\"_blank\" rel=\"noreferrer noopener\" download>Descargar tabla de evaluaci\u00f3n<\/a><\/div>\n<\/div>\n<\/div>\n\n<div class=\"default-block container\">\n<div style=\"height:30px\" aria-hidden=\"true\" class=\"wp-block-spacer\"><\/div>\n<\/div>\n\n<div class=\"default-block container\">\n<div style=\"height:60px\" aria-hidden=\"true\" class=\"wp-block-spacer\"><\/div>\n<\/div>\n\n<div class=\"default-block container\">\n<p class=\"full\">A veces, a las mujeres y chicas con sangrados menstruales abundantes tambi\u00e9n les sangra con frecuencia la <a data-type=\"page\" data-id=\"69\" href=\"\/es\/bleeding-symptoms\/#nosebleed\">nariz<\/a> o las <a data-type=\"page\" data-id=\"69\" href=\"\/es\/bleeding-symptoms\/#oral-bleed\">enc\u00edas<\/a>. La p\u00e9rdida de sangre puede provocar <a data-type=\"page\" data-id=\"69\" href=\"\/es\/bleeding-symptoms\/#fatigue\">d\u00e9ficit de hierro y anemia<\/a>, y hacer que te sientas cansada y agotada. Si has tenido alguno de estos s\u00edntomas o si has sangrado despu\u00e9s de la extracci\u00f3n de un diente u otra intervenci\u00f3n quir\u00fargica menor, te recomendamos que completes nuestro <a data-type=\"page\" data-id=\"58\" href=\"\/es\/take-test\/\">test de sangrado<\/a>, un test elaborado por investigadores que te ayudar\u00e1 a identificar si tu sangrado es normal o no.<sup>2<\/sup> Solo te llevar\u00e1 unos minutos completarlo y el resultado te indicar\u00e1 si debes acudir al m\u00e9dico a causa de tus sangrados. Esto es especialmente importante si est\u00e1s a punto de someterte a una cirug\u00eda.<\/p>\n<\/div>\n\n<div class=\"default-block container\">\n<div class=\"is-content-justification-right is-layout-flex wp-container-2 wp-block-buttons\">\n<div class=\"wp-block-button take-test\"><a class=\"wp-block-button__link wp-element-button\" href=\"\/es\/take-test\/\">Haz el test<\/a><\/div>\n<\/div>\n<\/div>\n\n<div class=\"default-block container\">\n<h6>Bibliograf\u00eda<\/h6>\n<\/div>\n\n<div class=\"default-block container\">\n<ol type=\"1\"><div class=\"default-block container\">\n<li>Fraser IS et al. Int J Gynaecol Obstet 2015; 128:196-200.<\/li>\n<\/div>\n\n<div class=\"default-block container\">\n<li><a href=\"https:\/\/pubmed.ncbi.nlm.nih.gov\/36210240\/\" target=\"_blank\" rel=\"noreferrer noopener\">Corrales-Medina FF et al. <em>Blood Rev<\/em><\/a><em> <\/em>2023; 58:101018. <\/li>\n<\/div>\n\n<div class=\"default-block container\">\n<li><a href=\"https:\/\/www.acog.org\/womens-health\/faqs\/heavy-menstrual-bleeding\" target=\"_blank\" rel=\"noreferrer noopener\">https:\/\/www.acog.org\/womens-health\/faqs\/heavy-menstrual-bleeding<\/a>; \u00faltimo acceso en enero de 2023.<\/li>\n<\/div>\n\n<div class=\"default-block container\">\n<li><a href=\"https:\/\/www.cdc.gov\/ncbddd\/vwd\/women.html\" target=\"_blank\" rel=\"noreferrer noopener\">https:\/\/www.cdc.gov\/ncbddd\/vwd\/women.html<\/a>; \u00faltimo acceso en enero de 2023.<\/li>\n<\/div>\n\n<div class=\"default-block container\">\n<li><a href=\"https:\/\/www.nhs.uk\/conditions\/heavy-periods\/\" target=\"_blank\" rel=\"noreferrer noopener\">https:\/\/www.nhs.uk\/conditions\/heavy-periods\/<\/a>; \u00faltimo acceso en enero de 2023.<\/li>\n<\/div>\n\n<div class=\"default-block container\">\n<li>Higham JM et al. Br J Obstet Gynaecol 1990; 97:734-9.<\/li>\n<\/div><\/ol>\n<\/div>","protected":false},"excerpt":{"rendered":"<p>\u00bfTienes reglas demasiado abundantes o prolongadas? Cuando tienes la regla, \u00bfte sientes cansada constantemente y te cuesta concentrarte en clase o en el trabajo? \u00bfTe sientes agotada y evitas salir? \u00bfTienes c\u00f3licos dolorosos durante la regla? \u00bfTe cuesta respirar tras hacer ejercicio suave? \u00bfTe da miedo llevar ropa blanca en verano por el sangrado? Si [&hellip;]<\/p>\n","protected":false},"author":1,"featured_media":2539,"parent":0,"menu_order":0,"comment_status":"closed","ping_status":"closed","template":"","meta":{"inline_featured_image":false},"acf":[],"yoast_head":"<!-- This site is optimized with the Yoast SEO plugin v20.4 - https:\/\/yoast.com\/wordpress\/plugins\/seo\/ -->\n<title>Tengo reglas abundantes - Spain<\/title>\n<meta name=\"robots\" content=\"index, follow, max-snippet:-1, max-image-preview:large, max-video-preview:-1\" \/>\n<link rel=\"canonical\" href=\"https:\/\/vwdtest.com\/es\/heavy-periods\/\" \/>\n<meta property=\"og:locale\" content=\"en_US\" \/>\n<meta property=\"og:type\" content=\"article\" \/>\n<meta property=\"og:title\" content=\"Tengo reglas abundantes - Spain\" \/>\n<meta property=\"og:description\" content=\"\u00bfTienes reglas demasiado abundantes o prolongadas? Cuando tienes la regla, \u00bfte sientes cansada constantemente y te cuesta concentrarte en clase o en el trabajo? \u00bfTe sientes agotada y evitas salir? \u00bfTienes c\u00f3licos dolorosos durante la regla? \u00bfTe cuesta respirar tras hacer ejercicio suave? \u00bfTe da miedo llevar ropa blanca en verano por el sangrado? Si [&hellip;]\" \/>\n<meta property=\"og:url\" content=\"https:\/\/vwdtest.com\/es\/heavy-periods\/\" \/>\n<meta property=\"og:site_name\" content=\"Spain\" \/>\n<meta property=\"article:modified_time\" content=\"2025-09-04T12:21:06+00:00\" \/>\n<meta property=\"og:image\" content=\"https:\/\/vwdtest.com\/es\/wp-content\/uploads\/sites\/55\/2023\/02\/periods.webp\" \/>\n\t<meta property=\"og:image:width\" content=\"674\" \/>\n\t<meta property=\"og:image:height\" content=\"929\" \/>\n\t<meta property=\"og:image:type\" content=\"image\/webp\" \/>\n<meta name=\"twitter:card\" content=\"summary_large_image\" \/>\n<meta name=\"twitter:label1\" content=\"Est. reading time\" \/>\n\t<meta name=\"twitter:data1\" content=\"4 minutes\" \/>\n<script type=\"application\/ld+json\" class=\"yoast-schema-graph\">{\"@context\":\"https:\/\/schema.org\",\"@graph\":[{\"@type\":\"WebPage\",\"@id\":\"https:\/\/vwdtest.com\/es\/heavy-periods\/\",\"url\":\"https:\/\/vwdtest.com\/es\/heavy-periods\/\",\"name\":\"Tengo reglas abundantes - Spain\",\"isPartOf\":{\"@id\":\"https:\/\/vwdtest.com\/es\/#website\"},\"datePublished\":\"2023-02-16T10:15:43+00:00\",\"dateModified\":\"2025-09-04T12:21:06+00:00\",\"breadcrumb\":{\"@id\":\"https:\/\/vwdtest.com\/es\/heavy-periods\/#breadcrumb\"},\"inLanguage\":\"en-US\",\"potentialAction\":[{\"@type\":\"ReadAction\",\"target\":[\"https:\/\/vwdtest.com\/es\/heavy-periods\/\"]}]},{\"@type\":\"BreadcrumbList\",\"@id\":\"https:\/\/vwdtest.com\/es\/heavy-periods\/#breadcrumb\",\"itemListElement\":[{\"@type\":\"ListItem\",\"position\":1,\"name\":\"Home\",\"item\":\"https:\/\/vwdtest.com\/es\/\"},{\"@type\":\"ListItem\",\"position\":2,\"name\":\"Tengo reglas abundantes\"}]},{\"@type\":\"WebSite\",\"@id\":\"https:\/\/vwdtest.com\/es\/#website\",\"url\":\"https:\/\/vwdtest.com\/es\/\",\"name\":\"Spain\",\"description\":\"\",\"potentialAction\":[{\"@type\":\"SearchAction\",\"target\":{\"@type\":\"EntryPoint\",\"urlTemplate\":\"https:\/\/vwdtest.com\/es\/?s={search_term_string}\"},\"query-input\":\"required name=search_term_string\"}],\"inLanguage\":\"en-US\"}]}<\/script>\n<!-- \/ Yoast SEO plugin. -->","yoast_head_json":{"title":"Tengo reglas abundantes - Spain","robots":{"index":"index","follow":"follow","max-snippet":"max-snippet:-1","max-image-preview":"max-image-preview:large","max-video-preview":"max-video-preview:-1"},"canonical":"https:\/\/vwdtest.com\/es\/heavy-periods\/","og_locale":"en_US","og_type":"article","og_title":"Tengo reglas abundantes - Spain","og_description":"\u00bfTienes reglas demasiado abundantes o prolongadas? Cuando tienes la regla, \u00bfte sientes cansada constantemente y te cuesta concentrarte en clase o en el trabajo? \u00bfTe sientes agotada y evitas salir? \u00bfTienes c\u00f3licos dolorosos durante la regla? \u00bfTe cuesta respirar tras hacer ejercicio suave? \u00bfTe da miedo llevar ropa blanca en verano por el sangrado? Si [&hellip;]","og_url":"https:\/\/vwdtest.com\/es\/heavy-periods\/","og_site_name":"Spain","article_modified_time":"2025-09-04T12:21:06+00:00","og_image":[{"width":674,"height":929,"url":"https:\/\/vwdtest.com\/es\/wp-content\/uploads\/sites\/55\/2023\/02\/periods.webp","type":"image\/webp"}],"twitter_card":"summary_large_image","twitter_misc":{"Est. reading time":"4 minutes"},"schema":{"@context":"https:\/\/schema.org","@graph":[{"@type":"WebPage","@id":"https:\/\/vwdtest.com\/es\/heavy-periods\/","url":"https:\/\/vwdtest.com\/es\/heavy-periods\/","name":"Tengo reglas abundantes - Spain","isPartOf":{"@id":"https:\/\/vwdtest.com\/es\/#website"},"datePublished":"2023-02-16T10:15:43+00:00","dateModified":"2025-09-04T12:21:06+00:00","breadcrumb":{"@id":"https:\/\/vwdtest.com\/es\/heavy-periods\/#breadcrumb"},"inLanguage":"en-US","potentialAction":[{"@type":"ReadAction","target":["https:\/\/vwdtest.com\/es\/heavy-periods\/"]}]},{"@type":"BreadcrumbList","@id":"https:\/\/vwdtest.com\/es\/heavy-periods\/#breadcrumb","itemListElement":[{"@type":"ListItem","position":1,"name":"Home","item":"https:\/\/vwdtest.com\/es\/"},{"@type":"ListItem","position":2,"name":"Tengo reglas abundantes"}]},{"@type":"WebSite","@id":"https:\/\/vwdtest.com\/es\/#website","url":"https:\/\/vwdtest.com\/es\/","name":"Spain","description":"","potentialAction":[{"@type":"SearchAction","target":{"@type":"EntryPoint","urlTemplate":"https:\/\/vwdtest.com\/es\/?s={search_term_string}"},"query-input":"required name=search_term_string"}],"inLanguage":"en-US"}]}},"_links":{"self":[{"href":"https:\/\/vwdtest.com\/es\/wp-json\/wp\/v2\/pages\/2719"}],"collection":[{"href":"https:\/\/vwdtest.com\/es\/wp-json\/wp\/v2\/pages"}],"about":[{"href":"https:\/\/vwdtest.com\/es\/wp-json\/wp\/v2\/types\/page"}],"author":[{"embeddable":true,"href":"https:\/\/vwdtest.com\/es\/wp-json\/wp\/v2\/users\/1"}],"replies":[{"embeddable":true,"href":"https:\/\/vwdtest.com\/es\/wp-json\/wp\/v2\/comments?post=2719"}],"version-history":[{"count":26,"href":"https:\/\/vwdtest.com\/es\/wp-json\/wp\/v2\/pages\/2719\/revisions"}],"predecessor-version":[{"id":3381,"href":"https:\/\/vwdtest.com\/es\/wp-json\/wp\/v2\/pages\/2719\/revisions\/3381"}],"wp:featuredmedia":[{"embeddable":true,"href":"https:\/\/vwdtest.com\/es\/wp-json\/wp\/v2\/media\/2539"}],"wp:attachment":[{"href":"https:\/\/vwdtest.com\/es\/wp-json\/wp\/v2\/media?parent=2719"}],"curies":[{"name":"wp","href":"https:\/\/api.w.org\/{rel}","templated":true}]}}