{"id":2717,"date":"2023-02-21T21:13:32","date_gmt":"2023-02-21T21:13:32","guid":{"rendered":"https:\/\/new.vwdtest.com\/es\/hcp-vwd\/"},"modified":"2024-03-07T07:46:28","modified_gmt":"2024-03-07T07:46:28","slug":"hcp-vwd","status":"publish","type":"page","link":"https:\/\/vwdtest.com\/es\/hcp-vwd\/","title":{"rendered":"\ufeff  Pr. Sanitarios &amp; EVW"},"content":{"rendered":"\r\n\r\n<div class=\"container hb\">\r\n\t<div class=\"row\">\r\n\t\t<div class=\"col-12 col-lg-6 rtl\">\t\t<div class=\"hb__video ltr\">\r\n\t\t\t<div class=\"hb__video-img play_video\" data-video=\"video_hba\"><img decoding=\"async\" src=\"https:\/\/vwdtest.com\/es\/wp-content\/uploads\/sites\/55\/2024\/02\/VWD-thumb-Maria-ES.png\"\r\n\t\t\t\t\tclass=\"hb__video-image\"><\/div>\r\n\t\t\t<div class=\"hb__video-text\">\r\n\t\t\t\t<h3 class=\"hb__video-title\">\r\n\t\t\t\t\tConozca<br \/>\r\nla iniciativa VWDtest\t\t\t\t<\/h3>\r\n\t\t\t\t<button id=\"hcp_video\" class=\"hb__video-button button__large play_video\" data-video=\"video_hba\">\r\n\t\t\t\t\tVer\t\t\t\t<\/button>\r\n\t\t\t<\/div>\r\n\t\t<\/div>\r\n\t\t<div class=\"hb__add-text\">\r\n\t\t\t<h3><strong>VWDtest.com ha sido desarrollada por el Dr. Fernando Corrales-Medina (profesor titular de pediatr\u00eda cl\u00ednica, Universidad de Miami-Miller School of Medicine, EE.\u00a0UU.), el Prof. Erik Berntorp (profesor de investigaci\u00f3n cl\u00ednica sobre coagulaci\u00f3n, Universidad de Lund, Suiza) y su equipo internacional de expertos en trastornos hemorr\u00e1gicos para responder a preguntas sobre los s\u00edntomas de sangrados at\u00edpicos y la <a href=\"\/es\/von-willebrand-disease\/\">enfermedad de Von Willebrand<\/a> (EVW).<\/strong><\/h3>\n\t\t<\/div>\r\n\t\t<h1>\r\n\t\t\tLa atenci\u00f3n de personas con EVW: un trabajo en equipo\t\t<\/h1>\r\n\t\t<ul>\n<li>\u00bfTiene pacientes preocupados por sus sangrados nasales recurrentes o menstruaciones abundantes?<\/li>\n<li>\u00bfLe ha visitado un padre preocupado porque su hijo se hace hematomas con facilidad?<\/li>\n<li>\u00bfSe puso en contacto con usted alg\u00fan paciente con la enfermedad de Von Willebrand que buscaba tratamiento? \u00bfA alguno de sus pacientes habituales le han diagnosticado esta enfermedad?<\/li>\n<li>\u00bfSe pregunta si la hemorragia ocurrida durante una intervenci\u00f3n que realiz\u00f3 hace poco es indicativa de un trastorno hemorr\u00e1gico no diagnosticado?<\/li>\n<\/ul>\n<h4>Muchos pacientes con la <a href=\"\/es\/von-willebrand-disease\/\">enfermedad de Von Willebrand<\/a> (EVW) desconocen su enfermedad y diagnosticarla contin\u00faa siendo complicado. VWDtest.com le ayuda a identificar y diagnosticar a pacientes con trastornos hemorr\u00e1gicos. Tambi\u00e9n encontrar\u00e1 consejos sobre su papel en el itinerario de su paciente y opiniones de expertos sobre el abordaje de la EVW. El diagn\u00f3stico y tratamiento de la EVW consiste siempre en un esfuerzo multidisciplinar; sus aportaciones y experiencia son fundamentales para asegurar que sus pacientes reciban la atenci\u00f3n que merecen.<\/h4>\n\t<\/div>\r\n\t<div class=\"col-12 col-lg-6\">\r\n\t<div class=\"hb__persons row\">\r\n\t\t\t\t\t\t\t\t\r\n\t\t\t\t<div class=\"hb__person col-6\" id=\"person_1\">\r\n\t\t\t\t\t<img decoding=\"async\" class=\"hb__person-image hbi\" src=\"https:\/\/vwdtest.com\/es\/wp-content\/uploads\/sites\/55\/2023\/02\/gynaecologist.png\"\r\n\t\t\t\t\t\talt=\"GINECOLOG\u00cdA \/&lt;br&gt;OBSTETRICIA\">\r\n\t\t\t\t\t<a href=\"https:\/\/vwdtest.com\/es\/vwd-and-gynaecology-obstetrics\/\" class=\"hb__person-button hbb\">\r\n\t\t\t\t\t\t<div class=\"hb__person-text\">\r\n\t\t\t\t\t\t\t<span class=\"hb__person-content\">\r\n\t\t\t\t\t\t\t\tGINECOLOG\u00cdA \/<br>OBSTETRICIA<span class=\"hb__person-content-arrow\"><\/span>\r\n\t\t\t\t\t\t\t<\/span>\r\n\t\t\t\t\t\t\t<span class=\"hb__person-bg\">\r\n\t\t\t\t\t\t\t\t<span class=\"hb__person-arrow triangle up hba\"><\/span>\r\n\t\t\t\t\t\t\t<\/span>\r\n\t\t\t\t\t\t<\/div>\r\n\t\t\t\t\t<\/a>\r\n\t\t\t\t<\/div>\r\n\t\t\t\t\t\t\t\r\n\t\t\t\t<div class=\"hb__person col-6\" id=\"person_2\">\r\n\t\t\t\t\t<img decoding=\"async\" class=\"hb__person-image hbi\" src=\"https:\/\/vwdtest.com\/es\/wp-content\/uploads\/sites\/55\/2023\/02\/dentist.png\"\r\n\t\t\t\t\t\talt=\"ODONTOLOG\u00cdA\">\r\n\t\t\t\t\t<a href=\"https:\/\/vwdtest.com\/es\/vwd-and-denstistry\/\" class=\"hb__person-button hbb\">\r\n\t\t\t\t\t\t<div class=\"hb__person-text\">\r\n\t\t\t\t\t\t\t<span class=\"hb__person-content\">\r\n\t\t\t\t\t\t\t\tODONTOLOG\u00cdA<span class=\"hb__person-content-arrow\"><\/span>\r\n\t\t\t\t\t\t\t<\/span>\r\n\t\t\t\t\t\t\t<span class=\"hb__person-bg\">\r\n\t\t\t\t\t\t\t\t<span class=\"hb__person-arrow triangle up hba\"><\/span>\r\n\t\t\t\t\t\t\t<\/span>\r\n\t\t\t\t\t\t<\/div>\r\n\t\t\t\t\t<\/a>\r\n\t\t\t\t<\/div>\r\n\t\t\t\t\t\t\t\r\n\t\t\t\t<div class=\"hb__person col-6\" id=\"person_3\">\r\n\t\t\t\t\t<img decoding=\"async\" class=\"hb__person-image hbi\" src=\"https:\/\/vwdtest.com\/es\/wp-content\/uploads\/sites\/55\/2023\/02\/family-doctor.png\"\r\n\t\t\t\t\t\talt=\"MEDICINA DE FAMILIA \/ &lt;br&gt;PEDIATR\u00cdA\">\r\n\t\t\t\t\t<a href=\"https:\/\/vwdtest.com\/es\/family-doctor-paediatrician\/\" class=\"hb__person-button hbb\">\r\n\t\t\t\t\t\t<div class=\"hb__person-text\">\r\n\t\t\t\t\t\t\t<span class=\"hb__person-content\">\r\n\t\t\t\t\t\t\t\tMEDICINA DE FAMILIA \/ <br>PEDIATR\u00cdA<span class=\"hb__person-content-arrow\"><\/span>\r\n\t\t\t\t\t\t\t<\/span>\r\n\t\t\t\t\t\t\t<span class=\"hb__person-bg\">\r\n\t\t\t\t\t\t\t\t<span class=\"hb__person-arrow triangle up hba\"><\/span>\r\n\t\t\t\t\t\t\t<\/span>\r\n\t\t\t\t\t\t<\/div>\r\n\t\t\t\t\t<\/a>\r\n\t\t\t\t<\/div>\r\n\t\t\t\t\t\t\t\r\n\t\t\t\t<div class=\"hb__person col-6\" id=\"person_4\">\r\n\t\t\t\t\t<img decoding=\"async\" class=\"hb__person-image hbi\" src=\"https:\/\/vwdtest.com\/es\/wp-content\/uploads\/sites\/55\/2023\/02\/resources.png\"\r\n\t\t\t\t\t\talt=\"Recursos&lt;br&gt;para m\u00e9dicos\">\r\n\t\t\t\t\t<a href=\"https:\/\/vwdtest.com\/es\/clinician-materials\/\" class=\"hb__person-button hbb\">\r\n\t\t\t\t\t\t<div class=\"hb__person-text\">\r\n\t\t\t\t\t\t\t<span class=\"hb__person-content\">\r\n\t\t\t\t\t\t\t\tRecursos<br>para m\u00e9dicos<span class=\"hb__person-content-arrow\"><\/span>\r\n\t\t\t\t\t\t\t<\/span>\r\n\t\t\t\t\t\t\t<span class=\"hb__person-bg\">\r\n\t\t\t\t\t\t\t\t<span class=\"hb__person-arrow triangle up hba\"><\/span>\r\n\t\t\t\t\t\t\t<\/span>\r\n\t\t\t\t\t\t<\/div>\r\n\t\t\t\t\t<\/a>\r\n\t\t\t\t<\/div>\r\n\t\t\t\t\t\t\t\t\t\t<\/div>\r\n<\/div>\r\n<!-- <div class=\"row\">\r\n\t<div class=\"col-12 col-lg-5\">\r\n\t\t<div class=\"hb__video\">\r\n\t\t\t<div class=\"hb__video-img play_video\" data-video=\"video_hba\"><img decoding=\"async\" src=\"https:\/\/vwdtest.com\/es\/wp-content\/uploads\/sites\/55\/2024\/02\/VWD-thumb-Maria-ES.png\"\r\n\t\t\t\t\tclass=\"hb__video-image\"><\/div>\r\n\t\t\t<div class=\"hb__video-text\">\r\n\t\t\t\t<h3 class=\"hb__video-title\">\r\n\t\t\t\t\tConozca<br \/>\r\nla iniciativa VWDtest\t\t\t\t<\/h3>\r\n\t\t\t\t<button class=\"hb__video-button button__large play_video\" data-video=\"video_hba\">\r\n\t\t\t\t\tVer\t\t\t\t<\/button>\r\n\t\t\t<\/div>\r\n\t\t<\/div>\r\n\t<\/div>\r\n\t<div class=\"col-12 col-lg-7\">\r\n\t\t<div class=\"hb__add-text\">\r\n\t\t\t<h3><strong>VWDtest.com ha sido desarrollada por el Dr. Fernando Corrales-Medina (profesor titular de pediatr\u00eda cl\u00ednica, Universidad de Miami-Miller School of Medicine, EE.\u00a0UU.), el Prof. Erik Berntorp (profesor de investigaci\u00f3n cl\u00ednica sobre coagulaci\u00f3n, Universidad de Lund, Suiza) y su equipo internacional de expertos en trastornos hemorr\u00e1gicos para responder a preguntas sobre los s\u00edntomas de sangrados at\u00edpicos y la <a href=\"\/es\/von-willebrand-disease\/\">enfermedad de Von Willebrand<\/a> (EVW).<\/strong><\/h3>\n\t\t<\/div>\r\n\t<\/div>\r\n<\/div> -->\r\n<\/div>\r\n\r\n<div class=\"video\" id=\"video_hba\">\r\n\t<div class=\"video__box\">\r\n\t\t<div class=\"popup-close-icon\"><img\r\n\t\t\t\tsrc=\"https:\/\/vwdtest.com\/fr\/wp-content\/uploads\/sites\/22\/2023\/09\/cross-icon1.svg\" alt=\"cross-icon\">\r\n\t\t<\/div>\r\n\t\t<video width=\"320\" height=\"240\" controls>\r\n\t\t\t<source src=\"https:\/\/vwdtest.com\/es\/wp-content\/uploads\/sites\/55\/2024\/02\/Maria-proof-11.mp4\" type=\"video\/mp4\">\r\n\t\t\tYour browser does not support the video tag.\r\n\t\t\t\t\t<\/video>\r\n\t<\/div>\r\n<\/div>","protected":false},"excerpt":{"rendered":"","protected":false},"author":1,"featured_media":0,"parent":0,"menu_order":0,"comment_status":"closed","ping_status":"closed","template":"front-page.php","meta":{"inline_featured_image":false},"acf":[],"yoast_head":"<!-- This site is optimized with the Yoast SEO plugin v20.4 - https:\/\/yoast.com\/wordpress\/plugins\/seo\/ -->\n<title>\ufeff Pr. Sanitarios &amp; EVW - Spain<\/title>\n<meta name=\"robots\" content=\"index, follow, max-snippet:-1, max-image-preview:large, max-video-preview:-1\" \/>\n<link rel=\"canonical\" href=\"https:\/\/vwdtest.com\/es\/hcp-vwd\/\" \/>\n<meta property=\"og:locale\" content=\"en_US\" \/>\n<meta property=\"og:type\" content=\"article\" \/>\n<meta property=\"og:title\" content=\"\ufeff Pr. Sanitarios &amp; EVW - Spain\" \/>\n<meta property=\"og:url\" content=\"https:\/\/vwdtest.com\/es\/hcp-vwd\/\" \/>\n<meta property=\"og:site_name\" content=\"Spain\" \/>\n<meta property=\"article:modified_time\" content=\"2024-03-07T07:46:28+00:00\" \/>\n<meta name=\"twitter:card\" content=\"summary_large_image\" \/>\n<script type=\"application\/ld+json\" class=\"yoast-schema-graph\">{\"@context\":\"https:\/\/schema.org\",\"@graph\":[{\"@type\":\"WebPage\",\"@id\":\"https:\/\/vwdtest.com\/es\/hcp-vwd\/\",\"url\":\"https:\/\/vwdtest.com\/es\/hcp-vwd\/\",\"name\":\"\ufeff Pr. Sanitarios &amp; EVW - Spain\",\"isPartOf\":{\"@id\":\"https:\/\/vwdtest.com\/es\/#website\"},\"datePublished\":\"2023-02-21T21:13:32+00:00\",\"dateModified\":\"2024-03-07T07:46:28+00:00\",\"breadcrumb\":{\"@id\":\"https:\/\/vwdtest.com\/es\/hcp-vwd\/#breadcrumb\"},\"inLanguage\":\"en-US\",\"potentialAction\":[{\"@type\":\"ReadAction\",\"target\":[\"https:\/\/vwdtest.com\/es\/hcp-vwd\/\"]}]},{\"@type\":\"BreadcrumbList\",\"@id\":\"https:\/\/vwdtest.com\/es\/hcp-vwd\/#breadcrumb\",\"itemListElement\":[{\"@type\":\"ListItem\",\"position\":1,\"name\":\"Home\",\"item\":\"https:\/\/vwdtest.com\/es\/\"},{\"@type\":\"ListItem\",\"position\":2,\"name\":\"\ufeff Pr. Sanitarios &amp; EVW\"}]},{\"@type\":\"WebSite\",\"@id\":\"https:\/\/vwdtest.com\/es\/#website\",\"url\":\"https:\/\/vwdtest.com\/es\/\",\"name\":\"Spain\",\"description\":\"\",\"potentialAction\":[{\"@type\":\"SearchAction\",\"target\":{\"@type\":\"EntryPoint\",\"urlTemplate\":\"https:\/\/vwdtest.com\/es\/?s={search_term_string}\"},\"query-input\":\"required name=search_term_string\"}],\"inLanguage\":\"en-US\"}]}<\/script>\n<!-- \/ Yoast SEO plugin. -->","yoast_head_json":{"title":"\ufeff Pr. Sanitarios &amp; EVW - Spain","robots":{"index":"index","follow":"follow","max-snippet":"max-snippet:-1","max-image-preview":"max-image-preview:large","max-video-preview":"max-video-preview:-1"},"canonical":"https:\/\/vwdtest.com\/es\/hcp-vwd\/","og_locale":"en_US","og_type":"article","og_title":"\ufeff Pr. Sanitarios &amp; EVW - Spain","og_url":"https:\/\/vwdtest.com\/es\/hcp-vwd\/","og_site_name":"Spain","article_modified_time":"2024-03-07T07:46:28+00:00","twitter_card":"summary_large_image","schema":{"@context":"https:\/\/schema.org","@graph":[{"@type":"WebPage","@id":"https:\/\/vwdtest.com\/es\/hcp-vwd\/","url":"https:\/\/vwdtest.com\/es\/hcp-vwd\/","name":"\ufeff Pr. Sanitarios &amp; EVW - Spain","isPartOf":{"@id":"https:\/\/vwdtest.com\/es\/#website"},"datePublished":"2023-02-21T21:13:32+00:00","dateModified":"2024-03-07T07:46:28+00:00","breadcrumb":{"@id":"https:\/\/vwdtest.com\/es\/hcp-vwd\/#breadcrumb"},"inLanguage":"en-US","potentialAction":[{"@type":"ReadAction","target":["https:\/\/vwdtest.com\/es\/hcp-vwd\/"]}]},{"@type":"BreadcrumbList","@id":"https:\/\/vwdtest.com\/es\/hcp-vwd\/#breadcrumb","itemListElement":[{"@type":"ListItem","position":1,"name":"Home","item":"https:\/\/vwdtest.com\/es\/"},{"@type":"ListItem","position":2,"name":"\ufeff Pr. Sanitarios &amp; EVW"}]},{"@type":"WebSite","@id":"https:\/\/vwdtest.com\/es\/#website","url":"https:\/\/vwdtest.com\/es\/","name":"Spain","description":"","potentialAction":[{"@type":"SearchAction","target":{"@type":"EntryPoint","urlTemplate":"https:\/\/vwdtest.com\/es\/?s={search_term_string}"},"query-input":"required name=search_term_string"}],"inLanguage":"en-US"}]}},"_links":{"self":[{"href":"https:\/\/vwdtest.com\/es\/wp-json\/wp\/v2\/pages\/2717"}],"collection":[{"href":"https:\/\/vwdtest.com\/es\/wp-json\/wp\/v2\/pages"}],"about":[{"href":"https:\/\/vwdtest.com\/es\/wp-json\/wp\/v2\/types\/page"}],"author":[{"embeddable":true,"href":"https:\/\/vwdtest.com\/es\/wp-json\/wp\/v2\/users\/1"}],"replies":[{"embeddable":true,"href":"https:\/\/vwdtest.com\/es\/wp-json\/wp\/v2\/comments?post=2717"}],"version-history":[{"count":13,"href":"https:\/\/vwdtest.com\/es\/wp-json\/wp\/v2\/pages\/2717\/revisions"}],"predecessor-version":[{"id":3161,"href":"https:\/\/vwdtest.com\/es\/wp-json\/wp\/v2\/pages\/2717\/revisions\/3161"}],"wp:attachment":[{"href":"https:\/\/vwdtest.com\/es\/wp-json\/wp\/v2\/media?parent=2717"}],"curies":[{"name":"wp","href":"https:\/\/api.w.org\/{rel}","templated":true}]}}