{"id":2716,"date":"2023-02-21T21:22:33","date_gmt":"2023-02-21T21:22:33","guid":{"rendered":"https:\/\/new.vwdtest.com\/es\/legal-statement\/"},"modified":"2024-04-03T06:53:29","modified_gmt":"2024-04-03T06:53:29","slug":"legal-statement","status":"publish","type":"page","link":"https:\/\/vwdtest.com\/es\/legal-statement\/","title":{"rendered":"Aviso legal"},"content":{"rendered":"<div class=\"default-block container\">\n<h2>Condiciones de uso<\/h2>\n<\/div>\n\n<div class=\"default-block container\">\n<p class=\"full\">Octapharma AG, Seidenstrasse 2, 8853 Lachen SZ, Suiza, ha creado y controla este sitio web.<\/p>\n<\/div>\n\n<div class=\"default-block container\">\n<p class=\"full\">Al utilizar este sitio web, acepta los t\u00e9rminos y condiciones que se incluyen a continuaci\u00f3n y todas las leyes aplicables. Si no acepta obedecer estos t\u00e9rminos y condiciones, no utilice este sitio web.<\/p>\n<\/div>\n\n<div class=\"default-block container\">\n<h2>Informaci\u00f3n m\u00e9dica<\/h2>\n<\/div>\n\n<div class=\"default-block container\">\n<p class=\"full\">La informaci\u00f3n m\u00e9dica mostrada en este sitio web ha sido proporcionada por Octapharma AG y tiene fines \u00fanicamente de informaci\u00f3n general. Con esta informaci\u00f3n no se pretende proporcionar una informaci\u00f3n m\u00e9dica completa. Usted debe obtener siempre la informaci\u00f3n m\u00e9dica completa sobre sus medicamentos de venta con receta o productos sanitarios (incluidos sus usos m\u00e9dicos beneficiosos y los posibles efectos secundarios) hablando sobre el uso apropiado de cualquier medicamento\/producto sanitario directamente con el m\u00e9dico que se lo prescriba o, cuando corresponda, con otro asesor m\u00e9dico. La informaci\u00f3n m\u00e9dica proporcionada no constituye ni pretende constituir un incentivo para recomendar, comprar, prescribir, vender o administrar un producto particular de las empresas del grupo Octapharma.<\/p>\n<\/div>\n\n<div class=\"default-block container\">\n<h2>Protecci\u00f3n de los derechos de autor<\/h2>\n<\/div>\n\n<div class=\"default-block container\">\n<p class=\"full\">Los derechos de autor de todos los materiales incluidos en este sitio web pertenecen a Octapharma AG, a menos que se indique lo contrario.<\/p>\n<\/div>\n\n<div class=\"default-block container\">\n<p class=\"full\">Octapharma AG se reserva todos los derechos sobre el contenido y el dise\u00f1o de este sitio web. A menos que Octapharma AG lo autorice por escrito, no debe reproducir, usar o copiar ning\u00fan contenido de este sitio web, incluidos nombres, logos, dise\u00f1os, informaci\u00f3n de productos y cualquier otro material\/informaci\u00f3n usado en este sitio web (en lo sucesivo denominados \u00abInformaci\u00f3n\u00bb). No debe usar con fines comerciales ninguna Informaci\u00f3n y no debe provocar que ninguna Informaci\u00f3n se enmarque o inserte en otro sitio web sin la autorizaci\u00f3n previa por escrito de Octapharma AG.<\/p>\n<\/div>\n\n<div class=\"default-block container\">\n<p class=\"full\">Toda la Informaci\u00f3n relacionada con este sitio web es propiedad de su respectivo propietario y no debe usarse total o parcialmente en ninguna jurisdicci\u00f3n sin el consentimiento previo por escrito de su propietario. Tampoco debe usarse ning\u00fan material gr\u00e1fico que sea sustancialmente similar a cualquier marca registrada, logo o nombre que aparezca en este sitio web.<\/p>\n<\/div>\n\n<div class=\"default-block container\">\n<h2>Ninguna garant\u00eda ni declaraci\u00f3n<\/h2>\n<\/div>\n\n<div class=\"default-block container\">\n<p class=\"full\">La Informaci\u00f3n se proporciona en su estado actual y sin garant\u00edas de ning\u00fan tipo, ni expl\u00edcitas ni impl\u00edcitas.<\/p>\n<\/div>\n\n<div class=\"default-block container\">\n<p class=\"full\">En la medida en que lo permita la ley, Octapharma AG renuncia expresamente a todas las declaraciones y garant\u00edas, expl\u00edcitas o impl\u00edcitas, en relaci\u00f3n con este sitio web, incluidas las declaraciones o garant\u00edas de cualquier tipo con respecto a lo siguiente:<\/p>\n<\/div>\n\n<div class=\"default-block container\">\n<ul><div class=\"default-block container\">\n<li>La exactitud o exhaustividad de cualquier Informaci\u00f3n incluida en este sitio web.<\/li>\n<\/div>\n\n<div class=\"default-block container\">\n<li>La exactitud o exhaustividad de cualquier Informaci\u00f3n que contenga cualquier sitio web del que se incluya un hiperv\u00ednculo en este sitio web.<\/li>\n<\/div>\n\n<div class=\"default-block container\">\n<li>La Informaci\u00f3n se proporciona considerando que todas las personas que acceden al sitio web asumen la responsabilidad de contrastar la exactitud de su contenido y conf\u00edan en \u00e9l bajo su propia responsabilidad. Octapharma AG (incluidos sus directores, afiliados, directivos, empleados, agentes, contratistas, sucesores y cesionarios) no asume ninguna responsabilidad por las p\u00e9rdidas o da\u00f1os o perjuicios que sufra cualquier persona como resultado de la confianza depositada en la Informaci\u00f3n o en cualquier otra informaci\u00f3n incorporada a modo de referencia.<\/li>\n<\/div><\/ul>\n<\/div>\n\n<div class=\"default-block container\">\n<h2>C\u00f3digo deontol\u00f3gico aplicable<\/h2>\n<\/div>\n\n<div class=\"default-block container\">\n<p class=\"full\">Octapharma AG se esfuerza en cumplir las disposiciones del c\u00f3digo de pr\u00e1cticas de la Federaci\u00f3n Internacional de Asociaciones y Fabricantes Farmac\u00e9uticos (IFPMA). La \u00faltima versi\u00f3n de este c\u00f3digo puede consultarse en el siguiente enlace:&nbsp;<a rel=\"noreferrer noopener\" href=\"https:\/\/www.ifpma.org\/resource-centre\/ifpma-code-of-practice\/\" target=\"_blank\">https:\/\/www.ifpma.org\/resource-centre\/ifpma-code-of-practice\/<\/a><\/p>\n<\/div>\n\n<div class=\"default-block container\">\n<h2>Limitaci\u00f3n de responsabilidades<\/h2>\n<\/div>\n\n<div class=\"default-block container\">\n<p class=\"full\">En ninguna circunstancia ser\u00e1 responsable Octapharma AG (incluidos sus directores, afiliados, directivos, empleados, agentes, contratistas, sucesores y cesionarios) de ning\u00fan da\u00f1o o perjuicio directo, indirecto, punitivo, fortuito, especial o consecuente ni de ning\u00fan otro da\u00f1o o perjuicio, incluidos los da\u00f1os por p\u00e9rdida de uso, datos, oportunidades o lucro cesante que se deriven o tengan relaci\u00f3n con el uso o rendimiento de este sitio web.<\/p>\n<\/div>\n\n<div class=\"default-block container\">\n<h2>Sitios web de terceros<\/h2>\n<\/div>\n\n<div class=\"default-block container\">\n<p class=\"full\">Para su conveniencia, Octapharma AG puede proporcionar, en este sitio web, enlaces a sitios web operados por otras entidades. Si usa esos sitios web, usted abandonar\u00e1 este sitio web. Si decide visitar alg\u00fan sitio web enlazado, lo har\u00e1 bajo su responsabilidad y ser\u00e1 responsable de tomar todas las medidas de protecci\u00f3n necesarias para protegerse de virus u otros elementos destructivos.<\/p>\n<\/div>\n\n<div class=\"default-block container\">\n<p class=\"full\">Octapharma AG (incluidos sus directores, afiliados, directivos, empleados, agentes, contratistas, sucesores y cesionarios) no ofrece ninguna declaraci\u00f3n ni garant\u00eda con relaci\u00f3n a ning\u00fan sitio web enlazado ni a la informaci\u00f3n que aparezca en \u00e9l, ni respecto a ning\u00fan producto o servicio descrito en \u00e9l, ni avala ning\u00fan sitio web enlazado, la informaci\u00f3n que contenga ni ning\u00fan producto o servicio descrito en \u00e9l.<\/p>\n<\/div>\n\n<div class=\"default-block container\">\n<p class=\"full\">Los enlaces no implican que Octapharma AG est\u00e9 afiliada o asociada con ninguno de los sitios web enlazados; ni que est\u00e9 legalmente autorizada a usar ninguna marca registrada, nombre registrado, logo o s\u00edmbolo de derechos de autor que se muestren en los enlaces o que sean accesibles a trav\u00e9s de los enlaces. Los enlaces tampoco implican que los sitios web enlazados est\u00e9n autorizados a usar ninguna marca registrada, nombre registrado, logo o s\u00edmbolo de derechos de autor de Octapharma AG.<\/p>\n<\/div>\n\n<div class=\"default-block container\">\n<p class=\"full\">Todos los enlaces a este sitio web deben estar aprobados por Octapharma AG. Octapharma AG se reserva el derecho de revocar el consentimiento para el enlace en cualquier momento y a su absoluta discreci\u00f3n.<\/p>\n<\/div>\n\n<div class=\"default-block container\">\n<h2>Enmiendas al sitio web<\/h2>\n<\/div>\n\n<div class=\"default-block container\">\n<p class=\"full\">Octapharma AG se reserva el derecho a realizar cambios, modificaciones, adiciones, supresiones y correcciones a este sitio web en cualquier momento y sin previo aviso. Octapharma AG tambi\u00e9n podr\u00eda retirar el acceso a este sitio web en cualquier momento y sin previo aviso.<\/p>\n<\/div>\n\n<div class=\"default-block container\">\n<h2>Protecci\u00f3n ante virus<\/h2>\n<\/div>\n\n<div class=\"default-block container\">\n<p class=\"full\">Octapharma AG no garantiza ni declara que este sitio web o los correos electr\u00f3nicos recibidos de parte de Octapharma AG, conforme al servicio de la lista de correo, se proporcionen de manera ininterrumpida ni que est\u00e9n libres de virus u otros componentes da\u00f1inos. Octapharma AG (incluidos sus directores, afiliados, directivos, empleados, agentes, contratistas, sucesores y cesionarios) no asume ninguna responsabilidad por ning\u00fan da\u00f1o o perjuicio causado a su equipo como resultado de acceder a este sitio web, descargar cualquier contenido de este sitio web o recibir correos de Octapharma AG conforme al servicio de la lista de correo.<\/p>\n<\/div>\n\n<div class=\"default-block container\">\n<h2>Legislaci\u00f3n aplicable<\/h2>\n<\/div>\n\n<div class=\"default-block container\">\n<p class=\"full\">Estas condiciones de uso as\u00ed como la pol\u00edtica de privacidad y la resoluci\u00f3n de cualquier disputa relativa a estas condiciones de uso y\/o la pol\u00edtica de privacidad se interpretar\u00e1n con arreglo a las leyes de Suiza. La \u00fanica jurisdicci\u00f3n competente ser\u00e1 Lachen, SZ, Suiza.<\/p>\n<\/div>","protected":false},"excerpt":{"rendered":"<p>Condiciones de uso Octapharma AG, Seidenstrasse 2, 8853 Lachen SZ, Suiza, ha creado y controla este sitio web. Al utilizar este sitio web, acepta los t\u00e9rminos y condiciones que se incluyen a continuaci\u00f3n y todas las leyes aplicables. Si no acepta obedecer estos t\u00e9rminos y condiciones, no utilice este sitio web. Informaci\u00f3n m\u00e9dica La informaci\u00f3n [&hellip;]<\/p>\n","protected":false},"author":1,"featured_media":0,"parent":0,"menu_order":0,"comment_status":"closed","ping_status":"closed","template":"front-page.php","meta":{"inline_featured_image":false},"acf":[],"yoast_head":"<!-- This site is optimized with the Yoast SEO plugin v20.4 - https:\/\/yoast.com\/wordpress\/plugins\/seo\/ -->\n<title>Aviso legal - Spain<\/title>\n<meta name=\"robots\" content=\"index, follow, max-snippet:-1, max-image-preview:large, max-video-preview:-1\" \/>\n<link rel=\"canonical\" href=\"https:\/\/vwdtest.com\/es\/legal-statement\/\" \/>\n<meta property=\"og:locale\" content=\"en_US\" \/>\n<meta property=\"og:type\" content=\"article\" \/>\n<meta property=\"og:title\" content=\"Aviso legal - Spain\" \/>\n<meta property=\"og:description\" content=\"Condiciones de uso Octapharma AG, Seidenstrasse 2, 8853 Lachen SZ, Suiza, ha creado y controla este sitio web. Al utilizar este sitio web, acepta los t\u00e9rminos y condiciones que se incluyen a continuaci\u00f3n y todas las leyes aplicables. Si no acepta obedecer estos t\u00e9rminos y condiciones, no utilice este sitio web. Informaci\u00f3n m\u00e9dica La informaci\u00f3n [&hellip;]\" \/>\n<meta property=\"og:url\" content=\"https:\/\/vwdtest.com\/es\/legal-statement\/\" \/>\n<meta property=\"og:site_name\" content=\"Spain\" \/>\n<meta property=\"article:modified_time\" content=\"2024-04-03T06:53:29+00:00\" \/>\n<meta name=\"twitter:card\" content=\"summary_large_image\" \/>\n<meta name=\"twitter:label1\" content=\"Est. reading time\" \/>\n\t<meta name=\"twitter:data1\" content=\"5 minutes\" \/>\n<script type=\"application\/ld+json\" class=\"yoast-schema-graph\">{\"@context\":\"https:\/\/schema.org\",\"@graph\":[{\"@type\":\"WebPage\",\"@id\":\"https:\/\/vwdtest.com\/es\/legal-statement\/\",\"url\":\"https:\/\/vwdtest.com\/es\/legal-statement\/\",\"name\":\"Aviso legal - Spain\",\"isPartOf\":{\"@id\":\"https:\/\/vwdtest.com\/es\/#website\"},\"datePublished\":\"2023-02-21T21:22:33+00:00\",\"dateModified\":\"2024-04-03T06:53:29+00:00\",\"breadcrumb\":{\"@id\":\"https:\/\/vwdtest.com\/es\/legal-statement\/#breadcrumb\"},\"inLanguage\":\"en-US\",\"potentialAction\":[{\"@type\":\"ReadAction\",\"target\":[\"https:\/\/vwdtest.com\/es\/legal-statement\/\"]}]},{\"@type\":\"BreadcrumbList\",\"@id\":\"https:\/\/vwdtest.com\/es\/legal-statement\/#breadcrumb\",\"itemListElement\":[{\"@type\":\"ListItem\",\"position\":1,\"name\":\"Home\",\"item\":\"https:\/\/vwdtest.com\/es\/\"},{\"@type\":\"ListItem\",\"position\":2,\"name\":\"Aviso legal\"}]},{\"@type\":\"WebSite\",\"@id\":\"https:\/\/vwdtest.com\/es\/#website\",\"url\":\"https:\/\/vwdtest.com\/es\/\",\"name\":\"Spain\",\"description\":\"\",\"potentialAction\":[{\"@type\":\"SearchAction\",\"target\":{\"@type\":\"EntryPoint\",\"urlTemplate\":\"https:\/\/vwdtest.com\/es\/?s={search_term_string}\"},\"query-input\":\"required name=search_term_string\"}],\"inLanguage\":\"en-US\"}]}<\/script>\n<!-- \/ Yoast SEO plugin. -->","yoast_head_json":{"title":"Aviso legal - Spain","robots":{"index":"index","follow":"follow","max-snippet":"max-snippet:-1","max-image-preview":"max-image-preview:large","max-video-preview":"max-video-preview:-1"},"canonical":"https:\/\/vwdtest.com\/es\/legal-statement\/","og_locale":"en_US","og_type":"article","og_title":"Aviso legal - Spain","og_description":"Condiciones de uso Octapharma AG, Seidenstrasse 2, 8853 Lachen SZ, Suiza, ha creado y controla este sitio web. Al utilizar este sitio web, acepta los t\u00e9rminos y condiciones que se incluyen a continuaci\u00f3n y todas las leyes aplicables. Si no acepta obedecer estos t\u00e9rminos y condiciones, no utilice este sitio web. Informaci\u00f3n m\u00e9dica La informaci\u00f3n [&hellip;]","og_url":"https:\/\/vwdtest.com\/es\/legal-statement\/","og_site_name":"Spain","article_modified_time":"2024-04-03T06:53:29+00:00","twitter_card":"summary_large_image","twitter_misc":{"Est. reading time":"5 minutes"},"schema":{"@context":"https:\/\/schema.org","@graph":[{"@type":"WebPage","@id":"https:\/\/vwdtest.com\/es\/legal-statement\/","url":"https:\/\/vwdtest.com\/es\/legal-statement\/","name":"Aviso legal - Spain","isPartOf":{"@id":"https:\/\/vwdtest.com\/es\/#website"},"datePublished":"2023-02-21T21:22:33+00:00","dateModified":"2024-04-03T06:53:29+00:00","breadcrumb":{"@id":"https:\/\/vwdtest.com\/es\/legal-statement\/#breadcrumb"},"inLanguage":"en-US","potentialAction":[{"@type":"ReadAction","target":["https:\/\/vwdtest.com\/es\/legal-statement\/"]}]},{"@type":"BreadcrumbList","@id":"https:\/\/vwdtest.com\/es\/legal-statement\/#breadcrumb","itemListElement":[{"@type":"ListItem","position":1,"name":"Home","item":"https:\/\/vwdtest.com\/es\/"},{"@type":"ListItem","position":2,"name":"Aviso legal"}]},{"@type":"WebSite","@id":"https:\/\/vwdtest.com\/es\/#website","url":"https:\/\/vwdtest.com\/es\/","name":"Spain","description":"","potentialAction":[{"@type":"SearchAction","target":{"@type":"EntryPoint","urlTemplate":"https:\/\/vwdtest.com\/es\/?s={search_term_string}"},"query-input":"required name=search_term_string"}],"inLanguage":"en-US"}]}},"_links":{"self":[{"href":"https:\/\/vwdtest.com\/es\/wp-json\/wp\/v2\/pages\/2716"}],"collection":[{"href":"https:\/\/vwdtest.com\/es\/wp-json\/wp\/v2\/pages"}],"about":[{"href":"https:\/\/vwdtest.com\/es\/wp-json\/wp\/v2\/types\/page"}],"author":[{"embeddable":true,"href":"https:\/\/vwdtest.com\/es\/wp-json\/wp\/v2\/users\/1"}],"replies":[{"embeddable":true,"href":"https:\/\/vwdtest.com\/es\/wp-json\/wp\/v2\/comments?post=2716"}],"version-history":[{"count":3,"href":"https:\/\/vwdtest.com\/es\/wp-json\/wp\/v2\/pages\/2716\/revisions"}],"predecessor-version":[{"id":3280,"href":"https:\/\/vwdtest.com\/es\/wp-json\/wp\/v2\/pages\/2716\/revisions\/3280"}],"wp:attachment":[{"href":"https:\/\/vwdtest.com\/es\/wp-json\/wp\/v2\/media?parent=2716"}],"curies":[{"name":"wp","href":"https:\/\/api.w.org\/{rel}","templated":true}]}}