{"id":2715,"date":"2023-02-21T21:23:10","date_gmt":"2023-02-21T21:23:10","guid":{"rendered":"https:\/\/new.vwdtest.com\/es\/cookie-preferences\/"},"modified":"2024-04-03T06:50:11","modified_gmt":"2024-04-03T06:50:11","slug":"cookie-preferences","status":"publish","type":"page","link":"https:\/\/vwdtest.com\/es\/cookie-preferences\/","title":{"rendered":"Preferencias sobre cookies"},"content":{"rendered":"<div class=\"default-block container\">\n<h2>Informaci\u00f3n sobre las cookies<\/h2>\n<\/div>\n\n<div class=\"default-block container\">\n<p class=\"full\">Las cookies son peque\u00f1os archivos de datos que un sitio web env\u00eda al navegador web de un usuario. Cuando visita\u00a0<a href=\"http:\/\/www.vwdtest.com\/es\/\">www.vwdtest.com<\/a>, si su navegador usa una configuraci\u00f3n est\u00e1ndar y acepta las cookies, estar\u00e1 aceptando que se almacenen cookies de este sitio web en su ordenador. Las cookies almacenadas permanecer\u00e1n en su ordenador despu\u00e9s de que abandone el sitio <a href=\"http:\/\/www.vwdtest.com\/es\/\">www.vwdtest.com<\/a>.<\/p>\n<\/div>\n\n<div class=\"default-block container\">\n<p class=\"full\">Si no desea que ocurra esto, puede configurar su navegador web para que rechace las cookies o para que le avise cuando se utilicen cookies. Tambi\u00e9n puede borrar las cookies manualmente en la configuraci\u00f3n de su navegador. La mayor\u00eda de elementos del sitio <a href=\"https:\/\/www.vwdtest.com\/es\/\">www.vwdtest.com<\/a> seguir\u00e1n funcionando aunque deshabilite las cookies en la configuraci\u00f3n de su navegador.<\/p>\n<\/div>\n\n<div class=\"default-block container\">\n<p class=\"full\">Puede encontrar m\u00e1s informaci\u00f3n sobre las cookies, incluido c\u00f3mo ver qu\u00e9 cookies se han implantado en su dispositivo y c\u00f3mo gestionarlas y eliminarlas en <a rel=\"noreferrer noopener\" href=\"https:\/\/www.aboutcookies.org\/\" target=\"_blank\">www.aboutcookies.org<\/a>.<\/p>\n<\/div>\n\n<div class=\"default-block container\">\n<p>En <a href=\"https:\/\/www.vwdtest.com\/es\/\">www.vwdtest.com<\/a>, utilizamos diferentes tipos de cookies:<\/p>\n<\/div>\n\n<div class=\"default-block container\">\n<p><strong>Cookies estrictamente necesarias<\/strong><\/p>\n<\/div>\n\n<div class=\"default-block container\">\n<figure class=\"wp-block-table\"><table><thead><tr><th>Tipo de cookie<\/th><th>Nombre<\/th><th>Prop\u00f3sito<\/th><th>Expiraci\u00f3n<\/th><\/tr><\/thead><tbody><tr><td>Matomo<\/td><td>mtm_cookie_consent<\/td><td>Se almacena para recordar si el usuario otorg\u00f3 su consentimiento al almacenamiento y uso de cookies.<\/td><td>30 a\u00f1os<\/td><\/tr><\/tbody><\/table><\/figure>\n<\/div>\n\n<div class=\"default-block container\">\n<p><strong>Cookies de rendimiento<\/strong><\/p>\n<\/div>\n\n<div class=\"default-block container\">\n<figure class=\"wp-block-table\"><table><thead><tr><th>Tipo de cookie<\/th><th>Nombre<\/th><th>Prop\u00f3sito<\/th><th>Expiraci\u00f3n<\/th><\/tr><\/thead><tbody><tr><td>Matomo<\/td><td>_pk_id<\/td><td>Sirve para el almacenamiento de un reducido n\u00famero de datos en relaci\u00f3n con el usuario, como el identificador \u00fanico de visitante.<\/td><td>1 a\u00f1o, 1 mes<\/td><\/tr><tr><td>_pk_ref<\/td><td>Sirve para el almacenamiento de la informaci\u00f3n de atribuci\u00f3n utilizada, en un primer momento, por el remitente para la visita al sitio web.<\/td><td>6 meses<\/td><\/tr><tr><td>_pk_ses<\/td><td>Sirve para almacenar un identificador \u00fanico de sesi\u00f3n.<\/td><td>30 minutos<\/td><\/tr><tr><td>_pk_cvar<\/td><td>Sirve para almacenar un identificador \u00fanico de sesi\u00f3n.<\/td><td>30 minutos<\/td><\/tr><tr><td>_pk_hsr<\/td><td>Sirve para almacenar un identificador \u00fanico de sesi\u00f3n.<\/td><td>30 minutos<\/td><\/tr><tr><td>_pk_testcookie<\/td><td>Sirve para cerciorarse de la compatibilidad con cookies del navegador del visitante.<\/td><td>Sesi\u00f3n<\/td><\/tr><tr><td>Matomo_sessid<\/td><td>Sirve para almacenar un identificador \u00fanico de sesi\u00f3n.<\/td><td>Sesi\u00f3n<\/td><\/tr><tr><\/tr><\/tbody><\/table><\/figure>\n<\/div>\n\n<div class=\"default-block container\">\n<p class=\"full\">Si cambia activamente la configuraci\u00f3n para permitir las cookies de rendimiento, acepta que Matomo recopile informaci\u00f3n sobre c\u00f3mo usa usted nuestro sitio web y c\u00f3mo navega por \u00e9l. Durante este proceso, su direcci\u00f3n IP se anonimizar\u00e1. Usamos esta informaci\u00f3n para mejorar la experiencia de usuario de todos los visitantes a nuestra p\u00e1gina de inicio.<\/p>\n<\/div>\n\n<div class=\"default-block container\">\n<p><strong>Cookies de funcionalidad<\/strong><\/p>\n<\/div>\n\n<div class=\"default-block container\">\n<p>Estas cookies no son esenciales, pero pueden mejorar su uso de <a href=\"https:\/\/www.vwdtest.com\/es\/\">www.vwdtest.com<\/a>:<\/p>\n<\/div>\n\n<div class=\"default-block container\">\n<figure class=\"wp-block-table\"><table><thead><tr><th>Tipo de cookie<\/th><th>Nombre<\/th><th>Expiraci\u00f3n<\/th><th>Prop\u00f3sito<\/th><\/tr><\/thead><tbody><tr><td>Cookie persistente<\/td><td>cookieconsent_status<\/td><td>1 a\u00f1o<\/td><td>Esta cookie est\u00e1 asociada a un texto que muestra una nota de advertencia sobre las cookies en el sitio web. Sirve para registrar que el usuario ha rechazado el aviso y evitar que vuelva a mostrarse en visitas posteriores.<\/td><\/tr><\/tbody><\/table><\/figure>\n<\/div>","protected":false},"excerpt":{"rendered":"<p>Informaci\u00f3n sobre las cookies Las cookies son peque\u00f1os archivos de datos que un sitio web env\u00eda al navegador web de un usuario. Cuando visita\u00a0www.vwdtest.com, si su navegador usa una configuraci\u00f3n est\u00e1ndar y acepta las cookies, estar\u00e1 aceptando que se almacenen cookies de este sitio web en su ordenador. Las cookies almacenadas permanecer\u00e1n en su ordenador [&hellip;]<\/p>\n","protected":false},"author":1,"featured_media":0,"parent":0,"menu_order":0,"comment_status":"closed","ping_status":"closed","template":"front-page.php","meta":{"inline_featured_image":false},"acf":[],"yoast_head":"<!-- This site is optimized with the Yoast SEO plugin v20.4 - https:\/\/yoast.com\/wordpress\/plugins\/seo\/ -->\n<title>Preferencias sobre cookies - Spain<\/title>\n<meta name=\"robots\" content=\"index, follow, max-snippet:-1, max-image-preview:large, max-video-preview:-1\" \/>\n<link rel=\"canonical\" href=\"https:\/\/vwdtest.com\/es\/cookie-preferences\/\" \/>\n<meta property=\"og:locale\" content=\"en_US\" \/>\n<meta property=\"og:type\" content=\"article\" \/>\n<meta property=\"og:title\" content=\"Preferencias sobre cookies - Spain\" \/>\n<meta property=\"og:description\" content=\"Informaci\u00f3n sobre las cookies Las cookies son peque\u00f1os archivos de datos que un sitio web env\u00eda al navegador web de un usuario. Cuando visita\u00a0www.vwdtest.com, si su navegador usa una configuraci\u00f3n est\u00e1ndar y acepta las cookies, estar\u00e1 aceptando que se almacenen cookies de este sitio web en su ordenador. Las cookies almacenadas permanecer\u00e1n en su ordenador [&hellip;]\" \/>\n<meta property=\"og:url\" content=\"https:\/\/vwdtest.com\/es\/cookie-preferences\/\" \/>\n<meta property=\"og:site_name\" content=\"Spain\" \/>\n<meta property=\"article:modified_time\" content=\"2024-04-03T06:50:11+00:00\" \/>\n<meta name=\"twitter:card\" content=\"summary_large_image\" \/>\n<meta name=\"twitter:label1\" content=\"Est. reading time\" \/>\n\t<meta name=\"twitter:data1\" content=\"2 minutes\" \/>\n<script type=\"application\/ld+json\" class=\"yoast-schema-graph\">{\"@context\":\"https:\/\/schema.org\",\"@graph\":[{\"@type\":\"WebPage\",\"@id\":\"https:\/\/vwdtest.com\/es\/cookie-preferences\/\",\"url\":\"https:\/\/vwdtest.com\/es\/cookie-preferences\/\",\"name\":\"Preferencias sobre cookies - Spain\",\"isPartOf\":{\"@id\":\"https:\/\/vwdtest.com\/es\/#website\"},\"datePublished\":\"2023-02-21T21:23:10+00:00\",\"dateModified\":\"2024-04-03T06:50:11+00:00\",\"breadcrumb\":{\"@id\":\"https:\/\/vwdtest.com\/es\/cookie-preferences\/#breadcrumb\"},\"inLanguage\":\"en-US\",\"potentialAction\":[{\"@type\":\"ReadAction\",\"target\":[\"https:\/\/vwdtest.com\/es\/cookie-preferences\/\"]}]},{\"@type\":\"BreadcrumbList\",\"@id\":\"https:\/\/vwdtest.com\/es\/cookie-preferences\/#breadcrumb\",\"itemListElement\":[{\"@type\":\"ListItem\",\"position\":1,\"name\":\"Home\",\"item\":\"https:\/\/vwdtest.com\/es\/\"},{\"@type\":\"ListItem\",\"position\":2,\"name\":\"Preferencias sobre cookies\"}]},{\"@type\":\"WebSite\",\"@id\":\"https:\/\/vwdtest.com\/es\/#website\",\"url\":\"https:\/\/vwdtest.com\/es\/\",\"name\":\"Spain\",\"description\":\"\",\"potentialAction\":[{\"@type\":\"SearchAction\",\"target\":{\"@type\":\"EntryPoint\",\"urlTemplate\":\"https:\/\/vwdtest.com\/es\/?s={search_term_string}\"},\"query-input\":\"required name=search_term_string\"}],\"inLanguage\":\"en-US\"}]}<\/script>\n<!-- \/ Yoast SEO plugin. -->","yoast_head_json":{"title":"Preferencias sobre cookies - Spain","robots":{"index":"index","follow":"follow","max-snippet":"max-snippet:-1","max-image-preview":"max-image-preview:large","max-video-preview":"max-video-preview:-1"},"canonical":"https:\/\/vwdtest.com\/es\/cookie-preferences\/","og_locale":"en_US","og_type":"article","og_title":"Preferencias sobre cookies - Spain","og_description":"Informaci\u00f3n sobre las cookies Las cookies son peque\u00f1os archivos de datos que un sitio web env\u00eda al navegador web de un usuario. Cuando visita\u00a0www.vwdtest.com, si su navegador usa una configuraci\u00f3n est\u00e1ndar y acepta las cookies, estar\u00e1 aceptando que se almacenen cookies de este sitio web en su ordenador. Las cookies almacenadas permanecer\u00e1n en su ordenador [&hellip;]","og_url":"https:\/\/vwdtest.com\/es\/cookie-preferences\/","og_site_name":"Spain","article_modified_time":"2024-04-03T06:50:11+00:00","twitter_card":"summary_large_image","twitter_misc":{"Est. reading time":"2 minutes"},"schema":{"@context":"https:\/\/schema.org","@graph":[{"@type":"WebPage","@id":"https:\/\/vwdtest.com\/es\/cookie-preferences\/","url":"https:\/\/vwdtest.com\/es\/cookie-preferences\/","name":"Preferencias sobre cookies - Spain","isPartOf":{"@id":"https:\/\/vwdtest.com\/es\/#website"},"datePublished":"2023-02-21T21:23:10+00:00","dateModified":"2024-04-03T06:50:11+00:00","breadcrumb":{"@id":"https:\/\/vwdtest.com\/es\/cookie-preferences\/#breadcrumb"},"inLanguage":"en-US","potentialAction":[{"@type":"ReadAction","target":["https:\/\/vwdtest.com\/es\/cookie-preferences\/"]}]},{"@type":"BreadcrumbList","@id":"https:\/\/vwdtest.com\/es\/cookie-preferences\/#breadcrumb","itemListElement":[{"@type":"ListItem","position":1,"name":"Home","item":"https:\/\/vwdtest.com\/es\/"},{"@type":"ListItem","position":2,"name":"Preferencias sobre cookies"}]},{"@type":"WebSite","@id":"https:\/\/vwdtest.com\/es\/#website","url":"https:\/\/vwdtest.com\/es\/","name":"Spain","description":"","potentialAction":[{"@type":"SearchAction","target":{"@type":"EntryPoint","urlTemplate":"https:\/\/vwdtest.com\/es\/?s={search_term_string}"},"query-input":"required name=search_term_string"}],"inLanguage":"en-US"}]}},"_links":{"self":[{"href":"https:\/\/vwdtest.com\/es\/wp-json\/wp\/v2\/pages\/2715"}],"collection":[{"href":"https:\/\/vwdtest.com\/es\/wp-json\/wp\/v2\/pages"}],"about":[{"href":"https:\/\/vwdtest.com\/es\/wp-json\/wp\/v2\/types\/page"}],"author":[{"embeddable":true,"href":"https:\/\/vwdtest.com\/es\/wp-json\/wp\/v2\/users\/1"}],"replies":[{"embeddable":true,"href":"https:\/\/vwdtest.com\/es\/wp-json\/wp\/v2\/comments?post=2715"}],"version-history":[{"count":6,"href":"https:\/\/vwdtest.com\/es\/wp-json\/wp\/v2\/pages\/2715\/revisions"}],"predecessor-version":[{"id":3277,"href":"https:\/\/vwdtest.com\/es\/wp-json\/wp\/v2\/pages\/2715\/revisions\/3277"}],"wp:attachment":[{"href":"https:\/\/vwdtest.com\/es\/wp-json\/wp\/v2\/media?parent=2715"}],"curies":[{"name":"wp","href":"https:\/\/api.w.org\/{rel}","templated":true}]}}