{"id":2713,"date":"2023-04-27T12:33:04","date_gmt":"2023-04-27T12:33:04","guid":{"rendered":"https:\/\/new.vwdtest.com\/es\/i-bleed-a-lot\/"},"modified":"2024-02-28T19:32:36","modified_gmt":"2024-02-28T19:32:36","slug":"i-bleed-a-lot","status":"publish","type":"page","link":"https:\/\/vwdtest.com\/es\/i-bleed-a-lot\/","title":{"rendered":"Sangro mucho"},"content":{"rendered":"<div class=\"default-block container\">\n<h2>\u00bfSangras demasiado?<\/h2>\n<\/div>\n\n<div class=\"default-block container\">\n<h5 class=\"bleeding-symptoms-title helpful live\">\u00bfTe preguntas por qu\u00e9 te sangra tanto la nariz? \u00bfTe sangran las enc\u00edas cuando te cepillas los dientes o cuando usas el hilo dental? \u00bfSueles tener moretones en el cuerpo y no recuerdas c\u00f3mo te los hiciste? \u00bfHas presentado \u00faltimamente alg\u00fan sangrado excesivo tras un peque\u00f1o accidente o despu\u00e9s de ir al dentista?<\/h5> <p class=\"full\">La mayor\u00eda de personas sangran de vez en cuando. La causa del sangrado puede variar, pero en la mayor\u00eda de los casos, el cuerpo detiene el sangrado r\u00e1pidamente gracias a un proceso llamado \u00abcoagulaci\u00f3n sangu\u00ednea\u00bb. Sin embargo, algunas personas sangran con mayor frecuencia y durante m\u00e1s tiempo que las dem\u00e1s; normalmente, este tipo de sangrado puede tratarse o evitarse. Si has respondido \u00abs\u00ed\u00bb a alguna de las preguntas anteriores, es recomendable que valoren tus sangrados.<\/p>\n<\/div>\n\n<div class=\"default-block container\">\n<h2>Causas de sangrado excesivo o prolongado<\/h2>\n<\/div>\n\n<div class=\"default-block container\">\n<p class=\"full push-text\">Existen muchas causas posibles para un sangrado excesivo o prolongado, por lo que es muy importante identificar la causa de tus s\u00edntomas de sangrado para seleccionar el tratamiento apropiado. Entre las posibles causas encontramos algunos medicamentos, como los utilizados para aliviar el dolor (por ejemplo, la aspirina) o los anticoagulantes, as\u00ed como ciertas enfermedades, como las enfermedades del ri\u00f1\u00f3n o del h\u00edgado, o el c\u00e1ncer.<sup>1,2<\/sup> Sin embargo, la causa de tus sangrados tambi\u00e9n podr\u00eda ser un trastorno de la coagulaci\u00f3n. Estos trastornos son enfermedades poco frecuentes y pueden ser adquiridas o hereditarias. El trastorno de la coagulaci\u00f3n hereditario m\u00e1s habitual es la <a href=\"\/es\/von-willebrand-disease\/\">enfermedad de Von Willebrand<\/a> (EVW), una enfermedad que, a menudo, se pasa por alto y no se diagnostica. Sin un diagn\u00f3stico y tratamiento adecuados, las personas con la EVW corren el riesgo de padecer un sangrado grave. Estos pacientes suelen presentar\u00a0<a href=\"\/es\/bleeding-symptoms\/#nosebleed\">sangrados nasales<\/a> y <a href=\"\/es\/bleeding-symptoms\/#oral-bleed\">sangrados de enc\u00eda<\/a> frecuentes, <a href=\"\/es\/bleeding-symptoms\/#easy-bruising\">propensi\u00f3n a los hematomas<\/a> y sangrados excesivos tras <a href=\"\/es\/i-live-with-vwd\/#surgery\">extracciones de dientes<\/a>, <a href=\"\/es\/bleeding-symptoms\/#bleed-surgery\">cirug\u00edas o peque\u00f1os accidentes<\/a>. En el caso de las mujeres, el s\u00edntoma m\u00e1s habitual es el <a href=\"\/es\/bleeding-symptoms\/#hmb\">sangrado menstrual abundante<\/a>.<sup>3<\/sup><\/p>\n<\/div>\n\n<div class=\"default-block container\">\n<h2>Tal vez no seas la \u00fanica persona de tu familia con s\u00edntomas de sangrado<\/h2>\n<\/div>\n\n<div class=\"default-block container\">\n<p class=\"full push-text\">Si tus hermanos, tus hermanas, tu padre, tu madre u otros familiares tambi\u00e9n tienen s\u00edntomas de sangrado, puedes llegar a pensar que es normal, pero no siempre lo es. Tu sangrado podr\u00eda estar causado por un trastorno de la coagulaci\u00f3n hereditario, que posiblemente afecte a m\u00e1s de un miembro de la familia. Si tus sangrados afectan a tu vida diaria y bienestar, te recomendamos que hables de ello con tu m\u00e9dico.<\/p>\n<\/div>\n\n<div class=\"default-block container\">\n<h2>Averigua si tu sangrado es normal<\/h2>\n<\/div>\n\n<div class=\"default-block container\">\n<p class=\"full push-text\">\u00bfMis sangrados son normales? Responder a esta pregunta puede resultar complicado. Para facilitar la valoraci\u00f3n de los s\u00edntomas de sangrado, los investigadores han elaborado test de sangrado.<sup>3<\/sup> En este sitio web, encontrar\u00e1s uno de ellos. Si tienes dudas sobre alg\u00fan s\u00edntoma de sangrado que hayas tenido, te recomendamos encarecidamente que lo completes, sobre todo si est\u00e1s a punto de someterte a una cirug\u00eda. Solo te llevar\u00e1 unos minutos y el resultado te indicar\u00e1 si debes acudir al m\u00e9dico a causa de tus sangrados.<\/p>\n<\/div>\n\n<div class=\"default-block container\">\n<h6>Bibliograf\u00eda<\/h6>\n<\/div>\n\n<div class=\"default-block container\">\n<ol><div class=\"default-block container\">\n<li><a href=\"https:\/\/my.clevelandclinic.org\/health\/symptoms\/21654-hemorrhage\" target=\"_blank\" rel=\"noreferrer noopener\">https:\/\/my.clevelandclinic.org\/health\/symptoms\/21654-hemorrhage<\/a>; \u00faltimo acceso en marzo de 2023.<\/li>\n<\/div>\n\n<div class=\"default-block container\">\n<li><a href=\"https:\/\/www.drugs.com\/cg\/postoperative-bleeding.html\" target=\"_blank\" rel=\"noreferrer noopener\">https:\/\/www.drugs.com\/cg\/postoperative-bleeding.html<\/a>; \u00faltimo acceso en marzo de 2023.<\/li>\n<\/div>\n\n<div class=\"default-block container\">\n<li><a href=\"https:\/\/pubmed.ncbi.nlm.nih.gov\/36210240\/\" target=\"_blank\" rel=\"noreferrer noopener\">Corrales-Medina FF et al. Blood Rev<\/a> 2023; 58:101018.<\/li>\n<\/div><\/ol>\n<\/div>","protected":false},"excerpt":{"rendered":"<p>\u00bfSangras demasiado? \u00bfTe preguntas por qu\u00e9 te sangra tanto la nariz? \u00bfTe sangran las enc\u00edas cuando te cepillas los dientes o cuando usas el hilo dental? \u00bfSueles tener moretones en el cuerpo y no recuerdas c\u00f3mo te los hiciste? \u00bfHas presentado \u00faltimamente alg\u00fan sangrado excesivo tras un peque\u00f1o accidente o despu\u00e9s de ir al dentista? [&hellip;]<\/p>\n","protected":false},"author":1,"featured_media":2560,"parent":0,"menu_order":0,"comment_status":"closed","ping_status":"closed","template":"","meta":{"inline_featured_image":false},"acf":[],"yoast_head":"<!-- This site is optimized with the Yoast SEO plugin v20.4 - https:\/\/yoast.com\/wordpress\/plugins\/seo\/ -->\n<title>Sangro mucho - Spain<\/title>\n<meta name=\"robots\" content=\"index, follow, max-snippet:-1, max-image-preview:large, max-video-preview:-1\" \/>\n<link rel=\"canonical\" href=\"https:\/\/vwdtest.com\/es\/i-bleed-a-lot\/\" \/>\n<meta property=\"og:locale\" content=\"en_US\" \/>\n<meta property=\"og:type\" content=\"article\" \/>\n<meta property=\"og:title\" content=\"Sangro mucho - Spain\" \/>\n<meta property=\"og:description\" content=\"\u00bfSangras demasiado? \u00bfTe preguntas por qu\u00e9 te sangra tanto la nariz? \u00bfTe sangran las enc\u00edas cuando te cepillas los dientes o cuando usas el hilo dental? \u00bfSueles tener moretones en el cuerpo y no recuerdas c\u00f3mo te los hiciste? \u00bfHas presentado \u00faltimamente alg\u00fan sangrado excesivo tras un peque\u00f1o accidente o despu\u00e9s de ir al dentista? [&hellip;]\" \/>\n<meta property=\"og:url\" content=\"https:\/\/vwdtest.com\/es\/i-bleed-a-lot\/\" \/>\n<meta property=\"og:site_name\" content=\"Spain\" \/>\n<meta property=\"article:modified_time\" content=\"2024-02-28T19:32:36+00:00\" \/>\n<meta property=\"og:image\" content=\"https:\/\/vwdtest.com\/es\/wp-content\/uploads\/sites\/55\/2023\/04\/Person-who-bleads-1.png\" \/>\n\t<meta property=\"og:image:width\" content=\"679\" \/>\n\t<meta property=\"og:image:height\" content=\"976\" \/>\n\t<meta property=\"og:image:type\" content=\"image\/png\" \/>\n<meta name=\"twitter:card\" content=\"summary_large_image\" \/>\n<meta name=\"twitter:label1\" content=\"Est. reading time\" \/>\n\t<meta name=\"twitter:data1\" content=\"3 minutes\" \/>\n<script type=\"application\/ld+json\" class=\"yoast-schema-graph\">{\"@context\":\"https:\/\/schema.org\",\"@graph\":[{\"@type\":\"WebPage\",\"@id\":\"https:\/\/vwdtest.com\/es\/i-bleed-a-lot\/\",\"url\":\"https:\/\/vwdtest.com\/es\/i-bleed-a-lot\/\",\"name\":\"Sangro mucho - Spain\",\"isPartOf\":{\"@id\":\"https:\/\/vwdtest.com\/es\/#website\"},\"datePublished\":\"2023-04-27T12:33:04+00:00\",\"dateModified\":\"2024-02-28T19:32:36+00:00\",\"breadcrumb\":{\"@id\":\"https:\/\/vwdtest.com\/es\/i-bleed-a-lot\/#breadcrumb\"},\"inLanguage\":\"en-US\",\"potentialAction\":[{\"@type\":\"ReadAction\",\"target\":[\"https:\/\/vwdtest.com\/es\/i-bleed-a-lot\/\"]}]},{\"@type\":\"BreadcrumbList\",\"@id\":\"https:\/\/vwdtest.com\/es\/i-bleed-a-lot\/#breadcrumb\",\"itemListElement\":[{\"@type\":\"ListItem\",\"position\":1,\"name\":\"Home\",\"item\":\"https:\/\/vwdtest.com\/es\/\"},{\"@type\":\"ListItem\",\"position\":2,\"name\":\"Sangro mucho\"}]},{\"@type\":\"WebSite\",\"@id\":\"https:\/\/vwdtest.com\/es\/#website\",\"url\":\"https:\/\/vwdtest.com\/es\/\",\"name\":\"Spain\",\"description\":\"\",\"potentialAction\":[{\"@type\":\"SearchAction\",\"target\":{\"@type\":\"EntryPoint\",\"urlTemplate\":\"https:\/\/vwdtest.com\/es\/?s={search_term_string}\"},\"query-input\":\"required name=search_term_string\"}],\"inLanguage\":\"en-US\"}]}<\/script>\n<!-- \/ Yoast SEO plugin. -->","yoast_head_json":{"title":"Sangro mucho - Spain","robots":{"index":"index","follow":"follow","max-snippet":"max-snippet:-1","max-image-preview":"max-image-preview:large","max-video-preview":"max-video-preview:-1"},"canonical":"https:\/\/vwdtest.com\/es\/i-bleed-a-lot\/","og_locale":"en_US","og_type":"article","og_title":"Sangro mucho - Spain","og_description":"\u00bfSangras demasiado? \u00bfTe preguntas por qu\u00e9 te sangra tanto la nariz? \u00bfTe sangran las enc\u00edas cuando te cepillas los dientes o cuando usas el hilo dental? \u00bfSueles tener moretones en el cuerpo y no recuerdas c\u00f3mo te los hiciste? \u00bfHas presentado \u00faltimamente alg\u00fan sangrado excesivo tras un peque\u00f1o accidente o despu\u00e9s de ir al dentista? [&hellip;]","og_url":"https:\/\/vwdtest.com\/es\/i-bleed-a-lot\/","og_site_name":"Spain","article_modified_time":"2024-02-28T19:32:36+00:00","og_image":[{"width":679,"height":976,"url":"https:\/\/vwdtest.com\/es\/wp-content\/uploads\/sites\/55\/2023\/04\/Person-who-bleads-1.png","type":"image\/png"}],"twitter_card":"summary_large_image","twitter_misc":{"Est. reading time":"3 minutes"},"schema":{"@context":"https:\/\/schema.org","@graph":[{"@type":"WebPage","@id":"https:\/\/vwdtest.com\/es\/i-bleed-a-lot\/","url":"https:\/\/vwdtest.com\/es\/i-bleed-a-lot\/","name":"Sangro mucho - Spain","isPartOf":{"@id":"https:\/\/vwdtest.com\/es\/#website"},"datePublished":"2023-04-27T12:33:04+00:00","dateModified":"2024-02-28T19:32:36+00:00","breadcrumb":{"@id":"https:\/\/vwdtest.com\/es\/i-bleed-a-lot\/#breadcrumb"},"inLanguage":"en-US","potentialAction":[{"@type":"ReadAction","target":["https:\/\/vwdtest.com\/es\/i-bleed-a-lot\/"]}]},{"@type":"BreadcrumbList","@id":"https:\/\/vwdtest.com\/es\/i-bleed-a-lot\/#breadcrumb","itemListElement":[{"@type":"ListItem","position":1,"name":"Home","item":"https:\/\/vwdtest.com\/es\/"},{"@type":"ListItem","position":2,"name":"Sangro mucho"}]},{"@type":"WebSite","@id":"https:\/\/vwdtest.com\/es\/#website","url":"https:\/\/vwdtest.com\/es\/","name":"Spain","description":"","potentialAction":[{"@type":"SearchAction","target":{"@type":"EntryPoint","urlTemplate":"https:\/\/vwdtest.com\/es\/?s={search_term_string}"},"query-input":"required name=search_term_string"}],"inLanguage":"en-US"}]}},"_links":{"self":[{"href":"https:\/\/vwdtest.com\/es\/wp-json\/wp\/v2\/pages\/2713"}],"collection":[{"href":"https:\/\/vwdtest.com\/es\/wp-json\/wp\/v2\/pages"}],"about":[{"href":"https:\/\/vwdtest.com\/es\/wp-json\/wp\/v2\/types\/page"}],"author":[{"embeddable":true,"href":"https:\/\/vwdtest.com\/es\/wp-json\/wp\/v2\/users\/1"}],"replies":[{"embeddable":true,"href":"https:\/\/vwdtest.com\/es\/wp-json\/wp\/v2\/comments?post=2713"}],"version-history":[{"count":13,"href":"https:\/\/vwdtest.com\/es\/wp-json\/wp\/v2\/pages\/2713\/revisions"}],"predecessor-version":[{"id":3218,"href":"https:\/\/vwdtest.com\/es\/wp-json\/wp\/v2\/pages\/2713\/revisions\/3218"}],"wp:featuredmedia":[{"embeddable":true,"href":"https:\/\/vwdtest.com\/es\/wp-json\/wp\/v2\/media\/2560"}],"wp:attachment":[{"href":"https:\/\/vwdtest.com\/es\/wp-json\/wp\/v2\/media?parent=2713"}],"curies":[{"name":"wp","href":"https:\/\/api.w.org\/{rel}","templated":true}]}}