{"id":2712,"date":"2023-04-27T13:02:19","date_gmt":"2023-04-27T13:02:19","guid":{"rendered":"https:\/\/new.vwdtest.com\/es\/i-am-a-worried-parent\/"},"modified":"2024-02-28T19:07:51","modified_gmt":"2024-02-28T19:07:51","slug":"i-am-a-worried-parent","status":"publish","type":"page","link":"https:\/\/vwdtest.com\/es\/i-am-a-worried-parent\/","title":{"rendered":"Me preocupa mi hijo"},"content":{"rendered":"<div class=\"default-block container\">\n<h2 class=\"worried-parent\">\u00bfSangra demasiado mi hijo?<\/h2>\n<\/div>\n\n<div class=\"default-block container\">\n<h5 class=\"bleeding-symptoms-title worried\"><strong>\u00bfTe preocupa que tu hijo sangra a menudo por la nariz? \u00bfLe salen moretones con mayor frecuencia o facilidad que a sus compa\u00f1eros? \u00bfHa sangrado m\u00e1s de lo esperado despu\u00e9s de una visita reciente al dentista o tras una cirug\u00eda menor? \u00bfTe preocupa que tu hija tenga reglas demasiado abundantes?<\/strong><\/h5>\n<\/div>\n\n<div class=\"default-block container\">\n<p class=\"full\">Hay muchos motivos por los que tu hijo puede sangrar de vez en cuando. Los ni\u00f1os juegan y exploran el mundo a su alrededor y es inevitable que, al hacerlo, ocurran accidentes y tu hijo se haga moretones o alguna peque\u00f1a herida. A veces, una lesi\u00f3n que no est\u00e1 causada por un accidente tambi\u00e9n podr\u00eda provocarle un sangrado. En la mayor\u00eda de los casos, el cuerpo detiene el sangrado r\u00e1pidamente gracias a un proceso llamado \u00abcoagulaci\u00f3n sangu\u00ednea\u00bb. Sin embargo, algunos ni\u00f1os se hacen moretones con m\u00e1s facilidad y sangran con m\u00e1s frecuencia que los dem\u00e1s. Afortunadamente, este tipo de sangrados pueden tratarse o evitarse en muchos casos. Si te preocupa que, aparentemente, tu hijo sangra con demasiada frecuencia o facilidad, es importante identificar primero la causa y, despu\u00e9s, elegir el tratamiento adecuado.<\/p>\n<\/div>\n\n<div class=\"default-block container\">\n<h2>Causas de los sangrados frecuentes en la infancia<\/h2>\n<\/div>\n\n<div class=\"default-block container\">\n<p class=\"full\">Identificar el motivo de los s\u00edntomas de sangrado de tu hijo no siempre es sencillo, porque existen muchos motivos posibles. Por ejemplo, algunas de las causas de los <a href=\"\/es\/bleeding-symptoms\/#nosebleed\">sangrados nasales<\/a> pueden ser hurgarse la nariz, un ambiente seco, una lesi\u00f3n, un resfriado o alergia o, simplemente, sonarse la nariz demasiado fuerte.<sup>1<\/sup> Sufrir un accidente, perder un diente de leche, morderse o tener las enc\u00edas inflamadas puede causar un <a href=\"\/es\/bleeding-symptoms\/#oral-bleed\">sangrado bucal<\/a>.<sup>2<\/sup> Los sangrados nasales y sangrados de las enc\u00edas frecuentes pueden ser un s\u00edntoma de una enfermedad m\u00e1s grave, por ejemplo, un trastorno de la coagulaci\u00f3n. En general, estos trastornos no son muy frecuentes. Lamentablemente, el trastorno de la coagulaci\u00f3n hereditario m\u00e1s habitual, la <a href=\"\/es\/von-willebrand-disease\/\">enfermedad de Von Willebrand (EVW)<\/a>, en muchas ocasiones, no se diagnostica. Sin diagn\u00f3stico ni tratamiento, los ni\u00f1os con la EVW pueden presentar sangrados graves. Adem\u00e1s de los sangrados nasales y sangrados de enc\u00edas frecuentes, los s\u00edntomas de sangrado m\u00e1s habituales en estos ni\u00f1os son la <a href=\"\/es\/bleeding-symptoms\/#easy-bruising\">propensi\u00f3n a los hematomas<\/a> y los sangrados prolongados a partir de <a href=\"\/es\/bleeding-symptoms\/#minor-wounds\">heridas menores<\/a> y tras <a href=\"\/es\/i-live-with-vwd\/#surgery\">extracciones de dientes o cirug\u00edas.<\/a> Cuando las ni\u00f1as alcanzan la pubertad, los <a href=\"\/es\/bleeding-symptoms\/#hmb\">sangrados menstruales abundantes<\/a> pasan a ser el s\u00edntoma de sangrado m\u00e1s habitual.<sup>3<\/sup><\/p>\n<\/div>\n\n<div class=\"default-block container\">\n<h2>S\u00edntomas de sangrado en la familia<\/h2>\n<\/div>\n\n<div class=\"default-block container\">\n<p class=\"full\">Los trastornos de la coagulaci\u00f3n suelen afectar a varios miembros de distintas generaciones de una familia. Si la madre, el padre, los abuelos u otros familiares tambi\u00e9n muestran signos de sangrados excesivos, puede que te preguntes si el sangrado de tu hijo es normal. Sin embargo, si los sangrados o moretones afectan al bienestar de tu hijo, debes consultar estos <a href=\"\/es\/bleeding-symptoms\/\" target=\"_blank\" rel=\"noreferrer noopener\">s\u00edntomas<\/a> con el m\u00e9dico.<\/p>\n<\/div>\n\n<div class=\"default-block container\">\n<h2>Averigua si el sangrado de tu hijo es normal<\/h2>\n<\/div>\n\n<div class=\"default-block container\">\n<p class=\"full\">Cuando hablamos de sangrado, \u00bfcu\u00e1nto es demasiado? Esta es una pregunta dif\u00edcil de responder, por lo que los m\u00e9dicos han elaborado diferentes test que ayudan a valorar los s\u00edntomas de sangrado. En VWDtest.com, puedes completar uno de estos test. Si tu hijo sangra a menudo por la nariz, se hace moretones con facilidad o si muestra cualquiera de los s\u00edntomas de sangrado descritos anteriormente, te recomendamos encarecidamente que dediques unos minutos a completar el test. Este consiste en un cuestionario breve sobre los signos y s\u00edntomas de un posible trastorno de la coagulaci\u00f3n. El resultado te indicar\u00e1 si t\u00fa y tu hijo deb\u00e9is acudir al m\u00e9dico.<\/p>\n<\/div>\n\n<div class=\"default-block container\">\n<div class=\"is-content-justification-right is-layout-flex wp-container-1 wp-block-buttons\">\n<div class=\"wp-block-button take-test\"><a class=\"wp-block-button__link wp-element-button\" href=\"\/es\/take-test\/\">Haz el test<\/a><\/div>\n<\/div>\n<\/div>\n\n<div class=\"default-block container\">\n<h6>Bibliograf\u00eda<\/h6>\n<\/div>\n\n<div class=\"default-block container\">\n<ol><div class=\"default-block container\">\n<li><a href=\"https:\/\/www.hopkinsmedicine.org\/health\/conditions-and-diseases\/nosebleeds\" target=\"_blank\" rel=\"noreferrer noopener\">https:\/\/www.hopkinsmedicine.org\/health\/conditions-and-diseases\/nosebleeds<\/a>; \u00faltimo acceso en marzo de 2023.<\/li>\n<\/div>\n\n<div class=\"default-block container\">\n<li><a href=\"https:\/\/www.childrensmn.org\/educationmaterials\/childrensmn\/article\/15581\/mouth-bleeding-with-a-bleeding-disorder\/\" target=\"_blank\" rel=\"noreferrer noopener\">https:\/\/www.childrensmn.org\/educationmaterials\/childrensmn\/article\/15581\/mouth-bleeding-with-a-bleeding-disorder\/<\/a>; \u00faltimo acceso en marzo de 2023.<\/li>\n<\/div>\n\n<div class=\"default-block container\">\n<li><a href=\"https:\/\/pubmed.ncbi.nlm.nih.gov\/36210240\/\" target=\"_blank\" rel=\"noreferrer noopener\">Corrales-Medina FF et al. Blood Rev<\/a> 2023; 58:101018.<\/li>\n<\/div><\/ol>\n<\/div>","protected":false},"excerpt":{"rendered":"<p>\u00bfSangra demasiado mi hijo? \u00bfTe preocupa que tu hijo sangra a menudo por la nariz? \u00bfLe salen moretones con mayor frecuencia o facilidad que a sus compa\u00f1eros? \u00bfHa sangrado m\u00e1s de lo esperado despu\u00e9s de una visita reciente al dentista o tras una cirug\u00eda menor? \u00bfTe preocupa que tu hija tenga reglas demasiado abundantes? Hay [&hellip;]<\/p>\n","protected":false},"author":1,"featured_media":2578,"parent":0,"menu_order":0,"comment_status":"closed","ping_status":"closed","template":"","meta":{"inline_featured_image":false},"acf":[],"yoast_head":"<!-- This site is optimized with the Yoast SEO plugin v20.4 - https:\/\/yoast.com\/wordpress\/plugins\/seo\/ -->\n<title>Me preocupa mi hijo - Spain<\/title>\n<meta name=\"robots\" content=\"index, follow, max-snippet:-1, max-image-preview:large, max-video-preview:-1\" \/>\n<link rel=\"canonical\" href=\"https:\/\/vwdtest.com\/es\/i-am-a-worried-parent\/\" \/>\n<meta property=\"og:locale\" content=\"en_US\" \/>\n<meta property=\"og:type\" content=\"article\" \/>\n<meta property=\"og:title\" content=\"Me preocupa mi hijo - Spain\" \/>\n<meta property=\"og:description\" content=\"\u00bfSangra demasiado mi hijo? \u00bfTe preocupa que tu hijo sangra a menudo por la nariz? \u00bfLe salen moretones con mayor frecuencia o facilidad que a sus compa\u00f1eros? \u00bfHa sangrado m\u00e1s de lo esperado despu\u00e9s de una visita reciente al dentista o tras una cirug\u00eda menor? \u00bfTe preocupa que tu hija tenga reglas demasiado abundantes? Hay [&hellip;]\" \/>\n<meta property=\"og:url\" content=\"https:\/\/vwdtest.com\/es\/i-am-a-worried-parent\/\" \/>\n<meta property=\"og:site_name\" content=\"Spain\" \/>\n<meta property=\"article:modified_time\" content=\"2024-02-28T19:07:51+00:00\" \/>\n<meta property=\"og:image\" content=\"https:\/\/vwdtest.com\/es\/wp-content\/uploads\/sites\/55\/2023\/07\/Worried-patients-1-1.png\" \/>\n\t<meta property=\"og:image:width\" content=\"828\" \/>\n\t<meta property=\"og:image:height\" content=\"982\" \/>\n\t<meta property=\"og:image:type\" content=\"image\/png\" \/>\n<meta name=\"twitter:card\" content=\"summary_large_image\" \/>\n<meta name=\"twitter:label1\" content=\"Est. reading time\" \/>\n\t<meta name=\"twitter:data1\" content=\"3 minutes\" \/>\n<script type=\"application\/ld+json\" class=\"yoast-schema-graph\">{\"@context\":\"https:\/\/schema.org\",\"@graph\":[{\"@type\":\"WebPage\",\"@id\":\"https:\/\/vwdtest.com\/es\/i-am-a-worried-parent\/\",\"url\":\"https:\/\/vwdtest.com\/es\/i-am-a-worried-parent\/\",\"name\":\"Me preocupa mi hijo - Spain\",\"isPartOf\":{\"@id\":\"https:\/\/vwdtest.com\/es\/#website\"},\"datePublished\":\"2023-04-27T13:02:19+00:00\",\"dateModified\":\"2024-02-28T19:07:51+00:00\",\"breadcrumb\":{\"@id\":\"https:\/\/vwdtest.com\/es\/i-am-a-worried-parent\/#breadcrumb\"},\"inLanguage\":\"en-US\",\"potentialAction\":[{\"@type\":\"ReadAction\",\"target\":[\"https:\/\/vwdtest.com\/es\/i-am-a-worried-parent\/\"]}]},{\"@type\":\"BreadcrumbList\",\"@id\":\"https:\/\/vwdtest.com\/es\/i-am-a-worried-parent\/#breadcrumb\",\"itemListElement\":[{\"@type\":\"ListItem\",\"position\":1,\"name\":\"Home\",\"item\":\"https:\/\/vwdtest.com\/es\/\"},{\"@type\":\"ListItem\",\"position\":2,\"name\":\"Me preocupa mi hijo\"}]},{\"@type\":\"WebSite\",\"@id\":\"https:\/\/vwdtest.com\/es\/#website\",\"url\":\"https:\/\/vwdtest.com\/es\/\",\"name\":\"Spain\",\"description\":\"\",\"potentialAction\":[{\"@type\":\"SearchAction\",\"target\":{\"@type\":\"EntryPoint\",\"urlTemplate\":\"https:\/\/vwdtest.com\/es\/?s={search_term_string}\"},\"query-input\":\"required name=search_term_string\"}],\"inLanguage\":\"en-US\"}]}<\/script>\n<!-- \/ Yoast SEO plugin. -->","yoast_head_json":{"title":"Me preocupa mi hijo - Spain","robots":{"index":"index","follow":"follow","max-snippet":"max-snippet:-1","max-image-preview":"max-image-preview:large","max-video-preview":"max-video-preview:-1"},"canonical":"https:\/\/vwdtest.com\/es\/i-am-a-worried-parent\/","og_locale":"en_US","og_type":"article","og_title":"Me preocupa mi hijo - Spain","og_description":"\u00bfSangra demasiado mi hijo? \u00bfTe preocupa que tu hijo sangra a menudo por la nariz? \u00bfLe salen moretones con mayor frecuencia o facilidad que a sus compa\u00f1eros? \u00bfHa sangrado m\u00e1s de lo esperado despu\u00e9s de una visita reciente al dentista o tras una cirug\u00eda menor? \u00bfTe preocupa que tu hija tenga reglas demasiado abundantes? Hay [&hellip;]","og_url":"https:\/\/vwdtest.com\/es\/i-am-a-worried-parent\/","og_site_name":"Spain","article_modified_time":"2024-02-28T19:07:51+00:00","og_image":[{"width":828,"height":982,"url":"https:\/\/vwdtest.com\/es\/wp-content\/uploads\/sites\/55\/2023\/07\/Worried-patients-1-1.png","type":"image\/png"}],"twitter_card":"summary_large_image","twitter_misc":{"Est. reading time":"3 minutes"},"schema":{"@context":"https:\/\/schema.org","@graph":[{"@type":"WebPage","@id":"https:\/\/vwdtest.com\/es\/i-am-a-worried-parent\/","url":"https:\/\/vwdtest.com\/es\/i-am-a-worried-parent\/","name":"Me preocupa mi hijo - Spain","isPartOf":{"@id":"https:\/\/vwdtest.com\/es\/#website"},"datePublished":"2023-04-27T13:02:19+00:00","dateModified":"2024-02-28T19:07:51+00:00","breadcrumb":{"@id":"https:\/\/vwdtest.com\/es\/i-am-a-worried-parent\/#breadcrumb"},"inLanguage":"en-US","potentialAction":[{"@type":"ReadAction","target":["https:\/\/vwdtest.com\/es\/i-am-a-worried-parent\/"]}]},{"@type":"BreadcrumbList","@id":"https:\/\/vwdtest.com\/es\/i-am-a-worried-parent\/#breadcrumb","itemListElement":[{"@type":"ListItem","position":1,"name":"Home","item":"https:\/\/vwdtest.com\/es\/"},{"@type":"ListItem","position":2,"name":"Me preocupa mi hijo"}]},{"@type":"WebSite","@id":"https:\/\/vwdtest.com\/es\/#website","url":"https:\/\/vwdtest.com\/es\/","name":"Spain","description":"","potentialAction":[{"@type":"SearchAction","target":{"@type":"EntryPoint","urlTemplate":"https:\/\/vwdtest.com\/es\/?s={search_term_string}"},"query-input":"required name=search_term_string"}],"inLanguage":"en-US"}]}},"_links":{"self":[{"href":"https:\/\/vwdtest.com\/es\/wp-json\/wp\/v2\/pages\/2712"}],"collection":[{"href":"https:\/\/vwdtest.com\/es\/wp-json\/wp\/v2\/pages"}],"about":[{"href":"https:\/\/vwdtest.com\/es\/wp-json\/wp\/v2\/types\/page"}],"author":[{"embeddable":true,"href":"https:\/\/vwdtest.com\/es\/wp-json\/wp\/v2\/users\/1"}],"replies":[{"embeddable":true,"href":"https:\/\/vwdtest.com\/es\/wp-json\/wp\/v2\/comments?post=2712"}],"version-history":[{"count":12,"href":"https:\/\/vwdtest.com\/es\/wp-json\/wp\/v2\/pages\/2712\/revisions"}],"predecessor-version":[{"id":3220,"href":"https:\/\/vwdtest.com\/es\/wp-json\/wp\/v2\/pages\/2712\/revisions\/3220"}],"wp:featuredmedia":[{"embeddable":true,"href":"https:\/\/vwdtest.com\/es\/wp-json\/wp\/v2\/media\/2578"}],"wp:attachment":[{"href":"https:\/\/vwdtest.com\/es\/wp-json\/wp\/v2\/media?parent=2712"}],"curies":[{"name":"wp","href":"https:\/\/api.w.org\/{rel}","templated":true}]}}