{"id":2711,"date":"2023-04-28T14:26:00","date_gmt":"2023-04-28T14:26:00","guid":{"rendered":"https:\/\/new.vwdtest.com\/es\/i-live-with-vwd\/"},"modified":"2024-03-13T06:58:39","modified_gmt":"2024-03-13T06:58:39","slug":"i-live-with-vwd","status":"publish","type":"page","link":"https:\/\/vwdtest.com\/es\/i-live-with-vwd\/","title":{"rendered":"Tengo la EVW"},"content":{"rendered":"<div class=\"default-block container\">\n<h5 class=\"bleeding-symptoms-title helpful live\">\u00bfQu\u00e9 opciones de tratamiento existen para la enfermedad de Von Willebrand? \u00bfC\u00f3mo debo cuidar a mi hijo con EVW? \u00bfC\u00f3mo puedo encontrar el tratamiento que mejor se adapte a m\u00ed? \u00bfC\u00f3mo influye la EVW en la planificaci\u00f3n familiar? La EVW afecta a mi vida social y familiar, \u00bfqu\u00e9 puedo hacer al respecto?<\/h5>\n<\/div>\n\n<div class=\"default-block container\">\n<p class=\"full\">Tener la enfermedad de Von Willebrand (EVW) es un <a href=\"\/es\/helpful-resources\/#journey\">camino<\/a> que no necesitas recorrer solo. No importa si te diagnosticaron la EVW hace poco o mucho, en cada etapa del camino, te surgir\u00e1n nuevas preguntas. Aqu\u00ed, el Prof. Corrales-Medina, el Prof. Berntorp y sus colegas te ayudar\u00e1n respondiendo a algunas de las preguntas habituales sobre la enfermedad, incluidas las preguntas sobre tratamientos, <a href=\"\/es\/i-live-with-vwd\/#childbirth\">embarazo y parto<\/a>, y <a href=\"\/es\/i-live-with-vwd\/#mental-health\">salud mental<\/a>. Tambi\u00e9n encontrar\u00e1s consejos pr\u00e1cticos para llevar una vida normal con la EVW.<\/p>\n<\/div>\n\n<div class=\"default-block container\">\n<h2 class=\"top-space\" id=\"vwd-management\">Abordaje de la EVW<\/h2>\n<\/div>\n\n<div class=\"default-block container\">\n<div class=\"is-layout-flex wp-container-3 wp-block-columns\">\n<div class=\"is-layout-flow wp-block-column\" style=\"flex-basis:100%\"><div class=\"default-block container\">\n<div class=\"is-layout-constrained wp-block-group\"><div class=\"wp-block-group__inner-container\"><div class=\"default-block container\">\n<p class=\"full\">El abordaje de la EVW requiere una estrecha colaboraci\u00f3n entre el m\u00e9dico y t\u00fa, como paciente o padre de\n\tun paciente. Juntos podr\u00e9is crear un plan de tratamiento individual que tenga en cuenta tus necesidades y\n\tcircunstancias personales. Un plan de tratamiento personalizado reducir\u00e1 el riesgo de sangrados y te ayudar\u00e1 a\n\tmantener una mejor calidad de vida.<sup>1<\/sup><br><br><\/p>\n<h2 id=\"treatments\">\n\tTratamientos para la EVW<\/h2>\n<p class=\"full\">Existen tratamientos eficaces para todos los tipos de EVW. La elecci\u00f3n del tratamiento depender\u00e1 del\n\ttipo de EVW, la gravedad y el tipo de sangrados que presentas, as\u00ed como otras enfermedades que puedas tener. La\n\tmayor\u00eda de las personas con EVW solo necesitan tratamiento durante las <a data-target=\"surgery\" class=\"linking\" href=\"\/es\/i-live-with-vwd\/#surgery\">cirug\u00edas<\/a> o despu\u00e9s de un traumatismo. Aquellas personas con formas de\n\tEVW m\u00e1s graves requieren un tratamiento profil\u00e1ctico o preventivo para evitar los sangrados. Para recibir el\n\ttratamiento adecuado, es muy importante que informes a tu m\u00e9dico sobre cualquier medicaci\u00f3n que est\u00e9s tomando, ya\n\tque algunos f\u00e1rmacos pueden interferir con la eficacia y la seguridad de los tratamientos para la EVW. Normalmente,\n\trecomendamos que te asesores sobre qu\u00e9 tratamiento es m\u00e1s adecuado para ti en un <a href=\"\/es\/helpful-resources\/\">centro<\/a> especializado en trastornos de la coagulaci\u00f3n.<sup>1<\/sup><br><br><b>La\n\t\tdesmopresina<\/b> es la primera l\u00ednea de tratamiento para la mayor\u00eda de los pacientes. Este medicamento estimula\n\tla liberaci\u00f3n de factores de la coagulaci\u00f3n almacenados y suele usarse para tratar a pacientes con EVW de tipo 1 y\n\talgunos tipo 2, pero no es eficaz en pacientes tipo 3. Aumenta los niveles del factor de Von Willebrand (FVW), que contribuye a\n\tla coagulaci\u00f3n. La desmopresina suele usarse para controlar el sangrado durante <a data-target=\"surgery\" class=\"linking\" href=\"\/es\/i-live-with-vwd\/#surgery\">cirug\u00edas<\/a> menores o tras un traumatismo, pero no es\n\tadecuada para todos los pacientes ni para cirug\u00edas mayores.<sup>1<\/sup><br><br>El tratamiento de reposici\u00f3n con\n\t<b>concentrados del FVW<\/b> se usa en aquellos casos en los que la desmopresina no es eficaz o est\u00e1 contraindicada.\n\tEstos concentrados reponen el FVW que falta en la sangre o que no funciona correctamente para ayudar a controlar los\n\tsangrados. Las personas que tienen ciertos tipos de EVW o aquellas con s\u00edntomas de sangrado graves tienen m\u00e1s\n\tprobabilidades de recibir estos concentrados. Si sufres sangrados graves o frecuentes, podr\u00edas beneficiarte tambi\u00e9n\n\tdel tratamiento preventivo regular, o profilaxis, con concentrados del FVW para evitar los sangrados.<sup>1<\/sup><br><br>\n\tEn los episodios de sangrado m\u00e1s leves, o a la vez que otros tratamientos, suelen emplearse <b>antifibrinol\u00edticos<\/b>, como el \u00e1cido\n\ttranex\u00e1mico. Estos medicamentos ralentizan la descomposici\u00f3n de los co\u00e1gulos de sangre y est\u00e1n indicados para\n\tcirug\u00edas menores, intervenciones odontol\u00f3gicas y para tratar las reglas abundantes y el sangrado tras el parto. El\n\t<b>pegamento de fibrina<\/b> tambi\u00e9n puede ser \u00fatil para sellar el origen de un sangrado, por ejemplo, tras la extracci\u00f3n de\n\tun diente. Siempre que sea posible, el uso de estos medicamentos debe planearse con antelaci\u00f3n y como parte de un\n\tplan de tratamiento personalizado.<sup>1<\/sup><br><br>Las mujeres con la EVW suelen tener <a href=\"\/es\/bleeding-symptoms\/#hmb\" class=\"linking\">sangrados menstruales abundantes<\/a> (SMA) y <a data-target=\"childbirth\" class=\"linking\" href=\"\/es\/i-live-with-vwd\/#childbirth\">sangrados durante el embarazo y\n\t\tel parto.<\/a> Las opciones de tratamiento para el SMA incluyen tratamientos hormonales, como el dispositivo\n\tintrauterino (DIU), que pueden reducir el sangrado menstrual. Si est\u00e1s pensando en tener familia o est\u00e1s embarazada,\n\tte recomendamos que hables con tu hemtalogo lo antes posible. Existen diferentes tratamientos disponibles para\n\tembarazadas con EVW. Tu m\u00e9dico preparar\u00e1 contigo un plan de tratamiento para que disfrutes de un embarazo y un parto\n\tsanos y seguros.<sup>1<\/sup><\/p>\n<\/div><\/div>\n<\/div><\/div><\/div>\n<\/div>\n<\/div>\n\n\r\n\r\n\r\n\r\n<div class=\"collapseBox\">\r\n\t<div class=\"collapseBox__opener\"><h4>Cirug\u00eda<div id=\"surgery\"><\/div><\/h4><\/div>\r\n\t<div class=\"collapseBox__content\">\r\n\t\t\t\t\t\t\t\t\t\t<div class=\"collapseBox__item\">\r\n\t\t\t\t\t<div class=\"collapseBox__text\"><p><strong>Las personas con la enfermedad de Von Willebrand (<a href=\"\/es\/von-willebrand-disease\/\">EVW<\/a>) son m\u00e1s propensas a sufrir un <a href=\"\/es\/bleeding-symptoms\/#bleed-surgery\">sangrado operatorio y posoperatorio<\/a> excesivo.<sup>1<\/sup> Incluso los pacientes con formas leves de la enfermedad pueden sufrir sangrados posoperatorios abundantes que pueden durar mucho tiempo o repetirse posteriormente.<sup>1<\/sup> El riesgo de sangrado no se limita solo a cirug\u00edas mayores, tambi\u00e9n puede darse tras intervenciones quir\u00fargicas menores, como la extracci\u00f3n de un diente.<sup>2 <\/sup>Sin embargo, con el tratamiento adecuado en el momento adecuado, el riesgo de sangrado excesivo puede reducirse durante y tras la cirug\u00eda. <sup>3,4<\/sup><\/strong><\/p>\n<p>Si tienes la EVW y vas a operarte, es muy importante que hables con tu dentista o cirujano sobre tu enfermedad antes de la operaci\u00f3n. Tu hematologo te preparar\u00e1 un plan de tratamiento para la cirug\u00eda. El plan debe basarse en un diagn\u00f3stico preciso del tipo y la gravedad de la EVW, as\u00ed como en tus antecedentes de sangrado. El plan tambi\u00e9n debe tener en cuenta el tipo de cirug\u00eda que va a realizarse, as\u00ed como otras enfermedades o medicamentos. Toda esta informaci\u00f3n es fundamental para guiar el tratamiento antes, durante y tras la cirug\u00eda.<sup>1,2,4<\/sup><\/p>\n<p>Por \u00faltimo, si padeces EVW y te van a administrar una inyecci\u00f3n (una vacuna por ejemplo) recuerda avisar a tu m\u00e9dico o enfermera de tu condici\u00f3n, a fin de evitar posibles complicaciones como un hematoma muscular.<\/p>\n<\/div> \r\n\t\t\t\t\t\t\t\t\t\t\t\t\t\t\t\r\n\t\t\t\t\t\t\t\t\t\t\t<div class=\"collapseBox__references\">\r\n\t\t\t\t\t\t\t\t\t\t\t\t\t\t<div class=\"ref_faq\">\r\n\t\t\t\t\t\t\t<!-- References -->\r\n\t\t\t\t\t\t\t<h5>Bibliograf\u00eda<\/h5>\r\n\t\t\t\t\t\t\t<p>1. Corrales-Medina FF et al. <em>Blood Rev<\/em> 2022; 101018.<br \/>\n2. <a href=\"https:\/\/www.nhs.uk\/conditions\/von-willebrand-disease\/\" target=\"_blank\" rel=\"noopener\">https:\/\/www.nhs.uk\/conditions\/von-willebrand-disease\/<\/a>; \u00faltimo acceso en marzo de 2023.<br \/>\n3. Connell NT et al. <em>Blood Advances<\/em> 2021; 5:301-25.<br \/>\n4. O\u2019Donnell JS &amp; Lavin M, <em>Hematology<\/em> Am Soc <em>Hematol Educ Program<\/em> 2019; 604\u2013609.<br \/>\n5. Patel PN et al. Int <em>J Pediatr Otorhinolaryngol<\/em> 2017; 100:216-222.<\/p>\n\t\t\t\t\t\t\t<\/div>\r\n\t\t\t\t\t\t<\/div>\r\n\t\t\t\t\t\t\t\t\t\t\r\n\t\t\t\t<\/div>\r\n\t\t\t\t\r\n\t\t\t\t\r\n\t\t\t\t\t\t\t\r\n\r\n\t\t\r\n\t<\/div>\r\n<\/div>\r\n\n\n\r\n\r\n\r\n\r\n<div class=\"collapseBox\">\r\n\t<div class=\"collapseBox__opener\"><h4>Embarazo y parto<div id=\"childbirth\"><\/div><\/h4><\/div>\r\n\t<div class=\"collapseBox__content\">\r\n\t\t\t\t\t\t\t\t\t\t<div class=\"collapseBox__item\">\r\n\t\t\t\t\t<div class=\"collapseBox__text\"><p><strong>Tener la <a href=\"\/es\/von-willebrand-disease\/\">enfermedad de Von Willebrand<\/a> (EVW) no supone un impedimento a la hora de formar una familia. Con la atenci\u00f3n m\u00e9dica adecuada, puedes tener un embarazo exitoso y un beb\u00e9 sano. Para asegurar que tu beb\u00e9 y t\u00fa est\u00e9is bien, habla con tu hematologo si est\u00e1s pensando en quedarte embarazada o si ya lo est\u00e1s para conocer los riesgos relacionados con el embarazo, las pruebas prenatales y el parto, as\u00ed como la posibilidad de que tu hijo tenga la EVW. Puede que tambi\u00e9n habl\u00e9is sobre embarazos anteriores, tus antecedentes de sangrado y los de tus familiares, as\u00ed como cualquier aborto espont\u00e1neo que hayas sufrido antes. En funci\u00f3n de tu riesgo de sangrado, el m\u00e9dico tomar\u00e1 medidas para un embarazo y un parto seguros.<sup>1-3<\/sup><\/strong><\/p>\n<p>En las mujeres sanas, los niveles de FVW aumentan durante el embarazo para proteger a la futura madre frente a un sangrado excesivo durante el parto y tras este. Sin embargo, las mujeres con la EVW suelen presentar niveles m\u00e1s bajos de FVW durante el embarazo. Debido a los cambios que se producen en los niveles de factores de coagulaci\u00f3n, las mujeres con la EVW deben hacerse an\u00e1lisis de sangre regularmente, especialmente durante el tercer trimestre. Si los niveles de FVW funcional son demasiado bajos, recibir\u00e1n un tratamiento preventivo durante el parto y tras este. <\/p>\n<p>Es posible que el feto tambi\u00e9n tenga la EVW y, aunque la mayor\u00eda de los beb\u00e9s con esta enfermedad no tienen problemas de sangrado durante el parto, es importante tener presente esta posibilidad para que se tomen las precauciones necesarias. Por este motivo, las familias en las que el padre o la madre presentan EVW grave deben recibir asesoramiento no solo sobre tener un hijo con esta enfermedad, sino tambi\u00e9n sobre las implicaciones que conlleva durante el embarazo y el tipo de parto.<sup>1-3 <\/sup><\/p>\n<p>Cabe destacar que todos estos riesgos pueden controlarse eficazmente con un seguimiento adecuado y con un plan de tratamiento para atenderte a ti y a tu beb\u00e9 antes, durante y despu\u00e9s del parto.<sup>3,4 <\/sup><\/p>\n<\/div> \r\n\t\t\t\t\t\t\t\t\t\t\t\t\t\t\t\r\n\t\t\t\t\t\t\t\t\t\t\t<div class=\"collapseBox__references\">\r\n\t\t\t\t\t\t\t\t\t\t\t\t\t\t<div class=\"ref_faq\">\r\n\t\t\t\t\t\t\t<!-- References -->\r\n\t\t\t\t\t\t\t<h5>Bibliograf\u00eda<\/h5>\r\n\t\t\t\t\t\t\t<ol>\n<li><a href=\"https:\/\/www.nhs.uk\/conditions\/von-willebrand-disease\/\" target=\"_blank\" rel=\"noopener\">https:\/\/www.nhs.uk\/conditions\/von-willebrand-disease\/;<\/a> \u00faltimo acceso en febrero de 2023.<\/li>\n<li><a href=\"https:\/\/www.cdc.gov\/ncbddd\/vwd\/women.html\" target=\"_blank\" rel=\"noopener\">https:\/\/www.cdc.gov\/ncbddd\/vwd\/women.html;<\/a> \u00faltimo acceso en febrero de 2023.<\/li>\n<li>Leebeek FWG, et al. Blood 2020; 136:2143-50.<\/li>\n<li>Janbain M and Kouides P Int J Womens Health 2022; 14:1307-13.<\/li>\n<\/ol>\n\t\t\t\t\t\t\t<\/div>\r\n\t\t\t\t\t\t<\/div>\r\n\t\t\t\t\t\t\t\t\t\t\r\n\t\t\t\t<\/div>\r\n\t\t\t\t\r\n\t\t\t\t\r\n\t\t\t\t\t\t\t\r\n\r\n\t\t\r\n\t<\/div>\r\n<\/div>\r\n\n\n\r\n\r\n\r\n\r\n<div class=\"collapseBox\">\r\n\t<div class=\"collapseBox__opener\"><h4>Salud mental<div id=\"mental-health\"><\/div><\/h4><\/div>\r\n\t<div class=\"collapseBox__content\">\r\n\t\t\t\t\t\t\t\t\t\t<div class=\"collapseBox__item\">\r\n\t\t\t\t\t<div class=\"collapseBox__text\"><p><strong>\ufeffLas formas m\u00e1s graves de la EVW pueden afectar de manera considerable a la calidad de vida. El riesgo de sangrados puede influir en tu salud f\u00edsica, tu bienestar emocional y mental, tu comportamiento, tus relaciones familiares y tu vida social.<sup>1<\/sup> Los s\u00edntomas pueden limitar tus actividades cotidianas, generarte preocupaci\u00f3n sobre tu futuro o hacerte sentir inseguridad en tus relaciones \u00edntimas. A menudo, estas limitaciones y preocupaciones tambi\u00e9n afectan a otros miembros de la familia. El impacto en la calidad de vida puede ser incluso m\u00e1s pronunciado si el trastorno de la coagulaci\u00f3n no se diagnostica, algo que suele suceder con la <a href=\"\/es\/von-willebrand-disease\/\"> enfermedad de Von Willebrand<\/a> (EVW).<sup>1-3<\/sup> Aquellas personas que no han sido diagnosticadas no pueden acceder a un tratamiento y una atenci\u00f3n adecuados.<\/strong><\/p>\n<p>\tPara las personas con la EVW, la <b>maternidad y la paternidad<\/b> plantean dificultades espec\u00edficas. Este y otros trastornos de la coagulaci\u00f3n son enfermedades hereditarias y el diagn\u00f3stico puede tener consecuencias considerables en la planificaci\u00f3n familiar. Como padre o madre de un ni\u00f1o con un trastorno de la coagulaci\u00f3n, puedes sentirte\tculpable por la enfermedad de tu hijo. Adem\u00e1s, el miedo a los sangrados puede llevarte a ser demasiado protector con tu hijo y limitar sus actividades sociales y deportivas. No obstante, las medidas de prevenci\u00f3n no deben coartar la libertad del ni\u00f1o para explorar y ganar confianza, algo importante en el desarrollo de tu hijo. Una combinaci\u00f3n de medidas de protecci\u00f3n sencillas, la elecci\u00f3n de actividades adecuadas y un acceso f\u00e1cil a un tratamiento eficaz\tpueden ayudarte a encontrar el equilibrio.<sup>2,4<\/sup><\/p>\n<p>\tLa <b>adolescencia<\/b> puede ser una etapa especialmente complicada para las personas con EVW. A medida que adquieres una mayor responsabilidad en el control de tu trastorno de la coagulaci\u00f3n, es muy importante que cumplas tu <a href=\"\/es\/i-live-with-vwd\/#vwd-management\">tratamiento<\/a>. Tomar el control de tu enfermedad no solo reducir\u00e1\tel riesgo de sangrados y dolor, sino que tambi\u00e9n te har\u00e1 confiar en tu capacidad y te ayudar\u00e1 a mantener tu bienestar emocional y una vida social saludable.<sup>2,6<\/sup><\/p>\n<p>\tLa salud mental y la calidad de vida de las <b>mujeres con trastornos de la coagulaci\u00f3n<\/b> suelen verse afectadas por la enfermedad. Si tienes la EVW, tienes muchas probabilidades de sufrir tambi\u00e9n <a href=\"\/es\/bleeding-symptoms\/#hmb\">sangrados menstruales abundantes<\/a> (SMA). La p\u00e9rdida de sangre y los c\u00f3licos pueden interferir de manera considerable en tu vida diaria, la pr\u00e1ctica de deportes y otras actividades f\u00edsicas, y las interacciones sociales e intimas. El SMA puede provocar que se pierdan d\u00edas de clase o trabajo y, por desgracia, en muchas ocasiones sigue asoci\u00e1ndose al estigma y al rechazo. Recuerda que el SMA puede tratarse; mejorando la calidad de vida de las mujeres que padecen la EVW y SMA.<sup>4,5<\/sup><\/p>\n<p>\tUn aspecto fundamental para reducir el impacto del trastorno de la coagulaci\u00f3n en tu bienestar mental y social es contar con una <b>red de apoyo s\u00f3lida.<\/b> Esta puede incluir a tus familiares y amigos, as\u00ed como a trabajadores de los\tservicios sociales y profesionales sanitarios.<sup>3<\/sup> Si te sientes desanimado, ansioso o deprimido, habla con tu m\u00e9dico o con los especialistas de tu centro de tratamiento sobre c\u00f3mo te sientes. Ellos podr\u00e1n ayudarte y recomendarte los diferentes recursos \u00fatiles que han elaborado los expertos para proteger la salud mental de las\tpersonas con trastornos de la coagulaci\u00f3n. El personal del centro de tratamiento tambi\u00e9n puede ayudarte a encontrar psic\u00f3logos y asesores que tienen experiencia con personas con trastornos de la coagulaci\u00f3n. Tambi\u00e9n te recomendamos encarecidamente que te pongas en contacto con la asociacion de pacientes local, donde podr\u00e1s hablar de tu experiencia,\temociones y expectativas con respecto a la EVW y recibir consejos de otros pacientes como t\u00fa. La EVW es una enfermedad poco frecuente, pero no est\u00e1s solo y pueden ayudarte.<\/p>\n<\/div> \r\n\t\t\t\t\t\t\t\t\t\t\t\t\t\t\t\r\n\t\t\t\t\t\t\t\t\t\t\t<div class=\"collapseBox__references\">\r\n\t\t\t\t\t\t\t\t\t\t\t\t\t\t<div class=\"ref_faq\">\r\n\t\t\t\t\t\t\t<!-- References -->\r\n\t\t\t\t\t\t\t<h5>Bibliograf\u00eda<\/h5>\r\n\t\t\t\t\t\t\t<ol>\n<li>van Hoorn ES, et al. Haemophilia 2022; 28:197-214.<\/li>\n<li><a href=\"https:\/\/www.hemophilia.org\/sites\/default\/files\/document\/files\/nurses-guide-chapter-13a-child-development-with-bleeding-disorder-transition.pdf\" target=\"_blank\" rel=\"noopener\">https:\/\/www.hemophilia.org\/sites\/default\/files\/document\/files\/nurses-guide-chapter-13a-child-development-with-bleeding-disorder-transition.pdf<\/a>; \u00faltimo acceso en marzo de 2023.<\/li>\n<li>Roberts JC, et al. Haemophilia 2022; doi: 10.1111\/hae.14725.<\/li>\n<li>VanderMeulen H, et al. Hematology Am Soc Hematol Educ Program 2022 1: 631-6.<\/li>\n<li>Sanigorska A, et al. Res Pract Thromb Haemost 2022; 6:e12652.<\/li>\n<li>McLaughlin JM, et al. Health and Quality of Life Outcomes, 2017: 15:67.<\/li>\n<\/ol>\n\t\t\t\t\t\t\t<\/div>\r\n\t\t\t\t\t\t<\/div>\r\n\t\t\t\t\t\t\t\t\t\t\r\n\t\t\t\t<\/div>\r\n\t\t\t\t\r\n\t\t\t\t\r\n\t\t\t\t\t\t\t\r\n\r\n\t\t\r\n\t<\/div>\r\n<\/div>\r\n\n\n<div class=\"default-block container\">\n<h6>Bibliograf\u00eda<\/h6>\n<\/div>\n\n<div class=\"default-block container\">\n<ol><div class=\"default-block container\">\n<li>Connell NT et al. <em>Blood Advances<\/em> 2021; 5:301-25.<\/li>\n<\/div>\n\n<div class=\"default-block container\">\n<li>Roberts JC et al. <em>Haemophilia<\/em> 2022; doi:10.1111\/hae.14725.<\/li>\n<\/div>\n\n<div class=\"default-block container\">\n<li>Rae C et al. Haemophilia 2013; 19:385-91.<\/li>\n<\/div>\n\n<div class=\"default-block container\">\n<li>De Wee et al. <em>J Thromb Haemost<\/em> 2010; 8:1492-9.<\/li>\n<\/div>\n\n<div class=\"default-block container\">\n<li>De Wee et al. <em>J Thromb Haemost<\/em> 2011; 9:502-9.<\/li>\n<\/div><\/ol>\n<\/div>","protected":false},"excerpt":{"rendered":"<p>\u00bfQu\u00e9 opciones de tratamiento existen para la enfermedad de Von Willebrand? \u00bfC\u00f3mo debo cuidar a mi hijo con EVW? \u00bfC\u00f3mo puedo encontrar el tratamiento que mejor se adapte a m\u00ed? \u00bfC\u00f3mo influye la EVW en la planificaci\u00f3n familiar? La EVW afecta a mi vida social y familiar, \u00bfqu\u00e9 puedo hacer al respecto? Tener la enfermedad [&hellip;]<\/p>\n","protected":false},"author":1,"featured_media":2627,"parent":0,"menu_order":0,"comment_status":"closed","ping_status":"closed","template":"","meta":{"inline_featured_image":false},"acf":[],"yoast_head":"<!-- This site is optimized with the Yoast SEO plugin v20.4 - https:\/\/yoast.com\/wordpress\/plugins\/seo\/ -->\n<title>Tengo la EVW - Spain<\/title>\n<meta name=\"robots\" content=\"index, follow, max-snippet:-1, max-image-preview:large, max-video-preview:-1\" \/>\n<link rel=\"canonical\" href=\"https:\/\/vwdtest.com\/es\/i-live-with-vwd\/\" \/>\n<meta property=\"og:locale\" content=\"en_US\" \/>\n<meta property=\"og:type\" content=\"article\" \/>\n<meta property=\"og:title\" content=\"Tengo la EVW - Spain\" \/>\n<meta property=\"og:description\" content=\"\u00bfQu\u00e9 opciones de tratamiento existen para la enfermedad de Von Willebrand? \u00bfC\u00f3mo debo cuidar a mi hijo con EVW? \u00bfC\u00f3mo puedo encontrar el tratamiento que mejor se adapte a m\u00ed? \u00bfC\u00f3mo influye la EVW en la planificaci\u00f3n familiar? La EVW afecta a mi vida social y familiar, \u00bfqu\u00e9 puedo hacer al respecto? Tener la enfermedad [&hellip;]\" \/>\n<meta property=\"og:url\" content=\"https:\/\/vwdtest.com\/es\/i-live-with-vwd\/\" \/>\n<meta property=\"og:site_name\" content=\"Spain\" \/>\n<meta property=\"article:modified_time\" content=\"2024-03-13T06:58:39+00:00\" \/>\n<meta property=\"og:image\" content=\"https:\/\/vwdtest.com\/es\/wp-content\/uploads\/sites\/55\/2023\/09\/Living-with-VWD.png\" \/>\n\t<meta property=\"og:image:width\" content=\"560\" \/>\n\t<meta property=\"og:image:height\" content=\"889\" \/>\n\t<meta property=\"og:image:type\" content=\"image\/png\" \/>\n<meta name=\"twitter:card\" content=\"summary_large_image\" \/>\n<meta name=\"twitter:label1\" content=\"Est. reading time\" \/>\n\t<meta name=\"twitter:data1\" content=\"4 minutes\" \/>\n<script type=\"application\/ld+json\" class=\"yoast-schema-graph\">{\"@context\":\"https:\/\/schema.org\",\"@graph\":[{\"@type\":\"WebPage\",\"@id\":\"https:\/\/vwdtest.com\/es\/i-live-with-vwd\/\",\"url\":\"https:\/\/vwdtest.com\/es\/i-live-with-vwd\/\",\"name\":\"Tengo la EVW - Spain\",\"isPartOf\":{\"@id\":\"https:\/\/vwdtest.com\/es\/#website\"},\"datePublished\":\"2023-04-28T14:26:00+00:00\",\"dateModified\":\"2024-03-13T06:58:39+00:00\",\"breadcrumb\":{\"@id\":\"https:\/\/vwdtest.com\/es\/i-live-with-vwd\/#breadcrumb\"},\"inLanguage\":\"en-US\",\"potentialAction\":[{\"@type\":\"ReadAction\",\"target\":[\"https:\/\/vwdtest.com\/es\/i-live-with-vwd\/\"]}]},{\"@type\":\"BreadcrumbList\",\"@id\":\"https:\/\/vwdtest.com\/es\/i-live-with-vwd\/#breadcrumb\",\"itemListElement\":[{\"@type\":\"ListItem\",\"position\":1,\"name\":\"Home\",\"item\":\"https:\/\/vwdtest.com\/es\/\"},{\"@type\":\"ListItem\",\"position\":2,\"name\":\"Tengo la EVW\"}]},{\"@type\":\"WebSite\",\"@id\":\"https:\/\/vwdtest.com\/es\/#website\",\"url\":\"https:\/\/vwdtest.com\/es\/\",\"name\":\"Spain\",\"description\":\"\",\"potentialAction\":[{\"@type\":\"SearchAction\",\"target\":{\"@type\":\"EntryPoint\",\"urlTemplate\":\"https:\/\/vwdtest.com\/es\/?s={search_term_string}\"},\"query-input\":\"required name=search_term_string\"}],\"inLanguage\":\"en-US\"}]}<\/script>\n<!-- \/ Yoast SEO plugin. -->","yoast_head_json":{"title":"Tengo la EVW - Spain","robots":{"index":"index","follow":"follow","max-snippet":"max-snippet:-1","max-image-preview":"max-image-preview:large","max-video-preview":"max-video-preview:-1"},"canonical":"https:\/\/vwdtest.com\/es\/i-live-with-vwd\/","og_locale":"en_US","og_type":"article","og_title":"Tengo la EVW - Spain","og_description":"\u00bfQu\u00e9 opciones de tratamiento existen para la enfermedad de Von Willebrand? \u00bfC\u00f3mo debo cuidar a mi hijo con EVW? \u00bfC\u00f3mo puedo encontrar el tratamiento que mejor se adapte a m\u00ed? \u00bfC\u00f3mo influye la EVW en la planificaci\u00f3n familiar? La EVW afecta a mi vida social y familiar, \u00bfqu\u00e9 puedo hacer al respecto? Tener la enfermedad [&hellip;]","og_url":"https:\/\/vwdtest.com\/es\/i-live-with-vwd\/","og_site_name":"Spain","article_modified_time":"2024-03-13T06:58:39+00:00","og_image":[{"width":560,"height":889,"url":"https:\/\/vwdtest.com\/es\/wp-content\/uploads\/sites\/55\/2023\/09\/Living-with-VWD.png","type":"image\/png"}],"twitter_card":"summary_large_image","twitter_misc":{"Est. reading time":"4 minutes"},"schema":{"@context":"https:\/\/schema.org","@graph":[{"@type":"WebPage","@id":"https:\/\/vwdtest.com\/es\/i-live-with-vwd\/","url":"https:\/\/vwdtest.com\/es\/i-live-with-vwd\/","name":"Tengo la EVW - Spain","isPartOf":{"@id":"https:\/\/vwdtest.com\/es\/#website"},"datePublished":"2023-04-28T14:26:00+00:00","dateModified":"2024-03-13T06:58:39+00:00","breadcrumb":{"@id":"https:\/\/vwdtest.com\/es\/i-live-with-vwd\/#breadcrumb"},"inLanguage":"en-US","potentialAction":[{"@type":"ReadAction","target":["https:\/\/vwdtest.com\/es\/i-live-with-vwd\/"]}]},{"@type":"BreadcrumbList","@id":"https:\/\/vwdtest.com\/es\/i-live-with-vwd\/#breadcrumb","itemListElement":[{"@type":"ListItem","position":1,"name":"Home","item":"https:\/\/vwdtest.com\/es\/"},{"@type":"ListItem","position":2,"name":"Tengo la EVW"}]},{"@type":"WebSite","@id":"https:\/\/vwdtest.com\/es\/#website","url":"https:\/\/vwdtest.com\/es\/","name":"Spain","description":"","potentialAction":[{"@type":"SearchAction","target":{"@type":"EntryPoint","urlTemplate":"https:\/\/vwdtest.com\/es\/?s={search_term_string}"},"query-input":"required name=search_term_string"}],"inLanguage":"en-US"}]}},"_links":{"self":[{"href":"https:\/\/vwdtest.com\/es\/wp-json\/wp\/v2\/pages\/2711"}],"collection":[{"href":"https:\/\/vwdtest.com\/es\/wp-json\/wp\/v2\/pages"}],"about":[{"href":"https:\/\/vwdtest.com\/es\/wp-json\/wp\/v2\/types\/page"}],"author":[{"embeddable":true,"href":"https:\/\/vwdtest.com\/es\/wp-json\/wp\/v2\/users\/1"}],"replies":[{"embeddable":true,"href":"https:\/\/vwdtest.com\/es\/wp-json\/wp\/v2\/comments?post=2711"}],"version-history":[{"count":45,"href":"https:\/\/vwdtest.com\/es\/wp-json\/wp\/v2\/pages\/2711\/revisions"}],"predecessor-version":[{"id":3226,"href":"https:\/\/vwdtest.com\/es\/wp-json\/wp\/v2\/pages\/2711\/revisions\/3226"}],"wp:featuredmedia":[{"embeddable":true,"href":"https:\/\/vwdtest.com\/es\/wp-json\/wp\/v2\/media\/2627"}],"wp:attachment":[{"href":"https:\/\/vwdtest.com\/es\/wp-json\/wp\/v2\/media?parent=2711"}],"curies":[{"name":"wp","href":"https:\/\/api.w.org\/{rel}","templated":true}]}}