{"id":2709,"date":"2023-08-14T07:52:15","date_gmt":"2023-08-14T07:52:15","guid":{"rendered":"https:\/\/new.vwdtest.com\/es\/vwd-and-gynaecology-obstetrics\/"},"modified":"2024-03-15T11:51:31","modified_gmt":"2024-03-15T11:51:31","slug":"vwd-and-gynaecology-obstetrics","status":"publish","type":"page","link":"https:\/\/vwdtest.com\/es\/vwd-and-gynaecology-obstetrics\/","title":{"rendered":"LA EVW Y LA GINECOLOG\u00cdA \/ OBSTETRICIA"},"content":{"rendered":"<div class=\"default-block container\">\n<h5 class=\"bleeding-symptoms-title vwd\">Se calcula que los trastornos de la coagulaci\u00f3n, incluida la <a href=\"\/es\/von-willebrand-disease\/\">enfermedad de Von Willebrand<\/a>, son la causa del sangrado menstrual abundante (SMA) en una de cada cinco mujeres.<sup>1 <\/sup>Los trastornos de la coagulaci\u00f3n son un factor importante de riesgo de hemorragia durante el parto y el posparto. A pesar de su papel destacado como causantes del SMA y a pesar de que la EVW es el trastorno hemorr\u00e1gico m\u00e1s habitual, solo un \ufeffpeque\u00f1o porcentaje de las mujeres con SMA se someten a las pruebas de la EVW.<sup>2<\/sup><\/h5>\n<\/div>\n\n<img decoding=\"async\" src=\"https:\/\/vwdtest.com\/es\/wp-content\/uploads\/sites\/55\/2023\/08\/gynaecology-img.png\" alt=\"LA EVW Y LA GINECOLOG\u00cdA \/ OBSTETRICIA\" class=\"page_thumbnail d-xl-none\">\r\n\n\n<div class=\"default-block container\">\n<p class=\"full\">Debido a la falta de concienciaci\u00f3n y educaci\u00f3n, a menudo la EVW no se diagnostica o su diagn\u00f3stico se retrasa. Sin diagn\u00f3stico ni tratamiento, estas mujeres pueden sufrir graves secuelas f\u00edsicas y psicol\u00f3gicas como resultado del SMA, como cansancio, anemia, ansiedad y depresi\u00f3n.<sup>1<\/sup><\/p>\n<\/div>\n\n<div class=\"default-block container\">\n<h3>El papel de la ginecolog\u00eda y la obstetricia<\/h3>\n<\/div>\n\n<div class=\"default-block container\">\n<p class=\"full push-text\">Casi todas las mujeres con la EVW en edad de concebir presentan un SMA<sup>3<\/sup> y las menstruaciones abundantes suelen ser el primer s\u00edntoma de sangrado notable cuando alcanzan la pubertad. Como ginec\u00f3logo u obstetra, en numerosas ocasiones, usted ser\u00e1 el primer profesional sanitario con quien comentar\u00e1n estas chicas o sus cuidadores su tendencia a sangrar mucho. Por tanto, su consulta se presenta como una primera oportunidad de ayudar a identificar a pacientes que podr\u00edan beneficiarse de la evaluaci\u00f3n diagn\u00f3stica de un trastorno hemorr\u00e1gico. Esta oportunidad es especialmente importante en sociedades que estigmatizan el sangrado vaginal o para pacientes que se han vuelto insensibles a sus reglas abundantes y que podr\u00edan no sentirse escuchadas o comprendidas.<sup>2<\/sup> Asimismo, dado que los trastornos hemorr\u00e1gicos como la EVW son enfermedades hereditarias, el diagn\u00f3stico de la EVW suele ayudar a identificar a otros familiares en riesgo.<\/p>\n<\/div>\n\n<div class=\"default-block container\">\n<p class=\"full push-text\">A pesar de que concienciar a profesionales sanitarios y pacientes es el paso m\u00e1s importante para identificar a pacientes con riesgo de sufrir hemorragias, diagnosticar la EVW contin\u00faa siendo una tarea complicada dada la complejidad del proceso diagn\u00f3stico.<sup>2<\/sup> Si alguna de sus pacientes ha indicado recientemente que presenta un SMA, le recomendamos que le pida documentar su menstruaci\u00f3n con nuestra <a href=\"\/es\/heavy-periods\/#showPdf\">tabla de evaluaci\u00f3n del sangrado menstrual<\/a>. Tambi\u00e9n puede sugerirle que complete nuestro <a href=\"\/es\/take-test\/\">test de sangrado<\/a>. Este le ayudar\u00e1 a decidir si es necesario realizar m\u00e1s pruebas y podr\u00eda cambiarle la vida a su paciente.<\/p>\n<\/div>\n\n<div class=\"default-block container\">\n<p class=\"full push-text\">Existen una serie de opciones de tratamiento para las mujeres con EVW y SMA, as\u00ed como directrices para el tratamiento del SMA causado por la EVW.<sup>4<\/sup> El tratamiento debe adaptarse a cada persona considerando factores como la edad, el estilo de vida, el deseo de quedarse embarazada y otras preferencias de la paciente. Cabe destacar que algunos tratamientos, como los anticonceptivos, suelen ser eficaces en el control del SMA, pero no proteger\u00e1n a sus pacientes con la EVW ante hemorragias causadas por traumatismos, accidentes o durante una <a href=\"\/es\/i-live-with-vwd\/#surgery\">cirug\u00eda<\/a>, por lo que resulta fundamental obtener un diagn\u00f3stico completo. Adem\u00e1s, el SMA suele conllevar estigma y rechazo. Junto a las limitaciones en la vida cotidiana, las actividades f\u00edsicas y las interacciones sociales debido al SMA, esta falta de reconocimiento puede suponer una <a href=\"\/es\/i-live-with-vwd\/#mental-health\">carga mental<\/a> considerable para sus pacientes.<sup>5,6<\/sup> Sin el suficiente apoyo social, las pacientes con la EVW pueden incluso desarrollar ansiedad y depresi\u00f3n.<\/p>\n<\/div>\n\n<div class=\"default-block container\">\n<p class=\"full push-text\">Las mujeres con la EVW pueden tener <a href=\"\/es\/i-live-with-vwd\/#childbirth\">embarazos<\/a> exitosos y dar a luz a beb\u00e9s sanos. Sin embargo, sin diagn\u00f3stico ni tratamiento, podr\u00edan tener sangrados excesivos durante el parto y tras este. Por este motivo, una planificaci\u00f3n y vigilancia adecuadas son esenciales para lograr un parto normal. Siempre que sea posible, el embarazo y el parto deben estudiarse y planearse con antelaci\u00f3n y junto a un equipo multidisciplinar que incluya a un hemat\u00f3logo de un <a href=\"\/es\/helpful-resources\/#region\">\ufeffcentro especializado en trastornos de la coagulaci\u00f3n<\/a>.<sup>8,9<\/sup> VWDtest proporciona m\u00e1s informaci\u00f3n sobre las <a href=\"\/es\/von-willebrand-disease\/\">causas<\/a>, el <a href=\"\/es\/von-willebrand-disease\/\">diagn\u00f3stico<\/a> y el <a href=\"\/es\/i-live-with-vwd\/#vwd-management\">tratamiento de la EVW<\/a>, as\u00ed como testimonios sobre las <a href=\"\/?page_id=2718#journey\">experiencias<\/a> de pacientes con EVW.<\/p>\n<\/div>\n\n<div class=\"default-block container\">\n<h6>Bibliograf\u00eda<\/h6>\n<\/div>\n\n<div class=\"default-block container\">\n<ol type=\"1\"><div class=\"default-block container\">\n<li>Kadir RA et al. <em>Lancet <\/em>1998; 351:485-9.<\/li>\n<\/div>\n\n<div class=\"default-block container\">\n<li><a href=\"https:\/\/pubmed.ncbi.nlm.nih.gov\/36210240\/\" target=\"_blank\" rel=\"noreferrer noopener\">Corrales-Medina FF et al. <em>Blood Rev<\/em><\/a> 2023; 58:101018.<\/li>\n<\/div>\n\n<div class=\"default-block container\">\n<li>de Wee EM, et al. <em>Thromb Haemost<\/em> 2012; 108:683-92.<\/li>\n<\/div>\n\n<div class=\"default-block container\">\n<li>Connell NT et al. <em>Blood Adv<\/em> 2021; 5:301-25.<\/li>\n<\/div>\n\n<div class=\"default-block container\">\n<li>VanderMeulen H, et al. <em>Hematology Am Soc Hematol Educ Program<\/em> 2022 1: 631-6.<\/li>\n<\/div>\n\n<div class=\"default-block container\">\n<li>Sanigorska A, et al. <em>Res Pract Thromb Haemost<\/em> 2022; 6:e12652.<\/li>\n<\/div>\n\n<div class=\"default-block container\">\n<li>Roberts JC, et al. <em>Haemophilia <\/em>2022; doi: 10.1111\/hae.14725.<\/li>\n<\/div>\n\n<div class=\"default-block container\">\n<li>Leebeek FWG, et al. <em>Blood <\/em>2020; 136:2143-50.<\/li>\n<\/div>\n\n<div class=\"default-block container\">\n<li>Janbain M and Kouides P <em>Int J Womens Health<\/em> 2022; 14:1307-13.<\/li>\n<\/div><\/ol>\n<\/div>","protected":false},"excerpt":{"rendered":"<p>Se calcula que los trastornos de la coagulaci\u00f3n, incluida la enfermedad de Von Willebrand, son la causa del sangrado menstrual abundante (SMA) en una de cada cinco mujeres.1 Los trastornos de la coagulaci\u00f3n son un factor importante de riesgo de hemorragia durante el parto y el posparto. A pesar de su papel destacado como causantes [&hellip;]<\/p>\n","protected":false},"author":1,"featured_media":2592,"parent":0,"menu_order":0,"comment_status":"closed","ping_status":"closed","template":"","meta":{"inline_featured_image":false},"acf":[],"yoast_head":"<!-- This site is optimized with the Yoast SEO plugin v20.4 - https:\/\/yoast.com\/wordpress\/plugins\/seo\/ -->\n<title>LA EVW Y LA GINECOLOG\u00cdA \/ OBSTETRICIA - Spain<\/title>\n<meta name=\"robots\" content=\"index, follow, max-snippet:-1, max-image-preview:large, max-video-preview:-1\" \/>\n<link rel=\"canonical\" href=\"https:\/\/vwdtest.com\/es\/vwd-and-gynaecology-obstetrics\/\" \/>\n<meta property=\"og:locale\" content=\"en_US\" \/>\n<meta property=\"og:type\" content=\"article\" \/>\n<meta property=\"og:title\" content=\"LA EVW Y LA GINECOLOG\u00cdA \/ OBSTETRICIA - Spain\" \/>\n<meta property=\"og:description\" content=\"Se calcula que los trastornos de la coagulaci\u00f3n, incluida la enfermedad de Von Willebrand, son la causa del sangrado menstrual abundante (SMA) en una de cada cinco mujeres.1 Los trastornos de la coagulaci\u00f3n son un factor importante de riesgo de hemorragia durante el parto y el posparto. A pesar de su papel destacado como causantes [&hellip;]\" \/>\n<meta property=\"og:url\" content=\"https:\/\/vwdtest.com\/es\/vwd-and-gynaecology-obstetrics\/\" \/>\n<meta property=\"og:site_name\" content=\"Spain\" \/>\n<meta property=\"article:modified_time\" content=\"2024-03-15T11:51:31+00:00\" \/>\n<meta property=\"og:image\" content=\"https:\/\/vwdtest.com\/es\/wp-content\/uploads\/sites\/55\/2023\/08\/gynaecology-img.png\" \/>\n\t<meta property=\"og:image:width\" content=\"611\" \/>\n\t<meta property=\"og:image:height\" content=\"904\" \/>\n\t<meta property=\"og:image:type\" content=\"image\/png\" \/>\n<meta name=\"twitter:card\" content=\"summary_large_image\" \/>\n<meta name=\"twitter:label1\" content=\"Est. reading time\" \/>\n\t<meta name=\"twitter:data1\" content=\"4 minutes\" \/>\n<script type=\"application\/ld+json\" class=\"yoast-schema-graph\">{\"@context\":\"https:\/\/schema.org\",\"@graph\":[{\"@type\":\"WebPage\",\"@id\":\"https:\/\/vwdtest.com\/es\/vwd-and-gynaecology-obstetrics\/\",\"url\":\"https:\/\/vwdtest.com\/es\/vwd-and-gynaecology-obstetrics\/\",\"name\":\"LA EVW Y LA GINECOLOG\u00cdA \/ OBSTETRICIA - Spain\",\"isPartOf\":{\"@id\":\"https:\/\/vwdtest.com\/es\/#website\"},\"datePublished\":\"2023-08-14T07:52:15+00:00\",\"dateModified\":\"2024-03-15T11:51:31+00:00\",\"breadcrumb\":{\"@id\":\"https:\/\/vwdtest.com\/es\/vwd-and-gynaecology-obstetrics\/#breadcrumb\"},\"inLanguage\":\"en-US\",\"potentialAction\":[{\"@type\":\"ReadAction\",\"target\":[\"https:\/\/vwdtest.com\/es\/vwd-and-gynaecology-obstetrics\/\"]}]},{\"@type\":\"BreadcrumbList\",\"@id\":\"https:\/\/vwdtest.com\/es\/vwd-and-gynaecology-obstetrics\/#breadcrumb\",\"itemListElement\":[{\"@type\":\"ListItem\",\"position\":1,\"name\":\"Home\",\"item\":\"https:\/\/vwdtest.com\/es\/\"},{\"@type\":\"ListItem\",\"position\":2,\"name\":\"LA EVW Y LA GINECOLOG\u00cdA \/ OBSTETRICIA\"}]},{\"@type\":\"WebSite\",\"@id\":\"https:\/\/vwdtest.com\/es\/#website\",\"url\":\"https:\/\/vwdtest.com\/es\/\",\"name\":\"Spain\",\"description\":\"\",\"potentialAction\":[{\"@type\":\"SearchAction\",\"target\":{\"@type\":\"EntryPoint\",\"urlTemplate\":\"https:\/\/vwdtest.com\/es\/?s={search_term_string}\"},\"query-input\":\"required name=search_term_string\"}],\"inLanguage\":\"en-US\"}]}<\/script>\n<!-- \/ Yoast SEO plugin. -->","yoast_head_json":{"title":"LA EVW Y LA GINECOLOG\u00cdA \/ OBSTETRICIA - Spain","robots":{"index":"index","follow":"follow","max-snippet":"max-snippet:-1","max-image-preview":"max-image-preview:large","max-video-preview":"max-video-preview:-1"},"canonical":"https:\/\/vwdtest.com\/es\/vwd-and-gynaecology-obstetrics\/","og_locale":"en_US","og_type":"article","og_title":"LA EVW Y LA GINECOLOG\u00cdA \/ OBSTETRICIA - Spain","og_description":"Se calcula que los trastornos de la coagulaci\u00f3n, incluida la enfermedad de Von Willebrand, son la causa del sangrado menstrual abundante (SMA) en una de cada cinco mujeres.1 Los trastornos de la coagulaci\u00f3n son un factor importante de riesgo de hemorragia durante el parto y el posparto. A pesar de su papel destacado como causantes [&hellip;]","og_url":"https:\/\/vwdtest.com\/es\/vwd-and-gynaecology-obstetrics\/","og_site_name":"Spain","article_modified_time":"2024-03-15T11:51:31+00:00","og_image":[{"width":611,"height":904,"url":"https:\/\/vwdtest.com\/es\/wp-content\/uploads\/sites\/55\/2023\/08\/gynaecology-img.png","type":"image\/png"}],"twitter_card":"summary_large_image","twitter_misc":{"Est. reading time":"4 minutes"},"schema":{"@context":"https:\/\/schema.org","@graph":[{"@type":"WebPage","@id":"https:\/\/vwdtest.com\/es\/vwd-and-gynaecology-obstetrics\/","url":"https:\/\/vwdtest.com\/es\/vwd-and-gynaecology-obstetrics\/","name":"LA EVW Y LA GINECOLOG\u00cdA \/ OBSTETRICIA - Spain","isPartOf":{"@id":"https:\/\/vwdtest.com\/es\/#website"},"datePublished":"2023-08-14T07:52:15+00:00","dateModified":"2024-03-15T11:51:31+00:00","breadcrumb":{"@id":"https:\/\/vwdtest.com\/es\/vwd-and-gynaecology-obstetrics\/#breadcrumb"},"inLanguage":"en-US","potentialAction":[{"@type":"ReadAction","target":["https:\/\/vwdtest.com\/es\/vwd-and-gynaecology-obstetrics\/"]}]},{"@type":"BreadcrumbList","@id":"https:\/\/vwdtest.com\/es\/vwd-and-gynaecology-obstetrics\/#breadcrumb","itemListElement":[{"@type":"ListItem","position":1,"name":"Home","item":"https:\/\/vwdtest.com\/es\/"},{"@type":"ListItem","position":2,"name":"LA EVW Y LA GINECOLOG\u00cdA \/ OBSTETRICIA"}]},{"@type":"WebSite","@id":"https:\/\/vwdtest.com\/es\/#website","url":"https:\/\/vwdtest.com\/es\/","name":"Spain","description":"","potentialAction":[{"@type":"SearchAction","target":{"@type":"EntryPoint","urlTemplate":"https:\/\/vwdtest.com\/es\/?s={search_term_string}"},"query-input":"required name=search_term_string"}],"inLanguage":"en-US"}]}},"_links":{"self":[{"href":"https:\/\/vwdtest.com\/es\/wp-json\/wp\/v2\/pages\/2709"}],"collection":[{"href":"https:\/\/vwdtest.com\/es\/wp-json\/wp\/v2\/pages"}],"about":[{"href":"https:\/\/vwdtest.com\/es\/wp-json\/wp\/v2\/types\/page"}],"author":[{"embeddable":true,"href":"https:\/\/vwdtest.com\/es\/wp-json\/wp\/v2\/users\/1"}],"replies":[{"embeddable":true,"href":"https:\/\/vwdtest.com\/es\/wp-json\/wp\/v2\/comments?post=2709"}],"version-history":[{"count":23,"href":"https:\/\/vwdtest.com\/es\/wp-json\/wp\/v2\/pages\/2709\/revisions"}],"predecessor-version":[{"id":3264,"href":"https:\/\/vwdtest.com\/es\/wp-json\/wp\/v2\/pages\/2709\/revisions\/3264"}],"wp:featuredmedia":[{"embeddable":true,"href":"https:\/\/vwdtest.com\/es\/wp-json\/wp\/v2\/media\/2592"}],"wp:attachment":[{"href":"https:\/\/vwdtest.com\/es\/wp-json\/wp\/v2\/media?parent=2709"}],"curies":[{"name":"wp","href":"https:\/\/api.w.org\/{rel}","templated":true}]}}