{"id":2708,"date":"2023-08-14T07:57:20","date_gmt":"2023-08-14T07:57:20","guid":{"rendered":"https:\/\/new.vwdtest.com\/es\/family-doctor-paediatrician\/"},"modified":"2025-10-09T12:42:15","modified_gmt":"2025-10-09T12:42:15","slug":"family-doctor-paediatrician","status":"publish","type":"page","link":"https:\/\/vwdtest.com\/es\/family-doctor-paediatrician\/","title":{"rendered":"LA EVW Y LA MEDICINA DE FAMILIA \/ PEDIATR\u00cdA"},"content":{"rendered":"<div class=\"default-block container\">\n<p><\/p>\n<\/div>\n\n<img decoding=\"async\" src=\"https:\/\/vwdtest.com\/es\/wp-content\/uploads\/sites\/55\/2023\/08\/paediatrician-img.png\" alt=\"LA EVW Y LA MEDICINA DE FAMILIA \/ PEDIATR\u00cdA\" class=\"page_thumbnail d-xl-none\">\r\n\n\n<div class=\"default-block container\">\n<p><p><\/p><h5 class=\"bleeding-symptoms-title vwd\">El miedo a sangrar de los ni\u00f1os y ni\u00f1as con EVW puede acarrear problemas emocionales y de comportamiento en el colegio y en la vida familiar. Los sangrados frecuentes tambi\u00e9n pueden provocar absentismo escolar.<sup>4 <\/sup>Adem\u00e1s, el miedo a estos sangrados supone una <a href=\"https:\/\/vwdtest.com\/es\/i-live-with-vwd\/#mental-health\">carga psicol\u00f3gica<\/a> considerable para las personas al cargo de estos menores, lo que puede llevarlas a restringir actividades f\u00edsicas y sociales que son importantes para el desarrollo normal del menor.<sup>5<\/sup><\/h5><\/p>\n<\/div>\n\n<div class=\"default-block container\">\n<h3>El papel de la medicina de familia y la pediatr\u00eda<\/h3>\n<\/div>\n\n<div class=\"default-block container\">\n<p class=\"full\">La EVW es el trastorno de la coagulaci\u00f3n m\u00e1s habitual en la infancia.<sup>6 <\/sup>Los s\u00edntomas hemorr\u00e1gicos habituales en ni\u00f1os y ni\u00f1as con EVW son: propensi\u00f3n a los hematomas, sangrados bucales y nasales, y sangrados prolongados causados por heridas menores o tras una cirug\u00eda.<sup>2 <\/sup>Como m\u00e9dico de familia o pediatra, usted ser\u00e1, en muchos casos, el primer profesional m\u00e9dico que atienda a un ni\u00f1o con estos s\u00edntomas, y deber\u00e1 determinar si presenta un patr\u00f3n de sangrado an\u00f3malo que precisa ser atendido por un especialista.<sup>7 <\/sup>Tanto en adultos como en ni\u00f1os con un posible trastorno de la coagulaci\u00f3n, el primer paso es valorar los antecedentes de hemorragias. Para ello, en el caso de los menores, es fundamental considerar la edad y las habilidades de desarrollo del paciente. Los lactantes que a\u00fan no pueden desplazarse por s\u00ed mismos no suelen presentar hematomas, pero pueden presentar sangrados at\u00edpicos tras la circuncisi\u00f3n o  las extracciones de sangre.<sup>2,7 <\/sup>A medida que los ni\u00f1os ganan movilidad, empiezan a ser m\u00e1s frecuentes los ara\u00f1azos y hematomas debido a los golpes o ca\u00eddas; sin embargo, si los hematomas son de mayor tama\u00f1o o se producen con mayor frecuencia de lo esperado, podr\u00edan indicar un trastorno hemorr\u00e1gico. Los ni\u00f1os con EVW tambi\u00e9n pueden presentar hematomas en lugares poco habituales, como la espalda o el abdomen. Estos hematomas pueden confundirse con signos de abuso infantil, una posibilidad que preocupa a algunos padres.<sup>8 <\/sup>Por \u00faltimo, cuando las ni\u00f1as alcanzan la pubertad, los <a href=\"\/es\/bleeding-symptoms\/#hmb\">sangrados menstruales abundantes<\/a> son el s\u00edntoma hemorr\u00e1gico m\u00e1s habitual de la EVW. Cuando hable de estos s\u00edntomas con los pacientes y sus cuidadores, es importante que incluya tambi\u00e9n los antecedentes familiares de hemorragia, dado que las familias pueden restar importancia a los sangrados at\u00edpicos recurrentes.<sup>2,9<\/sup><\/p>\n<\/div>\n\n<div class=\"default-block container\">\n<p class=\"full\">En ocasiones, resulta dif\u00edcil decidir si los s\u00edntomas de sangrado son at\u00edpicos.<sup>7 <\/sup>Para una primera evaluaci\u00f3n de estos s\u00edntomas y, especialmente, para pacientes que tienen una cirug\u00eda programada, le recomendamos que utilice nuestro <a href=\"\/es\/take-test\/\">test de sangrado<\/a>. Este test le mostrar\u00e1 si est\u00e1 indicada la realizaci\u00f3n de m\u00e1s pruebas y podr\u00eda cambiarle la vida a su paciente.<\/p>\n<\/div>\n\n<div class=\"default-block container\">\n<p class=\"full\">El diagn\u00f3stico definitivo de la EVW es el resultado de un proceso complejo.<sup>2<\/sup> Por tanto, le recomendamos que se ponga en contacto con un <a href=\"\/es\/helpful-resources\/#region\">centro de tratamiento especialista en trastornos de la coagulaci\u00f3n<\/a> de su \u00e1rea en caso de necesitar una evaluaci\u00f3n diagn\u00f3stica. En VWDtest, encontrar\u00e1 m\u00e1s informaci\u00f3n sobre las <a href=\"\/es\/von-willebrand-disease\/\">causas<\/a>, el <a href=\"\/es\/von-willebrand-disease\/\">diagn\u00f3stico<\/a> y el <a href=\"\/es\/i-live-with-vwd\/#vwd-management\">tratamiento de la EVW<\/a>, as\u00ed como testimonios sobre las <a href=\"\/es\/helpful-resources\/#journey\">experiencias<\/a> de pacientes con esta enfermedad.<\/p>\n<\/div>\n\n<div class=\"default-block container\">\n<h6>Bibliograf\u00eda<\/h6>\n<\/div>\n\n<div class=\"default-block container\">\n<ol type=\"1\"><div class=\"default-block container\">\n<li>Atiq F et al. <em>EClinicalMedicine<\/em> 2021; 32:100726.<\/li>\n<\/div>\n\n<div class=\"default-block container\">\n<li><a href=\"https:\/\/pubmed.ncbi.nlm.nih.gov\/36210240\/\" target=\"_blank\" rel=\"noreferrer noopener\">Corrales-Medina FF et al. <em>Blood Rev <\/em><\/a>2023; 58:101018.<\/li>\n<\/div>\n\n<div class=\"default-block container\">\n<li>Patel PN et al. Int J <em>Pediatr Otorhinolaryngol<\/em> 2017; 100:216-22.<\/li>\n<\/div>\n\n<div class=\"default-block container\">\n<li>de Wee EM et al. <em>J Thromb Haemost<\/em> 2011; 9:502-9.<\/li>\n<\/div>\n\n<div class=\"default-block container\">\n<li><a href=\"https:\/\/www.hemophilia.org\/sites\/default\/files\/document\/files\/nurses-guide-chapter-13a-child-development-with-bleeding-disorder-transition.pdf\" target=\"_blank\" rel=\"noreferrer noopener\">https:\/\/www.hemophilia.org\/sites\/default\/files\/document\/files\/nurses-guide-chapter-13a-child-development-with-bleeding-disorder-transition.pdf<\/a>; \u00faltimo acceso en marzo de 2023.<\/li>\n<\/div>\n\n<div class=\"default-block container\">\n<li>Klaassen R and Halton <em>JM Paediatr Child Health<\/em> 2002; 7:245-9.<\/li>\n<\/div>\n\n<div class=\"default-block container\">\n<li>Van Ommen CH and Peters M. <em>Eur J Pediatr<\/em> 2012; 171:1-10.<\/li>\n<\/div>\n\n<div class=\"default-block container\">\n<li>Jackson J et al. <em>Child Abuse Negl<\/em> 2012; 36:127-34.<\/li>\n<\/div>\n\n<div class=\"default-block container\">\n<li>VanderMeulen H, et al. <em>Hematology Am Soc Hematol Educ Program<\/em> 2022 1: 631-6.<\/li>\n<\/div><\/ol>\n<\/div>","protected":false},"excerpt":{"rendered":"<p>El miedo a sangrar de los ni\u00f1os y ni\u00f1as con EVW puede acarrear problemas emocionales y de comportamiento en el colegio y en la vida familiar. Los sangrados frecuentes tambi\u00e9n pueden provocar absentismo escolar.4 Adem\u00e1s, el miedo a estos sangrados supone una carga psicol\u00f3gica considerable para las personas al cargo de estos menores, lo que [&hellip;]<\/p>\n","protected":false},"author":1,"featured_media":2591,"parent":0,"menu_order":0,"comment_status":"closed","ping_status":"closed","template":"","meta":{"inline_featured_image":false},"acf":[],"yoast_head":"<!-- This site is optimized with the Yoast SEO plugin v20.4 - https:\/\/yoast.com\/wordpress\/plugins\/seo\/ -->\n<title>LA EVW Y LA MEDICINA DE FAMILIA \/ PEDIATR\u00cdA - Spain<\/title>\n<meta name=\"robots\" content=\"index, follow, max-snippet:-1, max-image-preview:large, max-video-preview:-1\" \/>\n<link rel=\"canonical\" href=\"https:\/\/vwdtest.com\/es\/family-doctor-paediatrician\/\" \/>\n<meta property=\"og:locale\" content=\"en_US\" \/>\n<meta property=\"og:type\" content=\"article\" \/>\n<meta property=\"og:title\" content=\"LA EVW Y LA MEDICINA DE FAMILIA \/ PEDIATR\u00cdA - Spain\" \/>\n<meta property=\"og:description\" content=\"El miedo a sangrar de los ni\u00f1os y ni\u00f1as con EVW puede acarrear problemas emocionales y de comportamiento en el colegio y en la vida familiar. Los sangrados frecuentes tambi\u00e9n pueden provocar absentismo escolar.4 Adem\u00e1s, el miedo a estos sangrados supone una carga psicol\u00f3gica considerable para las personas al cargo de estos menores, lo que [&hellip;]\" \/>\n<meta property=\"og:url\" content=\"https:\/\/vwdtest.com\/es\/family-doctor-paediatrician\/\" \/>\n<meta property=\"og:site_name\" content=\"Spain\" \/>\n<meta property=\"article:modified_time\" content=\"2025-10-09T12:42:15+00:00\" \/>\n<meta property=\"og:image\" content=\"https:\/\/vwdtest.com\/es\/wp-content\/uploads\/sites\/55\/2023\/08\/paediatrician-img.png\" \/>\n\t<meta property=\"og:image:width\" content=\"687\" \/>\n\t<meta property=\"og:image:height\" content=\"799\" \/>\n\t<meta property=\"og:image:type\" content=\"image\/png\" \/>\n<meta name=\"twitter:card\" content=\"summary_large_image\" \/>\n<meta name=\"twitter:label1\" content=\"Est. reading time\" \/>\n\t<meta name=\"twitter:data1\" content=\"3 minutes\" \/>\n<script type=\"application\/ld+json\" class=\"yoast-schema-graph\">{\"@context\":\"https:\/\/schema.org\",\"@graph\":[{\"@type\":\"WebPage\",\"@id\":\"https:\/\/vwdtest.com\/es\/family-doctor-paediatrician\/\",\"url\":\"https:\/\/vwdtest.com\/es\/family-doctor-paediatrician\/\",\"name\":\"LA EVW Y LA MEDICINA DE FAMILIA \/ PEDIATR\u00cdA - Spain\",\"isPartOf\":{\"@id\":\"https:\/\/vwdtest.com\/es\/#website\"},\"datePublished\":\"2023-08-14T07:57:20+00:00\",\"dateModified\":\"2025-10-09T12:42:15+00:00\",\"breadcrumb\":{\"@id\":\"https:\/\/vwdtest.com\/es\/family-doctor-paediatrician\/#breadcrumb\"},\"inLanguage\":\"en-US\",\"potentialAction\":[{\"@type\":\"ReadAction\",\"target\":[\"https:\/\/vwdtest.com\/es\/family-doctor-paediatrician\/\"]}]},{\"@type\":\"BreadcrumbList\",\"@id\":\"https:\/\/vwdtest.com\/es\/family-doctor-paediatrician\/#breadcrumb\",\"itemListElement\":[{\"@type\":\"ListItem\",\"position\":1,\"name\":\"Home\",\"item\":\"https:\/\/vwdtest.com\/es\/\"},{\"@type\":\"ListItem\",\"position\":2,\"name\":\"LA EVW Y LA MEDICINA DE FAMILIA \/ PEDIATR\u00cdA\"}]},{\"@type\":\"WebSite\",\"@id\":\"https:\/\/vwdtest.com\/es\/#website\",\"url\":\"https:\/\/vwdtest.com\/es\/\",\"name\":\"Spain\",\"description\":\"\",\"potentialAction\":[{\"@type\":\"SearchAction\",\"target\":{\"@type\":\"EntryPoint\",\"urlTemplate\":\"https:\/\/vwdtest.com\/es\/?s={search_term_string}\"},\"query-input\":\"required name=search_term_string\"}],\"inLanguage\":\"en-US\"}]}<\/script>\n<!-- \/ Yoast SEO plugin. -->","yoast_head_json":{"title":"LA EVW Y LA MEDICINA DE FAMILIA \/ PEDIATR\u00cdA - Spain","robots":{"index":"index","follow":"follow","max-snippet":"max-snippet:-1","max-image-preview":"max-image-preview:large","max-video-preview":"max-video-preview:-1"},"canonical":"https:\/\/vwdtest.com\/es\/family-doctor-paediatrician\/","og_locale":"en_US","og_type":"article","og_title":"LA EVW Y LA MEDICINA DE FAMILIA \/ PEDIATR\u00cdA - Spain","og_description":"El miedo a sangrar de los ni\u00f1os y ni\u00f1as con EVW puede acarrear problemas emocionales y de comportamiento en el colegio y en la vida familiar. Los sangrados frecuentes tambi\u00e9n pueden provocar absentismo escolar.4 Adem\u00e1s, el miedo a estos sangrados supone una carga psicol\u00f3gica considerable para las personas al cargo de estos menores, lo que [&hellip;]","og_url":"https:\/\/vwdtest.com\/es\/family-doctor-paediatrician\/","og_site_name":"Spain","article_modified_time":"2025-10-09T12:42:15+00:00","og_image":[{"width":687,"height":799,"url":"https:\/\/vwdtest.com\/es\/wp-content\/uploads\/sites\/55\/2023\/08\/paediatrician-img.png","type":"image\/png"}],"twitter_card":"summary_large_image","twitter_misc":{"Est. reading time":"3 minutes"},"schema":{"@context":"https:\/\/schema.org","@graph":[{"@type":"WebPage","@id":"https:\/\/vwdtest.com\/es\/family-doctor-paediatrician\/","url":"https:\/\/vwdtest.com\/es\/family-doctor-paediatrician\/","name":"LA EVW Y LA MEDICINA DE FAMILIA \/ PEDIATR\u00cdA - Spain","isPartOf":{"@id":"https:\/\/vwdtest.com\/es\/#website"},"datePublished":"2023-08-14T07:57:20+00:00","dateModified":"2025-10-09T12:42:15+00:00","breadcrumb":{"@id":"https:\/\/vwdtest.com\/es\/family-doctor-paediatrician\/#breadcrumb"},"inLanguage":"en-US","potentialAction":[{"@type":"ReadAction","target":["https:\/\/vwdtest.com\/es\/family-doctor-paediatrician\/"]}]},{"@type":"BreadcrumbList","@id":"https:\/\/vwdtest.com\/es\/family-doctor-paediatrician\/#breadcrumb","itemListElement":[{"@type":"ListItem","position":1,"name":"Home","item":"https:\/\/vwdtest.com\/es\/"},{"@type":"ListItem","position":2,"name":"LA EVW Y LA MEDICINA DE FAMILIA \/ PEDIATR\u00cdA"}]},{"@type":"WebSite","@id":"https:\/\/vwdtest.com\/es\/#website","url":"https:\/\/vwdtest.com\/es\/","name":"Spain","description":"","potentialAction":[{"@type":"SearchAction","target":{"@type":"EntryPoint","urlTemplate":"https:\/\/vwdtest.com\/es\/?s={search_term_string}"},"query-input":"required name=search_term_string"}],"inLanguage":"en-US"}]}},"_links":{"self":[{"href":"https:\/\/vwdtest.com\/es\/wp-json\/wp\/v2\/pages\/2708"}],"collection":[{"href":"https:\/\/vwdtest.com\/es\/wp-json\/wp\/v2\/pages"}],"about":[{"href":"https:\/\/vwdtest.com\/es\/wp-json\/wp\/v2\/types\/page"}],"author":[{"embeddable":true,"href":"https:\/\/vwdtest.com\/es\/wp-json\/wp\/v2\/users\/1"}],"replies":[{"embeddable":true,"href":"https:\/\/vwdtest.com\/es\/wp-json\/wp\/v2\/comments?post=2708"}],"version-history":[{"count":18,"href":"https:\/\/vwdtest.com\/es\/wp-json\/wp\/v2\/pages\/2708\/revisions"}],"predecessor-version":[{"id":3392,"href":"https:\/\/vwdtest.com\/es\/wp-json\/wp\/v2\/pages\/2708\/revisions\/3392"}],"wp:featuredmedia":[{"embeddable":true,"href":"https:\/\/vwdtest.com\/es\/wp-json\/wp\/v2\/media\/2591"}],"wp:attachment":[{"href":"https:\/\/vwdtest.com\/es\/wp-json\/wp\/v2\/media?parent=2708"}],"curies":[{"name":"wp","href":"https:\/\/api.w.org\/{rel}","templated":true}]}}