{"id":89,"date":"2023-02-14T13:03:21","date_gmt":"2023-02-14T13:03:21","guid":{"rendered":"https:\/\/new.vwdtest.com\/gr\/?page_id=89"},"modified":"2025-10-09T12:49:57","modified_gmt":"2025-10-09T12:49:57","slug":"vwd-and-denstistry","status":"publish","type":"page","link":"https:\/\/vwdtest.com\/de\/vwd-and-denstistry\/","title":{"rendered":"VWE UND ZAHNMEDIZIN"},"content":{"rendered":"<div class=\"default-block container\">\n<h5 class=\"bleeding-symptoms-title dentist\">Patienten mit Blutgerinnungsst\u00f6rungen wie H\u00e4mophilie oder <a href=\"https:\/\/vwdtest.com\/de\/von-willebrand-disease\/\" target=\"_blank\" rel=\"noreferrer noopener\">Von-Willebrand-Erkrankung (VWE)<\/a>&nbsp; haben auch w\u00e4hrend der routinem\u00e4\u00dfigen Zahnpflege ein erh\u00f6htes Risiko f\u00fcr orale Blutungen.<sup>1,2<\/sup> Blutungen k\u00f6nnen auch nach dem Z\u00e4hneputzen oder der Verwendung von Zahnseide auftreten. Die Angst vor Blutungen kann Patienten daran hindern, eine gute Mundhygiene aufrechtzuerhalten und regelm\u00e4\u00dfig eine Zahnarztpraxis aufzusuchen.<sup>2-4<\/sup> Sogar Patienten, die ihren Zahnarzt aufsuchen, k\u00f6nnen aufgrund fr\u00fcherer schlechter Erfahrungen Angst vor zahn\u00e4rztlichen Eingriffen haben oder bef\u00fcrchten, dass sie m\u00f6glicherweise nicht behandelt werden.<sup>4<\/sup> Dar\u00fcber hinaus wird bei vielen Patienten mit einer VWE keine Diagnose gestellt und sie sind sich nicht bewusst, dass ihre Blutung nicht im Normbereich ist.<sup>5<\/sup><\/h5>\n<\/div>\n\n<img decoding=\"async\" src=\"https:\/\/vwdtest.com\/de\/wp-content\/uploads\/sites\/67\/2023\/02\/Dentist-button.png\" alt=\"VWE UND ZAHNMEDIZIN\" class=\"page_thumbnail d-xl-none\">\r\n\n\n<div class=\"default-block container\">\n<p><\/p>\n<\/div>\n\n<div class=\"default-block container\">\n<p><\/p>\n<\/div>\n\n<div class=\"default-block container\">\n<p class=\"full\">Das Blutungsrisiko und die daraus resultierende Angst tragen bei Kindern und Jugendlichen mit Blutgerinnungsst\u00f6rungen zu einer schlechten Zahngesundheit bei.<sup>2<\/sup> Ohne angemessene Aufkl\u00e4rung und Behandlung geraten diese Patienten m\u00f6glicherweise in einen negativen Kreislauf aus h\u00e4ufigem Zahnfleischbluten, vernachl\u00e4ssigter Zahnpflege und sich verschlechternder Mundgesundheit.<sup>3<\/sup> Um ihre Mundgesundheit und Lebensqualit\u00e4t zu erhalten, sind diese Patienten und ihre Angeh\u00f6rigen verst\u00e4rkt auf einen vertrauensw\u00fcrdige zahn\u00e4rztliche Betreuung angewiesen, die sie \u00fcber Vorsorgema\u00dfnahmen aufkl\u00e4rt und regelm\u00e4\u00dfige Kontrolluntersuchungen sicherstellt.<\/p>\n<\/div>\n\n<div class=\"default-block container\">\n<h3>Die Rolle der Zahn\u00e4rzte<\/h3>\n<\/div>\n\n<div class=\"default-block container\">\n<p class=\"full\">Als Zahnarzt sind Sie in einer guten Position, um Patienten zu identifizieren, die von weiteren diagnostischen Untersuchungen auf eine Blutgerinnungsst\u00f6rung profitieren k\u00f6nnten. F\u00fcr viele Menschen sind Besuche in ihrer  Zahnarztpraxis der einzige regelm\u00e4\u00dfige Kontakt mit dem Gesundheitssystem.<sup>2<\/sup> Au\u00dferdem ist eine Zahnextraktion f\u00fcr viele Patienten oft die erste Operation und kann damit eine gro\u00dfe h\u00e4mostatische Herausforderung sein. Daher k\u00f6nnen \u00fcberm\u00e4\u00dfige Blutungen w\u00e4hrend oder nach einem solchen Eingriff die erste M\u00f6glichkeit f\u00fcr die Diagnose einer unerkannten Blutgerinnungsst\u00f6rung sein.<\/p>\n<\/div>\n\n<div class=\"default-block container\">\n<p class=\"full\">Die Diagnose einer VWE bleibt aufgrund des mangelnden Bewusstseins und der Komplexit\u00e4t der diagnostischen Abkl\u00e4rung eine anspruchsvolle Aufgabe.<sup>5<\/sup> Wenn Sie k\u00fcrzlich bei einem Ihrer Patienten unerwartete Blutungen beobachtet haben, empfehlen wir Ihnen, unseren <a data-type=\"page\" data-id=\"58\" href=\"https:\/\/vwdtest.com\/de\/take-test\/\">Blutungstest<\/a>  zusammen mit Ihrem Patienten zu machen. Der Test hilft Ihnen bei der Entscheidung, ob weitere Untersuchungen erforderlich sind \u2013 und k\u00f6nnte das Leben Ihres Patienten ver\u00e4ndern!<\/p>\n<\/div>\n\n<div class=\"default-block container\">\n<p class=\"full\">Da Patienten mit Blutgerinnungsst\u00f6rungen aus Angst vor Blutungen m\u00f6glicherweise zahn\u00e4rztliche Kontrolluntersuchungen vermeiden, sollten regelm\u00e4\u00dfige Nachuntersuchungen gef\u00f6rdert werden, um die Mundgesundheit und Lebensqualit\u00e4t der Patienten zu erhalten.<sup>4<\/sup> F\u00fcr Zahn\u00e4rzte, die Patienten mit Blutgerinnungsst\u00f6rungen behandeln m\u00f6chten, gibt es Behandlungsempfehlungen.<sup>3,6<\/sup> Im Allgemeinen \u00e4hnelt die zahn\u00e4rztliche Behandlung von Patienten mit einer VWE der von H\u00e4mophilie-Patienten.<sup>3<\/sup> Die meisten nicht-chirurgischen Routinebehandlungen k\u00f6nnen nach R\u00fccksprache mit einem H\u00e4mostaseologen in einer allgemeinzahn\u00e4rztlichen Praxis durchgef\u00fchrt werden, insbesondere bei Patienten mit einer leichten VWE.<sup>3<\/sup> Nur die Behandlung von Patienten mit mittelschwerer oder schwerer Erkrankung und invasiven zahn\u00e4rztlichen Eingriffen sollte in einem Krankenhaus nach einem Behandlungsplan durchgef\u00fchrt werden.<sup>3,6<\/sup><\/p>\n<\/div>\n\n<div class=\"default-block container\">\n<p class=\"full\">Um das n\u00e4chstgelegene <a href=\"https:\/\/vwdtest.com\/de\/helpful-resources\/#region\">Gerinnungszentrum<\/a> zu finden, klicken Sie bitte <a href=\"https:\/\/vwdtest.com\/de\/helpful-resources\/\">hier.<\/a> Die Website vwdtest.com\/gr bietet zudem weitere Informationen zur <a href=\"https:\/\/vwdtest.com\/de\/von-willebrand-disease\/\">\u00c4tiologie<\/a>, <a href=\"https:\/\/vwdtest.com\/de\/von-willebrand-disease\/\"> Diagnose <\/a>und zum <a href=\"https:\/\/vwdtest.com\/de\/i-live-with-vwd\/#vwd-management\">Management der VWE<\/a> sowie Einblick in den typischen Weg von Patienten mit VWE.<\/p>\n<\/div>\n\n<div class=\"default-block container\">\n<p>Referenzen<\/p>\n<\/div>\n\n<div class=\"default-block container\">\n<ol type=\"1\"><div class=\"default-block container\">\n<li>von Wee EM, et al. <em>Thromb Haemost<\/em> 2012; 108:683-92.<\/li>\n<\/div>\n\n<div class=\"default-block container\">\n<li>Brown MC et al. <em>H\u00e4mophilie<\/em>2022; 28:73-9.<\/li>\n<\/div>\n\n<div class=\"default-block container\">\n<li>Anderson JAM et al. <em>Br Dent J<\/em> 2013; 215:497-504.<\/li>\n<\/div>\n\n<div class=\"default-block container\">\n<li>Kalsi H et al. <em>Haemophilia<\/em> 2012; 18:510-5.<\/li>\n<\/div>\n\n<div class=\"default-block container\">\n<li><a href=\"https:\/\/pubmed.ncbi.nlm.nih.gov\/36210240\/\" target=\"_blank\" rel=\"noreferrer noopener\">Corrales-Medina FF et al. <em>Blood Rev<\/em><\/a><em><a> <\/a><\/em>2023; 58:101018.<\/li>\n<\/div>\n\n<div class=\"default-block container\">\n<li>WFH-Richtlinien f\u00fcr die zahn\u00e4rztliche Behandlung von Patienten mit angeborenen Blutgerinnungsst\u00f6rungen; <a href=\"https:\/\/elearning.wfh.org\/resource\/guidelines-for-dental-treatment-of-patients-with-inherited-bleeding-disorders\/\" target=\"_blank\" rel=\"noreferrer noopener\">https:\/\/elearning.wfh.org\/resource\/guidelines-for-dental-treatment-of-patients-with-inherited-bleeding-disorders\/<\/a>; zuletzt aufgerufen im November 2022.<\/li>\n<\/div><\/ol>\n<\/div>","protected":false},"excerpt":{"rendered":"<p>Patienten mit Blutgerinnungsst\u00f6rungen wie H\u00e4mophilie oder Von-Willebrand-Erkrankung (VWE)&nbsp; haben auch w\u00e4hrend der routinem\u00e4\u00dfigen Zahnpflege ein erh\u00f6htes Risiko f\u00fcr orale Blutungen.1,2 Blutungen k\u00f6nnen auch nach dem Z\u00e4hneputzen oder der Verwendung von Zahnseide auftreten. Die Angst vor Blutungen kann Patienten daran hindern, eine gute Mundhygiene aufrechtzuerhalten und regelm\u00e4\u00dfig eine Zahnarztpraxis aufzusuchen.2-4 Sogar Patienten, die ihren Zahnarzt aufsuchen, [&hellip;]<\/p>\n","protected":false},"author":1,"featured_media":233,"parent":0,"menu_order":0,"comment_status":"closed","ping_status":"closed","template":"","meta":{"inline_featured_image":false},"acf":[],"yoast_head":"<!-- This site is optimized with the Yoast SEO plugin v20.4 - https:\/\/yoast.com\/wordpress\/plugins\/seo\/ -->\n<title>VWE UND ZAHNMEDIZIN - Germany<\/title>\n<meta name=\"robots\" content=\"index, follow, max-snippet:-1, max-image-preview:large, max-video-preview:-1\" \/>\n<link rel=\"canonical\" href=\"https:\/\/vwdtest.com\/de\/vwd-and-denstistry\/\" \/>\n<meta property=\"og:locale\" content=\"en_US\" \/>\n<meta property=\"og:type\" content=\"article\" \/>\n<meta property=\"og:title\" content=\"VWE UND ZAHNMEDIZIN - Germany\" \/>\n<meta property=\"og:description\" content=\"Patienten mit Blutgerinnungsst\u00f6rungen wie H\u00e4mophilie oder Von-Willebrand-Erkrankung (VWE)&nbsp; haben auch w\u00e4hrend der routinem\u00e4\u00dfigen Zahnpflege ein erh\u00f6htes Risiko f\u00fcr orale Blutungen.1,2 Blutungen k\u00f6nnen auch nach dem Z\u00e4hneputzen oder der Verwendung von Zahnseide auftreten. Die Angst vor Blutungen kann Patienten daran hindern, eine gute Mundhygiene aufrechtzuerhalten und regelm\u00e4\u00dfig eine Zahnarztpraxis aufzusuchen.2-4 Sogar Patienten, die ihren Zahnarzt aufsuchen, [&hellip;]\" \/>\n<meta property=\"og:url\" content=\"https:\/\/vwdtest.com\/de\/vwd-and-denstistry\/\" \/>\n<meta property=\"og:site_name\" content=\"Germany\" \/>\n<meta property=\"article:modified_time\" content=\"2025-10-09T12:49:57+00:00\" \/>\n<meta property=\"og:image\" content=\"https:\/\/vwdtest.com\/de\/wp-content\/uploads\/sites\/67\/2023\/02\/Dentist-button.png\" \/>\n\t<meta property=\"og:image:width\" content=\"772\" \/>\n\t<meta property=\"og:image:height\" content=\"1021\" \/>\n\t<meta property=\"og:image:type\" content=\"image\/png\" \/>\n<meta name=\"twitter:card\" content=\"summary_large_image\" \/>\n<meta name=\"twitter:label1\" content=\"Est. reading time\" \/>\n\t<meta name=\"twitter:data1\" content=\"3 minutes\" \/>\n<script type=\"application\/ld+json\" class=\"yoast-schema-graph\">{\"@context\":\"https:\/\/schema.org\",\"@graph\":[{\"@type\":\"WebPage\",\"@id\":\"https:\/\/vwdtest.com\/de\/vwd-and-denstistry\/\",\"url\":\"https:\/\/vwdtest.com\/de\/vwd-and-denstistry\/\",\"name\":\"VWE UND ZAHNMEDIZIN - Germany\",\"isPartOf\":{\"@id\":\"https:\/\/vwdtest.com\/de\/#website\"},\"datePublished\":\"2023-02-14T13:03:21+00:00\",\"dateModified\":\"2025-10-09T12:49:57+00:00\",\"breadcrumb\":{\"@id\":\"https:\/\/vwdtest.com\/de\/vwd-and-denstistry\/#breadcrumb\"},\"inLanguage\":\"en-US\",\"potentialAction\":[{\"@type\":\"ReadAction\",\"target\":[\"https:\/\/vwdtest.com\/de\/vwd-and-denstistry\/\"]}]},{\"@type\":\"BreadcrumbList\",\"@id\":\"https:\/\/vwdtest.com\/de\/vwd-and-denstistry\/#breadcrumb\",\"itemListElement\":[{\"@type\":\"ListItem\",\"position\":1,\"name\":\"Home\",\"item\":\"https:\/\/vwdtest.com\/de\/\"},{\"@type\":\"ListItem\",\"position\":2,\"name\":\"VWE UND ZAHNMEDIZIN\"}]},{\"@type\":\"WebSite\",\"@id\":\"https:\/\/vwdtest.com\/de\/#website\",\"url\":\"https:\/\/vwdtest.com\/de\/\",\"name\":\"Germany\",\"description\":\"\",\"potentialAction\":[{\"@type\":\"SearchAction\",\"target\":{\"@type\":\"EntryPoint\",\"urlTemplate\":\"https:\/\/vwdtest.com\/de\/?s={search_term_string}\"},\"query-input\":\"required name=search_term_string\"}],\"inLanguage\":\"en-US\"}]}<\/script>\n<!-- \/ Yoast SEO plugin. -->","yoast_head_json":{"title":"VWE UND ZAHNMEDIZIN - Germany","robots":{"index":"index","follow":"follow","max-snippet":"max-snippet:-1","max-image-preview":"max-image-preview:large","max-video-preview":"max-video-preview:-1"},"canonical":"https:\/\/vwdtest.com\/de\/vwd-and-denstistry\/","og_locale":"en_US","og_type":"article","og_title":"VWE UND ZAHNMEDIZIN - Germany","og_description":"Patienten mit Blutgerinnungsst\u00f6rungen wie H\u00e4mophilie oder Von-Willebrand-Erkrankung (VWE)&nbsp; haben auch w\u00e4hrend der routinem\u00e4\u00dfigen Zahnpflege ein erh\u00f6htes Risiko f\u00fcr orale Blutungen.1,2 Blutungen k\u00f6nnen auch nach dem Z\u00e4hneputzen oder der Verwendung von Zahnseide auftreten. Die Angst vor Blutungen kann Patienten daran hindern, eine gute Mundhygiene aufrechtzuerhalten und regelm\u00e4\u00dfig eine Zahnarztpraxis aufzusuchen.2-4 Sogar Patienten, die ihren Zahnarzt aufsuchen, [&hellip;]","og_url":"https:\/\/vwdtest.com\/de\/vwd-and-denstistry\/","og_site_name":"Germany","article_modified_time":"2025-10-09T12:49:57+00:00","og_image":[{"width":772,"height":1021,"url":"https:\/\/vwdtest.com\/de\/wp-content\/uploads\/sites\/67\/2023\/02\/Dentist-button.png","type":"image\/png"}],"twitter_card":"summary_large_image","twitter_misc":{"Est. reading time":"3 minutes"},"schema":{"@context":"https:\/\/schema.org","@graph":[{"@type":"WebPage","@id":"https:\/\/vwdtest.com\/de\/vwd-and-denstistry\/","url":"https:\/\/vwdtest.com\/de\/vwd-and-denstistry\/","name":"VWE UND ZAHNMEDIZIN - Germany","isPartOf":{"@id":"https:\/\/vwdtest.com\/de\/#website"},"datePublished":"2023-02-14T13:03:21+00:00","dateModified":"2025-10-09T12:49:57+00:00","breadcrumb":{"@id":"https:\/\/vwdtest.com\/de\/vwd-and-denstistry\/#breadcrumb"},"inLanguage":"en-US","potentialAction":[{"@type":"ReadAction","target":["https:\/\/vwdtest.com\/de\/vwd-and-denstistry\/"]}]},{"@type":"BreadcrumbList","@id":"https:\/\/vwdtest.com\/de\/vwd-and-denstistry\/#breadcrumb","itemListElement":[{"@type":"ListItem","position":1,"name":"Home","item":"https:\/\/vwdtest.com\/de\/"},{"@type":"ListItem","position":2,"name":"VWE UND ZAHNMEDIZIN"}]},{"@type":"WebSite","@id":"https:\/\/vwdtest.com\/de\/#website","url":"https:\/\/vwdtest.com\/de\/","name":"Germany","description":"","potentialAction":[{"@type":"SearchAction","target":{"@type":"EntryPoint","urlTemplate":"https:\/\/vwdtest.com\/de\/?s={search_term_string}"},"query-input":"required name=search_term_string"}],"inLanguage":"en-US"}]}},"_links":{"self":[{"href":"https:\/\/vwdtest.com\/de\/wp-json\/wp\/v2\/pages\/89"}],"collection":[{"href":"https:\/\/vwdtest.com\/de\/wp-json\/wp\/v2\/pages"}],"about":[{"href":"https:\/\/vwdtest.com\/de\/wp-json\/wp\/v2\/types\/page"}],"author":[{"embeddable":true,"href":"https:\/\/vwdtest.com\/de\/wp-json\/wp\/v2\/users\/1"}],"replies":[{"embeddable":true,"href":"https:\/\/vwdtest.com\/de\/wp-json\/wp\/v2\/comments?post=89"}],"version-history":[{"count":101,"href":"https:\/\/vwdtest.com\/de\/wp-json\/wp\/v2\/pages\/89\/revisions"}],"predecessor-version":[{"id":4222,"href":"https:\/\/vwdtest.com\/de\/wp-json\/wp\/v2\/pages\/89\/revisions\/4222"}],"wp:featuredmedia":[{"embeddable":true,"href":"https:\/\/vwdtest.com\/de\/wp-json\/wp\/v2\/media\/233"}],"wp:attachment":[{"href":"https:\/\/vwdtest.com\/de\/wp-json\/wp\/v2\/media?parent=89"}],"curies":[{"name":"wp","href":"https:\/\/api.w.org\/{rel}","templated":true}]}}