{"id":811,"date":"2023-04-27T13:02:19","date_gmt":"2023-04-27T13:02:19","guid":{"rendered":"https:\/\/new.vwdtest.com\/gr\/?page_id=811"},"modified":"2025-07-09T05:58:07","modified_gmt":"2025-07-09T05:58:07","slug":"i-am-a-worried-parent","status":"publish","type":"page","link":"https:\/\/vwdtest.com\/de\/i-am-a-worried-parent\/","title":{"rendered":"Ich bin ein besorgtes Elternteil"},"content":{"rendered":"<div class=\"default-block container\">\n<h2 class=\"worried-parent\">Blutet mein Kind zu stark?<\/h2>\n<\/div>\n\n<div class=\"default-block container\">\n<h5 class=\"bleeding-symptoms-title worried\">Sind Sie besorgt \u00fcber das wiederkehrende Nasenbluten Ihres Kindes? Bekommt Ihr Kind leichter und h\u00e4ufiger blaue Flecken als gleichaltrige Kinder? Hat Ihr Kind nach einem k\u00fcrzlichen Zahnarztbesuch oder einer kleineren Operation l\u00e4nger geblutet als erwartet? Machen Sie sich Sorgen, dass Ihrer Tochter eine zu starke Periode hat?<\/h5>\n<\/div>\n\n<div class=\"default-block container\">\n<p class=\"full\">Es gibt viele Gr\u00fcnde, warum Ihr Kind ab und zu blutet. Kinder spielen und erkunden die Welt um sich herum. Dabei sind Unf\u00e4lle unvermeidlich, und manchmal hat Ihr Kind nach einem solchen Unfall blaue Flecken oder eine kleine Wunde. Mitunter kann auch eine Verletzung, die nicht durch einen Unfall verursacht wurde, zu Blutungen f\u00fchren. In den meisten F\u00e4llen stoppt unser K\u00f6rper die Blutung schnell durch einen Prozess, den man Blutgerinnung nennt. Manche Kinder bekommen jedoch leichter blaue Flecken und bluten h\u00e4ufiger als andere. Gl\u00fccklicherweise kann diese Art von Blutung oft behandelt oder verhindert werden. Wenn Sie sich Sorgen machen, weil Ihr Kind scheinbar zu oft und zu leicht blutet, ist es wichtig, zun\u00e4chst die Ursache herauszufinden und dann die richtige Behandlung zu w\u00e4hlen.<\/p>\n<\/div>\n\n<div class=\"default-block container\">\n<h2>Ursachen f\u00fcr h\u00e4ufige Blutungen bei Kindern<\/h2>\n<\/div>\n\n<div class=\"default-block container\">\n<p class=\"full\">Es ist nicht immer einfach, den Grund f\u00fcr die Blutungssymptome Ihres Kindes herauszufinden, da es so viele m\u00f6gliche Ursachen f\u00fcr Blutungen gibt. <a href=\"https:\/\/vwdtest.com\/de\/bleeding-symptoms\/#nosebleed\">Nasenbluten<\/a> kann beispielsweise durch Nasenbohren, trockene Luft, eine Verletzung, eine Erk\u00e4ltung, eine Allergie oder einfach durch zu starkes Naseputzen verursacht werden.<sup>1<\/sup> <a href=\"https:\/\/vwdtest.com\/de\/bleeding-symptoms\/#oral-bleed\">Blutungen aus dem Mund<\/a> k\u00f6nnen durch einen Unfall, den Verlust eines Milchzahns, Selbstbei\u00dfen oder eine Zahnfleischentz\u00fcndung verursacht werden.<sup>2<\/sup> H\u00e4ufiges Nasen- und Zahnfleischbluten k\u00f6nnen auch Symptome f\u00fcr eine ernstere Erkrankung sein,  wie zum Beispiel eine Blutgerinnungsst\u00f6rung. Blutgerinnunsst\u00f6rungen sind im allgemeinen selten. Leider wird die h\u00e4ufigste erbliche Blutgerinnungsst\u00f6rung, die <a href=\"https:\/\/vwdtest.com\/de\/von-willebrand-disease\/\">Von-Willebrand-Erkrankung (VWE)<\/a>, oft nicht diagnostiziert. Ohne Diagnose und Behandlung kann es bei Kindern mit einer VWE zu schweren Blutungen kommen. Neben h\u00e4ufigem Nasen- und Zahnfleischbluten sind die h\u00e4ufigsten Blutungssymptome bei Kindern mit VWE <a href=\"https:\/\/vwdtest.com\/de\/bleeding-symptoms\/#easy-bruising\">leichte Bluterg\u00fcsse<\/a> und anhaltende Blutung aus <a href=\"https:\/\/vwdtest.com\/de\/bleeding-symptoms\/#minor-wounds\">kleineren Wunden<\/a> sowie nach <a href=\"https:\/\/vwdtest.com\/de\/i-live-with-vwd\/#surgery\">Zahnextraktionen oder chirurgischen Eingriffen.<\/a> Wenn M\u00e4dchen mit einer VWE in die Pubert\u00e4t kommen, sind <a href=\"https:\/\/vwdtest.com\/de\/bleeding-symptoms\/#hmb\">starke Menstruationsblutungen<\/a> das h\u00e4ufigste Symptom.<sup>3<\/sup><\/p>\n<\/div>\n\n<div class=\"default-block container\">\n<h2>Blutungssymptome in der Familie<\/h2>\n<\/div>\n\n<div class=\"default-block container\">\n<p class=\"full\">Erbliche Blutgerinnungsst\u00f6rungen betreffen h\u00e4ufig mehrere Familienmitglieder \u00fcber Generationen hinweg. Wenn ein Elternteil, die Gro\u00dfeltern oder andere Verwandte ebenfalls Anzeichen einer \u00fcberm\u00e4\u00dfigen Blutungsneigung zeigen, fragen Sie sich vielleicht, ob die Blutungen, die Sie bei Ihrem Kind beobachten, normal sind. Wenn die Blutungen oder Bluterg\u00fcsse jedoch das Wohlbefinden Ihres Kindes beeintr\u00e4chtigen, sollten Sie die <a href=\"https:\/\/vwdtest.com\/de\/bleeding-symptoms\/\" target=\"_blank\" rel=\"noreferrer noopener\">Symptome<\/a> mit Ihrem Arzt besprechen.<\/p>\n<\/div>\n\n<div class=\"default-block container\">\n<p><\/p>\n<\/div>\n\n<div class=\"default-block container\">\n<h2>Finden Sie heraus, ob die Blutungen Ihres Kindes normal sind<\/h2>\n<\/div>\n\n<div class=\"default-block container\">\n<p class=\"full\">Wie viel Bluten ist zu viel? Da diese Frage schwer zu beantworten ist, haben \u00c4rzte Tests entwickelt, die bei der Beurteilung der Blutungssymptome helfen k\u00f6nnen. Auf vwdtest.com\/gr k\u00f6nnen Sie einen dieser Tests machen. Wenn Ihr Kind unter wiederkehrendem Nasenbluten leidet, leicht blaue Flecken bekommt oder andere der oben genannten Blutungssymptome zeigt, empfehlen wir Ihnen dringend, sich ein paar Minuten Zeit zu nehmen und den Test durchzuf\u00fchren. Es handelt sich bei diesem Test um einen kurzen Fragebogen zu Anzeichen und Symptomen einer m\u00f6glichen Blutgerinnungsst\u00f6rung. Das Ergebnis gibt Aufschluss dar\u00fcber, ob Sie und Ihr Kind einen Arzt aufsuchen sollten.<\/p>\n<\/div>\n\n<div class=\"default-block container\">\n<div class=\"is-content-justification-right is-layout-flex wp-container-1 wp-block-buttons\">\n<div class=\"wp-block-button take-test\"><a class=\"wp-block-button__link wp-element-button\" href=\"https:\/\/vwdtest.com\/de\/take-test\/\">Machen Sie den Test<\/a><\/div>\n<\/div>\n<\/div>\n\n<div class=\"default-block container\">\n<h6>References<\/h6>\n<\/div>\n\n<div class=\"default-block container\">\n<ol><div class=\"default-block container\">\n<li><a href=\"https:\/\/www.hopkinsmedicine.org\/health\/conditions-and-diseases\/nosebleeds\" target=\"_blank\" rel=\"noreferrer noopener\">https:\/\/www.hopkinsmedicine.org\/health\/conditions-and-diseases\/nosebleeds<\/a> zuletzt aufgerufen im M\u00e4rz 2023.<\/li>\n<\/div>\n\n<div class=\"default-block container\">\n<li><a href=\"https:\/\/www.childrensmn.org\/educationmaterials\/childrensmn\/article\/15581\/mouth-bleeding-with-a-bleeding-disorder\/\" target=\"_blank\" rel=\"noreferrer noopener\">https:\/\/www.childrensmn.org\/educationmaterials\/childrensmn\/article\/15581\/mouth-bleeding-with-a-bleeding-disorder\/<\/a> zuletzt aufgerufen im M\u00e4rz 2023.<\/li>\n<\/div>\n\n<div class=\"default-block container\">\n<li><a href=\"https:\/\/pubmed.ncbi.nlm.nih.gov\/36210240\/\" target=\"_blank\" rel=\"noreferrer noopener\">Corrales-Medina FF et al. Blood Rev<\/a> 2023; 58:101018.<\/li>\n<\/div><\/ol>\n<\/div>","protected":false},"excerpt":{"rendered":"<p>Blutet mein Kind zu stark? Sind Sie besorgt \u00fcber das wiederkehrende Nasenbluten Ihres Kindes? Bekommt Ihr Kind leichter und h\u00e4ufiger blaue Flecken als gleichaltrige Kinder? Hat Ihr Kind nach einem k\u00fcrzlichen Zahnarztbesuch oder einer kleineren Operation l\u00e4nger geblutet als erwartet? Machen Sie sich Sorgen, dass Ihrer Tochter eine zu starke Periode hat? Es gibt viele [&hellip;]<\/p>\n","protected":false},"author":1,"featured_media":996,"parent":0,"menu_order":0,"comment_status":"closed","ping_status":"closed","template":"","meta":{"inline_featured_image":false},"acf":[],"yoast_head":"<!-- This site is optimized with the Yoast SEO plugin v20.4 - https:\/\/yoast.com\/wordpress\/plugins\/seo\/ -->\n<title>Ich bin ein besorgtes Elternteil - Germany<\/title>\n<meta name=\"robots\" content=\"index, follow, max-snippet:-1, max-image-preview:large, max-video-preview:-1\" \/>\n<link rel=\"canonical\" href=\"https:\/\/vwdtest.com\/de\/i-am-a-worried-parent\/\" \/>\n<meta property=\"og:locale\" content=\"en_US\" \/>\n<meta property=\"og:type\" content=\"article\" \/>\n<meta property=\"og:title\" content=\"Ich bin ein besorgtes Elternteil - Germany\" \/>\n<meta property=\"og:description\" content=\"Blutet mein Kind zu stark? Sind Sie besorgt \u00fcber das wiederkehrende Nasenbluten Ihres Kindes? Bekommt Ihr Kind leichter und h\u00e4ufiger blaue Flecken als gleichaltrige Kinder? Hat Ihr Kind nach einem k\u00fcrzlichen Zahnarztbesuch oder einer kleineren Operation l\u00e4nger geblutet als erwartet? Machen Sie sich Sorgen, dass Ihrer Tochter eine zu starke Periode hat? Es gibt viele [&hellip;]\" \/>\n<meta property=\"og:url\" content=\"https:\/\/vwdtest.com\/de\/i-am-a-worried-parent\/\" \/>\n<meta property=\"og:site_name\" content=\"Germany\" \/>\n<meta property=\"article:modified_time\" content=\"2025-07-09T05:58:07+00:00\" \/>\n<meta property=\"og:image\" content=\"https:\/\/vwdtest.com\/de\/wp-content\/uploads\/sites\/67\/2023\/07\/Worried-patients-1-1.png\" \/>\n\t<meta property=\"og:image:width\" content=\"828\" \/>\n\t<meta property=\"og:image:height\" content=\"982\" \/>\n\t<meta property=\"og:image:type\" content=\"image\/png\" \/>\n<meta name=\"twitter:card\" content=\"summary_large_image\" \/>\n<meta name=\"twitter:label1\" content=\"Est. reading time\" \/>\n\t<meta name=\"twitter:data1\" content=\"3 minutes\" \/>\n<script type=\"application\/ld+json\" class=\"yoast-schema-graph\">{\"@context\":\"https:\/\/schema.org\",\"@graph\":[{\"@type\":\"WebPage\",\"@id\":\"https:\/\/vwdtest.com\/de\/i-am-a-worried-parent\/\",\"url\":\"https:\/\/vwdtest.com\/de\/i-am-a-worried-parent\/\",\"name\":\"Ich bin ein besorgtes Elternteil - Germany\",\"isPartOf\":{\"@id\":\"https:\/\/vwdtest.com\/de\/#website\"},\"datePublished\":\"2023-04-27T13:02:19+00:00\",\"dateModified\":\"2025-07-09T05:58:07+00:00\",\"breadcrumb\":{\"@id\":\"https:\/\/vwdtest.com\/de\/i-am-a-worried-parent\/#breadcrumb\"},\"inLanguage\":\"en-US\",\"potentialAction\":[{\"@type\":\"ReadAction\",\"target\":[\"https:\/\/vwdtest.com\/de\/i-am-a-worried-parent\/\"]}]},{\"@type\":\"BreadcrumbList\",\"@id\":\"https:\/\/vwdtest.com\/de\/i-am-a-worried-parent\/#breadcrumb\",\"itemListElement\":[{\"@type\":\"ListItem\",\"position\":1,\"name\":\"Home\",\"item\":\"https:\/\/vwdtest.com\/de\/\"},{\"@type\":\"ListItem\",\"position\":2,\"name\":\"Ich bin ein besorgtes Elternteil\"}]},{\"@type\":\"WebSite\",\"@id\":\"https:\/\/vwdtest.com\/de\/#website\",\"url\":\"https:\/\/vwdtest.com\/de\/\",\"name\":\"Germany\",\"description\":\"\",\"potentialAction\":[{\"@type\":\"SearchAction\",\"target\":{\"@type\":\"EntryPoint\",\"urlTemplate\":\"https:\/\/vwdtest.com\/de\/?s={search_term_string}\"},\"query-input\":\"required name=search_term_string\"}],\"inLanguage\":\"en-US\"}]}<\/script>\n<!-- \/ Yoast SEO plugin. -->","yoast_head_json":{"title":"Ich bin ein besorgtes Elternteil - Germany","robots":{"index":"index","follow":"follow","max-snippet":"max-snippet:-1","max-image-preview":"max-image-preview:large","max-video-preview":"max-video-preview:-1"},"canonical":"https:\/\/vwdtest.com\/de\/i-am-a-worried-parent\/","og_locale":"en_US","og_type":"article","og_title":"Ich bin ein besorgtes Elternteil - Germany","og_description":"Blutet mein Kind zu stark? Sind Sie besorgt \u00fcber das wiederkehrende Nasenbluten Ihres Kindes? Bekommt Ihr Kind leichter und h\u00e4ufiger blaue Flecken als gleichaltrige Kinder? Hat Ihr Kind nach einem k\u00fcrzlichen Zahnarztbesuch oder einer kleineren Operation l\u00e4nger geblutet als erwartet? Machen Sie sich Sorgen, dass Ihrer Tochter eine zu starke Periode hat? Es gibt viele [&hellip;]","og_url":"https:\/\/vwdtest.com\/de\/i-am-a-worried-parent\/","og_site_name":"Germany","article_modified_time":"2025-07-09T05:58:07+00:00","og_image":[{"width":828,"height":982,"url":"https:\/\/vwdtest.com\/de\/wp-content\/uploads\/sites\/67\/2023\/07\/Worried-patients-1-1.png","type":"image\/png"}],"twitter_card":"summary_large_image","twitter_misc":{"Est. reading time":"3 minutes"},"schema":{"@context":"https:\/\/schema.org","@graph":[{"@type":"WebPage","@id":"https:\/\/vwdtest.com\/de\/i-am-a-worried-parent\/","url":"https:\/\/vwdtest.com\/de\/i-am-a-worried-parent\/","name":"Ich bin ein besorgtes Elternteil - Germany","isPartOf":{"@id":"https:\/\/vwdtest.com\/de\/#website"},"datePublished":"2023-04-27T13:02:19+00:00","dateModified":"2025-07-09T05:58:07+00:00","breadcrumb":{"@id":"https:\/\/vwdtest.com\/de\/i-am-a-worried-parent\/#breadcrumb"},"inLanguage":"en-US","potentialAction":[{"@type":"ReadAction","target":["https:\/\/vwdtest.com\/de\/i-am-a-worried-parent\/"]}]},{"@type":"BreadcrumbList","@id":"https:\/\/vwdtest.com\/de\/i-am-a-worried-parent\/#breadcrumb","itemListElement":[{"@type":"ListItem","position":1,"name":"Home","item":"https:\/\/vwdtest.com\/de\/"},{"@type":"ListItem","position":2,"name":"Ich bin ein besorgtes Elternteil"}]},{"@type":"WebSite","@id":"https:\/\/vwdtest.com\/de\/#website","url":"https:\/\/vwdtest.com\/de\/","name":"Germany","description":"","potentialAction":[{"@type":"SearchAction","target":{"@type":"EntryPoint","urlTemplate":"https:\/\/vwdtest.com\/de\/?s={search_term_string}"},"query-input":"required name=search_term_string"}],"inLanguage":"en-US"}]}},"_links":{"self":[{"href":"https:\/\/vwdtest.com\/de\/wp-json\/wp\/v2\/pages\/811"}],"collection":[{"href":"https:\/\/vwdtest.com\/de\/wp-json\/wp\/v2\/pages"}],"about":[{"href":"https:\/\/vwdtest.com\/de\/wp-json\/wp\/v2\/types\/page"}],"author":[{"embeddable":true,"href":"https:\/\/vwdtest.com\/de\/wp-json\/wp\/v2\/users\/1"}],"replies":[{"embeddable":true,"href":"https:\/\/vwdtest.com\/de\/wp-json\/wp\/v2\/comments?post=811"}],"version-history":[{"count":79,"href":"https:\/\/vwdtest.com\/de\/wp-json\/wp\/v2\/pages\/811\/revisions"}],"predecessor-version":[{"id":4004,"href":"https:\/\/vwdtest.com\/de\/wp-json\/wp\/v2\/pages\/811\/revisions\/4004"}],"wp:featuredmedia":[{"embeddable":true,"href":"https:\/\/vwdtest.com\/de\/wp-json\/wp\/v2\/media\/996"}],"wp:attachment":[{"href":"https:\/\/vwdtest.com\/de\/wp-json\/wp\/v2\/media?parent=811"}],"curies":[{"name":"wp","href":"https:\/\/api.w.org\/{rel}","templated":true}]}}