{"id":795,"date":"2023-04-27T12:33:04","date_gmt":"2023-04-27T12:33:04","guid":{"rendered":"https:\/\/new.vwdtest.com\/gr\/?page_id=795"},"modified":"2025-07-09T05:53:40","modified_gmt":"2025-07-09T05:53:40","slug":"i-bleed-a-lot","status":"publish","type":"page","link":"https:\/\/vwdtest.com\/de\/i-bleed-a-lot\/","title":{"rendered":"Ich blute stark"},"content":{"rendered":"<div class=\"default-block container\">\n<h2>Bluten Sie zu stark?<\/h2>\n<\/div>\n\n<div class=\"default-block container\">\n<h5 class=\"bleeding-symptoms-title helpful live\">Fragen Sie sich, warum Sie so viel Nasenbluten haben? Blutet Ihr Zahnfleisch nach der Verwendung von Zahnseide oder nach dem Z\u00e4hneputzen? Entdecken Sie h\u00e4ufig blaue Flecken an Ihrem K\u00f6rper und wissen nicht mehr, wie sie entstanden sind? Hatten Sie k\u00fcrzlich nach einem kleinen Unfall oder einem Besuch beim Zahnarzt starke Blutungen?<\/h5> <p class=\"full\">Die meisten Menschen bluten ab und zu. Die Ursache der Blutung kann unterschiedlich sein, aber in den meisten F\u00e4llen stoppt unser K\u00f6rper die Blutung schnell durch einen Prozess, den man Blutgerinnung nennt. Manche Menschen bluten h\u00e4ufiger und l\u00e4nger als andere, und diese Art von Blutung kann oft behandelt oder verhindert werden. Wenn Sie also mindestens eine der oben genannten Fragen mit \u201eJa\u201c beantworten, sollten Sie Ihre Blutungen genauer untersuchen lassen.<\/p>\n<\/div>\n\n<div class=\"default-block container\">\n<h2>Ursachen f\u00fcr \u00fcberm\u00e4\u00dfige oder anhaltende Blutungen<\/h2>\n<\/div>\n\n<div class=\"default-block container\">\n<p class=\"full push-text\">Es gibt viele m\u00f6gliche Ursachen f\u00fcr \u00fcberm\u00e4\u00dfige oder anhaltende Blutungen. Es ist sehr wichtig, die Ursache Ihrer Blutungssymptome zu kennen, um die richtige Behandlung festzulegen. Blutungen k\u00f6nnen durch bestimmte Medikamente verursacht werden, zum Beispiel durch Schmerzmittel wie Aspirin oder Blutverd\u00fcnner (Antikoagulanzien). Einige Erkrankungen wie Leber- oder Nierenerkrankungen und onkologische Erkrankungen k\u00f6nnen ebenfalls Blutungen verursachen.<sup>1,2<\/sup>&nbsp;Es besteht auch die M\u00f6glichkeit, dass Ihre Blutungen auf eine Blutgerinnungsst\u00f6rung zur\u00fcckzuf\u00fchren sind. Blutgerinnungsst\u00f6rungen sind seltene Erkrankungen und k\u00f6nnen ererbt oder erworben sein. Die h\u00e4ufigste erbliche Blutgerinnungsst\u00f6rung ist die <a href=\"https:\/\/vwdtest.com\/de\/von-willebrand-disease\/\">Von-Willebrand-Erkrankung (VWE)<\/a>, die aber h\u00e4ufig nicht erkannt wird. Ohne Diagnose und Behandlung besteht f\u00fcr Menschen mit einer VWE das Risiko schwerer Blutungen. Menschen mit einer VWE haben oft h\u00e4ufig <a href=\"https:\/\/vwdtest.com\/de\/bleeding-symptoms\/#nosebleed\">Nasen<\/a>&#8211; und <a href=\"https:\/\/vwdtest.com\/de\/bleeding-symptoms\/#oral-bleed\">Zahnfleischbluten<\/a>, bekommen <a href=\"https:\/\/vwdtest.com\/de\/bleeding-symptoms\/#easy-bruising\">leicht Bluterg\u00fcsse<\/a> und es kann zu \u00fcberm\u00e4\u00dfigen Blutungen nach <a href=\"https:\/\/vwdtest.com\/de\/i-live-with-vwd\/#surgery\">Zahnextraktionen<\/a>, <a href=\"https:\/\/vwdtest.com\/de\/bleeding-symptoms\/#bleed-surgery\">Operationen oder kleinere Unf\u00e4lle<\/a>n kommen. Bei Frauen mit einer VWE sind <a href=\"https:\/\/vwdtest.com\/de\/bleeding-symptoms\/#hmb\">starke Menstruationsblutungen<\/a> das h\u00e4ufigste Symptom.<sup>3<\/sup><\/p>\n<\/div>\n\n<div class=\"default-block container\">\n<h2>M\u00f6glicherweise sind Sie nicht die einzige Person in Ihrer Familie mit Blutungssymptomen<\/h2>\n<\/div>\n\n<div class=\"default-block container\">\n<p class=\"full push-text\">Wenn Ihre Geschwister, Eltern oder anderen Verwandte ebenfalls Blutungssymptome haben, denken Sie m\u00f6glicherweise, dass dies normal sind. Das ist jedoch nicht immer der Fall. Ihre Blutungen k\u00f6nnen durch eine erbliche Blutgerinnungsst\u00f6rung verursacht werden, von der h\u00e4ufig mehr als ein Familienmitglied betroffen ist. Wenn Ihre Blutungen Ihren Alltag und Ihr Wohlbefinden beeintr\u00e4chtigen, sollten Sie mit Ihrem Arzt dar\u00fcber sprechen.<\/p>\n<\/div>\n\n<div class=\"default-block container\">\n<h2>Finden Sie heraus, ob Ihre Blutungen normal sind<\/h2>\n<\/div>\n\n<div class=\"default-block container\">\n<p class=\"full push-text\">Sind meine Blutungen normal oder nicht? Diese Frage ist nicht immer leicht zu beantworten. Um die Beurteilung von Blutungssymptomen zu erleichtern, haben Wissenschaftler Tests entwickelt.<sup>3<\/sup> Einer dieser Tests ist auf dieser Webseite verf\u00fcgbar. Wenn Sie sich bez\u00fcglich Ihrer Blutungssymptome unsicher f\u00fchlen, empfehlen wir Ihnen dringend, einen Blutungstest zu machen, um sie besser zu verstehen. Dies kann umso wichtiger sein, wenn Sie sich einer Operation unterziehen m\u00fcssen. Der Test dauert nur wenige Minuten und zeigt Ihnen, ob Sie aufgrund Ihrer Blutung einen Arzt aufsuchen sollten.<\/p>\n<\/div>\n\n<div class=\"default-block container\">\n<h6>Referenzen<\/h6>\n<\/div>\n\n<div class=\"default-block container\">\n<ol><div class=\"default-block container\">\n<li><a href=\"https:\/\/my.clevelandclinic.org\/health\/symptoms\/21654-hemorrhage\" target=\"_blank\" rel=\"noreferrer noopener\">https:\/\/my.clevelandclinic.org\/health\/symptoms\/21654-hemorrhage<\/a>; zuletzt aufgerufen im M\u00e4rz 2023.<\/li>\n<\/div>\n\n<div class=\"default-block container\">\n<li><a href=\"https:\/\/www.drugs.com\/cg\/postoperative-bleeding.html\" target=\"_blank\" rel=\"noreferrer noopener\">https:\/\/www.drugs.com\/cg\/postoperative-bleeding.html<\/a>; zuletzt aufgerufen im M\u00e4rz 2023.<\/li>\n<\/div>\n\n<div class=\"default-block container\">\n<li><a href=\"https:\/\/pubmed.ncbi.nlm.nih.gov\/36210240\/\" target=\"_blank\" rel=\"noreferrer noopener\">Corrales-Medina FF et al. Blood Rev<\/a> 2023; 58:101018.<\/li>\n<\/div><\/ol>\n<\/div>","protected":false},"excerpt":{"rendered":"<p>Bluten Sie zu stark? Fragen Sie sich, warum Sie so viel Nasenbluten haben? Blutet Ihr Zahnfleisch nach der Verwendung von Zahnseide oder nach dem Z\u00e4hneputzen? Entdecken Sie h\u00e4ufig blaue Flecken an Ihrem K\u00f6rper und wissen nicht mehr, wie sie entstanden sind? Hatten Sie k\u00fcrzlich nach einem kleinen Unfall oder einem Besuch beim Zahnarzt starke Blutungen? [&hellip;]<\/p>\n","protected":false},"author":1,"featured_media":788,"parent":0,"menu_order":0,"comment_status":"closed","ping_status":"closed","template":"","meta":{"inline_featured_image":false},"acf":[],"yoast_head":"<!-- This site is optimized with the Yoast SEO plugin v20.4 - https:\/\/yoast.com\/wordpress\/plugins\/seo\/ -->\n<title>Ich blute stark - Germany<\/title>\n<meta name=\"robots\" content=\"index, follow, max-snippet:-1, max-image-preview:large, max-video-preview:-1\" \/>\n<link rel=\"canonical\" href=\"https:\/\/vwdtest.com\/de\/i-bleed-a-lot\/\" \/>\n<meta property=\"og:locale\" content=\"en_US\" \/>\n<meta property=\"og:type\" content=\"article\" \/>\n<meta property=\"og:title\" content=\"Ich blute stark - Germany\" \/>\n<meta property=\"og:description\" content=\"Bluten Sie zu stark? Fragen Sie sich, warum Sie so viel Nasenbluten haben? Blutet Ihr Zahnfleisch nach der Verwendung von Zahnseide oder nach dem Z\u00e4hneputzen? Entdecken Sie h\u00e4ufig blaue Flecken an Ihrem K\u00f6rper und wissen nicht mehr, wie sie entstanden sind? Hatten Sie k\u00fcrzlich nach einem kleinen Unfall oder einem Besuch beim Zahnarzt starke Blutungen? [&hellip;]\" \/>\n<meta property=\"og:url\" content=\"https:\/\/vwdtest.com\/de\/i-bleed-a-lot\/\" \/>\n<meta property=\"og:site_name\" content=\"Germany\" \/>\n<meta property=\"article:modified_time\" content=\"2025-07-09T05:53:40+00:00\" \/>\n<meta property=\"og:image\" content=\"https:\/\/vwdtest.com\/de\/wp-content\/uploads\/sites\/67\/2023\/04\/Person-who-bleads-1.png\" \/>\n\t<meta property=\"og:image:width\" content=\"679\" \/>\n\t<meta property=\"og:image:height\" content=\"976\" \/>\n\t<meta property=\"og:image:type\" content=\"image\/png\" \/>\n<meta name=\"twitter:card\" content=\"summary_large_image\" \/>\n<meta name=\"twitter:label1\" content=\"Est. reading time\" \/>\n\t<meta name=\"twitter:data1\" content=\"3 minutes\" \/>\n<script type=\"application\/ld+json\" class=\"yoast-schema-graph\">{\"@context\":\"https:\/\/schema.org\",\"@graph\":[{\"@type\":\"WebPage\",\"@id\":\"https:\/\/vwdtest.com\/de\/i-bleed-a-lot\/\",\"url\":\"https:\/\/vwdtest.com\/de\/i-bleed-a-lot\/\",\"name\":\"Ich blute stark - Germany\",\"isPartOf\":{\"@id\":\"https:\/\/vwdtest.com\/de\/#website\"},\"datePublished\":\"2023-04-27T12:33:04+00:00\",\"dateModified\":\"2025-07-09T05:53:40+00:00\",\"breadcrumb\":{\"@id\":\"https:\/\/vwdtest.com\/de\/i-bleed-a-lot\/#breadcrumb\"},\"inLanguage\":\"en-US\",\"potentialAction\":[{\"@type\":\"ReadAction\",\"target\":[\"https:\/\/vwdtest.com\/de\/i-bleed-a-lot\/\"]}]},{\"@type\":\"BreadcrumbList\",\"@id\":\"https:\/\/vwdtest.com\/de\/i-bleed-a-lot\/#breadcrumb\",\"itemListElement\":[{\"@type\":\"ListItem\",\"position\":1,\"name\":\"Home\",\"item\":\"https:\/\/vwdtest.com\/de\/\"},{\"@type\":\"ListItem\",\"position\":2,\"name\":\"Ich blute stark\"}]},{\"@type\":\"WebSite\",\"@id\":\"https:\/\/vwdtest.com\/de\/#website\",\"url\":\"https:\/\/vwdtest.com\/de\/\",\"name\":\"Germany\",\"description\":\"\",\"potentialAction\":[{\"@type\":\"SearchAction\",\"target\":{\"@type\":\"EntryPoint\",\"urlTemplate\":\"https:\/\/vwdtest.com\/de\/?s={search_term_string}\"},\"query-input\":\"required name=search_term_string\"}],\"inLanguage\":\"en-US\"}]}<\/script>\n<!-- \/ Yoast SEO plugin. -->","yoast_head_json":{"title":"Ich blute stark - Germany","robots":{"index":"index","follow":"follow","max-snippet":"max-snippet:-1","max-image-preview":"max-image-preview:large","max-video-preview":"max-video-preview:-1"},"canonical":"https:\/\/vwdtest.com\/de\/i-bleed-a-lot\/","og_locale":"en_US","og_type":"article","og_title":"Ich blute stark - Germany","og_description":"Bluten Sie zu stark? Fragen Sie sich, warum Sie so viel Nasenbluten haben? Blutet Ihr Zahnfleisch nach der Verwendung von Zahnseide oder nach dem Z\u00e4hneputzen? Entdecken Sie h\u00e4ufig blaue Flecken an Ihrem K\u00f6rper und wissen nicht mehr, wie sie entstanden sind? Hatten Sie k\u00fcrzlich nach einem kleinen Unfall oder einem Besuch beim Zahnarzt starke Blutungen? [&hellip;]","og_url":"https:\/\/vwdtest.com\/de\/i-bleed-a-lot\/","og_site_name":"Germany","article_modified_time":"2025-07-09T05:53:40+00:00","og_image":[{"width":679,"height":976,"url":"https:\/\/vwdtest.com\/de\/wp-content\/uploads\/sites\/67\/2023\/04\/Person-who-bleads-1.png","type":"image\/png"}],"twitter_card":"summary_large_image","twitter_misc":{"Est. reading time":"3 minutes"},"schema":{"@context":"https:\/\/schema.org","@graph":[{"@type":"WebPage","@id":"https:\/\/vwdtest.com\/de\/i-bleed-a-lot\/","url":"https:\/\/vwdtest.com\/de\/i-bleed-a-lot\/","name":"Ich blute stark - Germany","isPartOf":{"@id":"https:\/\/vwdtest.com\/de\/#website"},"datePublished":"2023-04-27T12:33:04+00:00","dateModified":"2025-07-09T05:53:40+00:00","breadcrumb":{"@id":"https:\/\/vwdtest.com\/de\/i-bleed-a-lot\/#breadcrumb"},"inLanguage":"en-US","potentialAction":[{"@type":"ReadAction","target":["https:\/\/vwdtest.com\/de\/i-bleed-a-lot\/"]}]},{"@type":"BreadcrumbList","@id":"https:\/\/vwdtest.com\/de\/i-bleed-a-lot\/#breadcrumb","itemListElement":[{"@type":"ListItem","position":1,"name":"Home","item":"https:\/\/vwdtest.com\/de\/"},{"@type":"ListItem","position":2,"name":"Ich blute stark"}]},{"@type":"WebSite","@id":"https:\/\/vwdtest.com\/de\/#website","url":"https:\/\/vwdtest.com\/de\/","name":"Germany","description":"","potentialAction":[{"@type":"SearchAction","target":{"@type":"EntryPoint","urlTemplate":"https:\/\/vwdtest.com\/de\/?s={search_term_string}"},"query-input":"required name=search_term_string"}],"inLanguage":"en-US"}]}},"_links":{"self":[{"href":"https:\/\/vwdtest.com\/de\/wp-json\/wp\/v2\/pages\/795"}],"collection":[{"href":"https:\/\/vwdtest.com\/de\/wp-json\/wp\/v2\/pages"}],"about":[{"href":"https:\/\/vwdtest.com\/de\/wp-json\/wp\/v2\/types\/page"}],"author":[{"embeddable":true,"href":"https:\/\/vwdtest.com\/de\/wp-json\/wp\/v2\/users\/1"}],"replies":[{"embeddable":true,"href":"https:\/\/vwdtest.com\/de\/wp-json\/wp\/v2\/comments?post=795"}],"version-history":[{"count":88,"href":"https:\/\/vwdtest.com\/de\/wp-json\/wp\/v2\/pages\/795\/revisions"}],"predecessor-version":[{"id":4002,"href":"https:\/\/vwdtest.com\/de\/wp-json\/wp\/v2\/pages\/795\/revisions\/4002"}],"wp:featuredmedia":[{"embeddable":true,"href":"https:\/\/vwdtest.com\/de\/wp-json\/wp\/v2\/media\/788"}],"wp:attachment":[{"href":"https:\/\/vwdtest.com\/de\/wp-json\/wp\/v2\/media?parent=795"}],"curies":[{"name":"wp","href":"https:\/\/api.w.org\/{rel}","templated":true}]}}