{"id":3918,"date":"2025-05-29T05:02:24","date_gmt":"2025-05-29T05:02:24","guid":{"rendered":"https:\/\/vwdtest.com\/gr\/?page_id=3918"},"modified":"2025-05-29T05:19:37","modified_gmt":"2025-05-29T05:19:37","slug":"gender-hinweis","status":"publish","type":"page","link":"https:\/\/vwdtest.com\/de\/gender-hinweis\/","title":{"rendered":"Gender-Hinweis"},"content":{"rendered":"<div class=\"default-block container\">\n<h2 class=\"gender-hinweis-heading\">Gender Erkl\u00e4rung<\/h2>\n<\/div>\n\n<div class=\"default-block container\">\n<p><strong>Gleichberechtigung ist uns sehr wichtig!<\/strong><\/p>\n<\/div>\n\n<div class=\"default-block container\">\n<p class=\"has-text-align-left gender-hinweis-text\">Aus Gr\u00fcnden der besseren Lesbarkeit wird bei Personenbezeichnungen und personenbezogenen Hauptw\u00f6rtern auf dieser Website die m\u00e4nnliche Form verwendet. Wir verstehen das generische Maskulinum als neutrale grammatikalische Ausdrucksweise, die ausdr\u00fccklich im Sinne der Gleichbehandlung grunds\u00e4tzlich alle Geschlechter umfasst. Die verk\u00fcrzte Sprachform hat nur redaktionelle Gr\u00fcnde und beinhaltet keine Wertung.<\/p>\n<\/div>","protected":false},"excerpt":{"rendered":"<p>Gender Erkl\u00e4rung Gleichberechtigung ist uns sehr wichtig! Aus Gr\u00fcnden der besseren Lesbarkeit wird bei Personenbezeichnungen und personenbezogenen Hauptw\u00f6rtern auf dieser Website die m\u00e4nnliche Form verwendet. Wir verstehen das generische Maskulinum als neutrale grammatikalische Ausdrucksweise, die ausdr\u00fccklich im Sinne der Gleichbehandlung grunds\u00e4tzlich alle Geschlechter umfasst. Die verk\u00fcrzte Sprachform hat nur redaktionelle Gr\u00fcnde und beinhaltet keine Wertung.<\/p>\n","protected":false},"author":1,"featured_media":0,"parent":0,"menu_order":0,"comment_status":"closed","ping_status":"closed","template":"front-page.php","meta":{"inline_featured_image":false},"acf":[],"yoast_head":"<!-- This site is optimized with the Yoast SEO plugin v20.4 - https:\/\/yoast.com\/wordpress\/plugins\/seo\/ -->\n<title>Gender-Hinweis - Germany<\/title>\n<meta name=\"robots\" content=\"index, follow, max-snippet:-1, max-image-preview:large, max-video-preview:-1\" \/>\n<link rel=\"canonical\" href=\"https:\/\/vwdtest.com\/de\/gender-hinweis\/\" \/>\n<meta property=\"og:locale\" content=\"en_US\" \/>\n<meta property=\"og:type\" content=\"article\" \/>\n<meta property=\"og:title\" content=\"Gender-Hinweis - Germany\" \/>\n<meta property=\"og:description\" content=\"Gender Erkl\u00e4rung Gleichberechtigung ist uns sehr wichtig! Aus Gr\u00fcnden der besseren Lesbarkeit wird bei Personenbezeichnungen und personenbezogenen Hauptw\u00f6rtern auf dieser Website die m\u00e4nnliche Form verwendet. Wir verstehen das generische Maskulinum als neutrale grammatikalische Ausdrucksweise, die ausdr\u00fccklich im Sinne der Gleichbehandlung grunds\u00e4tzlich alle Geschlechter umfasst. Die verk\u00fcrzte Sprachform hat nur redaktionelle Gr\u00fcnde und beinhaltet keine Wertung.\" \/>\n<meta property=\"og:url\" content=\"https:\/\/vwdtest.com\/de\/gender-hinweis\/\" \/>\n<meta property=\"og:site_name\" content=\"Germany\" \/>\n<meta property=\"article:modified_time\" content=\"2025-05-29T05:19:37+00:00\" \/>\n<meta name=\"twitter:card\" content=\"summary_large_image\" \/>\n<meta name=\"twitter:label1\" content=\"Est. reading time\" \/>\n\t<meta name=\"twitter:data1\" content=\"1 minute\" \/>\n<script type=\"application\/ld+json\" class=\"yoast-schema-graph\">{\"@context\":\"https:\/\/schema.org\",\"@graph\":[{\"@type\":\"WebPage\",\"@id\":\"https:\/\/vwdtest.com\/de\/gender-hinweis\/\",\"url\":\"https:\/\/vwdtest.com\/de\/gender-hinweis\/\",\"name\":\"Gender-Hinweis - Germany\",\"isPartOf\":{\"@id\":\"https:\/\/vwdtest.com\/de\/#website\"},\"datePublished\":\"2025-05-29T05:02:24+00:00\",\"dateModified\":\"2025-05-29T05:19:37+00:00\",\"breadcrumb\":{\"@id\":\"https:\/\/vwdtest.com\/de\/gender-hinweis\/#breadcrumb\"},\"inLanguage\":\"en-US\",\"potentialAction\":[{\"@type\":\"ReadAction\",\"target\":[\"https:\/\/vwdtest.com\/de\/gender-hinweis\/\"]}]},{\"@type\":\"BreadcrumbList\",\"@id\":\"https:\/\/vwdtest.com\/de\/gender-hinweis\/#breadcrumb\",\"itemListElement\":[{\"@type\":\"ListItem\",\"position\":1,\"name\":\"Home\",\"item\":\"https:\/\/vwdtest.com\/de\/\"},{\"@type\":\"ListItem\",\"position\":2,\"name\":\"Gender-Hinweis\"}]},{\"@type\":\"WebSite\",\"@id\":\"https:\/\/vwdtest.com\/de\/#website\",\"url\":\"https:\/\/vwdtest.com\/de\/\",\"name\":\"Germany\",\"description\":\"\",\"potentialAction\":[{\"@type\":\"SearchAction\",\"target\":{\"@type\":\"EntryPoint\",\"urlTemplate\":\"https:\/\/vwdtest.com\/de\/?s={search_term_string}\"},\"query-input\":\"required name=search_term_string\"}],\"inLanguage\":\"en-US\"}]}<\/script>\n<!-- \/ Yoast SEO plugin. -->","yoast_head_json":{"title":"Gender-Hinweis - Germany","robots":{"index":"index","follow":"follow","max-snippet":"max-snippet:-1","max-image-preview":"max-image-preview:large","max-video-preview":"max-video-preview:-1"},"canonical":"https:\/\/vwdtest.com\/de\/gender-hinweis\/","og_locale":"en_US","og_type":"article","og_title":"Gender-Hinweis - Germany","og_description":"Gender Erkl\u00e4rung Gleichberechtigung ist uns sehr wichtig! Aus Gr\u00fcnden der besseren Lesbarkeit wird bei Personenbezeichnungen und personenbezogenen Hauptw\u00f6rtern auf dieser Website die m\u00e4nnliche Form verwendet. Wir verstehen das generische Maskulinum als neutrale grammatikalische Ausdrucksweise, die ausdr\u00fccklich im Sinne der Gleichbehandlung grunds\u00e4tzlich alle Geschlechter umfasst. Die verk\u00fcrzte Sprachform hat nur redaktionelle Gr\u00fcnde und beinhaltet keine Wertung.","og_url":"https:\/\/vwdtest.com\/de\/gender-hinweis\/","og_site_name":"Germany","article_modified_time":"2025-05-29T05:19:37+00:00","twitter_card":"summary_large_image","twitter_misc":{"Est. reading time":"1 minute"},"schema":{"@context":"https:\/\/schema.org","@graph":[{"@type":"WebPage","@id":"https:\/\/vwdtest.com\/de\/gender-hinweis\/","url":"https:\/\/vwdtest.com\/de\/gender-hinweis\/","name":"Gender-Hinweis - Germany","isPartOf":{"@id":"https:\/\/vwdtest.com\/de\/#website"},"datePublished":"2025-05-29T05:02:24+00:00","dateModified":"2025-05-29T05:19:37+00:00","breadcrumb":{"@id":"https:\/\/vwdtest.com\/de\/gender-hinweis\/#breadcrumb"},"inLanguage":"en-US","potentialAction":[{"@type":"ReadAction","target":["https:\/\/vwdtest.com\/de\/gender-hinweis\/"]}]},{"@type":"BreadcrumbList","@id":"https:\/\/vwdtest.com\/de\/gender-hinweis\/#breadcrumb","itemListElement":[{"@type":"ListItem","position":1,"name":"Home","item":"https:\/\/vwdtest.com\/de\/"},{"@type":"ListItem","position":2,"name":"Gender-Hinweis"}]},{"@type":"WebSite","@id":"https:\/\/vwdtest.com\/de\/#website","url":"https:\/\/vwdtest.com\/de\/","name":"Germany","description":"","potentialAction":[{"@type":"SearchAction","target":{"@type":"EntryPoint","urlTemplate":"https:\/\/vwdtest.com\/de\/?s={search_term_string}"},"query-input":"required name=search_term_string"}],"inLanguage":"en-US"}]}},"_links":{"self":[{"href":"https:\/\/vwdtest.com\/de\/wp-json\/wp\/v2\/pages\/3918"}],"collection":[{"href":"https:\/\/vwdtest.com\/de\/wp-json\/wp\/v2\/pages"}],"about":[{"href":"https:\/\/vwdtest.com\/de\/wp-json\/wp\/v2\/types\/page"}],"author":[{"embeddable":true,"href":"https:\/\/vwdtest.com\/de\/wp-json\/wp\/v2\/users\/1"}],"replies":[{"embeddable":true,"href":"https:\/\/vwdtest.com\/de\/wp-json\/wp\/v2\/comments?post=3918"}],"version-history":[{"count":6,"href":"https:\/\/vwdtest.com\/de\/wp-json\/wp\/v2\/pages\/3918\/revisions"}],"predecessor-version":[{"id":3927,"href":"https:\/\/vwdtest.com\/de\/wp-json\/wp\/v2\/pages\/3918\/revisions\/3927"}],"wp:attachment":[{"href":"https:\/\/vwdtest.com\/de\/wp-json\/wp\/v2\/media?parent=3918"}],"curies":[{"name":"wp","href":"https:\/\/api.w.org\/{rel}","templated":true}]}}