{"id":3,"date":"2023-02-13T11:33:55","date_gmt":"2023-02-13T11:33:55","guid":{"rendered":"https:\/\/new.vwdtest.com\/gr\/?page_id=3"},"modified":"2025-10-08T12:15:40","modified_gmt":"2025-10-08T12:15:40","slug":"privacy-policy","status":"publish","type":"page","link":"https:\/\/vwdtest.com\/de\/privacy-policy\/","title":{"rendered":"Datenschutzrichtlinie"},"content":{"rendered":"<div class=\"default-block container\">\n<p><a href=\"https:\/\/www.vwdtest.com\/de\/\" target=\"_blank\" rel=\"noreferrer noopener\">www.vwdtest.com\/de<\/a>&nbsp;ist ein Onlinedienst finanziert und erm\u00f6glicht von der Octapharma AG, Seidenstrasse 2, 8853 Lachen SZ, Schweiz (im Folgenden \u201eOctapharma\u201c oder \u201ewir\u201c oder \u201euns\u201c), unter der Schirmherrschaft eines speziellen Ausschusses bestehend aus Spezialisten und Experten der VWE.<\/p>\n<\/div>\n\n<div class=\"default-block container\">\n<p>Dieses spezielle Komitee, einschlie\u00dflich Octapharma, respektiert das Recht des Einzelnen in Bezug auf seine personenbezogenen Daten. Diese Datenschutzerkl\u00e4rung (\u201eErkl\u00e4rung\u201c) beschreibt die Art und Weise, wie Ihre personenbezogenen Daten verarbeitet werden, wenn Sie die Seite&nbsp;<a href=\"https:\/\/www.vwdtest.com\/de\/\" target=\"_blank\" rel=\"noreferrer noopener\">www.vwdtest.com\/de<\/a> besuchen.<\/p>\n<\/div>\n\n<div class=\"default-block container\">\n<p>Octapharma Pharmazeutika Produktionsgesellschaft m.b.H., Oberlaaer Stra\u00dfe 235, 1100 Wien, \u00d6sterreich wird gem\u00e4\u00df Artikel 27 DSGVO zu unserem Vertreter in der EU\/EWR ernannt.<\/p>\n<\/div>\n\n<div class=\"default-block container\">\n<h2>Sammlung von Informationen<\/h2>\n<\/div>\n\n<div class=\"default-block container\">\n<p>Um www.vwdtest.com\/de ordnungsgem\u00e4\u00df zu verwalten, k\u00f6nnen Informationen wie Domainname, Browsertyp und -version, besuchte Seiten der Website vwdtest.com\/de und der URL, zu der Benutzer beim Verlassen von vwdtest.com\/de wechselt, protokolliert und kategorisiert werden, um die Leistung der Website kontinuierlich zu verbessern. Diese Informationen werden nur in aggregierter Form verwendet, personenbezogene Daten werden daher anonymisiert.<\/p>\n<\/div>\n\n<div class=\"default-block container\">\n<h2>Offenlegung und Nutzung personenbezogener Daten<\/h2>\n<\/div>\n\n<div class=\"default-block container\">\n<p>Informationen werden nicht an Dritte weitergegeben, es sei denn, der Dritte ist ein Lieferant oder Auftragnehmer, der an der Erf\u00fcllung der Informationsanfrage einer Person von vwdtest.com\/de beteiligt ist, oder ein Lieferant oder Auftragnehmer, der an der Entwicklung und Verwaltung von www.vwdtest.com\/de beteiligt ist.<\/p>\n<\/div>\n\n<div class=\"default-block container\">\n<h2>Ihre Rechte<\/h2>\n<\/div>\n\n<div class=\"default-block container\">\n<p>Wenn Sie beim Besuch von www.vwdtest.com\/de Bedenken hinsichtlich Ihrer personenbezogenen Daten haben, k\u00f6nnen Sie verlangen, Auskunft \u00fcber die zu Ihrer Person gespeicherten\/verarbeiteten Daten zu erhalten. Dar\u00fcber hinaus haben Sie das Recht, Ihre personenbezogenen Daten sperren oder l\u00f6schen zu lassen (es sei denn, die geltenden Gesetze und Vorschriften verpflichten die Datenspeicherung), der Verarbeitung Ihrer Daten zu widersprechen, unrichtige Daten berichtigen zu lassen und das Recht, Ihre Daten an Dritte weitergeben zu lassen. Sie haben auch das Recht, gegebenenfalls eine Beschwerde bei einer Aufsichtsbeh\u00f6rde einzureichen.<\/p>\n<\/div>\n\n<div class=\"default-block container\">\n<p>Sollten Sie weitere Fragen oder Bedenken zu dieser Datenschutzerkl\u00e4rung haben oder m\u00f6chten, dass Ihre Daten aus unserer Datenbank gel\u00f6scht werden, senden Sie bitte eine E-Mail an:<a href=\"mailto:dataprivacy@octapharma.com\" target=\"_blank\" rel=\"noreferrer noopener\">dataprivacy@octapharma.com<\/a><\/p>\n<\/div>\n\n<div class=\"default-block container\">\n<p>Wir k\u00f6nnen diese Erkl\u00e4rung jederzeit aktualisieren oder \u00e4ndern, indem wir die ge\u00e4nderte Erkl\u00e4rung auf der Website ver\u00f6ffentlichen.<\/p>\n<\/div>","protected":false},"excerpt":{"rendered":"<p>www.vwdtest.com\/de&nbsp;ist ein Onlinedienst finanziert und erm\u00f6glicht von der Octapharma AG, Seidenstrasse 2, 8853 Lachen SZ, Schweiz (im Folgenden \u201eOctapharma\u201c oder \u201ewir\u201c oder \u201euns\u201c), unter der Schirmherrschaft eines speziellen Ausschusses bestehend aus Spezialisten und Experten der VWE. Dieses spezielle Komitee, einschlie\u00dflich Octapharma, respektiert das Recht des Einzelnen in Bezug auf seine personenbezogenen Daten. Diese Datenschutzerkl\u00e4rung (\u201eErkl\u00e4rung\u201c) [&hellip;]<\/p>\n","protected":false},"author":1,"featured_media":0,"parent":0,"menu_order":0,"comment_status":"closed","ping_status":"closed","template":"front-page.php","meta":{"inline_featured_image":false},"acf":[],"yoast_head":"<!-- This site is optimized with the Yoast SEO plugin v20.4 - https:\/\/yoast.com\/wordpress\/plugins\/seo\/ -->\n<title>Datenschutzrichtlinie - Germany<\/title>\n<meta name=\"robots\" content=\"index, follow, max-snippet:-1, max-image-preview:large, max-video-preview:-1\" \/>\n<link rel=\"canonical\" href=\"https:\/\/vwdtest.com\/de\/privacy-policy\/\" \/>\n<meta property=\"og:locale\" content=\"en_US\" \/>\n<meta property=\"og:type\" content=\"article\" \/>\n<meta property=\"og:title\" content=\"Datenschutzrichtlinie - Germany\" \/>\n<meta property=\"og:description\" content=\"www.vwdtest.com\/de&nbsp;ist ein Onlinedienst finanziert und erm\u00f6glicht von der Octapharma AG, Seidenstrasse 2, 8853 Lachen SZ, Schweiz (im Folgenden \u201eOctapharma\u201c oder \u201ewir\u201c oder \u201euns\u201c), unter der Schirmherrschaft eines speziellen Ausschusses bestehend aus Spezialisten und Experten der VWE. Dieses spezielle Komitee, einschlie\u00dflich Octapharma, respektiert das Recht des Einzelnen in Bezug auf seine personenbezogenen Daten. Diese Datenschutzerkl\u00e4rung (\u201eErkl\u00e4rung\u201c) [&hellip;]\" \/>\n<meta property=\"og:url\" content=\"https:\/\/vwdtest.com\/de\/privacy-policy\/\" \/>\n<meta property=\"og:site_name\" content=\"Germany\" \/>\n<meta property=\"article:modified_time\" content=\"2025-10-08T12:15:40+00:00\" \/>\n<meta name=\"twitter:card\" content=\"summary_large_image\" \/>\n<meta name=\"twitter:label1\" content=\"Est. reading time\" \/>\n\t<meta name=\"twitter:data1\" content=\"2 minutes\" \/>\n<script type=\"application\/ld+json\" class=\"yoast-schema-graph\">{\"@context\":\"https:\/\/schema.org\",\"@graph\":[{\"@type\":\"WebPage\",\"@id\":\"https:\/\/vwdtest.com\/de\/privacy-policy\/\",\"url\":\"https:\/\/vwdtest.com\/de\/privacy-policy\/\",\"name\":\"Datenschutzrichtlinie - Germany\",\"isPartOf\":{\"@id\":\"https:\/\/vwdtest.com\/de\/#website\"},\"datePublished\":\"2023-02-13T11:33:55+00:00\",\"dateModified\":\"2025-10-08T12:15:40+00:00\",\"breadcrumb\":{\"@id\":\"https:\/\/vwdtest.com\/de\/privacy-policy\/#breadcrumb\"},\"inLanguage\":\"en-US\",\"potentialAction\":[{\"@type\":\"ReadAction\",\"target\":[\"https:\/\/vwdtest.com\/de\/privacy-policy\/\"]}]},{\"@type\":\"BreadcrumbList\",\"@id\":\"https:\/\/vwdtest.com\/de\/privacy-policy\/#breadcrumb\",\"itemListElement\":[{\"@type\":\"ListItem\",\"position\":1,\"name\":\"Home\",\"item\":\"https:\/\/vwdtest.com\/de\/\"},{\"@type\":\"ListItem\",\"position\":2,\"name\":\"Datenschutzrichtlinie\"}]},{\"@type\":\"WebSite\",\"@id\":\"https:\/\/vwdtest.com\/de\/#website\",\"url\":\"https:\/\/vwdtest.com\/de\/\",\"name\":\"Germany\",\"description\":\"\",\"potentialAction\":[{\"@type\":\"SearchAction\",\"target\":{\"@type\":\"EntryPoint\",\"urlTemplate\":\"https:\/\/vwdtest.com\/de\/?s={search_term_string}\"},\"query-input\":\"required name=search_term_string\"}],\"inLanguage\":\"en-US\"}]}<\/script>\n<!-- \/ Yoast SEO plugin. -->","yoast_head_json":{"title":"Datenschutzrichtlinie - Germany","robots":{"index":"index","follow":"follow","max-snippet":"max-snippet:-1","max-image-preview":"max-image-preview:large","max-video-preview":"max-video-preview:-1"},"canonical":"https:\/\/vwdtest.com\/de\/privacy-policy\/","og_locale":"en_US","og_type":"article","og_title":"Datenschutzrichtlinie - Germany","og_description":"www.vwdtest.com\/de&nbsp;ist ein Onlinedienst finanziert und erm\u00f6glicht von der Octapharma AG, Seidenstrasse 2, 8853 Lachen SZ, Schweiz (im Folgenden \u201eOctapharma\u201c oder \u201ewir\u201c oder \u201euns\u201c), unter der Schirmherrschaft eines speziellen Ausschusses bestehend aus Spezialisten und Experten der VWE. Dieses spezielle Komitee, einschlie\u00dflich Octapharma, respektiert das Recht des Einzelnen in Bezug auf seine personenbezogenen Daten. Diese Datenschutzerkl\u00e4rung (\u201eErkl\u00e4rung\u201c) [&hellip;]","og_url":"https:\/\/vwdtest.com\/de\/privacy-policy\/","og_site_name":"Germany","article_modified_time":"2025-10-08T12:15:40+00:00","twitter_card":"summary_large_image","twitter_misc":{"Est. reading time":"2 minutes"},"schema":{"@context":"https:\/\/schema.org","@graph":[{"@type":"WebPage","@id":"https:\/\/vwdtest.com\/de\/privacy-policy\/","url":"https:\/\/vwdtest.com\/de\/privacy-policy\/","name":"Datenschutzrichtlinie - Germany","isPartOf":{"@id":"https:\/\/vwdtest.com\/de\/#website"},"datePublished":"2023-02-13T11:33:55+00:00","dateModified":"2025-10-08T12:15:40+00:00","breadcrumb":{"@id":"https:\/\/vwdtest.com\/de\/privacy-policy\/#breadcrumb"},"inLanguage":"en-US","potentialAction":[{"@type":"ReadAction","target":["https:\/\/vwdtest.com\/de\/privacy-policy\/"]}]},{"@type":"BreadcrumbList","@id":"https:\/\/vwdtest.com\/de\/privacy-policy\/#breadcrumb","itemListElement":[{"@type":"ListItem","position":1,"name":"Home","item":"https:\/\/vwdtest.com\/de\/"},{"@type":"ListItem","position":2,"name":"Datenschutzrichtlinie"}]},{"@type":"WebSite","@id":"https:\/\/vwdtest.com\/de\/#website","url":"https:\/\/vwdtest.com\/de\/","name":"Germany","description":"","potentialAction":[{"@type":"SearchAction","target":{"@type":"EntryPoint","urlTemplate":"https:\/\/vwdtest.com\/de\/?s={search_term_string}"},"query-input":"required name=search_term_string"}],"inLanguage":"en-US"}]}},"_links":{"self":[{"href":"https:\/\/vwdtest.com\/de\/wp-json\/wp\/v2\/pages\/3"}],"collection":[{"href":"https:\/\/vwdtest.com\/de\/wp-json\/wp\/v2\/pages"}],"about":[{"href":"https:\/\/vwdtest.com\/de\/wp-json\/wp\/v2\/types\/page"}],"author":[{"embeddable":true,"href":"https:\/\/vwdtest.com\/de\/wp-json\/wp\/v2\/users\/1"}],"replies":[{"embeddable":true,"href":"https:\/\/vwdtest.com\/de\/wp-json\/wp\/v2\/comments?post=3"}],"version-history":[{"count":16,"href":"https:\/\/vwdtest.com\/de\/wp-json\/wp\/v2\/pages\/3\/revisions"}],"predecessor-version":[{"id":4218,"href":"https:\/\/vwdtest.com\/de\/wp-json\/wp\/v2\/pages\/3\/revisions\/4218"}],"wp:attachment":[{"href":"https:\/\/vwdtest.com\/de\/wp-json\/wp\/v2\/media?parent=3"}],"curies":[{"name":"wp","href":"https:\/\/api.w.org\/{rel}","templated":true}]}}