{"id":266,"date":"2023-02-21T21:23:10","date_gmt":"2023-02-21T21:23:10","guid":{"rendered":"https:\/\/new.vwdtest.com\/gr\/?page_id=266"},"modified":"2025-07-09T06:39:59","modified_gmt":"2025-07-09T06:39:59","slug":"cookie-preferences","status":"publish","type":"page","link":"https:\/\/vwdtest.com\/de\/cookie-preferences\/","title":{"rendered":"Cookie-Einstellungen"},"content":{"rendered":"<div class=\"default-block container\">\n<h2>Informationen zu Cookies<\/h2>\n<\/div>\n\n<div class=\"default-block container\">\n<p>Cookies sind Datenelemente, die eine Website an den Webbrowser eines Benutzers \u00fcbertragen kann. Wenn Sie <a href=\"http:\/\/www.vwdtest.com\/de\/\">www.vwdtest.com\/de<\/a> besuchen und Ihr Browser die Standardeinstellungen verwendet und Cookies akzeptiert, werden stimmen Sie der Speicherung von Cookies dieser Website auf Ihrem Computer zu. Die gespeicherten Cookies k\u00f6nnen auf Ihrem Computer verbleiben, nachdem Sie <a href=\"http:\/\/www.vwdtest.com\/de\/\">www.vwdtest.com\/de<\/a> verlassen haben.<\/p>\n<\/div>\n\n<div class=\"default-block container\">\n<p>Wenn Sie dies nicht w\u00fcnschen, k\u00f6nnen Sie Ihren Webbrowser so einstellen, dass er Cookies ablehnt oder Sie warnt, wenn Cookies verwendet werden. Sie k\u00f6nnen sie auch manuell in Ihren Browsereinstellungen l\u00f6schen. Die meisten Elemente von&nbsp;<a href=\"https:\/\/www.vwdtest.com\/de\/\">www.vwdtest.com\/de<\/a>&nbsp;funktionieren weiterhin, wenn Sie Cookies in Ihren Webbrowser-Einstellungen deaktivieren.<\/p>\n<\/div>\n\n<div class=\"default-block container\">\n<p>Weitere Informationen zu Cookies, unter anderem dazu, wie Sie sehen k\u00f6nnen, welche Cookies auf Ihrem Ger\u00e4t gesetzt wurden und wie Sie diese verwalten und l\u00f6schen k\u00f6nnen, finden Sie unter&nbsp;<a rel=\"noreferrer noopener\" href=\"https:\/\/www.aboutcookies.org\/\" target=\"_blank\">www.aboutcookies.org<\/a>.<\/p>\n<\/div>\n\n<div class=\"default-block container\">\n<p>Auf&nbsp;<a href=\"https:\/\/www.vwdtest.com\/de\/\">www.vwdtest.com\/de<\/a>&nbsp;werden verschiedene Arten von Cookies verwendet:<\/p>\n<\/div>\n\n<div class=\"default-block container\">\n<p><strong>Unbedingt erforderlich<\/strong><\/p>\n<\/div>\n\n<div class=\"default-block container\">\n<figure class=\"wp-block-table\"><table><thead><tr><th>Cookie-Typ<\/th><th>Name<\/th><th>Zweck<\/th><th>L\u00e4uft ab <\/th><\/tr><\/thead><tbody><tr><td>Matomo<\/td><td>mtm_cookie_consent<\/td><td>Dies wird gespeichert, um zu erinnern, dass die Einwilligung zur Speicherung und Verwendung von Cookies durch den Benutzer gegeben wurde.<\/td><td>30 Jahre<\/td><\/tr><\/tbody><\/table><\/figure>\n<\/div>\n\n<div class=\"default-block container\">\n<p><strong>Leistungscookies<\/strong><\/p>\n<\/div>\n\n<div class=\"default-block container\">\n<figure class=\"wp-block-table\"><table><thead><tr><th>Cookie-Typ<\/th><th>Name<\/th><th>Zweck<\/th><th>L\u00e4uft ab <\/th><\/tr><\/thead><tbody><tr><td>Matomo<\/td><td>_pk_id<\/td><td>Dies wird verwendet, um einige Details \u00fcber den Benutzer zu speichern, wie z. B. die eindeutige Besucher-ID.<\/td><td>1 Jahr, 1 Monat<\/td><\/tr><tr><td>_pk_ref<\/td><td>Hier werden die Attributionsinformationen gespeichert, die der Referrer urspr\u00fcnglich f\u00fcr den Besuch der Website verwendet hat.<\/td><td>6 Monate <\/td><\/tr><tr><td>_pk_ses<\/td><td>Dies wird zum Speichern einer eindeutigen Sitzungs-ID verwendet.<\/td><td>30 Minuten<\/td><\/tr><tr><td>_pk_cvar<\/td><td>Dies wird zum Speichern einer eindeutigen Sitzungs-ID verwendet.<\/td><td>30 Minuten<\/td><\/tr><tr><td>_pk_hsr<\/td><td>Dies wird zum Speichern einer eindeutigen Sitzungs-ID verwendet.<\/td><td>30 Minuten<\/td><\/tr><tr><td>_pk_testcookie<\/td><td>Dies wird verwendet, um zu \u00fcberpr\u00fcfen, ob der Browser des Besuchers Cookies unterst\u00fctzt.<\/td><td>Sitzung<\/td><\/tr><tr><td>Matomo_sessid<\/td><td>Dies wird zum Speichern einer eindeutigen Sitzung-ID verwendet.<\/td><td>Sitzung<\/td><\/tr><tr><\/tr><\/tbody><\/table><\/figure>\n<\/div>\n\n<div class=\"default-block container\">\n<p>Wenn Sie die Einstellungen aktiv \u00e4ndern, um Performance-Cookies zuzulassen, erkl\u00e4ren Sie sich damit einverstanden, dass Matomo Informationen dar\u00fcber sammelt, wie Sie unsere Website nutzen und navigieren. Bei diesem Vorgang wird Ihre IP-Adresse anonymisiert. Wir nutzen diese Informationen, um das Benutzerfreundlichkeit f\u00fcr alle Besucher unserer Homepage zu verbessern.<\/p>\n<\/div>\n\n<div class=\"default-block container\">\n<p><strong>Funktionscookies<\/strong><\/p>\n<\/div>\n\n<div class=\"default-block container\">\n<p>Dies sind Cookies, die nicht unbedingt erforderlich sind, aber Ihre Nutzung von&nbsp;<a href=\"https:\/\/www.vwdtest.com\/de\/\">www.vwdtest.com\/de<\/a> verbessern:<\/p>\n<\/div>\n\n<div class=\"default-block container\">\n<figure class=\"wp-block-table\"><table><thead><tr><th>Cookie-Typ<\/th><th>Name<\/th><th>L\u00e4uft ab<\/th><th>Zweck <\/th><\/tr><\/thead><tbody><tr><td>Persistentes Cookie<\/td><td>cookieconsent_status<\/td><td>1 Jahr<\/td><td>Dieses Cookie ist mit einem Skript verkn\u00fcpft, das einen Cookie-Warnhinweis auf der Website anzeigt. Es wird verwendet, um aufzuzeichnen, wann der Benutzer die Benachrichtigung abgelehnt hat, um zu verhindern, dass sie bei erneuten Besuchen erneut angezeigt wird.<\/td><\/tr><\/tbody><\/table><\/figure>\n<\/div>","protected":false},"excerpt":{"rendered":"<p>Informationen zu Cookies Cookies sind Datenelemente, die eine Website an den Webbrowser eines Benutzers \u00fcbertragen kann. Wenn Sie www.vwdtest.com\/de besuchen und Ihr Browser die Standardeinstellungen verwendet und Cookies akzeptiert, werden stimmen Sie der Speicherung von Cookies dieser Website auf Ihrem Computer zu. Die gespeicherten Cookies k\u00f6nnen auf Ihrem Computer verbleiben, nachdem Sie www.vwdtest.com\/de verlassen haben. [&hellip;]<\/p>\n","protected":false},"author":1,"featured_media":0,"parent":0,"menu_order":0,"comment_status":"closed","ping_status":"closed","template":"front-page.php","meta":{"inline_featured_image":false},"acf":[],"yoast_head":"<!-- This site is optimized with the Yoast SEO plugin v20.4 - https:\/\/yoast.com\/wordpress\/plugins\/seo\/ -->\n<title>Cookie-Einstellungen - Germany<\/title>\n<meta name=\"robots\" content=\"index, follow, max-snippet:-1, max-image-preview:large, max-video-preview:-1\" \/>\n<link rel=\"canonical\" href=\"https:\/\/vwdtest.com\/de\/cookie-preferences\/\" \/>\n<meta property=\"og:locale\" content=\"en_US\" \/>\n<meta property=\"og:type\" content=\"article\" \/>\n<meta property=\"og:title\" content=\"Cookie-Einstellungen - Germany\" \/>\n<meta property=\"og:description\" content=\"Informationen zu Cookies Cookies sind Datenelemente, die eine Website an den Webbrowser eines Benutzers \u00fcbertragen kann. Wenn Sie www.vwdtest.com\/de besuchen und Ihr Browser die Standardeinstellungen verwendet und Cookies akzeptiert, werden stimmen Sie der Speicherung von Cookies dieser Website auf Ihrem Computer zu. Die gespeicherten Cookies k\u00f6nnen auf Ihrem Computer verbleiben, nachdem Sie www.vwdtest.com\/de verlassen haben. [&hellip;]\" \/>\n<meta property=\"og:url\" content=\"https:\/\/vwdtest.com\/de\/cookie-preferences\/\" \/>\n<meta property=\"og:site_name\" content=\"Germany\" \/>\n<meta property=\"article:modified_time\" content=\"2025-07-09T06:39:59+00:00\" \/>\n<meta name=\"twitter:card\" content=\"summary_large_image\" \/>\n<meta name=\"twitter:label1\" content=\"Est. reading time\" \/>\n\t<meta name=\"twitter:data1\" content=\"2 minutes\" \/>\n<script type=\"application\/ld+json\" class=\"yoast-schema-graph\">{\"@context\":\"https:\/\/schema.org\",\"@graph\":[{\"@type\":\"WebPage\",\"@id\":\"https:\/\/vwdtest.com\/de\/cookie-preferences\/\",\"url\":\"https:\/\/vwdtest.com\/de\/cookie-preferences\/\",\"name\":\"Cookie-Einstellungen - Germany\",\"isPartOf\":{\"@id\":\"https:\/\/vwdtest.com\/de\/#website\"},\"datePublished\":\"2023-02-21T21:23:10+00:00\",\"dateModified\":\"2025-07-09T06:39:59+00:00\",\"breadcrumb\":{\"@id\":\"https:\/\/vwdtest.com\/de\/cookie-preferences\/#breadcrumb\"},\"inLanguage\":\"en-US\",\"potentialAction\":[{\"@type\":\"ReadAction\",\"target\":[\"https:\/\/vwdtest.com\/de\/cookie-preferences\/\"]}]},{\"@type\":\"BreadcrumbList\",\"@id\":\"https:\/\/vwdtest.com\/de\/cookie-preferences\/#breadcrumb\",\"itemListElement\":[{\"@type\":\"ListItem\",\"position\":1,\"name\":\"Home\",\"item\":\"https:\/\/vwdtest.com\/de\/\"},{\"@type\":\"ListItem\",\"position\":2,\"name\":\"Cookie-Einstellungen\"}]},{\"@type\":\"WebSite\",\"@id\":\"https:\/\/vwdtest.com\/de\/#website\",\"url\":\"https:\/\/vwdtest.com\/de\/\",\"name\":\"Germany\",\"description\":\"\",\"potentialAction\":[{\"@type\":\"SearchAction\",\"target\":{\"@type\":\"EntryPoint\",\"urlTemplate\":\"https:\/\/vwdtest.com\/de\/?s={search_term_string}\"},\"query-input\":\"required name=search_term_string\"}],\"inLanguage\":\"en-US\"}]}<\/script>\n<!-- \/ Yoast SEO plugin. -->","yoast_head_json":{"title":"Cookie-Einstellungen - Germany","robots":{"index":"index","follow":"follow","max-snippet":"max-snippet:-1","max-image-preview":"max-image-preview:large","max-video-preview":"max-video-preview:-1"},"canonical":"https:\/\/vwdtest.com\/de\/cookie-preferences\/","og_locale":"en_US","og_type":"article","og_title":"Cookie-Einstellungen - Germany","og_description":"Informationen zu Cookies Cookies sind Datenelemente, die eine Website an den Webbrowser eines Benutzers \u00fcbertragen kann. Wenn Sie www.vwdtest.com\/de besuchen und Ihr Browser die Standardeinstellungen verwendet und Cookies akzeptiert, werden stimmen Sie der Speicherung von Cookies dieser Website auf Ihrem Computer zu. Die gespeicherten Cookies k\u00f6nnen auf Ihrem Computer verbleiben, nachdem Sie www.vwdtest.com\/de verlassen haben. [&hellip;]","og_url":"https:\/\/vwdtest.com\/de\/cookie-preferences\/","og_site_name":"Germany","article_modified_time":"2025-07-09T06:39:59+00:00","twitter_card":"summary_large_image","twitter_misc":{"Est. reading time":"2 minutes"},"schema":{"@context":"https:\/\/schema.org","@graph":[{"@type":"WebPage","@id":"https:\/\/vwdtest.com\/de\/cookie-preferences\/","url":"https:\/\/vwdtest.com\/de\/cookie-preferences\/","name":"Cookie-Einstellungen - Germany","isPartOf":{"@id":"https:\/\/vwdtest.com\/de\/#website"},"datePublished":"2023-02-21T21:23:10+00:00","dateModified":"2025-07-09T06:39:59+00:00","breadcrumb":{"@id":"https:\/\/vwdtest.com\/de\/cookie-preferences\/#breadcrumb"},"inLanguage":"en-US","potentialAction":[{"@type":"ReadAction","target":["https:\/\/vwdtest.com\/de\/cookie-preferences\/"]}]},{"@type":"BreadcrumbList","@id":"https:\/\/vwdtest.com\/de\/cookie-preferences\/#breadcrumb","itemListElement":[{"@type":"ListItem","position":1,"name":"Home","item":"https:\/\/vwdtest.com\/de\/"},{"@type":"ListItem","position":2,"name":"Cookie-Einstellungen"}]},{"@type":"WebSite","@id":"https:\/\/vwdtest.com\/de\/#website","url":"https:\/\/vwdtest.com\/de\/","name":"Germany","description":"","potentialAction":[{"@type":"SearchAction","target":{"@type":"EntryPoint","urlTemplate":"https:\/\/vwdtest.com\/de\/?s={search_term_string}"},"query-input":"required name=search_term_string"}],"inLanguage":"en-US"}]}},"_links":{"self":[{"href":"https:\/\/vwdtest.com\/de\/wp-json\/wp\/v2\/pages\/266"}],"collection":[{"href":"https:\/\/vwdtest.com\/de\/wp-json\/wp\/v2\/pages"}],"about":[{"href":"https:\/\/vwdtest.com\/de\/wp-json\/wp\/v2\/types\/page"}],"author":[{"embeddable":true,"href":"https:\/\/vwdtest.com\/de\/wp-json\/wp\/v2\/users\/1"}],"replies":[{"embeddable":true,"href":"https:\/\/vwdtest.com\/de\/wp-json\/wp\/v2\/comments?post=266"}],"version-history":[{"count":9,"href":"https:\/\/vwdtest.com\/de\/wp-json\/wp\/v2\/pages\/266\/revisions"}],"predecessor-version":[{"id":4023,"href":"https:\/\/vwdtest.com\/de\/wp-json\/wp\/v2\/pages\/266\/revisions\/4023"}],"wp:attachment":[{"href":"https:\/\/vwdtest.com\/de\/wp-json\/wp\/v2\/media?parent=266"}],"curies":[{"name":"wp","href":"https:\/\/api.w.org\/{rel}","templated":true}]}}