{"id":263,"date":"2023-02-21T21:22:33","date_gmt":"2023-02-21T21:22:33","guid":{"rendered":"https:\/\/new.vwdtest.com\/gr\/?page_id=263"},"modified":"2025-10-08T12:12:37","modified_gmt":"2025-10-08T12:12:37","slug":"legal-statement","status":"publish","type":"page","link":"https:\/\/vwdtest.com\/de\/legal-statement\/","title":{"rendered":"Rechtliche Erkl\u00e4rung"},"content":{"rendered":"<div class=\"default-block container\">\n<h2>Nutzungsbedingungen<\/h2>\n<\/div>\n\n<div class=\"default-block container\">\n<p>Diese Webseite wird von der Octapharma AG, Seidenstrasse 2, 8853 Lachen SZ, Schweiz finanziert und in Zusammenarbeit mit den medizinischen Experten Dr. Fernando Corrales-Medina (au\u00dferordentlicher Professor f\u00fcr klinische P\u00e4diatrie, University of Miami-Miller School of Medicine, USA) entwickelt ), Professor Erik Berntorp (Professor f\u00fcr klinische Gerinnungsforschung, Lund University, Schweden) und ihrem Team internationaler Experten f\u00fcr Blutgerinnungsst\u00f6rungen (im Folgenden \u201eInternationale Expertengruppe\u201c genannt) entwickelt.<\/p>\n<\/div>\n\n<div class=\"default-block container\">\n<p>Dies ist eine nicht werbliche Website, die eine von der Internationalen Expertengruppe geleitete Kampagne zur Aufkl\u00e4rung \u00fcber Krankheiten unterst\u00fctzen soll und nur zu allgemeinen Informationszwecken dient. Sie sollten nichts auf dieser Website als F\u00f6rderung oder Werbung f\u00fcr ein Produkt oder f\u00fcr die Verwendung eines Produkts der Octapharma-Unternehmensgruppe auslegen.<\/p>\n<\/div>\n\n<div class=\"default-block container\">\n<p>Die Octapharma AG unterst\u00fctzt zusammen mit ihren Subunternehmern die Wartung und Verwaltung der Website. Durch die Nutzung dieser Website erkl\u00e4ren Sie sich mit den unten aufgef\u00fchrten Allgemeinen Gesch\u00e4ftsbedingungen und allen geltenden Gesetzen einverstanden. Wenn Sie diesen Allgemeinen Gesch\u00e4ftsbedingungen nicht zustimmen, d\u00fcrfen Sie diese Website nicht nutzen.<\/p>\n<\/div>\n\n<div class=\"default-block container\">\n<h2>\u00c4nderungen der Website und der Nutzungsbedingungen<\/h2>\n<\/div>\n\n<div class=\"default-block container\">\n<p>Die Octapharma AG beh\u00e4lt sich das Recht vor, jederzeit und ohne Vorank\u00fcndigung \u00c4nderungen, Modifikationen, Erg\u00e4nzungen, L\u00f6schungen und Korrekturen an dieser Website vorzunehmen. Dar\u00fcber hinaus kann die Octapharma AG jederzeit und ohne Vorank\u00fcndigung den Zugriff auf diese Website sperren.<\/p>\n<\/div>\n\n<div class=\"default-block container\">\n<p>Die Octapharma AG kann diese Nutzungsbedingungen jederzeit durch Aktualisierung dieses Beitrags \u00fcberarbeiten. Wenn Sie weiterhin auf diese Website zugreifen, sind Sie an solche \u00c4nderungen gebunden und sollten daher diese Seite regelm\u00e4\u00dfig besuchen, um die Nutzungsbedingungen zu \u00fcberpr\u00fcfen und sicherzustellen, dass Sie die zu diesem Zeitpunkt geltenden Bedingungen verstehen.<\/p>\n<\/div>\n\n<div class=\"default-block container\">\n<h2>Virenschutz<\/h2>\n<\/div>\n\n<div class=\"default-block container\">\n<p>Die Octapharma AG \u00fcbernimmt keine Garantie oder Zusicherung daf\u00fcr, dass diese Website oder E-Mails, die von der Octapharma AG gem\u00e4\u00df der Mailinglistenfunktion erhalten werden, unterbrechungsfrei oder virenfrei oder frei von anderen sch\u00e4dlichen Komponenten sind. Die Octapharma AG (einschlie\u00dflich ihrer Direktoren, verbundenen Unternehmen, leitenden Angestellten, Mitarbeiter, Vertreter, Auftragnehmer, Rechtsnachfolger und Bevollm\u00e4chtigten) \u00fcbernimmt keine Verantwortung f\u00fcr Sch\u00e4den, die an Ihren Ger\u00e4ten durch den Zugriff auf diese Website, das Herunterladen von Inhalten dieser Website oder durch den Empfang von E-Mails der Octapharma AG gem\u00e4\u00df der Mailinglistenfunktion entstehen.<\/p>\n<\/div>\n\n<div class=\"default-block container\">\n<h2>Medizinische Informationen<\/h2>\n<\/div>\n\n<div class=\"default-block container\">\n<p>Der medizinische Inhalt der Website wurde von der\u00a0Internationalen Expertengruppe entwickelt und genehmigt. Diese Informationen sind nicht als umfassende medizinische Information gedacht. Sie sollten stets vollst\u00e4ndige medizinische Informationen \u00fcber Ihre verschreibungspflichtigen Arzneimittel oder medizinischen Ger\u00e4te einholen (einschlie\u00dflich ihrer medizinischen Vorteile und m\u00f6glichen Nebenwirkungen), indem Sie die angemessene Verwendung von Arzneimittel\/medizinischen Ger\u00e4ten direkt mit Ihrem verschreibenden Arzt oder gegebenenfalls einem anderen medizinischen Berater besprechen. Die bereitgestellten medizinischen Informationen stellen keine Empfehlung dar und sollen auch nicht dazu dienen, ein bestimmtes Produkt der Octapharma-Unternehmensgruppe zu empfehlen, zu kaufen, zu verschreiben, zu verkaufen oder zu verabreichen.<\/p>\n<\/div>\n\n<div class=\"default-block container\">\n<h2>Urheberrechtsschutz<\/h2>\n<\/div>\n\n<div class=\"default-block container\">\n<p>Sofern nicht anders angegeben, liegt das Urheberrecht an allen auf dieser Website enthaltenen Materialien bei der Octapharma AG.<\/p>\n<\/div>\n\n<div class=\"default-block container\">\n<p>Die Octapharma AG beh\u00e4lt sich alle Rechte am Inhalt und der Gestaltung dieser Website vor. Ohne die schriftliche Genehmigung der Octapharma AG ist es Ihnen nicht gestattet, die Inhalte dieser Website, einschlie\u00dflich Namen, Logos, Designs, Produktinformationen und anderer auf dieser Website verwendeter Materialien\/Informationen (nachfolgend zusammenfassend als \u201eInformationen\u201c bezeichnet) zu reproduzieren, zu verwenden oder zu kopieren. Ohne die vorherige schriftliche Genehmigung der Octapharma AG d\u00fcrfen Sie die Informationen nicht kommerziell nutzen oder die Informationen in einen Frame setzen oder in eine andere Website einbinden.<\/p>\n<\/div>\n\n<div class=\"default-block container\">\n<p>Alle auf dieser Website genannten Informationen sind Eigentum ihres jeweiligen Eigent\u00fcmers und d\u00fcrfen ohne vorherige schriftliche Zustimmung ihres Eigent\u00fcmers weder ganz noch teilweise in irgendeiner Gerichtsbarkeit verwendet werden. Ebenso d\u00fcrfen keine Grafiken verwendet werden, die im Wesentlichen einer Marke, einem Logo oder einem Namen auf dieser Website \u00e4hnlich sind.<\/p>\n<\/div>\n\n<div class=\"default-block container\">\n<h2>Keine Gew\u00e4hrleistungen oder Zusicherungen<\/h2>\n<\/div>\n\n<div class=\"default-block container\">\n<p>Die Informationen werden \u201ewie besehen\u201c und ohne ausdr\u00fcckliche oder stillschweigende Garantien jeglicher Art bereitgestellt.<\/p>\n<\/div>\n\n<div class=\"default-block container\">\n<p>Soweit gesetzlich zul\u00e4ssig, lehnt die Octapharma AG ausdr\u00fccklich alle ausdr\u00fccklichen oder stillschweigenden Zusicherungen und Gew\u00e4hrleistungen im Zusammenhang mit oder in Bezug auf diese Website ab \u2013 einschlie\u00dflich, aber nicht beschr\u00e4nkt auf alle Zusicherungen oder Gew\u00e4hrleistungen jeglicher Art in Bezug auf:<\/p>\n<\/div>\n\n<div class=\"default-block container\">\n<ul><div class=\"default-block container\">\n<li>Die Richtigkeit oder Vollst\u00e4ndigkeit der auf dieser Website enthaltenen Informationen;<\/li>\n<\/div>\n\n<div class=\"default-block container\">\n<li>Die Richtigkeit oder Vollst\u00e4ndigkeit aller Informationen, die auf einer Website enthalten sind, auf die per Hyperlink verwiesen wird.<\/li>\n<\/div>\n\n<div class=\"default-block container\">\n<li>Die Informationen werden auf der Grundlage bereitgestellt, dass alle Personen, die auf die Website zugreifen, die Verantwortung f\u00fcr die Beurteilung der Richtigkeit des Inhalts \u00fcbernehmen und dass sie sich ausschlie\u00dflich auf eigenes Risiko darauf verlassen. Die Octapharma AG (einschlie\u00dflich ihrer Direktoren, verbundenen Unternehmen, leitenden Angestellten, Mitarbeiter, Vertreter, Auftragnehmer, Rechtsnachfolger und Bevollm\u00e4chtigten) \u00fcbernimmt keine Haftung f\u00fcr Verluste oder Sch\u00e4den, die einer Person durch das Vertrauen auf die Informationen oder andere durch Verweis einbezogene Informationen entstehen .<\/li>\n<\/div><\/ul>\n<\/div>\n\n<div class=\"default-block container\">\n<h2>Anwendbarer Verhaltenskodex<\/h2>\n<\/div>\n\n<div class=\"default-block container\">\n<p>Die Octapharma AG ist bestrebt, die Bestimmungen des IFPMA-Verhaltenskodex einzuhalten. Die neueste Version dieses Kodex finden Sie unter folgendem Link:&nbsp;<a href=\"https:\/\/www.ifpma.org\/resource-centre\/ifpma-code-of-practice\/\" target=\"_blank\" rel=\"noreferrer noopener\">https:\/\/www.ifpma.org\/resource-centre\/ifpma-code-of-practice\/<\/a><\/p>\n<\/div>\n\n<div class=\"default-block container\">\n<h2>Haftungsbegrenzung<\/h2>\n<\/div>\n\n<div class=\"default-block container\">\n<p>In keinem Fall haftet die Octapharma AG (einschlie\u00dflich ihrer Direktoren, verbundenen Unternehmen, leitenden Angestellten, Mitarbeiter, Vertreter, Auftragnehmer, Rechtsnachfolger und Bevollm\u00e4chtigten) f\u00fcr direkte, indirekte, strafende, zuf\u00e4llige, besondere Folgesch\u00e4den oder Sch\u00e4den jeglicher Art, einschlie\u00dflich, aber nicht beschr\u00e4nkt auf Sch\u00e4den aus Nutzungsausfall, Datenverlust, entgangenem Gewinn oder entgangene M\u00f6glichkeiten, die sich aus der Nutzung oder Leistung dieser Website ergeben oder in irgendeiner Weise damit verbunden sind.<\/p>\n<\/div>\n\n<div class=\"default-block container\">\n<h2>Website eines Drittanbieters<\/h2>\n<\/div>\n\n<div class=\"default-block container\">\n<p>Als Service f\u00fcr Sie kann die Octapharma AG auf dieser Website Links zu Websites bereitstellen, die von anderen Unternehmen betrieben werden. Wenn Sie diese Websites nutzen, verlassen Sie diese Website. Wenn Sie sich entscheiden, eine verlinkte Website zu besuchen, tun Sie dies auf eigenes Risiko und es liegt in Ihrer Verantwortung, alle Schutzma\u00dfnahmen zum Schutz vor Viren oder anderen sch\u00e4dlichen Elementen zu ergreifen.<\/p>\n<\/div>\n\n<div class=\"default-block container\">\n<p>Die Octapharma AG (einschlie\u00dflich seiner Direktoren, verbundenen Unternehmen, leitenden Angestellten, Mitarbeiter, Vertreter, Auftragnehmer, Rechtsnachfolger und Bevollm\u00e4chtigten) gibt keine Garantie oder Zusicherung hinsichtlich verlinkter Websites oder der darauf erscheinenden Informationen oder der Produkte oder die dort beschriebenen Leistungen.<\/p>\n<\/div>\n\n<div class=\"default-block container\">\n<p>Links bedeuten nicht, dass die Octapharma AG mit den in den Links angezeigten oder \u00fcber die Links zug\u00e4nglichen Marken, Handelsnamen, Logos oder Urheberrechtssymbolen verbunden ist oder gesetzlich dazu berechtigt ist, diese zu verwenden, oder dass eine verlinkte Website zur Nutzung jegliche Marke, Handelsname, Logo oder Urheberrechtssymbol der Octapharma AG berechtigt ist.<\/p>\n<\/div>\n\n<div class=\"default-block container\">\n<p>Alle Links zu dieser Website m\u00fcssen von der Octapharma AG genehmigt werden. Die Octapharma AG beh\u00e4lt sich das Recht vor, diese Einwilligung zur Verlinkung jederzeit nach eigenem Ermessen zu widerrufen.<\/p>\n<\/div>\n\n<div class=\"default-block container\">\n<h2>Anwendbares Recht<\/h2>\n<\/div>\n\n<div class=\"default-block container\">\n<p>Diese Nutzungsbedingungen sowie die Datenschutzerkl\u00e4rung und die Beilegung etwaiger Streitigkeiten im Zusammenhang mit diesen Nutzungsbedingungen und\/oder der Datenschutzerkl\u00e4rung unterliegen den Gesetzen der Schweiz. Ausschlie\u00dflicher Gerichtsstand ist Lachen, SZ, Schweiz.<\/p>\n<\/div>","protected":false},"excerpt":{"rendered":"<p>Nutzungsbedingungen Diese Webseite wird von der Octapharma AG, Seidenstrasse 2, 8853 Lachen SZ, Schweiz finanziert und in Zusammenarbeit mit den medizinischen Experten Dr. Fernando Corrales-Medina (au\u00dferordentlicher Professor f\u00fcr klinische P\u00e4diatrie, University of Miami-Miller School of Medicine, USA) entwickelt ), Professor Erik Berntorp (Professor f\u00fcr klinische Gerinnungsforschung, Lund University, Schweden) und ihrem Team internationaler Experten f\u00fcr [&hellip;]<\/p>\n","protected":false},"author":1,"featured_media":0,"parent":0,"menu_order":0,"comment_status":"closed","ping_status":"closed","template":"front-page.php","meta":{"inline_featured_image":false},"acf":[],"yoast_head":"<!-- This site is optimized with the Yoast SEO plugin v20.4 - https:\/\/yoast.com\/wordpress\/plugins\/seo\/ -->\n<title>Rechtliche Erkl\u00e4rung - Germany<\/title>\n<meta name=\"robots\" content=\"index, follow, max-snippet:-1, max-image-preview:large, max-video-preview:-1\" \/>\n<link rel=\"canonical\" href=\"https:\/\/vwdtest.com\/de\/legal-statement\/\" \/>\n<meta property=\"og:locale\" content=\"en_US\" \/>\n<meta property=\"og:type\" content=\"article\" \/>\n<meta property=\"og:title\" content=\"Rechtliche Erkl\u00e4rung - Germany\" \/>\n<meta property=\"og:description\" content=\"Nutzungsbedingungen Diese Webseite wird von der Octapharma AG, Seidenstrasse 2, 8853 Lachen SZ, Schweiz finanziert und in Zusammenarbeit mit den medizinischen Experten Dr. Fernando Corrales-Medina (au\u00dferordentlicher Professor f\u00fcr klinische P\u00e4diatrie, University of Miami-Miller School of Medicine, USA) entwickelt ), Professor Erik Berntorp (Professor f\u00fcr klinische Gerinnungsforschung, Lund University, Schweden) und ihrem Team internationaler Experten f\u00fcr [&hellip;]\" \/>\n<meta property=\"og:url\" content=\"https:\/\/vwdtest.com\/de\/legal-statement\/\" \/>\n<meta property=\"og:site_name\" content=\"Germany\" \/>\n<meta property=\"article:modified_time\" content=\"2025-10-08T12:12:37+00:00\" \/>\n<meta name=\"twitter:card\" content=\"summary_large_image\" \/>\n<meta name=\"twitter:label1\" content=\"Est. reading time\" \/>\n\t<meta name=\"twitter:data1\" content=\"5 minutes\" \/>\n<script type=\"application\/ld+json\" class=\"yoast-schema-graph\">{\"@context\":\"https:\/\/schema.org\",\"@graph\":[{\"@type\":\"WebPage\",\"@id\":\"https:\/\/vwdtest.com\/de\/legal-statement\/\",\"url\":\"https:\/\/vwdtest.com\/de\/legal-statement\/\",\"name\":\"Rechtliche Erkl\u00e4rung - Germany\",\"isPartOf\":{\"@id\":\"https:\/\/vwdtest.com\/de\/#website\"},\"datePublished\":\"2023-02-21T21:22:33+00:00\",\"dateModified\":\"2025-10-08T12:12:37+00:00\",\"breadcrumb\":{\"@id\":\"https:\/\/vwdtest.com\/de\/legal-statement\/#breadcrumb\"},\"inLanguage\":\"en-US\",\"potentialAction\":[{\"@type\":\"ReadAction\",\"target\":[\"https:\/\/vwdtest.com\/de\/legal-statement\/\"]}]},{\"@type\":\"BreadcrumbList\",\"@id\":\"https:\/\/vwdtest.com\/de\/legal-statement\/#breadcrumb\",\"itemListElement\":[{\"@type\":\"ListItem\",\"position\":1,\"name\":\"Home\",\"item\":\"https:\/\/vwdtest.com\/de\/\"},{\"@type\":\"ListItem\",\"position\":2,\"name\":\"Rechtliche Erkl\u00e4rung\"}]},{\"@type\":\"WebSite\",\"@id\":\"https:\/\/vwdtest.com\/de\/#website\",\"url\":\"https:\/\/vwdtest.com\/de\/\",\"name\":\"Germany\",\"description\":\"\",\"potentialAction\":[{\"@type\":\"SearchAction\",\"target\":{\"@type\":\"EntryPoint\",\"urlTemplate\":\"https:\/\/vwdtest.com\/de\/?s={search_term_string}\"},\"query-input\":\"required name=search_term_string\"}],\"inLanguage\":\"en-US\"}]}<\/script>\n<!-- \/ Yoast SEO plugin. -->","yoast_head_json":{"title":"Rechtliche Erkl\u00e4rung - Germany","robots":{"index":"index","follow":"follow","max-snippet":"max-snippet:-1","max-image-preview":"max-image-preview:large","max-video-preview":"max-video-preview:-1"},"canonical":"https:\/\/vwdtest.com\/de\/legal-statement\/","og_locale":"en_US","og_type":"article","og_title":"Rechtliche Erkl\u00e4rung - Germany","og_description":"Nutzungsbedingungen Diese Webseite wird von der Octapharma AG, Seidenstrasse 2, 8853 Lachen SZ, Schweiz finanziert und in Zusammenarbeit mit den medizinischen Experten Dr. Fernando Corrales-Medina (au\u00dferordentlicher Professor f\u00fcr klinische P\u00e4diatrie, University of Miami-Miller School of Medicine, USA) entwickelt ), Professor Erik Berntorp (Professor f\u00fcr klinische Gerinnungsforschung, Lund University, Schweden) und ihrem Team internationaler Experten f\u00fcr [&hellip;]","og_url":"https:\/\/vwdtest.com\/de\/legal-statement\/","og_site_name":"Germany","article_modified_time":"2025-10-08T12:12:37+00:00","twitter_card":"summary_large_image","twitter_misc":{"Est. reading time":"5 minutes"},"schema":{"@context":"https:\/\/schema.org","@graph":[{"@type":"WebPage","@id":"https:\/\/vwdtest.com\/de\/legal-statement\/","url":"https:\/\/vwdtest.com\/de\/legal-statement\/","name":"Rechtliche Erkl\u00e4rung - Germany","isPartOf":{"@id":"https:\/\/vwdtest.com\/de\/#website"},"datePublished":"2023-02-21T21:22:33+00:00","dateModified":"2025-10-08T12:12:37+00:00","breadcrumb":{"@id":"https:\/\/vwdtest.com\/de\/legal-statement\/#breadcrumb"},"inLanguage":"en-US","potentialAction":[{"@type":"ReadAction","target":["https:\/\/vwdtest.com\/de\/legal-statement\/"]}]},{"@type":"BreadcrumbList","@id":"https:\/\/vwdtest.com\/de\/legal-statement\/#breadcrumb","itemListElement":[{"@type":"ListItem","position":1,"name":"Home","item":"https:\/\/vwdtest.com\/de\/"},{"@type":"ListItem","position":2,"name":"Rechtliche Erkl\u00e4rung"}]},{"@type":"WebSite","@id":"https:\/\/vwdtest.com\/de\/#website","url":"https:\/\/vwdtest.com\/de\/","name":"Germany","description":"","potentialAction":[{"@type":"SearchAction","target":{"@type":"EntryPoint","urlTemplate":"https:\/\/vwdtest.com\/de\/?s={search_term_string}"},"query-input":"required name=search_term_string"}],"inLanguage":"en-US"}]}},"_links":{"self":[{"href":"https:\/\/vwdtest.com\/de\/wp-json\/wp\/v2\/pages\/263"}],"collection":[{"href":"https:\/\/vwdtest.com\/de\/wp-json\/wp\/v2\/pages"}],"about":[{"href":"https:\/\/vwdtest.com\/de\/wp-json\/wp\/v2\/types\/page"}],"author":[{"embeddable":true,"href":"https:\/\/vwdtest.com\/de\/wp-json\/wp\/v2\/users\/1"}],"replies":[{"embeddable":true,"href":"https:\/\/vwdtest.com\/de\/wp-json\/wp\/v2\/comments?post=263"}],"version-history":[{"count":25,"href":"https:\/\/vwdtest.com\/de\/wp-json\/wp\/v2\/pages\/263\/revisions"}],"predecessor-version":[{"id":4215,"href":"https:\/\/vwdtest.com\/de\/wp-json\/wp\/v2\/pages\/263\/revisions\/4215"}],"wp:attachment":[{"href":"https:\/\/vwdtest.com\/de\/wp-json\/wp\/v2\/media?parent=263"}],"curies":[{"name":"wp","href":"https:\/\/api.w.org\/{rel}","templated":true}]}}