{"id":259,"date":"2023-02-21T21:13:32","date_gmt":"2023-02-21T21:13:32","guid":{"rendered":"https:\/\/new.vwdtest.com\/gr\/?page_id=259"},"modified":"2025-04-10T14:21:03","modified_gmt":"2025-04-10T14:21:03","slug":"hcp-vwd","status":"publish","type":"page","link":"https:\/\/vwdtest.com\/de\/hcp-vwd\/","title":{"rendered":"Fachkreise"},"content":{"rendered":"\r\n\r\n<div class=\"container hb\">\r\n\t<div class=\"row\">\r\n\t\t<div class=\"col-12 col-lg-6 rtl\">\t\t<div class=\"hb__video ltr\">\r\n\t\t\t<div class=\"hb__video-img play_video\" data-video=\"video_hba\"><img decoding=\"async\" src=\"https:\/\/vwdtest.com\/de\/wp-content\/uploads\/sites\/67\/2023\/12\/VWD-thumbs-Corrales-English.png\"\r\n\t\t\t\t\tclass=\"hb__video-image\"><\/div>\r\n\t\t\t<div class=\"hb__video-text\">\r\n\t\t\t\t<h3 class=\"hb__video-title\">\r\n\t\t\t\t\tErfahren Sie mehr \u00fcber die<br \/>\r\nVWDtest-Initiative\t\t\t\t<\/h3>\r\n\t\t\t\t<button id=\"hcp_video\" class=\"hb__video-button button__large play_video\" data-video=\"video_hba\">\r\n\t\t\t\t\tZum Video\t\t\t\t<\/button>\r\n\t\t\t<\/div>\r\n\t\t<\/div>\r\n\t\t<div class=\"hb__add-text\">\r\n\t\t\t<h3><strong>vwdtest.com wurde von Dr. Fernando Corrales-Medina (au\u00dferordentlicher Professor f\u00fcr klinische P\u00e4diatrie, University of Miami-Miller School of Medicine, USA), Professor Erik Berntorp (Professor f\u00fcr klinische Gerinnungsforschung, Lund University, Schweden) und ihrem Team aus internationalen Experten f\u00fcr Blutgerinnungsst\u00f6rungen entwickelt, um Ihre Fragen zu auff\u00e4lligen Blutungssymptomen und zur <a href=\"https:\/\/vwdtest.com\/de\/von-willebrand-disease\/\">Von-Willebrand-Erkrankung (VWE)<\/a> zu beantworten.<\/strong><\/h3>\n\t\t<\/div>\r\n\t\t<h1>\r\n\t\t\tGemeinsam das Bewusstsein f\u00fcr Menschen mit VWE st\u00e4rken\t\t<\/h1>\r\n\t\t<ul>\n<li>Ist einer Ihrer Patienten besorgt \u00fcber h\u00e4ufiges Nasenbluten oder starke Monatsblutungen?<\/li>\n<li>Machen sich Eltern Sorgen, weil ihr Kind so leicht blaue Flecken bekommt?<\/li>\n<li>Wurden Sie von einem Patienten mit der Von-Willebrand-Erkrankung kontaktiert, der eine Behandlung suchte, oder wurde bei einem Ihrer Patienten k\u00fcrzlich diese Erkrankung diagnostiziert?<\/li>\n<li>Fragen Sie sich, ob die Blutung w\u00e4hrend eines k\u00fcrzlich durchgef\u00fchrten Eingriffs auf eine nicht diagnostizierte Blutgerinnungsst\u00f6rung hindeutet?<\/li>\n<\/ul>\n<h4>Viele Patienten mit der <a href=\"https:\/\/vwdtest.com\/de\/von-willebrand-disease\/\">Von-Willebrand-Erkrankung (VWE)<\/a> sind sich ihrer Erkrankung nicht bewusst und ihre Diagnose bleibt eine Herausforderung. Die Webseite vwdtest.com\/gr unterst\u00fctzt bei der Identifizierung und Diagnose von Patienten mit Blutgerinnungsst\u00f6rungen. Sie finden hier auch Hinweise zu Ihrer Rolle bei der Betreuung Ihrer Patienten und Ratschl\u00e4ge von Experten zur Behandlung der VWE. Diagnose und Behandlung der VWE sind stets multidisziplin\u00e4re Anstrengungen. Ihr Beitrag und Ihr Fachwissen sind von entscheidender Bedeutung, um sicherzustellen, dass Patienten die Betreuung erhalten, die sie ben\u00f6tigen.<\/h4>\n\t<\/div>\r\n\t<div class=\"col-12 col-lg-6\">\r\n\t<div class=\"hb__persons row\">\r\n\t\t\t\t\t\t\t\t\r\n\t\t\t\t<div class=\"hb__person col-6\" id=\"person_1\">\r\n\t\t\t\t\t<img decoding=\"async\" class=\"hb__person-image hbi\" src=\"https:\/\/vwdtest.com\/de\/wp-content\/uploads\/sites\/67\/2023\/02\/gynaecologist.png\"\r\n\t\t\t\t\t\talt=\"Gyn\u00e4kologie&lt;br&gt;\/ Geburtshilfe\">\r\n\t\t\t\t\t<a href=\"https:\/\/vwdtest.com\/de\/vwd-and-gynaecology-obstetrics\/\" class=\"hb__person-button hbb\">\r\n\t\t\t\t\t\t<div class=\"hb__person-text\">\r\n\t\t\t\t\t\t\t<span class=\"hb__person-content\">\r\n\t\t\t\t\t\t\t\tGyn\u00e4kologie<br>\/ Geburtshilfe<span class=\"hb__person-content-arrow\"><\/span>\r\n\t\t\t\t\t\t\t<\/span>\r\n\t\t\t\t\t\t\t<span class=\"hb__person-bg\">\r\n\t\t\t\t\t\t\t\t<span class=\"hb__person-arrow triangle up hba\"><\/span>\r\n\t\t\t\t\t\t\t<\/span>\r\n\t\t\t\t\t\t<\/div>\r\n\t\t\t\t\t<\/a>\r\n\t\t\t\t<\/div>\r\n\t\t\t\t\t\t\t\r\n\t\t\t\t<div class=\"hb__person col-6\" id=\"person_2\">\r\n\t\t\t\t\t<img decoding=\"async\" class=\"hb__person-image hbi\" src=\"https:\/\/vwdtest.com\/de\/wp-content\/uploads\/sites\/67\/2023\/02\/dentist.png\"\r\n\t\t\t\t\t\talt=\"Zahnmedizin\">\r\n\t\t\t\t\t<a href=\"https:\/\/vwdtest.com\/de\/vwd-and-denstistry\/\" class=\"hb__person-button hbb\">\r\n\t\t\t\t\t\t<div class=\"hb__person-text\">\r\n\t\t\t\t\t\t\t<span class=\"hb__person-content\">\r\n\t\t\t\t\t\t\t\tZahnmedizin<span class=\"hb__person-content-arrow\"><\/span>\r\n\t\t\t\t\t\t\t<\/span>\r\n\t\t\t\t\t\t\t<span class=\"hb__person-bg\">\r\n\t\t\t\t\t\t\t\t<span class=\"hb__person-arrow triangle up hba\"><\/span>\r\n\t\t\t\t\t\t\t<\/span>\r\n\t\t\t\t\t\t<\/div>\r\n\t\t\t\t\t<\/a>\r\n\t\t\t\t<\/div>\r\n\t\t\t\t\t\t\t\r\n\t\t\t\t<div class=\"hb__person col-6\" id=\"person_3\">\r\n\t\t\t\t\t<img decoding=\"async\" class=\"hb__person-image hbi\" src=\"https:\/\/vwdtest.com\/de\/wp-content\/uploads\/sites\/67\/2023\/02\/family-doctor.png\"\r\n\t\t\t\t\t\talt=\"Allgemeinmedizin \/ P\u00e4diatrie\">\r\n\t\t\t\t\t<a href=\"https:\/\/vwdtest.com\/de\/family-doctor-paediatrician\/\" class=\"hb__person-button hbb\">\r\n\t\t\t\t\t\t<div class=\"hb__person-text\">\r\n\t\t\t\t\t\t\t<span class=\"hb__person-content\">\r\n\t\t\t\t\t\t\t\tAllgemeinmedizin \/ P\u00e4diatrie<span class=\"hb__person-content-arrow\"><\/span>\r\n\t\t\t\t\t\t\t<\/span>\r\n\t\t\t\t\t\t\t<span class=\"hb__person-bg\">\r\n\t\t\t\t\t\t\t\t<span class=\"hb__person-arrow triangle up hba\"><\/span>\r\n\t\t\t\t\t\t\t<\/span>\r\n\t\t\t\t\t\t<\/div>\r\n\t\t\t\t\t<\/a>\r\n\t\t\t\t<\/div>\r\n\t\t\t\t\t\t\t\r\n\t\t\t\t<div class=\"hb__person col-6\" id=\"person_4\">\r\n\t\t\t\t\t<img decoding=\"async\" class=\"hb__person-image hbi\" src=\"https:\/\/vwdtest.com\/de\/wp-content\/uploads\/sites\/67\/2023\/02\/resources.png\"\r\n\t\t\t\t\t\talt=\"Materialien&lt;br&gt;f\u00fcr \u00c4rzte\">\r\n\t\t\t\t\t<a href=\"https:\/\/vwdtest.com\/de\/clinician-materials\/\" class=\"hb__person-button hbb\">\r\n\t\t\t\t\t\t<div class=\"hb__person-text\">\r\n\t\t\t\t\t\t\t<span class=\"hb__person-content\">\r\n\t\t\t\t\t\t\t\tMaterialien<br>f\u00fcr \u00c4rzte<span class=\"hb__person-content-arrow\"><\/span>\r\n\t\t\t\t\t\t\t<\/span>\r\n\t\t\t\t\t\t\t<span class=\"hb__person-bg\">\r\n\t\t\t\t\t\t\t\t<span class=\"hb__person-arrow triangle up hba\"><\/span>\r\n\t\t\t\t\t\t\t<\/span>\r\n\t\t\t\t\t\t<\/div>\r\n\t\t\t\t\t<\/a>\r\n\t\t\t\t<\/div>\r\n\t\t\t\t\t\t\t\t\t\t<\/div>\r\n<\/div>\r\n<!-- <div class=\"row\">\r\n\t<div class=\"col-12 col-lg-5\">\r\n\t\t<div class=\"hb__video\">\r\n\t\t\t<div class=\"hb__video-img play_video\" data-video=\"video_hba\"><img decoding=\"async\" src=\"https:\/\/vwdtest.com\/de\/wp-content\/uploads\/sites\/67\/2023\/12\/VWD-thumbs-Corrales-English.png\"\r\n\t\t\t\t\tclass=\"hb__video-image\"><\/div>\r\n\t\t\t<div class=\"hb__video-text\">\r\n\t\t\t\t<h3 class=\"hb__video-title\">\r\n\t\t\t\t\tErfahren Sie mehr \u00fcber die<br \/>\r\nVWDtest-Initiative\t\t\t\t<\/h3>\r\n\t\t\t\t<button class=\"hb__video-button button__large play_video\" data-video=\"video_hba\">\r\n\t\t\t\t\tZum Video\t\t\t\t<\/button>\r\n\t\t\t<\/div>\r\n\t\t<\/div>\r\n\t<\/div>\r\n\t<div class=\"col-12 col-lg-7\">\r\n\t\t<div class=\"hb__add-text\">\r\n\t\t\t<h3><strong>vwdtest.com wurde von Dr. Fernando Corrales-Medina (au\u00dferordentlicher Professor f\u00fcr klinische P\u00e4diatrie, University of Miami-Miller School of Medicine, USA), Professor Erik Berntorp (Professor f\u00fcr klinische Gerinnungsforschung, Lund University, Schweden) und ihrem Team aus internationalen Experten f\u00fcr Blutgerinnungsst\u00f6rungen entwickelt, um Ihre Fragen zu auff\u00e4lligen Blutungssymptomen und zur <a href=\"https:\/\/vwdtest.com\/de\/von-willebrand-disease\/\">Von-Willebrand-Erkrankung (VWE)<\/a> zu beantworten.<\/strong><\/h3>\n\t\t<\/div>\r\n\t<\/div>\r\n<\/div> -->\r\n<\/div>\r\n\r\n<div class=\"video\" id=\"video_hba\">\r\n\t<div class=\"video__box\">\r\n\t\t<div class=\"popup-close-icon\"><img\r\n\t\t\t\tsrc=\"https:\/\/vwdtest.com\/fr\/wp-content\/uploads\/sites\/22\/2023\/09\/cross-icon1.svg\" alt=\"cross-icon\">\r\n\t\t<\/div>\r\n\t\t<video width=\"320\" height=\"240\" controls>\r\n\t\t\t<source src=\"https:\/\/vwdtest.com\/de\/wp-content\/uploads\/sites\/67\/2023\/12\/VWD-Test-Main-Video_12_Corrales-EN.mp4\" type=\"video\/mp4\">\r\n\t\t\tYour browser does not support the video tag.\r\n\t\t\t\t\t<\/video>\r\n\t<\/div>\r\n<\/div>","protected":false},"excerpt":{"rendered":"","protected":false},"author":1,"featured_media":0,"parent":0,"menu_order":0,"comment_status":"closed","ping_status":"closed","template":"front-page.php","meta":{"inline_featured_image":false},"acf":[],"yoast_head":"<!-- This site is optimized with the Yoast SEO plugin v20.4 - https:\/\/yoast.com\/wordpress\/plugins\/seo\/ -->\n<title>Fachkreise - Germany<\/title>\n<meta name=\"robots\" content=\"index, follow, max-snippet:-1, max-image-preview:large, max-video-preview:-1\" \/>\n<link rel=\"canonical\" href=\"https:\/\/vwdtest.com\/de\/hcp-vwd\/\" \/>\n<meta property=\"og:locale\" content=\"en_US\" \/>\n<meta property=\"og:type\" content=\"article\" \/>\n<meta property=\"og:title\" content=\"Fachkreise - Germany\" \/>\n<meta property=\"og:url\" content=\"https:\/\/vwdtest.com\/de\/hcp-vwd\/\" \/>\n<meta property=\"og:site_name\" content=\"Germany\" \/>\n<meta property=\"article:modified_time\" content=\"2025-04-10T14:21:03+00:00\" \/>\n<meta name=\"twitter:card\" content=\"summary_large_image\" \/>\n<script type=\"application\/ld+json\" class=\"yoast-schema-graph\">{\"@context\":\"https:\/\/schema.org\",\"@graph\":[{\"@type\":\"WebPage\",\"@id\":\"https:\/\/vwdtest.com\/de\/hcp-vwd\/\",\"url\":\"https:\/\/vwdtest.com\/de\/hcp-vwd\/\",\"name\":\"Fachkreise - Germany\",\"isPartOf\":{\"@id\":\"https:\/\/vwdtest.com\/de\/#website\"},\"datePublished\":\"2023-02-21T21:13:32+00:00\",\"dateModified\":\"2025-04-10T14:21:03+00:00\",\"breadcrumb\":{\"@id\":\"https:\/\/vwdtest.com\/de\/hcp-vwd\/#breadcrumb\"},\"inLanguage\":\"en-US\",\"potentialAction\":[{\"@type\":\"ReadAction\",\"target\":[\"https:\/\/vwdtest.com\/de\/hcp-vwd\/\"]}]},{\"@type\":\"BreadcrumbList\",\"@id\":\"https:\/\/vwdtest.com\/de\/hcp-vwd\/#breadcrumb\",\"itemListElement\":[{\"@type\":\"ListItem\",\"position\":1,\"name\":\"Home\",\"item\":\"https:\/\/vwdtest.com\/de\/\"},{\"@type\":\"ListItem\",\"position\":2,\"name\":\"Fachkreise\"}]},{\"@type\":\"WebSite\",\"@id\":\"https:\/\/vwdtest.com\/de\/#website\",\"url\":\"https:\/\/vwdtest.com\/de\/\",\"name\":\"Germany\",\"description\":\"\",\"potentialAction\":[{\"@type\":\"SearchAction\",\"target\":{\"@type\":\"EntryPoint\",\"urlTemplate\":\"https:\/\/vwdtest.com\/de\/?s={search_term_string}\"},\"query-input\":\"required name=search_term_string\"}],\"inLanguage\":\"en-US\"}]}<\/script>\n<!-- \/ Yoast SEO plugin. -->","yoast_head_json":{"title":"Fachkreise - Germany","robots":{"index":"index","follow":"follow","max-snippet":"max-snippet:-1","max-image-preview":"max-image-preview:large","max-video-preview":"max-video-preview:-1"},"canonical":"https:\/\/vwdtest.com\/de\/hcp-vwd\/","og_locale":"en_US","og_type":"article","og_title":"Fachkreise - Germany","og_url":"https:\/\/vwdtest.com\/de\/hcp-vwd\/","og_site_name":"Germany","article_modified_time":"2025-04-10T14:21:03+00:00","twitter_card":"summary_large_image","schema":{"@context":"https:\/\/schema.org","@graph":[{"@type":"WebPage","@id":"https:\/\/vwdtest.com\/de\/hcp-vwd\/","url":"https:\/\/vwdtest.com\/de\/hcp-vwd\/","name":"Fachkreise - Germany","isPartOf":{"@id":"https:\/\/vwdtest.com\/de\/#website"},"datePublished":"2023-02-21T21:13:32+00:00","dateModified":"2025-04-10T14:21:03+00:00","breadcrumb":{"@id":"https:\/\/vwdtest.com\/de\/hcp-vwd\/#breadcrumb"},"inLanguage":"en-US","potentialAction":[{"@type":"ReadAction","target":["https:\/\/vwdtest.com\/de\/hcp-vwd\/"]}]},{"@type":"BreadcrumbList","@id":"https:\/\/vwdtest.com\/de\/hcp-vwd\/#breadcrumb","itemListElement":[{"@type":"ListItem","position":1,"name":"Home","item":"https:\/\/vwdtest.com\/de\/"},{"@type":"ListItem","position":2,"name":"Fachkreise"}]},{"@type":"WebSite","@id":"https:\/\/vwdtest.com\/de\/#website","url":"https:\/\/vwdtest.com\/de\/","name":"Germany","description":"","potentialAction":[{"@type":"SearchAction","target":{"@type":"EntryPoint","urlTemplate":"https:\/\/vwdtest.com\/de\/?s={search_term_string}"},"query-input":"required name=search_term_string"}],"inLanguage":"en-US"}]}},"_links":{"self":[{"href":"https:\/\/vwdtest.com\/de\/wp-json\/wp\/v2\/pages\/259"}],"collection":[{"href":"https:\/\/vwdtest.com\/de\/wp-json\/wp\/v2\/pages"}],"about":[{"href":"https:\/\/vwdtest.com\/de\/wp-json\/wp\/v2\/types\/page"}],"author":[{"embeddable":true,"href":"https:\/\/vwdtest.com\/de\/wp-json\/wp\/v2\/users\/1"}],"replies":[{"embeddable":true,"href":"https:\/\/vwdtest.com\/de\/wp-json\/wp\/v2\/comments?post=259"}],"version-history":[{"count":104,"href":"https:\/\/vwdtest.com\/de\/wp-json\/wp\/v2\/pages\/259\/revisions"}],"predecessor-version":[{"id":3842,"href":"https:\/\/vwdtest.com\/de\/wp-json\/wp\/v2\/pages\/259\/revisions\/3842"}],"wp:attachment":[{"href":"https:\/\/vwdtest.com\/de\/wp-json\/wp\/v2\/media?parent=259"}],"curies":[{"name":"wp","href":"https:\/\/api.w.org\/{rel}","templated":true}]}}